{"id":17332,"date":"2025-02-03T19:00:53","date_gmt":"2025-02-03T18:00:53","guid":{"rendered":"https:\/\/www.meine-tcm.com\/?post_type=product&#038;p=17332"},"modified":"2026-04-10T15:14:39","modified_gmt":"2026-04-10T13:14:39","slug":"bs-fibra-alimentare-plus","status":"publish","type":"product","link":"https:\/\/www.meine-tcm.com\/it\/product-2\/bs-fibra-alimentare-plus\/","title":{"rendered":"BS+ Fibra alimentare Plus"},"content":{"rendered":"<section class=\"section\" id=\"section_1083905419\">\n\t\t<div class=\"section-bg fill\" >\n\t\t\t<img loading=\"lazy\" decoding=\"async\" width=\"2240\" height=\"900\" src=\"https:\/\/www.meine-tcm.com\/wp-content\/uploads\/2025\/02\/darmgesundheit-01-1.webp\" class=\"bg attachment- size-\" alt=\"\" title=\"salute intestinale-01-1\" \/>\t\t\t\t\t\t\n\t\t\t\n\n\t\t<\/div>\n\n\t\t\n\n\t\t<div class=\"section-content relative\">\n\t\t\t\n<div class=\"row align-center\"  id=\"row-1315453327\">\n\n\t<div id=\"col-2006656579\" class=\"col medium-4 small-12 large-4\"  >\n\t\t\t\t<div class=\"col-inner text-center\"  >\n\t\t\t\n\t\t\t\n\t<div id=\"text-1539611779\" class=\"text\">\n\t\t\n<h2>La formula rivoluzionaria delle fibre<\/h2>\n<p style=\"text-align: left;\">Per un microbioma intestinale fiorente, un maggiore benessere e una maggiore vitalit\u00e0<\/p>\n\t\t\n<style>\n#text-1539611779 {\n  color: rgb(255, 255, 255);\n}\n#text-1539611779 > * {\n  color: rgb(255, 255, 255);\n}\n<\/style>\n\t<\/div>\n\t\n\t\t<\/div>\n\t\t\t\t\t<\/div>\n\n\t\n\n\t<div id=\"col-707936810\" class=\"col medium-7 small-12 large-7\"  >\n\t\t\t\t<div class=\"col-inner\"  >\n\t\t\t\n\t\t\t\n\t\t<\/div>\n\t\t\t\t\t<\/div>\n\n\t\n<\/div>\n\t\t<\/div>\n\n\t\t\n<style>\n#section_1083905419 {\n  padding-top: 80px;\n  padding-bottom: 80px;\n  min-height: 300px;\n}\n#section_1083905419 .section-bg img {\n  object-position: 0% 45%;\n}\n<\/style>\n\t<\/section>\n\t\n<p>Provate come BS+ Fibre Plus trasforma la vostra vita quotidiana! La nostra rivoluzionaria formula di fibre \u00e8 stata sviluppata da esperti e combina 11 ingredienti naturali di alta qualit\u00e0 e 100 % che agiscono sinergicamente per nutrire, rafforzare ed equilibrare l'intestino.<\/p>\n<h3>Il vostro percorso verso una maggiore energia e vitalit\u00e0<\/h3>\n<p>Nel nostro mondo frenetico, stanchezza, problemi digestivi e squilibrio corporeo possono diventare rapidamente parte della vita quotidiana. BS+ Fibre plus vi offre il supporto necessario per ricominciare la giornata con piena energia. Con una dose giornaliera di 40 g, la nostra miscela unica fornisce:<\/p>\n<ul>\n<li><strong>Digestione ottimizzata:<\/strong> Provate movimenti intestinali regolari e morbidi e dite addio alla flatulenza.<\/li>\n<li><strong>Pi\u00f9 vitalit\u00e0:<\/strong> Stabilizzare il livello di zucchero nel sangue e beneficiare di un migliore assorbimento dei nutrienti.<\/li>\n<li><strong>Chiarezza mentale:<\/strong> Aumenta la capacit\u00e0 di concentrazione e rafforza l'equilibrio mentale.<\/li>\n<li><strong>Sistema immunitario forte:<\/strong> Sostenere le difese immunitarie associate all'intestino: circa il 70 % del sistema immunitario si trova nell'intestino!<\/li>\n<\/ul>\n<h3>Il potere della natura in ogni sua parte<\/h3>\n<p>BS+ Dietary Fibre Plus combina ingredienti accuratamente selezionati sulla base di risultati scientifici:<\/p>\n<ul>\n<li><strong>Fibra di acacia e amido resistente:<\/strong> Queste fibre prebiotiche nutrono in modo specifico i batteri intestinali \"buoni\" e favoriscono la produzione di acidi grassi a catena corta, che sostengono la mucosa intestinale.<\/li>\n<li><strong>Collagene:<\/strong> Rafforza e rigenera il tessuto intestinale - per un intestino sano e una pelle luminosa.<\/li>\n<li><strong>D-Tagatosio:<\/strong> Uno zucchero naturale che mantiene stabili i livelli di zucchero nel sangue e supporta ulteriormente il microbioma.<\/li>\n<li><strong>Bucce di psillio, mango, mirtillo, baobab, beta-glucano, barbabietola ed erba d'orzo:<\/strong> Questi ingredienti naturali forniscono una grande quantit\u00e0 di antiossidanti, vitamine e minerali che non solo giovano all'intestino, ma anche alla salute generale.<\/li>\n<\/ul>\n<h3>Pi\u00f9 di un semplice integratore alimentare<\/h3>\n<p>BS+ Dietary Fibre Plus fornisce un supporto olistico per una maggiore vitalit\u00e0 nella vita di tutti i giorni. La ricetta naturale ha un effetto positivo su:<\/p>\n<ul>\n<li><strong>La digestione e il sistema immunitario:<\/strong> Le fibre rafforzano il sistema immunitario e aiutano a ridurre le infiammazioni.<\/li>\n<li><strong>La vostra forma mentale:<\/strong> La connessione tra intestino e cervello favorisce le prestazioni mentali e l'equilibrio interiore.<\/li>\n<li><strong>Il vostro metabolismo:<\/strong> Gli ingredienti contribuiscono a mantenere sani i livelli di colesterolo e di zucchero nel sangue. Questo aiuta a regolare meglio il peso.<\/li>\n<li><strong>La pelle:<\/strong> Una digestione sana favorisce anche l'aspetto esteriore, per una luminosit\u00e0 naturale.<\/li>\n<\/ul>\n<h3>Facile da integrare nella vita quotidiana<\/h3>\n<p>BS+ Fibre Plus \u00e8 stato progettato per inserirsi senza problemi nella vostra routine quotidiana. Basta aggiungere la porzione abituale e godere dei molteplici benefici di un microbioma intestinale rafforzato, dall'interno verso l'esterno.<\/p>\n<hr \/>\n<p><strong>Siete pronti a realizzare il vostro pieno potenziale?<\/strong><br \/>\nCon BS+ Fibre Plus investite in una persona pi\u00f9 sana e vitale e date al vostro corpo il sostegno che merita. Provate come un microbioma intestinale fiorente possa fare la differenza nella vostra vita: iniziate subito un nuovo capitolo pieno di energia, equilibrio e benessere!<\/p>","protected":false},"excerpt":{"rendered":"<p><strong>La formula rivoluzionaria delle fibre<\/strong><br \/>\nPer un microbioma intestinale fiorente, un maggiore benessere e una maggiore vitalit\u00e0<\/p>\n<ul>\n<li>Aumenta l'apporto di fibre fino a 20 g al giorno.<\/li>\n<li>Favorisce la crescita di batteri benefici<\/li>\n<li>Con preziosi polifenoli e flavonoidi<\/li>\n<li>Con D-tagatosio - uno zucchero speciale per i batteri intestinali<\/li>\n<li>100% ingredienti naturali<\/li>\n<li>Sostiene la mucosa intestinale<\/li>\n<\/ul>","protected":false},"featured_media":17351,"comment_status":"open","ping_status":"closed","template":"","meta":{"_acf_changed":false},"product_brand":[],"product_cat":[301],"product_tag":[],"class_list":{"0":"post-17332","1":"product","2":"type-product","3":"status-publish","4":"has-post-thumbnail","6":"product_cat-ballaststoffe-plus","8":"first","9":"instock","10":"taxable","11":"shipping-taxable","12":"purchasable","13":"product-type-simple"},"acf":[],"yoast_head":"<!-- This site is optimized with the Yoast SEO plugin v27.1.1 - https:\/\/yoast.com\/product\/yoast-seo-wordpress\/ -->\n<title>BS+ Ballaststoffe Plus online kaufen<\/title>\n<meta name=\"robots\" content=\"index, follow, max-snippet:-1, max-image-preview:large, max-video-preview:-1\" \/>\n<link rel=\"canonical\" href=\"https:\/\/www.meine-tcm.com\/it\/product-2\/bs-fibra-alimentare-plus\/\" \/>\n<meta property=\"og:locale\" content=\"it_IT\" \/>\n<meta property=\"og:type\" content=\"article\" \/>\n<meta property=\"og:title\" content=\"BS+ Ballaststoffe Plus online kaufen\" \/>\n<meta property=\"og:description\" content=\"Die revolution\u00e4re Ballaststoff\u2013Formel F\u00fcr ein bl\u00fchendes Darmmikrobiom, besseres Wohlbefinden und mehr Lebensenergie   Erh\u00f6ht deine Ballaststoffaufnahme um bis zu 20 g pro Tag  F\u00f6rdert das Wachstum n\u00fctzlicher Bakterien  Mit wertvollen Polyphenolen und Flavonoiden  Mit D\u2013Tagatose \u2014 ein besonderer Zucker f\u00fcr deine Darmbakterien  100% nat\u00fcrliche Zutaten  Unterst\u00fctzt deine Darmschleimhaut\" \/>\n<meta property=\"og:url\" content=\"https:\/\/www.meine-tcm.com\/it\/product-2\/bs-fibra-alimentare-plus\/\" \/>\n<meta property=\"og:site_name\" content=\"meine TCM | Traditionelle Chinesische Medizin einfach erkl\u00e4rt\" \/>\n<meta property=\"article:modified_time\" content=\"2026-04-10T13:14:39+00:00\" \/>\n<meta property=\"og:image\" content=\"https:\/\/www.meine-tcm.com\/wp-content\/uploads\/2025\/02\/ballaststoffe-bs-plus-1600-light-01.jpg\" \/>\n\t<meta property=\"og:image:width\" content=\"1600\" \/>\n\t<meta property=\"og:image:height\" content=\"1600\" \/>\n\t<meta property=\"og:image:type\" content=\"image\/jpeg\" \/>\n<meta name=\"twitter:card\" content=\"summary_large_image\" \/>\n<meta name=\"twitter:label1\" content=\"Tempo di lettura stimato\" \/>\n\t<meta name=\"twitter:data1\" content=\"3 minuti\" \/>\n<script type=\"application\/ld+json\" class=\"yoast-schema-graph\">{\"@context\":\"https:\/\/schema.org\",\"@graph\":[{\"@type\":\"WebPage\",\"@id\":\"https:\/\/www.meine-tcm.com\/produkt\/bs-ballaststoffe-plus\/\",\"url\":\"https:\/\/www.meine-tcm.com\/produkt\/bs-ballaststoffe-plus\/\",\"name\":\"BS+ Ballaststoffe Plus online kaufen\",\"isPartOf\":{\"@id\":\"https:\/\/www.meine-tcm.com\/#website\"},\"primaryImageOfPage\":{\"@id\":\"https:\/\/www.meine-tcm.com\/produkt\/bs-ballaststoffe-plus\/#primaryimage\"},\"image\":{\"@id\":\"https:\/\/www.meine-tcm.com\/produkt\/bs-ballaststoffe-plus\/#primaryimage\"},\"thumbnailUrl\":\"https:\/\/www.meine-tcm.com\/wp-content\/uploads\/2025\/02\/ballaststoffe-bs-plus-1600-light-01.jpg\",\"datePublished\":\"2025-02-03T18:00:53+00:00\",\"dateModified\":\"2026-04-10T13:14:39+00:00\",\"breadcrumb\":{\"@id\":\"https:\/\/www.meine-tcm.com\/produkt\/bs-ballaststoffe-plus\/#breadcrumb\"},\"inLanguage\":\"it-IT\",\"potentialAction\":[{\"@type\":\"ReadAction\",\"target\":[\"https:\/\/www.meine-tcm.com\/produkt\/bs-ballaststoffe-plus\/\"]}]},{\"@type\":\"ImageObject\",\"inLanguage\":\"it-IT\",\"@id\":\"https:\/\/www.meine-tcm.com\/produkt\/bs-ballaststoffe-plus\/#primaryimage\",\"url\":\"https:\/\/www.meine-tcm.com\/wp-content\/uploads\/2025\/02\/ballaststoffe-bs-plus-1600-light-01.jpg\",\"contentUrl\":\"https:\/\/www.meine-tcm.com\/wp-content\/uploads\/2025\/02\/ballaststoffe-bs-plus-1600-light-01.jpg\",\"width\":1600,\"height\":1600,\"caption\":\"Ballaststoffe Plus \u2014 BS+\"},{\"@type\":\"BreadcrumbList\",\"@id\":\"https:\/\/www.meine-tcm.com\/produkt\/bs-ballaststoffe-plus\/#breadcrumb\",\"itemListElement\":[{\"@type\":\"ListItem\",\"position\":1,\"name\":\"Home\",\"item\":\"https:\/\/www.meine-tcm.com\/\"},{\"@type\":\"ListItem\",\"position\":2,\"name\":\"Shop\",\"item\":\"https:\/\/www.meine-tcm.com\/shop\/\"},{\"@type\":\"ListItem\",\"position\":3,\"name\":\"Ballaststoffe plus\",\"item\":\"https:\/\/www.meine-tcm.com\/produkte\/ballaststoffe-plus\/\"},{\"@type\":\"ListItem\",\"position\":4,\"name\":\"BS+ Ballaststoffe Plus\"}]},{\"@type\":\"WebSite\",\"@id\":\"https:\/\/www.meine-tcm.com\/#website\",\"url\":\"https:\/\/www.meine-tcm.com\/\",\"name\":\"meine TCM | Traditionelle Chinesische Medizin einfach erkl\u00e4rt\",\"description\":\"Einfach gesund bleiben\",\"publisher\":{\"@id\":\"https:\/\/www.meine-tcm.com\/#organization\"},\"potentialAction\":[{\"@type\":\"SearchAction\",\"target\":{\"@type\":\"EntryPoint\",\"urlTemplate\":\"https:\/\/www.meine-tcm.com\/?s={search_term_string}\"},\"query-input\":{\"@type\":\"PropertyValueSpecification\",\"valueRequired\":true,\"valueName\":\"search_term_string\"}}],\"inLanguage\":\"it-IT\"},{\"@type\":\"Organization\",\"@id\":\"https:\/\/www.meine-tcm.com\/#organization\",\"name\":\"meine-TCM.com \u2014 Traditionelle chinesische Medizin einfach erkl\u00e4rt\",\"url\":\"https:\/\/www.meine-tcm.com\/\",\"logo\":{\"@type\":\"ImageObject\",\"inLanguage\":\"it-IT\",\"@id\":\"https:\/\/www.meine-tcm.com\/#\/schema\/logo\/image\/\",\"url\":\"https:\/\/www.meine-tcm.com\/wp-content\/uploads\/2022\/08\/meine-tcm-traditionelle-chinesische-medizin-einfach-erklaert.png\",\"contentUrl\":\"https:\/\/www.meine-tcm.com\/wp-content\/uploads\/2022\/08\/meine-tcm-traditionelle-chinesische-medizin-einfach-erklaert.png\",\"width\":559,\"height\":479,\"caption\":\"meine-TCM.com \u2014 Traditionelle chinesische Medizin einfach erkl\u00e4rt\"},\"image\":{\"@id\":\"https:\/\/www.meine-tcm.com\/#\/schema\/logo\/image\/\"},\"sameAs\":[\"https:\/\/www.instagram.com\/meinetcm\/\",\"https:\/\/www.youtube.com\/@EinfachbesserLeben\"]}]}<\/script>\n<!-- \/ Yoast SEO plugin. -->","yoast_head_json":{"title":"Acquistare BS+ Fibre Plus online","robots":{"index":"index","follow":"follow","max-snippet":"max-snippet:-1","max-image-preview":"max-image-preview:large","max-video-preview":"max-video-preview:-1"},"canonical":"https:\/\/www.meine-tcm.com\/it\/product-2\/bs-fibra-alimentare-plus\/","og_locale":"it_IT","og_type":"article","og_title":"BS+ Ballaststoffe Plus online kaufen","og_description":"Die revolution\u00e4re Ballaststoff\u2013Formel F\u00fcr ein bl\u00fchendes Darmmikrobiom, besseres Wohlbefinden und mehr Lebensenergie   Erh\u00f6ht deine Ballaststoffaufnahme um bis zu 20 g pro Tag  F\u00f6rdert das Wachstum n\u00fctzlicher Bakterien  Mit wertvollen Polyphenolen und Flavonoiden  Mit D\u2013Tagatose \u2014 ein besonderer Zucker f\u00fcr deine Darmbakterien  100% nat\u00fcrliche Zutaten  Unterst\u00fctzt deine Darmschleimhaut","og_url":"https:\/\/www.meine-tcm.com\/it\/product-2\/bs-fibra-alimentare-plus\/","og_site_name":"meine TCM | Traditionelle Chinesische Medizin einfach erkl\u00e4rt","article_modified_time":"2026-04-10T13:14:39+00:00","og_image":[{"width":1600,"height":1600,"url":"https:\/\/www.meine-tcm.com\/wp-content\/uploads\/2025\/02\/ballaststoffe-bs-plus-1600-light-01.jpg","type":"image\/jpeg"}],"twitter_card":"summary_large_image","twitter_misc":{"Tempo di lettura stimato":"3 minuti"},"schema":{"@context":"https:\/\/schema.org","@graph":[{"@type":"WebPage","@id":"https:\/\/www.meine-tcm.com\/produkt\/bs-ballaststoffe-plus\/","url":"https:\/\/www.meine-tcm.com\/produkt\/bs-ballaststoffe-plus\/","name":"Acquistare BS+ Fibre Plus online","isPartOf":{"@id":"https:\/\/www.meine-tcm.com\/#website"},"primaryImageOfPage":{"@id":"https:\/\/www.meine-tcm.com\/produkt\/bs-ballaststoffe-plus\/#primaryimage"},"image":{"@id":"https:\/\/www.meine-tcm.com\/produkt\/bs-ballaststoffe-plus\/#primaryimage"},"thumbnailUrl":"https:\/\/www.meine-tcm.com\/wp-content\/uploads\/2025\/02\/ballaststoffe-bs-plus-1600-light-01.jpg","datePublished":"2025-02-03T18:00:53+00:00","dateModified":"2026-04-10T13:14:39+00:00","breadcrumb":{"@id":"https:\/\/www.meine-tcm.com\/produkt\/bs-ballaststoffe-plus\/#breadcrumb"},"inLanguage":"it-IT","potentialAction":[{"@type":"ReadAction","target":["https:\/\/www.meine-tcm.com\/produkt\/bs-ballaststoffe-plus\/"]}]},{"@type":"ImageObject","inLanguage":"it-IT","@id":"https:\/\/www.meine-tcm.com\/produkt\/bs-ballaststoffe-plus\/#primaryimage","url":"https:\/\/www.meine-tcm.com\/wp-content\/uploads\/2025\/02\/ballaststoffe-bs-plus-1600-light-01.jpg","contentUrl":"https:\/\/www.meine-tcm.com\/wp-content\/uploads\/2025\/02\/ballaststoffe-bs-plus-1600-light-01.jpg","width":1600,"height":1600,"caption":"Ballaststoffe Plus \u2014 BS+"},{"@type":"BreadcrumbList","@id":"https:\/\/www.meine-tcm.com\/produkt\/bs-ballaststoffe-plus\/#breadcrumb","itemListElement":[{"@type":"ListItem","position":1,"name":"Home","item":"https:\/\/www.meine-tcm.com\/"},{"@type":"ListItem","position":2,"name":"Shop","item":"https:\/\/www.meine-tcm.com\/shop\/"},{"@type":"ListItem","position":3,"name":"Ballaststoffe plus","item":"https:\/\/www.meine-tcm.com\/produkte\/ballaststoffe-plus\/"},{"@type":"ListItem","position":4,"name":"BS+ Ballaststoffe Plus"}]},{"@type":"WebSite","@id":"https:\/\/www.meine-tcm.com\/#website","url":"https:\/\/www.meine-tcm.com\/","name":"la mia MTC | Medicina Tradizionale Cinese spiegata in modo semplice","description":"Rimanere semplicemente in salute","publisher":{"@id":"https:\/\/www.meine-tcm.com\/#organization"},"potentialAction":[{"@type":"SearchAction","target":{"@type":"EntryPoint","urlTemplate":"https:\/\/www.meine-tcm.com\/?s={search_term_string}"},"query-input":{"@type":"PropertyValueSpecification","valueRequired":true,"valueName":"search_term_string"}}],"inLanguage":"it-IT"},{"@type":"Organization","@id":"https:\/\/www.meine-tcm.com\/#organization","name":"meine-TCM.com - La Medicina Tradizionale Cinese spiegata in modo semplice","url":"https:\/\/www.meine-tcm.com\/","logo":{"@type":"ImageObject","inLanguage":"it-IT","@id":"https:\/\/www.meine-tcm.com\/#\/schema\/logo\/image\/","url":"https:\/\/www.meine-tcm.com\/wp-content\/uploads\/2022\/08\/meine-tcm-traditionelle-chinesische-medizin-einfach-erklaert.png","contentUrl":"https:\/\/www.meine-tcm.com\/wp-content\/uploads\/2022\/08\/meine-tcm-traditionelle-chinesische-medizin-einfach-erklaert.png","width":559,"height":479,"caption":"meine-TCM.com \u2014 Traditionelle chinesische Medizin einfach erkl\u00e4rt"},"image":{"@id":"https:\/\/www.meine-tcm.com\/#\/schema\/logo\/image\/"},"sameAs":["https:\/\/www.instagram.com\/meinetcm\/","https:\/\/www.youtube.com\/@EinfachbesserLeben"]}]}},"wps_subtitle":"","_links":{"self":[{"href":"https:\/\/www.meine-tcm.com\/it\/wp-json\/wp\/v2\/product\/17332","targetHints":{"allow":["GET"]}}],"collection":[{"href":"https:\/\/www.meine-tcm.com\/it\/wp-json\/wp\/v2\/product"}],"about":[{"href":"https:\/\/www.meine-tcm.com\/it\/wp-json\/wp\/v2\/types\/product"}],"replies":[{"embeddable":true,"href":"https:\/\/www.meine-tcm.com\/it\/wp-json\/wp\/v2\/comments?post=17332"}],"wp:featuredmedia":[{"embeddable":true,"href":"https:\/\/www.meine-tcm.com\/it\/wp-json\/wp\/v2\/media\/17351"}],"wp:attachment":[{"href":"https:\/\/www.meine-tcm.com\/it\/wp-json\/wp\/v2\/media?parent=17332"}],"wp:term":[{"taxonomy":"product_brand","embeddable":true,"href":"https:\/\/www.meine-tcm.com\/it\/wp-json\/wp\/v2\/product_brand?post=17332"},{"taxonomy":"product_cat","embeddable":true,"href":"https:\/\/www.meine-tcm.com\/it\/wp-json\/wp\/v2\/product_cat?post=17332"},{"taxonomy":"product_tag","embeddable":true,"href":"https:\/\/www.meine-tcm.com\/it\/wp-json\/wp\/v2\/product_tag?post=17332"}],"curies":[{"name":"wp","href":"https:\/\/api.w.org\/{rel}","templated":true}]}}