{"id":16169,"date":"2024-09-11T09:38:07","date_gmt":"2024-09-11T07:38:07","guid":{"rendered":"https:\/\/www.meine-tcm.com\/?post_type=product&#038;p=16169"},"modified":"2024-10-14T11:54:46","modified_gmt":"2024-10-14T09:54:46","slug":"5-elementi-qi-gong-bianco-t-shirt-bio-donna","status":"publish","type":"product","link":"https:\/\/www.meine-tcm.com\/it\/product-2\/5-elementi-qi-gong-bianco-t-shirt-bio-donna\/","title":{"rendered":"5 Elements Qi Gong | Bianco | Maglietta biologica | Donna"},"content":{"rendered":"","protected":false},"excerpt":{"rendered":"<p>Questo <strong>Camicia da donna<\/strong> incarna il cambiamento fluente dei cinque elementi: <strong>Acqua, legno, fuoco, terra<\/strong> e <strong>Metallo<\/strong>. Ogni elemento influenza l'altro, formando una parte essenziale del ciclo vitale e della nostra energia vitale, il chi. Attraverso la pratica del <strong>Qi Gong<\/strong> possiamo coltivare consapevolmente questi elementi dentro di noi e riconoscere il loro potere. Indossate la vostra nuova maglietta da donna del Qi Gong dei 5 elementi come espressione dell'armonia interiore e della connessione con gli elementi che coltivate nella vostra vita.<\/p>\n<p>Indossate questa elegante camicia da donna per testimoniare il vostro profondo legame con il mondo della scienza. <strong>cinque elementi<\/strong> e sentire il <strong>Energia positiva<\/strong>, che vi circonda. Perfetto per le donne che cercano una moda sostenibile con un significato spirituale.<\/p>\n<div class=\"term-description\">\n<h2 class=\"font-600 text-xl font-bold\">Offerta esclusiva<\/h2>\n<p class=\"whitespace-pre-wrap break-words\"><span style=\"font-size: 110%;\"><strong>Ricambio 10%!<\/strong><\/span> Utilizzare il codice voucher\u00a0<span style=\"font-size: 110%; background-color: #ed1c24; color: #ffffff;\"> <strong>EBL10<\/strong>\u00a0<\/span> alla cassa e riceverete <span style=\"font-size: 110%;\"><strong>Sconto 10%<\/strong><\/span> sui tuoi acquisti presso Deivi!<\/p>\n<\/div>","protected":false},"featured_media":16174,"comment_status":"open","ping_status":"closed","template":"","meta":{"_acf_changed":false},"product_brand":[],"product_cat":[297],"product_tag":[],"class_list":{"0":"post-16169","1":"product","2":"type-product","3":"status-publish","4":"has-post-thumbnail","6":"product_cat-bekleidung","8":"first","9":"instock","10":"taxable","11":"shipping-taxable","12":"product-type-external"},"acf":[],"yoast_head":"<!-- This site is optimized with the Yoast SEO plugin v27.1.1 - https:\/\/yoast.com\/product\/yoast-seo-wordpress\/ -->\n<title>5 Elemente Qi Gong | Wei\u00df | Organisches T-Shirt | Damen online kaufen<\/title>\n<meta name=\"robots\" content=\"index, follow, max-snippet:-1, max-image-preview:large, max-video-preview:-1\" \/>\n<link rel=\"canonical\" href=\"https:\/\/www.meine-tcm.com\/it\/product-2\/5-elementi-qi-gong-bianco-t-shirt-bio-donna\/\" \/>\n<meta property=\"og:locale\" content=\"it_IT\" \/>\n<meta property=\"og:type\" content=\"article\" \/>\n<meta property=\"og:title\" content=\"5 Elemente Qi Gong | Wei\u00df | Organisches T-Shirt | Damen online kaufen\" \/>\n<meta property=\"og:description\" content=\"Dieses Damen-Shirt verk\u00f6rpert den flie\u00dfenden Wandel der f\u00fcnf Elemente: Wasser, Holz, Feuer, Erde und Metall. Jedes Element beeinflusst das andere, bildet einen wesentlichen Teil des Lebenszyklus und unserer Lebensenergie, Chi. Durch die Praxis von Qi Gong k\u00f6nnen wir diese Elemente bewusst in uns kultivieren und ihre Kraft erkennen. Trage dein neues 5 Elemente Qi Gong Damen-Shirt als Ausdruck der inneren Harmonie und der Verbindung zu den Elementen, die du in deinem Leben pflegst.  Trage dieses stilvolle Damen-Shirt als Zeichen deiner tiefen Verbundenheit mit den f\u00fcnf Elementen und sp\u00fcre die positive Energie, die dich umgibt. Perfekt f\u00fcr Frauen, die nachhaltige Mode mit spiritueller Bedeutung suchen.  Exklusives Angebot Spare 10%! Verwende den Gutscheincode\u00a0 EBL10\u00a0 beim Checkout und erhalte 10% Rabatt auf deinen Einkauf bei Deivi!\" \/>\n<meta property=\"og:url\" content=\"https:\/\/www.meine-tcm.com\/it\/product-2\/5-elementi-qi-gong-bianco-t-shirt-bio-donna\/\" \/>\n<meta property=\"og:site_name\" content=\"meine TCM | Traditionelle Chinesische Medizin einfach erkl\u00e4rt\" \/>\n<meta property=\"article:modified_time\" content=\"2024-10-14T09:54:46+00:00\" \/>\n<meta property=\"og:image\" content=\"https:\/\/www.meine-tcm.com\/wp-content\/uploads\/2024\/09\/5-elemente-qi-gong-weiss-organisches-t-shirt-damen-145021.webp\" \/>\n\t<meta property=\"og:image:width\" content=\"990\" \/>\n\t<meta property=\"og:image:height\" content=\"1050\" \/>\n\t<meta property=\"og:image:type\" content=\"image\/webp\" \/>\n<meta name=\"twitter:card\" content=\"summary_large_image\" \/>\n<script type=\"application\/ld+json\" class=\"yoast-schema-graph\">{\"@context\":\"https:\/\/schema.org\",\"@graph\":[{\"@type\":\"WebPage\",\"@id\":\"https:\/\/www.meine-tcm.com\/produkt\/5-elemente-qi-gong-weiss-organisches-t-shirt-damen\/\",\"url\":\"https:\/\/www.meine-tcm.com\/produkt\/5-elemente-qi-gong-weiss-organisches-t-shirt-damen\/\",\"name\":\"5 Elemente Qi Gong | Wei\u00df | Organisches T-Shirt | Damen online kaufen\",\"isPartOf\":{\"@id\":\"https:\/\/www.meine-tcm.com\/#website\"},\"primaryImageOfPage\":{\"@id\":\"https:\/\/www.meine-tcm.com\/produkt\/5-elemente-qi-gong-weiss-organisches-t-shirt-damen\/#primaryimage\"},\"image\":{\"@id\":\"https:\/\/www.meine-tcm.com\/produkt\/5-elemente-qi-gong-weiss-organisches-t-shirt-damen\/#primaryimage\"},\"thumbnailUrl\":\"https:\/\/www.meine-tcm.com\/wp-content\/uploads\/2024\/09\/5-elemente-qi-gong-weiss-organisches-t-shirt-damen-145021.webp\",\"datePublished\":\"2024-09-11T07:38:07+00:00\",\"dateModified\":\"2024-10-14T09:54:46+00:00\",\"breadcrumb\":{\"@id\":\"https:\/\/www.meine-tcm.com\/produkt\/5-elemente-qi-gong-weiss-organisches-t-shirt-damen\/#breadcrumb\"},\"inLanguage\":\"it-IT\",\"potentialAction\":[{\"@type\":\"ReadAction\",\"target\":[\"https:\/\/www.meine-tcm.com\/produkt\/5-elemente-qi-gong-weiss-organisches-t-shirt-damen\/\"]}]},{\"@type\":\"ImageObject\",\"inLanguage\":\"it-IT\",\"@id\":\"https:\/\/www.meine-tcm.com\/produkt\/5-elemente-qi-gong-weiss-organisches-t-shirt-damen\/#primaryimage\",\"url\":\"https:\/\/www.meine-tcm.com\/wp-content\/uploads\/2024\/09\/5-elemente-qi-gong-weiss-organisches-t-shirt-damen-145021.webp\",\"contentUrl\":\"https:\/\/www.meine-tcm.com\/wp-content\/uploads\/2024\/09\/5-elemente-qi-gong-weiss-organisches-t-shirt-damen-145021.webp\",\"width\":990,\"height\":1050},{\"@type\":\"BreadcrumbList\",\"@id\":\"https:\/\/www.meine-tcm.com\/produkt\/5-elemente-qi-gong-weiss-organisches-t-shirt-damen\/#breadcrumb\",\"itemListElement\":[{\"@type\":\"ListItem\",\"position\":1,\"name\":\"Home\",\"item\":\"https:\/\/www.meine-tcm.com\/\"},{\"@type\":\"ListItem\",\"position\":2,\"name\":\"Shop\",\"item\":\"https:\/\/www.meine-tcm.com\/shop\/\"},{\"@type\":\"ListItem\",\"position\":3,\"name\":\"Bekleidung\",\"item\":\"https:\/\/www.meine-tcm.com\/produkte\/bekleidung\/\"},{\"@type\":\"ListItem\",\"position\":4,\"name\":\"5 Elemente Qi Gong | Wei\u00df | Organisches T-Shirt | Damen\"}]},{\"@type\":\"WebSite\",\"@id\":\"https:\/\/www.meine-tcm.com\/#website\",\"url\":\"https:\/\/www.meine-tcm.com\/\",\"name\":\"meine TCM | Traditionelle Chinesische Medizin einfach erkl\u00e4rt\",\"description\":\"Einfach gesund bleiben\",\"publisher\":{\"@id\":\"https:\/\/www.meine-tcm.com\/#organization\"},\"potentialAction\":[{\"@type\":\"SearchAction\",\"target\":{\"@type\":\"EntryPoint\",\"urlTemplate\":\"https:\/\/www.meine-tcm.com\/?s={search_term_string}\"},\"query-input\":{\"@type\":\"PropertyValueSpecification\",\"valueRequired\":true,\"valueName\":\"search_term_string\"}}],\"inLanguage\":\"it-IT\"},{\"@type\":\"Organization\",\"@id\":\"https:\/\/www.meine-tcm.com\/#organization\",\"name\":\"meine-TCM.com \u2014 Traditionelle chinesische Medizin einfach erkl\u00e4rt\",\"url\":\"https:\/\/www.meine-tcm.com\/\",\"logo\":{\"@type\":\"ImageObject\",\"inLanguage\":\"it-IT\",\"@id\":\"https:\/\/www.meine-tcm.com\/#\/schema\/logo\/image\/\",\"url\":\"https:\/\/www.meine-tcm.com\/wp-content\/uploads\/2022\/08\/meine-tcm-traditionelle-chinesische-medizin-einfach-erklaert.png\",\"contentUrl\":\"https:\/\/www.meine-tcm.com\/wp-content\/uploads\/2022\/08\/meine-tcm-traditionelle-chinesische-medizin-einfach-erklaert.png\",\"width\":559,\"height\":479,\"caption\":\"meine-TCM.com \u2014 Traditionelle chinesische Medizin einfach erkl\u00e4rt\"},\"image\":{\"@id\":\"https:\/\/www.meine-tcm.com\/#\/schema\/logo\/image\/\"},\"sameAs\":[\"https:\/\/www.instagram.com\/meinetcm\/\",\"https:\/\/www.youtube.com\/@EinfachbesserLeben\"]}]}<\/script>\n<!-- \/ Yoast SEO plugin. -->","yoast_head_json":{"title":"5 Elements Qi Gong | Bianco | Maglietta biologica | Donna acquistare online","robots":{"index":"index","follow":"follow","max-snippet":"max-snippet:-1","max-image-preview":"max-image-preview:large","max-video-preview":"max-video-preview:-1"},"canonical":"https:\/\/www.meine-tcm.com\/it\/product-2\/5-elementi-qi-gong-bianco-t-shirt-bio-donna\/","og_locale":"it_IT","og_type":"article","og_title":"5 Elemente Qi Gong | Wei\u00df | Organisches T-Shirt | Damen online kaufen","og_description":"Dieses Damen-Shirt verk\u00f6rpert den flie\u00dfenden Wandel der f\u00fcnf Elemente: Wasser, Holz, Feuer, Erde und Metall. Jedes Element beeinflusst das andere, bildet einen wesentlichen Teil des Lebenszyklus und unserer Lebensenergie, Chi. Durch die Praxis von Qi Gong k\u00f6nnen wir diese Elemente bewusst in uns kultivieren und ihre Kraft erkennen. Trage dein neues 5 Elemente Qi Gong Damen-Shirt als Ausdruck der inneren Harmonie und der Verbindung zu den Elementen, die du in deinem Leben pflegst.  Trage dieses stilvolle Damen-Shirt als Zeichen deiner tiefen Verbundenheit mit den f\u00fcnf Elementen und sp\u00fcre die positive Energie, die dich umgibt. Perfekt f\u00fcr Frauen, die nachhaltige Mode mit spiritueller Bedeutung suchen.  Exklusives Angebot Spare 10%! Verwende den Gutscheincode\u00a0 EBL10\u00a0 beim Checkout und erhalte 10% Rabatt auf deinen Einkauf bei Deivi!","og_url":"https:\/\/www.meine-tcm.com\/it\/product-2\/5-elementi-qi-gong-bianco-t-shirt-bio-donna\/","og_site_name":"meine TCM | Traditionelle Chinesische Medizin einfach erkl\u00e4rt","article_modified_time":"2024-10-14T09:54:46+00:00","og_image":[{"width":990,"height":1050,"url":"https:\/\/www.meine-tcm.com\/wp-content\/uploads\/2024\/09\/5-elemente-qi-gong-weiss-organisches-t-shirt-damen-145021.webp","type":"image\/webp"}],"twitter_card":"summary_large_image","schema":{"@context":"https:\/\/schema.org","@graph":[{"@type":"WebPage","@id":"https:\/\/www.meine-tcm.com\/produkt\/5-elemente-qi-gong-weiss-organisches-t-shirt-damen\/","url":"https:\/\/www.meine-tcm.com\/produkt\/5-elemente-qi-gong-weiss-organisches-t-shirt-damen\/","name":"5 Elements Qi Gong | Bianco | Maglietta biologica | Donna acquistare online","isPartOf":{"@id":"https:\/\/www.meine-tcm.com\/#website"},"primaryImageOfPage":{"@id":"https:\/\/www.meine-tcm.com\/produkt\/5-elemente-qi-gong-weiss-organisches-t-shirt-damen\/#primaryimage"},"image":{"@id":"https:\/\/www.meine-tcm.com\/produkt\/5-elemente-qi-gong-weiss-organisches-t-shirt-damen\/#primaryimage"},"thumbnailUrl":"https:\/\/www.meine-tcm.com\/wp-content\/uploads\/2024\/09\/5-elemente-qi-gong-weiss-organisches-t-shirt-damen-145021.webp","datePublished":"2024-09-11T07:38:07+00:00","dateModified":"2024-10-14T09:54:46+00:00","breadcrumb":{"@id":"https:\/\/www.meine-tcm.com\/produkt\/5-elemente-qi-gong-weiss-organisches-t-shirt-damen\/#breadcrumb"},"inLanguage":"it-IT","potentialAction":[{"@type":"ReadAction","target":["https:\/\/www.meine-tcm.com\/produkt\/5-elemente-qi-gong-weiss-organisches-t-shirt-damen\/"]}]},{"@type":"ImageObject","inLanguage":"it-IT","@id":"https:\/\/www.meine-tcm.com\/produkt\/5-elemente-qi-gong-weiss-organisches-t-shirt-damen\/#primaryimage","url":"https:\/\/www.meine-tcm.com\/wp-content\/uploads\/2024\/09\/5-elemente-qi-gong-weiss-organisches-t-shirt-damen-145021.webp","contentUrl":"https:\/\/www.meine-tcm.com\/wp-content\/uploads\/2024\/09\/5-elemente-qi-gong-weiss-organisches-t-shirt-damen-145021.webp","width":990,"height":1050},{"@type":"BreadcrumbList","@id":"https:\/\/www.meine-tcm.com\/produkt\/5-elemente-qi-gong-weiss-organisches-t-shirt-damen\/#breadcrumb","itemListElement":[{"@type":"ListItem","position":1,"name":"Home","item":"https:\/\/www.meine-tcm.com\/"},{"@type":"ListItem","position":2,"name":"Shop","item":"https:\/\/www.meine-tcm.com\/shop\/"},{"@type":"ListItem","position":3,"name":"Bekleidung","item":"https:\/\/www.meine-tcm.com\/produkte\/bekleidung\/"},{"@type":"ListItem","position":4,"name":"5 Elemente Qi Gong | Wei\u00df | Organisches T-Shirt | Damen"}]},{"@type":"WebSite","@id":"https:\/\/www.meine-tcm.com\/#website","url":"https:\/\/www.meine-tcm.com\/","name":"la mia MTC | Medicina Tradizionale Cinese spiegata in modo semplice","description":"Rimanere semplicemente in salute","publisher":{"@id":"https:\/\/www.meine-tcm.com\/#organization"},"potentialAction":[{"@type":"SearchAction","target":{"@type":"EntryPoint","urlTemplate":"https:\/\/www.meine-tcm.com\/?s={search_term_string}"},"query-input":{"@type":"PropertyValueSpecification","valueRequired":true,"valueName":"search_term_string"}}],"inLanguage":"it-IT"},{"@type":"Organization","@id":"https:\/\/www.meine-tcm.com\/#organization","name":"meine-TCM.com - La Medicina Tradizionale Cinese spiegata in modo semplice","url":"https:\/\/www.meine-tcm.com\/","logo":{"@type":"ImageObject","inLanguage":"it-IT","@id":"https:\/\/www.meine-tcm.com\/#\/schema\/logo\/image\/","url":"https:\/\/www.meine-tcm.com\/wp-content\/uploads\/2022\/08\/meine-tcm-traditionelle-chinesische-medizin-einfach-erklaert.png","contentUrl":"https:\/\/www.meine-tcm.com\/wp-content\/uploads\/2022\/08\/meine-tcm-traditionelle-chinesische-medizin-einfach-erklaert.png","width":559,"height":479,"caption":"meine-TCM.com \u2014 Traditionelle chinesische Medizin einfach erkl\u00e4rt"},"image":{"@id":"https:\/\/www.meine-tcm.com\/#\/schema\/logo\/image\/"},"sameAs":["https:\/\/www.instagram.com\/meinetcm\/","https:\/\/www.youtube.com\/@EinfachbesserLeben"]}]}},"wps_subtitle":"","_links":{"self":[{"href":"https:\/\/www.meine-tcm.com\/it\/wp-json\/wp\/v2\/product\/16169","targetHints":{"allow":["GET"]}}],"collection":[{"href":"https:\/\/www.meine-tcm.com\/it\/wp-json\/wp\/v2\/product"}],"about":[{"href":"https:\/\/www.meine-tcm.com\/it\/wp-json\/wp\/v2\/types\/product"}],"replies":[{"embeddable":true,"href":"https:\/\/www.meine-tcm.com\/it\/wp-json\/wp\/v2\/comments?post=16169"}],"wp:featuredmedia":[{"embeddable":true,"href":"https:\/\/www.meine-tcm.com\/it\/wp-json\/wp\/v2\/media\/16174"}],"wp:attachment":[{"href":"https:\/\/www.meine-tcm.com\/it\/wp-json\/wp\/v2\/media?parent=16169"}],"wp:term":[{"taxonomy":"product_brand","embeddable":true,"href":"https:\/\/www.meine-tcm.com\/it\/wp-json\/wp\/v2\/product_brand?post=16169"},{"taxonomy":"product_cat","embeddable":true,"href":"https:\/\/www.meine-tcm.com\/it\/wp-json\/wp\/v2\/product_cat?post=16169"},{"taxonomy":"product_tag","embeddable":true,"href":"https:\/\/www.meine-tcm.com\/it\/wp-json\/wp\/v2\/product_tag?post=16169"}],"curies":[{"name":"wp","href":"https:\/\/api.w.org\/{rel}","templated":true}]}}