{"id":16150,"date":"2024-09-10T09:56:10","date_gmt":"2024-09-10T07:56:10","guid":{"rendered":"https:\/\/www.meine-tcm.com\/?post_type=product&#038;p=16150"},"modified":"2024-10-14T11:55:06","modified_gmt":"2024-10-14T09:55:06","slug":"shaolin-greeting-organic-t-shirt-men","status":"publish","type":"product","link":"https:\/\/www.meine-tcm.com\/it\/product-2\/shaolin-greeting-organic-t-shirt-men\/","title":{"rendered":"Shaolin Greeting | Maglietta biologica | Uomo"},"content":{"rendered":"","protected":false},"excerpt":{"rendered":"<p>Volete indossare una T-shirt che non sia solo elegante, ma che trasmetta anche un messaggio di rispetto e forza interiore?<\/p>\n<p>Questa maglietta organica da uomo simboleggia rispetto, riverenza e pace e porta con s\u00e9 l'essenza della secolare tradizione Shaolin di armonizzare corpo e mente.<\/p>\n<p><strong>Questa maglietta diventer\u00e0 il vostro compagno quotidiano, ricordandovi di portare rispetto e pace nella vostra vita.<\/strong>\u00a0Ordinate ora e portate con voi il messaggio del saluto Shaolin. Lasciatevi ispirare dall'eleganza armoniosa di questo design unico e trovate il vostro equilibrio interiore.<\/p>\n<div class=\"term-description\">\n<h2 class=\"font-600 text-xl font-bold\">Offerta esclusiva<\/h2>\n<p class=\"whitespace-pre-wrap break-words\"><span style=\"font-size: 110%;\"><strong>Ricambio 10%!<\/strong><\/span> Utilizzare il codice voucher\u00a0<span style=\"font-size: 110%; background-color: #ed1c24; color: #ffffff;\"> <strong>EBL10<\/strong>\u00a0<\/span> alla cassa e riceverete <span style=\"font-size: 110%;\"><strong>Sconto 10%<\/strong><\/span> sui tuoi acquisti presso Deivi!<\/p>\n<\/div>","protected":false},"featured_media":16153,"comment_status":"open","ping_status":"closed","template":"","meta":{"_acf_changed":false},"product_brand":[],"product_cat":[297],"product_tag":[],"class_list":{"0":"post-16150","1":"product","2":"type-product","3":"status-publish","4":"has-post-thumbnail","6":"product_cat-bekleidung","8":"first","9":"instock","10":"taxable","11":"shipping-taxable","12":"product-type-external"},"acf":[],"yoast_head":"<!-- This site is optimized with the Yoast SEO plugin v27.1.1 - https:\/\/yoast.com\/product\/yoast-seo-wordpress\/ -->\n<title>Shaolin Gru\u00df | Organisches T-Shirt | Herren online kaufen<\/title>\n<meta name=\"robots\" content=\"index, follow, max-snippet:-1, max-image-preview:large, max-video-preview:-1\" \/>\n<link rel=\"canonical\" href=\"https:\/\/www.meine-tcm.com\/it\/product-2\/shaolin-greeting-organic-t-shirt-men\/\" \/>\n<meta property=\"og:locale\" content=\"it_IT\" \/>\n<meta property=\"og:type\" content=\"article\" \/>\n<meta property=\"og:title\" content=\"Shaolin Gru\u00df | Organisches T-Shirt | Herren online kaufen\" \/>\n<meta property=\"og:description\" content=\"M\u00f6chtest du ein T-Shirt tragen, das nicht nur stilvoll ist, sondern auch die Botschaft des Respekts und der inneren St\u00e4rke vermittelt?  Dieses Organisches Herren T-Shirt symbolisiert Respekt, Ehrerbietung und Frieden und tr\u00e4gt die Essenz der jahrhundertealten Shaolin-Tradition in sich, die K\u00f6rper und Geist in Einklang bringt.  Dieses T-Shirt wird zu deinem t\u00e4glichen Begleiter, der dich daran erinnert, Respekt und Frieden in dein Leben zu bringen.\u00a0Bestelle jetzt und trage die Botschaft des Shaolin Gru\u00dfes bei dir. Lass dich von der harmonischen Eleganz dieses einzigartigen Designs inspirieren und finde deine innere Balance.  Exklusives Angebot Spare 10%! Verwende den Gutscheincode\u00a0 EBL10\u00a0 beim Checkout und erhalte 10% Rabatt auf deinen Einkauf bei Deivi!\" \/>\n<meta property=\"og:url\" content=\"https:\/\/www.meine-tcm.com\/it\/product-2\/shaolin-greeting-organic-t-shirt-men\/\" \/>\n<meta property=\"og:site_name\" content=\"meine TCM | Traditionelle Chinesische Medizin einfach erkl\u00e4rt\" \/>\n<meta property=\"article:modified_time\" content=\"2024-10-14T09:55:06+00:00\" \/>\n<meta property=\"og:image\" content=\"https:\/\/www.meine-tcm.com\/wp-content\/uploads\/2024\/09\/shaolin-gruss-organisches-t-shirt-644105.webp\" \/>\n\t<meta property=\"og:image:width\" content=\"990\" \/>\n\t<meta property=\"og:image:height\" content=\"1050\" \/>\n\t<meta property=\"og:image:type\" content=\"image\/webp\" \/>\n<meta name=\"twitter:card\" content=\"summary_large_image\" \/>\n<script type=\"application\/ld+json\" class=\"yoast-schema-graph\">{\"@context\":\"https:\/\/schema.org\",\"@graph\":[{\"@type\":\"WebPage\",\"@id\":\"https:\/\/www.meine-tcm.com\/produkt\/shaolin-gruss-organisches-t-shirt-herren\/\",\"url\":\"https:\/\/www.meine-tcm.com\/produkt\/shaolin-gruss-organisches-t-shirt-herren\/\",\"name\":\"Shaolin Gru\u00df | Organisches T-Shirt | Herren online kaufen\",\"isPartOf\":{\"@id\":\"https:\/\/www.meine-tcm.com\/#website\"},\"primaryImageOfPage\":{\"@id\":\"https:\/\/www.meine-tcm.com\/produkt\/shaolin-gruss-organisches-t-shirt-herren\/#primaryimage\"},\"image\":{\"@id\":\"https:\/\/www.meine-tcm.com\/produkt\/shaolin-gruss-organisches-t-shirt-herren\/#primaryimage\"},\"thumbnailUrl\":\"https:\/\/www.meine-tcm.com\/wp-content\/uploads\/2024\/09\/shaolin-gruss-organisches-t-shirt-644105.webp\",\"datePublished\":\"2024-09-10T07:56:10+00:00\",\"dateModified\":\"2024-10-14T09:55:06+00:00\",\"breadcrumb\":{\"@id\":\"https:\/\/www.meine-tcm.com\/produkt\/shaolin-gruss-organisches-t-shirt-herren\/#breadcrumb\"},\"inLanguage\":\"it-IT\",\"potentialAction\":[{\"@type\":\"ReadAction\",\"target\":[\"https:\/\/www.meine-tcm.com\/produkt\/shaolin-gruss-organisches-t-shirt-herren\/\"]}]},{\"@type\":\"ImageObject\",\"inLanguage\":\"it-IT\",\"@id\":\"https:\/\/www.meine-tcm.com\/produkt\/shaolin-gruss-organisches-t-shirt-herren\/#primaryimage\",\"url\":\"https:\/\/www.meine-tcm.com\/wp-content\/uploads\/2024\/09\/shaolin-gruss-organisches-t-shirt-644105.webp\",\"contentUrl\":\"https:\/\/www.meine-tcm.com\/wp-content\/uploads\/2024\/09\/shaolin-gruss-organisches-t-shirt-644105.webp\",\"width\":990,\"height\":1050},{\"@type\":\"BreadcrumbList\",\"@id\":\"https:\/\/www.meine-tcm.com\/produkt\/shaolin-gruss-organisches-t-shirt-herren\/#breadcrumb\",\"itemListElement\":[{\"@type\":\"ListItem\",\"position\":1,\"name\":\"Home\",\"item\":\"https:\/\/www.meine-tcm.com\/\"},{\"@type\":\"ListItem\",\"position\":2,\"name\":\"Shop\",\"item\":\"https:\/\/www.meine-tcm.com\/shop\/\"},{\"@type\":\"ListItem\",\"position\":3,\"name\":\"Bekleidung\",\"item\":\"https:\/\/www.meine-tcm.com\/produkte\/bekleidung\/\"},{\"@type\":\"ListItem\",\"position\":4,\"name\":\"Shaolin Gru\u00df | Organisches T-Shirt | Herren\"}]},{\"@type\":\"WebSite\",\"@id\":\"https:\/\/www.meine-tcm.com\/#website\",\"url\":\"https:\/\/www.meine-tcm.com\/\",\"name\":\"meine TCM | Traditionelle Chinesische Medizin einfach erkl\u00e4rt\",\"description\":\"Einfach gesund bleiben\",\"publisher\":{\"@id\":\"https:\/\/www.meine-tcm.com\/#organization\"},\"potentialAction\":[{\"@type\":\"SearchAction\",\"target\":{\"@type\":\"EntryPoint\",\"urlTemplate\":\"https:\/\/www.meine-tcm.com\/?s={search_term_string}\"},\"query-input\":{\"@type\":\"PropertyValueSpecification\",\"valueRequired\":true,\"valueName\":\"search_term_string\"}}],\"inLanguage\":\"it-IT\"},{\"@type\":\"Organization\",\"@id\":\"https:\/\/www.meine-tcm.com\/#organization\",\"name\":\"meine-TCM.com \u2014 Traditionelle chinesische Medizin einfach erkl\u00e4rt\",\"url\":\"https:\/\/www.meine-tcm.com\/\",\"logo\":{\"@type\":\"ImageObject\",\"inLanguage\":\"it-IT\",\"@id\":\"https:\/\/www.meine-tcm.com\/#\/schema\/logo\/image\/\",\"url\":\"https:\/\/www.meine-tcm.com\/wp-content\/uploads\/2022\/08\/meine-tcm-traditionelle-chinesische-medizin-einfach-erklaert.png\",\"contentUrl\":\"https:\/\/www.meine-tcm.com\/wp-content\/uploads\/2022\/08\/meine-tcm-traditionelle-chinesische-medizin-einfach-erklaert.png\",\"width\":559,\"height\":479,\"caption\":\"meine-TCM.com \u2014 Traditionelle chinesische Medizin einfach erkl\u00e4rt\"},\"image\":{\"@id\":\"https:\/\/www.meine-tcm.com\/#\/schema\/logo\/image\/\"},\"sameAs\":[\"https:\/\/www.instagram.com\/meinetcm\/\",\"https:\/\/www.youtube.com\/@EinfachbesserLeben\"]}]}<\/script>\n<!-- \/ Yoast SEO plugin. -->","yoast_head_json":{"title":"Shaolin Greeting | Maglietta biologica | Uomo acquistare online","robots":{"index":"index","follow":"follow","max-snippet":"max-snippet:-1","max-image-preview":"max-image-preview:large","max-video-preview":"max-video-preview:-1"},"canonical":"https:\/\/www.meine-tcm.com\/it\/product-2\/shaolin-greeting-organic-t-shirt-men\/","og_locale":"it_IT","og_type":"article","og_title":"Shaolin Gru\u00df | Organisches T-Shirt | Herren online kaufen","og_description":"M\u00f6chtest du ein T-Shirt tragen, das nicht nur stilvoll ist, sondern auch die Botschaft des Respekts und der inneren St\u00e4rke vermittelt?  Dieses Organisches Herren T-Shirt symbolisiert Respekt, Ehrerbietung und Frieden und tr\u00e4gt die Essenz der jahrhundertealten Shaolin-Tradition in sich, die K\u00f6rper und Geist in Einklang bringt.  Dieses T-Shirt wird zu deinem t\u00e4glichen Begleiter, der dich daran erinnert, Respekt und Frieden in dein Leben zu bringen.\u00a0Bestelle jetzt und trage die Botschaft des Shaolin Gru\u00dfes bei dir. Lass dich von der harmonischen Eleganz dieses einzigartigen Designs inspirieren und finde deine innere Balance.  Exklusives Angebot Spare 10%! Verwende den Gutscheincode\u00a0 EBL10\u00a0 beim Checkout und erhalte 10% Rabatt auf deinen Einkauf bei Deivi!","og_url":"https:\/\/www.meine-tcm.com\/it\/product-2\/shaolin-greeting-organic-t-shirt-men\/","og_site_name":"meine TCM | Traditionelle Chinesische Medizin einfach erkl\u00e4rt","article_modified_time":"2024-10-14T09:55:06+00:00","og_image":[{"width":990,"height":1050,"url":"https:\/\/www.meine-tcm.com\/wp-content\/uploads\/2024\/09\/shaolin-gruss-organisches-t-shirt-644105.webp","type":"image\/webp"}],"twitter_card":"summary_large_image","schema":{"@context":"https:\/\/schema.org","@graph":[{"@type":"WebPage","@id":"https:\/\/www.meine-tcm.com\/produkt\/shaolin-gruss-organisches-t-shirt-herren\/","url":"https:\/\/www.meine-tcm.com\/produkt\/shaolin-gruss-organisches-t-shirt-herren\/","name":"Shaolin Greeting | Maglietta biologica | Uomo acquistare online","isPartOf":{"@id":"https:\/\/www.meine-tcm.com\/#website"},"primaryImageOfPage":{"@id":"https:\/\/www.meine-tcm.com\/produkt\/shaolin-gruss-organisches-t-shirt-herren\/#primaryimage"},"image":{"@id":"https:\/\/www.meine-tcm.com\/produkt\/shaolin-gruss-organisches-t-shirt-herren\/#primaryimage"},"thumbnailUrl":"https:\/\/www.meine-tcm.com\/wp-content\/uploads\/2024\/09\/shaolin-gruss-organisches-t-shirt-644105.webp","datePublished":"2024-09-10T07:56:10+00:00","dateModified":"2024-10-14T09:55:06+00:00","breadcrumb":{"@id":"https:\/\/www.meine-tcm.com\/produkt\/shaolin-gruss-organisches-t-shirt-herren\/#breadcrumb"},"inLanguage":"it-IT","potentialAction":[{"@type":"ReadAction","target":["https:\/\/www.meine-tcm.com\/produkt\/shaolin-gruss-organisches-t-shirt-herren\/"]}]},{"@type":"ImageObject","inLanguage":"it-IT","@id":"https:\/\/www.meine-tcm.com\/produkt\/shaolin-gruss-organisches-t-shirt-herren\/#primaryimage","url":"https:\/\/www.meine-tcm.com\/wp-content\/uploads\/2024\/09\/shaolin-gruss-organisches-t-shirt-644105.webp","contentUrl":"https:\/\/www.meine-tcm.com\/wp-content\/uploads\/2024\/09\/shaolin-gruss-organisches-t-shirt-644105.webp","width":990,"height":1050},{"@type":"BreadcrumbList","@id":"https:\/\/www.meine-tcm.com\/produkt\/shaolin-gruss-organisches-t-shirt-herren\/#breadcrumb","itemListElement":[{"@type":"ListItem","position":1,"name":"Home","item":"https:\/\/www.meine-tcm.com\/"},{"@type":"ListItem","position":2,"name":"Shop","item":"https:\/\/www.meine-tcm.com\/shop\/"},{"@type":"ListItem","position":3,"name":"Bekleidung","item":"https:\/\/www.meine-tcm.com\/produkte\/bekleidung\/"},{"@type":"ListItem","position":4,"name":"Shaolin Gru\u00df | Organisches T-Shirt | Herren"}]},{"@type":"WebSite","@id":"https:\/\/www.meine-tcm.com\/#website","url":"https:\/\/www.meine-tcm.com\/","name":"la mia MTC | Medicina Tradizionale Cinese spiegata in modo semplice","description":"Rimanere semplicemente in salute","publisher":{"@id":"https:\/\/www.meine-tcm.com\/#organization"},"potentialAction":[{"@type":"SearchAction","target":{"@type":"EntryPoint","urlTemplate":"https:\/\/www.meine-tcm.com\/?s={search_term_string}"},"query-input":{"@type":"PropertyValueSpecification","valueRequired":true,"valueName":"search_term_string"}}],"inLanguage":"it-IT"},{"@type":"Organization","@id":"https:\/\/www.meine-tcm.com\/#organization","name":"meine-TCM.com - La Medicina Tradizionale Cinese spiegata in modo semplice","url":"https:\/\/www.meine-tcm.com\/","logo":{"@type":"ImageObject","inLanguage":"it-IT","@id":"https:\/\/www.meine-tcm.com\/#\/schema\/logo\/image\/","url":"https:\/\/www.meine-tcm.com\/wp-content\/uploads\/2022\/08\/meine-tcm-traditionelle-chinesische-medizin-einfach-erklaert.png","contentUrl":"https:\/\/www.meine-tcm.com\/wp-content\/uploads\/2022\/08\/meine-tcm-traditionelle-chinesische-medizin-einfach-erklaert.png","width":559,"height":479,"caption":"meine-TCM.com \u2014 Traditionelle chinesische Medizin einfach erkl\u00e4rt"},"image":{"@id":"https:\/\/www.meine-tcm.com\/#\/schema\/logo\/image\/"},"sameAs":["https:\/\/www.instagram.com\/meinetcm\/","https:\/\/www.youtube.com\/@EinfachbesserLeben"]}]}},"wps_subtitle":"","_links":{"self":[{"href":"https:\/\/www.meine-tcm.com\/it\/wp-json\/wp\/v2\/product\/16150","targetHints":{"allow":["GET"]}}],"collection":[{"href":"https:\/\/www.meine-tcm.com\/it\/wp-json\/wp\/v2\/product"}],"about":[{"href":"https:\/\/www.meine-tcm.com\/it\/wp-json\/wp\/v2\/types\/product"}],"replies":[{"embeddable":true,"href":"https:\/\/www.meine-tcm.com\/it\/wp-json\/wp\/v2\/comments?post=16150"}],"wp:featuredmedia":[{"embeddable":true,"href":"https:\/\/www.meine-tcm.com\/it\/wp-json\/wp\/v2\/media\/16153"}],"wp:attachment":[{"href":"https:\/\/www.meine-tcm.com\/it\/wp-json\/wp\/v2\/media?parent=16150"}],"wp:term":[{"taxonomy":"product_brand","embeddable":true,"href":"https:\/\/www.meine-tcm.com\/it\/wp-json\/wp\/v2\/product_brand?post=16150"},{"taxonomy":"product_cat","embeddable":true,"href":"https:\/\/www.meine-tcm.com\/it\/wp-json\/wp\/v2\/product_cat?post=16150"},{"taxonomy":"product_tag","embeddable":true,"href":"https:\/\/www.meine-tcm.com\/it\/wp-json\/wp\/v2\/product_tag?post=16150"}],"curies":[{"name":"wp","href":"https:\/\/api.w.org\/{rel}","templated":true}]}}