{"id":1583,"date":"2020-09-22T12:17:41","date_gmt":"2020-09-22T10:17:41","guid":{"rendered":"https:\/\/www.meine-tcm.com\/?post_type=product&#038;p=1583"},"modified":"2025-03-10T09:04:06","modified_gmt":"2025-03-10T08:04:06","slug":"pacchetto-qi-gong-con-i-migliori-3-corsi-di-qi-gong","status":"publish","type":"product","link":"https:\/\/www.meine-tcm.com\/it\/produkt\/qi-gong-bundle-mit-den-besten-3-qi-gong-kursen\/","title":{"rendered":"Qi Gong - Bundle con i 3 migliori corsi di Qi Gong"},"content":{"rendered":"<div class=\"row\"  id=\"row-1262755413\">\n\n\t<div id=\"col-696175921\" class=\"col medium-9 small-12 large-9\"  >\n\t\t\t\t<div class=\"col-inner\"  >\n\t\t\t\n\t\t\t\n<h2>Corso di Qi Gong per principianti<\/h2>\n<h3>Indice dei contenuti:<\/h3>\n<ul>\n<li><strong>INTRODUZIONE<\/strong>...cos'\u00e8 il Qi Gong e la MTC (Medicina Tradizionale Cinese)<\/li>\n<li><strong>PANORAMICA<\/strong>... cosa vi aspetta in questo videocorso<\/li>\n<li><strong>NEI GONG<\/strong>...Il Qi Gong silenzioso spiegato in breve<\/li>\n<li><strong>PERCH\u00c9 IL QI GONG <\/strong>...l'effetto degli esercizi di Qi Gong<\/li>\n<li><strong>I PRINCIPI DEL QI GONG <\/strong>...respirazione, postura e concentrazione<\/li>\n<li><strong>ALLENAMENTO BREVE<\/strong> (17 minuti)<\/li>\n<li><strong>ALLENAMENTO LUNGO<\/strong> (25 minuti)<\/li>\n<li><strong>NEI GONG <\/strong>... il Qi Gong silenzioso per partecipare<\/li>\n<li><strong>MOTIVAZIONE <\/strong>...istruzioni per l'esercizio e motivazione<strong><br \/>\n<\/strong><\/li>\n<li><strong>DICHIARAZIONE DI ESERCIZIO <\/strong>...tutti gli 8 esercizi spiegati in dettaglio<strong><br \/>\n<\/strong><\/li>\n<li>Durata circa 120 minuti<\/li>\n<\/ul>\n\t\t<\/div>\n\t\t\t\t\t<\/div>\n\n\t\n\n\t<div id=\"col-270145765\" class=\"col medium-3 small-12 large-3\"  >\n\t\t\t\t<div class=\"col-inner\"  >\n\t\t\t\n\t\t\t\n\t<div class=\"img has-hover x md-x lg-x y md-y lg-y\" id=\"image_209820551\">\n\t\t\t\t\t\t\t\t<div class=\"img-inner dark\" >\n\t\t\t<img loading=\"lazy\" decoding=\"async\" width=\"283\" height=\"400\" src=\"https:\/\/www.meine-tcm.com\/wp-content\/uploads\/2014\/08\/1cover-qi-gong-fuer-anfaenger-283x400.jpg\" class=\"attachment-medium size-medium\" alt=\"Immagine di copertina del corso di Qi Gong per principianti con Wolfgang nell&#039;immagine\" srcset=\"https:\/\/www.meine-tcm.com\/wp-content\/uploads\/2014\/08\/1cover-qi-gong-fuer-anfaenger-283x400.jpg 283w, https:\/\/www.meine-tcm.com\/wp-content\/uploads\/2014\/08\/1cover-qi-gong-fuer-anfaenger-510x721.jpg 510w, https:\/\/www.meine-tcm.com\/wp-content\/uploads\/2014\/08\/1cover-qi-gong-fuer-anfaenger-566x800.jpg 566w, https:\/\/www.meine-tcm.com\/wp-content\/uploads\/2014\/08\/1cover-qi-gong-fuer-anfaenger-600x848.jpg 600w, https:\/\/www.meine-tcm.com\/wp-content\/uploads\/2014\/08\/1cover-qi-gong-fuer-anfaenger.jpg 764w\" sizes=\"auto, (max-width: 283px) 100vw, 283px\" title=\"Corso di Qi Gong per principianti da Einfach besser leben\" \/>\t\t\t\t\t\t\n\t\t\t\t\t<\/div>\n\t\t\t\t\t\t\t\t\n<style>\n#image_209820551 {\n  width: 100%;\n}\n<\/style>\n\t<\/div>\n\t\n\t\t<\/div>\n\t\t\t\t\t<\/div>\n\n\t\n<\/div>\n<div class=\"row\"  id=\"row-888726602\">\n\n\t<div id=\"col-217827717\" class=\"col medium-9 small-12 large-9\"  >\n\t\t\t\t<div class=\"col-inner\"  >\n\t\t\t\n\t\t\t\n<h2>Le 8 brocche - Il corso di Qi Gong moderno I<\/h2>\n<h3>Indice dei contenuti:<\/h3>\n<ul>\n<li><strong>INTRODUZIONE<\/strong>...quali sono gli 8 broccati<\/li>\n<li><strong>PERCH\u00c9 IL QI GONG <\/strong>...l'effetto degli esercizi di Qi Gong<\/li>\n<li><strong>I PRINCIPI DEL QI GONG <\/strong>...respirazione, postura e concentrazione<\/li>\n<li><strong>MTC<\/strong>...cos'\u00e8 la MTC (Medicina Tradizionale Cinese)?<\/li>\n<li><strong>DICHIARAZIONE DI ESERCIZIO <\/strong>...tutti gli 8 esercizi spiegati in dettaglio<\/li>\n<li><strong>SEQUENZA COMPLETA<\/strong> (20 minuti)... tutti gli 8 broccati in sequenza<\/li>\n<li><strong>QI E MERIDIANE<\/strong>...cos'\u00e8 il Qi dal punto di vista della MTC?<\/li>\n<li><strong>MOTIVAZIONE <\/strong>...istruzioni per l'esercizio e motivazione<strong><br \/>\n<\/strong><\/li>\n<li>Durata circa 138 minuti<\/li>\n<\/ul>\n\t\t<\/div>\n\t\t\t\t\t<\/div>\n\n\t\n\n\t<div id=\"col-624634068\" class=\"col medium-3 small-12 large-3\"  >\n\t\t\t\t<div class=\"col-inner\"  >\n\t\t\t\n\t\t\t\n\t<div class=\"img has-hover x md-x lg-x y md-y lg-y\" id=\"image_1830613101\">\n\t\t\t\t\t\t\t\t<div class=\"img-inner dark\" >\n\t\t\t<img loading=\"lazy\" decoding=\"async\" width=\"283\" height=\"400\" src=\"https:\/\/www.meine-tcm.com\/wp-content\/uploads\/2014\/06\/1qi-gong-i-283x400.jpg\" class=\"attachment-medium size-medium\" alt=\"Immagine di copertina del corso di Qi Gong moderno 8 broccati con Wolfgang\" srcset=\"https:\/\/www.meine-tcm.com\/wp-content\/uploads\/2014\/06\/1qi-gong-i-283x400.jpg 283w, https:\/\/www.meine-tcm.com\/wp-content\/uploads\/2014\/06\/1qi-gong-i-510x720.jpg 510w, https:\/\/www.meine-tcm.com\/wp-content\/uploads\/2014\/06\/1qi-gong-i-566x800.jpg 566w, https:\/\/www.meine-tcm.com\/wp-content\/uploads\/2014\/06\/1qi-gong-i-768x1085.jpg 768w, https:\/\/www.meine-tcm.com\/wp-content\/uploads\/2014\/06\/1qi-gong-i-600x847.jpg 600w, https:\/\/www.meine-tcm.com\/wp-content\/uploads\/2014\/06\/1qi-gong-i.jpg 1062w\" sizes=\"auto, (max-width: 283px) 100vw, 283px\" title=\"Il corso moderno di Qi Gong 8 Broccato di una vita semplicemente migliore\" \/>\t\t\t\t\t\t\n\t\t\t\t\t<\/div>\n\t\t\t\t\t\t\t\t\n<style>\n#image_1830613101 {\n  width: 100%;\n}\n<\/style>\n\t<\/div>\n\t\n\t\t<\/div>\n\t\t\t\t\t<\/div>\n\n\t\n<\/div>\n<div class=\"row\"  id=\"row-431543795\">\n\n\t<div id=\"col-1878452429\" class=\"col medium-9 small-12 large-9\"  >\n\t\t\t\t<div class=\"col-inner\"  >\n\t\t\t\n\t\t\t\n<h2>Le 18 figure dell'armonia - Corso di Qi Gong moderno II<\/h2>\n<h3>Indice dei contenuti:<\/h3>\n<ul>\n<li><strong>INTRODUZIONE<\/strong>...Shibashi - le 18 figure dell'armonia spiegate brevemente<\/li>\n<li><strong>PANORAMICA<\/strong>...breve introduzione al corso di Qi Gong<\/li>\n<li><strong>MTC<\/strong>...cos'\u00e8 la Medicina Tradizionale Cinese<\/li>\n<li><strong>I PRINCIPI DEL QI GONG<\/strong>...respirazione, postura e concentrazione<\/li>\n<li><strong>DICHIARAZIONE DI ESERCIZIO <\/strong>...tutti gli 8 esercizi spiegati in dettaglio<\/li>\n<li><strong>ALLENAMENTO I<\/strong> (40 minuti)... completare la sequenza in 40 minuti<\/li>\n<li><strong>ALLENAMENTO II<\/strong> (27 minuti)...sequenza completa in 27 minuti<\/li>\n<li><strong>MOTIVAZIONE <\/strong>...istruzioni per l'esercizio e motivazione<strong><br \/>\n<\/strong><\/li>\n<li>Durata circa 238 minuti<\/li>\n<\/ul>\n\t\t<\/div>\n\t\t\t\t\t<\/div>\n\n\t\n\n\t<div id=\"col-1984585975\" class=\"col medium-3 small-12 large-3\"  >\n\t\t\t\t<div class=\"col-inner\"  >\n\t\t\t\n\t\t\t\n\t<div class=\"img has-hover x md-x lg-x y md-y lg-y\" id=\"image_1581742620\">\n\t\t\t\t\t\t\t\t<div class=\"img-inner dark\" >\n\t\t\t<img loading=\"lazy\" decoding=\"async\" width=\"283\" height=\"400\" src=\"https:\/\/www.meine-tcm.com\/wp-content\/uploads\/2014\/08\/qi-gong-kurs-18-figuren-der-harmonie-01-283x400.jpg\" class=\"attachment-medium size-medium\" alt=\"Immagine di copertina del corso di Qi Qong moderno - Le 18 figure dell&#039;armonia\" srcset=\"https:\/\/www.meine-tcm.com\/wp-content\/uploads\/2014\/08\/qi-gong-kurs-18-figuren-der-harmonie-01-283x400.jpg 283w, https:\/\/www.meine-tcm.com\/wp-content\/uploads\/2014\/08\/qi-gong-kurs-18-figuren-der-harmonie-01-510x721.jpg 510w, https:\/\/www.meine-tcm.com\/wp-content\/uploads\/2014\/08\/qi-gong-kurs-18-figuren-der-harmonie-01-566x800.jpg 566w, https:\/\/www.meine-tcm.com\/wp-content\/uploads\/2014\/08\/qi-gong-kurs-18-figuren-der-harmonie-01-600x848.jpg 600w, https:\/\/www.meine-tcm.com\/wp-content\/uploads\/2014\/08\/qi-gong-kurs-18-figuren-der-harmonie-01.jpg 764w\" sizes=\"auto, (max-width: 283px) 100vw, 283px\" title=\"Corso di Qi Qong - Le 18 figure dell&#039;armonia\" \/>\t\t\t\t\t\t\n\t\t\t\t\t<\/div>\n\t\t\t\t\t\t\t\t\n<style>\n#image_1581742620 {\n  width: 100%;\n}\n<\/style>\n\t<\/div>\n\t\n\t\t<\/div>\n\t\t\t\t\t<\/div>\n\n\t\n<\/div>","protected":false},"excerpt":{"rendered":"<p>Questo pacchetto contiene i nostri 3 classici <strong>Qi Gong per principianti<\/strong>, <strong>Qi Gong - Le 8 Brocche<\/strong> e <strong>Qi Gong - Le 18 figure dell'armonia<\/strong> incluso.<br \/>\nAcquistando questo prodotto, riceverete<strong> 15 Sconto %<\/strong> sul prezzo di vendita.<\/p>\n<p><strong>Nota: questo prodotto \u00e8 attualmente disponibile solo per la visione online. Il cofanetto DVD non verr\u00e0 spedito.<\/strong><\/p>","protected":false},"featured_media":1586,"comment_status":"open","ping_status":"closed","template":"","meta":{"_acf_changed":false},"product_brand":[],"product_cat":[103],"product_tag":[],"class_list":{"0":"post-1583","1":"product","2":"type-product","3":"status-publish","4":"has-post-thumbnail","6":"product_cat-qi-gong","8":"first","9":"instock","10":"sale","11":"virtual","12":"taxable","13":"purchasable","14":"product-type-woosb"},"acf":[],"yoast_head":"<!-- This site is optimized with the Yoast SEO plugin v27.3 - https:\/\/yoast.com\/product\/yoast-seo-wordpress\/ -->\n<title>Qi Gong \u2014 Bundle mit den 3 besten Qi Gong Kursen online kaufen<\/title>\n<meta name=\"robots\" content=\"index, follow, max-snippet:-1, max-image-preview:large, max-video-preview:-1\" \/>\n<link rel=\"canonical\" href=\"https:\/\/www.meine-tcm.com\/it\/product-2\/pacchetto-qi-gong-con-i-migliori-3-corsi-di-qi-gong\/\" \/>\n<meta property=\"og:locale\" content=\"it_IT\" \/>\n<meta property=\"og:type\" content=\"article\" \/>\n<meta property=\"og:title\" content=\"Qi Gong \u2014 Bundle mit den 3 besten Qi Gong Kursen online kaufen\" \/>\n<meta property=\"og:description\" content=\"In diesem Paket sind unsere 3 Klassiker Qi Gong f\u00fcr Anf\u00e4nger, Qi Gong \u2014 Die 8 Brokate und Qi Gong \u2014 Die 18 Figuren der Harmonie enthalten. Beim Kauf dieses Produktes erh\u00e4ltst du 15 % Erm\u00e4ssigung auf den Verkaufspreis.  Hinweis: Dieses Produkt ist derzeit ausschlie\u00dflich zum Online-Ansehen verf\u00fcgbar. Der Versand einer DVD-Box erfolgt nicht.\" \/>\n<meta property=\"og:url\" content=\"https:\/\/www.meine-tcm.com\/it\/product-2\/pacchetto-qi-gong-con-i-migliori-3-corsi-di-qi-gong\/\" \/>\n<meta property=\"og:site_name\" content=\"meine TCM | Traditionelle Chinesische Medizin einfach erkl\u00e4rt\" \/>\n<meta property=\"article:modified_time\" content=\"2025-03-10T08:04:06+00:00\" \/>\n<meta property=\"og:image\" content=\"https:\/\/www.meine-tcm.com\/wp-content\/uploads\/2020\/09\/qi-gong-kurse-bundle.jpg\" \/>\n\t<meta property=\"og:image:width\" content=\"600\" \/>\n\t<meta property=\"og:image:height\" content=\"848\" \/>\n\t<meta property=\"og:image:type\" content=\"image\/jpeg\" \/>\n<meta name=\"twitter:card\" content=\"summary_large_image\" \/>\n<meta name=\"twitter:label1\" content=\"Tempo di lettura stimato\" \/>\n\t<meta name=\"twitter:data1\" content=\"2 minuti\" \/>\n<script type=\"application\/ld+json\" class=\"yoast-schema-graph\">{\"@context\":\"https:\\\/\\\/schema.org\",\"@graph\":[{\"@type\":\"WebPage\",\"@id\":\"https:\\\/\\\/www.meine-tcm.com\\\/produkt\\\/qi-gong-bundle-mit-den-besten-3-qi-gong-kursen\\\/\",\"url\":\"https:\\\/\\\/www.meine-tcm.com\\\/produkt\\\/qi-gong-bundle-mit-den-besten-3-qi-gong-kursen\\\/\",\"name\":\"Qi Gong \u2014 Bundle mit den 3 besten Qi Gong Kursen online kaufen\",\"isPartOf\":{\"@id\":\"https:\\\/\\\/www.meine-tcm.com\\\/#website\"},\"primaryImageOfPage\":{\"@id\":\"https:\\\/\\\/www.meine-tcm.com\\\/produkt\\\/qi-gong-bundle-mit-den-besten-3-qi-gong-kursen\\\/#primaryimage\"},\"image\":{\"@id\":\"https:\\\/\\\/www.meine-tcm.com\\\/produkt\\\/qi-gong-bundle-mit-den-besten-3-qi-gong-kursen\\\/#primaryimage\"},\"thumbnailUrl\":\"https:\\\/\\\/www.meine-tcm.com\\\/wp-content\\\/uploads\\\/2020\\\/09\\\/qi-gong-kurse-bundle.jpg\",\"datePublished\":\"2020-09-22T10:17:41+00:00\",\"dateModified\":\"2025-03-10T08:04:06+00:00\",\"breadcrumb\":{\"@id\":\"https:\\\/\\\/www.meine-tcm.com\\\/produkt\\\/qi-gong-bundle-mit-den-besten-3-qi-gong-kursen\\\/#breadcrumb\"},\"inLanguage\":\"it-IT\",\"potentialAction\":[{\"@type\":\"ReadAction\",\"target\":[\"https:\\\/\\\/www.meine-tcm.com\\\/produkt\\\/qi-gong-bundle-mit-den-besten-3-qi-gong-kursen\\\/\"]}]},{\"@type\":\"ImageObject\",\"inLanguage\":\"it-IT\",\"@id\":\"https:\\\/\\\/www.meine-tcm.com\\\/produkt\\\/qi-gong-bundle-mit-den-besten-3-qi-gong-kursen\\\/#primaryimage\",\"url\":\"https:\\\/\\\/www.meine-tcm.com\\\/wp-content\\\/uploads\\\/2020\\\/09\\\/qi-gong-kurse-bundle.jpg\",\"contentUrl\":\"https:\\\/\\\/www.meine-tcm.com\\\/wp-content\\\/uploads\\\/2020\\\/09\\\/qi-gong-kurse-bundle.jpg\",\"width\":600,\"height\":848,\"caption\":\"Online Qi Gong Kurse Bundle\"},{\"@type\":\"BreadcrumbList\",\"@id\":\"https:\\\/\\\/www.meine-tcm.com\\\/produkt\\\/qi-gong-bundle-mit-den-besten-3-qi-gong-kursen\\\/#breadcrumb\",\"itemListElement\":[{\"@type\":\"ListItem\",\"position\":1,\"name\":\"Home\",\"item\":\"https:\\\/\\\/www.meine-tcm.com\\\/\"},{\"@type\":\"ListItem\",\"position\":2,\"name\":\"Shop\",\"item\":\"https:\\\/\\\/www.meine-tcm.com\\\/shop\\\/\"},{\"@type\":\"ListItem\",\"position\":3,\"name\":\"Qi Gong\",\"item\":\"https:\\\/\\\/www.meine-tcm.com\\\/produkte\\\/qi-gong\\\/\"},{\"@type\":\"ListItem\",\"position\":4,\"name\":\"Qi Gong \u2014 Bundle mit den 3 besten Qi Gong Kursen\"}]},{\"@type\":\"WebSite\",\"@id\":\"https:\\\/\\\/www.meine-tcm.com\\\/#website\",\"url\":\"https:\\\/\\\/www.meine-tcm.com\\\/\",\"name\":\"meine TCM | Traditionelle Chinesische Medizin einfach erkl\u00e4rt\",\"description\":\"Einfach gesund bleiben\",\"publisher\":{\"@id\":\"https:\\\/\\\/www.meine-tcm.com\\\/#organization\"},\"potentialAction\":[{\"@type\":\"SearchAction\",\"target\":{\"@type\":\"EntryPoint\",\"urlTemplate\":\"https:\\\/\\\/www.meine-tcm.com\\\/?s={search_term_string}\"},\"query-input\":{\"@type\":\"PropertyValueSpecification\",\"valueRequired\":true,\"valueName\":\"search_term_string\"}}],\"inLanguage\":\"it-IT\"},{\"@type\":\"Organization\",\"@id\":\"https:\\\/\\\/www.meine-tcm.com\\\/#organization\",\"name\":\"meine-TCM.com \u2014 Traditionelle chinesische Medizin einfach erkl\u00e4rt\",\"url\":\"https:\\\/\\\/www.meine-tcm.com\\\/\",\"logo\":{\"@type\":\"ImageObject\",\"inLanguage\":\"it-IT\",\"@id\":\"https:\\\/\\\/www.meine-tcm.com\\\/#\\\/schema\\\/logo\\\/image\\\/\",\"url\":\"https:\\\/\\\/www.meine-tcm.com\\\/wp-content\\\/uploads\\\/2022\\\/08\\\/meine-tcm-traditionelle-chinesische-medizin-einfach-erklaert.png\",\"contentUrl\":\"https:\\\/\\\/www.meine-tcm.com\\\/wp-content\\\/uploads\\\/2022\\\/08\\\/meine-tcm-traditionelle-chinesische-medizin-einfach-erklaert.png\",\"width\":559,\"height\":479,\"caption\":\"meine-TCM.com \u2014 Traditionelle chinesische Medizin einfach erkl\u00e4rt\"},\"image\":{\"@id\":\"https:\\\/\\\/www.meine-tcm.com\\\/#\\\/schema\\\/logo\\\/image\\\/\"},\"sameAs\":[\"https:\\\/\\\/www.instagram.com\\\/meinetcm\\\/\",\"https:\\\/\\\/www.youtube.com\\\/@EinfachbesserLeben\"]}]}<\/script>\n<!-- \/ Yoast SEO plugin. -->","yoast_head_json":{"title":"Qi Gong - Acquista il bundle con i 3 migliori corsi di Qi Gong online","robots":{"index":"index","follow":"follow","max-snippet":"max-snippet:-1","max-image-preview":"max-image-preview:large","max-video-preview":"max-video-preview:-1"},"canonical":"https:\/\/www.meine-tcm.com\/it\/product-2\/pacchetto-qi-gong-con-i-migliori-3-corsi-di-qi-gong\/","og_locale":"it_IT","og_type":"article","og_title":"Qi Gong \u2014 Bundle mit den 3 besten Qi Gong Kursen online kaufen","og_description":"In diesem Paket sind unsere 3 Klassiker Qi Gong f\u00fcr Anf\u00e4nger, Qi Gong \u2014 Die 8 Brokate und Qi Gong \u2014 Die 18 Figuren der Harmonie enthalten. Beim Kauf dieses Produktes erh\u00e4ltst du 15 % Erm\u00e4ssigung auf den Verkaufspreis.  Hinweis: Dieses Produkt ist derzeit ausschlie\u00dflich zum Online-Ansehen verf\u00fcgbar. Der Versand einer DVD-Box erfolgt nicht.","og_url":"https:\/\/www.meine-tcm.com\/it\/product-2\/pacchetto-qi-gong-con-i-migliori-3-corsi-di-qi-gong\/","og_site_name":"meine TCM | Traditionelle Chinesische Medizin einfach erkl\u00e4rt","article_modified_time":"2025-03-10T08:04:06+00:00","og_image":[{"width":600,"height":848,"url":"https:\/\/www.meine-tcm.com\/wp-content\/uploads\/2020\/09\/qi-gong-kurse-bundle.jpg","type":"image\/jpeg"}],"twitter_card":"summary_large_image","twitter_misc":{"Tempo di lettura stimato":"2 minuti"},"schema":{"@context":"https:\/\/schema.org","@graph":[{"@type":"WebPage","@id":"https:\/\/www.meine-tcm.com\/produkt\/qi-gong-bundle-mit-den-besten-3-qi-gong-kursen\/","url":"https:\/\/www.meine-tcm.com\/produkt\/qi-gong-bundle-mit-den-besten-3-qi-gong-kursen\/","name":"Qi Gong - Acquista il bundle con i 3 migliori corsi di Qi Gong online","isPartOf":{"@id":"https:\/\/www.meine-tcm.com\/#website"},"primaryImageOfPage":{"@id":"https:\/\/www.meine-tcm.com\/produkt\/qi-gong-bundle-mit-den-besten-3-qi-gong-kursen\/#primaryimage"},"image":{"@id":"https:\/\/www.meine-tcm.com\/produkt\/qi-gong-bundle-mit-den-besten-3-qi-gong-kursen\/#primaryimage"},"thumbnailUrl":"https:\/\/www.meine-tcm.com\/wp-content\/uploads\/2020\/09\/qi-gong-kurse-bundle.jpg","datePublished":"2020-09-22T10:17:41+00:00","dateModified":"2025-03-10T08:04:06+00:00","breadcrumb":{"@id":"https:\/\/www.meine-tcm.com\/produkt\/qi-gong-bundle-mit-den-besten-3-qi-gong-kursen\/#breadcrumb"},"inLanguage":"it-IT","potentialAction":[{"@type":"ReadAction","target":["https:\/\/www.meine-tcm.com\/produkt\/qi-gong-bundle-mit-den-besten-3-qi-gong-kursen\/"]}]},{"@type":"ImageObject","inLanguage":"it-IT","@id":"https:\/\/www.meine-tcm.com\/produkt\/qi-gong-bundle-mit-den-besten-3-qi-gong-kursen\/#primaryimage","url":"https:\/\/www.meine-tcm.com\/wp-content\/uploads\/2020\/09\/qi-gong-kurse-bundle.jpg","contentUrl":"https:\/\/www.meine-tcm.com\/wp-content\/uploads\/2020\/09\/qi-gong-kurse-bundle.jpg","width":600,"height":848,"caption":"Online Qi Gong Kurse Bundle"},{"@type":"BreadcrumbList","@id":"https:\/\/www.meine-tcm.com\/produkt\/qi-gong-bundle-mit-den-besten-3-qi-gong-kursen\/#breadcrumb","itemListElement":[{"@type":"ListItem","position":1,"name":"Home","item":"https:\/\/www.meine-tcm.com\/"},{"@type":"ListItem","position":2,"name":"Shop","item":"https:\/\/www.meine-tcm.com\/shop\/"},{"@type":"ListItem","position":3,"name":"Qi Gong","item":"https:\/\/www.meine-tcm.com\/produkte\/qi-gong\/"},{"@type":"ListItem","position":4,"name":"Qi Gong \u2014 Bundle mit den 3 besten Qi Gong Kursen"}]},{"@type":"WebSite","@id":"https:\/\/www.meine-tcm.com\/#website","url":"https:\/\/www.meine-tcm.com\/","name":"la mia MTC | Medicina Tradizionale Cinese spiegata in modo semplice","description":"Rimanere semplicemente in salute","publisher":{"@id":"https:\/\/www.meine-tcm.com\/#organization"},"potentialAction":[{"@type":"SearchAction","target":{"@type":"EntryPoint","urlTemplate":"https:\/\/www.meine-tcm.com\/?s={search_term_string}"},"query-input":{"@type":"PropertyValueSpecification","valueRequired":true,"valueName":"search_term_string"}}],"inLanguage":"it-IT"},{"@type":"Organization","@id":"https:\/\/www.meine-tcm.com\/#organization","name":"meine-TCM.com - La Medicina Tradizionale Cinese spiegata in modo semplice","url":"https:\/\/www.meine-tcm.com\/","logo":{"@type":"ImageObject","inLanguage":"it-IT","@id":"https:\/\/www.meine-tcm.com\/#\/schema\/logo\/image\/","url":"https:\/\/www.meine-tcm.com\/wp-content\/uploads\/2022\/08\/meine-tcm-traditionelle-chinesische-medizin-einfach-erklaert.png","contentUrl":"https:\/\/www.meine-tcm.com\/wp-content\/uploads\/2022\/08\/meine-tcm-traditionelle-chinesische-medizin-einfach-erklaert.png","width":559,"height":479,"caption":"meine-TCM.com \u2014 Traditionelle chinesische Medizin einfach erkl\u00e4rt"},"image":{"@id":"https:\/\/www.meine-tcm.com\/#\/schema\/logo\/image\/"},"sameAs":["https:\/\/www.instagram.com\/meinetcm\/","https:\/\/www.youtube.com\/@EinfachbesserLeben"]}]}},"wps_subtitle":"","_links":{"self":[{"href":"https:\/\/www.meine-tcm.com\/it\/wp-json\/wp\/v2\/product\/1583","targetHints":{"allow":["GET"]}}],"collection":[{"href":"https:\/\/www.meine-tcm.com\/it\/wp-json\/wp\/v2\/product"}],"about":[{"href":"https:\/\/www.meine-tcm.com\/it\/wp-json\/wp\/v2\/types\/product"}],"replies":[{"embeddable":true,"href":"https:\/\/www.meine-tcm.com\/it\/wp-json\/wp\/v2\/comments?post=1583"}],"wp:featuredmedia":[{"embeddable":true,"href":"https:\/\/www.meine-tcm.com\/it\/wp-json\/wp\/v2\/media\/1586"}],"wp:attachment":[{"href":"https:\/\/www.meine-tcm.com\/it\/wp-json\/wp\/v2\/media?parent=1583"}],"wp:term":[{"taxonomy":"product_brand","embeddable":true,"href":"https:\/\/www.meine-tcm.com\/it\/wp-json\/wp\/v2\/product_brand?post=1583"},{"taxonomy":"product_cat","embeddable":true,"href":"https:\/\/www.meine-tcm.com\/it\/wp-json\/wp\/v2\/product_cat?post=1583"},{"taxonomy":"product_tag","embeddable":true,"href":"https:\/\/www.meine-tcm.com\/it\/wp-json\/wp\/v2\/product_tag?post=1583"}],"curies":[{"name":"wp","href":"https:\/\/api.w.org\/{rel}","templated":true}]}}