{"id":1416,"date":"2014-06-09T21:48:15","date_gmt":"2014-06-09T19:48:15","guid":{"rendered":"https:\/\/www.meine-tcm.com\/produkt\/qi-gong-kurs-8-brokate\/"},"modified":"2026-04-07T13:02:15","modified_gmt":"2026-04-07T11:02:15","slug":"corso-di-qi-gong-8-broccati","status":"publish","type":"product","link":"https:\/\/www.meine-tcm.com\/it\/product-2\/corso-di-qi-gong-8-broccati\/","title":{"rendered":"Le 8 brocche - Il corso di Qi Gong moderno I"},"content":{"rendered":"<h2>Qi Gong - Le 8 Sfere<\/h2>\n<p>L'arte millenaria della guarigione e del movimento della <strong>Qi Gong<\/strong> vi mostra la strada per ottenere di pi\u00f9 <strong>Energia <\/strong>e <strong>Motivazione<\/strong>. I guaritori orientali hanno sempre saputo che una persona \u00e8 sana fisicamente e mentalmente solo quando la sua energia vitale pu\u00f2 circolare liberamente e senza ostacoli nel corpo. Questa sottile energia vitale \u00e8 chiamata <strong>Medicina tradizionale cinese<\/strong> (MTC) \"Qi\". La parola Qi Gong si traduce approssimativamente come \"lavorare con la propria energia vitale\".<\/p>\n<p>Con questo videocorso imparerete\u00a0<strong>8 esercizi di Qi Gong<\/strong> che erano segreti fino a 100 anni fa, anche se esistevano gi\u00e0 dal XII secolo. Un tempo gli esercizi erano utilizzati con grande successo dai soldati per l'allenamento fisico. Solo in seguito sono diventati di dominio comune in Cina. Oggi, gli 8 broccati sono considerati i pi\u00f9 <strong>forma di Qi Gong pi\u00f9 frequentemente praticata<\/strong> in tutto il mondo. Milioni di persone praticano ogni giorno questa forma bella e semplice. La semplicit\u00e0, ma allo stesso tempo l'efficacia degli 8 esercizi \u00e8 impareggiabile.<\/p>\n<p>Il corso di Qi Gong \u00e8 strutturato come un allenamento individuale. Ciascuna delle <strong>8 Broccati<\/strong> sar\u00e0 mostrato nella schermata <strong>Dettaglio spiegato<\/strong>in modo che sia ben chiaro di cosa bisogna tenere conto durante l'esecuzione. E quali errori evitare. Le sezioni pratiche sono sempre integrate da interessanti informazioni di base.<\/p>\n<ul>\n<li><strong>Attori:<\/strong> Wolfgang Stemer, Ivana Besker Mrkonja<\/li>\n<li><strong>Produttori:<\/strong> EBL Media Production OG<\/li>\n<li><strong>Formato:<\/strong> DVD-Video, PAL o Video online<\/li>\n<li><strong>Lingua:<\/strong> Tedesco (Dolby Digital 2.0 Stereo)<\/li>\n<li><strong>Regione:\u00a0<\/strong>Regione 2<\/li>\n<li><strong>Numero di dischi:<\/strong>\u00a01<\/li>\n<li><strong>FSC:<\/strong>\u00a0Programma informativo<\/li>\n<li><strong>Studio:<\/strong> EBL Media Production OG<\/li>\n<li><strong>Anno di produzione:<\/strong>\u00a02016<\/li>\n<li><strong>Tempo di gioco:<\/strong>\u00a0138,00 minuti<\/li>\n<li><strong>Video:<\/strong> 22<\/li>\n<\/ul>\n<p>Il <strong>Video corso Qi Gong - Le 8 Brocche<\/strong> si pu\u00f2 usare come <strong>DVD<\/strong> o al <strong>Streaming online<\/strong> acquistare. In 22 capitoli imparerete a eseguire i singoli esercizi in modo dettagliato. Potrete esercitarvi insieme alle spiegazioni. Wolfgang e Ivana mostrano passo dopo passo ogni esercizio con il broccato. Informazioni di base sulla medicina tradizionale cinese, sul Qi Gong e sugli 8 broccati completano il videocorso.<\/p>\n<p>L'intera sequenza di esercizi dura circa 20 minuti. Questo significa che potete completare la vostra pratica del Qigong con Ivana e Wolfgang ogni giorno. E se avete domande sui singoli esercizi, potete tornare alle spiegazioni degli esercizi in qualsiasi momento e migliorare continuamente la vostra sequenza di esercizi, magari perfezionandola nel tempo.<strong> Divertitevi!<\/strong><\/p>\n<div class=\"video video-fit mb\" style=\"padding-top:56.25%;\"><p><iframe loading=\"lazy\" title=\"Il corso moderno di Qi Gong - Le 8 brocche (filmato teaser per il DVD)\" width=\"1020\" height=\"574\" src=\"https:\/\/www.youtube.com\/embed\/JE9rozuzSx0?feature=oembed\" frameborder=\"0\" allow=\"accelerometer; autoplay; clipboard-write; encrypted-media; gyroscope; picture-in-picture\" allowfullscreen><\/iframe><\/p>\n<\/div>\n\t<div id=\"gap-79767449\" class=\"gap-element clearfix\" style=\"display:block; height:auto;\">\n\t\t\n<style>\n#gap-79767449 {\n  padding-top: 30px;\n}\n<\/style>\n\t<\/div>\n\t\n<h2>Le 8 brocche - Il corso di Qi Gong moderno I<\/h2>\n<h3>Indice dei contenuti:<\/h3>\n<ul>\n<li><strong>INTRODUZIONE<\/strong>...quali sono gli 8 broccati<\/li>\n<li><strong>PERCH\u00c9 IL QI GONG <\/strong>...l'effetto degli esercizi di Qi Gong<\/li>\n<li><strong>I PRINCIPI DEL QI GONG <\/strong>...respirazione, postura e concentrazione<\/li>\n<li><strong>MTC<\/strong>...cos'\u00e8 la MTC (Medicina Tradizionale Cinese)?<\/li>\n<li><strong>DICHIARAZIONE DI ESERCIZIO <\/strong>...tutti gli 8 esercizi spiegati in dettaglio<\/li>\n<li><strong>SEQUENZA COMPLETA<\/strong> (20 minuti)... tutti gli 8 broccati in sequenza<\/li>\n<li><strong>QI E MERIDIANE<\/strong>...cos'\u00e8 il Qi dal punto di vista della MTC?<\/li>\n<li><strong>MOTIVAZIONE <\/strong>...istruzioni per l'esercizio e motivazione<strong><br \/>\n<\/strong><\/li>\n<li>Durata circa 138 minuti<\/li>\n<\/ul>","protected":false},"excerpt":{"rendered":"<p>Nel nostro mondo frenetico, sempre pi\u00f9 persone soffrono di una cronica mancanza di energia. La stanchezza, la mancanza di motivazione e la sensazione di essere sopraffatti sono familiari a molti. Ma soffriamo anche di una serie di disturbi fisici che ci tolgono gradualmente la voglia di vivere.<\/p>\n<p>Con questo<strong> Video corso Qigong - Le 8 Brocche<\/strong> troverete un modo semplice e soprattutto pratico per uscire da questo dilemma. Con solo <strong>20 minuti di pratica quotidiana<\/strong>\u00a0\u00e8 possibile rinnovare la propria energia e salute personale dalle fondamenta!<\/p>","protected":false},"featured_media":1419,"comment_status":"open","ping_status":"closed","template":"","meta":{"_acf_changed":false},"product_brand":[],"product_cat":[103],"product_tag":[123,124,152,166,167,168],"class_list":{"0":"post-1416","1":"product","2":"type-product","3":"status-publish","4":"has-post-thumbnail","6":"product_cat-qi-gong","7":"product_tag-erkaeltung","8":"product_tag-verdauung","9":"product_tag-impotenz","10":"product_tag-haeufiger-harndrang","11":"product_tag-burn-out","12":"product_tag-samenverlust","14":"first","15":"instock","16":"featured","17":"taxable","18":"shipping-taxable","19":"purchasable","20":"product-type-variable"},"acf":[],"yoast_head":"<!-- This site is optimized with the Yoast SEO plugin v27.1.1 - https:\/\/yoast.com\/product\/yoast-seo-wordpress\/ -->\n<title>Qi Gong Kurs: Die 8 Brokate<\/title>\n<meta name=\"description\" content=\"Mit diesem Videokurs lernst du die Qi Gong \u00dcbungen der 8 Brokate. Alle \u00dcbungen werden sehr detailliert erkl\u00e4rt. Plus: viele TCM Hintergrundinfos.\" \/>\n<meta name=\"robots\" content=\"index, follow, max-snippet:-1, max-image-preview:large, max-video-preview:-1\" \/>\n<link rel=\"canonical\" href=\"https:\/\/www.meine-tcm.com\/it\/product-2\/corso-di-qi-gong-8-broccati\/\" \/>\n<meta property=\"og:locale\" content=\"it_IT\" \/>\n<meta property=\"og:type\" content=\"article\" \/>\n<meta property=\"og:title\" content=\"Qi Gong Kurs: Die 8 Brokate\" \/>\n<meta property=\"og:description\" content=\"Mit diesem Videokurs lernst du die Qi Gong \u00dcbungen der 8 Brokate. Alle \u00dcbungen werden sehr detailliert erkl\u00e4rt. Plus: viele TCM Hintergrundinfos. Der Kurs ist als DVD, zum Online Ansehen oder als App im Apple App Store und Google Play Store erh\u00e4ltlich.\" \/>\n<meta property=\"og:url\" content=\"https:\/\/www.meine-tcm.com\/it\/product-2\/corso-di-qi-gong-8-broccati\/\" \/>\n<meta property=\"og:site_name\" content=\"meine TCM | Traditionelle Chinesische Medizin einfach erkl\u00e4rt\" \/>\n<meta property=\"article:modified_time\" content=\"2026-04-07T11:02:15+00:00\" \/>\n<meta property=\"og:image\" content=\"https:\/\/www.meine-tcm.com\/wp-content\/uploads\/2014\/06\/qi-gong-kurs-8-brokate-04.jpg\" \/>\n\t<meta property=\"og:image:width\" content=\"764\" \/>\n\t<meta property=\"og:image:height\" content=\"1080\" \/>\n\t<meta property=\"og:image:type\" content=\"image\/jpeg\" \/>\n<meta name=\"twitter:card\" content=\"summary_large_image\" \/>\n<meta name=\"twitter:title\" content=\"Qi Gong Kurs: Die 8 Brokate\" \/>\n<meta name=\"twitter:description\" content=\"Mit diesem Videokurs lernst du die Qi Gong \u00dcbungen der 8 Brokate. Alle \u00dcbungen werden sehr detailliert erkl\u00e4rt. Plus: viele TCM Hintergrundinfos. Der Kurs ist als DVD, zum Online Ansehen oder als App im Apple App Store und Google Play Store erh\u00e4ltlich.\" \/>\n<meta name=\"twitter:image\" content=\"https:\/\/www.meine-tcm.com\/wp-content\/uploads\/2014\/06\/qi-gong-kurs-8-brokate-04.jpg\" \/>\n<meta name=\"twitter:label1\" content=\"Tempo di lettura stimato\" \/>\n\t<meta name=\"twitter:data1\" content=\"2 minuti\" \/>\n<script type=\"application\/ld+json\" class=\"yoast-schema-graph\">{\"@context\":\"https:\/\/schema.org\",\"@graph\":[{\"@type\":\"WebPage\",\"@id\":\"https:\/\/www.meine-tcm.com\/produkt\/qi-gong-kurs-8-brokate\/\",\"url\":\"https:\/\/www.meine-tcm.com\/produkt\/qi-gong-kurs-8-brokate\/\",\"name\":\"Qi Gong Kurs: Die 8 Brokate\",\"isPartOf\":{\"@id\":\"https:\/\/www.meine-tcm.com\/#website\"},\"primaryImageOfPage\":{\"@id\":\"https:\/\/www.meine-tcm.com\/produkt\/qi-gong-kurs-8-brokate\/#primaryimage\"},\"image\":{\"@id\":\"https:\/\/www.meine-tcm.com\/produkt\/qi-gong-kurs-8-brokate\/#primaryimage\"},\"thumbnailUrl\":\"https:\/\/www.meine-tcm.com\/wp-content\/uploads\/2014\/06\/1qi-gong-i.jpg\",\"datePublished\":\"2014-06-09T19:48:15+00:00\",\"dateModified\":\"2026-04-07T11:02:15+00:00\",\"description\":\"Mit diesem Videokurs lernst du die Qi Gong \u00dcbungen der 8 Brokate. Alle \u00dcbungen werden sehr detailliert erkl\u00e4rt. Plus: viele TCM Hintergrundinfos.\",\"breadcrumb\":{\"@id\":\"https:\/\/www.meine-tcm.com\/produkt\/qi-gong-kurs-8-brokate\/#breadcrumb\"},\"inLanguage\":\"it-IT\",\"potentialAction\":[{\"@type\":\"ReadAction\",\"target\":[\"https:\/\/www.meine-tcm.com\/produkt\/qi-gong-kurs-8-brokate\/\"]}]},{\"@type\":\"ImageObject\",\"inLanguage\":\"it-IT\",\"@id\":\"https:\/\/www.meine-tcm.com\/produkt\/qi-gong-kurs-8-brokate\/#primaryimage\",\"url\":\"https:\/\/www.meine-tcm.com\/wp-content\/uploads\/2014\/06\/1qi-gong-i.jpg\",\"contentUrl\":\"https:\/\/www.meine-tcm.com\/wp-content\/uploads\/2014\/06\/1qi-gong-i.jpg\",\"width\":1062,\"height\":1500,\"caption\":\"Der moderne Qi Gong Kurs 8 Brokate von Einfach besser leben\"},{\"@type\":\"BreadcrumbList\",\"@id\":\"https:\/\/www.meine-tcm.com\/produkt\/qi-gong-kurs-8-brokate\/#breadcrumb\",\"itemListElement\":[{\"@type\":\"ListItem\",\"position\":1,\"name\":\"Home\",\"item\":\"https:\/\/www.meine-tcm.com\/\"},{\"@type\":\"ListItem\",\"position\":2,\"name\":\"Shop\",\"item\":\"https:\/\/www.meine-tcm.com\/shop\/\"},{\"@type\":\"ListItem\",\"position\":3,\"name\":\"Qi Gong\",\"item\":\"https:\/\/www.meine-tcm.com\/produkte\/qi-gong\/\"},{\"@type\":\"ListItem\",\"position\":4,\"name\":\"Die 8 Brokate \u2014 Der moderne Qi Gong Kurs I\"}]},{\"@type\":\"WebSite\",\"@id\":\"https:\/\/www.meine-tcm.com\/#website\",\"url\":\"https:\/\/www.meine-tcm.com\/\",\"name\":\"meine TCM | Traditionelle Chinesische Medizin einfach erkl\u00e4rt\",\"description\":\"Einfach gesund bleiben\",\"publisher\":{\"@id\":\"https:\/\/www.meine-tcm.com\/#organization\"},\"potentialAction\":[{\"@type\":\"SearchAction\",\"target\":{\"@type\":\"EntryPoint\",\"urlTemplate\":\"https:\/\/www.meine-tcm.com\/?s={search_term_string}\"},\"query-input\":{\"@type\":\"PropertyValueSpecification\",\"valueRequired\":true,\"valueName\":\"search_term_string\"}}],\"inLanguage\":\"it-IT\"},{\"@type\":\"Organization\",\"@id\":\"https:\/\/www.meine-tcm.com\/#organization\",\"name\":\"meine-TCM.com \u2014 Traditionelle chinesische Medizin einfach erkl\u00e4rt\",\"url\":\"https:\/\/www.meine-tcm.com\/\",\"logo\":{\"@type\":\"ImageObject\",\"inLanguage\":\"it-IT\",\"@id\":\"https:\/\/www.meine-tcm.com\/#\/schema\/logo\/image\/\",\"url\":\"https:\/\/www.meine-tcm.com\/wp-content\/uploads\/2022\/08\/meine-tcm-traditionelle-chinesische-medizin-einfach-erklaert.png\",\"contentUrl\":\"https:\/\/www.meine-tcm.com\/wp-content\/uploads\/2022\/08\/meine-tcm-traditionelle-chinesische-medizin-einfach-erklaert.png\",\"width\":559,\"height\":479,\"caption\":\"meine-TCM.com \u2014 Traditionelle chinesische Medizin einfach erkl\u00e4rt\"},\"image\":{\"@id\":\"https:\/\/www.meine-tcm.com\/#\/schema\/logo\/image\/\"},\"sameAs\":[\"https:\/\/www.instagram.com\/meinetcm\/\",\"https:\/\/www.youtube.com\/@EinfachbesserLeben\"]}]}<\/script>\n<!-- \/ Yoast SEO plugin. -->","yoast_head_json":{"title":"Corso di Qi Gong: Le 8 Sfere","description":"Con questo videocorso imparerete gli esercizi di Qi Gong delle 8 Brocche. Tutti gli esercizi sono spiegati in modo molto dettagliato. Inoltre: molte informazioni di base sulla MTC.","robots":{"index":"index","follow":"follow","max-snippet":"max-snippet:-1","max-image-preview":"max-image-preview:large","max-video-preview":"max-video-preview:-1"},"canonical":"https:\/\/www.meine-tcm.com\/it\/product-2\/corso-di-qi-gong-8-broccati\/","og_locale":"it_IT","og_type":"article","og_title":"Qi Gong Kurs: Die 8 Brokate","og_description":"Mit diesem Videokurs lernst du die Qi Gong \u00dcbungen der 8 Brokate. Alle \u00dcbungen werden sehr detailliert erkl\u00e4rt. Plus: viele TCM Hintergrundinfos. Der Kurs ist als DVD, zum Online Ansehen oder als App im Apple App Store und Google Play Store erh\u00e4ltlich.","og_url":"https:\/\/www.meine-tcm.com\/it\/product-2\/corso-di-qi-gong-8-broccati\/","og_site_name":"meine TCM | Traditionelle Chinesische Medizin einfach erkl\u00e4rt","article_modified_time":"2026-04-07T11:02:15+00:00","og_image":[{"width":764,"height":1080,"url":"https:\/\/www.meine-tcm.com\/wp-content\/uploads\/2014\/06\/qi-gong-kurs-8-brokate-04.jpg","type":"image\/jpeg"}],"twitter_card":"summary_large_image","twitter_title":"Qi Gong Kurs: Die 8 Brokate","twitter_description":"Mit diesem Videokurs lernst du die Qi Gong \u00dcbungen der 8 Brokate. Alle \u00dcbungen werden sehr detailliert erkl\u00e4rt. Plus: viele TCM Hintergrundinfos. Der Kurs ist als DVD, zum Online Ansehen oder als App im Apple App Store und Google Play Store erh\u00e4ltlich.","twitter_image":"https:\/\/www.meine-tcm.com\/wp-content\/uploads\/2014\/06\/qi-gong-kurs-8-brokate-04.jpg","twitter_misc":{"Tempo di lettura stimato":"2 minuti"},"schema":{"@context":"https:\/\/schema.org","@graph":[{"@type":"WebPage","@id":"https:\/\/www.meine-tcm.com\/produkt\/qi-gong-kurs-8-brokate\/","url":"https:\/\/www.meine-tcm.com\/produkt\/qi-gong-kurs-8-brokate\/","name":"Corso di Qi Gong: Le 8 Sfere","isPartOf":{"@id":"https:\/\/www.meine-tcm.com\/#website"},"primaryImageOfPage":{"@id":"https:\/\/www.meine-tcm.com\/produkt\/qi-gong-kurs-8-brokate\/#primaryimage"},"image":{"@id":"https:\/\/www.meine-tcm.com\/produkt\/qi-gong-kurs-8-brokate\/#primaryimage"},"thumbnailUrl":"https:\/\/www.meine-tcm.com\/wp-content\/uploads\/2014\/06\/1qi-gong-i.jpg","datePublished":"2014-06-09T19:48:15+00:00","dateModified":"2026-04-07T11:02:15+00:00","description":"Con questo videocorso imparerete gli esercizi di Qi Gong delle 8 Brocche. Tutti gli esercizi sono spiegati in modo molto dettagliato. Inoltre: molte informazioni di base sulla MTC.","breadcrumb":{"@id":"https:\/\/www.meine-tcm.com\/produkt\/qi-gong-kurs-8-brokate\/#breadcrumb"},"inLanguage":"it-IT","potentialAction":[{"@type":"ReadAction","target":["https:\/\/www.meine-tcm.com\/produkt\/qi-gong-kurs-8-brokate\/"]}]},{"@type":"ImageObject","inLanguage":"it-IT","@id":"https:\/\/www.meine-tcm.com\/produkt\/qi-gong-kurs-8-brokate\/#primaryimage","url":"https:\/\/www.meine-tcm.com\/wp-content\/uploads\/2014\/06\/1qi-gong-i.jpg","contentUrl":"https:\/\/www.meine-tcm.com\/wp-content\/uploads\/2014\/06\/1qi-gong-i.jpg","width":1062,"height":1500,"caption":"Der moderne Qi Gong Kurs 8 Brokate von Einfach besser leben"},{"@type":"BreadcrumbList","@id":"https:\/\/www.meine-tcm.com\/produkt\/qi-gong-kurs-8-brokate\/#breadcrumb","itemListElement":[{"@type":"ListItem","position":1,"name":"Home","item":"https:\/\/www.meine-tcm.com\/"},{"@type":"ListItem","position":2,"name":"Shop","item":"https:\/\/www.meine-tcm.com\/shop\/"},{"@type":"ListItem","position":3,"name":"Qi Gong","item":"https:\/\/www.meine-tcm.com\/produkte\/qi-gong\/"},{"@type":"ListItem","position":4,"name":"Die 8 Brokate \u2014 Der moderne Qi Gong Kurs I"}]},{"@type":"WebSite","@id":"https:\/\/www.meine-tcm.com\/#website","url":"https:\/\/www.meine-tcm.com\/","name":"la mia MTC | Medicina Tradizionale Cinese spiegata in modo semplice","description":"Rimanere semplicemente in salute","publisher":{"@id":"https:\/\/www.meine-tcm.com\/#organization"},"potentialAction":[{"@type":"SearchAction","target":{"@type":"EntryPoint","urlTemplate":"https:\/\/www.meine-tcm.com\/?s={search_term_string}"},"query-input":{"@type":"PropertyValueSpecification","valueRequired":true,"valueName":"search_term_string"}}],"inLanguage":"it-IT"},{"@type":"Organization","@id":"https:\/\/www.meine-tcm.com\/#organization","name":"meine-TCM.com - La Medicina Tradizionale Cinese spiegata in modo semplice","url":"https:\/\/www.meine-tcm.com\/","logo":{"@type":"ImageObject","inLanguage":"it-IT","@id":"https:\/\/www.meine-tcm.com\/#\/schema\/logo\/image\/","url":"https:\/\/www.meine-tcm.com\/wp-content\/uploads\/2022\/08\/meine-tcm-traditionelle-chinesische-medizin-einfach-erklaert.png","contentUrl":"https:\/\/www.meine-tcm.com\/wp-content\/uploads\/2022\/08\/meine-tcm-traditionelle-chinesische-medizin-einfach-erklaert.png","width":559,"height":479,"caption":"meine-TCM.com \u2014 Traditionelle chinesische Medizin einfach erkl\u00e4rt"},"image":{"@id":"https:\/\/www.meine-tcm.com\/#\/schema\/logo\/image\/"},"sameAs":["https:\/\/www.instagram.com\/meinetcm\/","https:\/\/www.youtube.com\/@EinfachbesserLeben"]}]}},"wps_subtitle":"","_links":{"self":[{"href":"https:\/\/www.meine-tcm.com\/it\/wp-json\/wp\/v2\/product\/1416","targetHints":{"allow":["GET"]}}],"collection":[{"href":"https:\/\/www.meine-tcm.com\/it\/wp-json\/wp\/v2\/product"}],"about":[{"href":"https:\/\/www.meine-tcm.com\/it\/wp-json\/wp\/v2\/types\/product"}],"replies":[{"embeddable":true,"href":"https:\/\/www.meine-tcm.com\/it\/wp-json\/wp\/v2\/comments?post=1416"}],"wp:featuredmedia":[{"embeddable":true,"href":"https:\/\/www.meine-tcm.com\/it\/wp-json\/wp\/v2\/media\/1419"}],"wp:attachment":[{"href":"https:\/\/www.meine-tcm.com\/it\/wp-json\/wp\/v2\/media?parent=1416"}],"wp:term":[{"taxonomy":"product_brand","embeddable":true,"href":"https:\/\/www.meine-tcm.com\/it\/wp-json\/wp\/v2\/product_brand?post=1416"},{"taxonomy":"product_cat","embeddable":true,"href":"https:\/\/www.meine-tcm.com\/it\/wp-json\/wp\/v2\/product_cat?post=1416"},{"taxonomy":"product_tag","embeddable":true,"href":"https:\/\/www.meine-tcm.com\/it\/wp-json\/wp\/v2\/product_tag?post=1416"}],"curies":[{"name":"wp","href":"https:\/\/api.w.org\/{rel}","templated":true}]}}