{"id":1406,"date":"2014-07-06T10:43:57","date_gmt":"2014-07-06T08:43:57","guid":{"rendered":"https:\/\/www.meine-tcm.com\/produkt\/dein-ganzheitliches-rueckentraining-1\/"},"modified":"2026-04-09T10:32:01","modified_gmt":"2026-04-09T08:32:01","slug":"il-vostro-allenamento-olistico-per-la-schiena-1","status":"publish","type":"product","link":"https:\/\/www.meine-tcm.com\/it\/product-2\/il-vostro-allenamento-olistico-per-la-schiena-1\/","title":{"rendered":"Il vostro allenamento olistico per la schiena"},"content":{"rendered":"<h2><strong>Finalmente liberi dal mal di schiena!<\/strong><\/h2>\n<p>A <strong>Mal di schiena<\/strong> Per risolvere definitivamente il problema \u00e8 necessario un programma di allenamento olistico che si rivolga sia al corpo che alla mente. Lo stress \u00e8 considerato uno dei maggiori fattori scatenanti di <strong>Mal di schiena<\/strong> ed \u00e8 proprio qui che la medicina orientale ha una grande esperienza da offrire.<\/p>\n<p>Perch\u00e9 \u00e8 nella <strong>Medicina tradizionale cinese (MTC)<\/strong> \u00c8 evidente che il corpo e la mente non possono essere considerati separatamente. Il Qi Gong e la digitopressione, in particolare, si rivolgono al sistema energetico umano. Questo non stimola solo il corpo, ma anche la mente. <strong>benessere emotivo<\/strong> influenzato positivamente. Questo, a sua volta, \u00e8 un importante prerequisito affinch\u00e9 il corpo possa sciogliere meglio le tensioni della colonna vertebrale. In questo modo non solo si raddrizza internamente, ma si migliora anche la postura esterna.<\/p>\n<p>\u00c8 possibile con pochi minuti al giorno, <strong>Senza dolore permanente<\/strong> diventare. Tuttavia, questo richiede anche un po' di resistenza. Perch\u00e9 i risultati migliori si ottengono quando ci si allena regolarmente, cio\u00e8 almeno 3 volte alla settimana. In questo video <strong>3 diversi\u00a0<\/strong>vengono mostrati i programmi pi\u00f9 lunghi. A seconda della durata dell'allenamento, \u00e8 possibile scegliere tra 3 programmi di allenamento.<\/p>\n<h3><strong>CONTENUTI<\/strong><\/h3>\n<p>Il <strong>Formazione sul retro<\/strong> \u00e8 strutturato come un programma di formazione individuale. Ciascuna delle <strong>25 esercizi per la schiena<\/strong> \u00e8 spiegato in dettaglio, in modo che sia chiaro a cosa prestare attenzione e quali errori evitare.<\/p>\n<ul>\n<li>3 allenamenti da 7 minuti, 20 minuti o 33 minuti,<\/li>\n<li>25 esercizi per la schiena spiegati in modo completo e dettagliato,<\/li>\n<li>L'allenamento della schiena \u00e8 facile da imparare,<\/li>\n<li>Adatto a tutte le et\u00e0 e a tutti i livelli di fitness,<\/li>\n<li>Eseguibile ovunque e in qualsiasi momento, \u00e8 sufficiente visualizzarlo sul proprio smartphone o tablet.<\/li>\n<\/ul>\n<div class=\"row\"  id=\"row-1647875835\">\n\n\t<div id=\"col-1199751892\" class=\"col medium-6 small-12 large-6\"  >\n\t\t\t\t<div class=\"col-inner\" style=\"background-color:rgba(218, 221, 222, 0.35);\" >\n\t\t\t\n\t\t\t\n<div class=\"video video-fit mb\" style=\"padding-top:56.25%;\"><p><iframe loading=\"lazy\" title=\"I migliori esercizi per il mal di schiena (parte 4 di 5) - Cinque esercizi in dettaglio\" width=\"1020\" height=\"574\" src=\"https:\/\/www.youtube.com\/embed\/RYIQAW-wO38?feature=oembed\" frameborder=\"0\" allow=\"accelerometer; autoplay; clipboard-write; encrypted-media; gyroscope; picture-in-picture\" allowfullscreen><\/iframe><\/p>\n<\/div>\n<h3>5 esercizi campione del nostro corso<\/h3>\n<p>Per darvi un'idea di come \u00e8 strutturato il nostro videocorso, Wolfgang vi mostra un estratto dei 25 esercizi per la schiena che Wolfgang spiega in dettaglio nel nostro videocorso.<\/p>\n\t\t<\/div>\n\t\t\t\t\n<style>\n#col-1199751892 > .col-inner {\n  padding: 10px 10px 1px 10px;\n}\n<\/style>\n\t<\/div>\n\n\t\n\n\t<div id=\"col-1104630656\" class=\"col medium-6 small-12 large-6\"  >\n\t\t\t\t<div class=\"col-inner text-left\" style=\"background-color:rgba(218, 221, 222, 0.35);\" >\n\t\t\t\n\t\t\t\n<div class=\"video video-fit mb\" style=\"padding-top:56.25%;\"><p><iframe loading=\"lazy\" title=\"Il vostro allenamento olistico per la schiena - I 25 migliori esercizi contro il mal di schiena (film teaser in DVD)\" width=\"1020\" height=\"574\" src=\"https:\/\/www.youtube.com\/embed\/VKVa4iBV2_8?feature=oembed\" frameborder=\"0\" allow=\"accelerometer; autoplay; clipboard-write; encrypted-media; gyroscope; picture-in-picture\" allowfullscreen><\/iframe><\/p>\n<\/div>\n<h3>Trailer del nostro videocorso<\/h3>\n<p>Il vostro allenamento olistico per la schiena - I migliori esercizi della medicina occidentale e orientale.<\/p>\n\t\t<\/div>\n\t\t\t\t\n<style>\n#col-1104630656 > .col-inner {\n  padding: 10px 10px 69px 10px;\n}\n<\/style>\n\t<\/div>\n\n\t\n<\/div>\n<h3><strong>FATTI<\/strong><\/h3>\n<p>Wolfgang Stemer \u00e8 un operatore Shiatsu, istruttore di fitness, istruttore di Pilates e insegnante di Qi Gong, nonch\u00e9 terapeuta di MTC con 20 anni di esperienza pratica nel lavoro con le persone e nell'insegnamento.<\/p>\n<ul>\n<li><strong>Formato:<\/strong>\u00a0PAL<\/li>\n<li><strong>Lingua:<\/strong>\u00a0Tedesco (Dolby Digital 2.0 Stereo)<\/li>\n<li><strong>Regione:<\/strong>\u00a0Regione 2<\/li>\n<li><strong>Numero di dischi:<\/strong>\u00a01<\/li>\n<li><strong>FSC:<\/strong>\u00a0Programma di insegnamento<\/li>\n<li><strong>Studio:<\/strong>\u00a0Produzione multimediale EBL<\/li>\n<li><strong>Anno di produzione:<\/strong>\u00a02016<\/li>\n<li><strong>Tempo di gioco:<\/strong>\u00a0143 minuti<\/li>\n<\/ul>","protected":false},"excerpt":{"rendered":"<p>Con questo <strong>allenamento olistico della schiena<\/strong> vi verr\u00e0 mostrato un metodo efficace e facilmente comprensibile, <strong>Mal di schiena<\/strong> Finalmente ci si pu\u00f2 sbarazzare di loro. I migliori esercizi di <strong>esercizi classici per la schiena<\/strong>, <strong>medicina tradizionale cinese<\/strong>, <strong>Pilates<\/strong> e<strong> Agopressione<\/strong> costituiscono la base dell'allenamento. \u00c8 possibile eliminare definitivamente il mal di schiena con un piccolo impegno quotidiano.<\/p>","protected":false},"featured_media":1410,"comment_status":"open","ping_status":"closed","template":"","meta":{"_acf_changed":false},"product_brand":[],"product_cat":[116],"product_tag":[114,155,181],"class_list":{"0":"post-1406","1":"product","2":"type-product","3":"status-publish","4":"has-post-thumbnail","6":"product_cat-rueckenschmerzen","7":"product_tag-rueckenschmerzen","8":"product_tag-nackenverspannungen","9":"product_tag-osteoporose","11":"first","12":"instock","13":"featured","14":"taxable","15":"shipping-taxable","16":"purchasable","17":"product-type-variable"},"acf":[],"yoast_head":"<!-- This site is optimized with the Yoast SEO plugin v27.1.1 - https:\/\/yoast.com\/product\/yoast-seo-wordpress\/ -->\n<title>Dein ganzheitliches R\u00fcckentraining Online Kaufen<\/title>\n<meta name=\"description\" content=\"Werde deine l\u00e4stigen R\u00fcckenschmerzen endlich dauerhaft los mit diesem Video Kurs. Im R\u00fcckentraining lernst du die 25 besten \u00dcbungen.\" \/>\n<meta name=\"robots\" content=\"index, follow, max-snippet:-1, max-image-preview:large, max-video-preview:-1\" \/>\n<link rel=\"canonical\" href=\"https:\/\/www.meine-tcm.com\/it\/product-2\/il-vostro-allenamento-olistico-per-la-schiena-1\/\" \/>\n<meta property=\"og:locale\" content=\"it_IT\" \/>\n<meta property=\"og:type\" content=\"article\" \/>\n<meta property=\"og:title\" content=\"Dein ganzheitliches R\u00fcckentraining Online Kaufen\" \/>\n<meta property=\"og:description\" content=\"Werde deine l\u00e4stigen R\u00fcckenschmerzen endlich dauerhaft los mit diesem Video Kurs. Im R\u00fcckentraining lernst du die 25 besten \u00dcbungen.\" \/>\n<meta property=\"og:url\" content=\"https:\/\/www.meine-tcm.com\/it\/product-2\/il-vostro-allenamento-olistico-per-la-schiena-1\/\" \/>\n<meta property=\"og:site_name\" content=\"meine TCM | Traditionelle Chinesische Medizin einfach erkl\u00e4rt\" \/>\n<meta property=\"article:modified_time\" content=\"2026-04-09T08:32:01+00:00\" \/>\n<meta property=\"og:image\" content=\"https:\/\/www.meine-tcm.com\/wp-content\/uploads\/2014\/07\/ganzheitliches-rueckentraining-kurs-01.jpg\" \/>\n\t<meta property=\"og:image:width\" content=\"764\" \/>\n\t<meta property=\"og:image:height\" content=\"1080\" \/>\n\t<meta property=\"og:image:type\" content=\"image\/jpeg\" \/>\n<meta name=\"twitter:card\" content=\"summary_large_image\" \/>\n<meta name=\"twitter:label1\" content=\"Tempo di lettura stimato\" \/>\n\t<meta name=\"twitter:data1\" content=\"3 minuti\" \/>\n<script type=\"application\/ld+json\" class=\"yoast-schema-graph\">{\"@context\":\"https:\/\/schema.org\",\"@graph\":[{\"@type\":\"WebPage\",\"@id\":\"https:\/\/www.meine-tcm.com\/produkt\/dein-ganzheitliches-rueckentraining-1\/\",\"url\":\"https:\/\/www.meine-tcm.com\/produkt\/dein-ganzheitliches-rueckentraining-1\/\",\"name\":\"Dein ganzheitliches R\u00fcckentraining Online Kaufen\",\"isPartOf\":{\"@id\":\"https:\/\/www.meine-tcm.com\/#website\"},\"primaryImageOfPage\":{\"@id\":\"https:\/\/www.meine-tcm.com\/produkt\/dein-ganzheitliches-rueckentraining-1\/#primaryimage\"},\"image\":{\"@id\":\"https:\/\/www.meine-tcm.com\/produkt\/dein-ganzheitliches-rueckentraining-1\/#primaryimage\"},\"thumbnailUrl\":\"https:\/\/www.meine-tcm.com\/wp-content\/uploads\/2014\/07\/ganzheitliches-rueckentraining-kurs-01.jpg\",\"datePublished\":\"2014-07-06T08:43:57+00:00\",\"dateModified\":\"2026-04-09T08:32:01+00:00\",\"description\":\"Werde deine l\u00e4stigen R\u00fcckenschmerzen endlich dauerhaft los mit diesem Video Kurs. Im R\u00fcckentraining lernst du die 25 besten \u00dcbungen.\",\"breadcrumb\":{\"@id\":\"https:\/\/www.meine-tcm.com\/produkt\/dein-ganzheitliches-rueckentraining-1\/#breadcrumb\"},\"inLanguage\":\"it-IT\",\"potentialAction\":[{\"@type\":\"ReadAction\",\"target\":[\"https:\/\/www.meine-tcm.com\/produkt\/dein-ganzheitliches-rueckentraining-1\/\"]}]},{\"@type\":\"ImageObject\",\"inLanguage\":\"it-IT\",\"@id\":\"https:\/\/www.meine-tcm.com\/produkt\/dein-ganzheitliches-rueckentraining-1\/#primaryimage\",\"url\":\"https:\/\/www.meine-tcm.com\/wp-content\/uploads\/2014\/07\/ganzheitliches-rueckentraining-kurs-01.jpg\",\"contentUrl\":\"https:\/\/www.meine-tcm.com\/wp-content\/uploads\/2014\/07\/ganzheitliches-rueckentraining-kurs-01.jpg\",\"width\":764,\"height\":1080,\"caption\":\"Dein ganzheitliches R\u00fcckentraining DVD Kurs\"},{\"@type\":\"BreadcrumbList\",\"@id\":\"https:\/\/www.meine-tcm.com\/produkt\/dein-ganzheitliches-rueckentraining-1\/#breadcrumb\",\"itemListElement\":[{\"@type\":\"ListItem\",\"position\":1,\"name\":\"Home\",\"item\":\"https:\/\/www.meine-tcm.com\/\"},{\"@type\":\"ListItem\",\"position\":2,\"name\":\"Shop\",\"item\":\"https:\/\/www.meine-tcm.com\/shop\/\"},{\"@type\":\"ListItem\",\"position\":3,\"name\":\"R\u00fcckenschmerzen\",\"item\":\"https:\/\/www.meine-tcm.com\/produkte\/rueckenschmerzen\/\"},{\"@type\":\"ListItem\",\"position\":4,\"name\":\"Dein ganzheitliches R\u00fcckentraining\"}]},{\"@type\":\"WebSite\",\"@id\":\"https:\/\/www.meine-tcm.com\/#website\",\"url\":\"https:\/\/www.meine-tcm.com\/\",\"name\":\"meine TCM | Traditionelle Chinesische Medizin einfach erkl\u00e4rt\",\"description\":\"Einfach gesund bleiben\",\"publisher\":{\"@id\":\"https:\/\/www.meine-tcm.com\/#organization\"},\"potentialAction\":[{\"@type\":\"SearchAction\",\"target\":{\"@type\":\"EntryPoint\",\"urlTemplate\":\"https:\/\/www.meine-tcm.com\/?s={search_term_string}\"},\"query-input\":{\"@type\":\"PropertyValueSpecification\",\"valueRequired\":true,\"valueName\":\"search_term_string\"}}],\"inLanguage\":\"it-IT\"},{\"@type\":\"Organization\",\"@id\":\"https:\/\/www.meine-tcm.com\/#organization\",\"name\":\"meine-TCM.com \u2014 Traditionelle chinesische Medizin einfach erkl\u00e4rt\",\"url\":\"https:\/\/www.meine-tcm.com\/\",\"logo\":{\"@type\":\"ImageObject\",\"inLanguage\":\"it-IT\",\"@id\":\"https:\/\/www.meine-tcm.com\/#\/schema\/logo\/image\/\",\"url\":\"https:\/\/www.meine-tcm.com\/wp-content\/uploads\/2022\/08\/meine-tcm-traditionelle-chinesische-medizin-einfach-erklaert.png\",\"contentUrl\":\"https:\/\/www.meine-tcm.com\/wp-content\/uploads\/2022\/08\/meine-tcm-traditionelle-chinesische-medizin-einfach-erklaert.png\",\"width\":559,\"height\":479,\"caption\":\"meine-TCM.com \u2014 Traditionelle chinesische Medizin einfach erkl\u00e4rt\"},\"image\":{\"@id\":\"https:\/\/www.meine-tcm.com\/#\/schema\/logo\/image\/\"},\"sameAs\":[\"https:\/\/www.instagram.com\/meinetcm\/\",\"https:\/\/www.youtube.com\/@EinfachbesserLeben\"]}]}<\/script>\n<!-- \/ Yoast SEO plugin. -->","yoast_head_json":{"title":"Acquistate online il vostro training olistico per la schiena","description":"Finalmente potrete liberarvi del vostro fastidioso mal di schiena in modo permanente grazie a questo videocorso. Imparerete i 25 migliori esercizi per l'allenamento della schiena.","robots":{"index":"index","follow":"follow","max-snippet":"max-snippet:-1","max-image-preview":"max-image-preview:large","max-video-preview":"max-video-preview:-1"},"canonical":"https:\/\/www.meine-tcm.com\/it\/product-2\/il-vostro-allenamento-olistico-per-la-schiena-1\/","og_locale":"it_IT","og_type":"article","og_title":"Dein ganzheitliches R\u00fcckentraining Online Kaufen","og_description":"Werde deine l\u00e4stigen R\u00fcckenschmerzen endlich dauerhaft los mit diesem Video Kurs. Im R\u00fcckentraining lernst du die 25 besten \u00dcbungen.","og_url":"https:\/\/www.meine-tcm.com\/it\/product-2\/il-vostro-allenamento-olistico-per-la-schiena-1\/","og_site_name":"meine TCM | Traditionelle Chinesische Medizin einfach erkl\u00e4rt","article_modified_time":"2026-04-09T08:32:01+00:00","og_image":[{"width":764,"height":1080,"url":"https:\/\/www.meine-tcm.com\/wp-content\/uploads\/2014\/07\/ganzheitliches-rueckentraining-kurs-01.jpg","type":"image\/jpeg"}],"twitter_card":"summary_large_image","twitter_misc":{"Tempo di lettura stimato":"3 minuti"},"schema":{"@context":"https:\/\/schema.org","@graph":[{"@type":"WebPage","@id":"https:\/\/www.meine-tcm.com\/produkt\/dein-ganzheitliches-rueckentraining-1\/","url":"https:\/\/www.meine-tcm.com\/produkt\/dein-ganzheitliches-rueckentraining-1\/","name":"Acquistate online il vostro training olistico per la schiena","isPartOf":{"@id":"https:\/\/www.meine-tcm.com\/#website"},"primaryImageOfPage":{"@id":"https:\/\/www.meine-tcm.com\/produkt\/dein-ganzheitliches-rueckentraining-1\/#primaryimage"},"image":{"@id":"https:\/\/www.meine-tcm.com\/produkt\/dein-ganzheitliches-rueckentraining-1\/#primaryimage"},"thumbnailUrl":"https:\/\/www.meine-tcm.com\/wp-content\/uploads\/2014\/07\/ganzheitliches-rueckentraining-kurs-01.jpg","datePublished":"2014-07-06T08:43:57+00:00","dateModified":"2026-04-09T08:32:01+00:00","description":"Finalmente potrete liberarvi del vostro fastidioso mal di schiena in modo permanente grazie a questo videocorso. Imparerete i 25 migliori esercizi per l'allenamento della schiena.","breadcrumb":{"@id":"https:\/\/www.meine-tcm.com\/produkt\/dein-ganzheitliches-rueckentraining-1\/#breadcrumb"},"inLanguage":"it-IT","potentialAction":[{"@type":"ReadAction","target":["https:\/\/www.meine-tcm.com\/produkt\/dein-ganzheitliches-rueckentraining-1\/"]}]},{"@type":"ImageObject","inLanguage":"it-IT","@id":"https:\/\/www.meine-tcm.com\/produkt\/dein-ganzheitliches-rueckentraining-1\/#primaryimage","url":"https:\/\/www.meine-tcm.com\/wp-content\/uploads\/2014\/07\/ganzheitliches-rueckentraining-kurs-01.jpg","contentUrl":"https:\/\/www.meine-tcm.com\/wp-content\/uploads\/2014\/07\/ganzheitliches-rueckentraining-kurs-01.jpg","width":764,"height":1080,"caption":"Dein ganzheitliches R\u00fcckentraining DVD Kurs"},{"@type":"BreadcrumbList","@id":"https:\/\/www.meine-tcm.com\/produkt\/dein-ganzheitliches-rueckentraining-1\/#breadcrumb","itemListElement":[{"@type":"ListItem","position":1,"name":"Home","item":"https:\/\/www.meine-tcm.com\/"},{"@type":"ListItem","position":2,"name":"Shop","item":"https:\/\/www.meine-tcm.com\/shop\/"},{"@type":"ListItem","position":3,"name":"R\u00fcckenschmerzen","item":"https:\/\/www.meine-tcm.com\/produkte\/rueckenschmerzen\/"},{"@type":"ListItem","position":4,"name":"Dein ganzheitliches R\u00fcckentraining"}]},{"@type":"WebSite","@id":"https:\/\/www.meine-tcm.com\/#website","url":"https:\/\/www.meine-tcm.com\/","name":"la mia MTC | Medicina Tradizionale Cinese spiegata in modo semplice","description":"Rimanere semplicemente in salute","publisher":{"@id":"https:\/\/www.meine-tcm.com\/#organization"},"potentialAction":[{"@type":"SearchAction","target":{"@type":"EntryPoint","urlTemplate":"https:\/\/www.meine-tcm.com\/?s={search_term_string}"},"query-input":{"@type":"PropertyValueSpecification","valueRequired":true,"valueName":"search_term_string"}}],"inLanguage":"it-IT"},{"@type":"Organization","@id":"https:\/\/www.meine-tcm.com\/#organization","name":"meine-TCM.com - La Medicina Tradizionale Cinese spiegata in modo semplice","url":"https:\/\/www.meine-tcm.com\/","logo":{"@type":"ImageObject","inLanguage":"it-IT","@id":"https:\/\/www.meine-tcm.com\/#\/schema\/logo\/image\/","url":"https:\/\/www.meine-tcm.com\/wp-content\/uploads\/2022\/08\/meine-tcm-traditionelle-chinesische-medizin-einfach-erklaert.png","contentUrl":"https:\/\/www.meine-tcm.com\/wp-content\/uploads\/2022\/08\/meine-tcm-traditionelle-chinesische-medizin-einfach-erklaert.png","width":559,"height":479,"caption":"meine-TCM.com \u2014 Traditionelle chinesische Medizin einfach erkl\u00e4rt"},"image":{"@id":"https:\/\/www.meine-tcm.com\/#\/schema\/logo\/image\/"},"sameAs":["https:\/\/www.instagram.com\/meinetcm\/","https:\/\/www.youtube.com\/@EinfachbesserLeben"]}]}},"wps_subtitle":"","_links":{"self":[{"href":"https:\/\/www.meine-tcm.com\/it\/wp-json\/wp\/v2\/product\/1406","targetHints":{"allow":["GET"]}}],"collection":[{"href":"https:\/\/www.meine-tcm.com\/it\/wp-json\/wp\/v2\/product"}],"about":[{"href":"https:\/\/www.meine-tcm.com\/it\/wp-json\/wp\/v2\/types\/product"}],"replies":[{"embeddable":true,"href":"https:\/\/www.meine-tcm.com\/it\/wp-json\/wp\/v2\/comments?post=1406"}],"wp:featuredmedia":[{"embeddable":true,"href":"https:\/\/www.meine-tcm.com\/it\/wp-json\/wp\/v2\/media\/1410"}],"wp:attachment":[{"href":"https:\/\/www.meine-tcm.com\/it\/wp-json\/wp\/v2\/media?parent=1406"}],"wp:term":[{"taxonomy":"product_brand","embeddable":true,"href":"https:\/\/www.meine-tcm.com\/it\/wp-json\/wp\/v2\/product_brand?post=1406"},{"taxonomy":"product_cat","embeddable":true,"href":"https:\/\/www.meine-tcm.com\/it\/wp-json\/wp\/v2\/product_cat?post=1406"},{"taxonomy":"product_tag","embeddable":true,"href":"https:\/\/www.meine-tcm.com\/it\/wp-json\/wp\/v2\/product_tag?post=1406"}],"curies":[{"name":"wp","href":"https:\/\/api.w.org\/{rel}","templated":true}]}}