{"id":1368,"date":"2014-08-09T22:18:44","date_gmt":"2014-08-09T20:18:44","guid":{"rendered":"https:\/\/www.meine-tcm.com\/produkt\/qi-gong-fuer-anfaenger\/"},"modified":"2026-04-13T10:34:42","modified_gmt":"2026-04-13T08:34:42","slug":"qi-gong-per-principianti-e-praticanti-leggermente-avanzati","status":"publish","type":"product","link":"https:\/\/www.meine-tcm.com\/it\/produkt\/qi-gong-fuer-anfaenger-und-leicht-fortgeschrittene\/","title":{"rendered":"Corso di Qi Gong per principianti e studenti leggermente avanzati"},"content":{"rendered":"<h2><strong>Corso di Qi Gong per principianti<\/strong><\/h2>\n<h3>Gli 8 migliori esercizi di Qi Gong per principianti<\/h3>\n<p><strong>Qi Gong<\/strong> \u00e8 un'arte del movimento originaria della Cina. Lo scopo \u00e8 quello di aumentare e armonizzare la propria energia vitale. I movimenti delicati sono combinati con una respirazione consapevole. Questo allenamento focalizzato porta anche a un profondo rilassamento del sistema nervoso, con effetti positivi su tutto il corpo e, naturalmente, sulla mente. <strong>Qi Gong<\/strong> \u00e8 stato dimostrato che aiuta a ridurre lo stress e a sentirsi emotivamente pi\u00f9 equilibrati dopo l'allenamento.<\/p>\n<p>Indipendentemente dall'et\u00e0 o dalla forma fisica, questo corso \u00e8 un allenamento perfetto per ridurre lo stress, ma anche per rafforzare la propria vitalit\u00e0 e salute a lungo termine.<\/p>\n<h3><strong>Perch\u00e9 il Qi Gong per i principianti:<\/strong><\/h3>\n<ul>\n<li>Il Qi Gong rafforza il corpo.<\/li>\n<li>Allo stesso tempo, il Qi Gong rende pi\u00f9 agili e flessibili.<\/li>\n<li>Il Qi Gong insegna ad adottare una postura sana, a sciogliere e rilassare i muscoli e la schiena.<\/li>\n<li>Imparerete a controllare la respirazione e a respirare pi\u00f9 lentamente, con calma e forza.<\/li>\n<li>Si fornisce una quantit\u00e0 sufficiente di ossigeno, che aumenta la vitalit\u00e0.<\/li>\n<li>Si sviluppa una sensazione di pace interiore e di equilibrio.<\/li>\n<\/ul>\n<p>&nbsp;<\/p>\n<div class=\"video video-fit mb\" style=\"padding-top:56.25%;\"><p><iframe loading=\"lazy\" title=\"NUOVO: Videocorso di QI GONG per principianti\" width=\"1020\" height=\"574\" src=\"https:\/\/www.youtube.com\/embed\/3BkS5qvc9TY?feature=oembed\" frameborder=\"0\" allow=\"accelerometer; autoplay; clipboard-write; encrypted-media; gyroscope; picture-in-picture\" allowfullscreen><\/iframe><\/p>\n<\/div>\n<p>&nbsp;<\/p>\n<h3><strong>Indice dei contenuti:<\/strong><\/h3>\n<ul>\n<li><strong>INTRODUZIONE<\/strong>...cos'\u00e8 il Qi Gong e la MTC (Medicina Tradizionale Cinese)<\/li>\n<li><strong>PANORAMICA<\/strong>... cosa vi aspetta in questo videocorso<\/li>\n<li><strong>NEI GONG<\/strong>...Il Qi Gong silenzioso spiegato in breve<\/li>\n<li><strong>PERCH\u00c9 IL QI GONG <\/strong>...l'effetto degli esercizi di Qi Gong<\/li>\n<li><strong>I PRINCIPI DEL QI GONG <\/strong>...respirazione, postura e concentrazione<\/li>\n<li><strong>ALLENAMENTO BREVE<\/strong> (17 minuti)<\/li>\n<li><strong>ALLENAMENTO LUNGO<\/strong> (25 minuti)<\/li>\n<li><strong>NEI GONG <\/strong>... il Qi Gong silenzioso per partecipare<\/li>\n<li><strong>MOTIVAZIONE <\/strong>...istruzioni per l'esercizio e motivazione<strong><br \/>\n<\/strong><\/li>\n<li><strong>DICHIARAZIONE DI ESERCIZIO <\/strong>...tutti gli 8 esercizi spiegati in dettaglio<strong><br \/>\n<\/strong><\/li>\n<li>Durata circa 120 minuti<\/li>\n<\/ul>","protected":false},"excerpt":{"rendered":"<p>In questo corso imparerete gli 8 migliori esercizi di Qi Gong per principianti. Gli esercizi sono semplici ma molto efficaci. Sono spiegati in dettaglio in diversi video, proprio come in una sessione di allenamento individuale. Gli 8 esercizi del Qi Gong si sono dimostrati efficaci nel lavoro pratico con persone di tutte le et\u00e0.<\/p>\n<p>Questi <strong>Esercizi di Qi Gong<\/strong> sono anche per <strong>Facile da imparare per i principianti<\/strong>.<\/p>","protected":false},"featured_media":1371,"comment_status":"open","ping_status":"closed","template":"","meta":{"_acf_changed":false},"product_brand":[],"product_cat":[103],"product_tag":[127,139,145,160,161,162,163,164],"class_list":{"0":"post-1368","1":"product","2":"type-product","3":"status-publish","4":"has-post-thumbnail","6":"product_cat-qi-gong","7":"product_tag-anti-aging","8":"product_tag-psychische-ausgeglichenheit","9":"product_tag-yin-yang-ausgleich","10":"product_tag-abnehmen","11":"product_tag-gedankenkreisen","12":"product_tag-kalte-haende-und-fuesse","13":"product_tag-reizbarkeit","14":"product_tag-uebergewicht","16":"first","17":"instock","18":"featured","19":"taxable","20":"shipping-taxable","21":"purchasable","22":"product-type-variable"},"acf":[],"yoast_head":"<!-- This site is optimized with the Yoast SEO plugin v27.3 - https:\/\/yoast.com\/product\/yoast-seo-wordpress\/ -->\n<title>Qi Gong Kurs f\u00fcr Anf\u00e4nger und leicht Fortgeschrittene<\/title>\n<meta name=\"description\" content=\"Mit diesem Qi Gong Kurs lernst du Qi Gong von Grund auf. Der Kurs ist als DVD, zum Online Ansehen oder als App (Apple und Google) verf\u00fcgbar.\" \/>\n<meta name=\"robots\" content=\"index, follow, max-snippet:-1, max-image-preview:large, max-video-preview:-1\" \/>\n<link rel=\"canonical\" href=\"https:\/\/www.meine-tcm.com\/it\/product-2\/qi-gong-per-principianti-e-praticanti-leggermente-avanzati\/\" \/>\n<meta property=\"og:locale\" content=\"it_IT\" \/>\n<meta property=\"og:type\" content=\"article\" \/>\n<meta property=\"og:title\" content=\"Qi Gong Kurs f\u00fcr Anf\u00e4nger und leicht Fortgeschrittene\" \/>\n<meta property=\"og:description\" content=\"Mit diesem Qi Gong Kurs lernst du Qi Gong von Grund auf. Der Kurs ist als DVD, zum Online Ansehen oder als App im Apple App Store und Google Play Store verf\u00fcgbar.\" \/>\n<meta property=\"og:url\" content=\"https:\/\/www.meine-tcm.com\/it\/product-2\/qi-gong-per-principianti-e-praticanti-leggermente-avanzati\/\" \/>\n<meta property=\"og:site_name\" content=\"meine TCM | Traditionelle Chinesische Medizin einfach erkl\u00e4rt\" \/>\n<meta property=\"article:modified_time\" content=\"2026-04-13T08:34:42+00:00\" \/>\n<meta property=\"og:image\" content=\"https:\/\/www.meine-tcm.com\/wp-content\/uploads\/2014\/08\/qi-gong-kurs-fuer-anfaenger-04-1.jpg\" \/>\n\t<meta property=\"og:image:width\" content=\"764\" \/>\n\t<meta property=\"og:image:height\" content=\"1080\" \/>\n\t<meta property=\"og:image:type\" content=\"image\/jpeg\" \/>\n<meta name=\"twitter:card\" content=\"summary_large_image\" \/>\n<meta name=\"twitter:title\" content=\"Qi Gong Kurs f\u00fcr Anf\u00e4nger und leicht Fortgeschrittene\" \/>\n<meta name=\"twitter:description\" content=\"Mit diesem Qi Gong Kurs lernst du Qi Gong von Grund auf. Der Kurs ist als DVD, zum Online Ansehen oder als App im Apple App Store und Google Play Store verf\u00fcgbar.\" \/>\n<meta name=\"twitter:image\" content=\"https:\/\/www.meine-tcm.com\/wp-content\/uploads\/2014\/08\/qi-gong-kurs-fuer-anfaenger-04-1.jpg\" \/>\n<meta name=\"twitter:label1\" content=\"Tempo di lettura stimato\" \/>\n\t<meta name=\"twitter:data1\" content=\"1 minuto\" \/>\n<script type=\"application\/ld+json\" class=\"yoast-schema-graph\">{\"@context\":\"https:\\\/\\\/schema.org\",\"@graph\":[{\"@type\":\"WebPage\",\"@id\":\"https:\\\/\\\/www.meine-tcm.com\\\/produkt\\\/qi-gong-fuer-anfaenger-und-leicht-fortgeschrittene\\\/\",\"url\":\"https:\\\/\\\/www.meine-tcm.com\\\/produkt\\\/qi-gong-fuer-anfaenger-und-leicht-fortgeschrittene\\\/\",\"name\":\"Qi Gong Kurs f\u00fcr Anf\u00e4nger und leicht Fortgeschrittene\",\"isPartOf\":{\"@id\":\"https:\\\/\\\/www.meine-tcm.com\\\/#website\"},\"primaryImageOfPage\":{\"@id\":\"https:\\\/\\\/www.meine-tcm.com\\\/produkt\\\/qi-gong-fuer-anfaenger-und-leicht-fortgeschrittene\\\/#primaryimage\"},\"image\":{\"@id\":\"https:\\\/\\\/www.meine-tcm.com\\\/produkt\\\/qi-gong-fuer-anfaenger-und-leicht-fortgeschrittene\\\/#primaryimage\"},\"thumbnailUrl\":\"https:\\\/\\\/www.meine-tcm.com\\\/wp-content\\\/uploads\\\/2014\\\/08\\\/1cover-qi-gong-fuer-anfaenger.jpg\",\"datePublished\":\"2014-08-09T20:18:44+00:00\",\"dateModified\":\"2026-04-13T08:34:42+00:00\",\"description\":\"Mit diesem Qi Gong Kurs lernst du Qi Gong von Grund auf. Der Kurs ist als DVD, zum Online Ansehen oder als App (Apple und Google) verf\u00fcgbar.\",\"breadcrumb\":{\"@id\":\"https:\\\/\\\/www.meine-tcm.com\\\/produkt\\\/qi-gong-fuer-anfaenger-und-leicht-fortgeschrittene\\\/#breadcrumb\"},\"inLanguage\":\"it-IT\",\"potentialAction\":[{\"@type\":\"ReadAction\",\"target\":[\"https:\\\/\\\/www.meine-tcm.com\\\/produkt\\\/qi-gong-fuer-anfaenger-und-leicht-fortgeschrittene\\\/\"]}]},{\"@type\":\"ImageObject\",\"inLanguage\":\"it-IT\",\"@id\":\"https:\\\/\\\/www.meine-tcm.com\\\/produkt\\\/qi-gong-fuer-anfaenger-und-leicht-fortgeschrittene\\\/#primaryimage\",\"url\":\"https:\\\/\\\/www.meine-tcm.com\\\/wp-content\\\/uploads\\\/2014\\\/08\\\/1cover-qi-gong-fuer-anfaenger.jpg\",\"contentUrl\":\"https:\\\/\\\/www.meine-tcm.com\\\/wp-content\\\/uploads\\\/2014\\\/08\\\/1cover-qi-gong-fuer-anfaenger.jpg\",\"width\":764,\"height\":1080,\"caption\":\"Qi Gong Kurs f\u00fcr Anf\u00e4nger von Einfach besser leben\"},{\"@type\":\"BreadcrumbList\",\"@id\":\"https:\\\/\\\/www.meine-tcm.com\\\/produkt\\\/qi-gong-fuer-anfaenger-und-leicht-fortgeschrittene\\\/#breadcrumb\",\"itemListElement\":[{\"@type\":\"ListItem\",\"position\":1,\"name\":\"Home\",\"item\":\"https:\\\/\\\/www.meine-tcm.com\\\/\"},{\"@type\":\"ListItem\",\"position\":2,\"name\":\"Shop\",\"item\":\"https:\\\/\\\/www.meine-tcm.com\\\/shop\\\/\"},{\"@type\":\"ListItem\",\"position\":3,\"name\":\"Qi Gong\",\"item\":\"https:\\\/\\\/www.meine-tcm.com\\\/produkte\\\/qi-gong\\\/\"},{\"@type\":\"ListItem\",\"position\":4,\"name\":\"Qi Gong Kurs f\u00fcr Anf\u00e4nger und leicht Fortgeschrittene\"}]},{\"@type\":\"WebSite\",\"@id\":\"https:\\\/\\\/www.meine-tcm.com\\\/#website\",\"url\":\"https:\\\/\\\/www.meine-tcm.com\\\/\",\"name\":\"meine TCM | Traditionelle Chinesische Medizin einfach erkl\u00e4rt\",\"description\":\"Einfach gesund bleiben\",\"publisher\":{\"@id\":\"https:\\\/\\\/www.meine-tcm.com\\\/#organization\"},\"potentialAction\":[{\"@type\":\"SearchAction\",\"target\":{\"@type\":\"EntryPoint\",\"urlTemplate\":\"https:\\\/\\\/www.meine-tcm.com\\\/?s={search_term_string}\"},\"query-input\":{\"@type\":\"PropertyValueSpecification\",\"valueRequired\":true,\"valueName\":\"search_term_string\"}}],\"inLanguage\":\"it-IT\"},{\"@type\":\"Organization\",\"@id\":\"https:\\\/\\\/www.meine-tcm.com\\\/#organization\",\"name\":\"meine-TCM.com \u2014 Traditionelle chinesische Medizin einfach erkl\u00e4rt\",\"url\":\"https:\\\/\\\/www.meine-tcm.com\\\/\",\"logo\":{\"@type\":\"ImageObject\",\"inLanguage\":\"it-IT\",\"@id\":\"https:\\\/\\\/www.meine-tcm.com\\\/#\\\/schema\\\/logo\\\/image\\\/\",\"url\":\"https:\\\/\\\/www.meine-tcm.com\\\/wp-content\\\/uploads\\\/2022\\\/08\\\/meine-tcm-traditionelle-chinesische-medizin-einfach-erklaert.png\",\"contentUrl\":\"https:\\\/\\\/www.meine-tcm.com\\\/wp-content\\\/uploads\\\/2022\\\/08\\\/meine-tcm-traditionelle-chinesische-medizin-einfach-erklaert.png\",\"width\":559,\"height\":479,\"caption\":\"meine-TCM.com \u2014 Traditionelle chinesische Medizin einfach erkl\u00e4rt\"},\"image\":{\"@id\":\"https:\\\/\\\/www.meine-tcm.com\\\/#\\\/schema\\\/logo\\\/image\\\/\"},\"sameAs\":[\"https:\\\/\\\/www.instagram.com\\\/meinetcm\\\/\",\"https:\\\/\\\/www.youtube.com\\\/@EinfachbesserLeben\"]}]}<\/script>\n<!-- \/ Yoast SEO plugin. -->","yoast_head_json":{"title":"Corso di Qi Gong per principianti e studenti leggermente avanzati","description":"Con questo corso di Qi Gong imparerete il Qi Gong dalle fondamenta. Il corso \u00e8 disponibile in DVD, per la visione online o come app (Apple e Google).","robots":{"index":"index","follow":"follow","max-snippet":"max-snippet:-1","max-image-preview":"max-image-preview:large","max-video-preview":"max-video-preview:-1"},"canonical":"https:\/\/www.meine-tcm.com\/it\/product-2\/qi-gong-per-principianti-e-praticanti-leggermente-avanzati\/","og_locale":"it_IT","og_type":"article","og_title":"Qi Gong Kurs f\u00fcr Anf\u00e4nger und leicht Fortgeschrittene","og_description":"Mit diesem Qi Gong Kurs lernst du Qi Gong von Grund auf. Der Kurs ist als DVD, zum Online Ansehen oder als App im Apple App Store und Google Play Store verf\u00fcgbar.","og_url":"https:\/\/www.meine-tcm.com\/it\/product-2\/qi-gong-per-principianti-e-praticanti-leggermente-avanzati\/","og_site_name":"meine TCM | Traditionelle Chinesische Medizin einfach erkl\u00e4rt","article_modified_time":"2026-04-13T08:34:42+00:00","og_image":[{"width":764,"height":1080,"url":"https:\/\/www.meine-tcm.com\/wp-content\/uploads\/2014\/08\/qi-gong-kurs-fuer-anfaenger-04-1.jpg","type":"image\/jpeg"}],"twitter_card":"summary_large_image","twitter_title":"Qi Gong Kurs f\u00fcr Anf\u00e4nger und leicht Fortgeschrittene","twitter_description":"Mit diesem Qi Gong Kurs lernst du Qi Gong von Grund auf. Der Kurs ist als DVD, zum Online Ansehen oder als App im Apple App Store und Google Play Store verf\u00fcgbar.","twitter_image":"https:\/\/www.meine-tcm.com\/wp-content\/uploads\/2014\/08\/qi-gong-kurs-fuer-anfaenger-04-1.jpg","twitter_misc":{"Tempo di lettura stimato":"1 minuto"},"schema":{"@context":"https:\/\/schema.org","@graph":[{"@type":"WebPage","@id":"https:\/\/www.meine-tcm.com\/produkt\/qi-gong-fuer-anfaenger-und-leicht-fortgeschrittene\/","url":"https:\/\/www.meine-tcm.com\/produkt\/qi-gong-fuer-anfaenger-und-leicht-fortgeschrittene\/","name":"Corso di Qi Gong per principianti e studenti leggermente avanzati","isPartOf":{"@id":"https:\/\/www.meine-tcm.com\/#website"},"primaryImageOfPage":{"@id":"https:\/\/www.meine-tcm.com\/produkt\/qi-gong-fuer-anfaenger-und-leicht-fortgeschrittene\/#primaryimage"},"image":{"@id":"https:\/\/www.meine-tcm.com\/produkt\/qi-gong-fuer-anfaenger-und-leicht-fortgeschrittene\/#primaryimage"},"thumbnailUrl":"https:\/\/www.meine-tcm.com\/wp-content\/uploads\/2014\/08\/1cover-qi-gong-fuer-anfaenger.jpg","datePublished":"2014-08-09T20:18:44+00:00","dateModified":"2026-04-13T08:34:42+00:00","description":"Con questo corso di Qi Gong imparerete il Qi Gong dalle fondamenta. Il corso \u00e8 disponibile in DVD, per la visione online o come app (Apple e Google).","breadcrumb":{"@id":"https:\/\/www.meine-tcm.com\/produkt\/qi-gong-fuer-anfaenger-und-leicht-fortgeschrittene\/#breadcrumb"},"inLanguage":"it-IT","potentialAction":[{"@type":"ReadAction","target":["https:\/\/www.meine-tcm.com\/produkt\/qi-gong-fuer-anfaenger-und-leicht-fortgeschrittene\/"]}]},{"@type":"ImageObject","inLanguage":"it-IT","@id":"https:\/\/www.meine-tcm.com\/produkt\/qi-gong-fuer-anfaenger-und-leicht-fortgeschrittene\/#primaryimage","url":"https:\/\/www.meine-tcm.com\/wp-content\/uploads\/2014\/08\/1cover-qi-gong-fuer-anfaenger.jpg","contentUrl":"https:\/\/www.meine-tcm.com\/wp-content\/uploads\/2014\/08\/1cover-qi-gong-fuer-anfaenger.jpg","width":764,"height":1080,"caption":"Qi Gong Kurs f\u00fcr Anf\u00e4nger von Einfach besser leben"},{"@type":"BreadcrumbList","@id":"https:\/\/www.meine-tcm.com\/produkt\/qi-gong-fuer-anfaenger-und-leicht-fortgeschrittene\/#breadcrumb","itemListElement":[{"@type":"ListItem","position":1,"name":"Home","item":"https:\/\/www.meine-tcm.com\/"},{"@type":"ListItem","position":2,"name":"Shop","item":"https:\/\/www.meine-tcm.com\/shop\/"},{"@type":"ListItem","position":3,"name":"Qi Gong","item":"https:\/\/www.meine-tcm.com\/produkte\/qi-gong\/"},{"@type":"ListItem","position":4,"name":"Qi Gong Kurs f\u00fcr Anf\u00e4nger und leicht Fortgeschrittene"}]},{"@type":"WebSite","@id":"https:\/\/www.meine-tcm.com\/#website","url":"https:\/\/www.meine-tcm.com\/","name":"la mia MTC | Medicina Tradizionale Cinese spiegata in modo semplice","description":"Rimanere semplicemente in salute","publisher":{"@id":"https:\/\/www.meine-tcm.com\/#organization"},"potentialAction":[{"@type":"SearchAction","target":{"@type":"EntryPoint","urlTemplate":"https:\/\/www.meine-tcm.com\/?s={search_term_string}"},"query-input":{"@type":"PropertyValueSpecification","valueRequired":true,"valueName":"search_term_string"}}],"inLanguage":"it-IT"},{"@type":"Organization","@id":"https:\/\/www.meine-tcm.com\/#organization","name":"meine-TCM.com - La Medicina Tradizionale Cinese spiegata in modo semplice","url":"https:\/\/www.meine-tcm.com\/","logo":{"@type":"ImageObject","inLanguage":"it-IT","@id":"https:\/\/www.meine-tcm.com\/#\/schema\/logo\/image\/","url":"https:\/\/www.meine-tcm.com\/wp-content\/uploads\/2022\/08\/meine-tcm-traditionelle-chinesische-medizin-einfach-erklaert.png","contentUrl":"https:\/\/www.meine-tcm.com\/wp-content\/uploads\/2022\/08\/meine-tcm-traditionelle-chinesische-medizin-einfach-erklaert.png","width":559,"height":479,"caption":"meine-TCM.com \u2014 Traditionelle chinesische Medizin einfach erkl\u00e4rt"},"image":{"@id":"https:\/\/www.meine-tcm.com\/#\/schema\/logo\/image\/"},"sameAs":["https:\/\/www.instagram.com\/meinetcm\/","https:\/\/www.youtube.com\/@EinfachbesserLeben"]}]}},"wps_subtitle":"","_links":{"self":[{"href":"https:\/\/www.meine-tcm.com\/it\/wp-json\/wp\/v2\/product\/1368","targetHints":{"allow":["GET"]}}],"collection":[{"href":"https:\/\/www.meine-tcm.com\/it\/wp-json\/wp\/v2\/product"}],"about":[{"href":"https:\/\/www.meine-tcm.com\/it\/wp-json\/wp\/v2\/types\/product"}],"replies":[{"embeddable":true,"href":"https:\/\/www.meine-tcm.com\/it\/wp-json\/wp\/v2\/comments?post=1368"}],"wp:featuredmedia":[{"embeddable":true,"href":"https:\/\/www.meine-tcm.com\/it\/wp-json\/wp\/v2\/media\/1371"}],"wp:attachment":[{"href":"https:\/\/www.meine-tcm.com\/it\/wp-json\/wp\/v2\/media?parent=1368"}],"wp:term":[{"taxonomy":"product_brand","embeddable":true,"href":"https:\/\/www.meine-tcm.com\/it\/wp-json\/wp\/v2\/product_brand?post=1368"},{"taxonomy":"product_cat","embeddable":true,"href":"https:\/\/www.meine-tcm.com\/it\/wp-json\/wp\/v2\/product_cat?post=1368"},{"taxonomy":"product_tag","embeddable":true,"href":"https:\/\/www.meine-tcm.com\/it\/wp-json\/wp\/v2\/product_tag?post=1368"}],"curies":[{"name":"wp","href":"https:\/\/api.w.org\/{rel}","templated":true}]}}