{"id":11,"date":"2020-03-09T10:53:08","date_gmt":"2020-03-09T09:53:08","guid":{"rendered":"https:\/\/www.tcmapo.de\/agb\/"},"modified":"2025-09-28T14:16:46","modified_gmt":"2025-09-28T12:16:46","slug":"agb","status":"publish","type":"page","link":"https:\/\/www.meine-tcm.com\/it\/agb\/","title":{"rendered":"GTC"},"content":{"rendered":"<section class=\"section h1-h3\" id=\"section_121671208\">\n\t\t<div class=\"section-bg fill\" >\n\t\t\t\t\t\t\t\t\t\n\t\t\t\n\n\t\t<\/div>\n\n\t\t\n\n\t\t<div class=\"section-content relative\">\n\t\t\t\n\n<div class=\"row row-collapse align-center\"  id=\"row-890545559\">\n\n\n\t<div id=\"col-1942236130\" class=\"col small-12 large-12\"  >\n\t\t\t\t<div class=\"col-inner text-center\"  >\n\t\t\t\n\t\t\t\n\n<h1>Termini e condizioni generali<\/h1>\n\n\t\t<\/div>\n\t\t\t\t\n<style>\n#col-1942236130 > .col-inner {\n  max-width: 960px;\n}\n<\/style>\n\t<\/div>\n\n\t\n\n<\/div>\n\n\t\t<\/div>\n\n\t\t\n<style>\n#section_121671208 {\n  padding-top: 0px;\n  padding-bottom: 0px;\n}\n<\/style>\n\t<\/section>\n\t\n\t<div id=\"gap-559622254\" class=\"gap-element clearfix\" style=\"display:block; height:auto;\">\n\t\t\n<style>\n#gap-559622254 {\n  padding-top: 40px;\n}\n<\/style>\n\t<\/div>\n\t\n\n\n\t<section class=\"section text\" id=\"section_168846118\">\n\t\t<div class=\"section-bg fill\" >\n\t\t\t\t\t\t\t\t\t\n\t\t\t\n\n\t\t<\/div>\n\n\t\t\n\n\t\t<div class=\"section-content relative\">\n\t\t\t\n\n<div class=\"row row-collapse align-center max-width-800\"  id=\"row-1268320183\">\n\n\n\t<div id=\"col-242121824\" class=\"col small-12 large-12\"  >\n\t\t\t\t<div class=\"col-inner text-left\"  >\n\t\t\t\n\t\t\t\n\n<p>Condizioni contrattuali nell'ambito dei contratti di acquisto stipulati attraverso la piattaforma <a href=\"https:\/\/www.meine-tcm.com\/it\/\">www.meine-tcm.com<\/a><\/p>\n<p>tra<\/p>\n\n\t\t<\/div>\n\t\t\t\t\n<style>\n#col-242121824 > .col-inner {\n  max-width: 800px;\n}\n<\/style>\n\t<\/div>\n\n\t\n\n\t<div id=\"col-1019529423\" class=\"col margin-auto medium-8 small-12 large-8\"  >\n\t\t\t\t<div class=\"col-inner text-left\"  >\n\t\t\t\n\t\t\t\n\n<p><em><strong><a href=\"https:\/\/www.youtube.com\/@Einfachbesserleben\" target=\"_blank\" rel=\"noopener\">Vivere semplicemente meglio<\/a> (YouTube)<\/strong><\/em><br \/>EBL Media Production OG<br \/>Andreas-Hofer-Strasse 29<br \/>6020 Innsbruck<br \/>Austria<\/p>\n<p>- di seguito denominato \"Fornitore\" -<\/p>\n<p><\/p>\n\n\t\t<\/div>\n\t\t\t\t\t<\/div>\n\n\t\n\n\t<div id=\"col-257773694\" class=\"col margin-auto medium-4 small-12 large-4\"  >\n\t\t\t\t<div class=\"col-inner text-left\"  >\n\t\t\t\n\t\t\t\n\n\t<div class=\"img has-hover x md-x lg-x y md-y lg-y\" id=\"image_1257369676\">\n\t\t\t\t\t\t\t\t<div class=\"img-inner dark\" >\n\t\t\t<img loading=\"lazy\" decoding=\"async\" width=\"360\" height=\"360\" src=\"https:\/\/www.meine-tcm.com\/wp-content\/uploads\/2020\/08\/wolfgang-von-ebl.png\" class=\"attachment-large size-large\" alt=\"Ritratto di Wolfgang\" srcset=\"https:\/\/www.meine-tcm.com\/wp-content\/uploads\/2020\/08\/wolfgang-von-ebl.png 360w, https:\/\/www.meine-tcm.com\/wp-content\/uploads\/2020\/08\/wolfgang-von-ebl-100x100.png 100w, https:\/\/www.meine-tcm.com\/wp-content\/uploads\/2020\/08\/wolfgang-von-ebl-280x280.png 280w\" sizes=\"auto, (max-width: 360px) 100vw, 360px\" title=\"Wolfgang di EBL - il mio TCM\" \/>\t\t\t\t\t\t\n\t\t\t\t\t<\/div>\n\t\t\t\t\t\t\t\t\n<style>\n#image_1257369676 {\n  width: 100%;\n}\n<\/style>\n\t<\/div>\n\t\n\n\t<div id=\"text-1519463278\" class=\"text\">\n\t\t\n\n<p style=\"font-size: 18px; text-align: center; line-height: 1.4;\"><em>Wolfgang di \u201eSemplicemente vivere meglio\u201c<\/em><\/p>\n\t\t\n<style>\n#text-1519463278 {\n  text-align: center;\n}\n<\/style>\n\t<\/div>\n\t\n\n\t\t<\/div>\n\t\t\t\t\n<style>\n#col-257773694 > .col-inner {\n  max-width: 800px;\n}\n<\/style>\n\t<\/div>\n\n\t\n\n\t<div id=\"col-238112196\" class=\"col margin-auto small-12 large-12\"  >\n\t\t\t\t<div class=\"col-inner text-center\"  >\n\t\t\t\n\t\t\t\n\n<p>e<\/p>\n<p>gli utenti di questa piattaforma designati al \u00a7 2 delle presenti CGV - di seguito denominati \"Cliente\/Clienti\".<\/p>\n<h3>\u00a7 1 Ambito di applicazione, definizioni<\/h3>\n<p>(1) Il rapporto commerciale tra il fornitore e l'acquirente \u00e8 disciplinato esclusivamente dalle seguenti condizioni generali di contratto nella versione valida al momento dell'ordine. Condizioni diverse da quelle del cliente non saranno riconosciute, a meno che il fornitore non ne accetti espressamente la validit\u00e0 per iscritto.<\/p>\n<p>(2) La vendita di prodotti digitali \u00e8 soggetta alle restrizioni evidenti dalla descrizione del prodotto o comunque derivanti dalle circostanze, in particolare dai contratti di licenza allegati ai prodotti digitali. In caso di dubbio, \u00e8 concesso solo l'uso privato e commerciale, senza il diritto di rivendita o sublicenza.<\/p>\n<h3>\u00a7 2 Conclusione del contratto<\/h3>\n<p>(1) Il cliente pu\u00f2 selezionare i prodotti dall'assortimento del fornitore e raccoglierli in un cosiddetto carrello della spesa utilizzando il pulsante \u201eAggiungi al carrello\u201c. Facendo clic sul pulsante \u201eAcquista ora\u201c, il cliente invia una richiesta vincolante di acquisto della merce presente nel carrello. Prima di inviare l'ordine, il cliente pu\u00f2 modificare e visualizzare i dati in qualsiasi momento.<\/p>\n<p>(2) L'offerente invia quindi al cliente una conferma automatica di ricezione con oggetto \"Conferma dell'ordine presso Einfach besser leben\" via e-mail, in cui l'ordine del cliente viene elencato nuovamente e che il cliente pu\u00f2 stampare utilizzando la funzione \"Stampa\". L'ordine del cliente (1) rappresenta l'offerta di stipulare un contratto con il rispettivo contenuto del carrello. La conferma di ricezione (conferma d'ordine) rappresenta l'accettazione dell'offerta da parte del fornitore. Essa riassume il contenuto dell'ordine. In questa e-mail o in una e-mail separata, ma al pi\u00f9 tardi alla consegna della merce, il testo del contratto (composto da ordine, CG e conferma d'ordine) viene da noi inviato al cliente su un supporto dati permanente (e-mail o stampa cartacea). Il testo del contratto viene memorizzato nel rispetto delle norme sulla protezione dei dati.<\/p>\n<p>(3) Il contratto sar\u00e0 stipulato nelle seguenti lingue: Tedesco.<\/p>\n<h3>\u00a7 3 Consegna, disponibilit\u00e0 della merce, condizioni di pagamento<\/h3>\n<p>(1) I tempi di consegna da noi indicati sono calcolati a partire dalla data della nostra conferma d'ordine (\u00a7 2 (2) delle presenti CGC), previo pagamento del prezzo di acquisto.<\/p>\n<p>(2) Se il prodotto indicato dal cliente nell'ordine non \u00e8 disponibile solo temporaneamente, il fornitore ne informa immediatamente il cliente. In caso di ritardo nella consegna di oltre due settimane, il cliente ha il diritto di recedere dal contratto. In questo caso, anche il fornitore ha il diritto di recedere dal contratto. In questo caso, dovr\u00e0 rimborsare immediatamente i pagamenti gi\u00e0 effettuati dall'acquirente.<\/p>\n<p>(3) Il cliente pu\u00f2 effettuare il pagamento anticipato con PayPal, PayPal Checkout, carta di credito (Stripe), SOFORT.<\/p>\n<p>(4) Il pagamento del prezzo di acquisto \u00e8 dovuto immediatamente alla stipula del contratto. Se la data di scadenza per il pagamento \u00e8 determinata dal calendario, il cliente \u00e8 gi\u00e0 in mora se non rispetta la scadenza.<\/p>\n<h3>\u00a7 4 Riserva di propriet\u00e0<\/h3>\n<p>La merce consegnata rimane di propriet\u00e0 del fornitore fino al completo pagamento del prezzo di acquisto.<\/p>\n<h3>\u00a7 5 Prezzi e costi di spedizione<\/h3>\n<p>(1) Tutti i prezzi indicati sul sito web del fornitore includono l'imposta sul valore aggiunto applicabile per legge.<\/p>\n<p>(2) Le relative spese di spedizione sono indicate al cliente nel modulo d'ordine e sono a carico del cliente, a meno che non si avvalga del diritto di recesso.<\/p>\n<p>(3) In caso di annullamento, il cliente dovr\u00e0 sostenere i costi diretti della spedizione di ritorno.<\/p>\n<h3>\u00a7 6 Garanzia per difetti di materiale<\/h3>\n<p>(1) Il fornitore \u00e8 responsabile per i difetti di materiale in conformit\u00e0 alle disposizioni di legge applicabili, in particolare ai \u00a7\u00a7 434 e segg. BGB. Il periodo di garanzia per le merci fornite dal fornitore agli imprenditori \u00e8 di 12 mesi.<\/p>\n<h3>\u00a7 7 Responsabilit\u00e0<\/h3>\n<p>(1) Sono escluse le richieste di risarcimento danni da parte del cliente. Sono escluse le richieste di risarcimento danni da parte del cliente derivanti da lesioni alla vita, all'incolumit\u00e0 fisica o alla salute o dalla violazione di obblighi contrattuali essenziali (obblighi cardinali), nonch\u00e9 la responsabilit\u00e0 per altri danni basati su una violazione intenzionale o gravemente negligente degli obblighi da parte del fornitore, dei suoi rappresentanti legali o dei suoi agenti ausiliari. Gli obblighi contrattuali essenziali sono quelli il cui adempimento \u00e8 necessario per raggiungere l'obiettivo del contratto.<\/p>\n<p>(2) In caso di violazione di obblighi contrattuali sostanziali, l'Offerente risponde dei danni prevedibili tipici del contratto solo se questi sono stati causati da semplice negligenza, a meno che le richieste di risarcimento danni del Cliente non si basino su lesioni alla vita, all'integrit\u00e0 fisica o alla salute.<\/p>\n<p>(3) Le limitazioni di cui ai paragrafi 1 e 2 si applicano anche ai rappresentanti legali e agli ausiliari del prestatore, se i diritti vengono fatti valere direttamente nei loro confronti.<\/p>\n<p>(4) Le disposizioni della legge sulla responsabilit\u00e0 dei prodotti rimangono inalterate.<\/p>\n<h3>8. ritiro\/annullamento dei ritiri<\/h3>\n<h4>8.1 Cancellazione da parte dei partecipanti:<\/h4>\n<p>La cancellazione del ritiro \u00e8 possibile in qualsiasi momento, ma deve essere effettuata per iscritto (\u00e8 sufficiente un'e-mail). Si applicano le seguenti condizioni di cancellazione:<\/p>\n<p>Cancellazione fino a 45 giorni prima dell'inizio del ritiro: gratuita.<\/p>\n<p>Cancellazione da 45 a 30 giorni prima dell'inizio del ritiro: verr\u00e0 trattenuto il 50 % del prezzo del corso.<\/p>\n<p>In caso di cancellazione a meno di 30 giorni dall'inizio del ritiro, verr\u00e0 trattenuto il 100 % del prezzo del corso.<\/p>\n<h4>8.2 Raccomandazione di assicurazione di viaggio:<\/h4>\n<p>Si consiglia di stipulare un'assicurazione di viaggio e di annullamento, ad esempio con Europ\u00e4ische Reiseversicherung AG(www.europaeische.at), per tutelarsi in caso di malattia o altri eventi imprevisti.<\/p>\n<h4>8.3 Ritiro da parte dell'Organizzatore:<\/h4>\n<p>L'organizzatore si riserva il diritto di annullare il ritiro se non viene raggiunto il numero minimo di partecipanti, se il responsabile \u00e8 malato o in casi di forza maggiore. In questo caso, verr\u00e0 rimborsato l'intero prezzo del corso. Non \u00e8 possibile avanzare ulteriori richieste di risarcimento.<\/p>\n<h3>\u00a7 9 Disposizioni finali<\/h3>\n<p>(1) Ai contratti tra l'offerente e il cliente si applica il diritto della Repubblica Federale di Germania, ad esclusione della Convenzione delle Nazioni Unite sui contratti di vendita internazionale di merci e del diritto internazionale privato.<\/p>\n<p>(2) Se il cliente \u00e8 un commerciante, una persona giuridica di diritto pubblico o un fondo speciale di diritto pubblico, il foro competente per tutte le controversie derivanti dai rapporti contrattuali tra il cliente e il fornitore \u00e8 la sede legale del fornitore.<\/p>\n<p>(3) Il contratto rimane vincolante nelle sue parti rimanenti anche se singoli punti non sono legalmente validi. I punti non validi saranno sostituiti dalle eventuali disposizioni di legge. Tuttavia, se ci\u00f2 costituisce una difficolt\u00e0 irragionevole per una delle parti contraenti, il contratto nel suo complesso diventa nullo.<div class=\"woocommerce woocommerce-gzd woocommerce-gzd-complaints-shortcode\">\n\t\t\t<h3>Informazioni ai sensi del \u00a7 19 (3) AStG<\/h3>\n\t\t<p>Legge sulla risoluzione alternativa delle controversie - Negozi online<\/p>\n\t\nNon siamo obbligati o disposti a partecipare a procedure di risoluzione delle controversie davanti a un collegio arbitrale dei consumatori.<\/div>\n\n\t\t<\/div>\n\t\t\t\t\n<style>\n#col-238112196 > .col-inner {\n  max-width: 800px;\n}\n<\/style>\n\t<\/div>\n\n\t\n\n<\/div>\n\n\n<style>\n\n.margin-auto,\n.margin-auto .col-inner {\n  margin: auto !important;\n}\n\n.max-width-800 {\n  max-width: 800px !important;\n}\n\n<\/style>\n\n\n\t\t<\/div>\n\n\t\t\n<style>\n#section_168846118 {\n  padding-top: 0px;\n  padding-bottom: 0px;\n}\n<\/style>\n\t<\/section>","protected":false},"excerpt":{"rendered":"","protected":false},"author":1,"featured_media":0,"parent":0,"menu_order":0,"comment_status":"closed","ping_status":"closed","template":"","meta":{"_acf_changed":false,"footnotes":""},"class_list":["post-11","page","type-page","status-publish","hentry"],"acf":[],"yoast_head":"<!-- This site is optimized with the Yoast SEO plugin v27.3 - https:\/\/yoast.com\/product\/yoast-seo-wordpress\/ -->\n<title>AGB | meine-TCM.com<\/title>\n<meta name=\"description\" content=\"Hier findest du die allgemeinen Gesch\u00e4ftsbedingungen (AGB) von meine-TCM.com. Erl\u00e4utert werden unsere Vertragsbedingungen.\" \/>\n<meta name=\"robots\" content=\"index, follow, max-snippet:-1, max-image-preview:large, max-video-preview:-1\" \/>\n<link rel=\"canonical\" href=\"https:\/\/www.meine-tcm.com\/it\/agb\/\" \/>\n<meta property=\"og:locale\" content=\"it_IT\" \/>\n<meta property=\"og:type\" content=\"article\" \/>\n<meta property=\"og:title\" content=\"AGB | meine-TCM.com\" \/>\n<meta property=\"og:description\" content=\"Hier findest du die allgemeinen Gesch\u00e4ftsbedingungen (AGB) von meine-TCM.com. Erl\u00e4utert werden unsere Vertragsbedingungen.\" \/>\n<meta property=\"og:url\" content=\"https:\/\/www.meine-tcm.com\/it\/agb\/\" \/>\n<meta property=\"og:site_name\" content=\"meine TCM | Traditionelle Chinesische Medizin einfach erkl\u00e4rt\" \/>\n<meta property=\"article:modified_time\" content=\"2025-09-28T12:16:46+00:00\" \/>\n<meta name=\"twitter:card\" content=\"summary_large_image\" \/>\n<meta name=\"twitter:label1\" content=\"Tempo di lettura stimato\" \/>\n\t<meta name=\"twitter:data1\" content=\"5 minuti\" \/>\n<script type=\"application\/ld+json\" class=\"yoast-schema-graph\">{\"@context\":\"https:\\\/\\\/schema.org\",\"@graph\":[{\"@type\":\"WebPage\",\"@id\":\"https:\\\/\\\/www.meine-tcm.com\\\/agb\\\/\",\"url\":\"https:\\\/\\\/www.meine-tcm.com\\\/agb\\\/\",\"name\":\"AGB | meine-TCM.com\",\"isPartOf\":{\"@id\":\"https:\\\/\\\/www.meine-tcm.com\\\/#website\"},\"datePublished\":\"2020-03-09T09:53:08+00:00\",\"dateModified\":\"2025-09-28T12:16:46+00:00\",\"description\":\"Hier findest du die allgemeinen Gesch\u00e4ftsbedingungen (AGB) von meine-TCM.com. Erl\u00e4utert werden unsere Vertragsbedingungen.\",\"breadcrumb\":{\"@id\":\"https:\\\/\\\/www.meine-tcm.com\\\/agb\\\/#breadcrumb\"},\"inLanguage\":\"it-IT\",\"potentialAction\":[{\"@type\":\"ReadAction\",\"target\":[\"https:\\\/\\\/www.meine-tcm.com\\\/agb\\\/\"]}]},{\"@type\":\"BreadcrumbList\",\"@id\":\"https:\\\/\\\/www.meine-tcm.com\\\/agb\\\/#breadcrumb\",\"itemListElement\":[{\"@type\":\"ListItem\",\"position\":1,\"name\":\"Home\",\"item\":\"https:\\\/\\\/www.meine-tcm.com\\\/\"},{\"@type\":\"ListItem\",\"position\":2,\"name\":\"AGB\"}]},{\"@type\":\"WebSite\",\"@id\":\"https:\\\/\\\/www.meine-tcm.com\\\/#website\",\"url\":\"https:\\\/\\\/www.meine-tcm.com\\\/\",\"name\":\"meine TCM | Traditionelle Chinesische Medizin einfach erkl\u00e4rt\",\"description\":\"Einfach gesund bleiben\",\"publisher\":{\"@id\":\"https:\\\/\\\/www.meine-tcm.com\\\/#organization\"},\"potentialAction\":[{\"@type\":\"SearchAction\",\"target\":{\"@type\":\"EntryPoint\",\"urlTemplate\":\"https:\\\/\\\/www.meine-tcm.com\\\/?s={search_term_string}\"},\"query-input\":{\"@type\":\"PropertyValueSpecification\",\"valueRequired\":true,\"valueName\":\"search_term_string\"}}],\"inLanguage\":\"it-IT\"},{\"@type\":\"Organization\",\"@id\":\"https:\\\/\\\/www.meine-tcm.com\\\/#organization\",\"name\":\"meine-TCM.com \u2014 Traditionelle chinesische Medizin einfach erkl\u00e4rt\",\"url\":\"https:\\\/\\\/www.meine-tcm.com\\\/\",\"logo\":{\"@type\":\"ImageObject\",\"inLanguage\":\"it-IT\",\"@id\":\"https:\\\/\\\/www.meine-tcm.com\\\/#\\\/schema\\\/logo\\\/image\\\/\",\"url\":\"https:\\\/\\\/www.meine-tcm.com\\\/wp-content\\\/uploads\\\/2022\\\/08\\\/meine-tcm-traditionelle-chinesische-medizin-einfach-erklaert.png\",\"contentUrl\":\"https:\\\/\\\/www.meine-tcm.com\\\/wp-content\\\/uploads\\\/2022\\\/08\\\/meine-tcm-traditionelle-chinesische-medizin-einfach-erklaert.png\",\"width\":559,\"height\":479,\"caption\":\"meine-TCM.com \u2014 Traditionelle chinesische Medizin einfach erkl\u00e4rt\"},\"image\":{\"@id\":\"https:\\\/\\\/www.meine-tcm.com\\\/#\\\/schema\\\/logo\\\/image\\\/\"},\"sameAs\":[\"https:\\\/\\\/www.instagram.com\\\/meinetcm\\\/\",\"https:\\\/\\\/www.youtube.com\\\/@EinfachbesserLeben\"]}]}<\/script>\n<!-- \/ Yoast SEO plugin. -->","yoast_head_json":{"title":"AGB | my-TCM.com","description":"Qui trovate le condizioni generali di contratto (CG) di my-TCM.com. Vengono illustrate le nostre condizioni contrattuali.","robots":{"index":"index","follow":"follow","max-snippet":"max-snippet:-1","max-image-preview":"max-image-preview:large","max-video-preview":"max-video-preview:-1"},"canonical":"https:\/\/www.meine-tcm.com\/it\/agb\/","og_locale":"it_IT","og_type":"article","og_title":"AGB | meine-TCM.com","og_description":"Hier findest du die allgemeinen Gesch\u00e4ftsbedingungen (AGB) von meine-TCM.com. Erl\u00e4utert werden unsere Vertragsbedingungen.","og_url":"https:\/\/www.meine-tcm.com\/it\/agb\/","og_site_name":"meine TCM | Traditionelle Chinesische Medizin einfach erkl\u00e4rt","article_modified_time":"2025-09-28T12:16:46+00:00","twitter_card":"summary_large_image","twitter_misc":{"Tempo di lettura stimato":"5 minuti"},"schema":{"@context":"https:\/\/schema.org","@graph":[{"@type":"WebPage","@id":"https:\/\/www.meine-tcm.com\/agb\/","url":"https:\/\/www.meine-tcm.com\/agb\/","name":"AGB | my-TCM.com","isPartOf":{"@id":"https:\/\/www.meine-tcm.com\/#website"},"datePublished":"2020-03-09T09:53:08+00:00","dateModified":"2025-09-28T12:16:46+00:00","description":"Qui trovate le condizioni generali di contratto (CG) di my-TCM.com. Vengono illustrate le nostre condizioni contrattuali.","breadcrumb":{"@id":"https:\/\/www.meine-tcm.com\/agb\/#breadcrumb"},"inLanguage":"it-IT","potentialAction":[{"@type":"ReadAction","target":["https:\/\/www.meine-tcm.com\/agb\/"]}]},{"@type":"BreadcrumbList","@id":"https:\/\/www.meine-tcm.com\/agb\/#breadcrumb","itemListElement":[{"@type":"ListItem","position":1,"name":"Home","item":"https:\/\/www.meine-tcm.com\/"},{"@type":"ListItem","position":2,"name":"AGB"}]},{"@type":"WebSite","@id":"https:\/\/www.meine-tcm.com\/#website","url":"https:\/\/www.meine-tcm.com\/","name":"la mia MTC | Medicina Tradizionale Cinese spiegata in modo semplice","description":"Rimanere semplicemente in salute","publisher":{"@id":"https:\/\/www.meine-tcm.com\/#organization"},"potentialAction":[{"@type":"SearchAction","target":{"@type":"EntryPoint","urlTemplate":"https:\/\/www.meine-tcm.com\/?s={search_term_string}"},"query-input":{"@type":"PropertyValueSpecification","valueRequired":true,"valueName":"search_term_string"}}],"inLanguage":"it-IT"},{"@type":"Organization","@id":"https:\/\/www.meine-tcm.com\/#organization","name":"meine-TCM.com - La Medicina Tradizionale Cinese spiegata in modo semplice","url":"https:\/\/www.meine-tcm.com\/","logo":{"@type":"ImageObject","inLanguage":"it-IT","@id":"https:\/\/www.meine-tcm.com\/#\/schema\/logo\/image\/","url":"https:\/\/www.meine-tcm.com\/wp-content\/uploads\/2022\/08\/meine-tcm-traditionelle-chinesische-medizin-einfach-erklaert.png","contentUrl":"https:\/\/www.meine-tcm.com\/wp-content\/uploads\/2022\/08\/meine-tcm-traditionelle-chinesische-medizin-einfach-erklaert.png","width":559,"height":479,"caption":"meine-TCM.com \u2014 Traditionelle chinesische Medizin einfach erkl\u00e4rt"},"image":{"@id":"https:\/\/www.meine-tcm.com\/#\/schema\/logo\/image\/"},"sameAs":["https:\/\/www.instagram.com\/meinetcm\/","https:\/\/www.youtube.com\/@EinfachbesserLeben"]}]}},"wps_subtitle":"","_links":{"self":[{"href":"https:\/\/www.meine-tcm.com\/it\/wp-json\/wp\/v2\/pages\/11","targetHints":{"allow":["GET"]}}],"collection":[{"href":"https:\/\/www.meine-tcm.com\/it\/wp-json\/wp\/v2\/pages"}],"about":[{"href":"https:\/\/www.meine-tcm.com\/it\/wp-json\/wp\/v2\/types\/page"}],"author":[{"embeddable":true,"href":"https:\/\/www.meine-tcm.com\/it\/wp-json\/wp\/v2\/users\/1"}],"replies":[{"embeddable":true,"href":"https:\/\/www.meine-tcm.com\/it\/wp-json\/wp\/v2\/comments?post=11"}],"version-history":[{"count":14,"href":"https:\/\/www.meine-tcm.com\/it\/wp-json\/wp\/v2\/pages\/11\/revisions"}],"predecessor-version":[{"id":21944,"href":"https:\/\/www.meine-tcm.com\/it\/wp-json\/wp\/v2\/pages\/11\/revisions\/21944"}],"wp:attachment":[{"href":"https:\/\/www.meine-tcm.com\/it\/wp-json\/wp\/v2\/media?parent=11"}],"curies":[{"name":"wp","href":"https:\/\/api.w.org\/{rel}","templated":true}]}}