{"id":3832,"date":"2021-01-08T13:02:28","date_gmt":"2021-01-08T12:02:28","guid":{"rendered":"https:\/\/www.meine-tcm.com\/produkt\/loosing-pounds\/"},"modified":"2026-04-10T17:08:36","modified_gmt":"2026-04-10T15:08:36","slug":"perdre-des-livres","status":"publish","type":"product","link":"https:\/\/www.meine-tcm.com\/fr\/produit\/perdre-des-livres\/","title":{"rendered":"Loosing Pounds"},"content":{"rendered":"<h2 style=\"padding-bottom: 0 !important;\">Loosing Pounds<\/h2>\n<p style=\"padding-top: 10px;\"><strong>M\u00e9lange selon la naturopathe Vivian Ansuhenne de Hambourg.<\/strong><\/p>\n<p><strong>Particularit\u00e9 :<\/strong><br \/>\nLes champignons vitaux assortis les uns aux autres ne soutiennent pas seulement la perte de poids, mais poss\u00e8dent des ingr\u00e9dients tels que des min\u00e9raux, des vitamines B1 \u00e0 B12, de la provitamine A et autres, qui devraient soutenir le corps dans sa sant\u00e9 !<\/p>\n<p><strong>Contenu :<\/strong><br \/>\n42 g\u00e9lules<\/p>\n<p><strong>Effet \u00e0 l'ouest :<\/strong><br \/>\nR\u00e9duction de poids, aide en cas de surpoids.<\/p>\n<p><strong>Effet TCM :<\/strong><br \/>\n\u00c9vacue l'humidit\u00e9 et le mucus, renforce Ma et Mi, r\u00e9gule le centre, harmonise Le Qi.<\/p>\n<p><strong>Recommandation de consommation :<\/strong><br \/>\nPrendre 3 x 1 cps avec le repas.<\/p>\n<p><strong>Conseils nutritionnels :<\/strong><br \/>\nPr\u00e9f\u00e8re beaucoup de l\u00e9gumes color\u00e9s, de l\u00e9gumineuses, de fruits de proximit\u00e9, de noix, de graines et de p\u00e9pins. \u00c9vite les produits laitiers d'origine animale, le sucre industriel, le fast-food et trop de p\u00e2tes !<\/p>\n<p><strong>Ingr\u00e9dients :<\/strong><\/p>\n<table>\n<thead>\n<tr>\n<td>Pinyin<\/td>\n<td>Nom latin<\/td>\n<td>Nom fran\u00e7ais<\/td>\n<td>Pourcentage %<\/td>\n<td>6 tabs (3 g)<\/td>\n<\/tr>\n<\/thead>\n<tbody>\n<tr>\n<td>Dong Chong Xia Cao<\/td>\n<td>Cordyceps<\/td>\n<td>Champignon chinois en forme de chenille<\/td>\n<td>20,0<\/td>\n<td>0,6<\/td>\n<\/tr>\n<tr>\n<td>Hou Tou Jun<\/td>\n<td>Hericium Erinaceus<\/td>\n<td>Barbe de h\u00e9risson<\/td>\n<td>20,0<\/td>\n<td>0,6<\/td>\n<\/tr>\n<tr>\n<td>Ji Tui Mo<\/td>\n<td>Coprinus Comatus<\/td>\n<td>\u00c9pinette des bois<\/td>\n<td>20,0<\/td>\n<td>0,6<\/td>\n<\/tr>\n<tr>\n<td>Maitake (huishuhua)<\/td>\n<td>Grifola Frondosa (maitake)<\/td>\n<td>Eponge \u00e0 sonnette commune<\/td>\n<td>20,0<\/td>\n<td>0,6<\/td>\n<\/tr>\n<tr>\n<td>Ping Gu<\/td>\n<td>Pleurotus Ostreatus<\/td>\n<td>Fus\u00e9e d'hu\u00eetre<\/td>\n<td>20,0<\/td>\n<td>0,6<\/td>\n<\/tr>\n<\/tbody>\n<\/table>\n\t<div id=\"gap-776232380\" class=\"gap-element clearfix\" style=\"display:block; height:auto;\">\n\t\t\n<style>\n#gap-776232380 {\n  padding-top: 20px;\n}\n<\/style>\n\t<\/div>\n\t\n\n<div class=\"row row-collapse row-full-width row-solid nem-hinweis-row\"  id=\"row-674896366\">\n\n\n\t<div id=\"col-125558359\" class=\"col nem-hinweis-column small-12 large-12\"  >\n\t\t\t\t<div class=\"col-inner\"  >\n\t\t\t\n\t<div class=\"is-border\"\n\t\tstyle=\"border-color:rgb(23, 126, 137);border-radius:10px;border-width:1px 1px 1px 1px;\">\n\t<\/div>\n\t\t\t\n\n\t<div id=\"text-344371325\" class=\"text nem-hinweis-paragraph\">\n\t\t\n\n<h2>\ud83d\udc8a TCM\u2013Kr\u00e4uter richtig einnehmen \u2014 warum mehr Tabletten und mehr Zeit?<\/h2>\n<p><strong><br \/>Westliche Medikamente<\/strong>\u00a0sind isolierte Einzelmolek\u00fcle in hoher Konzentration \u2014 ein Wirkstoff, ein Ziel. Wie ein Pfeil: schnell und pr\u00e4zise. Deswegen gen\u00fcgt oft eine einzige Tablette.<\/p>\n<p><strong>TCM\u2013Kr\u00e4utermischungen<\/strong> arbeiten anders. Jede Rezeptur enth\u00e4lt mehrere Pflanzen mit hunderten Verbindungen, die in Synergie wirken \u2014 wie ein Orchester, nicht wie ein Solist. Die Einzeldosis pro Verbindung ist geringer, aber die Summe entfaltet eine breite, tiefgreifende Wirkung. Deswegen braucht es mehr Tabletten pro Einnahme \u2014 und deswegen sind die Nebenwirkungen in der Regel milder.<\/p>\n<p><strong>Und warum so lange?<\/strong>\u00a0Westliche Schmerzmittel unterdr\u00fccken Symptome in einer Stunde \u2014 aber die Ursache bleibt. TCM\u2013Kr\u00e4uter ver\u00e4ndern das Muster, das die Beschwerden erzeugt. Der Unterschied ist wie zwischen einer Schmerztablette und einer Physiotherapie: Die Tablette wirkt sofort, aber die Physiotherapie heilt. Und Heilung braucht Zeit.<\/p>\n<p><strong>Allgemeine Einnahmeempfehlung:<br \/><\/strong><em>(sofern auf der jeweiligen Produktseite oder von deinem TCM\u2013Therapeuten nicht anders angegeben)<\/em><br \/>\u2713\u00a0<strong>Dosage :<\/strong>\u00a02x t\u00e4glich 4\u20136 Tabletten (je nach Rezeptur)<br \/>\u2713\u00a0<strong>Dur\u00e9e :<\/strong>\u00a06\u201312 Wochen, damit der K\u00f6rper sein Muster wirklich ver\u00e4ndern kann<br \/>\u2713\u00a0<strong>Einnahme:<\/strong>\u00a0Am besten mit warmem Wasser, 30 Minuten vor oder nach dem Essen<\/p>\n\t\t\t<\/div>\n\t\n\n\t\t<\/div>\n\t\t\t\t\t<\/div>\n\n\t\n\n\n<style>\n#row-674896366 > .col > .col-inner {\n  padding: 20px 20px 20px 20px;\n  background-color: rgba(23, 126, 137, 0.1);\n  border-radius: 10px;\n}\n<\/style>\n<\/div>\n\t<div id=\"gap-937936578\" class=\"gap-element clearfix\" style=\"display:block; height:auto;\">\n\t\t\n<style>\n#gap-937936578 {\n  padding-top: 40px;\n}\n<\/style>\n\t<\/div>\n\t\n\n<div class=\"row row-collapse row-full-width nem-hinweis-row\"  id=\"row-177233108\">\n\n\n\t<div id=\"col-1928449389\" class=\"col nem-hinweis-column small-12 large-12\"  >\n\t\t\t\t<div class=\"col-inner\"  >\n\t\t\t\n\t\t\t\n\n\t<div id=\"text-4025502296\" class=\"text nem-hinweis-paragraph\">\n\t\t\n\n<p><strong>Des indices :<\/strong><br \/>Pour les recettes de ces compl\u00e9ments alimentaires, seules les herbes de la m\u00e9decine chinoise de la plus haute qualit\u00e9 ont \u00e9t\u00e9 s\u00e9lectionn\u00e9es afin de garantir un maximum de bienfaits pour la sant\u00e9. Ils contiennent uniquement des herbes disponibles sans ordonnance et servent de compl\u00e9ment alimentaire.<\/p>\r\n<p>Les compl\u00e9ments alimentaires ne doivent pas \u00eatre utilis\u00e9s comme substituts d'une alimentation \u00e9quilibr\u00e9e et vari\u00e9e et d'un mode de vie sain. Ne pas d\u00e9passer la consommation quotidienne recommand\u00e9e indiqu\u00e9e. Conserver hors de port\u00e9e des jeunes enfants. Conserver \u00e0 l'abri de la lumi\u00e8re et \u00e0 temp\u00e9rature ambiante. Pour un diagnostic pr\u00e9cis, et surtout pour les femmes enceintes et allaitantes, nous conseillons de consulter un th\u00e9rapeute sp\u00e9cialis\u00e9 en m\u00e9decine chinoise ou le m\u00e9decin de famille.<\/p>\n\t\t\t<\/div>\n\t\n\n\t\t<\/div>\n\t\t\t\t\t<\/div>\n\n\t\n\n<\/div>\n<style>\r\nh4 {\r\n  font-size: 22px;\r\n  margin-bottom: 0;\r\n}\r\n\r\n#tab-description p, #tab-reviews p {\r\n    padding: 0 0 18px 0;\r\n}\r\n\r\nstrong.tcm-kraut {\r\n  background-color: rgb(252 180 61 \/ 40%);\r\n  padding: 4px;\r\n  border-radius: 6px;\r\n}\r\n\r\nmain .padding-bottom-4 {\r\n    padding-bottom: 4px;\r\n}\r\n\r\nspan.checkmark {\r\n  display: inline-block;\r\n  width: 24px;\r\n  height: 24px;\r\n  background-color: #28a745;\r\n  border-radius: 50%;\r\n  position: relative;\r\n  top: 5px;\r\n}\r\n\r\nspan.checkmark::after {\r\n  content: \"\";\r\n  position: absolute;\r\n  left: 8px;\r\n  top: 3px;\r\n  width: 8px;\r\n  height: 16px;\r\n  border: solid white;\r\n  transform: rotate(45deg);\r\n  border-width: 0 3px 3px 0;\r\n  border-radius: 1px;\r\n}\r\n\r\nspan.checkmark.color-black {\r\n  background-color: unset;\r\n}\r\n\r\nspan.checkmark.color-black::after {\r\n  border: solid #000a0d;\r\n}\r\n\r\nmain ul.checklist {\r\n  position: relative;\r\n  list-style: none;\r\n  padding-left: 0;\r\n}\r\n\r\nmain ul.checklist li {\r\n  position: relative;\r\n  padding-left: 30px;\r\n  margin-bottom: 4px;\r\n  margin-left: 0;\r\n}\r\n\r\nmain ul.checklist li::before {\r\n  content: \"\";\r\n  position: absolute;\r\n  width: 24px;\r\n  height: 24px;\r\n  background-color: #28a745;\r\n  border-radius: 50%;\r\n  top: 2px;\r\n  left: 0;\r\n}\r\n\r\nmain ul.checklist li::after {\r\n  content: \"\";\r\n  position: absolute;\r\n  left: 8px;\r\n  top: 5px;\r\n  width: 8px;\r\n  height: 16px;\r\n  border: solid white;\r\n  transform: rotate(45deg);\r\n  border-width: 0 3px 3px 0;\r\n  border-radius: 1px;\r\n}\r\n\r\n.woocommerce-tabs #tab-description td:nth-child(5), .woocommerce-tabs #tab-description td:nth-child(4) {\r\n    text-align: center !important;\r\n}\r\n.woocommerce-tabs #tab-description thead td {\r\n    text-transform: uppercase;\r\n    font-size: 14px;\r\n    font-weight: 500;\r\n    color: #000a0d;\r\n    padding-top: 4px;\r\n    padding-bottom: 4px;\r\n    line-height: 1.1;\r\n    vertical-align: bottom;\r\n    background-color: #f2f2f2;\r\n    border-bottom: 4px solid #007f8b !important;\r\n}\r\n.woocommerce-tabs #tab-description tr:hover {\r\n    background-color: rgba(255, 182, 39, .1);\r\n}\r\n.woocommerce-tabs #tab-description tr:hover td {\r\n    color: #000a0d;\r\n}\r\n.woocommerce-tabs #tab-description tr:hover td:nth-child(1),\r\n.woocommerce-tabs #tab-description tr:hover td:nth-child(3),\r\n.woocommerce-tabs #tab-description tr:hover td:nth-child(5) {\r\n    font-weight: 600;\r\n    font-weight: 600;\r\n    letter-spacing: -.1px;\r\n}\r\n.woocommerce-tabs #tab-description td a {\r\n    text-decoration: underline;\r\n}\r\n.woocommerce-tabs #tab-description ul,\r\n.woocommerce-tabs #tab-description ul li {\r\n    margin-bottom: 0;\r\n}\r\n.woocommerce-tabs #tab-description ul li a {\r\n    text-decoration: underline;\r\n}\r\n.woocommerce-tabs #tab-description ul:before{\r\n    content:attr(aria-label);\r\n     font-weight:bold;\r\n}\r\n\r\n\/* Setze die Breite der Zellen basierend auf der ersten Zeile *\/\r\n.woocommerce .woocommerce-tabs table thead tr td:nth-child(1),\r\n.woocommerce .woocommerce-tabs table tbody tr td:nth-child(1) {\r\n    width: 16%;\r\n}\r\n\r\n.woocommerce .woocommerce-tabs table thead tr td:nth-child(2),\r\n.woocommerce .woocommerce-tabs table tbody tr td:nth-child(2) {\r\n    width: 30%;\r\n}\r\n\r\n.woocommerce .woocommerce-tabs table thead tr td:nth-child(3),\r\n.woocommerce .woocommerce-tabs table tbody tr td:nth-child(3) {\r\n    width: 30%;\r\n}\r\n\r\n.woocommerce .woocommerce-tabs table thead tr td:nth-child(4),\r\n.woocommerce .woocommerce-tabs table tbody tr td:nth-child(4) {\r\n    width: 12%;\r\n}\r\n\r\n.woocommerce .woocommerce-tabs table thead tr td:nth-child(5),\r\n.woocommerce .woocommerce-tabs table tbody tr td:nth-child(5) {\r\n    width: 12%;\r\n}\r\n\r\n@media screen and (max-width: 767px) {\r\n  .woocommerce .woocommerce-tabs .woocommerce-Tabs-panel--description table {\r\n    position: relative;\r\n    display: block;\r\n    overflow-x: auto;\r\n    \/\/ white-space: nowrap;\r\n  }\r\n\r\n  .woocommerce .woocommerce-tabs table thead tr,\r\n  .woocommerce .woocommerce-tabs table tbody tr {\r\n    display: flex;\r\n    flex-direction: row;\r\n  }\r\n\r\n  .woocommerce .woocommerce-tabs table thead td,\r\n  .woocommerce .woocommerce-tabs table tbody td {\r\n    display: block;\r\n    text-align: left;\r\n    padding: 10px;\r\n    box-sizing: border-box;\r\n    flex-grow: 1;\r\n  }\r\n\r\n  .woocommerce .woocommerce-tabs table thead td:first-child,\r\n  .woocommerce .woocommerce-tabs table tbody td:first-child {\r\n    position: sticky;\r\n    left: 0;\r\n    z-index: 1;\r\n    background-color: #fff;\r\n    box-shadow: 2px 0 5px rgba(0, 0, 0, 0.1);\r\n  }\r\n\r\n  .woocommerce .woocommerce-tabs table thead tr {\r\n    position: sticky;\r\n    top: 0;\r\n    z-index: 2;\r\n  }\r\n\r\n  .woocommerce .woocommerce-tabs table thead td {\r\n    background-color: #f8f8f8;\r\n  }\r\n\r\n  \/* Setze die Breite der Zellen basierend auf der ersten Zeile *\/\r\n  .woocommerce .woocommerce-tabs table thead tr td:nth-child(1),\r\n  .woocommerce .woocommerce-tabs table tbody tr td:nth-child(1) {\r\n    width: 140px;\r\n  }\r\n\r\n  .woocommerce .woocommerce-tabs table thead tr td:nth-child(2),\r\n  .woocommerce .woocommerce-tabs table tbody tr td:nth-child(2) {\r\n    width: 250px;\r\n  }\r\n\r\n  .woocommerce .woocommerce-tabs table thead tr td:nth-child(3),\r\n  .woocommerce .woocommerce-tabs table tbody tr td:nth-child(3) {\r\n    width: 250px;\r\n  }\r\n\r\n  .woocommerce .woocommerce-tabs table thead tr td:nth-child(4),\r\n  .woocommerce .woocommerce-tabs table tbody tr td:nth-child(4) {\r\n    width: 120px;\r\n  }\r\n\r\n  .woocommerce .woocommerce-tabs table thead tr td:nth-child(5),\r\n  .woocommerce .woocommerce-tabs table tbody tr td:nth-child(5) {\r\n    width: 120px;\r\n  }\r\n\r\n.woocommerce .woocommerce-tabs .woocommerce-Tabs-panel--description table {\r\n  overflow-x: scroll;\r\n}\r\n\r\n.woocommerce .woocommerce-tabs .woocommerce-Tabs-panel--description table {\r\n  display: block;\r\n  overflow-x: auto;\r\n  \/\/ white-space: nowrap;\r\n  -webkit-overflow-scrolling: touch;\r\n}\r\n\r\n.woocommerce .woocommerce-tabs .woocommerce-Tabs-panel--description table::-webkit-scrollbar {\r\n  height: 12px;\r\n  background-color: #f2f2f2;\r\n}\r\n\r\n.woocommerce .woocommerce-tabs.woocommerce-Tabs-panel--description table::-webkit-scrollbar-thumb {\r\n  background-color: var(--fs-color-secondary);\r\n  border-radius: 6px;\r\n  border: 2px solid #f2f2f2;\r\n}\r\n\r\n.woocommerce .woocommerce-tabs.woocommerce-Tabs-panel--description table::-webkit-scrollbar-thumb:hover {\r\n  background-color: #007f8b;\r\n}\r\n\r\n.woocommerce .woocommerce-tabs .woocommerce-Tabs-panel--description table tbody tr td:last-child {\r\n  background: linear-gradient(to right, rgba(255, 255, 255, 0), rgba(255, 255, 255, 1) 70%);\r\n}\r\n\r\n  \/* F\u00fcge den \">\" Pfeil in der ersten Zelle des Tabellenkopfes ein *\/\r\n  .woocommerce .woocommerce-tabs .woocommerce-Tabs-panel--description table thead td:first-child::after {\r\n    content: '\u2192';\r\n    position: absolute;\r\n    right: -2px;\r\n    top: 50%;\r\n    transform: translateY(-50%);\r\n    font-size: 32px;\r\n    color: var(--fs-color-secondary);\r\n  }\r\n\r\n  \/* F\u00fcge den Hinweistext am Ende der Tabelle ein *\/\r\n  .woocommerce .woocommerce-tabs .woocommerce-Tabs-panel--description table::after {\r\n    content: 'Scroll nach rechts, um mehr zu sehen \u2192';\r\n    display: block;\r\n    text-align: left;\r\n    padding: 10px 0 10px 10px;\r\n    font-size: 15px;\r\n    font-weight: 600;\r\n    text-transform: uppercase;\r\n    color: var(--fs-color-secondary);\r\n    background-color: #f2f2f2;\r\n    position: sticky;\r\n    left: 0;\r\n  }\r\n\r\n}\r\n\r\n<\/style>","protected":false},"excerpt":{"rendered":"<p class=\"translation-block\">M\u00e9lange d'herbes chinoises de <a href=\"https:\/\/www.meine-tcm.com\/fr\/produits\/tcm-herbes\/ansuhenne\/\" title=\"All TCM herbs from Ansuhenne\" target=\"_self\">Ansuhenne<\/a>.<\/p>\n<p><strong>Aide en cas de<\/strong><br \/>\nExc\u00e8s de poids<\/p>\n<p><strong>La particularit\u00e9 des recettes d'Ansuhenne :<\/strong><br \/>\nDes champignons vitaux de la MTC sont \u00e9galement utilis\u00e9s dans les m\u00e9langes.<\/p>\n<p>Compl\u00e9ment alimentaire selon la m\u00e9decine traditionnelle chinoise. Contient uniquement des herbes disponibles sans ordonnance.<\/p>\n<p><strong>42 g\u00e9lules<\/strong><\/p>","protected":false},"featured_media":11683,"comment_status":"open","ping_status":"closed","template":"","meta":{"_acf_changed":false},"product_brand":[],"product_cat":[90,95],"product_tag":[160,164,319],"class_list":{"0":"post-3832","1":"product","2":"type-product","3":"status-publish","4":"has-post-thumbnail","6":"product_cat-tcm-kraeuter","7":"product_cat-ansuhenne","8":"product_tag-abnehmen","9":"product_tag-uebergewicht","10":"product_tag-gewichtsprobleme","11":"product_shipping_class-tcm-kraeuter","13":"first","14":"instock","15":"taxable","16":"shipping-taxable","17":"purchasable","18":"product-type-simple"},"acf":[],"yoast_head":"<!-- This site is optimized with the Yoast SEO plugin v27.1.1 - https:\/\/yoast.com\/product\/yoast-seo-wordpress\/ -->\n<title>Ansuhenne: Loosing Pounds | Online kaufen<\/title>\n<meta name=\"description\" content=\"Abnehmen mit dieser TCM Kr\u00e4utermischung mit Vitalpilzen: Loosing Pounds. F\u00fcr die Rezeptur wurden nur die hochwertigsten Kr\u00e4uter ausgew\u00e4hlt.\" \/>\n<meta name=\"robots\" content=\"index, follow, max-snippet:-1, max-image-preview:large, max-video-preview:-1\" \/>\n<link rel=\"canonical\" href=\"https:\/\/www.meine-tcm.com\/fr\/produit\/perdre-des-livres\/\" \/>\n<meta property=\"og:locale\" content=\"fr_FR\" \/>\n<meta property=\"og:type\" content=\"article\" \/>\n<meta property=\"og:title\" content=\"Ansuhenne: Loosing Pounds | Online kaufen\" \/>\n<meta property=\"og:description\" content=\"Abnehmen mit dieser TCM Kr\u00e4utermischung mit Vitalpilzen: Loosing Pounds. F\u00fcr die Rezeptur wurden nur die hochwertigsten Kr\u00e4uter ausgew\u00e4hlt.\" \/>\n<meta property=\"og:url\" content=\"https:\/\/www.meine-tcm.com\/fr\/produit\/perdre-des-livres\/\" \/>\n<meta property=\"og:site_name\" content=\"meine TCM | Traditionelle Chinesische Medizin einfach erkl\u00e4rt\" \/>\n<meta property=\"article:modified_time\" content=\"2026-04-10T15:08:36+00:00\" \/>\n<meta property=\"og:image\" content=\"https:\/\/www.meine-tcm.com\/wp-content\/uploads\/2021\/01\/F088-v-ansuhenne-loosing-pounds-vitalpilze.jpg\" \/>\n\t<meta property=\"og:image:width\" content=\"1200\" \/>\n\t<meta property=\"og:image:height\" content=\"1200\" \/>\n\t<meta property=\"og:image:type\" content=\"image\/jpeg\" \/>\n<meta name=\"twitter:card\" content=\"summary_large_image\" \/>\n<meta name=\"twitter:label1\" content=\"Dur\u00e9e de lecture estim\u00e9e\" \/>\n\t<meta name=\"twitter:data1\" content=\"2 minutes\" \/>\n<script type=\"application\/ld+json\" class=\"yoast-schema-graph\">{\"@context\":\"https:\/\/schema.org\",\"@graph\":[{\"@type\":\"WebPage\",\"@id\":\"https:\/\/www.meine-tcm.com\/produkt\/loosing-pounds\/\",\"url\":\"https:\/\/www.meine-tcm.com\/produkt\/loosing-pounds\/\",\"name\":\"Ansuhenne: Loosing Pounds | Online kaufen\",\"isPartOf\":{\"@id\":\"https:\/\/www.meine-tcm.com\/#website\"},\"primaryImageOfPage\":{\"@id\":\"https:\/\/www.meine-tcm.com\/produkt\/loosing-pounds\/#primaryimage\"},\"image\":{\"@id\":\"https:\/\/www.meine-tcm.com\/produkt\/loosing-pounds\/#primaryimage\"},\"thumbnailUrl\":\"https:\/\/www.meine-tcm.com\/wp-content\/uploads\/2021\/01\/F088-v-ansuhenne-loosing-pounds-vitalpilze.jpg\",\"datePublished\":\"2021-01-08T12:02:28+00:00\",\"dateModified\":\"2026-04-10T15:08:36+00:00\",\"description\":\"Abnehmen mit dieser TCM Kr\u00e4utermischung mit Vitalpilzen: Loosing Pounds. F\u00fcr die Rezeptur wurden nur die hochwertigsten Kr\u00e4uter ausgew\u00e4hlt.\",\"breadcrumb\":{\"@id\":\"https:\/\/www.meine-tcm.com\/produkt\/loosing-pounds\/#breadcrumb\"},\"inLanguage\":\"fr-FR\",\"potentialAction\":[{\"@type\":\"ReadAction\",\"target\":[\"https:\/\/www.meine-tcm.com\/produkt\/loosing-pounds\/\"]}]},{\"@type\":\"ImageObject\",\"inLanguage\":\"fr-FR\",\"@id\":\"https:\/\/www.meine-tcm.com\/produkt\/loosing-pounds\/#primaryimage\",\"url\":\"https:\/\/www.meine-tcm.com\/wp-content\/uploads\/2021\/01\/F088-v-ansuhenne-loosing-pounds-vitalpilze.jpg\",\"contentUrl\":\"https:\/\/www.meine-tcm.com\/wp-content\/uploads\/2021\/01\/F088-v-ansuhenne-loosing-pounds-vitalpilze.jpg\",\"width\":1200,\"height\":1200,\"caption\":\"TCM Kr\u00e4utermischung \u2014 Loosing Pounds von Vivian Ansuhenne\"},{\"@type\":\"BreadcrumbList\",\"@id\":\"https:\/\/www.meine-tcm.com\/produkt\/loosing-pounds\/#breadcrumb\",\"itemListElement\":[{\"@type\":\"ListItem\",\"position\":1,\"name\":\"Home\",\"item\":\"https:\/\/www.meine-tcm.com\/\"},{\"@type\":\"ListItem\",\"position\":2,\"name\":\"Shop\",\"item\":\"https:\/\/www.meine-tcm.com\/shop\/\"},{\"@type\":\"ListItem\",\"position\":3,\"name\":\"TCM Kr\u00e4uter\",\"item\":\"https:\/\/www.meine-tcm.com\/produkte\/tcm-kraeuter\/\"},{\"@type\":\"ListItem\",\"position\":4,\"name\":\"Loosing Pounds\"}]},{\"@type\":\"WebSite\",\"@id\":\"https:\/\/www.meine-tcm.com\/#website\",\"url\":\"https:\/\/www.meine-tcm.com\/\",\"name\":\"meine TCM | Traditionelle Chinesische Medizin einfach erkl\u00e4rt\",\"description\":\"Einfach gesund bleiben\",\"publisher\":{\"@id\":\"https:\/\/www.meine-tcm.com\/#organization\"},\"potentialAction\":[{\"@type\":\"SearchAction\",\"target\":{\"@type\":\"EntryPoint\",\"urlTemplate\":\"https:\/\/www.meine-tcm.com\/?s={search_term_string}\"},\"query-input\":{\"@type\":\"PropertyValueSpecification\",\"valueRequired\":true,\"valueName\":\"search_term_string\"}}],\"inLanguage\":\"fr-FR\"},{\"@type\":\"Organization\",\"@id\":\"https:\/\/www.meine-tcm.com\/#organization\",\"name\":\"meine-TCM.com \u2014 Traditionelle chinesische Medizin einfach erkl\u00e4rt\",\"url\":\"https:\/\/www.meine-tcm.com\/\",\"logo\":{\"@type\":\"ImageObject\",\"inLanguage\":\"fr-FR\",\"@id\":\"https:\/\/www.meine-tcm.com\/#\/schema\/logo\/image\/\",\"url\":\"https:\/\/www.meine-tcm.com\/wp-content\/uploads\/2022\/08\/meine-tcm-traditionelle-chinesische-medizin-einfach-erklaert.png\",\"contentUrl\":\"https:\/\/www.meine-tcm.com\/wp-content\/uploads\/2022\/08\/meine-tcm-traditionelle-chinesische-medizin-einfach-erklaert.png\",\"width\":559,\"height\":479,\"caption\":\"meine-TCM.com \u2014 Traditionelle chinesische Medizin einfach erkl\u00e4rt\"},\"image\":{\"@id\":\"https:\/\/www.meine-tcm.com\/#\/schema\/logo\/image\/\"},\"sameAs\":[\"https:\/\/www.instagram.com\/meinetcm\/\",\"https:\/\/www.youtube.com\/@EinfachbesserLeben\"]}]}<\/script>\n<!-- \/ Yoast SEO plugin. -->","yoast_head_json":{"title":"Ansuhenne : Loosing Pounds | Acheter en ligne","description":"Perdre du poids gr\u00e2ce \u00e0 ce m\u00e9lange d'herbes MTC avec des champignons vitaux : Loosing Pounds. Seules les herbes de la plus haute qualit\u00e9 ont \u00e9t\u00e9 s\u00e9lectionn\u00e9es pour cette recette.","robots":{"index":"index","follow":"follow","max-snippet":"max-snippet:-1","max-image-preview":"max-image-preview:large","max-video-preview":"max-video-preview:-1"},"canonical":"https:\/\/www.meine-tcm.com\/fr\/produit\/perdre-des-livres\/","og_locale":"fr_FR","og_type":"article","og_title":"Ansuhenne: Loosing Pounds | Online kaufen","og_description":"Abnehmen mit dieser TCM Kr\u00e4utermischung mit Vitalpilzen: Loosing Pounds. F\u00fcr die Rezeptur wurden nur die hochwertigsten Kr\u00e4uter ausgew\u00e4hlt.","og_url":"https:\/\/www.meine-tcm.com\/fr\/produit\/perdre-des-livres\/","og_site_name":"meine TCM | Traditionelle Chinesische Medizin einfach erkl\u00e4rt","article_modified_time":"2026-04-10T15:08:36+00:00","og_image":[{"width":1200,"height":1200,"url":"https:\/\/www.meine-tcm.com\/wp-content\/uploads\/2021\/01\/F088-v-ansuhenne-loosing-pounds-vitalpilze.jpg","type":"image\/jpeg"}],"twitter_card":"summary_large_image","twitter_misc":{"Dur\u00e9e de lecture estim\u00e9e":"2 minutes"},"schema":{"@context":"https:\/\/schema.org","@graph":[{"@type":"WebPage","@id":"https:\/\/www.meine-tcm.com\/produkt\/loosing-pounds\/","url":"https:\/\/www.meine-tcm.com\/produkt\/loosing-pounds\/","name":"Ansuhenne : Loosing Pounds | Acheter en ligne","isPartOf":{"@id":"https:\/\/www.meine-tcm.com\/#website"},"primaryImageOfPage":{"@id":"https:\/\/www.meine-tcm.com\/produkt\/loosing-pounds\/#primaryimage"},"image":{"@id":"https:\/\/www.meine-tcm.com\/produkt\/loosing-pounds\/#primaryimage"},"thumbnailUrl":"https:\/\/www.meine-tcm.com\/wp-content\/uploads\/2021\/01\/F088-v-ansuhenne-loosing-pounds-vitalpilze.jpg","datePublished":"2021-01-08T12:02:28+00:00","dateModified":"2026-04-10T15:08:36+00:00","description":"Perdre du poids gr\u00e2ce \u00e0 ce m\u00e9lange d'herbes MTC avec des champignons vitaux : Loosing Pounds. Seules les herbes de la plus haute qualit\u00e9 ont \u00e9t\u00e9 s\u00e9lectionn\u00e9es pour cette recette.","breadcrumb":{"@id":"https:\/\/www.meine-tcm.com\/produkt\/loosing-pounds\/#breadcrumb"},"inLanguage":"fr-FR","potentialAction":[{"@type":"ReadAction","target":["https:\/\/www.meine-tcm.com\/produkt\/loosing-pounds\/"]}]},{"@type":"ImageObject","inLanguage":"fr-FR","@id":"https:\/\/www.meine-tcm.com\/produkt\/loosing-pounds\/#primaryimage","url":"https:\/\/www.meine-tcm.com\/wp-content\/uploads\/2021\/01\/F088-v-ansuhenne-loosing-pounds-vitalpilze.jpg","contentUrl":"https:\/\/www.meine-tcm.com\/wp-content\/uploads\/2021\/01\/F088-v-ansuhenne-loosing-pounds-vitalpilze.jpg","width":1200,"height":1200,"caption":"TCM Kr\u00e4utermischung \u2014 Loosing Pounds von Vivian Ansuhenne"},{"@type":"BreadcrumbList","@id":"https:\/\/www.meine-tcm.com\/produkt\/loosing-pounds\/#breadcrumb","itemListElement":[{"@type":"ListItem","position":1,"name":"Home","item":"https:\/\/www.meine-tcm.com\/"},{"@type":"ListItem","position":2,"name":"Shop","item":"https:\/\/www.meine-tcm.com\/shop\/"},{"@type":"ListItem","position":3,"name":"TCM Kr\u00e4uter","item":"https:\/\/www.meine-tcm.com\/produkte\/tcm-kraeuter\/"},{"@type":"ListItem","position":4,"name":"Loosing Pounds"}]},{"@type":"WebSite","@id":"https:\/\/www.meine-tcm.com\/#website","url":"https:\/\/www.meine-tcm.com\/","name":"meine MTC | La m\u00e9decine traditionnelle chinoise expliqu\u00e9e simplement","description":"Rester en bonne sant\u00e9, tout simplement","publisher":{"@id":"https:\/\/www.meine-tcm.com\/#organization"},"potentialAction":[{"@type":"SearchAction","target":{"@type":"EntryPoint","urlTemplate":"https:\/\/www.meine-tcm.com\/?s={search_term_string}"},"query-input":{"@type":"PropertyValueSpecification","valueRequired":true,"valueName":"search_term_string"}}],"inLanguage":"fr-FR"},{"@type":"Organization","@id":"https:\/\/www.meine-tcm.com\/#organization","name":"mon-TCM.com - La m\u00e9decine traditionnelle chinoise expliqu\u00e9e simplement","url":"https:\/\/www.meine-tcm.com\/","logo":{"@type":"ImageObject","inLanguage":"fr-FR","@id":"https:\/\/www.meine-tcm.com\/#\/schema\/logo\/image\/","url":"https:\/\/www.meine-tcm.com\/wp-content\/uploads\/2022\/08\/meine-tcm-traditionelle-chinesische-medizin-einfach-erklaert.png","contentUrl":"https:\/\/www.meine-tcm.com\/wp-content\/uploads\/2022\/08\/meine-tcm-traditionelle-chinesische-medizin-einfach-erklaert.png","width":559,"height":479,"caption":"meine-TCM.com \u2014 Traditionelle chinesische Medizin einfach erkl\u00e4rt"},"image":{"@id":"https:\/\/www.meine-tcm.com\/#\/schema\/logo\/image\/"},"sameAs":["https:\/\/www.instagram.com\/meinetcm\/","https:\/\/www.youtube.com\/@EinfachbesserLeben"]}]}},"wps_subtitle":"TCM Kr\u00e4utermischung","_links":{"self":[{"href":"https:\/\/www.meine-tcm.com\/fr\/wp-json\/wp\/v2\/product\/3832","targetHints":{"allow":["GET"]}}],"collection":[{"href":"https:\/\/www.meine-tcm.com\/fr\/wp-json\/wp\/v2\/product"}],"about":[{"href":"https:\/\/www.meine-tcm.com\/fr\/wp-json\/wp\/v2\/types\/product"}],"replies":[{"embeddable":true,"href":"https:\/\/www.meine-tcm.com\/fr\/wp-json\/wp\/v2\/comments?post=3832"}],"wp:featuredmedia":[{"embeddable":true,"href":"https:\/\/www.meine-tcm.com\/fr\/wp-json\/wp\/v2\/media\/11683"}],"wp:attachment":[{"href":"https:\/\/www.meine-tcm.com\/fr\/wp-json\/wp\/v2\/media?parent=3832"}],"wp:term":[{"taxonomy":"product_brand","embeddable":true,"href":"https:\/\/www.meine-tcm.com\/fr\/wp-json\/wp\/v2\/product_brand?post=3832"},{"taxonomy":"product_cat","embeddable":true,"href":"https:\/\/www.meine-tcm.com\/fr\/wp-json\/wp\/v2\/product_cat?post=3832"},{"taxonomy":"product_tag","embeddable":true,"href":"https:\/\/www.meine-tcm.com\/fr\/wp-json\/wp\/v2\/product_tag?post=3832"}],"curies":[{"name":"wp","href":"https:\/\/api.w.org\/{rel}","templated":true}]}}