{"id":20456,"date":"2025-07-17T07:55:27","date_gmt":"2025-07-17T05:55:27","guid":{"rendered":"https:\/\/www.meine-tcm.com\/?post_type=product&#038;p=20456"},"modified":"2026-04-11T11:53:22","modified_gmt":"2026-04-11T09:53:22","slug":"xocola","status":"publish","type":"product","link":"https:\/\/www.meine-tcm.com\/fr\/produit\/xocola\/","title":{"rendered":"XOCOL\u00c1"},"content":{"rendered":"<h1><strong>Le chocolat le plus fin - sans sucre traditionnel<\/strong><\/h1>\n<p>Ce chocolat particulier est une invitation \u00e0 tous ceux qui veulent renoncer au sucre - mais pas au vrai plaisir. Il est sucr\u00e9 avec <strong>D-Tagatose<\/strong>Un sucre innovant dont le go\u00fbt est \u00e9tonnamment proche de celui du sucre de table, mais qui n'a qu'un seul go\u00fbt. <strong>un index glyc\u00e9mique de 3<\/strong> de la soci\u00e9t\u00e9. Cela signifie que <strong>Le taux de glyc\u00e9mie reste stable<\/strong>, et aussi les <strong>La s\u00e9cr\u00e9tion d'insuline diminue nettement<\/strong> que le sucre traditionnel.<\/p>\n<ul class=\"cyan\">\n<li>Le <strong>72 % de cacao %<\/strong> assure un ar\u00f4me intense et complexe - puissant, mais pas amer.<\/li>\n<li>La coh\u00e9rence : <strong>fondant<\/strong>La texture est douce sur la langue.<\/li>\n<li>Les haricots sont issus de l'agriculture durable et sont cultiv\u00e9s selon la m\u00e9thode dite de \"l'agriculture biologique\". <strong>Proc\u00e9dure \"bean-to-bar\"<\/strong> directement transform\u00e9s en chocolat - sans d\u00e9tours, sans compromis.<\/li>\n<\/ul>\n<p>Derri\u00e8re cette cr\u00e9ation se cache un v\u00e9ritable art artisanal. Chaque tablette est fabriqu\u00e9e dans une petite manufacture par le ma\u00eetre chocolatier Martin Mayer.<strong> fabriqu\u00e9 \u00e0 la main<\/strong> - avec d\u00e9vouement, exp\u00e9rience et les meilleures mati\u00e8res premi\u00e8res. Le r\u00e9sultat est une <strong>noble composition de chocolat<\/strong>qui est une exclusivit\u00e9 de <strong>\"Vivre mieux, tout simplement\"<\/strong> a \u00e9t\u00e9 d\u00e9velopp\u00e9.<\/p>\n<p>Gr\u00e2ce \u00e0 sa teneur \u00e9lev\u00e9e en cacao, ce chocolat contient \u00e9galement <strong>une quantit\u00e9 exceptionnelle de fibres naturelles<\/strong> - plus de 25 g pour 100 g - et soutient ainsi de mani\u00e8re d\u00e9licieuse ton alimentation consciente.<\/p>\n<h3><strong>Recommandation de consommation :<\/strong><\/h3>\n<p>D\u00e9j\u00e0 <strong>23 g (10 morceaux de chocolat) par jour<\/strong>\u00a0couvrent environ <strong>20 % des besoins recommand\u00e9s en fibres alimentaires<\/strong> - ce qui correspond \u00e0 environ <strong>6 g de fibres alimentaires<\/strong>. Une petite portion qui peut faire beaucoup.<\/p>\n<hr \/>\n<p><strong>En bref<\/strong><br \/>Un plaisir de haute qualit\u00e9 pour tous ceux qui vivent consciemment - avec peu d'effet de sucre, beaucoup de cacao et la meilleure conscience.<\/p>","protected":false},"excerpt":{"rendered":"<p><strong>L'art du chocolat fondant - sans sucre traditionnel<\/strong><\/p>\n<p>Cette noble cr\u00e9ation bean-to-bar n'est pas \u00e9dulcor\u00e9e avec du sucre classique, mais avec le D-tagatose particulier - pour un v\u00e9ritable plaisir sans compromis.<\/p>\n<p>Fait \u00e0 la main par le ma\u00eetre chocolatier prim\u00e9 <strong>Martin Mayer<\/strong>Le chocolat est fabriqu\u00e9 \u00e0 partir du meilleur cacao, avec un go\u00fbt et une texture exceptionnels. <strong>un ar\u00f4me puissant<\/strong> et <strong>un fondant d\u00e9licat<\/strong> - en exclusivit\u00e9 pour <i>\"Vivre mieux, tout simplement\"<\/i>.<\/p>","protected":false},"featured_media":20460,"comment_status":"open","ping_status":"closed","template":"","meta":{"_acf_changed":false},"product_brand":[],"product_cat":[301],"product_tag":[],"class_list":{"0":"post-20456","1":"product","2":"type-product","3":"status-publish","4":"has-post-thumbnail","6":"product_cat-ballaststoffe-plus","7":"product_shipping_class-tcm-kraeuter","9":"first","10":"instock","11":"sale","12":"taxable","13":"shipping-taxable","14":"purchasable","15":"product-type-variable"},"acf":[],"yoast_head":"<!-- This site is optimized with the Yoast SEO plugin v27.1.1 - https:\/\/yoast.com\/product\/yoast-seo-wordpress\/ -->\n<title>XOCOL\u00c1 zuckerfreie Schokolade 72% Kakao | Meine TCM<\/title>\n<meta name=\"description\" content=\"Gesunde, feinste zuckerfreie Schokolade mit 72% Kakao und D\u2013Tagatose. Handgefertigt, Bean\u2013to\u2013Bar, 25 g Ballaststoffe pro 100 g. Genuss ohne Blutzuckerspitzen.\" \/>\n<meta name=\"robots\" content=\"index, follow, max-snippet:-1, max-image-preview:large, max-video-preview:-1\" \/>\n<link rel=\"canonical\" href=\"https:\/\/www.meine-tcm.com\/fr\/produit\/xocola\/\" \/>\n<meta property=\"og:locale\" content=\"fr_FR\" \/>\n<meta property=\"og:type\" content=\"article\" \/>\n<meta property=\"og:title\" content=\"XOCOL\u00c1 zuckerfreie Schokolade 72% Kakao | Meine TCM\" \/>\n<meta property=\"og:description\" content=\"Gesunde, feinste zuckerfreie Schokolade mit 72% Kakao und D\u2013Tagatose. Handgefertigt, Bean\u2013to\u2013Bar, 25 g Ballaststoffe pro 100 g. Genuss ohne Blutzuckerspitzen.\" \/>\n<meta property=\"og:url\" content=\"https:\/\/www.meine-tcm.com\/fr\/produit\/xocola\/\" \/>\n<meta property=\"og:site_name\" content=\"meine TCM | Traditionelle Chinesische Medizin einfach erkl\u00e4rt\" \/>\n<meta property=\"article:modified_time\" content=\"2026-04-11T09:53:22+00:00\" \/>\n<meta property=\"og:image\" content=\"https:\/\/www.meine-tcm.com\/wp-content\/uploads\/2025\/07\/xocola-gesunde-schokolade-vorne-02.webp\" \/>\n\t<meta property=\"og:image:width\" content=\"1500\" \/>\n\t<meta property=\"og:image:height\" content=\"1500\" \/>\n\t<meta property=\"og:image:type\" content=\"image\/webp\" \/>\n<meta name=\"twitter:card\" content=\"summary_large_image\" \/>\n<meta name=\"twitter:label1\" content=\"Dur\u00e9e de lecture estim\u00e9e\" \/>\n\t<meta name=\"twitter:data1\" content=\"1 minute\" \/>\n<script type=\"application\/ld+json\" class=\"yoast-schema-graph\">{\"@context\":\"https:\/\/schema.org\",\"@graph\":[{\"@type\":\"WebPage\",\"@id\":\"https:\/\/www.meine-tcm.com\/produkt\/xocola\/\",\"url\":\"https:\/\/www.meine-tcm.com\/produkt\/xocola\/\",\"name\":\"XOCOL\u00c1 zuckerfreie Schokolade 72% Kakao | Meine TCM\",\"isPartOf\":{\"@id\":\"https:\/\/www.meine-tcm.com\/#website\"},\"primaryImageOfPage\":{\"@id\":\"https:\/\/www.meine-tcm.com\/produkt\/xocola\/#primaryimage\"},\"image\":{\"@id\":\"https:\/\/www.meine-tcm.com\/produkt\/xocola\/#primaryimage\"},\"thumbnailUrl\":\"https:\/\/www.meine-tcm.com\/wp-content\/uploads\/2025\/07\/xocola-gesunde-schokolade-vorne-02.webp\",\"datePublished\":\"2025-07-17T05:55:27+00:00\",\"dateModified\":\"2026-04-11T09:53:22+00:00\",\"description\":\"Gesunde, feinste zuckerfreie Schokolade mit 72% Kakao und D\u2013Tagatose. Handgefertigt, Bean\u2013to\u2013Bar, 25 g Ballaststoffe pro 100 g. Genuss ohne Blutzuckerspitzen.\",\"breadcrumb\":{\"@id\":\"https:\/\/www.meine-tcm.com\/produkt\/xocola\/#breadcrumb\"},\"inLanguage\":\"fr-FR\",\"potentialAction\":[{\"@type\":\"ReadAction\",\"target\":[\"https:\/\/www.meine-tcm.com\/produkt\/xocola\/\"]}]},{\"@type\":\"ImageObject\",\"inLanguage\":\"fr-FR\",\"@id\":\"https:\/\/www.meine-tcm.com\/produkt\/xocola\/#primaryimage\",\"url\":\"https:\/\/www.meine-tcm.com\/wp-content\/uploads\/2025\/07\/xocola-gesunde-schokolade-vorne-02.webp\",\"contentUrl\":\"https:\/\/www.meine-tcm.com\/wp-content\/uploads\/2025\/07\/xocola-gesunde-schokolade-vorne-02.webp\",\"width\":1500,\"height\":1500,\"caption\":\"XOCOL\u00c1 \u2014 die gesunde Schokolade\"},{\"@type\":\"BreadcrumbList\",\"@id\":\"https:\/\/www.meine-tcm.com\/produkt\/xocola\/#breadcrumb\",\"itemListElement\":[{\"@type\":\"ListItem\",\"position\":1,\"name\":\"Home\",\"item\":\"https:\/\/www.meine-tcm.com\/\"},{\"@type\":\"ListItem\",\"position\":2,\"name\":\"Shop\",\"item\":\"https:\/\/www.meine-tcm.com\/shop\/\"},{\"@type\":\"ListItem\",\"position\":3,\"name\":\"Ballaststoffe plus\",\"item\":\"https:\/\/www.meine-tcm.com\/produkte\/ballaststoffe-plus\/\"},{\"@type\":\"ListItem\",\"position\":4,\"name\":\"XOCOL\u00c1\"}]},{\"@type\":\"WebSite\",\"@id\":\"https:\/\/www.meine-tcm.com\/#website\",\"url\":\"https:\/\/www.meine-tcm.com\/\",\"name\":\"meine TCM | Traditionelle Chinesische Medizin einfach erkl\u00e4rt\",\"description\":\"Einfach gesund bleiben\",\"publisher\":{\"@id\":\"https:\/\/www.meine-tcm.com\/#organization\"},\"potentialAction\":[{\"@type\":\"SearchAction\",\"target\":{\"@type\":\"EntryPoint\",\"urlTemplate\":\"https:\/\/www.meine-tcm.com\/?s={search_term_string}\"},\"query-input\":{\"@type\":\"PropertyValueSpecification\",\"valueRequired\":true,\"valueName\":\"search_term_string\"}}],\"inLanguage\":\"fr-FR\"},{\"@type\":\"Organization\",\"@id\":\"https:\/\/www.meine-tcm.com\/#organization\",\"name\":\"meine-TCM.com \u2014 Traditionelle chinesische Medizin einfach erkl\u00e4rt\",\"url\":\"https:\/\/www.meine-tcm.com\/\",\"logo\":{\"@type\":\"ImageObject\",\"inLanguage\":\"fr-FR\",\"@id\":\"https:\/\/www.meine-tcm.com\/#\/schema\/logo\/image\/\",\"url\":\"https:\/\/www.meine-tcm.com\/wp-content\/uploads\/2022\/08\/meine-tcm-traditionelle-chinesische-medizin-einfach-erklaert.png\",\"contentUrl\":\"https:\/\/www.meine-tcm.com\/wp-content\/uploads\/2022\/08\/meine-tcm-traditionelle-chinesische-medizin-einfach-erklaert.png\",\"width\":559,\"height\":479,\"caption\":\"meine-TCM.com \u2014 Traditionelle chinesische Medizin einfach erkl\u00e4rt\"},\"image\":{\"@id\":\"https:\/\/www.meine-tcm.com\/#\/schema\/logo\/image\/\"},\"sameAs\":[\"https:\/\/www.instagram.com\/meinetcm\/\",\"https:\/\/www.youtube.com\/@EinfachbesserLeben\"]}]}<\/script>\n<!-- \/ Yoast SEO plugin. -->","yoast_head_json":{"title":"XOCOL\u00c1 chocolat sans sucre 72% cacao | Ma MTC","description":"Chocolat sans sucre sain et raffin\u00e9 avec 72% de cacao et D-tagatose. Fait \u00e0 la main, Bean-to-Bar, 25 g de fibres pour 100 g. Le plaisir sans les pics de glyc\u00e9mie.","robots":{"index":"index","follow":"follow","max-snippet":"max-snippet:-1","max-image-preview":"max-image-preview:large","max-video-preview":"max-video-preview:-1"},"canonical":"https:\/\/www.meine-tcm.com\/fr\/produit\/xocola\/","og_locale":"fr_FR","og_type":"article","og_title":"XOCOL\u00c1 zuckerfreie Schokolade 72% Kakao | Meine TCM","og_description":"Gesunde, feinste zuckerfreie Schokolade mit 72% Kakao und D\u2013Tagatose. Handgefertigt, Bean\u2013to\u2013Bar, 25 g Ballaststoffe pro 100 g. Genuss ohne Blutzuckerspitzen.","og_url":"https:\/\/www.meine-tcm.com\/fr\/produit\/xocola\/","og_site_name":"meine TCM | Traditionelle Chinesische Medizin einfach erkl\u00e4rt","article_modified_time":"2026-04-11T09:53:22+00:00","og_image":[{"width":1500,"height":1500,"url":"https:\/\/www.meine-tcm.com\/wp-content\/uploads\/2025\/07\/xocola-gesunde-schokolade-vorne-02.webp","type":"image\/webp"}],"twitter_card":"summary_large_image","twitter_misc":{"Dur\u00e9e de lecture estim\u00e9e":"1 minute"},"schema":{"@context":"https:\/\/schema.org","@graph":[{"@type":"WebPage","@id":"https:\/\/www.meine-tcm.com\/produkt\/xocola\/","url":"https:\/\/www.meine-tcm.com\/produkt\/xocola\/","name":"XOCOL\u00c1 chocolat sans sucre 72% cacao | Ma MTC","isPartOf":{"@id":"https:\/\/www.meine-tcm.com\/#website"},"primaryImageOfPage":{"@id":"https:\/\/www.meine-tcm.com\/produkt\/xocola\/#primaryimage"},"image":{"@id":"https:\/\/www.meine-tcm.com\/produkt\/xocola\/#primaryimage"},"thumbnailUrl":"https:\/\/www.meine-tcm.com\/wp-content\/uploads\/2025\/07\/xocola-gesunde-schokolade-vorne-02.webp","datePublished":"2025-07-17T05:55:27+00:00","dateModified":"2026-04-11T09:53:22+00:00","description":"Chocolat sans sucre sain et raffin\u00e9 avec 72% de cacao et D-tagatose. Fait \u00e0 la main, Bean-to-Bar, 25 g de fibres pour 100 g. Le plaisir sans les pics de glyc\u00e9mie.","breadcrumb":{"@id":"https:\/\/www.meine-tcm.com\/produkt\/xocola\/#breadcrumb"},"inLanguage":"fr-FR","potentialAction":[{"@type":"ReadAction","target":["https:\/\/www.meine-tcm.com\/produkt\/xocola\/"]}]},{"@type":"ImageObject","inLanguage":"fr-FR","@id":"https:\/\/www.meine-tcm.com\/produkt\/xocola\/#primaryimage","url":"https:\/\/www.meine-tcm.com\/wp-content\/uploads\/2025\/07\/xocola-gesunde-schokolade-vorne-02.webp","contentUrl":"https:\/\/www.meine-tcm.com\/wp-content\/uploads\/2025\/07\/xocola-gesunde-schokolade-vorne-02.webp","width":1500,"height":1500,"caption":"XOCOL\u00c1 \u2014 die gesunde Schokolade"},{"@type":"BreadcrumbList","@id":"https:\/\/www.meine-tcm.com\/produkt\/xocola\/#breadcrumb","itemListElement":[{"@type":"ListItem","position":1,"name":"Home","item":"https:\/\/www.meine-tcm.com\/"},{"@type":"ListItem","position":2,"name":"Shop","item":"https:\/\/www.meine-tcm.com\/shop\/"},{"@type":"ListItem","position":3,"name":"Ballaststoffe plus","item":"https:\/\/www.meine-tcm.com\/produkte\/ballaststoffe-plus\/"},{"@type":"ListItem","position":4,"name":"XOCOL\u00c1"}]},{"@type":"WebSite","@id":"https:\/\/www.meine-tcm.com\/#website","url":"https:\/\/www.meine-tcm.com\/","name":"meine MTC | La m\u00e9decine traditionnelle chinoise expliqu\u00e9e simplement","description":"Rester en bonne sant\u00e9, tout simplement","publisher":{"@id":"https:\/\/www.meine-tcm.com\/#organization"},"potentialAction":[{"@type":"SearchAction","target":{"@type":"EntryPoint","urlTemplate":"https:\/\/www.meine-tcm.com\/?s={search_term_string}"},"query-input":{"@type":"PropertyValueSpecification","valueRequired":true,"valueName":"search_term_string"}}],"inLanguage":"fr-FR"},{"@type":"Organization","@id":"https:\/\/www.meine-tcm.com\/#organization","name":"mon-TCM.com - La m\u00e9decine traditionnelle chinoise expliqu\u00e9e simplement","url":"https:\/\/www.meine-tcm.com\/","logo":{"@type":"ImageObject","inLanguage":"fr-FR","@id":"https:\/\/www.meine-tcm.com\/#\/schema\/logo\/image\/","url":"https:\/\/www.meine-tcm.com\/wp-content\/uploads\/2022\/08\/meine-tcm-traditionelle-chinesische-medizin-einfach-erklaert.png","contentUrl":"https:\/\/www.meine-tcm.com\/wp-content\/uploads\/2022\/08\/meine-tcm-traditionelle-chinesische-medizin-einfach-erklaert.png","width":559,"height":479,"caption":"meine-TCM.com \u2014 Traditionelle chinesische Medizin einfach erkl\u00e4rt"},"image":{"@id":"https:\/\/www.meine-tcm.com\/#\/schema\/logo\/image\/"},"sameAs":["https:\/\/www.instagram.com\/meinetcm\/","https:\/\/www.youtube.com\/@EinfachbesserLeben"]}]}},"wps_subtitle":"Feiner Kakao mit D\u2013Tagatose","_links":{"self":[{"href":"https:\/\/www.meine-tcm.com\/fr\/wp-json\/wp\/v2\/product\/20456","targetHints":{"allow":["GET"]}}],"collection":[{"href":"https:\/\/www.meine-tcm.com\/fr\/wp-json\/wp\/v2\/product"}],"about":[{"href":"https:\/\/www.meine-tcm.com\/fr\/wp-json\/wp\/v2\/types\/product"}],"replies":[{"embeddable":true,"href":"https:\/\/www.meine-tcm.com\/fr\/wp-json\/wp\/v2\/comments?post=20456"}],"wp:featuredmedia":[{"embeddable":true,"href":"https:\/\/www.meine-tcm.com\/fr\/wp-json\/wp\/v2\/media\/20460"}],"wp:attachment":[{"href":"https:\/\/www.meine-tcm.com\/fr\/wp-json\/wp\/v2\/media?parent=20456"}],"wp:term":[{"taxonomy":"product_brand","embeddable":true,"href":"https:\/\/www.meine-tcm.com\/fr\/wp-json\/wp\/v2\/product_brand?post=20456"},{"taxonomy":"product_cat","embeddable":true,"href":"https:\/\/www.meine-tcm.com\/fr\/wp-json\/wp\/v2\/product_cat?post=20456"},{"taxonomy":"product_tag","embeddable":true,"href":"https:\/\/www.meine-tcm.com\/fr\/wp-json\/wp\/v2\/product_tag?post=20456"}],"curies":[{"name":"wp","href":"https:\/\/api.w.org\/{rel}","templated":true}]}}