{"id":16053,"date":"2024-09-09T14:48:32","date_gmt":"2024-09-09T12:48:32","guid":{"rendered":"https:\/\/www.meine-tcm.com\/?post_type=product&#038;p=16053"},"modified":"2024-10-14T11:56:50","modified_gmt":"2024-10-14T09:56:50","slug":"5-elements-qi-gong-blanc-t-shirt-organique-homme","status":"publish","type":"product","link":"https:\/\/www.meine-tcm.com\/fr\/produit\/5-elements-qi-gong-blanc-t-shirt-organique-homme\/","title":{"rendered":"5 \u00e9l\u00e9ments Qi Gong | Blanc | T-shirt organique | Hommes"},"content":{"rendered":"","protected":false},"excerpt":{"rendered":"<p class=\"whitespace-pre-wrap break-words\">Ce t-shirt incarne le pouvoir de transformation des cinq \u00e9l\u00e9ments :<\/p>\n<p class=\"whitespace-pre-wrap break-words\"><strong>Eau, bois, feu, terre, m\u00e9tal<\/strong><\/p>\n<p class=\"whitespace-pre-wrap break-words\">Ces \u00e9l\u00e9ments interagissent entre eux de mani\u00e8re dynamique et sont des composants essentiels du cycle de vie ainsi que de notre \u00e9nergie vitale, le Chi.<\/p>\n<p class=\"whitespace-pre-wrap break-words\">La pratique du Qi Gong permet de prendre conscience de ces \u00e9l\u00e9ments et d'exp\u00e9rimenter leur pr\u00e9sence en nous-m\u00eames.<\/p>\n<p class=\"whitespace-pre-wrap break-words\">Porte ton nouveau t-shirt blanc de Qi Gong des 5 \u00e9l\u00e9ments comme :<\/p>\n<ul class=\"-mt-1 list-disc space-y-2 pl-8\">\n<li class=\"whitespace-normal break-words\">Signes d'harmonie<\/li>\n<li class=\"whitespace-normal break-words\">l'expression de ta connexion profonde avec les forces naturelles qui enrichissent ta vie<\/li>\n<\/ul>\n<div class=\"term-description\">\n<h2 class=\"font-600 text-xl font-bold\">Offre exclusive<\/h2>\n<p class=\"whitespace-pre-wrap break-words\"><span style=\"font-size: 110%;\"><strong>\u00c9conomise 10% !<\/strong><\/span> Utilise le code promotionnel\u00a0<span style=\"font-size: 110%; background-color: #ed1c24; color: #ffffff;\"> <strong>EBL10<\/strong>\u00a0<\/span> lors du checkout et re\u00e7ois <span style=\"font-size: 110%;\"><strong>10% R\u00e9duction<\/strong><\/span> sur ton achat chez Deivi !<\/p>\n<\/div>","protected":false},"featured_media":16077,"comment_status":"open","ping_status":"closed","template":"","meta":{"_acf_changed":false},"product_brand":[],"product_cat":[297],"product_tag":[],"class_list":{"0":"post-16053","1":"product","2":"type-product","3":"status-publish","4":"has-post-thumbnail","6":"product_cat-bekleidung","8":"first","9":"instock","10":"taxable","11":"shipping-taxable","12":"product-type-external"},"acf":[],"yoast_head":"<!-- This site is optimized with the Yoast SEO plugin v27.1.1 - https:\/\/yoast.com\/product\/yoast-seo-wordpress\/ -->\n<title>5 Elemente Qi Gong | Wei\u00df | Organisches T-Shirt | Herren online kaufen<\/title>\n<meta name=\"robots\" content=\"index, follow, max-snippet:-1, max-image-preview:large, max-video-preview:-1\" \/>\n<link rel=\"canonical\" href=\"https:\/\/www.meine-tcm.com\/fr\/produit\/5-elements-qi-gong-blanc-t-shirt-organique-homme\/\" \/>\n<meta property=\"og:locale\" content=\"fr_FR\" \/>\n<meta property=\"og:type\" content=\"article\" \/>\n<meta property=\"og:title\" content=\"5 Elemente Qi Gong | Wei\u00df | Organisches T-Shirt | Herren online kaufen\" \/>\n<meta property=\"og:description\" content=\"Dieses Shirt verk\u00f6rpert die transformative Kraft der f\u00fcnf Elemente: Wasser, Holz, Feuer, Erde, Metall Diese Elemente stehen in einer dynamischen Wechselwirkung zueinander und sind essenzielle Bestandteile des Lebenszyklus sowie unserer Lebensenergie, Chi. Durch die Praxis von Qi Gong wird das Bewusstsein f\u00fcr diese Elemente gesch\u00e4rft, und ihre Pr\u00e4senz in uns selbst wird erlebbar. Trage dein neues wei\u00dfes 5 Elemente Qi Gong Shirt als:    Zeichen der Harmonie  Ausdruck deiner tiefen Verbindung mit den nat\u00fcrlichen Kr\u00e4ften, die dein Leben bereichern   Exklusives Angebot Spare 10%! Verwende den Gutscheincode\u00a0 EBL10\u00a0 beim Checkout und erhalte 10% Rabatt auf deinen Einkauf bei Deivi!\" \/>\n<meta property=\"og:url\" content=\"https:\/\/www.meine-tcm.com\/fr\/produit\/5-elements-qi-gong-blanc-t-shirt-organique-homme\/\" \/>\n<meta property=\"og:site_name\" content=\"meine TCM | Traditionelle Chinesische Medizin einfach erkl\u00e4rt\" \/>\n<meta property=\"article:modified_time\" content=\"2024-10-14T09:56:50+00:00\" \/>\n<meta property=\"og:image\" content=\"https:\/\/www.meine-tcm.com\/wp-content\/uploads\/2024\/09\/5-elemente-qi-gong-weiss-organisches-t-shirt-herren-961991.webp\" \/>\n\t<meta property=\"og:image:width\" content=\"990\" \/>\n\t<meta property=\"og:image:height\" content=\"1050\" \/>\n\t<meta property=\"og:image:type\" content=\"image\/webp\" \/>\n<meta name=\"twitter:card\" content=\"summary_large_image\" \/>\n<script type=\"application\/ld+json\" class=\"yoast-schema-graph\">{\"@context\":\"https:\/\/schema.org\",\"@graph\":[{\"@type\":\"WebPage\",\"@id\":\"https:\/\/www.meine-tcm.com\/produkt\/5-elemente-qi-gong-weiss-organisches-t-shirt-herren\/\",\"url\":\"https:\/\/www.meine-tcm.com\/produkt\/5-elemente-qi-gong-weiss-organisches-t-shirt-herren\/\",\"name\":\"5 Elemente Qi Gong | Wei\u00df | Organisches T-Shirt | Herren online kaufen\",\"isPartOf\":{\"@id\":\"https:\/\/www.meine-tcm.com\/#website\"},\"primaryImageOfPage\":{\"@id\":\"https:\/\/www.meine-tcm.com\/produkt\/5-elemente-qi-gong-weiss-organisches-t-shirt-herren\/#primaryimage\"},\"image\":{\"@id\":\"https:\/\/www.meine-tcm.com\/produkt\/5-elemente-qi-gong-weiss-organisches-t-shirt-herren\/#primaryimage\"},\"thumbnailUrl\":\"https:\/\/www.meine-tcm.com\/wp-content\/uploads\/2024\/09\/5-elemente-qi-gong-weiss-organisches-t-shirt-herren-961991.webp\",\"datePublished\":\"2024-09-09T12:48:32+00:00\",\"dateModified\":\"2024-10-14T09:56:50+00:00\",\"breadcrumb\":{\"@id\":\"https:\/\/www.meine-tcm.com\/produkt\/5-elemente-qi-gong-weiss-organisches-t-shirt-herren\/#breadcrumb\"},\"inLanguage\":\"fr-FR\",\"potentialAction\":[{\"@type\":\"ReadAction\",\"target\":[\"https:\/\/www.meine-tcm.com\/produkt\/5-elemente-qi-gong-weiss-organisches-t-shirt-herren\/\"]}]},{\"@type\":\"ImageObject\",\"inLanguage\":\"fr-FR\",\"@id\":\"https:\/\/www.meine-tcm.com\/produkt\/5-elemente-qi-gong-weiss-organisches-t-shirt-herren\/#primaryimage\",\"url\":\"https:\/\/www.meine-tcm.com\/wp-content\/uploads\/2024\/09\/5-elemente-qi-gong-weiss-organisches-t-shirt-herren-961991.webp\",\"contentUrl\":\"https:\/\/www.meine-tcm.com\/wp-content\/uploads\/2024\/09\/5-elemente-qi-gong-weiss-organisches-t-shirt-herren-961991.webp\",\"width\":990,\"height\":1050},{\"@type\":\"BreadcrumbList\",\"@id\":\"https:\/\/www.meine-tcm.com\/produkt\/5-elemente-qi-gong-weiss-organisches-t-shirt-herren\/#breadcrumb\",\"itemListElement\":[{\"@type\":\"ListItem\",\"position\":1,\"name\":\"Home\",\"item\":\"https:\/\/www.meine-tcm.com\/\"},{\"@type\":\"ListItem\",\"position\":2,\"name\":\"Shop\",\"item\":\"https:\/\/www.meine-tcm.com\/shop\/\"},{\"@type\":\"ListItem\",\"position\":3,\"name\":\"Bekleidung\",\"item\":\"https:\/\/www.meine-tcm.com\/produkte\/bekleidung\/\"},{\"@type\":\"ListItem\",\"position\":4,\"name\":\"5 Elemente Qi Gong | Wei\u00df | Organisches T-Shirt | Herren\"}]},{\"@type\":\"WebSite\",\"@id\":\"https:\/\/www.meine-tcm.com\/#website\",\"url\":\"https:\/\/www.meine-tcm.com\/\",\"name\":\"meine TCM | Traditionelle Chinesische Medizin einfach erkl\u00e4rt\",\"description\":\"Einfach gesund bleiben\",\"publisher\":{\"@id\":\"https:\/\/www.meine-tcm.com\/#organization\"},\"potentialAction\":[{\"@type\":\"SearchAction\",\"target\":{\"@type\":\"EntryPoint\",\"urlTemplate\":\"https:\/\/www.meine-tcm.com\/?s={search_term_string}\"},\"query-input\":{\"@type\":\"PropertyValueSpecification\",\"valueRequired\":true,\"valueName\":\"search_term_string\"}}],\"inLanguage\":\"fr-FR\"},{\"@type\":\"Organization\",\"@id\":\"https:\/\/www.meine-tcm.com\/#organization\",\"name\":\"meine-TCM.com \u2014 Traditionelle chinesische Medizin einfach erkl\u00e4rt\",\"url\":\"https:\/\/www.meine-tcm.com\/\",\"logo\":{\"@type\":\"ImageObject\",\"inLanguage\":\"fr-FR\",\"@id\":\"https:\/\/www.meine-tcm.com\/#\/schema\/logo\/image\/\",\"url\":\"https:\/\/www.meine-tcm.com\/wp-content\/uploads\/2022\/08\/meine-tcm-traditionelle-chinesische-medizin-einfach-erklaert.png\",\"contentUrl\":\"https:\/\/www.meine-tcm.com\/wp-content\/uploads\/2022\/08\/meine-tcm-traditionelle-chinesische-medizin-einfach-erklaert.png\",\"width\":559,\"height\":479,\"caption\":\"meine-TCM.com \u2014 Traditionelle chinesische Medizin einfach erkl\u00e4rt\"},\"image\":{\"@id\":\"https:\/\/www.meine-tcm.com\/#\/schema\/logo\/image\/\"},\"sameAs\":[\"https:\/\/www.instagram.com\/meinetcm\/\",\"https:\/\/www.youtube.com\/@EinfachbesserLeben\"]}]}<\/script>\n<!-- \/ Yoast SEO plugin. -->","yoast_head_json":{"title":"5 El\u00e9ments Qi Gong | Blanc | T-Shirt organique | Hommes acheter en ligne","robots":{"index":"index","follow":"follow","max-snippet":"max-snippet:-1","max-image-preview":"max-image-preview:large","max-video-preview":"max-video-preview:-1"},"canonical":"https:\/\/www.meine-tcm.com\/fr\/produit\/5-elements-qi-gong-blanc-t-shirt-organique-homme\/","og_locale":"fr_FR","og_type":"article","og_title":"5 Elemente Qi Gong | Wei\u00df | Organisches T-Shirt | Herren online kaufen","og_description":"Dieses Shirt verk\u00f6rpert die transformative Kraft der f\u00fcnf Elemente: Wasser, Holz, Feuer, Erde, Metall Diese Elemente stehen in einer dynamischen Wechselwirkung zueinander und sind essenzielle Bestandteile des Lebenszyklus sowie unserer Lebensenergie, Chi. Durch die Praxis von Qi Gong wird das Bewusstsein f\u00fcr diese Elemente gesch\u00e4rft, und ihre Pr\u00e4senz in uns selbst wird erlebbar. Trage dein neues wei\u00dfes 5 Elemente Qi Gong Shirt als:    Zeichen der Harmonie  Ausdruck deiner tiefen Verbindung mit den nat\u00fcrlichen Kr\u00e4ften, die dein Leben bereichern   Exklusives Angebot Spare 10%! Verwende den Gutscheincode\u00a0 EBL10\u00a0 beim Checkout und erhalte 10% Rabatt auf deinen Einkauf bei Deivi!","og_url":"https:\/\/www.meine-tcm.com\/fr\/produit\/5-elements-qi-gong-blanc-t-shirt-organique-homme\/","og_site_name":"meine TCM | Traditionelle Chinesische Medizin einfach erkl\u00e4rt","article_modified_time":"2024-10-14T09:56:50+00:00","og_image":[{"width":990,"height":1050,"url":"https:\/\/www.meine-tcm.com\/wp-content\/uploads\/2024\/09\/5-elemente-qi-gong-weiss-organisches-t-shirt-herren-961991.webp","type":"image\/webp"}],"twitter_card":"summary_large_image","schema":{"@context":"https:\/\/schema.org","@graph":[{"@type":"WebPage","@id":"https:\/\/www.meine-tcm.com\/produkt\/5-elemente-qi-gong-weiss-organisches-t-shirt-herren\/","url":"https:\/\/www.meine-tcm.com\/produkt\/5-elemente-qi-gong-weiss-organisches-t-shirt-herren\/","name":"5 El\u00e9ments Qi Gong | Blanc | T-Shirt organique | Hommes acheter en ligne","isPartOf":{"@id":"https:\/\/www.meine-tcm.com\/#website"},"primaryImageOfPage":{"@id":"https:\/\/www.meine-tcm.com\/produkt\/5-elemente-qi-gong-weiss-organisches-t-shirt-herren\/#primaryimage"},"image":{"@id":"https:\/\/www.meine-tcm.com\/produkt\/5-elemente-qi-gong-weiss-organisches-t-shirt-herren\/#primaryimage"},"thumbnailUrl":"https:\/\/www.meine-tcm.com\/wp-content\/uploads\/2024\/09\/5-elemente-qi-gong-weiss-organisches-t-shirt-herren-961991.webp","datePublished":"2024-09-09T12:48:32+00:00","dateModified":"2024-10-14T09:56:50+00:00","breadcrumb":{"@id":"https:\/\/www.meine-tcm.com\/produkt\/5-elemente-qi-gong-weiss-organisches-t-shirt-herren\/#breadcrumb"},"inLanguage":"fr-FR","potentialAction":[{"@type":"ReadAction","target":["https:\/\/www.meine-tcm.com\/produkt\/5-elemente-qi-gong-weiss-organisches-t-shirt-herren\/"]}]},{"@type":"ImageObject","inLanguage":"fr-FR","@id":"https:\/\/www.meine-tcm.com\/produkt\/5-elemente-qi-gong-weiss-organisches-t-shirt-herren\/#primaryimage","url":"https:\/\/www.meine-tcm.com\/wp-content\/uploads\/2024\/09\/5-elemente-qi-gong-weiss-organisches-t-shirt-herren-961991.webp","contentUrl":"https:\/\/www.meine-tcm.com\/wp-content\/uploads\/2024\/09\/5-elemente-qi-gong-weiss-organisches-t-shirt-herren-961991.webp","width":990,"height":1050},{"@type":"BreadcrumbList","@id":"https:\/\/www.meine-tcm.com\/produkt\/5-elemente-qi-gong-weiss-organisches-t-shirt-herren\/#breadcrumb","itemListElement":[{"@type":"ListItem","position":1,"name":"Home","item":"https:\/\/www.meine-tcm.com\/"},{"@type":"ListItem","position":2,"name":"Shop","item":"https:\/\/www.meine-tcm.com\/shop\/"},{"@type":"ListItem","position":3,"name":"Bekleidung","item":"https:\/\/www.meine-tcm.com\/produkte\/bekleidung\/"},{"@type":"ListItem","position":4,"name":"5 Elemente Qi Gong | Wei\u00df | Organisches T-Shirt | Herren"}]},{"@type":"WebSite","@id":"https:\/\/www.meine-tcm.com\/#website","url":"https:\/\/www.meine-tcm.com\/","name":"meine MTC | La m\u00e9decine traditionnelle chinoise expliqu\u00e9e simplement","description":"Rester en bonne sant\u00e9, tout simplement","publisher":{"@id":"https:\/\/www.meine-tcm.com\/#organization"},"potentialAction":[{"@type":"SearchAction","target":{"@type":"EntryPoint","urlTemplate":"https:\/\/www.meine-tcm.com\/?s={search_term_string}"},"query-input":{"@type":"PropertyValueSpecification","valueRequired":true,"valueName":"search_term_string"}}],"inLanguage":"fr-FR"},{"@type":"Organization","@id":"https:\/\/www.meine-tcm.com\/#organization","name":"mon-TCM.com - La m\u00e9decine traditionnelle chinoise expliqu\u00e9e simplement","url":"https:\/\/www.meine-tcm.com\/","logo":{"@type":"ImageObject","inLanguage":"fr-FR","@id":"https:\/\/www.meine-tcm.com\/#\/schema\/logo\/image\/","url":"https:\/\/www.meine-tcm.com\/wp-content\/uploads\/2022\/08\/meine-tcm-traditionelle-chinesische-medizin-einfach-erklaert.png","contentUrl":"https:\/\/www.meine-tcm.com\/wp-content\/uploads\/2022\/08\/meine-tcm-traditionelle-chinesische-medizin-einfach-erklaert.png","width":559,"height":479,"caption":"meine-TCM.com \u2014 Traditionelle chinesische Medizin einfach erkl\u00e4rt"},"image":{"@id":"https:\/\/www.meine-tcm.com\/#\/schema\/logo\/image\/"},"sameAs":["https:\/\/www.instagram.com\/meinetcm\/","https:\/\/www.youtube.com\/@EinfachbesserLeben"]}]}},"wps_subtitle":"","_links":{"self":[{"href":"https:\/\/www.meine-tcm.com\/fr\/wp-json\/wp\/v2\/product\/16053","targetHints":{"allow":["GET"]}}],"collection":[{"href":"https:\/\/www.meine-tcm.com\/fr\/wp-json\/wp\/v2\/product"}],"about":[{"href":"https:\/\/www.meine-tcm.com\/fr\/wp-json\/wp\/v2\/types\/product"}],"replies":[{"embeddable":true,"href":"https:\/\/www.meine-tcm.com\/fr\/wp-json\/wp\/v2\/comments?post=16053"}],"wp:featuredmedia":[{"embeddable":true,"href":"https:\/\/www.meine-tcm.com\/fr\/wp-json\/wp\/v2\/media\/16077"}],"wp:attachment":[{"href":"https:\/\/www.meine-tcm.com\/fr\/wp-json\/wp\/v2\/media?parent=16053"}],"wp:term":[{"taxonomy":"product_brand","embeddable":true,"href":"https:\/\/www.meine-tcm.com\/fr\/wp-json\/wp\/v2\/product_brand?post=16053"},{"taxonomy":"product_cat","embeddable":true,"href":"https:\/\/www.meine-tcm.com\/fr\/wp-json\/wp\/v2\/product_cat?post=16053"},{"taxonomy":"product_tag","embeddable":true,"href":"https:\/\/www.meine-tcm.com\/fr\/wp-json\/wp\/v2\/product_tag?post=16053"}],"curies":[{"name":"wp","href":"https:\/\/api.w.org\/{rel}","templated":true}]}}