{"id":1583,"date":"2020-09-22T12:17:41","date_gmt":"2020-09-22T10:17:41","guid":{"rendered":"https:\/\/www.meine-tcm.com\/?post_type=product&#038;p=1583"},"modified":"2025-03-10T09:04:06","modified_gmt":"2025-03-10T08:04:06","slug":"bundle-de-qi-gong-avec-les-3-meilleurs-cours-de-qi-gong","status":"publish","type":"product","link":"https:\/\/www.meine-tcm.com\/fr\/produit\/bundle-de-qi-gong-avec-les-3-meilleurs-cours-de-qi-gong\/","title":{"rendered":"Qi Gong - Bundle avec les 3 meilleurs cours de Qi Gong"},"content":{"rendered":"<div class=\"row\"  id=\"row-1752065761\">\n\n\t<div id=\"col-727077619\" class=\"col medium-9 small-12 large-9\"  >\n\t\t\t\t<div class=\"col-inner\"  >\n\t\t\t\n\t\t\t\n<h2>Cours de Qi Gong pour d\u00e9butants<\/h2>\n<h3>Table des mati\u00e8res :<\/h3>\n<ul>\n<li><strong>INTRODUCTION<\/strong>...qu'est-ce que le Qi Gong et la MTC (m\u00e9decine traditionnelle chinoise)<\/li>\n<li><strong>VUE D'ENSEMBLE<\/strong>...ce qui t'attend dans ce cours vid\u00e9o<\/li>\n<li><strong>NEI GONG<\/strong>...le Qi Gong silencieux expliqu\u00e9 en bref<\/li>\n<li><strong>POURQUOI QI GONG <\/strong>...les effets des exercices de Qi Gong<\/li>\n<li><strong>LES PRINCIPES DU QI GONG <\/strong>...la respiration, la posture et la concentration<\/li>\n<li><strong>WORKOUT COURT<\/strong> (17 minutes)<\/li>\n<li><strong>WORKOUT LONG<\/strong> (25 minutes)<\/li>\n<li><strong>NEI GONG <\/strong>...le qi gong silencieux \u00e0 pratiquer<\/li>\n<li><strong>MOTIVATION <\/strong>...instructions pour les exercices et motivation<strong><br \/>\n<\/strong><\/li>\n<li><strong>D\u00c9CLARATION D'EXERCICE <\/strong>...les 8 exercices expliqu\u00e9s en d\u00e9tail<strong><br \/>\n<\/strong><\/li>\n<li>Dur\u00e9e environ 120 minutes<\/li>\n<\/ul>\n\t\t<\/div>\n\t\t\t\t\t<\/div>\n\n\t\n\n\t<div id=\"col-1132314824\" class=\"col medium-3 small-12 large-3\"  >\n\t\t\t\t<div class=\"col-inner\"  >\n\t\t\t\n\t\t\t\n\t<div class=\"img has-hover x md-x lg-x y md-y lg-y\" id=\"image_529569806\">\n\t\t\t\t\t\t\t\t<div class=\"img-inner dark\" >\n\t\t\t<img loading=\"lazy\" decoding=\"async\" width=\"283\" height=\"400\" src=\"https:\/\/www.meine-tcm.com\/wp-content\/uploads\/2014\/08\/1cover-qi-gong-fuer-anfaenger-283x400.jpg\" class=\"attachment-medium size-medium\" alt=\"Couverture image pour cours de Qi Gong pour d\u00e9butants avec Wolfgang en image\" srcset=\"https:\/\/www.meine-tcm.com\/wp-content\/uploads\/2014\/08\/1cover-qi-gong-fuer-anfaenger-283x400.jpg 283w, https:\/\/www.meine-tcm.com\/wp-content\/uploads\/2014\/08\/1cover-qi-gong-fuer-anfaenger-510x721.jpg 510w, https:\/\/www.meine-tcm.com\/wp-content\/uploads\/2014\/08\/1cover-qi-gong-fuer-anfaenger-566x800.jpg 566w, https:\/\/www.meine-tcm.com\/wp-content\/uploads\/2014\/08\/1cover-qi-gong-fuer-anfaenger-600x848.jpg 600w, https:\/\/www.meine-tcm.com\/wp-content\/uploads\/2014\/08\/1cover-qi-gong-fuer-anfaenger.jpg 764w\" sizes=\"auto, (max-width: 283px) 100vw, 283px\" title=\"Cours de Qi Gong pour d\u00e9butants de Simplement mieux vivre\" \/>\t\t\t\t\t\t\n\t\t\t\t\t<\/div>\n\t\t\t\t\t\t\t\t\n<style>\n#image_529569806 {\n  width: 100%;\n}\n<\/style>\n\t<\/div>\n\t\n\t\t<\/div>\n\t\t\t\t\t<\/div>\n\n\t\n<\/div>\n<div class=\"row\"  id=\"row-1381760529\">\n\n\t<div id=\"col-1954594125\" class=\"col medium-9 small-12 large-9\"  >\n\t\t\t\t<div class=\"col-inner\"  >\n\t\t\t\n\t\t\t\n<h2>Les 8 brocards - Le cours de qi gong moderne I<\/h2>\n<h3>Table des mati\u00e8res :<\/h3>\n<ul>\n<li><strong>INTRODUCTION<\/strong>...que sont les 8 brocards<\/li>\n<li><strong>POURQUOI QI GONG <\/strong>...les effets des exercices de Qi Gong<\/li>\n<li><strong>LES PRINCIPES DU QI GONG <\/strong>...la respiration, la posture et la concentration<\/li>\n<li><strong>MTC<\/strong>...qu'est-ce que la MTC (m\u00e9decine traditionnelle chinoise)<\/li>\n<li><strong>D\u00c9CLARATION D'EXERCICE <\/strong>...les 8 exercices expliqu\u00e9s en d\u00e9tail<\/li>\n<li><strong>S\u00c9QUENCE COMPL\u00c8TE<\/strong> (20 minutes)... les 8 brocards en s\u00e9quence<\/li>\n<li><strong>QI &amp; MERIDIANE<\/strong>...qu'est-ce que le Qi du point de vue de la MTC ?<\/li>\n<li><strong>MOTIVATION <\/strong>...instructions pour les exercices et motivation<strong><br \/>\n<\/strong><\/li>\n<li>Dur\u00e9e environ 138 minutes<\/li>\n<\/ul>\n\t\t<\/div>\n\t\t\t\t\t<\/div>\n\n\t\n\n\t<div id=\"col-594326013\" class=\"col medium-3 small-12 large-3\"  >\n\t\t\t\t<div class=\"col-inner\"  >\n\t\t\t\n\t\t\t\n\t<div class=\"img has-hover x md-x lg-x y md-y lg-y\" id=\"image_879012680\">\n\t\t\t\t\t\t\t\t<div class=\"img-inner dark\" >\n\t\t\t<img loading=\"lazy\" decoding=\"async\" width=\"283\" height=\"400\" src=\"https:\/\/www.meine-tcm.com\/wp-content\/uploads\/2014\/06\/1qi-gong-i-283x400.jpg\" class=\"attachment-medium size-medium\" alt=\"Couverture Image du cours de Qi Gong moderne 8 brocards avec Wolfgang\" srcset=\"https:\/\/www.meine-tcm.com\/wp-content\/uploads\/2014\/06\/1qi-gong-i-283x400.jpg 283w, https:\/\/www.meine-tcm.com\/wp-content\/uploads\/2014\/06\/1qi-gong-i-510x720.jpg 510w, https:\/\/www.meine-tcm.com\/wp-content\/uploads\/2014\/06\/1qi-gong-i-566x800.jpg 566w, https:\/\/www.meine-tcm.com\/wp-content\/uploads\/2014\/06\/1qi-gong-i-768x1085.jpg 768w, https:\/\/www.meine-tcm.com\/wp-content\/uploads\/2014\/06\/1qi-gong-i-600x847.jpg 600w, https:\/\/www.meine-tcm.com\/wp-content\/uploads\/2014\/06\/1qi-gong-i.jpg 1062w\" sizes=\"auto, (max-width: 283px) 100vw, 283px\" title=\"Le cours de Qi Gong moderne 8 brocards de Vivre mieux, tout simplement\" \/>\t\t\t\t\t\t\n\t\t\t\t\t<\/div>\n\t\t\t\t\t\t\t\t\n<style>\n#image_879012680 {\n  width: 100%;\n}\n<\/style>\n\t<\/div>\n\t\n\t\t<\/div>\n\t\t\t\t\t<\/div>\n\n\t\n<\/div>\n<div class=\"row\"  id=\"row-1064075238\">\n\n\t<div id=\"col-290001400\" class=\"col medium-9 small-12 large-9\"  >\n\t\t\t\t<div class=\"col-inner\"  >\n\t\t\t\n\t\t\t\n<h2>Les 18 figures de l'harmonie - Le cours de Qi Gong moderne II<\/h2>\n<h3>Table des mati\u00e8res :<\/h3>\n<ul>\n<li><strong>INTRODUCTION<\/strong>...Shibashi - les 18 figures de l'harmonie expliqu\u00e9es en bref<\/li>\n<li><strong>VUE D'ENSEMBLE<\/strong>...br\u00e8ve introduction au cours de Qi Gong<\/li>\n<li><strong>MTC<\/strong>...qu'est-ce que la m\u00e9decine traditionnelle chinoise ?<\/li>\n<li><strong>LES PRINCIPES DU QI GONG<\/strong>...la respiration, la posture et la concentration<\/li>\n<li><strong>D\u00c9CLARATION D'EXERCICE <\/strong>...les 8 exercices expliqu\u00e9s en d\u00e9tail<\/li>\n<li><strong>WORKOUT I<\/strong> (40 minutes)...s\u00e9quence compl\u00e8te en 40 minutes<\/li>\n<li><strong>WORKOUT II<\/strong> (27 minutes)...s\u00e9quence compl\u00e8te en 27 minutes<\/li>\n<li><strong>MOTIVATION <\/strong>...instructions pour les exercices et motivation<strong><br \/>\n<\/strong><\/li>\n<li>Dur\u00e9e environ 238 minutes<\/li>\n<\/ul>\n\t\t<\/div>\n\t\t\t\t\t<\/div>\n\n\t\n\n\t<div id=\"col-1883739350\" class=\"col medium-3 small-12 large-3\"  >\n\t\t\t\t<div class=\"col-inner\"  >\n\t\t\t\n\t\t\t\n\t<div class=\"img has-hover x md-x lg-x y md-y lg-y\" id=\"image_749787865\">\n\t\t\t\t\t\t\t\t<div class=\"img-inner dark\" >\n\t\t\t<img loading=\"lazy\" decoding=\"async\" width=\"283\" height=\"400\" src=\"https:\/\/www.meine-tcm.com\/wp-content\/uploads\/2014\/08\/qi-gong-kurs-18-figuren-der-harmonie-01-283x400.jpg\" class=\"attachment-medium size-medium\" alt=\"Image de couverture pour le cours de Qi Qong moderne - Les 18 figures de l&#039;harmonie\" srcset=\"https:\/\/www.meine-tcm.com\/wp-content\/uploads\/2014\/08\/qi-gong-kurs-18-figuren-der-harmonie-01-283x400.jpg 283w, https:\/\/www.meine-tcm.com\/wp-content\/uploads\/2014\/08\/qi-gong-kurs-18-figuren-der-harmonie-01-510x721.jpg 510w, https:\/\/www.meine-tcm.com\/wp-content\/uploads\/2014\/08\/qi-gong-kurs-18-figuren-der-harmonie-01-566x800.jpg 566w, https:\/\/www.meine-tcm.com\/wp-content\/uploads\/2014\/08\/qi-gong-kurs-18-figuren-der-harmonie-01-600x848.jpg 600w, https:\/\/www.meine-tcm.com\/wp-content\/uploads\/2014\/08\/qi-gong-kurs-18-figuren-der-harmonie-01.jpg 764w\" sizes=\"auto, (max-width: 283px) 100vw, 283px\" title=\"Cours de Qi Qong - Les 18 figures de l&#039;harmonie\" \/>\t\t\t\t\t\t\n\t\t\t\t\t<\/div>\n\t\t\t\t\t\t\t\t\n<style>\n#image_749787865 {\n  width: 100%;\n}\n<\/style>\n\t<\/div>\n\t\n\t\t<\/div>\n\t\t\t\t\t<\/div>\n\n\t\n<\/div>","protected":false},"excerpt":{"rendered":"<p>Dans ce paquet se trouvent nos 3 classiques <strong>Qi Gong pour d\u00e9butants<\/strong>, <strong>Qi Gong - Les 8 brocards<\/strong> et <strong>Qi Gong - Les 18 figures de l'harmonie<\/strong> contient<br \/>\nEn achetant ce produit, tu recevras<strong> 15 % R\u00e9duction<\/strong> sur le prix de vente.<\/p>\n<p><strong>Remarque : ce produit est actuellement disponible uniquement pour le visionnage en ligne. L'envoi d'un coffret DVD n'est pas effectu\u00e9.<\/strong><\/p>","protected":false},"featured_media":1586,"comment_status":"open","ping_status":"closed","template":"","meta":{"_acf_changed":false},"product_brand":[],"product_cat":[103],"product_tag":[],"class_list":{"0":"post-1583","1":"product","2":"type-product","3":"status-publish","4":"has-post-thumbnail","6":"product_cat-qi-gong","8":"first","9":"instock","10":"sale","11":"virtual","12":"taxable","13":"purchasable","14":"product-type-woosb"},"acf":[],"yoast_head":"<!-- This site is optimized with the Yoast SEO plugin v27.1.1 - https:\/\/yoast.com\/product\/yoast-seo-wordpress\/ -->\n<title>Qi Gong \u2014 Bundle mit den 3 besten Qi Gong Kursen online kaufen<\/title>\n<meta name=\"robots\" content=\"index, follow, max-snippet:-1, max-image-preview:large, max-video-preview:-1\" \/>\n<link rel=\"canonical\" href=\"https:\/\/www.meine-tcm.com\/fr\/produit\/bundle-de-qi-gong-avec-les-3-meilleurs-cours-de-qi-gong\/\" \/>\n<meta property=\"og:locale\" content=\"fr_FR\" \/>\n<meta property=\"og:type\" content=\"article\" \/>\n<meta property=\"og:title\" content=\"Qi Gong \u2014 Bundle mit den 3 besten Qi Gong Kursen online kaufen\" \/>\n<meta property=\"og:description\" content=\"In diesem Paket sind unsere 3 Klassiker Qi Gong f\u00fcr Anf\u00e4nger, Qi Gong \u2014 Die 8 Brokate und Qi Gong \u2014 Die 18 Figuren der Harmonie enthalten. Beim Kauf dieses Produktes erh\u00e4ltst du 15 % Erm\u00e4ssigung auf den Verkaufspreis.  Hinweis: Dieses Produkt ist derzeit ausschlie\u00dflich zum Online-Ansehen verf\u00fcgbar. Der Versand einer DVD-Box erfolgt nicht.\" \/>\n<meta property=\"og:url\" content=\"https:\/\/www.meine-tcm.com\/fr\/produit\/bundle-de-qi-gong-avec-les-3-meilleurs-cours-de-qi-gong\/\" \/>\n<meta property=\"og:site_name\" content=\"meine TCM | Traditionelle Chinesische Medizin einfach erkl\u00e4rt\" \/>\n<meta property=\"article:modified_time\" content=\"2025-03-10T08:04:06+00:00\" \/>\n<meta property=\"og:image\" content=\"https:\/\/www.meine-tcm.com\/wp-content\/uploads\/2020\/09\/qi-gong-kurse-bundle.jpg\" \/>\n\t<meta property=\"og:image:width\" content=\"600\" \/>\n\t<meta property=\"og:image:height\" content=\"848\" \/>\n\t<meta property=\"og:image:type\" content=\"image\/jpeg\" \/>\n<meta name=\"twitter:card\" content=\"summary_large_image\" \/>\n<meta name=\"twitter:label1\" content=\"Dur\u00e9e de lecture estim\u00e9e\" \/>\n\t<meta name=\"twitter:data1\" content=\"2 minutes\" \/>\n<script type=\"application\/ld+json\" class=\"yoast-schema-graph\">{\"@context\":\"https:\/\/schema.org\",\"@graph\":[{\"@type\":\"WebPage\",\"@id\":\"https:\/\/www.meine-tcm.com\/produkt\/qi-gong-bundle-mit-den-besten-3-qi-gong-kursen\/\",\"url\":\"https:\/\/www.meine-tcm.com\/produkt\/qi-gong-bundle-mit-den-besten-3-qi-gong-kursen\/\",\"name\":\"Qi Gong \u2014 Bundle mit den 3 besten Qi Gong Kursen online kaufen\",\"isPartOf\":{\"@id\":\"https:\/\/www.meine-tcm.com\/#website\"},\"primaryImageOfPage\":{\"@id\":\"https:\/\/www.meine-tcm.com\/produkt\/qi-gong-bundle-mit-den-besten-3-qi-gong-kursen\/#primaryimage\"},\"image\":{\"@id\":\"https:\/\/www.meine-tcm.com\/produkt\/qi-gong-bundle-mit-den-besten-3-qi-gong-kursen\/#primaryimage\"},\"thumbnailUrl\":\"https:\/\/www.meine-tcm.com\/wp-content\/uploads\/2020\/09\/qi-gong-kurse-bundle.jpg\",\"datePublished\":\"2020-09-22T10:17:41+00:00\",\"dateModified\":\"2025-03-10T08:04:06+00:00\",\"breadcrumb\":{\"@id\":\"https:\/\/www.meine-tcm.com\/produkt\/qi-gong-bundle-mit-den-besten-3-qi-gong-kursen\/#breadcrumb\"},\"inLanguage\":\"fr-FR\",\"potentialAction\":[{\"@type\":\"ReadAction\",\"target\":[\"https:\/\/www.meine-tcm.com\/produkt\/qi-gong-bundle-mit-den-besten-3-qi-gong-kursen\/\"]}]},{\"@type\":\"ImageObject\",\"inLanguage\":\"fr-FR\",\"@id\":\"https:\/\/www.meine-tcm.com\/produkt\/qi-gong-bundle-mit-den-besten-3-qi-gong-kursen\/#primaryimage\",\"url\":\"https:\/\/www.meine-tcm.com\/wp-content\/uploads\/2020\/09\/qi-gong-kurse-bundle.jpg\",\"contentUrl\":\"https:\/\/www.meine-tcm.com\/wp-content\/uploads\/2020\/09\/qi-gong-kurse-bundle.jpg\",\"width\":600,\"height\":848,\"caption\":\"Online Qi Gong Kurse Bundle\"},{\"@type\":\"BreadcrumbList\",\"@id\":\"https:\/\/www.meine-tcm.com\/produkt\/qi-gong-bundle-mit-den-besten-3-qi-gong-kursen\/#breadcrumb\",\"itemListElement\":[{\"@type\":\"ListItem\",\"position\":1,\"name\":\"Home\",\"item\":\"https:\/\/www.meine-tcm.com\/\"},{\"@type\":\"ListItem\",\"position\":2,\"name\":\"Shop\",\"item\":\"https:\/\/www.meine-tcm.com\/shop\/\"},{\"@type\":\"ListItem\",\"position\":3,\"name\":\"Qi Gong\",\"item\":\"https:\/\/www.meine-tcm.com\/produkte\/qi-gong\/\"},{\"@type\":\"ListItem\",\"position\":4,\"name\":\"Qi Gong \u2014 Bundle mit den 3 besten Qi Gong Kursen\"}]},{\"@type\":\"WebSite\",\"@id\":\"https:\/\/www.meine-tcm.com\/#website\",\"url\":\"https:\/\/www.meine-tcm.com\/\",\"name\":\"meine TCM | Traditionelle Chinesische Medizin einfach erkl\u00e4rt\",\"description\":\"Einfach gesund bleiben\",\"publisher\":{\"@id\":\"https:\/\/www.meine-tcm.com\/#organization\"},\"potentialAction\":[{\"@type\":\"SearchAction\",\"target\":{\"@type\":\"EntryPoint\",\"urlTemplate\":\"https:\/\/www.meine-tcm.com\/?s={search_term_string}\"},\"query-input\":{\"@type\":\"PropertyValueSpecification\",\"valueRequired\":true,\"valueName\":\"search_term_string\"}}],\"inLanguage\":\"fr-FR\"},{\"@type\":\"Organization\",\"@id\":\"https:\/\/www.meine-tcm.com\/#organization\",\"name\":\"meine-TCM.com \u2014 Traditionelle chinesische Medizin einfach erkl\u00e4rt\",\"url\":\"https:\/\/www.meine-tcm.com\/\",\"logo\":{\"@type\":\"ImageObject\",\"inLanguage\":\"fr-FR\",\"@id\":\"https:\/\/www.meine-tcm.com\/#\/schema\/logo\/image\/\",\"url\":\"https:\/\/www.meine-tcm.com\/wp-content\/uploads\/2022\/08\/meine-tcm-traditionelle-chinesische-medizin-einfach-erklaert.png\",\"contentUrl\":\"https:\/\/www.meine-tcm.com\/wp-content\/uploads\/2022\/08\/meine-tcm-traditionelle-chinesische-medizin-einfach-erklaert.png\",\"width\":559,\"height\":479,\"caption\":\"meine-TCM.com \u2014 Traditionelle chinesische Medizin einfach erkl\u00e4rt\"},\"image\":{\"@id\":\"https:\/\/www.meine-tcm.com\/#\/schema\/logo\/image\/\"},\"sameAs\":[\"https:\/\/www.instagram.com\/meinetcm\/\",\"https:\/\/www.youtube.com\/@EinfachbesserLeben\"]}]}<\/script>\n<!-- \/ Yoast SEO plugin. -->","yoast_head_json":{"title":"Acheter Qi Gong - Bundle avec les 3 meilleurs cours de Qi Gong en ligne","robots":{"index":"index","follow":"follow","max-snippet":"max-snippet:-1","max-image-preview":"max-image-preview:large","max-video-preview":"max-video-preview:-1"},"canonical":"https:\/\/www.meine-tcm.com\/fr\/produit\/bundle-de-qi-gong-avec-les-3-meilleurs-cours-de-qi-gong\/","og_locale":"fr_FR","og_type":"article","og_title":"Qi Gong \u2014 Bundle mit den 3 besten Qi Gong Kursen online kaufen","og_description":"In diesem Paket sind unsere 3 Klassiker Qi Gong f\u00fcr Anf\u00e4nger, Qi Gong \u2014 Die 8 Brokate und Qi Gong \u2014 Die 18 Figuren der Harmonie enthalten. Beim Kauf dieses Produktes erh\u00e4ltst du 15 % Erm\u00e4ssigung auf den Verkaufspreis.  Hinweis: Dieses Produkt ist derzeit ausschlie\u00dflich zum Online-Ansehen verf\u00fcgbar. Der Versand einer DVD-Box erfolgt nicht.","og_url":"https:\/\/www.meine-tcm.com\/fr\/produit\/bundle-de-qi-gong-avec-les-3-meilleurs-cours-de-qi-gong\/","og_site_name":"meine TCM | Traditionelle Chinesische Medizin einfach erkl\u00e4rt","article_modified_time":"2025-03-10T08:04:06+00:00","og_image":[{"width":600,"height":848,"url":"https:\/\/www.meine-tcm.com\/wp-content\/uploads\/2020\/09\/qi-gong-kurse-bundle.jpg","type":"image\/jpeg"}],"twitter_card":"summary_large_image","twitter_misc":{"Dur\u00e9e de lecture estim\u00e9e":"2 minutes"},"schema":{"@context":"https:\/\/schema.org","@graph":[{"@type":"WebPage","@id":"https:\/\/www.meine-tcm.com\/produkt\/qi-gong-bundle-mit-den-besten-3-qi-gong-kursen\/","url":"https:\/\/www.meine-tcm.com\/produkt\/qi-gong-bundle-mit-den-besten-3-qi-gong-kursen\/","name":"Acheter Qi Gong - Bundle avec les 3 meilleurs cours de Qi Gong en ligne","isPartOf":{"@id":"https:\/\/www.meine-tcm.com\/#website"},"primaryImageOfPage":{"@id":"https:\/\/www.meine-tcm.com\/produkt\/qi-gong-bundle-mit-den-besten-3-qi-gong-kursen\/#primaryimage"},"image":{"@id":"https:\/\/www.meine-tcm.com\/produkt\/qi-gong-bundle-mit-den-besten-3-qi-gong-kursen\/#primaryimage"},"thumbnailUrl":"https:\/\/www.meine-tcm.com\/wp-content\/uploads\/2020\/09\/qi-gong-kurse-bundle.jpg","datePublished":"2020-09-22T10:17:41+00:00","dateModified":"2025-03-10T08:04:06+00:00","breadcrumb":{"@id":"https:\/\/www.meine-tcm.com\/produkt\/qi-gong-bundle-mit-den-besten-3-qi-gong-kursen\/#breadcrumb"},"inLanguage":"fr-FR","potentialAction":[{"@type":"ReadAction","target":["https:\/\/www.meine-tcm.com\/produkt\/qi-gong-bundle-mit-den-besten-3-qi-gong-kursen\/"]}]},{"@type":"ImageObject","inLanguage":"fr-FR","@id":"https:\/\/www.meine-tcm.com\/produkt\/qi-gong-bundle-mit-den-besten-3-qi-gong-kursen\/#primaryimage","url":"https:\/\/www.meine-tcm.com\/wp-content\/uploads\/2020\/09\/qi-gong-kurse-bundle.jpg","contentUrl":"https:\/\/www.meine-tcm.com\/wp-content\/uploads\/2020\/09\/qi-gong-kurse-bundle.jpg","width":600,"height":848,"caption":"Online Qi Gong Kurse Bundle"},{"@type":"BreadcrumbList","@id":"https:\/\/www.meine-tcm.com\/produkt\/qi-gong-bundle-mit-den-besten-3-qi-gong-kursen\/#breadcrumb","itemListElement":[{"@type":"ListItem","position":1,"name":"Home","item":"https:\/\/www.meine-tcm.com\/"},{"@type":"ListItem","position":2,"name":"Shop","item":"https:\/\/www.meine-tcm.com\/shop\/"},{"@type":"ListItem","position":3,"name":"Qi Gong","item":"https:\/\/www.meine-tcm.com\/produkte\/qi-gong\/"},{"@type":"ListItem","position":4,"name":"Qi Gong \u2014 Bundle mit den 3 besten Qi Gong Kursen"}]},{"@type":"WebSite","@id":"https:\/\/www.meine-tcm.com\/#website","url":"https:\/\/www.meine-tcm.com\/","name":"meine MTC | La m\u00e9decine traditionnelle chinoise expliqu\u00e9e simplement","description":"Rester en bonne sant\u00e9, tout simplement","publisher":{"@id":"https:\/\/www.meine-tcm.com\/#organization"},"potentialAction":[{"@type":"SearchAction","target":{"@type":"EntryPoint","urlTemplate":"https:\/\/www.meine-tcm.com\/?s={search_term_string}"},"query-input":{"@type":"PropertyValueSpecification","valueRequired":true,"valueName":"search_term_string"}}],"inLanguage":"fr-FR"},{"@type":"Organization","@id":"https:\/\/www.meine-tcm.com\/#organization","name":"mon-TCM.com - La m\u00e9decine traditionnelle chinoise expliqu\u00e9e simplement","url":"https:\/\/www.meine-tcm.com\/","logo":{"@type":"ImageObject","inLanguage":"fr-FR","@id":"https:\/\/www.meine-tcm.com\/#\/schema\/logo\/image\/","url":"https:\/\/www.meine-tcm.com\/wp-content\/uploads\/2022\/08\/meine-tcm-traditionelle-chinesische-medizin-einfach-erklaert.png","contentUrl":"https:\/\/www.meine-tcm.com\/wp-content\/uploads\/2022\/08\/meine-tcm-traditionelle-chinesische-medizin-einfach-erklaert.png","width":559,"height":479,"caption":"meine-TCM.com \u2014 Traditionelle chinesische Medizin einfach erkl\u00e4rt"},"image":{"@id":"https:\/\/www.meine-tcm.com\/#\/schema\/logo\/image\/"},"sameAs":["https:\/\/www.instagram.com\/meinetcm\/","https:\/\/www.youtube.com\/@EinfachbesserLeben"]}]}},"wps_subtitle":"","_links":{"self":[{"href":"https:\/\/www.meine-tcm.com\/fr\/wp-json\/wp\/v2\/product\/1583","targetHints":{"allow":["GET"]}}],"collection":[{"href":"https:\/\/www.meine-tcm.com\/fr\/wp-json\/wp\/v2\/product"}],"about":[{"href":"https:\/\/www.meine-tcm.com\/fr\/wp-json\/wp\/v2\/types\/product"}],"replies":[{"embeddable":true,"href":"https:\/\/www.meine-tcm.com\/fr\/wp-json\/wp\/v2\/comments?post=1583"}],"wp:featuredmedia":[{"embeddable":true,"href":"https:\/\/www.meine-tcm.com\/fr\/wp-json\/wp\/v2\/media\/1586"}],"wp:attachment":[{"href":"https:\/\/www.meine-tcm.com\/fr\/wp-json\/wp\/v2\/media?parent=1583"}],"wp:term":[{"taxonomy":"product_brand","embeddable":true,"href":"https:\/\/www.meine-tcm.com\/fr\/wp-json\/wp\/v2\/product_brand?post=1583"},{"taxonomy":"product_cat","embeddable":true,"href":"https:\/\/www.meine-tcm.com\/fr\/wp-json\/wp\/v2\/product_cat?post=1583"},{"taxonomy":"product_tag","embeddable":true,"href":"https:\/\/www.meine-tcm.com\/fr\/wp-json\/wp\/v2\/product_tag?post=1583"}],"curies":[{"name":"wp","href":"https:\/\/api.w.org\/{rel}","templated":true}]}}