{"id":1416,"date":"2014-06-09T21:48:15","date_gmt":"2014-06-09T19:48:15","guid":{"rendered":"https:\/\/www.meine-tcm.com\/produkt\/qi-gong-kurs-8-brokate\/"},"modified":"2026-04-07T13:02:15","modified_gmt":"2026-04-07T11:02:15","slug":"cours-de-qi-gong-8-brocards","status":"publish","type":"product","link":"https:\/\/www.meine-tcm.com\/fr\/produit\/cours-de-qi-gong-8-brocards\/","title":{"rendered":"Les 8 brocards - Le cours de qi gong moderne I"},"content":{"rendered":"<h2>Qi Gong - Les 8 brocards<\/h2>\n<p>L'art mill\u00e9naire de la gu\u00e9rison et du mouvement du <strong>Qi Gong<\/strong> te montre le chemin vers plus <strong>\u00c9nergie <\/strong>et <strong>Motivation<\/strong>. Depuis toujours, les gu\u00e9risseurs orientaux savent que l'homme n'est en bonne sant\u00e9 physique et mentale que si son \u00e9nergie vitale peut circuler librement et sans entrave dans son corps. Cette \u00e9nergie vitale subtile est appel\u00e9e en Inde <strong>M\u00e9decine traditionnelle chinoise<\/strong> (MTC) \"Qi\". Traduit, le mot Qi Gong signifie \u00e0 peu pr\u00e8s : \"travailler avec sa propre \u00e9nergie vitale\".<\/p>\n<p>Avec ce cours vid\u00e9o, tu apprendras\u00a0<strong>8 exercices de qi gong<\/strong> Conna\u00eetre des exercices qui \u00e9taient encore secrets il y a 100 ans, bien qu'ils existent depuis le 12\u00e8me si\u00e8cle. Autrefois, ces exercices \u00e9taient utilis\u00e9s avec beaucoup de succ\u00e8s par les soldats pour s'entra\u00eener physiquement. Ce n'est que plus tard qu'ils sont devenus un patrimoine populaire g\u00e9n\u00e9ral en Chine. Aujourd'hui, les 8 brocards sont consid\u00e9r\u00e9s comme les plus <strong>Forme de Qi Gong la plus pratiqu\u00e9e<\/strong> dans le monde entier. Des millions de personnes s'entra\u00eenent chaque jour \u00e0 cette forme magnifique et simple. La simplicit\u00e9, mais en m\u00eame temps l'efficacit\u00e9 des 8 exercices ne peut \u00eatre compar\u00e9e \u00e0 rien d'autre.<\/p>\n<p>Le cours de Qi Gong est con\u00e7u comme un entra\u00eenement individuel. Chacune des <strong>8 brocards<\/strong> te sera pr\u00e9sent\u00e9 dans le <strong>D\u00e9tail expliqu\u00e9<\/strong>Il est donc tr\u00e8s clair de savoir \u00e0 quoi il faut faire attention lors de l'ex\u00e9cution. Et quelles sont les erreurs \u00e0 \u00e9viter. Les parties pratiques sont toujours compl\u00e9t\u00e9es par des informations de fond int\u00e9ressantes.<\/p>\n<ul>\n<li><strong>Acteurs :<\/strong> Wolfgang Stemer, Ivana Besker Mrkonja<\/li>\n<li><strong>Producteurs :<\/strong> EBL Media Production OG<\/li>\n<li><strong>Format :<\/strong> DVD vid\u00e9o, PAL ou vid\u00e9o en ligne<\/li>\n<li><strong>Langue :<\/strong> Allemand (Dolby Digital 2.0 st\u00e9r\u00e9o)<\/li>\n<li><strong>La r\u00e9gion :\u00a0<\/strong>R\u00e9gion 2<\/li>\n<li><strong>Nombre de disques :<\/strong>\u00a01<\/li>\n<li><strong>FSK :<\/strong>\u00a0Programme d'information<\/li>\n<li><strong>Studio :<\/strong> EBL Media Production OG<\/li>\n<li><strong>Ann\u00e9e de production :<\/strong>\u00a02016<\/li>\n<li><strong>Dur\u00e9e du jeu :<\/strong>\u00a0138,00 minutes<\/li>\n<li><strong>Vid\u00e9os :<\/strong> 22<\/li>\n<\/ul>\n<p>Le <strong>Cours vid\u00e9o Qi Gong - Les 8 brocards<\/strong> tu peux \u00eatre consid\u00e9r\u00e9 comme <strong>DVD<\/strong> ou vers le <strong>Flux en ligne<\/strong> acheter. En 22 chapitres, tu apprendras en d\u00e9tail l'ex\u00e9cution de chaque exercice. Pendant l'explication, tu peux d\u00e9j\u00e0 t'entra\u00eener. Wolfgang et Ivana montrent chaque exercice de brocart \u00e9tape par \u00e9tape. Des informations de base sur la m\u00e9decine traditionnelle chinoise, le Qi Gong et les 8 brocarts compl\u00e8tent le cours vid\u00e9o.<\/p>\n<p>La s\u00e9quence compl\u00e8te d'exercices dure environ 20 minutes. Ainsi, tu peux faire ta pratique de qigong tous les jours avec Ivana et Wolfgang. Et si tu as des questions sur les diff\u00e9rents exercices, tu peux \u00e0 tout moment revenir aux explications des exercices et am\u00e9liorer continuellement ta s\u00e9quence d'exercices, peut-\u00eatre m\u00eame la perfectionner avec le temps.<strong> Amuse-toi bien !<\/strong><\/p>\n<div class=\"video video-fit mb\" style=\"padding-top:56.25%;\"><p><iframe loading=\"lazy\" title=\"Le cours de Qi Gong moderne - Les 8 brocards (film teaser du DVD)\" width=\"1020\" height=\"574\" src=\"https:\/\/www.youtube.com\/embed\/JE9rozuzSx0?feature=oembed\" frameborder=\"0\" allow=\"accelerometer; autoplay; clipboard-write; encrypted-media; gyroscope; picture-in-picture\" allowfullscreen><\/iframe><\/p>\n<\/div>\n\t<div id=\"gap-1271548204\" class=\"gap-element clearfix\" style=\"display:block; height:auto;\">\n\t\t\n<style>\n#gap-1271548204 {\n  padding-top: 30px;\n}\n<\/style>\n\t<\/div>\n\t\n<h2>Les 8 brocards - Le cours de qi gong moderne I<\/h2>\n<h3>Table des mati\u00e8res :<\/h3>\n<ul>\n<li><strong>INTRODUCTION<\/strong>...que sont les 8 brocards<\/li>\n<li><strong>POURQUOI QI GONG <\/strong>...les effets des exercices de Qi Gong<\/li>\n<li><strong>LES PRINCIPES DU QI GONG <\/strong>...la respiration, la posture et la concentration<\/li>\n<li><strong>MTC<\/strong>...qu'est-ce que la MTC (m\u00e9decine traditionnelle chinoise)<\/li>\n<li><strong>D\u00c9CLARATION D'EXERCICE <\/strong>...les 8 exercices expliqu\u00e9s en d\u00e9tail<\/li>\n<li><strong>S\u00c9QUENCE COMPL\u00c8TE<\/strong> (20 minutes)... les 8 brocards en s\u00e9quence<\/li>\n<li><strong>QI &amp; MERIDIANE<\/strong>...qu'est-ce que le Qi du point de vue de la MTC ?<\/li>\n<li><strong>MOTIVATION <\/strong>...instructions pour les exercices et motivation<strong><br \/>\n<\/strong><\/li>\n<li>Dur\u00e9e environ 138 minutes<\/li>\n<\/ul>","protected":false},"excerpt":{"rendered":"<p>Dans notre \u00e9poque o\u00f9 tout va tr\u00e8s vite, de plus en plus de personnes souffrent d'un manque d'\u00e9nergie chronique. La fatigue, le manque de motivation et le sentiment d'\u00eatre d\u00e9pass\u00e9 sont familiers \u00e0 de nombreuses personnes. Mais de multiples troubles physiques nous font \u00e9galement souffrir et nous privent peu \u00e0 peu de notre joie de vivre.<\/p>\n<p>Avec cette<strong> Cours vid\u00e9o Qigong - Les 8 brocards<\/strong> tu obtiendras un moyen simple et surtout r\u00e9alisable au quotidien pour sortir de ce dilemme. Avec seulement <strong>20 minutes de pratique quotidienne<\/strong>\u00a0il est possible de renouveler ton \u00e9nergie et ta sant\u00e9 personnelles \u00e0 partir de z\u00e9ro !<\/p>","protected":false},"featured_media":1419,"comment_status":"open","ping_status":"closed","template":"","meta":{"_acf_changed":false},"product_brand":[],"product_cat":[103],"product_tag":[168,167,166,152,124,123],"class_list":{"0":"post-1416","1":"product","2":"type-product","3":"status-publish","4":"has-post-thumbnail","6":"product_cat-qi-gong","7":"product_tag-samenverlust","8":"product_tag-burn-out","9":"product_tag-haeufiger-harndrang","10":"product_tag-impotenz","11":"product_tag-verdauung","12":"product_tag-erkaeltung","14":"first","15":"instock","16":"featured","17":"taxable","18":"shipping-taxable","19":"purchasable","20":"product-type-variable"},"acf":[],"yoast_head":"<!-- This site is optimized with the Yoast SEO plugin v27.1.1 - https:\/\/yoast.com\/product\/yoast-seo-wordpress\/ -->\n<title>Qi Gong Kurs: Die 8 Brokate<\/title>\n<meta name=\"description\" content=\"Mit diesem Videokurs lernst du die Qi Gong \u00dcbungen der 8 Brokate. Alle \u00dcbungen werden sehr detailliert erkl\u00e4rt. Plus: viele TCM Hintergrundinfos.\" \/>\n<meta name=\"robots\" content=\"index, follow, max-snippet:-1, max-image-preview:large, max-video-preview:-1\" \/>\n<link rel=\"canonical\" href=\"https:\/\/www.meine-tcm.com\/fr\/produit\/cours-de-qi-gong-8-brocards\/\" \/>\n<meta property=\"og:locale\" content=\"fr_FR\" \/>\n<meta property=\"og:type\" content=\"article\" \/>\n<meta property=\"og:title\" content=\"Qi Gong Kurs: Die 8 Brokate\" \/>\n<meta property=\"og:description\" content=\"Mit diesem Videokurs lernst du die Qi Gong \u00dcbungen der 8 Brokate. Alle \u00dcbungen werden sehr detailliert erkl\u00e4rt. Plus: viele TCM Hintergrundinfos. Der Kurs ist als DVD, zum Online Ansehen oder als App im Apple App Store und Google Play Store erh\u00e4ltlich.\" \/>\n<meta property=\"og:url\" content=\"https:\/\/www.meine-tcm.com\/fr\/produit\/cours-de-qi-gong-8-brocards\/\" \/>\n<meta property=\"og:site_name\" content=\"meine TCM | Traditionelle Chinesische Medizin einfach erkl\u00e4rt\" \/>\n<meta property=\"article:modified_time\" content=\"2026-04-07T11:02:15+00:00\" \/>\n<meta property=\"og:image\" content=\"https:\/\/www.meine-tcm.com\/wp-content\/uploads\/2014\/06\/qi-gong-kurs-8-brokate-04.jpg\" \/>\n\t<meta property=\"og:image:width\" content=\"764\" \/>\n\t<meta property=\"og:image:height\" content=\"1080\" \/>\n\t<meta property=\"og:image:type\" content=\"image\/jpeg\" \/>\n<meta name=\"twitter:card\" content=\"summary_large_image\" \/>\n<meta name=\"twitter:title\" content=\"Qi Gong Kurs: Die 8 Brokate\" \/>\n<meta name=\"twitter:description\" content=\"Mit diesem Videokurs lernst du die Qi Gong \u00dcbungen der 8 Brokate. Alle \u00dcbungen werden sehr detailliert erkl\u00e4rt. Plus: viele TCM Hintergrundinfos. Der Kurs ist als DVD, zum Online Ansehen oder als App im Apple App Store und Google Play Store erh\u00e4ltlich.\" \/>\n<meta name=\"twitter:image\" content=\"https:\/\/www.meine-tcm.com\/wp-content\/uploads\/2014\/06\/qi-gong-kurs-8-brokate-04.jpg\" \/>\n<meta name=\"twitter:label1\" content=\"Dur\u00e9e de lecture estim\u00e9e\" \/>\n\t<meta name=\"twitter:data1\" content=\"2 minutes\" \/>\n<script type=\"application\/ld+json\" class=\"yoast-schema-graph\">{\"@context\":\"https:\/\/schema.org\",\"@graph\":[{\"@type\":\"WebPage\",\"@id\":\"https:\/\/www.meine-tcm.com\/produkt\/qi-gong-kurs-8-brokate\/\",\"url\":\"https:\/\/www.meine-tcm.com\/produkt\/qi-gong-kurs-8-brokate\/\",\"name\":\"Qi Gong Kurs: Die 8 Brokate\",\"isPartOf\":{\"@id\":\"https:\/\/www.meine-tcm.com\/#website\"},\"primaryImageOfPage\":{\"@id\":\"https:\/\/www.meine-tcm.com\/produkt\/qi-gong-kurs-8-brokate\/#primaryimage\"},\"image\":{\"@id\":\"https:\/\/www.meine-tcm.com\/produkt\/qi-gong-kurs-8-brokate\/#primaryimage\"},\"thumbnailUrl\":\"https:\/\/www.meine-tcm.com\/wp-content\/uploads\/2014\/06\/1qi-gong-i.jpg\",\"datePublished\":\"2014-06-09T19:48:15+00:00\",\"dateModified\":\"2026-04-07T11:02:15+00:00\",\"description\":\"Mit diesem Videokurs lernst du die Qi Gong \u00dcbungen der 8 Brokate. Alle \u00dcbungen werden sehr detailliert erkl\u00e4rt. Plus: viele TCM Hintergrundinfos.\",\"breadcrumb\":{\"@id\":\"https:\/\/www.meine-tcm.com\/produkt\/qi-gong-kurs-8-brokate\/#breadcrumb\"},\"inLanguage\":\"fr-FR\",\"potentialAction\":[{\"@type\":\"ReadAction\",\"target\":[\"https:\/\/www.meine-tcm.com\/produkt\/qi-gong-kurs-8-brokate\/\"]}]},{\"@type\":\"ImageObject\",\"inLanguage\":\"fr-FR\",\"@id\":\"https:\/\/www.meine-tcm.com\/produkt\/qi-gong-kurs-8-brokate\/#primaryimage\",\"url\":\"https:\/\/www.meine-tcm.com\/wp-content\/uploads\/2014\/06\/1qi-gong-i.jpg\",\"contentUrl\":\"https:\/\/www.meine-tcm.com\/wp-content\/uploads\/2014\/06\/1qi-gong-i.jpg\",\"width\":1062,\"height\":1500,\"caption\":\"Der moderne Qi Gong Kurs 8 Brokate von Einfach besser leben\"},{\"@type\":\"BreadcrumbList\",\"@id\":\"https:\/\/www.meine-tcm.com\/produkt\/qi-gong-kurs-8-brokate\/#breadcrumb\",\"itemListElement\":[{\"@type\":\"ListItem\",\"position\":1,\"name\":\"Home\",\"item\":\"https:\/\/www.meine-tcm.com\/\"},{\"@type\":\"ListItem\",\"position\":2,\"name\":\"Shop\",\"item\":\"https:\/\/www.meine-tcm.com\/shop\/\"},{\"@type\":\"ListItem\",\"position\":3,\"name\":\"Qi Gong\",\"item\":\"https:\/\/www.meine-tcm.com\/produkte\/qi-gong\/\"},{\"@type\":\"ListItem\",\"position\":4,\"name\":\"Die 8 Brokate \u2014 Der moderne Qi Gong Kurs I\"}]},{\"@type\":\"WebSite\",\"@id\":\"https:\/\/www.meine-tcm.com\/#website\",\"url\":\"https:\/\/www.meine-tcm.com\/\",\"name\":\"meine TCM | Traditionelle Chinesische Medizin einfach erkl\u00e4rt\",\"description\":\"Einfach gesund bleiben\",\"publisher\":{\"@id\":\"https:\/\/www.meine-tcm.com\/#organization\"},\"potentialAction\":[{\"@type\":\"SearchAction\",\"target\":{\"@type\":\"EntryPoint\",\"urlTemplate\":\"https:\/\/www.meine-tcm.com\/?s={search_term_string}\"},\"query-input\":{\"@type\":\"PropertyValueSpecification\",\"valueRequired\":true,\"valueName\":\"search_term_string\"}}],\"inLanguage\":\"fr-FR\"},{\"@type\":\"Organization\",\"@id\":\"https:\/\/www.meine-tcm.com\/#organization\",\"name\":\"meine-TCM.com \u2014 Traditionelle chinesische Medizin einfach erkl\u00e4rt\",\"url\":\"https:\/\/www.meine-tcm.com\/\",\"logo\":{\"@type\":\"ImageObject\",\"inLanguage\":\"fr-FR\",\"@id\":\"https:\/\/www.meine-tcm.com\/#\/schema\/logo\/image\/\",\"url\":\"https:\/\/www.meine-tcm.com\/wp-content\/uploads\/2022\/08\/meine-tcm-traditionelle-chinesische-medizin-einfach-erklaert.png\",\"contentUrl\":\"https:\/\/www.meine-tcm.com\/wp-content\/uploads\/2022\/08\/meine-tcm-traditionelle-chinesische-medizin-einfach-erklaert.png\",\"width\":559,\"height\":479,\"caption\":\"meine-TCM.com \u2014 Traditionelle chinesische Medizin einfach erkl\u00e4rt\"},\"image\":{\"@id\":\"https:\/\/www.meine-tcm.com\/#\/schema\/logo\/image\/\"},\"sameAs\":[\"https:\/\/www.instagram.com\/meinetcm\/\",\"https:\/\/www.youtube.com\/@EinfachbesserLeben\"]}]}<\/script>\n<!-- \/ Yoast SEO plugin. -->","yoast_head_json":{"title":"Cours de Qi Gong : Les 8 brocards","description":"Avec ce cours vid\u00e9o, tu apprendras les exercices de Qi Gong des 8 brocards. Tous les exercices sont expliqu\u00e9s de mani\u00e8re tr\u00e8s d\u00e9taill\u00e9e. Plus : beaucoup d'infos de fond sur la MTC.","robots":{"index":"index","follow":"follow","max-snippet":"max-snippet:-1","max-image-preview":"max-image-preview:large","max-video-preview":"max-video-preview:-1"},"canonical":"https:\/\/www.meine-tcm.com\/fr\/produit\/cours-de-qi-gong-8-brocards\/","og_locale":"fr_FR","og_type":"article","og_title":"Qi Gong Kurs: Die 8 Brokate","og_description":"Mit diesem Videokurs lernst du die Qi Gong \u00dcbungen der 8 Brokate. Alle \u00dcbungen werden sehr detailliert erkl\u00e4rt. Plus: viele TCM Hintergrundinfos. Der Kurs ist als DVD, zum Online Ansehen oder als App im Apple App Store und Google Play Store erh\u00e4ltlich.","og_url":"https:\/\/www.meine-tcm.com\/fr\/produit\/cours-de-qi-gong-8-brocards\/","og_site_name":"meine TCM | Traditionelle Chinesische Medizin einfach erkl\u00e4rt","article_modified_time":"2026-04-07T11:02:15+00:00","og_image":[{"width":764,"height":1080,"url":"https:\/\/www.meine-tcm.com\/wp-content\/uploads\/2014\/06\/qi-gong-kurs-8-brokate-04.jpg","type":"image\/jpeg"}],"twitter_card":"summary_large_image","twitter_title":"Qi Gong Kurs: Die 8 Brokate","twitter_description":"Mit diesem Videokurs lernst du die Qi Gong \u00dcbungen der 8 Brokate. Alle \u00dcbungen werden sehr detailliert erkl\u00e4rt. Plus: viele TCM Hintergrundinfos. Der Kurs ist als DVD, zum Online Ansehen oder als App im Apple App Store und Google Play Store erh\u00e4ltlich.","twitter_image":"https:\/\/www.meine-tcm.com\/wp-content\/uploads\/2014\/06\/qi-gong-kurs-8-brokate-04.jpg","twitter_misc":{"Dur\u00e9e de lecture estim\u00e9e":"2 minutes"},"schema":{"@context":"https:\/\/schema.org","@graph":[{"@type":"WebPage","@id":"https:\/\/www.meine-tcm.com\/produkt\/qi-gong-kurs-8-brokate\/","url":"https:\/\/www.meine-tcm.com\/produkt\/qi-gong-kurs-8-brokate\/","name":"Cours de Qi Gong : Les 8 brocards","isPartOf":{"@id":"https:\/\/www.meine-tcm.com\/#website"},"primaryImageOfPage":{"@id":"https:\/\/www.meine-tcm.com\/produkt\/qi-gong-kurs-8-brokate\/#primaryimage"},"image":{"@id":"https:\/\/www.meine-tcm.com\/produkt\/qi-gong-kurs-8-brokate\/#primaryimage"},"thumbnailUrl":"https:\/\/www.meine-tcm.com\/wp-content\/uploads\/2014\/06\/1qi-gong-i.jpg","datePublished":"2014-06-09T19:48:15+00:00","dateModified":"2026-04-07T11:02:15+00:00","description":"Avec ce cours vid\u00e9o, tu apprendras les exercices de Qi Gong des 8 brocards. Tous les exercices sont expliqu\u00e9s de mani\u00e8re tr\u00e8s d\u00e9taill\u00e9e. Plus : beaucoup d'infos de fond sur la MTC.","breadcrumb":{"@id":"https:\/\/www.meine-tcm.com\/produkt\/qi-gong-kurs-8-brokate\/#breadcrumb"},"inLanguage":"fr-FR","potentialAction":[{"@type":"ReadAction","target":["https:\/\/www.meine-tcm.com\/produkt\/qi-gong-kurs-8-brokate\/"]}]},{"@type":"ImageObject","inLanguage":"fr-FR","@id":"https:\/\/www.meine-tcm.com\/produkt\/qi-gong-kurs-8-brokate\/#primaryimage","url":"https:\/\/www.meine-tcm.com\/wp-content\/uploads\/2014\/06\/1qi-gong-i.jpg","contentUrl":"https:\/\/www.meine-tcm.com\/wp-content\/uploads\/2014\/06\/1qi-gong-i.jpg","width":1062,"height":1500,"caption":"Der moderne Qi Gong Kurs 8 Brokate von Einfach besser leben"},{"@type":"BreadcrumbList","@id":"https:\/\/www.meine-tcm.com\/produkt\/qi-gong-kurs-8-brokate\/#breadcrumb","itemListElement":[{"@type":"ListItem","position":1,"name":"Home","item":"https:\/\/www.meine-tcm.com\/"},{"@type":"ListItem","position":2,"name":"Shop","item":"https:\/\/www.meine-tcm.com\/shop\/"},{"@type":"ListItem","position":3,"name":"Qi Gong","item":"https:\/\/www.meine-tcm.com\/produkte\/qi-gong\/"},{"@type":"ListItem","position":4,"name":"Die 8 Brokate \u2014 Der moderne Qi Gong Kurs I"}]},{"@type":"WebSite","@id":"https:\/\/www.meine-tcm.com\/#website","url":"https:\/\/www.meine-tcm.com\/","name":"meine MTC | La m\u00e9decine traditionnelle chinoise expliqu\u00e9e simplement","description":"Rester en bonne sant\u00e9, tout simplement","publisher":{"@id":"https:\/\/www.meine-tcm.com\/#organization"},"potentialAction":[{"@type":"SearchAction","target":{"@type":"EntryPoint","urlTemplate":"https:\/\/www.meine-tcm.com\/?s={search_term_string}"},"query-input":{"@type":"PropertyValueSpecification","valueRequired":true,"valueName":"search_term_string"}}],"inLanguage":"fr-FR"},{"@type":"Organization","@id":"https:\/\/www.meine-tcm.com\/#organization","name":"mon-TCM.com - La m\u00e9decine traditionnelle chinoise expliqu\u00e9e simplement","url":"https:\/\/www.meine-tcm.com\/","logo":{"@type":"ImageObject","inLanguage":"fr-FR","@id":"https:\/\/www.meine-tcm.com\/#\/schema\/logo\/image\/","url":"https:\/\/www.meine-tcm.com\/wp-content\/uploads\/2022\/08\/meine-tcm-traditionelle-chinesische-medizin-einfach-erklaert.png","contentUrl":"https:\/\/www.meine-tcm.com\/wp-content\/uploads\/2022\/08\/meine-tcm-traditionelle-chinesische-medizin-einfach-erklaert.png","width":559,"height":479,"caption":"meine-TCM.com \u2014 Traditionelle chinesische Medizin einfach erkl\u00e4rt"},"image":{"@id":"https:\/\/www.meine-tcm.com\/#\/schema\/logo\/image\/"},"sameAs":["https:\/\/www.instagram.com\/meinetcm\/","https:\/\/www.youtube.com\/@EinfachbesserLeben"]}]}},"wps_subtitle":"","_links":{"self":[{"href":"https:\/\/www.meine-tcm.com\/fr\/wp-json\/wp\/v2\/product\/1416","targetHints":{"allow":["GET"]}}],"collection":[{"href":"https:\/\/www.meine-tcm.com\/fr\/wp-json\/wp\/v2\/product"}],"about":[{"href":"https:\/\/www.meine-tcm.com\/fr\/wp-json\/wp\/v2\/types\/product"}],"replies":[{"embeddable":true,"href":"https:\/\/www.meine-tcm.com\/fr\/wp-json\/wp\/v2\/comments?post=1416"}],"wp:featuredmedia":[{"embeddable":true,"href":"https:\/\/www.meine-tcm.com\/fr\/wp-json\/wp\/v2\/media\/1419"}],"wp:attachment":[{"href":"https:\/\/www.meine-tcm.com\/fr\/wp-json\/wp\/v2\/media?parent=1416"}],"wp:term":[{"taxonomy":"product_brand","embeddable":true,"href":"https:\/\/www.meine-tcm.com\/fr\/wp-json\/wp\/v2\/product_brand?post=1416"},{"taxonomy":"product_cat","embeddable":true,"href":"https:\/\/www.meine-tcm.com\/fr\/wp-json\/wp\/v2\/product_cat?post=1416"},{"taxonomy":"product_tag","embeddable":true,"href":"https:\/\/www.meine-tcm.com\/fr\/wp-json\/wp\/v2\/product_tag?post=1416"}],"curies":[{"name":"wp","href":"https:\/\/api.w.org\/{rel}","templated":true}]}}