{"id":1406,"date":"2014-07-06T10:43:57","date_gmt":"2014-07-06T08:43:57","guid":{"rendered":"https:\/\/www.meine-tcm.com\/produkt\/dein-ganzheitliches-rueckentraining-1\/"},"modified":"2026-04-09T10:32:01","modified_gmt":"2026-04-09T08:32:01","slug":"ton-entrainement-complet-du-dos-1","status":"publish","type":"product","link":"https:\/\/www.meine-tcm.com\/fr\/produit\/ton-entrainement-complet-du-dos-1\/","title":{"rendered":"Ton entra\u00eenement complet du dos"},"content":{"rendered":"<h2><strong>Enfin d\u00e9barrass\u00e9 du mal de dos<\/strong><\/h2>\n<p>Pour <strong>Mal de dos<\/strong> il faut un programme d'entra\u00eenement complet qui s'adresse au corps mais aussi \u00e0 l'esprit de la personne. Le stress est consid\u00e9r\u00e9 comme l'un des plus grands d\u00e9clencheurs de <strong>Mal de dos<\/strong> et c'est justement l\u00e0 que la m\u00e9decine orientale a une riche exp\u00e9rience \u00e0 offrir.<\/p>\n<p>Parce que c'est dans la <strong>M\u00e9decine traditionnelle chinoise (MTC)<\/strong> Il est clair que le corps et l'esprit ne peuvent pas \u00eatre consid\u00e9r\u00e9s s\u00e9par\u00e9ment. Les exercices de Qi Gong et d'acupressure en particulier s'adressent au syst\u00e8me \u00e9nerg\u00e9tique de l'homme. Ainsi, non seulement le corps, mais aussi l'esprit sont stimul\u00e9s. <strong>Bien-\u00eatre \u00e9motionnel<\/strong> influence de mani\u00e8re positive. C'est une condition importante pour que le corps puisse mieux rel\u00e2cher les tensions au niveau de la colonne vert\u00e9brale. Ainsi, non seulement tu te redresseras int\u00e9rieurement, mais ta posture ext\u00e9rieure s'am\u00e9liorera \u00e9galement.<\/p>\n<p>Avec un investissement quotidien minime de quelques minutes, c'est possible, <strong>durablement sans douleur<\/strong> Devenir une personne \u00e0 part enti\u00e8re. Cependant, il faut aussi un peu de pers\u00e9v\u00e9rance. Car les meilleurs r\u00e9sultats apparaissent lorsque tu t'entra\u00eenes r\u00e9guli\u00e8rement, c'est-\u00e0-dire au moins trois fois par semaine. Dans cette vid\u00e9o, tu verras <strong>3 diff\u00e9rentes\u00a0<\/strong>des programmes longs. Ainsi, selon la dur\u00e9e de l'entra\u00eenement, tu peux choisir entre 3 entra\u00eenements.<\/p>\n<h3><strong>SOMMAIRE<\/strong><\/h3>\n<p>Le site <strong>Entra\u00eenement du dos<\/strong> est structur\u00e9 comme un entra\u00eenement individuel. Chacune des <strong>25 exercices pour le dos<\/strong> est expliqu\u00e9 en d\u00e9tail, de sorte qu'il est clair \u00e0 quoi il faut faire attention et quelles erreurs il faut \u00e9viter.<\/p>\n<ul>\n<li>3 entra\u00eenements de 7 minutes, 20 minutes ou 33 minutes d'entra\u00eenement,<\/li>\n<li>25 exercices pour le dos expliqu\u00e9s de mani\u00e8re compl\u00e8te et d\u00e9taill\u00e9e,<\/li>\n<li>L'entra\u00eenement du dos est facile \u00e0 apprendre,<\/li>\n<li>Convient \u00e0 tous les \u00e2ges et \u00e0 tous les niveaux de forme physique,<\/li>\n<li>Ex\u00e9cutable partout et \u00e0 tout moment, il suffit de le regarder sur ton smartphone ou ta tablette.<\/li>\n<\/ul>\n<div class=\"row\"  id=\"row-1329468150\">\n\n\t<div id=\"col-1150613251\" class=\"col medium-6 small-12 large-6\"  >\n\t\t\t\t<div class=\"col-inner\" style=\"background-color:rgba(218, 221, 222, 0.35);\" >\n\t\t\t\n\t\t\t\n<div class=\"video video-fit mb\" style=\"padding-top:56.25%;\"><p><iframe loading=\"lazy\" title=\"Les meilleurs exercices contre le mal de dos (partie 4 de 5) - Cinq exercices en d\u00e9tail\" width=\"1020\" height=\"574\" src=\"https:\/\/www.youtube.com\/embed\/RYIQAW-wO38?feature=oembed\" frameborder=\"0\" allow=\"accelerometer; autoplay; clipboard-write; encrypted-media; gyroscope; picture-in-picture\" allowfullscreen><\/iframe><\/p>\n<\/div>\n<h3>5 exemples d'exercices de notre cours<\/h3>\n<p>Pour te donner une id\u00e9e de la mani\u00e8re dont notre cours vid\u00e9o est structur\u00e9, Wolfgang te montre un extrait des 25 exercices pour le dos que Wolfgang t'explique en d\u00e9tail dans notre cours vid\u00e9o.<\/p>\n\t\t<\/div>\n\t\t\t\t\n<style>\n#col-1150613251 > .col-inner {\n  padding: 10px 10px 1px 10px;\n}\n<\/style>\n\t<\/div>\n\n\t\n\n\t<div id=\"col-12230412\" class=\"col medium-6 small-12 large-6\"  >\n\t\t\t\t<div class=\"col-inner text-left\" style=\"background-color:rgba(218, 221, 222, 0.35);\" >\n\t\t\t\n\t\t\t\n<div class=\"video video-fit mb\" style=\"padding-top:56.25%;\"><p><iframe loading=\"lazy\" title=\"Ton entra\u00eenement complet du dos - Les 25 meilleurs exercices contre le mal de dos (Teaserfilm DVD)\" width=\"1020\" height=\"574\" src=\"https:\/\/www.youtube.com\/embed\/VKVa4iBV2_8?feature=oembed\" frameborder=\"0\" allow=\"accelerometer; autoplay; clipboard-write; encrypted-media; gyroscope; picture-in-picture\" allowfullscreen><\/iframe><\/p>\n<\/div>\n<h3>Bande-annonce de notre cours vid\u00e9o<\/h3>\n<p>Ton entra\u00eenement complet du dos - Les meilleurs exercices de la m\u00e9decine occidentale &amp; orientale.<\/p>\n\t\t<\/div>\n\t\t\t\t\n<style>\n#col-12230412 > .col-inner {\n  padding: 10px 10px 69px 10px;\n}\n<\/style>\n\t<\/div>\n\n\t\n<\/div>\n<h3><strong>FACTS<\/strong><\/h3>\n<p>Wolfgang Stemer est un praticien de shiatsu, un entra\u00eeneur de fitness, un entra\u00eeneur de Pilates et un enseignant de Qi Gong ainsi qu'un th\u00e9rapeute de MTC avec 20 ans d'exp\u00e9rience pratique dans le travail avec les gens et l'enseignement.<\/p>\n<ul>\n<li><strong>Format :<\/strong>\u00a0PAL<\/li>\n<li><strong>Langue :<\/strong>\u00a0Allemand (Dolby Digital 2.0 st\u00e9r\u00e9o)<\/li>\n<li><strong>La r\u00e9gion :<\/strong>\u00a0R\u00e9gion 2<\/li>\n<li><strong>Nombre de disques :<\/strong>\u00a01<\/li>\n<li><strong>FSK :<\/strong>\u00a0Programme d'enseignement<\/li>\n<li><strong>Studio :<\/strong>\u00a0EBL Media Production<\/li>\n<li><strong>Ann\u00e9e de production :<\/strong>\u00a02016<\/li>\n<li><strong>Dur\u00e9e du jeu :<\/strong>\u00a0143 minutes<\/li>\n<\/ul>","protected":false},"excerpt":{"rendered":"<p>Avec cette <strong>Entra\u00eenement global du dos<\/strong> tu recevras une m\u00e9thode efficace et facile \u00e0 suivre, <strong>Mal de dos<\/strong> Se d\u00e9barrasser enfin de ses probl\u00e8mes. Les meilleurs exercices de <strong>gymnastique classique du dos<\/strong>, <strong>m\u00e9decine traditionnelle chinoise<\/strong>, <strong>Pilates<\/strong> et<strong> Acupressure<\/strong> constituent la base de l'entra\u00eenement. En y consacrant peu de temps chaque jour, il est possible de se d\u00e9barrasser durablement de ton mal de dos.<\/p>","protected":false},"featured_media":1410,"comment_status":"open","ping_status":"closed","template":"","meta":{"_acf_changed":false},"product_brand":[],"product_cat":[116],"product_tag":[114,155,181],"class_list":{"0":"post-1406","1":"product","2":"type-product","3":"status-publish","4":"has-post-thumbnail","6":"product_cat-rueckenschmerzen","7":"product_tag-rueckenschmerzen","8":"product_tag-nackenverspannungen","9":"product_tag-osteoporose","11":"first","12":"instock","13":"featured","14":"taxable","15":"shipping-taxable","16":"purchasable","17":"product-type-variable"},"acf":[],"yoast_head":"<!-- This site is optimized with the Yoast SEO plugin v27.1.1 - https:\/\/yoast.com\/product\/yoast-seo-wordpress\/ -->\n<title>Dein ganzheitliches R\u00fcckentraining Online Kaufen<\/title>\n<meta name=\"description\" content=\"Werde deine l\u00e4stigen R\u00fcckenschmerzen endlich dauerhaft los mit diesem Video Kurs. Im R\u00fcckentraining lernst du die 25 besten \u00dcbungen.\" \/>\n<meta name=\"robots\" content=\"index, follow, max-snippet:-1, max-image-preview:large, max-video-preview:-1\" \/>\n<link rel=\"canonical\" href=\"https:\/\/www.meine-tcm.com\/fr\/produit\/ton-entrainement-complet-du-dos-1\/\" \/>\n<meta property=\"og:locale\" content=\"fr_FR\" \/>\n<meta property=\"og:type\" content=\"article\" \/>\n<meta property=\"og:title\" content=\"Dein ganzheitliches R\u00fcckentraining Online Kaufen\" \/>\n<meta property=\"og:description\" content=\"Werde deine l\u00e4stigen R\u00fcckenschmerzen endlich dauerhaft los mit diesem Video Kurs. Im R\u00fcckentraining lernst du die 25 besten \u00dcbungen.\" \/>\n<meta property=\"og:url\" content=\"https:\/\/www.meine-tcm.com\/fr\/produit\/ton-entrainement-complet-du-dos-1\/\" \/>\n<meta property=\"og:site_name\" content=\"meine TCM | Traditionelle Chinesische Medizin einfach erkl\u00e4rt\" \/>\n<meta property=\"article:modified_time\" content=\"2026-04-09T08:32:01+00:00\" \/>\n<meta property=\"og:image\" content=\"https:\/\/www.meine-tcm.com\/wp-content\/uploads\/2014\/07\/ganzheitliches-rueckentraining-kurs-01.jpg\" \/>\n\t<meta property=\"og:image:width\" content=\"764\" \/>\n\t<meta property=\"og:image:height\" content=\"1080\" \/>\n\t<meta property=\"og:image:type\" content=\"image\/jpeg\" \/>\n<meta name=\"twitter:card\" content=\"summary_large_image\" \/>\n<meta name=\"twitter:label1\" content=\"Dur\u00e9e de lecture estim\u00e9e\" \/>\n\t<meta name=\"twitter:data1\" content=\"3 minutes\" \/>\n<script type=\"application\/ld+json\" class=\"yoast-schema-graph\">{\"@context\":\"https:\/\/schema.org\",\"@graph\":[{\"@type\":\"WebPage\",\"@id\":\"https:\/\/www.meine-tcm.com\/produkt\/dein-ganzheitliches-rueckentraining-1\/\",\"url\":\"https:\/\/www.meine-tcm.com\/produkt\/dein-ganzheitliches-rueckentraining-1\/\",\"name\":\"Dein ganzheitliches R\u00fcckentraining Online Kaufen\",\"isPartOf\":{\"@id\":\"https:\/\/www.meine-tcm.com\/#website\"},\"primaryImageOfPage\":{\"@id\":\"https:\/\/www.meine-tcm.com\/produkt\/dein-ganzheitliches-rueckentraining-1\/#primaryimage\"},\"image\":{\"@id\":\"https:\/\/www.meine-tcm.com\/produkt\/dein-ganzheitliches-rueckentraining-1\/#primaryimage\"},\"thumbnailUrl\":\"https:\/\/www.meine-tcm.com\/wp-content\/uploads\/2014\/07\/ganzheitliches-rueckentraining-kurs-01.jpg\",\"datePublished\":\"2014-07-06T08:43:57+00:00\",\"dateModified\":\"2026-04-09T08:32:01+00:00\",\"description\":\"Werde deine l\u00e4stigen R\u00fcckenschmerzen endlich dauerhaft los mit diesem Video Kurs. Im R\u00fcckentraining lernst du die 25 besten \u00dcbungen.\",\"breadcrumb\":{\"@id\":\"https:\/\/www.meine-tcm.com\/produkt\/dein-ganzheitliches-rueckentraining-1\/#breadcrumb\"},\"inLanguage\":\"fr-FR\",\"potentialAction\":[{\"@type\":\"ReadAction\",\"target\":[\"https:\/\/www.meine-tcm.com\/produkt\/dein-ganzheitliches-rueckentraining-1\/\"]}]},{\"@type\":\"ImageObject\",\"inLanguage\":\"fr-FR\",\"@id\":\"https:\/\/www.meine-tcm.com\/produkt\/dein-ganzheitliches-rueckentraining-1\/#primaryimage\",\"url\":\"https:\/\/www.meine-tcm.com\/wp-content\/uploads\/2014\/07\/ganzheitliches-rueckentraining-kurs-01.jpg\",\"contentUrl\":\"https:\/\/www.meine-tcm.com\/wp-content\/uploads\/2014\/07\/ganzheitliches-rueckentraining-kurs-01.jpg\",\"width\":764,\"height\":1080,\"caption\":\"Dein ganzheitliches R\u00fcckentraining DVD Kurs\"},{\"@type\":\"BreadcrumbList\",\"@id\":\"https:\/\/www.meine-tcm.com\/produkt\/dein-ganzheitliches-rueckentraining-1\/#breadcrumb\",\"itemListElement\":[{\"@type\":\"ListItem\",\"position\":1,\"name\":\"Home\",\"item\":\"https:\/\/www.meine-tcm.com\/\"},{\"@type\":\"ListItem\",\"position\":2,\"name\":\"Shop\",\"item\":\"https:\/\/www.meine-tcm.com\/shop\/\"},{\"@type\":\"ListItem\",\"position\":3,\"name\":\"R\u00fcckenschmerzen\",\"item\":\"https:\/\/www.meine-tcm.com\/produkte\/rueckenschmerzen\/\"},{\"@type\":\"ListItem\",\"position\":4,\"name\":\"Dein ganzheitliches R\u00fcckentraining\"}]},{\"@type\":\"WebSite\",\"@id\":\"https:\/\/www.meine-tcm.com\/#website\",\"url\":\"https:\/\/www.meine-tcm.com\/\",\"name\":\"meine TCM | Traditionelle Chinesische Medizin einfach erkl\u00e4rt\",\"description\":\"Einfach gesund bleiben\",\"publisher\":{\"@id\":\"https:\/\/www.meine-tcm.com\/#organization\"},\"potentialAction\":[{\"@type\":\"SearchAction\",\"target\":{\"@type\":\"EntryPoint\",\"urlTemplate\":\"https:\/\/www.meine-tcm.com\/?s={search_term_string}\"},\"query-input\":{\"@type\":\"PropertyValueSpecification\",\"valueRequired\":true,\"valueName\":\"search_term_string\"}}],\"inLanguage\":\"fr-FR\"},{\"@type\":\"Organization\",\"@id\":\"https:\/\/www.meine-tcm.com\/#organization\",\"name\":\"meine-TCM.com \u2014 Traditionelle chinesische Medizin einfach erkl\u00e4rt\",\"url\":\"https:\/\/www.meine-tcm.com\/\",\"logo\":{\"@type\":\"ImageObject\",\"inLanguage\":\"fr-FR\",\"@id\":\"https:\/\/www.meine-tcm.com\/#\/schema\/logo\/image\/\",\"url\":\"https:\/\/www.meine-tcm.com\/wp-content\/uploads\/2022\/08\/meine-tcm-traditionelle-chinesische-medizin-einfach-erklaert.png\",\"contentUrl\":\"https:\/\/www.meine-tcm.com\/wp-content\/uploads\/2022\/08\/meine-tcm-traditionelle-chinesische-medizin-einfach-erklaert.png\",\"width\":559,\"height\":479,\"caption\":\"meine-TCM.com \u2014 Traditionelle chinesische Medizin einfach erkl\u00e4rt\"},\"image\":{\"@id\":\"https:\/\/www.meine-tcm.com\/#\/schema\/logo\/image\/\"},\"sameAs\":[\"https:\/\/www.instagram.com\/meinetcm\/\",\"https:\/\/www.youtube.com\/@EinfachbesserLeben\"]}]}<\/script>\n<!-- \/ Yoast SEO plugin. -->","yoast_head_json":{"title":"Ton entra\u00eenement complet du dos Acheter en ligne","description":"D\u00e9barrasse-toi enfin d\u00e9finitivement de tes maux de dos g\u00eanants gr\u00e2ce \u00e0 ce cours vid\u00e9o. Dans l'entra\u00eenement pour le dos, tu apprendras les 25 meilleurs exercices.","robots":{"index":"index","follow":"follow","max-snippet":"max-snippet:-1","max-image-preview":"max-image-preview:large","max-video-preview":"max-video-preview:-1"},"canonical":"https:\/\/www.meine-tcm.com\/fr\/produit\/ton-entrainement-complet-du-dos-1\/","og_locale":"fr_FR","og_type":"article","og_title":"Dein ganzheitliches R\u00fcckentraining Online Kaufen","og_description":"Werde deine l\u00e4stigen R\u00fcckenschmerzen endlich dauerhaft los mit diesem Video Kurs. Im R\u00fcckentraining lernst du die 25 besten \u00dcbungen.","og_url":"https:\/\/www.meine-tcm.com\/fr\/produit\/ton-entrainement-complet-du-dos-1\/","og_site_name":"meine TCM | Traditionelle Chinesische Medizin einfach erkl\u00e4rt","article_modified_time":"2026-04-09T08:32:01+00:00","og_image":[{"width":764,"height":1080,"url":"https:\/\/www.meine-tcm.com\/wp-content\/uploads\/2014\/07\/ganzheitliches-rueckentraining-kurs-01.jpg","type":"image\/jpeg"}],"twitter_card":"summary_large_image","twitter_misc":{"Dur\u00e9e de lecture estim\u00e9e":"3 minutes"},"schema":{"@context":"https:\/\/schema.org","@graph":[{"@type":"WebPage","@id":"https:\/\/www.meine-tcm.com\/produkt\/dein-ganzheitliches-rueckentraining-1\/","url":"https:\/\/www.meine-tcm.com\/produkt\/dein-ganzheitliches-rueckentraining-1\/","name":"Ton entra\u00eenement complet du dos Acheter en ligne","isPartOf":{"@id":"https:\/\/www.meine-tcm.com\/#website"},"primaryImageOfPage":{"@id":"https:\/\/www.meine-tcm.com\/produkt\/dein-ganzheitliches-rueckentraining-1\/#primaryimage"},"image":{"@id":"https:\/\/www.meine-tcm.com\/produkt\/dein-ganzheitliches-rueckentraining-1\/#primaryimage"},"thumbnailUrl":"https:\/\/www.meine-tcm.com\/wp-content\/uploads\/2014\/07\/ganzheitliches-rueckentraining-kurs-01.jpg","datePublished":"2014-07-06T08:43:57+00:00","dateModified":"2026-04-09T08:32:01+00:00","description":"D\u00e9barrasse-toi enfin d\u00e9finitivement de tes maux de dos g\u00eanants gr\u00e2ce \u00e0 ce cours vid\u00e9o. Dans l'entra\u00eenement pour le dos, tu apprendras les 25 meilleurs exercices.","breadcrumb":{"@id":"https:\/\/www.meine-tcm.com\/produkt\/dein-ganzheitliches-rueckentraining-1\/#breadcrumb"},"inLanguage":"fr-FR","potentialAction":[{"@type":"ReadAction","target":["https:\/\/www.meine-tcm.com\/produkt\/dein-ganzheitliches-rueckentraining-1\/"]}]},{"@type":"ImageObject","inLanguage":"fr-FR","@id":"https:\/\/www.meine-tcm.com\/produkt\/dein-ganzheitliches-rueckentraining-1\/#primaryimage","url":"https:\/\/www.meine-tcm.com\/wp-content\/uploads\/2014\/07\/ganzheitliches-rueckentraining-kurs-01.jpg","contentUrl":"https:\/\/www.meine-tcm.com\/wp-content\/uploads\/2014\/07\/ganzheitliches-rueckentraining-kurs-01.jpg","width":764,"height":1080,"caption":"Dein ganzheitliches R\u00fcckentraining DVD Kurs"},{"@type":"BreadcrumbList","@id":"https:\/\/www.meine-tcm.com\/produkt\/dein-ganzheitliches-rueckentraining-1\/#breadcrumb","itemListElement":[{"@type":"ListItem","position":1,"name":"Home","item":"https:\/\/www.meine-tcm.com\/"},{"@type":"ListItem","position":2,"name":"Shop","item":"https:\/\/www.meine-tcm.com\/shop\/"},{"@type":"ListItem","position":3,"name":"R\u00fcckenschmerzen","item":"https:\/\/www.meine-tcm.com\/produkte\/rueckenschmerzen\/"},{"@type":"ListItem","position":4,"name":"Dein ganzheitliches R\u00fcckentraining"}]},{"@type":"WebSite","@id":"https:\/\/www.meine-tcm.com\/#website","url":"https:\/\/www.meine-tcm.com\/","name":"meine MTC | La m\u00e9decine traditionnelle chinoise expliqu\u00e9e simplement","description":"Rester en bonne sant\u00e9, tout simplement","publisher":{"@id":"https:\/\/www.meine-tcm.com\/#organization"},"potentialAction":[{"@type":"SearchAction","target":{"@type":"EntryPoint","urlTemplate":"https:\/\/www.meine-tcm.com\/?s={search_term_string}"},"query-input":{"@type":"PropertyValueSpecification","valueRequired":true,"valueName":"search_term_string"}}],"inLanguage":"fr-FR"},{"@type":"Organization","@id":"https:\/\/www.meine-tcm.com\/#organization","name":"mon-TCM.com - La m\u00e9decine traditionnelle chinoise expliqu\u00e9e simplement","url":"https:\/\/www.meine-tcm.com\/","logo":{"@type":"ImageObject","inLanguage":"fr-FR","@id":"https:\/\/www.meine-tcm.com\/#\/schema\/logo\/image\/","url":"https:\/\/www.meine-tcm.com\/wp-content\/uploads\/2022\/08\/meine-tcm-traditionelle-chinesische-medizin-einfach-erklaert.png","contentUrl":"https:\/\/www.meine-tcm.com\/wp-content\/uploads\/2022\/08\/meine-tcm-traditionelle-chinesische-medizin-einfach-erklaert.png","width":559,"height":479,"caption":"meine-TCM.com \u2014 Traditionelle chinesische Medizin einfach erkl\u00e4rt"},"image":{"@id":"https:\/\/www.meine-tcm.com\/#\/schema\/logo\/image\/"},"sameAs":["https:\/\/www.instagram.com\/meinetcm\/","https:\/\/www.youtube.com\/@EinfachbesserLeben"]}]}},"wps_subtitle":"","_links":{"self":[{"href":"https:\/\/www.meine-tcm.com\/fr\/wp-json\/wp\/v2\/product\/1406","targetHints":{"allow":["GET"]}}],"collection":[{"href":"https:\/\/www.meine-tcm.com\/fr\/wp-json\/wp\/v2\/product"}],"about":[{"href":"https:\/\/www.meine-tcm.com\/fr\/wp-json\/wp\/v2\/types\/product"}],"replies":[{"embeddable":true,"href":"https:\/\/www.meine-tcm.com\/fr\/wp-json\/wp\/v2\/comments?post=1406"}],"wp:featuredmedia":[{"embeddable":true,"href":"https:\/\/www.meine-tcm.com\/fr\/wp-json\/wp\/v2\/media\/1410"}],"wp:attachment":[{"href":"https:\/\/www.meine-tcm.com\/fr\/wp-json\/wp\/v2\/media?parent=1406"}],"wp:term":[{"taxonomy":"product_brand","embeddable":true,"href":"https:\/\/www.meine-tcm.com\/fr\/wp-json\/wp\/v2\/product_brand?post=1406"},{"taxonomy":"product_cat","embeddable":true,"href":"https:\/\/www.meine-tcm.com\/fr\/wp-json\/wp\/v2\/product_cat?post=1406"},{"taxonomy":"product_tag","embeddable":true,"href":"https:\/\/www.meine-tcm.com\/fr\/wp-json\/wp\/v2\/product_tag?post=1406"}],"curies":[{"name":"wp","href":"https:\/\/api.w.org\/{rel}","templated":true}]}}