{"id":1376,"date":"2014-08-09T21:11:51","date_gmt":"2014-08-09T19:11:51","guid":{"rendered":"https:\/\/www.meine-tcm.com\/produkt\/qi-gong-kurs-18-figuren-der-harmonie\/"},"modified":"2026-04-11T17:42:50","modified_gmt":"2026-04-11T15:42:50","slug":"cours-de-qi-gong-18-figures-de-lharmonie","status":"publish","type":"product","link":"https:\/\/www.meine-tcm.com\/fr\/produit\/cours-de-qi-gong-18-figures-de-lharmonie\/","title":{"rendered":"Cours de Qi Gong II - Les 18 figures de l'harmonie"},"content":{"rendered":"<p><strong>Les 18 figures de l'harmonie (<b>Shibashi<\/b>)<\/strong><\/p>\n<p>Les 18 figures de l'harmonie, \u00e9galement appel\u00e9es Shibashi, sont une compilation particuli\u00e8rement belle de 18 exercices de Qi Gong et de Tai Chi. La combinaison des exercices se caract\u00e9rise par le fait qu'elle est tr\u00e8s rythm\u00e9e et esth\u00e9tique.<\/p>\n<p><strong>Le Qi Gong est un art du mouvement originaire de Chine.<\/strong> Gr\u00e2ce au mouvement conscient, \u00e0 la respiration et \u00e0 la concentration mentale, tu peux augmenter ta vitalit\u00e9. Dans ce cours vid\u00e9o, tu trouveras<\/p>\n<ul>\n<li><strong>2 s\u00e9ances d'entra\u00eenement<\/strong>\u00a0avec 27 minutes ou 41 minutes d'entra\u00eenement,<\/li>\n<li><strong>tr\u00e8s d\u00e9taill\u00e9<\/strong>\u00a0Instructions pour les exercices,<\/li>\n<li><strong>Infos de fond<\/strong>\u00a0sur la m\u00e9decine traditionnelle chinoise, etc.<\/li>\n<li><strong>Les exercices<\/strong>\u00a0sont adapt\u00e9s \u00e0 tous les \u00e2ges et \u00e0 tous les niveaux de forme physique.<\/li>\n<\/ul>\n<p><strong>Contenu :<\/strong><\/p>\n<p>La partie informative et int\u00e9ressante sur les informations permet de conna\u00eetre les tenants et aboutissants de la MTC, du Qi Gong et des 18 figures de l'harmonie. Les 18 exercices sont expliqu\u00e9s de mani\u00e8re tr\u00e8s d\u00e9taill\u00e9e. Pour l'entra\u00eenement quotidien, tu as le choix entre deux programmes d'exercices de longueurs diff\u00e9rentes.<\/p>\n<p><strong>Facts :<\/strong><\/p>\n<p>Wolfgang Stemer est un praticien de shiatsu, un entra\u00eeneur de fitness, un entra\u00eeneur de pilate, un enseignant de qi gong ainsi qu'un th\u00e9rapeute de MTC avec 20 ans d'exp\u00e9rience pratique dans le travail avec les gens et dans l'enseignement.<\/p>\n<p>Ce cours vid\u00e9o peut \u00eatre suivi sans probl\u00e8me m\u00eame sans le \"Cours de Qi Gong moderne 1\". Les deux parties ne se basent pas l'une sur l'autre, mais se compl\u00e8tent.<\/p>\n<ul>\n<li><strong>Acteurs<\/strong>: Wolfgang Stemer<\/li>\n<li><strong>Producteurs<\/strong>: EBL Media Production OG<\/li>\n<li><strong>Langue :<\/strong>\u00a0Allemand (Dolby Digital 2.0 st\u00e9r\u00e9o)<\/li>\n<li><strong>La r\u00e9gion :<\/strong>\u00a0R\u00e9gion 2<\/li>\n<li><strong>FSK :<\/strong>\u00a0Programme d'information<\/li>\n<li><strong>Ann\u00e9e de production :<\/strong>\u00a02017<\/li>\n<li><strong>Dur\u00e9e du jeu :<\/strong>\u00a0240,00 minutes<\/li>\n<\/ul>\n<div class=\"video video-fit mb\" style=\"padding-top:56.25%;\"><p><iframe loading=\"lazy\" title=\"Le cours de Qi Gong moderne 2 - Les 18 figures de l&#039;harmonie - Taiji Qigong - Shibashi (bande-annonce)\" width=\"1020\" height=\"574\" src=\"https:\/\/www.youtube.com\/embed\/xVNWMe4jfCc?feature=oembed\" frameborder=\"0\" allow=\"accelerometer; autoplay; clipboard-write; encrypted-media; gyroscope; picture-in-picture\" allowfullscreen><\/iframe><\/p>\n<\/div>\n\t<div id=\"gap-945770444\" class=\"gap-element clearfix\" style=\"display:block; height:auto;\">\n\t\t\n<style>\n#gap-945770444 {\n  padding-top: 30px;\n}\n<\/style>\n\t<\/div>\n\t\n<h2>Les 18 figures de l'harmonie - Le cours de Qi Gong moderne II<\/h2>\n<h3>Table des mati\u00e8res :<\/h3>\n<ul>\n<li><strong>INTRODUCTION<\/strong>...Shibashi - les 18 figures de l'harmonie expliqu\u00e9es en bref<\/li>\n<li><strong>VUE D'ENSEMBLE<\/strong>...br\u00e8ve introduction au cours de Qi Gong<\/li>\n<li><strong>MTC<\/strong>...qu'est-ce que la m\u00e9decine traditionnelle chinoise ?<\/li>\n<li><strong>LES PRINCIPES DU QI GONG<\/strong>...la respiration, la posture et la concentration<\/li>\n<li><strong>D\u00c9CLARATION D'EXERCICE <\/strong>...les 8 exercices expliqu\u00e9s en d\u00e9tail<\/li>\n<li><strong>WORKOUT I<\/strong> (40 minutes)...s\u00e9quence compl\u00e8te en 40 minutes<\/li>\n<li><strong>WORKOUT II<\/strong> (27 minutes)...s\u00e9quence compl\u00e8te en 27 minutes<\/li>\n<li><strong>MOTIVATION <\/strong>...instructions pour les exercices et motivation<strong><br \/>\n<\/strong><\/li>\n<li>Dur\u00e9e environ 238 minutes<\/li>\n<\/ul>","protected":false},"excerpt":{"rendered":"<p>Les 18 figures de l'harmonie sont une compilation particuli\u00e8rement belle de 18 exercices de Qi Gong et de Tai Chi. La combinaison des exercices se caract\u00e9rise par le fait qu'elle est tr\u00e8s rythm\u00e9e et esth\u00e9tique. <strong>Le Qi Gong est un art du mouvement originaire de Chine.<\/strong>\u00a0Gr\u00e2ce au mouvement conscient, \u00e0 la respiration et \u00e0 la concentration mentale, tu peux augmenter ta vitalit\u00e9.<\/p>\n<p>Dans notre cours en ligne, tu trouveras entre autres<\/p>\n<ul>\n<li><strong>2 s\u00e9ances d'entra\u00eenement<\/strong>\u00a0avec 27 minutes ou 41 minutes d'entra\u00eenement,<\/li>\n<li><strong>tr\u00e8s d\u00e9taill\u00e9<\/strong>\u00a0Instructions pour les exercices,<\/li>\n<li><strong>Infos de fond<\/strong>\u00a0sur la m\u00e9decine traditionnelle chinoise, etc.<\/li>\n<li><strong>Les exercices<\/strong>\u00a0sont adapt\u00e9s \u00e0 tous les \u00e2ges et \u00e0 tous les niveaux de forme physique.<\/li>\n<\/ul>","protected":false},"featured_media":1379,"comment_status":"open","ping_status":"closed","template":"","meta":{"_acf_changed":false},"product_brand":[],"product_cat":[103],"product_tag":[134,143,149,169,170],"class_list":{"0":"post-1376","1":"product","2":"type-product","3":"status-publish","4":"has-post-thumbnail","6":"product_cat-qi-gong","7":"product_tag-immunsystem","8":"product_tag-stressabbau-und-entspannung","9":"product_tag-energieaufbau","10":"product_tag-gesund-bleiben","11":"product_tag-rastlosigkeit","13":"first","14":"instock","15":"featured","16":"taxable","17":"shipping-taxable","18":"purchasable","19":"product-type-variable"},"acf":[],"yoast_head":"<!-- This site is optimized with the Yoast SEO plugin v27.1.1 - https:\/\/yoast.com\/product\/yoast-seo-wordpress\/ -->\n<title>Qi Gong Kurs: Die 18 Figuren der Harmonie \u2014 Shibashi<\/title>\n<meta name=\"description\" content=\"Der Qi Gong Kurs ist komplett in Videoform aufgebaut. Alle 18 \u00dcbungen werden sehr detailliert vorgezeigt (auch als App verf\u00fcgbar).\" \/>\n<meta name=\"robots\" content=\"index, follow, max-snippet:-1, max-image-preview:large, max-video-preview:-1\" \/>\n<link rel=\"canonical\" href=\"https:\/\/www.meine-tcm.com\/fr\/produit\/cours-de-qi-gong-18-figures-de-lharmonie\/\" \/>\n<meta property=\"og:locale\" content=\"fr_FR\" \/>\n<meta property=\"og:type\" content=\"article\" \/>\n<meta property=\"og:title\" content=\"Qi Gong Kurs: Die 18 Figuren der Harmonie \u2014 Shibashi\" \/>\n<meta property=\"og:description\" content=\"Mit diesem Qi Gong Kurs lernst du die 18 Figuren der Harmonie (Shibashi). Alle 18 \u00dcbungen werden sehr detailliert vorgezeigt. Der Kurs ist komplett in Videoform aufgebaut. Verf\u00fcgbar als DVD, zum Online ansehen oder als App.\" \/>\n<meta property=\"og:url\" content=\"https:\/\/www.meine-tcm.com\/fr\/produit\/cours-de-qi-gong-18-figures-de-lharmonie\/\" \/>\n<meta property=\"og:site_name\" content=\"meine TCM | Traditionelle Chinesische Medizin einfach erkl\u00e4rt\" \/>\n<meta property=\"article:modified_time\" content=\"2026-04-11T15:42:50+00:00\" \/>\n<meta property=\"og:image\" content=\"https:\/\/www.meine-tcm.com\/wp-content\/uploads\/2014\/08\/qi-gong-kurs-18-figuren-der-harmonie-03.jpg\" \/>\n\t<meta property=\"og:image:width\" content=\"764\" \/>\n\t<meta property=\"og:image:height\" content=\"1080\" \/>\n\t<meta property=\"og:image:type\" content=\"image\/jpeg\" \/>\n<meta name=\"twitter:card\" content=\"summary_large_image\" \/>\n<meta name=\"twitter:title\" content=\"Qi Gong Kurs: Die 18 Figuren der Harmonie \u2014 Shibashi\" \/>\n<meta name=\"twitter:description\" content=\"Mit diesem Qi Gong Kurs lernst du die 18 Figuren der Harmonie (Shibashi). Alle 18 \u00dcbungen werden sehr detailliert vorgezeigt. Der Kurs ist komplett in Videoform aufgebaut. Verf\u00fcgbar als DVD, zum Online ansehen oder als App.\" \/>\n<meta name=\"twitter:image\" content=\"https:\/\/www.meine-tcm.com\/wp-content\/uploads\/2014\/08\/qi-gong-kurs-18-figuren-der-harmonie-03.jpg\" \/>\n<meta name=\"twitter:label1\" content=\"Dur\u00e9e de lecture estim\u00e9e\" \/>\n\t<meta name=\"twitter:data1\" content=\"2 minutes\" \/>\n<script type=\"application\/ld+json\" class=\"yoast-schema-graph\">{\"@context\":\"https:\/\/schema.org\",\"@graph\":[{\"@type\":\"WebPage\",\"@id\":\"https:\/\/www.meine-tcm.com\/produkt\/qi-gong-kurs-18-figuren-der-harmonie\/\",\"url\":\"https:\/\/www.meine-tcm.com\/produkt\/qi-gong-kurs-18-figuren-der-harmonie\/\",\"name\":\"Qi Gong Kurs: Die 18 Figuren der Harmonie \u2014 Shibashi\",\"isPartOf\":{\"@id\":\"https:\/\/www.meine-tcm.com\/#website\"},\"primaryImageOfPage\":{\"@id\":\"https:\/\/www.meine-tcm.com\/produkt\/qi-gong-kurs-18-figuren-der-harmonie\/#primaryimage\"},\"image\":{\"@id\":\"https:\/\/www.meine-tcm.com\/produkt\/qi-gong-kurs-18-figuren-der-harmonie\/#primaryimage\"},\"thumbnailUrl\":\"https:\/\/www.meine-tcm.com\/wp-content\/uploads\/2014\/08\/qi-gong-kurs-18-figuren-der-harmonie-01.jpg\",\"datePublished\":\"2014-08-09T19:11:51+00:00\",\"dateModified\":\"2026-04-11T15:42:50+00:00\",\"description\":\"Der Qi Gong Kurs ist komplett in Videoform aufgebaut. Alle 18 \u00dcbungen werden sehr detailliert vorgezeigt (auch als App verf\u00fcgbar).\",\"breadcrumb\":{\"@id\":\"https:\/\/www.meine-tcm.com\/produkt\/qi-gong-kurs-18-figuren-der-harmonie\/#breadcrumb\"},\"inLanguage\":\"fr-FR\",\"potentialAction\":[{\"@type\":\"ReadAction\",\"target\":[\"https:\/\/www.meine-tcm.com\/produkt\/qi-gong-kurs-18-figuren-der-harmonie\/\"]}]},{\"@type\":\"ImageObject\",\"inLanguage\":\"fr-FR\",\"@id\":\"https:\/\/www.meine-tcm.com\/produkt\/qi-gong-kurs-18-figuren-der-harmonie\/#primaryimage\",\"url\":\"https:\/\/www.meine-tcm.com\/wp-content\/uploads\/2014\/08\/qi-gong-kurs-18-figuren-der-harmonie-01.jpg\",\"contentUrl\":\"https:\/\/www.meine-tcm.com\/wp-content\/uploads\/2014\/08\/qi-gong-kurs-18-figuren-der-harmonie-01.jpg\",\"width\":764,\"height\":1080,\"caption\":\"Qi Qong Kurs - Die 18 Figuren der Harmonie\"},{\"@type\":\"BreadcrumbList\",\"@id\":\"https:\/\/www.meine-tcm.com\/produkt\/qi-gong-kurs-18-figuren-der-harmonie\/#breadcrumb\",\"itemListElement\":[{\"@type\":\"ListItem\",\"position\":1,\"name\":\"Home\",\"item\":\"https:\/\/www.meine-tcm.com\/\"},{\"@type\":\"ListItem\",\"position\":2,\"name\":\"Shop\",\"item\":\"https:\/\/www.meine-tcm.com\/shop\/\"},{\"@type\":\"ListItem\",\"position\":3,\"name\":\"Qi Gong\",\"item\":\"https:\/\/www.meine-tcm.com\/produkte\/qi-gong\/\"},{\"@type\":\"ListItem\",\"position\":4,\"name\":\"Qi Gong Kurs II \u2014 Die 18 Figuren der Harmonie\"}]},{\"@type\":\"WebSite\",\"@id\":\"https:\/\/www.meine-tcm.com\/#website\",\"url\":\"https:\/\/www.meine-tcm.com\/\",\"name\":\"meine TCM | Traditionelle Chinesische Medizin einfach erkl\u00e4rt\",\"description\":\"Einfach gesund bleiben\",\"publisher\":{\"@id\":\"https:\/\/www.meine-tcm.com\/#organization\"},\"potentialAction\":[{\"@type\":\"SearchAction\",\"target\":{\"@type\":\"EntryPoint\",\"urlTemplate\":\"https:\/\/www.meine-tcm.com\/?s={search_term_string}\"},\"query-input\":{\"@type\":\"PropertyValueSpecification\",\"valueRequired\":true,\"valueName\":\"search_term_string\"}}],\"inLanguage\":\"fr-FR\"},{\"@type\":\"Organization\",\"@id\":\"https:\/\/www.meine-tcm.com\/#organization\",\"name\":\"meine-TCM.com \u2014 Traditionelle chinesische Medizin einfach erkl\u00e4rt\",\"url\":\"https:\/\/www.meine-tcm.com\/\",\"logo\":{\"@type\":\"ImageObject\",\"inLanguage\":\"fr-FR\",\"@id\":\"https:\/\/www.meine-tcm.com\/#\/schema\/logo\/image\/\",\"url\":\"https:\/\/www.meine-tcm.com\/wp-content\/uploads\/2022\/08\/meine-tcm-traditionelle-chinesische-medizin-einfach-erklaert.png\",\"contentUrl\":\"https:\/\/www.meine-tcm.com\/wp-content\/uploads\/2022\/08\/meine-tcm-traditionelle-chinesische-medizin-einfach-erklaert.png\",\"width\":559,\"height\":479,\"caption\":\"meine-TCM.com \u2014 Traditionelle chinesische Medizin einfach erkl\u00e4rt\"},\"image\":{\"@id\":\"https:\/\/www.meine-tcm.com\/#\/schema\/logo\/image\/\"},\"sameAs\":[\"https:\/\/www.instagram.com\/meinetcm\/\",\"https:\/\/www.youtube.com\/@EinfachbesserLeben\"]}]}<\/script>\n<!-- \/ Yoast SEO plugin. -->","yoast_head_json":{"title":"Cours de Qi Gong : Les 18 figures de l'harmonie - Shibashi","description":"Le cours de Qi Gong est enti\u00e8rement con\u00e7u sous forme de vid\u00e9o. Les 18 exercices sont montr\u00e9s de mani\u00e8re tr\u00e8s d\u00e9taill\u00e9e (\u00e9galement disponible sous forme d'application).","robots":{"index":"index","follow":"follow","max-snippet":"max-snippet:-1","max-image-preview":"max-image-preview:large","max-video-preview":"max-video-preview:-1"},"canonical":"https:\/\/www.meine-tcm.com\/fr\/produit\/cours-de-qi-gong-18-figures-de-lharmonie\/","og_locale":"fr_FR","og_type":"article","og_title":"Qi Gong Kurs: Die 18 Figuren der Harmonie \u2014 Shibashi","og_description":"Mit diesem Qi Gong Kurs lernst du die 18 Figuren der Harmonie (Shibashi). Alle 18 \u00dcbungen werden sehr detailliert vorgezeigt. Der Kurs ist komplett in Videoform aufgebaut. Verf\u00fcgbar als DVD, zum Online ansehen oder als App.","og_url":"https:\/\/www.meine-tcm.com\/fr\/produit\/cours-de-qi-gong-18-figures-de-lharmonie\/","og_site_name":"meine TCM | Traditionelle Chinesische Medizin einfach erkl\u00e4rt","article_modified_time":"2026-04-11T15:42:50+00:00","og_image":[{"width":764,"height":1080,"url":"https:\/\/www.meine-tcm.com\/wp-content\/uploads\/2014\/08\/qi-gong-kurs-18-figuren-der-harmonie-03.jpg","type":"image\/jpeg"}],"twitter_card":"summary_large_image","twitter_title":"Qi Gong Kurs: Die 18 Figuren der Harmonie \u2014 Shibashi","twitter_description":"Mit diesem Qi Gong Kurs lernst du die 18 Figuren der Harmonie (Shibashi). Alle 18 \u00dcbungen werden sehr detailliert vorgezeigt. Der Kurs ist komplett in Videoform aufgebaut. Verf\u00fcgbar als DVD, zum Online ansehen oder als App.","twitter_image":"https:\/\/www.meine-tcm.com\/wp-content\/uploads\/2014\/08\/qi-gong-kurs-18-figuren-der-harmonie-03.jpg","twitter_misc":{"Dur\u00e9e de lecture estim\u00e9e":"2 minutes"},"schema":{"@context":"https:\/\/schema.org","@graph":[{"@type":"WebPage","@id":"https:\/\/www.meine-tcm.com\/produkt\/qi-gong-kurs-18-figuren-der-harmonie\/","url":"https:\/\/www.meine-tcm.com\/produkt\/qi-gong-kurs-18-figuren-der-harmonie\/","name":"Cours de Qi Gong : Les 18 figures de l'harmonie - Shibashi","isPartOf":{"@id":"https:\/\/www.meine-tcm.com\/#website"},"primaryImageOfPage":{"@id":"https:\/\/www.meine-tcm.com\/produkt\/qi-gong-kurs-18-figuren-der-harmonie\/#primaryimage"},"image":{"@id":"https:\/\/www.meine-tcm.com\/produkt\/qi-gong-kurs-18-figuren-der-harmonie\/#primaryimage"},"thumbnailUrl":"https:\/\/www.meine-tcm.com\/wp-content\/uploads\/2014\/08\/qi-gong-kurs-18-figuren-der-harmonie-01.jpg","datePublished":"2014-08-09T19:11:51+00:00","dateModified":"2026-04-11T15:42:50+00:00","description":"Le cours de Qi Gong est enti\u00e8rement con\u00e7u sous forme de vid\u00e9o. Les 18 exercices sont montr\u00e9s de mani\u00e8re tr\u00e8s d\u00e9taill\u00e9e (\u00e9galement disponible sous forme d'application).","breadcrumb":{"@id":"https:\/\/www.meine-tcm.com\/produkt\/qi-gong-kurs-18-figuren-der-harmonie\/#breadcrumb"},"inLanguage":"fr-FR","potentialAction":[{"@type":"ReadAction","target":["https:\/\/www.meine-tcm.com\/produkt\/qi-gong-kurs-18-figuren-der-harmonie\/"]}]},{"@type":"ImageObject","inLanguage":"fr-FR","@id":"https:\/\/www.meine-tcm.com\/produkt\/qi-gong-kurs-18-figuren-der-harmonie\/#primaryimage","url":"https:\/\/www.meine-tcm.com\/wp-content\/uploads\/2014\/08\/qi-gong-kurs-18-figuren-der-harmonie-01.jpg","contentUrl":"https:\/\/www.meine-tcm.com\/wp-content\/uploads\/2014\/08\/qi-gong-kurs-18-figuren-der-harmonie-01.jpg","width":764,"height":1080,"caption":"Qi Qong Kurs - Die 18 Figuren der Harmonie"},{"@type":"BreadcrumbList","@id":"https:\/\/www.meine-tcm.com\/produkt\/qi-gong-kurs-18-figuren-der-harmonie\/#breadcrumb","itemListElement":[{"@type":"ListItem","position":1,"name":"Home","item":"https:\/\/www.meine-tcm.com\/"},{"@type":"ListItem","position":2,"name":"Shop","item":"https:\/\/www.meine-tcm.com\/shop\/"},{"@type":"ListItem","position":3,"name":"Qi Gong","item":"https:\/\/www.meine-tcm.com\/produkte\/qi-gong\/"},{"@type":"ListItem","position":4,"name":"Qi Gong Kurs II \u2014 Die 18 Figuren der Harmonie"}]},{"@type":"WebSite","@id":"https:\/\/www.meine-tcm.com\/#website","url":"https:\/\/www.meine-tcm.com\/","name":"meine MTC | La m\u00e9decine traditionnelle chinoise expliqu\u00e9e simplement","description":"Rester en bonne sant\u00e9, tout simplement","publisher":{"@id":"https:\/\/www.meine-tcm.com\/#organization"},"potentialAction":[{"@type":"SearchAction","target":{"@type":"EntryPoint","urlTemplate":"https:\/\/www.meine-tcm.com\/?s={search_term_string}"},"query-input":{"@type":"PropertyValueSpecification","valueRequired":true,"valueName":"search_term_string"}}],"inLanguage":"fr-FR"},{"@type":"Organization","@id":"https:\/\/www.meine-tcm.com\/#organization","name":"mon-TCM.com - La m\u00e9decine traditionnelle chinoise expliqu\u00e9e simplement","url":"https:\/\/www.meine-tcm.com\/","logo":{"@type":"ImageObject","inLanguage":"fr-FR","@id":"https:\/\/www.meine-tcm.com\/#\/schema\/logo\/image\/","url":"https:\/\/www.meine-tcm.com\/wp-content\/uploads\/2022\/08\/meine-tcm-traditionelle-chinesische-medizin-einfach-erklaert.png","contentUrl":"https:\/\/www.meine-tcm.com\/wp-content\/uploads\/2022\/08\/meine-tcm-traditionelle-chinesische-medizin-einfach-erklaert.png","width":559,"height":479,"caption":"meine-TCM.com \u2014 Traditionelle chinesische Medizin einfach erkl\u00e4rt"},"image":{"@id":"https:\/\/www.meine-tcm.com\/#\/schema\/logo\/image\/"},"sameAs":["https:\/\/www.instagram.com\/meinetcm\/","https:\/\/www.youtube.com\/@EinfachbesserLeben"]}]}},"wps_subtitle":"","_links":{"self":[{"href":"https:\/\/www.meine-tcm.com\/fr\/wp-json\/wp\/v2\/product\/1376","targetHints":{"allow":["GET"]}}],"collection":[{"href":"https:\/\/www.meine-tcm.com\/fr\/wp-json\/wp\/v2\/product"}],"about":[{"href":"https:\/\/www.meine-tcm.com\/fr\/wp-json\/wp\/v2\/types\/product"}],"replies":[{"embeddable":true,"href":"https:\/\/www.meine-tcm.com\/fr\/wp-json\/wp\/v2\/comments?post=1376"}],"wp:featuredmedia":[{"embeddable":true,"href":"https:\/\/www.meine-tcm.com\/fr\/wp-json\/wp\/v2\/media\/1379"}],"wp:attachment":[{"href":"https:\/\/www.meine-tcm.com\/fr\/wp-json\/wp\/v2\/media?parent=1376"}],"wp:term":[{"taxonomy":"product_brand","embeddable":true,"href":"https:\/\/www.meine-tcm.com\/fr\/wp-json\/wp\/v2\/product_brand?post=1376"},{"taxonomy":"product_cat","embeddable":true,"href":"https:\/\/www.meine-tcm.com\/fr\/wp-json\/wp\/v2\/product_cat?post=1376"},{"taxonomy":"product_tag","embeddable":true,"href":"https:\/\/www.meine-tcm.com\/fr\/wp-json\/wp\/v2\/product_tag?post=1376"}],"curies":[{"name":"wp","href":"https:\/\/api.w.org\/{rel}","templated":true}]}}