{"id":1368,"date":"2014-08-09T22:18:44","date_gmt":"2014-08-09T20:18:44","guid":{"rendered":"https:\/\/www.meine-tcm.com\/produkt\/qi-gong-fuer-anfaenger\/"},"modified":"2026-04-13T10:34:42","modified_gmt":"2026-04-13T08:34:42","slug":"qi-gong-pour-debutants-et-legerement-avances","status":"publish","type":"product","link":"https:\/\/www.meine-tcm.com\/fr\/produkt\/qi-gong-fuer-anfaenger-und-leicht-fortgeschrittene\/","title":{"rendered":"Cours de Qi Gong pour d\u00e9butants et l\u00e9g\u00e8rement avanc\u00e9s"},"content":{"rendered":"<h2><strong>Cours de Qi Gong pour d\u00e9butants<\/strong><\/h2>\n<h3>Les 8 meilleurs exercices de Qi Gong pour d\u00e9butants<\/h3>\n<p><strong>Qi Gong<\/strong> est un art du mouvement originaire de Chine. L'objectif est d'augmenter et d'harmoniser l'\u00e9nergie vitale. Pour cela, des mouvements doux sont combin\u00e9s avec une respiration consciente. Gr\u00e2ce \u00e0 cet entra\u00eenement concentr\u00e9, on obtient \u00e9galement une relaxation profonde du syst\u00e8me nerveux, avec des effets positifs sur tout le corps et bien s\u00fbr aussi sur l'esprit. <strong>Qi Gong<\/strong> il a \u00e9t\u00e9 prouv\u00e9 que cela aide \u00e0 r\u00e9duire le stress et que tu te sens plus \u00e9quilibr\u00e9 \u00e9motionnellement apr\u00e8s l'entra\u00eenement.<\/p>\n<p>Quel que soit ton \u00e2ge ou ta forme physique, ce cours est un entra\u00eenement parfait pour r\u00e9duire le stress, mais aussi pour renforcer durablement ta vitalit\u00e9 et ta sant\u00e9.<\/p>\n<h3><strong>Pourquoi le Qi Gong pour les d\u00e9butants :<\/strong><\/h3>\n<ul>\n<li>Le Qi Gong renforce ton corps.<\/li>\n<li>En m\u00eame temps, le Qi Gong te rend plus souple et plus flexible.<\/li>\n<li>En pratiquant le Qi Gong, tu apprends \u00e0 adopter une posture saine, \u00e0 assouplir et \u00e0 d\u00e9tendre les muscles et le dos.<\/li>\n<li>Tu apprendras \u00e0 contr\u00f4ler ta respiration et tu respireras plus lentement, plus calmement et plus puissamment.<\/li>\n<li>Tu t'approvisionnes suffisamment en oxyg\u00e8ne, ce qui augmente ta vitalit\u00e9.<\/li>\n<li>Tu d\u00e9veloppes un sentiment de paix int\u00e9rieure et d'\u00e9quilibre.<\/li>\n<\/ul>\n<p>&nbsp;<\/p>\n<div class=\"video video-fit mb\" style=\"padding-top:56.25%;\"><p><iframe loading=\"lazy\" title=\"NOUVEAU : Cours vid\u00e9o de QI GONG pour d\u00e9butants\" width=\"1020\" height=\"574\" src=\"https:\/\/www.youtube.com\/embed\/3BkS5qvc9TY?feature=oembed\" frameborder=\"0\" allow=\"accelerometer; autoplay; clipboard-write; encrypted-media; gyroscope; picture-in-picture\" allowfullscreen><\/iframe><\/p>\n<\/div>\n<p>&nbsp;<\/p>\n<h3><strong>Table des mati\u00e8res :<\/strong><\/h3>\n<ul>\n<li><strong>INTRODUCTION<\/strong>...qu'est-ce que le Qi Gong et la MTC (m\u00e9decine traditionnelle chinoise)<\/li>\n<li><strong>VUE D'ENSEMBLE<\/strong>...ce qui t'attend dans ce cours vid\u00e9o<\/li>\n<li><strong>NEI GONG<\/strong>...le Qi Gong silencieux expliqu\u00e9 en bref<\/li>\n<li><strong>POURQUOI QI GONG <\/strong>...les effets des exercices de Qi Gong<\/li>\n<li><strong>LES PRINCIPES DU QI GONG <\/strong>...la respiration, la posture et la concentration<\/li>\n<li><strong>WORKOUT COURT<\/strong> (17 minutes)<\/li>\n<li><strong>WORKOUT LONG<\/strong> (25 minutes)<\/li>\n<li><strong>NEI GONG <\/strong>...le qi gong silencieux \u00e0 pratiquer<\/li>\n<li><strong>MOTIVATION <\/strong>...instructions pour les exercices et motivation<strong><br \/>\n<\/strong><\/li>\n<li><strong>D\u00c9CLARATION D'EXERCICE <\/strong>...les 8 exercices expliqu\u00e9s en d\u00e9tail<strong><br \/>\n<\/strong><\/li>\n<li>Dur\u00e9e environ 120 minutes<\/li>\n<\/ul>","protected":false},"excerpt":{"rendered":"<p>Dans ce cours, tu apprendras les 8 meilleurs exercices de Qi Gong pour d\u00e9butants. Les exercices sont simples mais tr\u00e8s efficaces. Ils sont expliqu\u00e9s de mani\u00e8re tr\u00e8s d\u00e9taill\u00e9e dans plusieurs vid\u00e9os, comme ce serait le cas dans une formation individuelle. Les 8 exercices de Qi Gong ont fait leurs preuves dans le travail pratique avec des personnes de tous \u00e2ges.<\/p>\n<p>Ces <strong>Exercices de qi gong<\/strong> sont aussi pour <strong>Facile \u00e0 apprendre pour les d\u00e9butants<\/strong>.<\/p>","protected":false},"featured_media":1371,"comment_status":"open","ping_status":"closed","template":"","meta":{"_acf_changed":false},"product_brand":[],"product_cat":[103],"product_tag":[127,139,145,160,161,162,163,164],"class_list":{"0":"post-1368","1":"product","2":"type-product","3":"status-publish","4":"has-post-thumbnail","6":"product_cat-qi-gong","7":"product_tag-anti-aging","8":"product_tag-psychische-ausgeglichenheit","9":"product_tag-yin-yang-ausgleich","10":"product_tag-abnehmen","11":"product_tag-gedankenkreisen","12":"product_tag-kalte-haende-und-fuesse","13":"product_tag-reizbarkeit","14":"product_tag-uebergewicht","16":"first","17":"instock","18":"featured","19":"taxable","20":"shipping-taxable","21":"purchasable","22":"product-type-variable"},"acf":[],"yoast_head":"<!-- This site is optimized with the Yoast SEO plugin v27.3 - https:\/\/yoast.com\/product\/yoast-seo-wordpress\/ -->\n<title>Qi Gong Kurs f\u00fcr Anf\u00e4nger und leicht Fortgeschrittene<\/title>\n<meta name=\"description\" content=\"Mit diesem Qi Gong Kurs lernst du Qi Gong von Grund auf. Der Kurs ist als DVD, zum Online Ansehen oder als App (Apple und Google) verf\u00fcgbar.\" \/>\n<meta name=\"robots\" content=\"index, follow, max-snippet:-1, max-image-preview:large, max-video-preview:-1\" \/>\n<link rel=\"canonical\" href=\"https:\/\/www.meine-tcm.com\/fr\/produit\/qi-gong-pour-debutants-et-legerement-avances\/\" \/>\n<meta property=\"og:locale\" content=\"fr_FR\" \/>\n<meta property=\"og:type\" content=\"article\" \/>\n<meta property=\"og:title\" content=\"Qi Gong Kurs f\u00fcr Anf\u00e4nger und leicht Fortgeschrittene\" \/>\n<meta property=\"og:description\" content=\"Mit diesem Qi Gong Kurs lernst du Qi Gong von Grund auf. Der Kurs ist als DVD, zum Online Ansehen oder als App im Apple App Store und Google Play Store verf\u00fcgbar.\" \/>\n<meta property=\"og:url\" content=\"https:\/\/www.meine-tcm.com\/fr\/produit\/qi-gong-pour-debutants-et-legerement-avances\/\" \/>\n<meta property=\"og:site_name\" content=\"meine TCM | Traditionelle Chinesische Medizin einfach erkl\u00e4rt\" \/>\n<meta property=\"article:modified_time\" content=\"2026-04-13T08:34:42+00:00\" \/>\n<meta property=\"og:image\" content=\"https:\/\/www.meine-tcm.com\/wp-content\/uploads\/2014\/08\/qi-gong-kurs-fuer-anfaenger-04-1.jpg\" \/>\n\t<meta property=\"og:image:width\" content=\"764\" \/>\n\t<meta property=\"og:image:height\" content=\"1080\" \/>\n\t<meta property=\"og:image:type\" content=\"image\/jpeg\" \/>\n<meta name=\"twitter:card\" content=\"summary_large_image\" \/>\n<meta name=\"twitter:title\" content=\"Qi Gong Kurs f\u00fcr Anf\u00e4nger und leicht Fortgeschrittene\" \/>\n<meta name=\"twitter:description\" content=\"Mit diesem Qi Gong Kurs lernst du Qi Gong von Grund auf. Der Kurs ist als DVD, zum Online Ansehen oder als App im Apple App Store und Google Play Store verf\u00fcgbar.\" \/>\n<meta name=\"twitter:image\" content=\"https:\/\/www.meine-tcm.com\/wp-content\/uploads\/2014\/08\/qi-gong-kurs-fuer-anfaenger-04-1.jpg\" \/>\n<meta name=\"twitter:label1\" content=\"Dur\u00e9e de lecture estim\u00e9e\" \/>\n\t<meta name=\"twitter:data1\" content=\"1 minute\" \/>\n<script type=\"application\/ld+json\" class=\"yoast-schema-graph\">{\"@context\":\"https:\\\/\\\/schema.org\",\"@graph\":[{\"@type\":\"WebPage\",\"@id\":\"https:\\\/\\\/www.meine-tcm.com\\\/produkt\\\/qi-gong-fuer-anfaenger-und-leicht-fortgeschrittene\\\/\",\"url\":\"https:\\\/\\\/www.meine-tcm.com\\\/produkt\\\/qi-gong-fuer-anfaenger-und-leicht-fortgeschrittene\\\/\",\"name\":\"Qi Gong Kurs f\u00fcr Anf\u00e4nger und leicht Fortgeschrittene\",\"isPartOf\":{\"@id\":\"https:\\\/\\\/www.meine-tcm.com\\\/#website\"},\"primaryImageOfPage\":{\"@id\":\"https:\\\/\\\/www.meine-tcm.com\\\/produkt\\\/qi-gong-fuer-anfaenger-und-leicht-fortgeschrittene\\\/#primaryimage\"},\"image\":{\"@id\":\"https:\\\/\\\/www.meine-tcm.com\\\/produkt\\\/qi-gong-fuer-anfaenger-und-leicht-fortgeschrittene\\\/#primaryimage\"},\"thumbnailUrl\":\"https:\\\/\\\/www.meine-tcm.com\\\/wp-content\\\/uploads\\\/2014\\\/08\\\/1cover-qi-gong-fuer-anfaenger.jpg\",\"datePublished\":\"2014-08-09T20:18:44+00:00\",\"dateModified\":\"2026-04-13T08:34:42+00:00\",\"description\":\"Mit diesem Qi Gong Kurs lernst du Qi Gong von Grund auf. Der Kurs ist als DVD, zum Online Ansehen oder als App (Apple und Google) verf\u00fcgbar.\",\"breadcrumb\":{\"@id\":\"https:\\\/\\\/www.meine-tcm.com\\\/produkt\\\/qi-gong-fuer-anfaenger-und-leicht-fortgeschrittene\\\/#breadcrumb\"},\"inLanguage\":\"fr-FR\",\"potentialAction\":[{\"@type\":\"ReadAction\",\"target\":[\"https:\\\/\\\/www.meine-tcm.com\\\/produkt\\\/qi-gong-fuer-anfaenger-und-leicht-fortgeschrittene\\\/\"]}]},{\"@type\":\"ImageObject\",\"inLanguage\":\"fr-FR\",\"@id\":\"https:\\\/\\\/www.meine-tcm.com\\\/produkt\\\/qi-gong-fuer-anfaenger-und-leicht-fortgeschrittene\\\/#primaryimage\",\"url\":\"https:\\\/\\\/www.meine-tcm.com\\\/wp-content\\\/uploads\\\/2014\\\/08\\\/1cover-qi-gong-fuer-anfaenger.jpg\",\"contentUrl\":\"https:\\\/\\\/www.meine-tcm.com\\\/wp-content\\\/uploads\\\/2014\\\/08\\\/1cover-qi-gong-fuer-anfaenger.jpg\",\"width\":764,\"height\":1080,\"caption\":\"Qi Gong Kurs f\u00fcr Anf\u00e4nger von Einfach besser leben\"},{\"@type\":\"BreadcrumbList\",\"@id\":\"https:\\\/\\\/www.meine-tcm.com\\\/produkt\\\/qi-gong-fuer-anfaenger-und-leicht-fortgeschrittene\\\/#breadcrumb\",\"itemListElement\":[{\"@type\":\"ListItem\",\"position\":1,\"name\":\"Home\",\"item\":\"https:\\\/\\\/www.meine-tcm.com\\\/\"},{\"@type\":\"ListItem\",\"position\":2,\"name\":\"Shop\",\"item\":\"https:\\\/\\\/www.meine-tcm.com\\\/shop\\\/\"},{\"@type\":\"ListItem\",\"position\":3,\"name\":\"Qi Gong\",\"item\":\"https:\\\/\\\/www.meine-tcm.com\\\/produkte\\\/qi-gong\\\/\"},{\"@type\":\"ListItem\",\"position\":4,\"name\":\"Qi Gong Kurs f\u00fcr Anf\u00e4nger und leicht Fortgeschrittene\"}]},{\"@type\":\"WebSite\",\"@id\":\"https:\\\/\\\/www.meine-tcm.com\\\/#website\",\"url\":\"https:\\\/\\\/www.meine-tcm.com\\\/\",\"name\":\"meine TCM | Traditionelle Chinesische Medizin einfach erkl\u00e4rt\",\"description\":\"Einfach gesund bleiben\",\"publisher\":{\"@id\":\"https:\\\/\\\/www.meine-tcm.com\\\/#organization\"},\"potentialAction\":[{\"@type\":\"SearchAction\",\"target\":{\"@type\":\"EntryPoint\",\"urlTemplate\":\"https:\\\/\\\/www.meine-tcm.com\\\/?s={search_term_string}\"},\"query-input\":{\"@type\":\"PropertyValueSpecification\",\"valueRequired\":true,\"valueName\":\"search_term_string\"}}],\"inLanguage\":\"fr-FR\"},{\"@type\":\"Organization\",\"@id\":\"https:\\\/\\\/www.meine-tcm.com\\\/#organization\",\"name\":\"meine-TCM.com \u2014 Traditionelle chinesische Medizin einfach erkl\u00e4rt\",\"url\":\"https:\\\/\\\/www.meine-tcm.com\\\/\",\"logo\":{\"@type\":\"ImageObject\",\"inLanguage\":\"fr-FR\",\"@id\":\"https:\\\/\\\/www.meine-tcm.com\\\/#\\\/schema\\\/logo\\\/image\\\/\",\"url\":\"https:\\\/\\\/www.meine-tcm.com\\\/wp-content\\\/uploads\\\/2022\\\/08\\\/meine-tcm-traditionelle-chinesische-medizin-einfach-erklaert.png\",\"contentUrl\":\"https:\\\/\\\/www.meine-tcm.com\\\/wp-content\\\/uploads\\\/2022\\\/08\\\/meine-tcm-traditionelle-chinesische-medizin-einfach-erklaert.png\",\"width\":559,\"height\":479,\"caption\":\"meine-TCM.com \u2014 Traditionelle chinesische Medizin einfach erkl\u00e4rt\"},\"image\":{\"@id\":\"https:\\\/\\\/www.meine-tcm.com\\\/#\\\/schema\\\/logo\\\/image\\\/\"},\"sameAs\":[\"https:\\\/\\\/www.instagram.com\\\/meinetcm\\\/\",\"https:\\\/\\\/www.youtube.com\\\/@EinfachbesserLeben\"]}]}<\/script>\n<!-- \/ Yoast SEO plugin. -->","yoast_head_json":{"title":"Cours de Qi Gong pour d\u00e9butants et l\u00e9g\u00e8rement avanc\u00e9s","description":"Avec ce cours de Qi Gong, tu apprendras le Qi Gong \u00e0 partir de z\u00e9ro. Le cours est disponible sous forme de DVD, \u00e0 regarder en ligne ou sous forme d'application (Apple et Google).","robots":{"index":"index","follow":"follow","max-snippet":"max-snippet:-1","max-image-preview":"max-image-preview:large","max-video-preview":"max-video-preview:-1"},"canonical":"https:\/\/www.meine-tcm.com\/fr\/produit\/qi-gong-pour-debutants-et-legerement-avances\/","og_locale":"fr_FR","og_type":"article","og_title":"Qi Gong Kurs f\u00fcr Anf\u00e4nger und leicht Fortgeschrittene","og_description":"Mit diesem Qi Gong Kurs lernst du Qi Gong von Grund auf. Der Kurs ist als DVD, zum Online Ansehen oder als App im Apple App Store und Google Play Store verf\u00fcgbar.","og_url":"https:\/\/www.meine-tcm.com\/fr\/produit\/qi-gong-pour-debutants-et-legerement-avances\/","og_site_name":"meine TCM | Traditionelle Chinesische Medizin einfach erkl\u00e4rt","article_modified_time":"2026-04-13T08:34:42+00:00","og_image":[{"width":764,"height":1080,"url":"https:\/\/www.meine-tcm.com\/wp-content\/uploads\/2014\/08\/qi-gong-kurs-fuer-anfaenger-04-1.jpg","type":"image\/jpeg"}],"twitter_card":"summary_large_image","twitter_title":"Qi Gong Kurs f\u00fcr Anf\u00e4nger und leicht Fortgeschrittene","twitter_description":"Mit diesem Qi Gong Kurs lernst du Qi Gong von Grund auf. Der Kurs ist als DVD, zum Online Ansehen oder als App im Apple App Store und Google Play Store verf\u00fcgbar.","twitter_image":"https:\/\/www.meine-tcm.com\/wp-content\/uploads\/2014\/08\/qi-gong-kurs-fuer-anfaenger-04-1.jpg","twitter_misc":{"Dur\u00e9e de lecture estim\u00e9e":"1 minute"},"schema":{"@context":"https:\/\/schema.org","@graph":[{"@type":"WebPage","@id":"https:\/\/www.meine-tcm.com\/produkt\/qi-gong-fuer-anfaenger-und-leicht-fortgeschrittene\/","url":"https:\/\/www.meine-tcm.com\/produkt\/qi-gong-fuer-anfaenger-und-leicht-fortgeschrittene\/","name":"Cours de Qi Gong pour d\u00e9butants et l\u00e9g\u00e8rement avanc\u00e9s","isPartOf":{"@id":"https:\/\/www.meine-tcm.com\/#website"},"primaryImageOfPage":{"@id":"https:\/\/www.meine-tcm.com\/produkt\/qi-gong-fuer-anfaenger-und-leicht-fortgeschrittene\/#primaryimage"},"image":{"@id":"https:\/\/www.meine-tcm.com\/produkt\/qi-gong-fuer-anfaenger-und-leicht-fortgeschrittene\/#primaryimage"},"thumbnailUrl":"https:\/\/www.meine-tcm.com\/wp-content\/uploads\/2014\/08\/1cover-qi-gong-fuer-anfaenger.jpg","datePublished":"2014-08-09T20:18:44+00:00","dateModified":"2026-04-13T08:34:42+00:00","description":"Avec ce cours de Qi Gong, tu apprendras le Qi Gong \u00e0 partir de z\u00e9ro. Le cours est disponible sous forme de DVD, \u00e0 regarder en ligne ou sous forme d'application (Apple et Google).","breadcrumb":{"@id":"https:\/\/www.meine-tcm.com\/produkt\/qi-gong-fuer-anfaenger-und-leicht-fortgeschrittene\/#breadcrumb"},"inLanguage":"fr-FR","potentialAction":[{"@type":"ReadAction","target":["https:\/\/www.meine-tcm.com\/produkt\/qi-gong-fuer-anfaenger-und-leicht-fortgeschrittene\/"]}]},{"@type":"ImageObject","inLanguage":"fr-FR","@id":"https:\/\/www.meine-tcm.com\/produkt\/qi-gong-fuer-anfaenger-und-leicht-fortgeschrittene\/#primaryimage","url":"https:\/\/www.meine-tcm.com\/wp-content\/uploads\/2014\/08\/1cover-qi-gong-fuer-anfaenger.jpg","contentUrl":"https:\/\/www.meine-tcm.com\/wp-content\/uploads\/2014\/08\/1cover-qi-gong-fuer-anfaenger.jpg","width":764,"height":1080,"caption":"Qi Gong Kurs f\u00fcr Anf\u00e4nger von Einfach besser leben"},{"@type":"BreadcrumbList","@id":"https:\/\/www.meine-tcm.com\/produkt\/qi-gong-fuer-anfaenger-und-leicht-fortgeschrittene\/#breadcrumb","itemListElement":[{"@type":"ListItem","position":1,"name":"Home","item":"https:\/\/www.meine-tcm.com\/"},{"@type":"ListItem","position":2,"name":"Shop","item":"https:\/\/www.meine-tcm.com\/shop\/"},{"@type":"ListItem","position":3,"name":"Qi Gong","item":"https:\/\/www.meine-tcm.com\/produkte\/qi-gong\/"},{"@type":"ListItem","position":4,"name":"Qi Gong Kurs f\u00fcr Anf\u00e4nger und leicht Fortgeschrittene"}]},{"@type":"WebSite","@id":"https:\/\/www.meine-tcm.com\/#website","url":"https:\/\/www.meine-tcm.com\/","name":"meine MTC | La m\u00e9decine traditionnelle chinoise expliqu\u00e9e simplement","description":"Rester en bonne sant\u00e9, tout simplement","publisher":{"@id":"https:\/\/www.meine-tcm.com\/#organization"},"potentialAction":[{"@type":"SearchAction","target":{"@type":"EntryPoint","urlTemplate":"https:\/\/www.meine-tcm.com\/?s={search_term_string}"},"query-input":{"@type":"PropertyValueSpecification","valueRequired":true,"valueName":"search_term_string"}}],"inLanguage":"fr-FR"},{"@type":"Organization","@id":"https:\/\/www.meine-tcm.com\/#organization","name":"mon-TCM.com - La m\u00e9decine traditionnelle chinoise expliqu\u00e9e simplement","url":"https:\/\/www.meine-tcm.com\/","logo":{"@type":"ImageObject","inLanguage":"fr-FR","@id":"https:\/\/www.meine-tcm.com\/#\/schema\/logo\/image\/","url":"https:\/\/www.meine-tcm.com\/wp-content\/uploads\/2022\/08\/meine-tcm-traditionelle-chinesische-medizin-einfach-erklaert.png","contentUrl":"https:\/\/www.meine-tcm.com\/wp-content\/uploads\/2022\/08\/meine-tcm-traditionelle-chinesische-medizin-einfach-erklaert.png","width":559,"height":479,"caption":"meine-TCM.com \u2014 Traditionelle chinesische Medizin einfach erkl\u00e4rt"},"image":{"@id":"https:\/\/www.meine-tcm.com\/#\/schema\/logo\/image\/"},"sameAs":["https:\/\/www.instagram.com\/meinetcm\/","https:\/\/www.youtube.com\/@EinfachbesserLeben"]}]}},"wps_subtitle":"","_links":{"self":[{"href":"https:\/\/www.meine-tcm.com\/fr\/wp-json\/wp\/v2\/product\/1368","targetHints":{"allow":["GET"]}}],"collection":[{"href":"https:\/\/www.meine-tcm.com\/fr\/wp-json\/wp\/v2\/product"}],"about":[{"href":"https:\/\/www.meine-tcm.com\/fr\/wp-json\/wp\/v2\/types\/product"}],"replies":[{"embeddable":true,"href":"https:\/\/www.meine-tcm.com\/fr\/wp-json\/wp\/v2\/comments?post=1368"}],"wp:featuredmedia":[{"embeddable":true,"href":"https:\/\/www.meine-tcm.com\/fr\/wp-json\/wp\/v2\/media\/1371"}],"wp:attachment":[{"href":"https:\/\/www.meine-tcm.com\/fr\/wp-json\/wp\/v2\/media?parent=1368"}],"wp:term":[{"taxonomy":"product_brand","embeddable":true,"href":"https:\/\/www.meine-tcm.com\/fr\/wp-json\/wp\/v2\/product_brand?post=1368"},{"taxonomy":"product_cat","embeddable":true,"href":"https:\/\/www.meine-tcm.com\/fr\/wp-json\/wp\/v2\/product_cat?post=1368"},{"taxonomy":"product_tag","embeddable":true,"href":"https:\/\/www.meine-tcm.com\/fr\/wp-json\/wp\/v2\/product_tag?post=1368"}],"curies":[{"name":"wp","href":"https:\/\/api.w.org\/{rel}","templated":true}]}}