{"id":318,"date":"2020-08-22T22:45:27","date_gmt":"2020-08-22T20:45:27","guid":{"rendered":"https:\/\/www.meine-tcm.com\/?page_id=318"},"modified":"2024-02-17T14:45:36","modified_gmt":"2024-02-17T13:45:36","slug":"images-de-plaintes","status":"publish","type":"page","link":"https:\/\/www.meine-tcm.com\/fr\/images-de-plaintes\/","title":{"rendered":"Tableau des plaintes"},"content":{"rendered":"<section class=\"section h1-h3\" id=\"section_1337184169\">\n\t\t<div class=\"section-bg fill\" >\n\t\t\t\t\t\t\t\t\t\n\t\t\t\n\n\t\t<\/div>\n\n\t\t\n\n\t\t<div class=\"section-content relative\">\n\t\t\t\n\n<div class=\"row row-collapse align-center\"  id=\"row-1934111824\">\n\n\n\t<div id=\"col-1561303129\" class=\"col small-12 large-12\"  >\n\t\t\t\t<div class=\"col-inner text-center\"  >\n\t\t\t\n\t\t\t\n\n<h1>Liste des sympt\u00f4mes<\/h1>\n<h3 class=\"width-h1\">Avec des explications vid\u00e9o pour trouver facilement les points d'acupuncture<\/h3>\n\n\t\t<\/div>\n\t\t\t\t\n<style>\n#col-1561303129 > .col-inner {\n  max-width: 960px;\n}\n<\/style>\n\t<\/div>\n\n\t\n\n<\/div>\n\n\t\t<\/div>\n\n\t\t\n<style>\n#section_1337184169 {\n  padding-top: 0px;\n  padding-bottom: 0px;\n}\n<\/style>\n\t<\/section>\n\t\n\t<div id=\"gap-581117059\" class=\"gap-element clearfix\" style=\"display:block; height:auto;\">\n\t\t\n<style>\n#gap-581117059 {\n  padding-top: 40px;\n}\n<\/style>\n\t<\/div>\n\t\n\n\n\t<section class=\"section two-columns\" id=\"section_563248659\">\n\t\t<div class=\"section-bg fill\" >\n\t\t\t\t\t\t\t\t\t\n\t\t\t\n\n\t\t<\/div>\n\n\t\t\n\n\t\t<div class=\"section-content relative\">\n\t\t\t\n\n<div class=\"row row-collapse align-center\"  id=\"row-670149628\">\n\n\n\t<div id=\"col-1825030637\" class=\"col small-12 large-12\"  >\n\t\t\t\t<div class=\"col-inner text-center\"  >\n\t\t\t\n\t\t\t\n\n<div class=\"row row-collapse align-center\"  id=\"row-420406984\">\n\n\n\t<div id=\"col-559877173\" class=\"col medium-6 small-12 large-6\"  >\n\t\t\t\t<div class=\"col-inner text-left\"  >\n\t\t\t\n\t\t\t\n\n<p>Dans notre collection, tu trouveras une liste de troubles qui peuvent \u00eatre trait\u00e9s efficacement avec notre AkuPen. Les vid\u00e9os associ\u00e9es te fournissent des instructions claires pour trouver et stimuler les points d'acupuncture correspondants. L'AkuPen est une variante moderne de l'acupressure traditionnelle pour permettre une application pr\u00e9cise et confortable. De plus, l'AkuPen favorise un auto-traitement r\u00e9gulier, ce qui peut contribuer \u00e0 une am\u00e9lioration durable de ton bien-\u00eatre g\u00e9n\u00e9ral.<\/p>\n\n\t\t<\/div>\n\t\t\t\t\n<style>\n#col-559877173 > .col-inner {\n  max-width: 460px;\n}\n<\/style>\n\t<\/div>\n\n\t\n\n\t<div id=\"col-1972248095\" class=\"col medium-6 small-12 large-6\"  >\n\t\t\t\t<div class=\"col-inner text-left\"  >\n\t\t\t\n\t\t\t\n\n<div>Les vid\u00e9os d'instructions te montrent \u00e9tape par \u00e9tape comment utiliser l'AkuPen pour diff\u00e9rents probl\u00e8mes de sant\u00e9, des maux de t\u00eate aux maux de dos. Outre le traitement des troubles aigus, l'AkuPen offre \u00e9galement des possibilit\u00e9s de pr\u00e9vention et de promotion de la sant\u00e9 en g\u00e9n\u00e9ral. D\u00e9couvre comment tu peux utiliser cette approche innovante pour ton bien-\u00eatre et profite de la facilit\u00e9 d'utilisation de l'AkuPen pour am\u00e9liorer ta qualit\u00e9 de vie.<\/div>\n\n\t\t<\/div>\n\t\t\t\t\n<style>\n#col-1972248095 > .col-inner {\n  max-width: 460px;\n}\n<\/style>\n\t<\/div>\n\n\t\n\n<\/div>\n\n\t\t<\/div>\n\t\t\t\t\n<style>\n#col-1825030637 > .col-inner {\n  max-width: 960px;\n}\n<\/style>\n\t<\/div>\n\n\t\n\n<\/div>\n\n\t\t<\/div>\n\n\t\t\n<style>\n#section_563248659 {\n  padding-top: 0px;\n  padding-bottom: 0px;\n}\n<\/style>\n\t<\/section>\n\t\n\t<div id=\"gap-1428377569\" class=\"gap-element clearfix\" style=\"display:block; height:auto;\">\n\t\t\n<style>\n#gap-1428377569 {\n  padding-top: 60px;\n}\n<\/style>\n\t<\/div>\n\t\n\n\n\t<section class=\"section image-text\" id=\"section_1495465395\">\n\t\t<div class=\"section-bg fill\" >\n\t\t\t\t\t\t\t\t\t\n\t\t\t\n\n\t\t<\/div>\n\n\t\t\n\n\t\t<div class=\"section-content relative\">\n\t\t\t\n\n<div class=\"row align-middle align-center\"  id=\"row-1072578943\">\n\n\n\t<div id=\"col-856683839\" class=\"col medium-6 small-12 large-6\"  >\n\t\t\t\t<div class=\"col-inner text-right\"  >\n\t\t\t\n\t\t\t\n\n\t<div class=\"img has-hover x md-x lg-x y md-y lg-y\" id=\"image_1653215646\">\n\t\t<a class=\"\" href=\"\/fr\/stylo-dacupuncture-acupen\/\" >\t\t\t\t\t\t<div class=\"img-inner image-cover dark\" style=\"padding-top:100%;\">\n\t\t\t<img loading=\"lazy\" decoding=\"async\" width=\"920\" height=\"518\" src=\"https:\/\/www.meine-tcm.com\/wp-content\/uploads\/2020\/09\/akupen-anwendung-920x518-o.jpg\" class=\"attachment-large size-large\" alt=\"Appuyer sur un point d&#039;acupuncture sur la main avec l&#039;acupen\" srcset=\"https:\/\/www.meine-tcm.com\/wp-content\/uploads\/2020\/09\/akupen-anwendung-920x518-o.jpg 920w, https:\/\/www.meine-tcm.com\/wp-content\/uploads\/2020\/09\/akupen-anwendung-920x518-o-510x287.jpg 510w, https:\/\/www.meine-tcm.com\/wp-content\/uploads\/2020\/09\/akupen-anwendung-920x518-o-710x400.jpg 710w, https:\/\/www.meine-tcm.com\/wp-content\/uploads\/2020\/09\/akupen-anwendung-920x518-o-768x432.jpg 768w, https:\/\/www.meine-tcm.com\/wp-content\/uploads\/2020\/09\/akupen-anwendung-920x518-o-600x338.jpg 600w\" sizes=\"auto, (max-width: 920px) 100vw, 920px\" title=\"Application de l&#039;acupen\" \/>\t\t\t\t\t\t\n\t\t\t\t\t<\/div>\n\t\t\t\t\t\t<\/a>\t\t\n<style>\n#image_1653215646 {\n  width: 100%;\n}\n<\/style>\n\t<\/div>\n\t\n\n\n\t\t<\/div>\n\t\t\t\t\n<style>\n#col-856683839 > .col-inner {\n  max-width: 480px;\n}\n<\/style>\n\t<\/div>\n\n\t\n\n\t<div id=\"col-870760484\" class=\"col medium-6 small-12 large-6\"  >\n\t\t\t\t<div class=\"col-inner text-left\"  >\n\t\t\t\n\t\t\t\n\n<h3>Facile \u00e0 utiliser<\/h3>\n<h2>Acupressure avec l'AkuPen<\/h2>\n<div class=\"flex-1 overflow-hidden\">\n<div class=\"react-scroll-to-bottom--css-rzjlz-79elbk h-full\">\n<div class=\"react-scroll-to-bottom--css-rzjlz-1n7m0yu\">\n<div class=\"flex flex-col pb-9 text-sm\">\n<div class=\"w-full text-token-text-primary\" data-testid=\"conversation-turn-35\">\n<div class=\"px-4 py-2 justify-center text-base md:gap-6 m-auto\">\n<div class=\"flex flex-1 text-base mx-auto gap-3 md:px-5 lg:px-1 xl:px-5 md:max-w-3xl lg:max-w-&#091;40rem&#093; xl:max-w-&#091;48rem&#093; group final-completion\">\n<div class=\"relative flex w-full flex-col agent-turn\">\n<div class=\"flex-col gap-1 md:gap-3\">\n<div class=\"flex flex-grow flex-col max-w-full\">\n<div class=\"min-h-&#091;20px&#093; text-message flex flex-col items-start gap-3 whitespace-pre-wrap break-words &#091;.text-message+&amp;&#093;:mt-5 overflow-x-auto\" data-message-author-role=\"assistant\" data-message-id=\"a3dfe3fc-02b5-442e-9554-d2b314ef9ec7\">\n<div class=\"markdown prose w-full break-words dark:prose-invert light\">\n<p>Dans cette vid\u00e9o, nous montrons comment utiliser correctement notre AkuPen. En quelques minutes, tu apprendras comment utiliser cet appareil innovant pour traiter efficacement diff\u00e9rents troubles. Nous te guidons \u00e0 travers chaque \u00e9tape, du choix du bon point d'acupuncture \u00e0 la technique d'application correcte. Tu comprendras ainsi rapidement comment l'AkuPen fonctionne et comment tu peux l'utiliser pour r\u00e9pondre \u00e0 tes besoins sp\u00e9cifiques.<br \/><br \/><\/p>\n<\/div>\n<\/div>\n<\/div>\n<\/div>\n<\/div>\n<\/div>\n<\/div>\n<\/div>\n<\/div>\n<\/div>\n<\/div>\n<\/div>\n<p><a href=\"\/fr\/stylo-dacupuncture-acupen\/\">Vid\u00e9o explicative<\/a><\/p>\n\n\t\t<\/div>\n\t\t\t\t\n<style>\n#col-870760484 > .col-inner {\n  max-width: 480px;\n}\n<\/style>\n\t<\/div>\n\n\t\n\n<\/div>\n\n\t\t<\/div>\n\n\t\t\n<style>\n#section_1495465395 {\n  padding-top: 0px;\n  padding-bottom: 0px;\n}\n<\/style>\n\t<\/section>\n\t\n\t<div id=\"gap-672903339\" class=\"gap-element clearfix\" style=\"display:block; height:auto;\">\n\t\t\n<style>\n#gap-672903339 {\n  padding-top: 60px;\n}\n<\/style>\n\t<\/div>\n\t\n\n\n\t<section class=\"section h2\" id=\"section_706179382\">\n\t\t<div class=\"section-bg fill\" >\n\t\t\t\t\t\t\t\t\t\n\t\t\t\n\n\t\t<\/div>\n\n\t\t\n\n\t\t<div class=\"section-content relative\">\n\t\t\t\n\n<div class=\"row row-collapse align-center\"  id=\"row-1615694709\">\n\n\n\t<div id=\"col-541392708\" class=\"col small-12 large-12\"  >\n\t\t\t\t<div class=\"col-inner text-center\"  >\n\t\t\t\n\t\t\t\n\n<h1>Tableau des plaintes<\/h1>\n\n\t\t<\/div>\n\t\t\t\t\n<style>\n#col-541392708 > .col-inner {\n  max-width: 960px;\n}\n<\/style>\n\t<\/div>\n\n\t\n\n<\/div>\n\n\t\t<\/div>\n\n\t\t\n<style>\n#section_706179382 {\n  padding-top: 0px;\n  padding-bottom: 0px;\n}\n<\/style>\n\t<\/section>\n\t\n\n\t<section class=\"section longline\" id=\"section_1688923961\">\n\t\t<div class=\"section-bg fill\" >\n\t\t\t\t\t\t\t\t\t\n\t\t\t\n\n\t\t<\/div>\n\n\t\t\n\n\t\t<div class=\"section-content relative\">\n\t\t\t\n\n<div class=\"row row-collapse align-center\"  id=\"row-1913648089\">\n\n\n\t<div id=\"col-542148660\" class=\"col small-12 large-12\"  >\n\t\t\t\t<div class=\"col-inner text-left\"  >\n\t\t\t\n\t\t\t\n\n<hr>\n\n\t\t<\/div>\n\t\t\t\t\n<style>\n#col-542148660 > .col-inner {\n  max-width: 1000px;\n}\n<\/style>\n\t<\/div>\n\n\t\n\n<\/div>\n\n\t\t<\/div>\n\n\t\t\n<style>\n#section_1688923961 {\n  padding-top: 0px;\n  padding-bottom: 0px;\n}\n<\/style>\n\t<\/section>","protected":false},"excerpt":{"rendered":"","protected":false},"author":1,"featured_media":1715,"parent":0,"menu_order":0,"comment_status":"closed","ping_status":"closed","template":"page-beschwerdebilder.php","meta":{"_acf_changed":false,"footnotes":""},"class_list":["post-318","page","type-page","status-publish","has-post-thumbnail","hentry"],"acf":[],"yoast_head":"<!-- This site is optimized with the Yoast SEO plugin v27.1.1 - https:\/\/yoast.com\/product\/yoast-seo-wordpress\/ -->\n<title>Beschwerdebilder zur Behandlung mit Akupressur<\/title>\n<meta name=\"description\" content=\"Liste von Beschwerdebildern, die du mit Akupressur oder unserem AkuPen einfach und schnell behandeln kannst.\" \/>\n<meta name=\"robots\" content=\"index, follow, max-snippet:-1, max-image-preview:large, max-video-preview:-1\" \/>\n<link rel=\"canonical\" href=\"https:\/\/www.meine-tcm.com\/fr\/images-de-plaintes\/\" \/>\n<meta property=\"og:locale\" content=\"fr_FR\" \/>\n<meta property=\"og:type\" content=\"article\" \/>\n<meta property=\"og:title\" content=\"Beschwerden selber mit Akupressur behandeln\" \/>\n<meta property=\"og:description\" content=\"Liste von Beschwerdebildern, die du mit Akupressur oder unserem AkuPen einfach und schnell behandeln kannst.\" \/>\n<meta property=\"og:url\" content=\"https:\/\/www.meine-tcm.com\/fr\/images-de-plaintes\/\" \/>\n<meta property=\"og:site_name\" content=\"meine TCM | Traditionelle Chinesische Medizin einfach erkl\u00e4rt\" \/>\n<meta property=\"article:modified_time\" content=\"2024-02-17T13:45:36+00:00\" \/>\n<meta property=\"og:image\" content=\"https:\/\/www.meine-tcm.com\/wp-content\/uploads\/2020\/09\/Lage-des-Akupunkturpunktes-HK-06-2x.jpg\" \/>\n\t<meta property=\"og:image:width\" content=\"568\" \/>\n\t<meta property=\"og:image:height\" content=\"320\" \/>\n\t<meta property=\"og:image:type\" content=\"image\/jpeg\" \/>\n<meta name=\"twitter:card\" content=\"summary_large_image\" \/>\n<meta name=\"twitter:title\" content=\"Beschwerden selber mit Akupressur behandeln\" \/>\n<meta name=\"twitter:description\" content=\"Liste von Beschwerdebildern, die du mit Akupressur oder unserem AkuPen einfach und schnell behandeln kannst.\" \/>\n<meta name=\"twitter:image\" content=\"https:\/\/www.meine-tcm.com\/wp-content\/uploads\/2020\/09\/Lage-des-Akupunkturpunktes-HK-06-2x.jpg\" \/>\n<meta name=\"twitter:label1\" content=\"Dur\u00e9e de lecture estim\u00e9e\" \/>\n\t<meta name=\"twitter:data1\" content=\"1 minute\" \/>\n<script type=\"application\/ld+json\" class=\"yoast-schema-graph\">{\"@context\":\"https:\/\/schema.org\",\"@graph\":[{\"@type\":\"WebPage\",\"@id\":\"https:\/\/www.meine-tcm.com\/beschwerdebilder\/\",\"url\":\"https:\/\/www.meine-tcm.com\/beschwerdebilder\/\",\"name\":\"Beschwerdebilder zur Behandlung mit Akupressur\",\"isPartOf\":{\"@id\":\"https:\/\/www.meine-tcm.com\/#website\"},\"primaryImageOfPage\":{\"@id\":\"https:\/\/www.meine-tcm.com\/beschwerdebilder\/#primaryimage\"},\"image\":{\"@id\":\"https:\/\/www.meine-tcm.com\/beschwerdebilder\/#primaryimage\"},\"thumbnailUrl\":\"https:\/\/www.meine-tcm.com\/wp-content\/uploads\/2020\/09\/Lage-des-Akupunkturpunktes-HK-06-2x.jpg\",\"datePublished\":\"2020-08-22T20:45:27+00:00\",\"dateModified\":\"2024-02-17T13:45:36+00:00\",\"description\":\"Liste von Beschwerdebildern, die du mit Akupressur oder unserem AkuPen einfach und schnell behandeln kannst.\",\"breadcrumb\":{\"@id\":\"https:\/\/www.meine-tcm.com\/beschwerdebilder\/#breadcrumb\"},\"inLanguage\":\"fr-FR\",\"potentialAction\":[{\"@type\":\"ReadAction\",\"target\":[\"https:\/\/www.meine-tcm.com\/beschwerdebilder\/\"]}]},{\"@type\":\"ImageObject\",\"inLanguage\":\"fr-FR\",\"@id\":\"https:\/\/www.meine-tcm.com\/beschwerdebilder\/#primaryimage\",\"url\":\"https:\/\/www.meine-tcm.com\/wp-content\/uploads\/2020\/09\/Lage-des-Akupunkturpunktes-HK-06-2x.jpg\",\"contentUrl\":\"https:\/\/www.meine-tcm.com\/wp-content\/uploads\/2020\/09\/Lage-des-Akupunkturpunktes-HK-06-2x.jpg\",\"width\":568,\"height\":320,\"caption\":\"Lage des Akupunkturpunktes HK 06\"},{\"@type\":\"BreadcrumbList\",\"@id\":\"https:\/\/www.meine-tcm.com\/beschwerdebilder\/#breadcrumb\",\"itemListElement\":[{\"@type\":\"ListItem\",\"position\":1,\"name\":\"Home\",\"item\":\"https:\/\/www.meine-tcm.com\/\"},{\"@type\":\"ListItem\",\"position\":2,\"name\":\"Beschwerdebilder\"}]},{\"@type\":\"WebSite\",\"@id\":\"https:\/\/www.meine-tcm.com\/#website\",\"url\":\"https:\/\/www.meine-tcm.com\/\",\"name\":\"meine TCM | Traditionelle Chinesische Medizin einfach erkl\u00e4rt\",\"description\":\"Einfach gesund bleiben\",\"publisher\":{\"@id\":\"https:\/\/www.meine-tcm.com\/#organization\"},\"potentialAction\":[{\"@type\":\"SearchAction\",\"target\":{\"@type\":\"EntryPoint\",\"urlTemplate\":\"https:\/\/www.meine-tcm.com\/?s={search_term_string}\"},\"query-input\":{\"@type\":\"PropertyValueSpecification\",\"valueRequired\":true,\"valueName\":\"search_term_string\"}}],\"inLanguage\":\"fr-FR\"},{\"@type\":\"Organization\",\"@id\":\"https:\/\/www.meine-tcm.com\/#organization\",\"name\":\"meine-TCM.com \u2014 Traditionelle chinesische Medizin einfach erkl\u00e4rt\",\"url\":\"https:\/\/www.meine-tcm.com\/\",\"logo\":{\"@type\":\"ImageObject\",\"inLanguage\":\"fr-FR\",\"@id\":\"https:\/\/www.meine-tcm.com\/#\/schema\/logo\/image\/\",\"url\":\"https:\/\/www.meine-tcm.com\/wp-content\/uploads\/2022\/08\/meine-tcm-traditionelle-chinesische-medizin-einfach-erklaert.png\",\"contentUrl\":\"https:\/\/www.meine-tcm.com\/wp-content\/uploads\/2022\/08\/meine-tcm-traditionelle-chinesische-medizin-einfach-erklaert.png\",\"width\":559,\"height\":479,\"caption\":\"meine-TCM.com \u2014 Traditionelle chinesische Medizin einfach erkl\u00e4rt\"},\"image\":{\"@id\":\"https:\/\/www.meine-tcm.com\/#\/schema\/logo\/image\/\"},\"sameAs\":[\"https:\/\/www.instagram.com\/meinetcm\/\",\"https:\/\/www.youtube.com\/@EinfachbesserLeben\"]}]}<\/script>\n<!-- \/ Yoast SEO plugin. -->","yoast_head_json":{"title":"Tableaux de sympt\u00f4mes pour le traitement par acupressure","description":"Liste de sympt\u00f4mes que tu peux traiter facilement et rapidement avec l'acupressure ou notre AkuPen.","robots":{"index":"index","follow":"follow","max-snippet":"max-snippet:-1","max-image-preview":"max-image-preview:large","max-video-preview":"max-video-preview:-1"},"canonical":"https:\/\/www.meine-tcm.com\/fr\/images-de-plaintes\/","og_locale":"fr_FR","og_type":"article","og_title":"Beschwerden selber mit Akupressur behandeln","og_description":"Liste von Beschwerdebildern, die du mit Akupressur oder unserem AkuPen einfach und schnell behandeln kannst.","og_url":"https:\/\/www.meine-tcm.com\/fr\/images-de-plaintes\/","og_site_name":"meine TCM | Traditionelle Chinesische Medizin einfach erkl\u00e4rt","article_modified_time":"2024-02-17T13:45:36+00:00","og_image":[{"width":568,"height":320,"url":"https:\/\/www.meine-tcm.com\/wp-content\/uploads\/2020\/09\/Lage-des-Akupunkturpunktes-HK-06-2x.jpg","type":"image\/jpeg"}],"twitter_card":"summary_large_image","twitter_title":"Beschwerden selber mit Akupressur behandeln","twitter_description":"Liste von Beschwerdebildern, die du mit Akupressur oder unserem AkuPen einfach und schnell behandeln kannst.","twitter_image":"https:\/\/www.meine-tcm.com\/wp-content\/uploads\/2020\/09\/Lage-des-Akupunkturpunktes-HK-06-2x.jpg","twitter_misc":{"Dur\u00e9e de lecture estim\u00e9e":"1 minute"},"schema":{"@context":"https:\/\/schema.org","@graph":[{"@type":"WebPage","@id":"https:\/\/www.meine-tcm.com\/beschwerdebilder\/","url":"https:\/\/www.meine-tcm.com\/beschwerdebilder\/","name":"Tableaux de sympt\u00f4mes pour le traitement par acupressure","isPartOf":{"@id":"https:\/\/www.meine-tcm.com\/#website"},"primaryImageOfPage":{"@id":"https:\/\/www.meine-tcm.com\/beschwerdebilder\/#primaryimage"},"image":{"@id":"https:\/\/www.meine-tcm.com\/beschwerdebilder\/#primaryimage"},"thumbnailUrl":"https:\/\/www.meine-tcm.com\/wp-content\/uploads\/2020\/09\/Lage-des-Akupunkturpunktes-HK-06-2x.jpg","datePublished":"2020-08-22T20:45:27+00:00","dateModified":"2024-02-17T13:45:36+00:00","description":"Liste de sympt\u00f4mes que tu peux traiter facilement et rapidement avec l'acupressure ou notre AkuPen.","breadcrumb":{"@id":"https:\/\/www.meine-tcm.com\/beschwerdebilder\/#breadcrumb"},"inLanguage":"fr-FR","potentialAction":[{"@type":"ReadAction","target":["https:\/\/www.meine-tcm.com\/beschwerdebilder\/"]}]},{"@type":"ImageObject","inLanguage":"fr-FR","@id":"https:\/\/www.meine-tcm.com\/beschwerdebilder\/#primaryimage","url":"https:\/\/www.meine-tcm.com\/wp-content\/uploads\/2020\/09\/Lage-des-Akupunkturpunktes-HK-06-2x.jpg","contentUrl":"https:\/\/www.meine-tcm.com\/wp-content\/uploads\/2020\/09\/Lage-des-Akupunkturpunktes-HK-06-2x.jpg","width":568,"height":320,"caption":"Lage des Akupunkturpunktes HK 06"},{"@type":"BreadcrumbList","@id":"https:\/\/www.meine-tcm.com\/beschwerdebilder\/#breadcrumb","itemListElement":[{"@type":"ListItem","position":1,"name":"Home","item":"https:\/\/www.meine-tcm.com\/"},{"@type":"ListItem","position":2,"name":"Beschwerdebilder"}]},{"@type":"WebSite","@id":"https:\/\/www.meine-tcm.com\/#website","url":"https:\/\/www.meine-tcm.com\/","name":"meine MTC | La m\u00e9decine traditionnelle chinoise expliqu\u00e9e simplement","description":"Rester en bonne sant\u00e9, tout simplement","publisher":{"@id":"https:\/\/www.meine-tcm.com\/#organization"},"potentialAction":[{"@type":"SearchAction","target":{"@type":"EntryPoint","urlTemplate":"https:\/\/www.meine-tcm.com\/?s={search_term_string}"},"query-input":{"@type":"PropertyValueSpecification","valueRequired":true,"valueName":"search_term_string"}}],"inLanguage":"fr-FR"},{"@type":"Organization","@id":"https:\/\/www.meine-tcm.com\/#organization","name":"mon-TCM.com - La m\u00e9decine traditionnelle chinoise expliqu\u00e9e simplement","url":"https:\/\/www.meine-tcm.com\/","logo":{"@type":"ImageObject","inLanguage":"fr-FR","@id":"https:\/\/www.meine-tcm.com\/#\/schema\/logo\/image\/","url":"https:\/\/www.meine-tcm.com\/wp-content\/uploads\/2022\/08\/meine-tcm-traditionelle-chinesische-medizin-einfach-erklaert.png","contentUrl":"https:\/\/www.meine-tcm.com\/wp-content\/uploads\/2022\/08\/meine-tcm-traditionelle-chinesische-medizin-einfach-erklaert.png","width":559,"height":479,"caption":"meine-TCM.com \u2014 Traditionelle chinesische Medizin einfach erkl\u00e4rt"},"image":{"@id":"https:\/\/www.meine-tcm.com\/#\/schema\/logo\/image\/"},"sameAs":["https:\/\/www.instagram.com\/meinetcm\/","https:\/\/www.youtube.com\/@EinfachbesserLeben"]}]}},"wps_subtitle":"","_links":{"self":[{"href":"https:\/\/www.meine-tcm.com\/fr\/wp-json\/wp\/v2\/pages\/318","targetHints":{"allow":["GET"]}}],"collection":[{"href":"https:\/\/www.meine-tcm.com\/fr\/wp-json\/wp\/v2\/pages"}],"about":[{"href":"https:\/\/www.meine-tcm.com\/fr\/wp-json\/wp\/v2\/types\/page"}],"author":[{"embeddable":true,"href":"https:\/\/www.meine-tcm.com\/fr\/wp-json\/wp\/v2\/users\/1"}],"replies":[{"embeddable":true,"href":"https:\/\/www.meine-tcm.com\/fr\/wp-json\/wp\/v2\/comments?post=318"}],"version-history":[{"count":0,"href":"https:\/\/www.meine-tcm.com\/fr\/wp-json\/wp\/v2\/pages\/318\/revisions"}],"wp:featuredmedia":[{"embeddable":true,"href":"https:\/\/www.meine-tcm.com\/fr\/wp-json\/wp\/v2\/media\/1715"}],"wp:attachment":[{"href":"https:\/\/www.meine-tcm.com\/fr\/wp-json\/wp\/v2\/media?parent=318"}],"curies":[{"name":"wp","href":"https:\/\/api.w.org\/{rel}","templated":true}]}}