{"id":18250,"date":"2025-04-17T17:44:51","date_gmt":"2025-04-17T15:44:51","guid":{"rendered":"https:\/\/www.meine-tcm.com\/?page_id=18250"},"modified":"2025-07-30T14:57:56","modified_gmt":"2025-07-30T12:57:56","slug":"analyse-tcm","status":"publish","type":"page","link":"https:\/\/www.meine-tcm.com\/fr\/analyse-tcm\/","title":{"rendered":"Ton analyse MTC"},"content":{"rendered":"<section class=\"section h1-h3\" id=\"section_1732361337\">\n\t\t<div class=\"section-bg fill\" >\n\t\t\t\t\t\t\t\t\t\n\t\t\t\n\n\t\t<\/div>\n\n\t\t\n\n\t\t<div class=\"section-content relative\">\n\t\t\t\n\n<div class=\"row row-collapse align-center\"  id=\"row-1751133105\">\n\n\n\t<div id=\"col-542094296\" class=\"col small-12 large-12\"  >\n\t\t\t\t<div class=\"col-inner text-center\"  >\n\t\t\t\n\t\t\t\n\n<div class=\"row row-collapse align-middle opening-question\"  id=\"row-419165054\">\n\n\n\t<div id=\"col-1776562473\" class=\"col medium-1 small-12 large-1\"  >\n\t\t\t\t<div class=\"col-inner\"  >\n\t\t\t\n\t\t\t\n\n\t<div class=\"img has-hover question x md-x lg-x y md-y lg-y\" id=\"image_1906662701\">\n\t\t\t\t\t\t\t\t<div class=\"img-inner dark\" >\n\t\t\t<img decoding=\"async\" src=\"https:\/\/www.meine-tcm.com\/wp-content\/uploads\/2025\/04\/question-mark-icon-dark-red.svg\" class=\"attachment-original size-original\" alt=\"Ic\u00f4ne point d&#039;interrogation en rouge\" title=\"Ic\u00f4ne point d&#039;interrogation en rouge\" \/>\t\t\t\t\t\t\n\t\t\t\t\t<\/div>\n\t\t\t\t\t\t\t\t\n<style>\n#image_1906662701 {\n  width: 100%;\n}\n<\/style>\n\t<\/div>\n\t\n\n\n\t\t<\/div>\n\t\t\t\t\t<\/div>\n\n\t\n\n\t<div id=\"col-747189398\" class=\"col medium-11 small-12 large-11\"  >\n\t\t\t\t<div class=\"col-inner\"  >\n\t\t\t\n\t\t\t\n\n\t<div id=\"text-1269053090\" class=\"text question-text\">\n\t\t\n\n<p style=\"text-align: center;\"><strong>Ressens-tu toujours<\/strong>Tu as l'impression que ton \u00e9nergie n'est pas \u00e9quilibr\u00e9e - par exemple si tu te r\u00e9veilles \u00e9puis\u00e9 le matin, si tu tombes dans une baisse d'\u00e9nergie l'apr\u00e8s-midi, si tu as du mal \u00e0 te d\u00e9connecter le soir ou si des tensions et des maux de t\u00eate se font sentir ?<\/p>\n\t\t\t<\/div>\n\t\n\n\t\t<\/div>\n\t\t\t\t\t<\/div>\n\n\t\n\n<\/div>\n\t<div id=\"gap-523870348\" class=\"gap-element clearfix\" style=\"display:block; height:auto;\">\n\t\t\n<style>\n#gap-523870348 {\n  padding-top: 30px;\n}\n<\/style>\n\t<\/div>\n\t\n\n<h1>Ton analyse MTC gratuite<\/h1>\n<h3 class=\"width-h1\">RECETTES INDIVIDUELLES \u00c0 BASE D'HERBES, POINTS D'ACUPUNCTURE ET EXERCICES DE QI GONG<\/h3>\n\n\t\t<\/div>\n\t\t\t\t\n<style>\n#col-542094296 > .col-inner {\n  max-width: 960px;\n}\n<\/style>\n\t<\/div>\n\n\t\n\n<\/div>\n\n\t\t<\/div>\n\n\t\t\n<style>\n#section_1732361337 {\n  padding-top: 0px;\n  padding-bottom: 0px;\n}\n<\/style>\n\t<\/section>\n\t\n\t<div id=\"gap-1000485765\" class=\"gap-element clearfix\" style=\"display:block; height:auto;\">\n\t\t\n<style>\n#gap-1000485765 {\n  padding-top: 40px;\n}\n<\/style>\n\t<\/div>\n\t\n\n\n\t<section class=\"section main-teaser\" id=\"section_2024515947\">\n\t\t<div class=\"section-bg fill\" >\n\t\t\t\t\t\t\t\t\t\n\t\t\t\n\n\t\t<\/div>\n\n\t\t\n\n\t\t<div class=\"section-content relative\">\n\t\t\t\n\n<div class=\"row row-collapse align-center\"  id=\"row-1052024539\">\n\n\n\t<div id=\"col-2026665241\" class=\"col small-12 large-12\"  >\n\t\t\t\t<div class=\"col-inner text-center\"  >\n\t\t\t\n\t\t\t\n\n<p class=\"teaser\">Avec l'analyse MTC gratuite, tu obtiens en quelques minutes une \u00e9valuation pr\u00e9cise de ton \u00e9quilibre \u00e9nerg\u00e9tique actuel. Tu apprendras quels m\u00e9langes d'herbes, quels points d'acupuncture et quels exercices de Qi Gong te renforcent exactement l\u00e0 o\u00f9 tu en as besoin maintenant.<\/p>\n\n\t\t<\/div>\n\t\t\t\t\n<style>\n#col-2026665241 > .col-inner {\n  max-width: 800px;\n}\n<\/style>\n\t<\/div>\n\n\t\n\n<\/div>\n\n\t\t<\/div>\n\n\t\t\n<style>\n#section_2024515947 {\n  padding-top: 0px;\n  padding-bottom: 0px;\n}\n<\/style>\n\t<\/section>\n\t\n\t<div id=\"gap-1635300023\" class=\"gap-element clearfix\" style=\"display:block; height:auto;\">\n\t\t\n<style>\n#gap-1635300023 {\n  padding-top: 40px;\n}\n<\/style>\n\t<\/div>\n\t\n\n\n\t<section class=\"section single-button\" id=\"section_1669729939\">\n\t\t<div class=\"section-bg fill\" >\n\t\t\t\t\t\t\t\t\t\n\t\t\t\n\n\t\t<\/div>\n\n\t\t\n\n\t\t<div class=\"section-content relative\">\n\t\t\t\n\n<div class=\"row row-collapse align-center\"  id=\"row-2105793131\">\n\n\n\t<div id=\"col-1084316843\" class=\"col small-12 large-12\"  >\n\t\t\t\t<div class=\"col-inner text-center\"  >\n\t\t\t\n\t\t\t\n\n<a href=\"\/fr\/questionnaire-tcm\/\" class=\"button primary box-shadow-1 button-with-arrow\" style=\"border-radius:6px;\">\n\t\t<span>D\u00e9marrer l'analyse MTC<\/span>\n\t<\/a>\n\n\n\n\t\t<\/div>\n\t\t\t\t\n<style>\n#col-1084316843 > .col-inner {\n  max-width: 800px;\n}\n<\/style>\n\t<\/div>\n\n\t\n\n<\/div>\n\n\t\t<\/div>\n\n\t\t\n<style>\n#section_1669729939 {\n  padding-top: 0px;\n  padding-bottom: 0px;\n}\n<\/style>\n\t<\/section>\n\t\n\t<div id=\"gap-459208821\" class=\"gap-element clearfix\" style=\"display:block; height:auto;\">\n\t\t\n<style>\n#gap-459208821 {\n  padding-top: 20px;\n}\n<\/style>\n\t<\/div>\n\t\n\n\n\t<section class=\"section text\" id=\"section_1713290685\">\n\t\t<div class=\"section-bg fill\" >\n\t\t\t\t\t\t\t\t\t\n\t\t\t\n\n\t\t<\/div>\n\n\t\t\n\n\t\t<div class=\"section-content relative\">\n\t\t\t\n\n<div class=\"row row-collapse align-center\"  id=\"row-105759113\">\n\n\n\t<div id=\"col-833314615\" class=\"col small-12 large-12\"  >\n\t\t\t\t<div class=\"col-inner text-center\"  >\n\t\t\t\n\t\t\t\n\n<h2>Pourquoi une analyse MTC ?<\/h2>\n<p>Tout traitement de MTC r\u00e9ussi commence par un diagnostic pr\u00e9cis - c'est pourquoi notre <strong>Analyse en ligne<\/strong> en quelques minutes seulement, une image claire de tes sch\u00e9mas \u00e9nerg\u00e9tiques.<\/p>\n<p>Tu d\u00e9couvres les d\u00e9s\u00e9quilibres et les blocages cach\u00e9s, tu apprends concr\u00e8tement quels sont les premiers pas qui te renforcent imm\u00e9diatement et tu poses ainsi toi-m\u00eame la premi\u00e8re pierre d'une plus grande vitalit\u00e9. Tu prendras ainsi activement le contr\u00f4le de ton bien-\u00eatre et commenceras ton quotidien avec une nouvelle \u00e9nergie.<\/p>\n\n\t\t<\/div>\n\t\t\t\t\n<style>\n#col-833314615 > .col-inner {\n  max-width: 800px;\n}\n<\/style>\n\t<\/div>\n\n\t\n\n<\/div>\n<div class=\"row row-collapse align-center\"  id=\"row-2074838825\">\n\n\n\t<div id=\"col-1944367805\" class=\"col small-12 large-12\"  >\n\t\t\t\t<div class=\"col-inner text-left\"  >\n\t\t\t\n\t\t\t\n\n<h2>Comment fonctionne l'analyse MTC<\/h2>\n<ol>\n<li><strong>Des r\u00e9ponses honn\u00eates pour des connaissances r\u00e9elles<\/strong><br \/>R\u00e9ponds \u00e0 nos questions sur ton \u00e9tat de sant\u00e9 et ton mode de vie.<\/li>\n<li><strong>\u00c9valuation intelligente<\/strong><br \/>Nous \u00e9tablissons un diagnostic \u00e9nerg\u00e9tique individuel sur la base de tes indications.<\/li>\n<li><strong>Recommandations concr\u00e8tes<\/strong><br \/>Tu recevras par e-mail :\n<ul class=\"square yellow\">\n<li>Pr\u00e9parations \u00e0 base de plantes sur mesure<\/li>\n<li>Points d'acupuncture appropri\u00e9s pour l'auto-application<\/li>\n<li>Un petit programme de Qi Gong \u00e0 essayer tout de suite<\/li>\n<li>Autres conseils int\u00e9ressants, par exemple dans le domaine de l'alimentation<\/li>\n<\/ul>\n<\/li>\n<li><strong>Rester durablement en \u00e9quilibre<\/strong><br \/>R\u00e9p\u00e9tez l'analyse dans 4 \u00e0 6 mois pour suivre vos progr\u00e8s et ajuster vos recommandations.<\/li>\n<\/ol>\n\n\t\t<\/div>\n\t\t\t\t\n<style>\n#col-1944367805 > .col-inner {\n  max-width: 800px;\n}\n<\/style>\n\t<\/div>\n\n\t\n\n<\/div>\n<div class=\"row row-collapse align-center\"  id=\"row-988932556\">\n\n\n\t<div id=\"col-1643148387\" class=\"col small-12 large-12\"  >\n\t\t\t\t<div class=\"col-inner text-center\"  >\n\t\t\t\n\t\t\t\n\n<div class=\"row row-collapse align-center\"  id=\"row-1150448047\">\n\n\n\t<div id=\"col-1239944558\" class=\"col small-12 large-12\"  >\n\t\t\t\t<div class=\"col-inner text-left\"  >\n\t\t\t\n\t\t\t\n\n<h3>Tes avantages<\/h3>\n<ul class=\"check\">\n<li>Plus d'\u00e9nergie au quotidien<\/li>\n<li>Une conscience accrue de son corps<\/li>\n<li>Un bien-\u00eatre durable<\/li>\n<\/ul>\n<h3>Tes connaissances<\/h3>\n<ul class=\"check\">\n<li>Un aper\u00e7u clair de ta situation \u00e9nerg\u00e9tique<\/li>\n<li>Des conseils concrets que tu peux mettre en pratique imm\u00e9diatement<\/li>\n<\/ul>\n<h3>Pleine \u00e9nergie en avant<\/h3>\n<p>Gr\u00e2ce \u00e0 ton analyse MTC, tu entames un nouveau cycle \u00e9nerg\u00e9tique - plein de clart\u00e9, de force et de fra\u00eecheur.<\/p>\n\n\t\t<\/div>\n\t\t\t\t\n<style>\n#col-1239944558 > .col-inner {\n  max-width: 800px;\n}\n<\/style>\n\t<\/div>\n\n\t\n\n<\/div>\n\t<div id=\"gap-1077435587\" class=\"gap-element clearfix\" style=\"display:block; height:auto;\">\n\t\t\n<style>\n#gap-1077435587 {\n  padding-top: 20px;\n}\n<\/style>\n\t<\/div>\n\t\n\n\n\t\t<\/div>\n\t\t\t\t\n<style>\n#col-1643148387 > .col-inner {\n  padding: 0px 0px 16px 0px;\n  max-width: 960px;\n}\n<\/style>\n\t<\/div>\n\n\t\n\n<\/div>\n<div class=\"row row-collapse align-center\"  id=\"row-1613739373\">\n\n\n\n<\/div>\n<div class=\"row row-collapse align-center\"  id=\"row-336733918\">\n\n\n\t<div id=\"col-1867138907\" class=\"col small-12 large-12\"  >\n\t\t\t\t<div class=\"col-inner text-center\"  >\n\t\t\t\n\t\t\t\n\n<h2>Ce que tu dois encore savoir<\/h2>\n\n\t\t<\/div>\n\t\t\t\t\n<style>\n#col-1867138907 > .col-inner {\n  max-width: 960px;\n}\n<\/style>\n\t<\/div>\n\n\t\n\n<\/div>\n<div class=\"row row-collapse align-center\"  id=\"row-703815932\">\n\n\n\t<div id=\"col-1541178048\" class=\"col small-12 large-12\"  >\n\t\t\t\t<div class=\"col-inner text-left\"  >\n\t\t\t\n\t\t\t\n\n<p>Ton analyse MTC ne remplace pas la visite chez le m\u00e9decin MTC avec diagnostic du pouls, de la langue et du visage.<\/p>\n<p><strong>IMPORTANT :<\/strong> Tes donn\u00e9es seront utilis\u00e9es exclusivement pour l'\u00e9valuation unique et seront ensuite supprim\u00e9es conform\u00e9ment au RGPD - nous attachons la plus grande importance \u00e0 la protection des donn\u00e9es.<\/p>\n\n\t\t<\/div>\n\t\t\t\t\n<style>\n#col-1541178048 > .col-inner {\n  max-width: 800px;\n}\n<\/style>\n\t<\/div>\n\n\t\n\n<\/div>\n\n\t\t<\/div>\n\n\t\t\n<style>\n#section_1713290685 {\n  padding-top: 0px;\n  padding-bottom: 0px;\n}\n<\/style>\n\t<\/section>\n\t\n\t<div id=\"gap-743311887\" class=\"gap-element clearfix\" style=\"display:block; height:auto;\">\n\t\t\n<style>\n#gap-743311887 {\n  padding-top: 40px;\n}\n<\/style>\n\t<\/div>\n\t\n\n\n\t<section class=\"section single-button\" id=\"section_941781405\">\n\t\t<div class=\"section-bg fill\" >\n\t\t\t\t\t\t\t\t\t\n\t\t\t\n\n\t\t<\/div>\n\n\t\t\n\n\t\t<div class=\"section-content relative\">\n\t\t\t\n\n<div class=\"row row-collapse align-center\"  id=\"row-361530598\">\n\n\n\t<div id=\"col-1839958929\" class=\"col small-12 large-12\"  >\n\t\t\t\t<div class=\"col-inner text-center\"  >\n\t\t\t\n\t\t\t\n\n<a href=\"\/fr\/questionnaire-tcm\/\" class=\"button primary box-shadow-1 expand button-with-arrow\" style=\"border-radius:6px;\">\n\t\t<span>Analyse MTC D\u00e9marrer maintenant<\/span>\n\t<\/a>\n\n\n\t<div id=\"gap-102713356\" class=\"gap-element clearfix\" style=\"display:block; height:auto;\">\n\t\t\n<style>\n#gap-102713356 {\n  padding-top: 20px;\n}\n<\/style>\n\t<\/div>\n\t\n\n<p style=\"text-align: center;\"><strong>Commence d\u00e8s maintenant ton analyse MTC - pour plus de clart\u00e9, de force et d'\u00e9quilibre !<\/strong><\/p>\n\n\t\t<\/div>\n\t\t\t\t\n<style>\n#col-1839958929 > .col-inner {\n  max-width: 800px;\n}\n<\/style>\n\t<\/div>\n\n\t\n\n<\/div>\n\n\t\t<\/div>\n\n\t\t\n<style>\n#section_941781405 {\n  padding-top: 0px;\n  padding-bottom: 0px;\n}\n<\/style>\n\t<\/section>\n\t\n\n\n\n<style>\nul.check { padding: 8px 0 0 0; }\n.question-text p { margin-left: 20px; }\nul.square {\n    list-style: none;\n    padding: 10px 0 0 0;\n    margin: 0;\n}\nul.square li {\n    padding-left: 2px;\n    text-indent: -26px;\n    margin-left: 20px;\n}\nul.yellow li:before {\n    color: #ffb600;\n}\nul.square li:before {\n    content: \"\u25a0\";\n    font-size: 30px;\n    font-family: Arial, Helvetica, sans-serif;\n    line-height: 0;\n    margin-right: 4px;\n    position: relative;\n}\n.row.opening-question {\n    background-color: #fff;\n    padding: 10px;\n    border-radius: 10px;\n    border: 1px solid #000a0d;\n}\n@media only screen and (max-width: 799px) {\n.opening-question .medium-1 {\n    flex-basis: 100%;\n    max-width: 100%;\n}\n.opening-question .medium-1  img {\n    max-height: 70px;\n    margin-bottom: 20px;\n}\n@media only screen and (max-width: 480px) {\n\t.button span {\n\t\tline-height: 1.3;\n\t}\n}\n<\/style>","protected":false},"excerpt":{"rendered":"","protected":false},"author":3,"featured_media":0,"parent":0,"menu_order":0,"comment_status":"closed","ping_status":"closed","template":"page-blank.php","meta":{"_acf_changed":false,"footnotes":""},"class_list":["post-18250","page","type-page","status-publish","hentry"],"acf":[],"yoast_head":"<!-- This site is optimized with the Yoast SEO plugin v27.1.1 - https:\/\/yoast.com\/product\/yoast-seo-wordpress\/ -->\n<title>Deine TCM\u2013Analyse | meine-TCM.com<\/title>\n<meta name=\"description\" content=\"Erhalte in wenigen Minuten Dein pers\u00f6nliches Energieprofil mit der TCM\u2013Analyse\u00a0\u2014 ma\u00dfgeschneiderte Kr\u00e4uter\u2013, Akupunktur\u2013 und Qi\u00a0Gong\u2013Tipps f\u00fcr mehr Balance und Vitalit\u00e4t.\" \/>\n<meta name=\"robots\" content=\"index, follow, max-snippet:-1, max-image-preview:large, max-video-preview:-1\" \/>\n<link rel=\"canonical\" href=\"https:\/\/www.meine-tcm.com\/fr\/analyse-tcm\/\" \/>\n<meta property=\"og:locale\" content=\"fr_FR\" \/>\n<meta property=\"og:type\" content=\"article\" \/>\n<meta property=\"og:title\" content=\"Deine TCM\u2013Analyse | meine-TCM.com\" \/>\n<meta property=\"og:description\" content=\"Erhalte in wenigen Minuten Dein pers\u00f6nliches Energieprofil mit der TCM\u2013Analyse\u00a0\u2014 ma\u00dfgeschneiderte Kr\u00e4uter\u2013, Akupunktur\u2013 und Qi\u00a0Gong\u2013Tipps f\u00fcr mehr Balance und Vitalit\u00e4t.\" \/>\n<meta property=\"og:url\" content=\"https:\/\/www.meine-tcm.com\/fr\/analyse-tcm\/\" \/>\n<meta property=\"og:site_name\" content=\"meine TCM | Traditionelle Chinesische Medizin einfach erkl\u00e4rt\" \/>\n<meta property=\"article:modified_time\" content=\"2025-07-30T12:57:56+00:00\" \/>\n<meta name=\"twitter:card\" content=\"summary_large_image\" \/>\n<meta name=\"twitter:label1\" content=\"Dur\u00e9e de lecture estim\u00e9e\" \/>\n\t<meta name=\"twitter:data1\" content=\"4 minutes\" \/>\n<script type=\"application\/ld+json\" class=\"yoast-schema-graph\">{\"@context\":\"https:\/\/schema.org\",\"@graph\":[{\"@type\":\"WebPage\",\"@id\":\"https:\/\/www.meine-tcm.com\/tcm-analyse\/\",\"url\":\"https:\/\/www.meine-tcm.com\/tcm-analyse\/\",\"name\":\"Deine TCM\u2013Analyse | meine-TCM.com\",\"isPartOf\":{\"@id\":\"https:\/\/www.meine-tcm.com\/#website\"},\"datePublished\":\"2025-04-17T15:44:51+00:00\",\"dateModified\":\"2025-07-30T12:57:56+00:00\",\"description\":\"Erhalte in wenigen Minuten Dein pers\u00f6nliches Energieprofil mit der TCM\u2013Analyse\u00a0\u2014 ma\u00dfgeschneiderte Kr\u00e4uter\u2013, Akupunktur\u2013 und Qi\u00a0Gong\u2013Tipps f\u00fcr mehr Balance und Vitalit\u00e4t.\",\"breadcrumb\":{\"@id\":\"https:\/\/www.meine-tcm.com\/tcm-analyse\/#breadcrumb\"},\"inLanguage\":\"fr-FR\",\"potentialAction\":[{\"@type\":\"ReadAction\",\"target\":[\"https:\/\/www.meine-tcm.com\/tcm-analyse\/\"]}]},{\"@type\":\"BreadcrumbList\",\"@id\":\"https:\/\/www.meine-tcm.com\/tcm-analyse\/#breadcrumb\",\"itemListElement\":[{\"@type\":\"ListItem\",\"position\":1,\"name\":\"Home\",\"item\":\"https:\/\/www.meine-tcm.com\/\"},{\"@type\":\"ListItem\",\"position\":2,\"name\":\"Deine TCM\u2013Analyse\"}]},{\"@type\":\"WebSite\",\"@id\":\"https:\/\/www.meine-tcm.com\/#website\",\"url\":\"https:\/\/www.meine-tcm.com\/\",\"name\":\"meine TCM | Traditionelle Chinesische Medizin einfach erkl\u00e4rt\",\"description\":\"Einfach gesund bleiben\",\"publisher\":{\"@id\":\"https:\/\/www.meine-tcm.com\/#organization\"},\"potentialAction\":[{\"@type\":\"SearchAction\",\"target\":{\"@type\":\"EntryPoint\",\"urlTemplate\":\"https:\/\/www.meine-tcm.com\/?s={search_term_string}\"},\"query-input\":{\"@type\":\"PropertyValueSpecification\",\"valueRequired\":true,\"valueName\":\"search_term_string\"}}],\"inLanguage\":\"fr-FR\"},{\"@type\":\"Organization\",\"@id\":\"https:\/\/www.meine-tcm.com\/#organization\",\"name\":\"meine-TCM.com \u2014 Traditionelle chinesische Medizin einfach erkl\u00e4rt\",\"url\":\"https:\/\/www.meine-tcm.com\/\",\"logo\":{\"@type\":\"ImageObject\",\"inLanguage\":\"fr-FR\",\"@id\":\"https:\/\/www.meine-tcm.com\/#\/schema\/logo\/image\/\",\"url\":\"https:\/\/www.meine-tcm.com\/wp-content\/uploads\/2022\/08\/meine-tcm-traditionelle-chinesische-medizin-einfach-erklaert.png\",\"contentUrl\":\"https:\/\/www.meine-tcm.com\/wp-content\/uploads\/2022\/08\/meine-tcm-traditionelle-chinesische-medizin-einfach-erklaert.png\",\"width\":559,\"height\":479,\"caption\":\"meine-TCM.com \u2014 Traditionelle chinesische Medizin einfach erkl\u00e4rt\"},\"image\":{\"@id\":\"https:\/\/www.meine-tcm.com\/#\/schema\/logo\/image\/\"},\"sameAs\":[\"https:\/\/www.instagram.com\/meinetcm\/\",\"https:\/\/www.youtube.com\/@EinfachbesserLeben\"]}]}<\/script>\n<!-- \/ Yoast SEO plugin. -->","yoast_head_json":{"title":"Ton analyse MTC | mon-TCM.com","description":"Obtenez en quelques minutes votre profil \u00e9nerg\u00e9tique personnel gr\u00e2ce \u00e0 l'analyse MTC - des conseils sur mesure en mati\u00e8re d'herbes, d'acupuncture et de Qi Gong pour plus d'\u00e9quilibre et de vitalit\u00e9.","robots":{"index":"index","follow":"follow","max-snippet":"max-snippet:-1","max-image-preview":"max-image-preview:large","max-video-preview":"max-video-preview:-1"},"canonical":"https:\/\/www.meine-tcm.com\/fr\/analyse-tcm\/","og_locale":"fr_FR","og_type":"article","og_title":"Deine TCM\u2013Analyse | meine-TCM.com","og_description":"Erhalte in wenigen Minuten Dein pers\u00f6nliches Energieprofil mit der TCM\u2013Analyse\u00a0\u2014 ma\u00dfgeschneiderte Kr\u00e4uter\u2013, Akupunktur\u2013 und Qi\u00a0Gong\u2013Tipps f\u00fcr mehr Balance und Vitalit\u00e4t.","og_url":"https:\/\/www.meine-tcm.com\/fr\/analyse-tcm\/","og_site_name":"meine TCM | Traditionelle Chinesische Medizin einfach erkl\u00e4rt","article_modified_time":"2025-07-30T12:57:56+00:00","twitter_card":"summary_large_image","twitter_misc":{"Dur\u00e9e de lecture estim\u00e9e":"4 minutes"},"schema":{"@context":"https:\/\/schema.org","@graph":[{"@type":"WebPage","@id":"https:\/\/www.meine-tcm.com\/tcm-analyse\/","url":"https:\/\/www.meine-tcm.com\/tcm-analyse\/","name":"Ton analyse MTC | mon-TCM.com","isPartOf":{"@id":"https:\/\/www.meine-tcm.com\/#website"},"datePublished":"2025-04-17T15:44:51+00:00","dateModified":"2025-07-30T12:57:56+00:00","description":"Obtenez en quelques minutes votre profil \u00e9nerg\u00e9tique personnel gr\u00e2ce \u00e0 l'analyse MTC - des conseils sur mesure en mati\u00e8re d'herbes, d'acupuncture et de Qi Gong pour plus d'\u00e9quilibre et de vitalit\u00e9.","breadcrumb":{"@id":"https:\/\/www.meine-tcm.com\/tcm-analyse\/#breadcrumb"},"inLanguage":"fr-FR","potentialAction":[{"@type":"ReadAction","target":["https:\/\/www.meine-tcm.com\/tcm-analyse\/"]}]},{"@type":"BreadcrumbList","@id":"https:\/\/www.meine-tcm.com\/tcm-analyse\/#breadcrumb","itemListElement":[{"@type":"ListItem","position":1,"name":"Home","item":"https:\/\/www.meine-tcm.com\/"},{"@type":"ListItem","position":2,"name":"Deine TCM\u2013Analyse"}]},{"@type":"WebSite","@id":"https:\/\/www.meine-tcm.com\/#website","url":"https:\/\/www.meine-tcm.com\/","name":"meine MTC | La m\u00e9decine traditionnelle chinoise expliqu\u00e9e simplement","description":"Rester en bonne sant\u00e9, tout simplement","publisher":{"@id":"https:\/\/www.meine-tcm.com\/#organization"},"potentialAction":[{"@type":"SearchAction","target":{"@type":"EntryPoint","urlTemplate":"https:\/\/www.meine-tcm.com\/?s={search_term_string}"},"query-input":{"@type":"PropertyValueSpecification","valueRequired":true,"valueName":"search_term_string"}}],"inLanguage":"fr-FR"},{"@type":"Organization","@id":"https:\/\/www.meine-tcm.com\/#organization","name":"mon-TCM.com - La m\u00e9decine traditionnelle chinoise expliqu\u00e9e simplement","url":"https:\/\/www.meine-tcm.com\/","logo":{"@type":"ImageObject","inLanguage":"fr-FR","@id":"https:\/\/www.meine-tcm.com\/#\/schema\/logo\/image\/","url":"https:\/\/www.meine-tcm.com\/wp-content\/uploads\/2022\/08\/meine-tcm-traditionelle-chinesische-medizin-einfach-erklaert.png","contentUrl":"https:\/\/www.meine-tcm.com\/wp-content\/uploads\/2022\/08\/meine-tcm-traditionelle-chinesische-medizin-einfach-erklaert.png","width":559,"height":479,"caption":"meine-TCM.com \u2014 Traditionelle chinesische Medizin einfach erkl\u00e4rt"},"image":{"@id":"https:\/\/www.meine-tcm.com\/#\/schema\/logo\/image\/"},"sameAs":["https:\/\/www.instagram.com\/meinetcm\/","https:\/\/www.youtube.com\/@EinfachbesserLeben"]}]}},"wps_subtitle":"","_links":{"self":[{"href":"https:\/\/www.meine-tcm.com\/fr\/wp-json\/wp\/v2\/pages\/18250","targetHints":{"allow":["GET"]}}],"collection":[{"href":"https:\/\/www.meine-tcm.com\/fr\/wp-json\/wp\/v2\/pages"}],"about":[{"href":"https:\/\/www.meine-tcm.com\/fr\/wp-json\/wp\/v2\/types\/page"}],"author":[{"embeddable":true,"href":"https:\/\/www.meine-tcm.com\/fr\/wp-json\/wp\/v2\/users\/3"}],"replies":[{"embeddable":true,"href":"https:\/\/www.meine-tcm.com\/fr\/wp-json\/wp\/v2\/comments?post=18250"}],"version-history":[{"count":0,"href":"https:\/\/www.meine-tcm.com\/fr\/wp-json\/wp\/v2\/pages\/18250\/revisions"}],"wp:attachment":[{"href":"https:\/\/www.meine-tcm.com\/fr\/wp-json\/wp\/v2\/media?parent=18250"}],"curies":[{"name":"wp","href":"https:\/\/api.w.org\/{rel}","templated":true}]}}