{"id":12,"date":"2020-03-09T10:53:08","date_gmt":"2020-03-09T09:53:08","guid":{"rendered":"https:\/\/www.tcmapo.de\/widerrufsbelehrung\/"},"modified":"2022-07-28T18:47:54","modified_gmt":"2022-07-28T16:47:54","slug":"information-sur-le-droit-de-retractation","status":"publish","type":"page","link":"https:\/\/www.meine-tcm.com\/fr\/information-sur-le-droit-de-retractation\/","title":{"rendered":"Informations sur le droit de r\u00e9tractation"},"content":{"rendered":"<section class=\"section h1-h3\" id=\"section_205204645\">\n\t\t<div class=\"section-bg fill\" >\n\t\t\t\t\t\t\t\t\t\n\t\t\t\n\n\t\t<\/div>\n\n\t\t\n\n\t\t<div class=\"section-content relative\">\n\t\t\t\n\n<div class=\"row row-collapse align-center\"  id=\"row-2107444303\">\n\n\n\t<div id=\"col-1073926403\" class=\"col small-12 large-12\"  >\n\t\t\t\t<div class=\"col-inner text-center\"  >\n\t\t\t\n\t\t\t\n\n<h1>Informations sur le droit de r\u00e9tractation<\/h1>\n\n\t\t<\/div>\n\t\t\t\t\n<style>\n#col-1073926403 > .col-inner {\n  max-width: 960px;\n}\n<\/style>\n\t<\/div>\n\n\t\n\n<\/div>\n\n\t\t<\/div>\n\n\t\t\n<style>\n#section_205204645 {\n  padding-top: 0px;\n  padding-bottom: 0px;\n}\n<\/style>\n\t<\/section>\n\t\n\t<div id=\"gap-670857580\" class=\"gap-element clearfix\" style=\"display:block; height:auto;\">\n\t\t\n<style>\n#gap-670857580 {\n  padding-top: 40px;\n}\n<\/style>\n\t<\/div>\n\t\n\n\n\t<section class=\"section text\" id=\"section_969242964\">\n\t\t<div class=\"section-bg fill\" >\n\t\t\t\t\t\t\t\t\t\n\t\t\t\n\n\t\t<\/div>\n\n\t\t\n\n\t\t<div class=\"section-content relative\">\n\t\t\t\n\n<div class=\"row row-collapse align-center\"  id=\"row-220830098\">\n\n\n\t<div id=\"col-529004641\" class=\"col small-12 large-12\"  >\n\t\t\t\t<div class=\"col-inner text-left\"  >\n\t\t\t\n\t\t\t\n\n<h3>Droit de r\u00e9tractation<\/h3>\n<p>Tu as le droit de te r\u00e9tracter de ce contrat dans un d\u00e9lai de quatorze jours sans donner de raisons.<\/p>\n<p>Le d\u00e9lai de r\u00e9tractation est de quatorze jours \u00e0 compter du jour o\u00f9 toi ou un tiers d\u00e9sign\u00e9 par toi et qui n'est pas le transporteur, a pris possession des marchandises.<\/p>\n<p>Pour exercer ton droit de r\u00e9tractation, tu dois nous informer (EBL Media Production OG, Andreas-Hofer-Strasse 29, 6020 Innsbruck, Autriche) de ta d\u00e9cision de te r\u00e9tracter du pr\u00e9sent contrat au moyen d'une d\u00e9claration claire (par exemple, une lettre envoy\u00e9e par la poste, un fax ou un e-mail). Pour ce faire, tu peux utiliser le mod\u00e8le de formulaire de r\u00e9tractation ci-joint, qui n'est toutefois pas obligatoire.<\/p>\n<p>Pour que le d\u00e9lai de r\u00e9tractation soit respect\u00e9, il suffit que tu envoies la communication relative \u00e0 l'exercice du droit de r\u00e9tractation avant l'expiration du d\u00e9lai de r\u00e9tractation.<\/p>\n<h3>Cons\u00e9quences de la r\u00e9tractation<\/h3>\n<p>Si tu r\u00e9voques ce contrat, nous te rembourserons tous les paiements que nous avons re\u00e7us de toi, y compris les frais de livraison (\u00e0 l'exception des frais suppl\u00e9mentaires r\u00e9sultant du fait que tu as choisi un mode de livraison autre que le mode de livraison standard le moins cher que nous proposons), sans d\u00e9lai et au plus tard dans les quatorze jours \u00e0 compter de la date \u00e0 laquelle nous avons re\u00e7u la communication de ta r\u00e9vocation de ce contrat. Pour ce remboursement, nous utilisons le m\u00eame moyen de paiement que celui que tu as utilis\u00e9 lors de la transaction initiale, \u00e0 moins qu'il n'en ait \u00e9t\u00e9 express\u00e9ment convenu autrement avec toi ; en aucun cas, des frais ne te seront factur\u00e9s pour ce remboursement. Nous pouvons refuser de te rembourser jusqu'\u00e0 ce que nous ayons r\u00e9cup\u00e9r\u00e9 les marchandises ou jusqu'\u00e0 ce que tu nous aies fourni la preuve que tu as renvoy\u00e9 les marchandises, la date retenue \u00e9tant la plus proche.<\/p>\n<p>Tu dois nous renvoyer ou nous remettre les marchandises sans d\u00e9lai et, dans tous les cas, au plus tard dans les quatorze jours suivant la date \u00e0 laquelle tu nous as inform\u00e9s de la r\u00e9vocation de ce contrat. Le d\u00e9lai est respect\u00e9 si tu renvoies les marchandises avant l'expiration du d\u00e9lai de quatorze jours.<\/p>\n<p>Les frais directs de renvoi des marchandises sont \u00e0 ta charge. Tu ne dois payer pour une \u00e9ventuelle perte de valeur des marchandises que si cette perte de valeur est due \u00e0 une manipulation non n\u00e9cessaire pour v\u00e9rifier la nature, les caract\u00e9ristiques et le fonctionnement des marchandises.<\/p>\n<h3>Mod\u00e8le de formulaire de r\u00e9tractation<\/h3>\n<p>(Si tu veux annuler le contrat, remplis ce formulaire et renvoie-le).<\/p>\n<p>- A<\/p>\n<p>EBL Media Production OG<br>29, rue Andreas Hofer<br>Dans la cour derri\u00e8re la haie de bambous<br>6020 Innsbruck<br>Autriche<\/p>\n<p>- Par la pr\u00e9sente, je\/nous (*) annule(ons) le contrat que j'ai\/nous avons (*) conclu pour l'achat des marchandises suivantes (*)\/la fourniture du service suivant (*)<\/p>\n<p>- Command\u00e9 le (*)\/re\u00e7u le (*)<\/p>\n<p>- Nom du\/des consommateur(s)<\/p>\n<p>- Adresse du\/des consommateur(s)<\/p>\n<p>- Signature du\/des consommateur(s) (uniquement en cas de communication sur papier)<\/p>\n<p>- Date<\/p>\n<p>___________<br>(*) Biffer la mention inutile.<\/p>\n<p><a href=\"https:\/\/www.meine-tcm.com\/fr\/conditions-generales\/\">CGV - EBL Media Production OG<\/a><\/p>\n\n\t\t<\/div>\n\t\t\t\t\n<style>\n#col-529004641 > .col-inner {\n  max-width: 800px;\n}\n<\/style>\n\t<\/div>\n\n\t\n\n<\/div>\n\n\t\t<\/div>\n\n\t\t\n<style>\n#section_969242964 {\n  padding-top: 0px;\n  padding-bottom: 0px;\n}\n<\/style>\n\t<\/section>","protected":false},"excerpt":{"rendered":"","protected":false},"author":1,"featured_media":0,"parent":0,"menu_order":0,"comment_status":"closed","ping_status":"closed","template":"","meta":{"_acf_changed":false,"footnotes":""},"class_list":["post-12","page","type-page","status-publish","hentry"],"acf":[],"yoast_head":"<!-- This site is optimized with the Yoast SEO plugin v27.1.1 - https:\/\/yoast.com\/product\/yoast-seo-wordpress\/ -->\n<title>Widerrufsbelehrung | meine-TCM.com<\/title>\n<meta name=\"description\" content=\"Hier findest du die Widerrufsbelehrung f\u00fcr den Onlineshop f\u00fcr traditionelle chinesische Medizin meine-TCM.com.\" \/>\n<meta name=\"robots\" content=\"index, follow, max-snippet:-1, max-image-preview:large, max-video-preview:-1\" \/>\n<link rel=\"canonical\" href=\"https:\/\/www.meine-tcm.com\/fr\/information-sur-le-droit-de-retractation\/\" \/>\n<meta property=\"og:locale\" content=\"fr_FR\" \/>\n<meta property=\"og:type\" content=\"article\" \/>\n<meta property=\"og:title\" content=\"Widerrufsbelehrung | meine-TCM.com\" \/>\n<meta property=\"og:description\" content=\"Hier findest du die Widerrufsbelehrung f\u00fcr den Onlineshop f\u00fcr traditionelle chinesische Medizin meine-TCM.com.\" \/>\n<meta property=\"og:url\" content=\"https:\/\/www.meine-tcm.com\/fr\/information-sur-le-droit-de-retractation\/\" \/>\n<meta property=\"og:site_name\" content=\"meine TCM | Traditionelle Chinesische Medizin einfach erkl\u00e4rt\" \/>\n<meta property=\"article:modified_time\" content=\"2022-07-28T16:47:54+00:00\" \/>\n<meta name=\"twitter:card\" content=\"summary_large_image\" \/>\n<meta name=\"twitter:label1\" content=\"Dur\u00e9e de lecture estim\u00e9e\" \/>\n\t<meta name=\"twitter:data1\" content=\"3 minutes\" \/>\n<script type=\"application\/ld+json\" class=\"yoast-schema-graph\">{\"@context\":\"https:\/\/schema.org\",\"@graph\":[{\"@type\":\"WebPage\",\"@id\":\"https:\/\/www.meine-tcm.com\/widerrufsbelehrung\/\",\"url\":\"https:\/\/www.meine-tcm.com\/widerrufsbelehrung\/\",\"name\":\"Widerrufsbelehrung | meine-TCM.com\",\"isPartOf\":{\"@id\":\"https:\/\/www.meine-tcm.com\/#website\"},\"datePublished\":\"2020-03-09T09:53:08+00:00\",\"dateModified\":\"2022-07-28T16:47:54+00:00\",\"description\":\"Hier findest du die Widerrufsbelehrung f\u00fcr den Onlineshop f\u00fcr traditionelle chinesische Medizin meine-TCM.com.\",\"breadcrumb\":{\"@id\":\"https:\/\/www.meine-tcm.com\/widerrufsbelehrung\/#breadcrumb\"},\"inLanguage\":\"fr-FR\",\"potentialAction\":[{\"@type\":\"ReadAction\",\"target\":[\"https:\/\/www.meine-tcm.com\/widerrufsbelehrung\/\"]}]},{\"@type\":\"BreadcrumbList\",\"@id\":\"https:\/\/www.meine-tcm.com\/widerrufsbelehrung\/#breadcrumb\",\"itemListElement\":[{\"@type\":\"ListItem\",\"position\":1,\"name\":\"Home\",\"item\":\"https:\/\/www.meine-tcm.com\/\"},{\"@type\":\"ListItem\",\"position\":2,\"name\":\"Widerrufsbelehrung\"}]},{\"@type\":\"WebSite\",\"@id\":\"https:\/\/www.meine-tcm.com\/#website\",\"url\":\"https:\/\/www.meine-tcm.com\/\",\"name\":\"meine TCM | Traditionelle Chinesische Medizin einfach erkl\u00e4rt\",\"description\":\"Einfach gesund bleiben\",\"publisher\":{\"@id\":\"https:\/\/www.meine-tcm.com\/#organization\"},\"potentialAction\":[{\"@type\":\"SearchAction\",\"target\":{\"@type\":\"EntryPoint\",\"urlTemplate\":\"https:\/\/www.meine-tcm.com\/?s={search_term_string}\"},\"query-input\":{\"@type\":\"PropertyValueSpecification\",\"valueRequired\":true,\"valueName\":\"search_term_string\"}}],\"inLanguage\":\"fr-FR\"},{\"@type\":\"Organization\",\"@id\":\"https:\/\/www.meine-tcm.com\/#organization\",\"name\":\"meine-TCM.com \u2014 Traditionelle chinesische Medizin einfach erkl\u00e4rt\",\"url\":\"https:\/\/www.meine-tcm.com\/\",\"logo\":{\"@type\":\"ImageObject\",\"inLanguage\":\"fr-FR\",\"@id\":\"https:\/\/www.meine-tcm.com\/#\/schema\/logo\/image\/\",\"url\":\"https:\/\/www.meine-tcm.com\/wp-content\/uploads\/2022\/08\/meine-tcm-traditionelle-chinesische-medizin-einfach-erklaert.png\",\"contentUrl\":\"https:\/\/www.meine-tcm.com\/wp-content\/uploads\/2022\/08\/meine-tcm-traditionelle-chinesische-medizin-einfach-erklaert.png\",\"width\":559,\"height\":479,\"caption\":\"meine-TCM.com \u2014 Traditionelle chinesische Medizin einfach erkl\u00e4rt\"},\"image\":{\"@id\":\"https:\/\/www.meine-tcm.com\/#\/schema\/logo\/image\/\"},\"sameAs\":[\"https:\/\/www.instagram.com\/meinetcm\/\",\"https:\/\/www.youtube.com\/@EinfachbesserLeben\"]}]}<\/script>\n<!-- \/ Yoast SEO plugin. -->","yoast_head_json":{"title":"Information sur le droit de r\u00e9tractation | mon-TCM.com","description":"Tu trouveras ici les conditions de r\u00e9tractation pour la boutique en ligne de m\u00e9decine traditionnelle chinoise mon-TCM.com.","robots":{"index":"index","follow":"follow","max-snippet":"max-snippet:-1","max-image-preview":"max-image-preview:large","max-video-preview":"max-video-preview:-1"},"canonical":"https:\/\/www.meine-tcm.com\/fr\/information-sur-le-droit-de-retractation\/","og_locale":"fr_FR","og_type":"article","og_title":"Widerrufsbelehrung | meine-TCM.com","og_description":"Hier findest du die Widerrufsbelehrung f\u00fcr den Onlineshop f\u00fcr traditionelle chinesische Medizin meine-TCM.com.","og_url":"https:\/\/www.meine-tcm.com\/fr\/information-sur-le-droit-de-retractation\/","og_site_name":"meine TCM | Traditionelle Chinesische Medizin einfach erkl\u00e4rt","article_modified_time":"2022-07-28T16:47:54+00:00","twitter_card":"summary_large_image","twitter_misc":{"Dur\u00e9e de lecture estim\u00e9e":"3 minutes"},"schema":{"@context":"https:\/\/schema.org","@graph":[{"@type":"WebPage","@id":"https:\/\/www.meine-tcm.com\/widerrufsbelehrung\/","url":"https:\/\/www.meine-tcm.com\/widerrufsbelehrung\/","name":"Information sur le droit de r\u00e9tractation | mon-TCM.com","isPartOf":{"@id":"https:\/\/www.meine-tcm.com\/#website"},"datePublished":"2020-03-09T09:53:08+00:00","dateModified":"2022-07-28T16:47:54+00:00","description":"Tu trouveras ici les conditions de r\u00e9tractation pour la boutique en ligne de m\u00e9decine traditionnelle chinoise mon-TCM.com.","breadcrumb":{"@id":"https:\/\/www.meine-tcm.com\/widerrufsbelehrung\/#breadcrumb"},"inLanguage":"fr-FR","potentialAction":[{"@type":"ReadAction","target":["https:\/\/www.meine-tcm.com\/widerrufsbelehrung\/"]}]},{"@type":"BreadcrumbList","@id":"https:\/\/www.meine-tcm.com\/widerrufsbelehrung\/#breadcrumb","itemListElement":[{"@type":"ListItem","position":1,"name":"Home","item":"https:\/\/www.meine-tcm.com\/"},{"@type":"ListItem","position":2,"name":"Widerrufsbelehrung"}]},{"@type":"WebSite","@id":"https:\/\/www.meine-tcm.com\/#website","url":"https:\/\/www.meine-tcm.com\/","name":"meine MTC | La m\u00e9decine traditionnelle chinoise expliqu\u00e9e simplement","description":"Rester en bonne sant\u00e9, tout simplement","publisher":{"@id":"https:\/\/www.meine-tcm.com\/#organization"},"potentialAction":[{"@type":"SearchAction","target":{"@type":"EntryPoint","urlTemplate":"https:\/\/www.meine-tcm.com\/?s={search_term_string}"},"query-input":{"@type":"PropertyValueSpecification","valueRequired":true,"valueName":"search_term_string"}}],"inLanguage":"fr-FR"},{"@type":"Organization","@id":"https:\/\/www.meine-tcm.com\/#organization","name":"mon-TCM.com - La m\u00e9decine traditionnelle chinoise expliqu\u00e9e simplement","url":"https:\/\/www.meine-tcm.com\/","logo":{"@type":"ImageObject","inLanguage":"fr-FR","@id":"https:\/\/www.meine-tcm.com\/#\/schema\/logo\/image\/","url":"https:\/\/www.meine-tcm.com\/wp-content\/uploads\/2022\/08\/meine-tcm-traditionelle-chinesische-medizin-einfach-erklaert.png","contentUrl":"https:\/\/www.meine-tcm.com\/wp-content\/uploads\/2022\/08\/meine-tcm-traditionelle-chinesische-medizin-einfach-erklaert.png","width":559,"height":479,"caption":"meine-TCM.com \u2014 Traditionelle chinesische Medizin einfach erkl\u00e4rt"},"image":{"@id":"https:\/\/www.meine-tcm.com\/#\/schema\/logo\/image\/"},"sameAs":["https:\/\/www.instagram.com\/meinetcm\/","https:\/\/www.youtube.com\/@EinfachbesserLeben"]}]}},"wps_subtitle":"","_links":{"self":[{"href":"https:\/\/www.meine-tcm.com\/fr\/wp-json\/wp\/v2\/pages\/12","targetHints":{"allow":["GET"]}}],"collection":[{"href":"https:\/\/www.meine-tcm.com\/fr\/wp-json\/wp\/v2\/pages"}],"about":[{"href":"https:\/\/www.meine-tcm.com\/fr\/wp-json\/wp\/v2\/types\/page"}],"author":[{"embeddable":true,"href":"https:\/\/www.meine-tcm.com\/fr\/wp-json\/wp\/v2\/users\/1"}],"replies":[{"embeddable":true,"href":"https:\/\/www.meine-tcm.com\/fr\/wp-json\/wp\/v2\/comments?post=12"}],"version-history":[{"count":0,"href":"https:\/\/www.meine-tcm.com\/fr\/wp-json\/wp\/v2\/pages\/12\/revisions"}],"wp:attachment":[{"href":"https:\/\/www.meine-tcm.com\/fr\/wp-json\/wp\/v2\/media?parent=12"}],"curies":[{"name":"wp","href":"https:\/\/api.w.org\/{rel}","templated":true}]}}