{"id":11,"date":"2020-03-09T10:53:08","date_gmt":"2020-03-09T09:53:08","guid":{"rendered":"https:\/\/www.tcmapo.de\/agb\/"},"modified":"2025-09-28T14:16:46","modified_gmt":"2025-09-28T12:16:46","slug":"conditions-generales","status":"publish","type":"page","link":"https:\/\/www.meine-tcm.com\/fr\/conditions-generales\/","title":{"rendered":"CGV"},"content":{"rendered":"<section class=\"section h1-h3\" id=\"section_1130083776\">\n\t\t<div class=\"section-bg fill\" >\n\t\t\t\t\t\t\t\t\t\n\t\t\t\n\n\t\t<\/div>\n\n\t\t\n\n\t\t<div class=\"section-content relative\">\n\t\t\t\n\n<div class=\"row row-collapse align-center\"  id=\"row-294189020\">\n\n\n\t<div id=\"col-419744294\" class=\"col small-12 large-12\"  >\n\t\t\t\t<div class=\"col-inner text-center\"  >\n\t\t\t\n\t\t\t\n\n<h1>Conditions g\u00e9n\u00e9rales de vente<\/h1>\n\n\t\t<\/div>\n\t\t\t\t\n<style>\n#col-419744294 > .col-inner {\n  max-width: 960px;\n}\n<\/style>\n\t<\/div>\n\n\t\n\n<\/div>\n\n\t\t<\/div>\n\n\t\t\n<style>\n#section_1130083776 {\n  padding-top: 0px;\n  padding-bottom: 0px;\n}\n<\/style>\n\t<\/section>\n\t\n\t<div id=\"gap-1383797709\" class=\"gap-element clearfix\" style=\"display:block; height:auto;\">\n\t\t\n<style>\n#gap-1383797709 {\n  padding-top: 40px;\n}\n<\/style>\n\t<\/div>\n\t\n\n\n\t<section class=\"section text\" id=\"section_64751676\">\n\t\t<div class=\"section-bg fill\" >\n\t\t\t\t\t\t\t\t\t\n\t\t\t\n\n\t\t<\/div>\n\n\t\t\n\n\t\t<div class=\"section-content relative\">\n\t\t\t\n\n<div class=\"row row-collapse align-center max-width-800\"  id=\"row-859820946\">\n\n\n\t<div id=\"col-1427386698\" class=\"col small-12 large-12\"  >\n\t\t\t\t<div class=\"col-inner text-left\"  >\n\t\t\t\n\t\t\t\n\n<p>Conditions contractuelles dans le cadre des contrats d'achat conclus via la plateforme <a href=\"https:\/\/www.meine-tcm.com\/fr\/\">www.meine-tcm.com<\/a><\/p>\n<p>entre<\/p>\n\n\t\t<\/div>\n\t\t\t\t\n<style>\n#col-1427386698 > .col-inner {\n  max-width: 800px;\n}\n<\/style>\n\t<\/div>\n\n\t\n\n\t<div id=\"col-812488586\" class=\"col margin-auto medium-8 small-12 large-8\"  >\n\t\t\t\t<div class=\"col-inner text-left\"  >\n\t\t\t\n\t\t\t\n\n<p><em><strong><a href=\"https:\/\/www.youtube.com\/@Einfachbesserleben\" target=\"_blank\" rel=\"noopener\">Vivre mieux, tout simplement<\/a> (YouTube)<\/strong><\/em><br \/>EBL Media Production OG<br \/>29, rue Andreas Hofer<br \/>6020 Innsbruck<br \/>Autriche<\/p>\n<p>- ci-apr\u00e8s d\u00e9nomm\u00e9 \"fournisseur\" -<\/p>\n<p><\/p>\n\n\t\t<\/div>\n\t\t\t\t\t<\/div>\n\n\t\n\n\t<div id=\"col-1470219225\" class=\"col margin-auto medium-4 small-12 large-4\"  >\n\t\t\t\t<div class=\"col-inner text-left\"  >\n\t\t\t\n\t\t\t\n\n\t<div class=\"img has-hover x md-x lg-x y md-y lg-y\" id=\"image_1323553665\">\n\t\t\t\t\t\t\t\t<div class=\"img-inner dark\" >\n\t\t\t<img loading=\"lazy\" decoding=\"async\" width=\"360\" height=\"360\" src=\"https:\/\/www.meine-tcm.com\/wp-content\/uploads\/2020\/08\/wolfgang-von-ebl.png\" class=\"attachment-large size-large\" alt=\"Portrait de Wolfgang\" srcset=\"https:\/\/www.meine-tcm.com\/wp-content\/uploads\/2020\/08\/wolfgang-von-ebl.png 360w, https:\/\/www.meine-tcm.com\/wp-content\/uploads\/2020\/08\/wolfgang-von-ebl-100x100.png 100w, https:\/\/www.meine-tcm.com\/wp-content\/uploads\/2020\/08\/wolfgang-von-ebl-280x280.png 280w\" sizes=\"auto, (max-width: 360px) 100vw, 360px\" title=\"Wolfgang von EBL - ma MTC\" \/>\t\t\t\t\t\t\n\t\t\t\t\t<\/div>\n\t\t\t\t\t\t\t\t\n<style>\n#image_1323553665 {\n  width: 100%;\n}\n<\/style>\n\t<\/div>\n\t\n\n\t<div id=\"text-2994629471\" class=\"text\">\n\t\t\n\n<p style=\"font-size: 18px; text-align: center; line-height: 1.4;\"><em>Wolfgang de \u201eVivre mieux, tout simplement\u201c<\/em><\/p>\n\t\t\n<style>\n#text-2994629471 {\n  text-align: center;\n}\n<\/style>\n\t<\/div>\n\t\n\n\t\t<\/div>\n\t\t\t\t\n<style>\n#col-1470219225 > .col-inner {\n  max-width: 800px;\n}\n<\/style>\n\t<\/div>\n\n\t\n\n\t<div id=\"col-918583837\" class=\"col margin-auto small-12 large-12\"  >\n\t\t\t\t<div class=\"col-inner text-center\"  >\n\t\t\t\n\t\t\t\n\n<p>et<\/p>\n<p>sont conclus entre les utilisateurs de cette plate-forme d\u00e9sign\u00e9s au \u00a7 2 des pr\u00e9sentes CGV - ci-apr\u00e8s d\u00e9nomm\u00e9s \"client\/client\".<\/p>\n<h3>\u00a7 1 Champ d'application, d\u00e9finitions<\/h3>\n<p>(1) La relation commerciale entre le fournisseur et le client est exclusivement r\u00e9gie par les conditions g\u00e9n\u00e9rales de vente suivantes, dans leur version en vigueur au moment de la commande. Les conditions divergentes du client ne sont pas reconnues, \u00e0 moins que le fournisseur n'accepte express\u00e9ment leur validit\u00e9 par \u00e9crit.<\/p>\n<p>(2) La vente de produits num\u00e9riques est soumise aux restrictions qui ressortent de la description du produit ou qui d\u00e9coulent autrement des circonstances, notamment les accords de licence accompagnant les produits num\u00e9riques. En cas de doute, seule l'utilisation priv\u00e9e et commerciale est accord\u00e9e, sans droit de revente ou de sous-licence.<\/p>\n<h3>\u00a7 2 Conclusion du contrat<\/h3>\n<p>(1) Le client peut choisir des produits dans l'assortiment du fournisseur et les rassembler dans ce que l'on appelle un panier en cliquant sur le bouton \u201eAjouter au panier\u201c. En cliquant sur le bouton \u201eAcheter maintenant\u201c, il fait une demande ferme d'achat des marchandises se trouvant dans le panier. Avant d'envoyer sa commande, le client peut \u00e0 tout moment modifier et consulter ses donn\u00e9es.<\/p>\n<p>(2) Le fournisseur envoie ensuite au client un accus\u00e9 de r\u00e9ception automatique par e-mail avec pour objet \"Confirmation de ta commande chez Einfach besser leben\", dans lequel la commande du client est \u00e0 nouveau mentionn\u00e9e et que le client peut imprimer via la fonction \"Imprimer\". La commande du client (1) constitue ici l'offre de conclusion du contrat avec le contenu respectif du panier d'achat. La confirmation de r\u00e9ception (confirmation de commande) constitue l'acceptation de l'offre par le fournisseur. Celle-ci r\u00e9sume le contenu de la commande. Dans cet e-mail ou dans un e-mail s\u00e9par\u00e9, mais au plus tard lors de la livraison de la marchandise, le texte du contrat (comprenant la commande, les CGV et la confirmation de commande) est envoy\u00e9 par nos soins au client sur un support de donn\u00e9es durable (e-mail ou impression papier). Le texte du contrat est enregistr\u00e9 dans le respect de la protection des donn\u00e9es.<\/p>\n<p>(3) La conclusion du contrat se fait dans les langues : Allemand.<\/p>\n<h3>\u00a7 3 Livraison, disponibilit\u00e9 des marchandises, modalit\u00e9s de paiement<\/h3>\n<p>(1) Les d\u00e9lais de livraison que nous indiquons sont calcul\u00e9s \u00e0 partir de la date de notre confirmation de commande (\u00a7 2 (2) des pr\u00e9sentes conditions g\u00e9n\u00e9rales), \u00e0 condition que le prix d'achat ait \u00e9t\u00e9 pay\u00e9 au pr\u00e9alable.<\/p>\n<p>(2) Si le produit d\u00e9sign\u00e9 par le client dans la commande n'est que temporairement indisponible, le fournisseur en informe \u00e9galement le client sans d\u00e9lai. En cas de retard de livraison de plus de deux semaines, le client a le droit de r\u00e9silier le contrat. Par ailleurs, dans ce cas, le fournisseur a \u00e9galement le droit de r\u00e9silier le contrat. Dans ce cas, il remboursera imm\u00e9diatement les paiements \u00e9ventuellement d\u00e9j\u00e0 effectu\u00e9s par le client.<\/p>\n<p>(3) Le client peut effectuer le paiement par paiement anticip\u00e9, PayPal, PayPal Checkout, carte de cr\u00e9dit (Stripe), SOFORT.<\/p>\n<p>(4) Le paiement du prix d'achat est d\u00fb imm\u00e9diatement \u00e0 la conclusion du contrat. Si l'\u00e9ch\u00e9ance du paiement est d\u00e9termin\u00e9e en fonction du calendrier, le client est d\u00e9j\u00e0 en retard si l'\u00e9ch\u00e9ance n'est pas respect\u00e9e.<\/p>\n<h3>\u00a7 4 R\u00e9serve de propri\u00e9t\u00e9<\/h3>\n<p>Jusqu'au paiement complet du prix d'achat, les marchandises livr\u00e9es restent la propri\u00e9t\u00e9 du fournisseur.<\/p>\n<h3>\u00a7 5 Prix et frais d'exp\u00e9dition<\/h3>\n<p>(1) Tous les prix indiqu\u00e9s sur le site Web du fournisseur comprennent la taxe sur la valeur ajout\u00e9e l\u00e9gale en vigueur.<\/p>\n<p>(2) Les frais d'exp\u00e9dition correspondants sont indiqu\u00e9s au client dans le formulaire de commande et sont \u00e0 la charge du client, dans la mesure o\u00f9 le client ne fait pas usage d'un \u00e9ventuel droit de r\u00e9tractation.<\/p>\n<p>(3) En cas de r\u00e9tractation, le client doit prendre en charge les frais directs de renvoi.<\/p>\n<h3>\u00a7 6 Garantie contre les d\u00e9fauts mat\u00e9riels<\/h3>\n<p>(1) Le fournisseur est responsable des d\u00e9fauts mat\u00e9riels conform\u00e9ment aux dispositions l\u00e9gales applicables en la mati\u00e8re, notamment les \u00a7\u00a7 434 et suivants. BGB (CODE CIVIL ALLEMAND). Pour les entreprises, le d\u00e9lai de garantie sur les objets livr\u00e9s par le fournisseur est de 12 mois.<\/p>\n<h3>\u00a7 7 Responsabilit\u00e9<\/h3>\n<p>(1) Les droits du client \u00e0 des dommages et int\u00e9r\u00eats sont exclus. En sont exclues les demandes de dommages et int\u00e9r\u00eats du client pour atteinte \u00e0 la vie, au corps, \u00e0 la sant\u00e9 ou pour violation d'obligations contractuelles essentielles (obligations cardinales) ainsi que la responsabilit\u00e9 pour d'autres dommages r\u00e9sultant d'une violation intentionnelle ou par n\u00e9gligence grave des obligations du fournisseur, de ses repr\u00e9sentants l\u00e9gaux ou de ses auxiliaires d'ex\u00e9cution. Les obligations contractuelles essentielles sont celles dont l'ex\u00e9cution est n\u00e9cessaire pour atteindre l'objectif du contrat.<\/p>\n<p>(2) En cas de violation d'obligations contractuelles essentielles, le fournisseur n'est responsable que des dommages pr\u00e9visibles et typiques du contrat, si ceux-ci ont \u00e9t\u00e9 caus\u00e9s par une simple n\u00e9gligence, \u00e0 moins qu'il ne s'agisse de demandes de dommages et int\u00e9r\u00eats du client pour atteinte \u00e0 la vie, au corps ou \u00e0 la sant\u00e9.<\/p>\n<p>(3) Les restrictions des paragraphes 1 et 2 s'appliquent \u00e9galement en faveur des repr\u00e9sentants l\u00e9gaux et des auxiliaires d'ex\u00e9cution du fournisseur, si des r\u00e9clamations sont faites directement contre eux.<\/p>\n<p>(4) Les dispositions de la loi sur la responsabilit\u00e9 du fait des produits ne sont pas affect\u00e9es.<\/p>\n<h3>8. d\u00e9sistement \/ annulation de retraites<\/h3>\n<h4>8.1 Annulation par le participant :<\/h4>\n<p>Une annulation de la retraite est possible \u00e0 tout moment, mais doit \u00eatre faite par \u00e9crit (un e-mail suffit). Les conditions d'annulation suivantes s'appliquent :<\/p>\n<p>Annulation jusqu'\u00e0 45 jours avant le d\u00e9but de la retraite : sans frais.<\/p>\n<p>Annulation de 45 \u00e0 30 jours avant le d\u00e9but de la retraite : 50 % du prix du cours seront retenus.<\/p>\n<p>Annulation moins de 30 jours avant le d\u00e9but de la retraite : 100 % du prix du cours seront retenus.<\/p>\n<h4>8.2 Recommandation d'une assurance voyage :<\/h4>\n<p>Nous vous recommandons de souscrire une assurance voyage et annulation, par exemple aupr\u00e8s de l'Europ\u00e9enne Assurance Voyages SA(www.europaeische.at), afin de vous pr\u00e9munir en cas de maladie ou d'autres impr\u00e9vus.<\/p>\n<h4>8.3 Annulation par l'organisateur :<\/h4>\n<p>L'organisateur se r\u00e9serve le droit d'annuler la retraite si le nombre minimum de participants n'est pas atteint, si l'animateur est malade ou en cas de force majeure. Dans ce cas, le prix int\u00e9gral du cours sera rembours\u00e9. Il n'existe aucun autre droit.<\/p>\n<h3>\u00a7 9 Dispositions finales<\/h3>\n<p>(1) Les contrats entre le fournisseur et les clients sont r\u00e9gis par le droit de la R\u00e9publique f\u00e9d\u00e9rale d'Allemagne, \u00e0 l'exclusion de la Convention des Nations Unies sur les contrats de vente internationale de marchandises et du droit priv\u00e9 international.<\/p>\n<p>(2) Si le client est un commer\u00e7ant, une personne morale de droit public ou un fonds sp\u00e9cial de droit public, le tribunal comp\u00e9tent pour tous les litiges r\u00e9sultant des relations contractuelles entre le client et le fournisseur est le si\u00e8ge du fournisseur.<\/p>\n<p>(3) M\u00eame si certains points sont juridiquement inefficaces, le contrat reste obligatoire dans ses autres parties. Les dispositions l\u00e9gales remplacent les points invalides, le cas \u00e9ch\u00e9ant. Toutefois, dans la mesure o\u00f9 cela repr\u00e9senterait une difficult\u00e9 inacceptable pour l'une des parties, le contrat devient caduc dans son ensemble.<div class=\"woocommerce woocommerce-gzd woocommerce-gzd-complaints-shortcode\">\n\t\t\t<h3>Information en vertu de l'article 19 (3) AStG<\/h3>\n\t\t<p>Alternative Dispute Resolution Act - Boutiques en ligne<\/p>\n\t\nNous ne sommes pas tenus de participer \u00e0 une proc\u00e9dure de r\u00e8glement des litiges devant un organisme de conciliation des consommateurs et ne sommes pas dispos\u00e9s \u00e0 le faire.<\/div>\n\n\t\t<\/div>\n\t\t\t\t\n<style>\n#col-918583837 > .col-inner {\n  max-width: 800px;\n}\n<\/style>\n\t<\/div>\n\n\t\n\n<\/div>\n\n\n<style>\n\n.margin-auto,\n.margin-auto .col-inner {\n  margin: auto !important;\n}\n\n.max-width-800 {\n  max-width: 800px !important;\n}\n\n<\/style>\n\n\n\t\t<\/div>\n\n\t\t\n<style>\n#section_64751676 {\n  padding-top: 0px;\n  padding-bottom: 0px;\n}\n<\/style>\n\t<\/section>","protected":false},"excerpt":{"rendered":"","protected":false},"author":1,"featured_media":0,"parent":0,"menu_order":0,"comment_status":"closed","ping_status":"closed","template":"","meta":{"_acf_changed":false,"footnotes":""},"class_list":["post-11","page","type-page","status-publish","hentry"],"acf":[],"yoast_head":"<!-- This site is optimized with the Yoast SEO plugin v27.1.1 - https:\/\/yoast.com\/product\/yoast-seo-wordpress\/ -->\n<title>AGB | meine-TCM.com<\/title>\n<meta name=\"description\" content=\"Hier findest du die allgemeinen Gesch\u00e4ftsbedingungen (AGB) von meine-TCM.com. Erl\u00e4utert werden unsere Vertragsbedingungen.\" \/>\n<meta name=\"robots\" content=\"index, follow, max-snippet:-1, max-image-preview:large, max-video-preview:-1\" \/>\n<link rel=\"canonical\" href=\"https:\/\/www.meine-tcm.com\/fr\/conditions-generales\/\" \/>\n<meta property=\"og:locale\" content=\"fr_FR\" \/>\n<meta property=\"og:type\" content=\"article\" \/>\n<meta property=\"og:title\" content=\"AGB | meine-TCM.com\" \/>\n<meta property=\"og:description\" content=\"Hier findest du die allgemeinen Gesch\u00e4ftsbedingungen (AGB) von meine-TCM.com. Erl\u00e4utert werden unsere Vertragsbedingungen.\" \/>\n<meta property=\"og:url\" content=\"https:\/\/www.meine-tcm.com\/fr\/conditions-generales\/\" \/>\n<meta property=\"og:site_name\" content=\"meine TCM | Traditionelle Chinesische Medizin einfach erkl\u00e4rt\" \/>\n<meta property=\"article:modified_time\" content=\"2025-09-28T12:16:46+00:00\" \/>\n<meta name=\"twitter:card\" content=\"summary_large_image\" \/>\n<meta name=\"twitter:label1\" content=\"Dur\u00e9e de lecture estim\u00e9e\" \/>\n\t<meta name=\"twitter:data1\" content=\"5 minutes\" \/>\n<script type=\"application\/ld+json\" class=\"yoast-schema-graph\">{\"@context\":\"https:\/\/schema.org\",\"@graph\":[{\"@type\":\"WebPage\",\"@id\":\"https:\/\/www.meine-tcm.com\/agb\/\",\"url\":\"https:\/\/www.meine-tcm.com\/agb\/\",\"name\":\"AGB | meine-TCM.com\",\"isPartOf\":{\"@id\":\"https:\/\/www.meine-tcm.com\/#website\"},\"datePublished\":\"2020-03-09T09:53:08+00:00\",\"dateModified\":\"2025-09-28T12:16:46+00:00\",\"description\":\"Hier findest du die allgemeinen Gesch\u00e4ftsbedingungen (AGB) von meine-TCM.com. Erl\u00e4utert werden unsere Vertragsbedingungen.\",\"breadcrumb\":{\"@id\":\"https:\/\/www.meine-tcm.com\/agb\/#breadcrumb\"},\"inLanguage\":\"fr-FR\",\"potentialAction\":[{\"@type\":\"ReadAction\",\"target\":[\"https:\/\/www.meine-tcm.com\/agb\/\"]}]},{\"@type\":\"BreadcrumbList\",\"@id\":\"https:\/\/www.meine-tcm.com\/agb\/#breadcrumb\",\"itemListElement\":[{\"@type\":\"ListItem\",\"position\":1,\"name\":\"Home\",\"item\":\"https:\/\/www.meine-tcm.com\/\"},{\"@type\":\"ListItem\",\"position\":2,\"name\":\"AGB\"}]},{\"@type\":\"WebSite\",\"@id\":\"https:\/\/www.meine-tcm.com\/#website\",\"url\":\"https:\/\/www.meine-tcm.com\/\",\"name\":\"meine TCM | Traditionelle Chinesische Medizin einfach erkl\u00e4rt\",\"description\":\"Einfach gesund bleiben\",\"publisher\":{\"@id\":\"https:\/\/www.meine-tcm.com\/#organization\"},\"potentialAction\":[{\"@type\":\"SearchAction\",\"target\":{\"@type\":\"EntryPoint\",\"urlTemplate\":\"https:\/\/www.meine-tcm.com\/?s={search_term_string}\"},\"query-input\":{\"@type\":\"PropertyValueSpecification\",\"valueRequired\":true,\"valueName\":\"search_term_string\"}}],\"inLanguage\":\"fr-FR\"},{\"@type\":\"Organization\",\"@id\":\"https:\/\/www.meine-tcm.com\/#organization\",\"name\":\"meine-TCM.com \u2014 Traditionelle chinesische Medizin einfach erkl\u00e4rt\",\"url\":\"https:\/\/www.meine-tcm.com\/\",\"logo\":{\"@type\":\"ImageObject\",\"inLanguage\":\"fr-FR\",\"@id\":\"https:\/\/www.meine-tcm.com\/#\/schema\/logo\/image\/\",\"url\":\"https:\/\/www.meine-tcm.com\/wp-content\/uploads\/2022\/08\/meine-tcm-traditionelle-chinesische-medizin-einfach-erklaert.png\",\"contentUrl\":\"https:\/\/www.meine-tcm.com\/wp-content\/uploads\/2022\/08\/meine-tcm-traditionelle-chinesische-medizin-einfach-erklaert.png\",\"width\":559,\"height\":479,\"caption\":\"meine-TCM.com \u2014 Traditionelle chinesische Medizin einfach erkl\u00e4rt\"},\"image\":{\"@id\":\"https:\/\/www.meine-tcm.com\/#\/schema\/logo\/image\/\"},\"sameAs\":[\"https:\/\/www.instagram.com\/meinetcm\/\",\"https:\/\/www.youtube.com\/@EinfachbesserLeben\"]}]}<\/script>\n<!-- \/ Yoast SEO plugin. -->","yoast_head_json":{"title":"Conditions g\u00e9n\u00e9rales | mon-TCM.com","description":"Tu trouveras ici les conditions g\u00e9n\u00e9rales de vente (CGV) de mon-TCM.com. Nos conditions contractuelles y sont expliqu\u00e9es.","robots":{"index":"index","follow":"follow","max-snippet":"max-snippet:-1","max-image-preview":"max-image-preview:large","max-video-preview":"max-video-preview:-1"},"canonical":"https:\/\/www.meine-tcm.com\/fr\/conditions-generales\/","og_locale":"fr_FR","og_type":"article","og_title":"AGB | meine-TCM.com","og_description":"Hier findest du die allgemeinen Gesch\u00e4ftsbedingungen (AGB) von meine-TCM.com. Erl\u00e4utert werden unsere Vertragsbedingungen.","og_url":"https:\/\/www.meine-tcm.com\/fr\/conditions-generales\/","og_site_name":"meine TCM | Traditionelle Chinesische Medizin einfach erkl\u00e4rt","article_modified_time":"2025-09-28T12:16:46+00:00","twitter_card":"summary_large_image","twitter_misc":{"Dur\u00e9e de lecture estim\u00e9e":"5 minutes"},"schema":{"@context":"https:\/\/schema.org","@graph":[{"@type":"WebPage","@id":"https:\/\/www.meine-tcm.com\/agb\/","url":"https:\/\/www.meine-tcm.com\/agb\/","name":"Conditions g\u00e9n\u00e9rales | mon-TCM.com","isPartOf":{"@id":"https:\/\/www.meine-tcm.com\/#website"},"datePublished":"2020-03-09T09:53:08+00:00","dateModified":"2025-09-28T12:16:46+00:00","description":"Tu trouveras ici les conditions g\u00e9n\u00e9rales de vente (CGV) de mon-TCM.com. Nos conditions contractuelles y sont expliqu\u00e9es.","breadcrumb":{"@id":"https:\/\/www.meine-tcm.com\/agb\/#breadcrumb"},"inLanguage":"fr-FR","potentialAction":[{"@type":"ReadAction","target":["https:\/\/www.meine-tcm.com\/agb\/"]}]},{"@type":"BreadcrumbList","@id":"https:\/\/www.meine-tcm.com\/agb\/#breadcrumb","itemListElement":[{"@type":"ListItem","position":1,"name":"Home","item":"https:\/\/www.meine-tcm.com\/"},{"@type":"ListItem","position":2,"name":"AGB"}]},{"@type":"WebSite","@id":"https:\/\/www.meine-tcm.com\/#website","url":"https:\/\/www.meine-tcm.com\/","name":"meine MTC | La m\u00e9decine traditionnelle chinoise expliqu\u00e9e simplement","description":"Rester en bonne sant\u00e9, tout simplement","publisher":{"@id":"https:\/\/www.meine-tcm.com\/#organization"},"potentialAction":[{"@type":"SearchAction","target":{"@type":"EntryPoint","urlTemplate":"https:\/\/www.meine-tcm.com\/?s={search_term_string}"},"query-input":{"@type":"PropertyValueSpecification","valueRequired":true,"valueName":"search_term_string"}}],"inLanguage":"fr-FR"},{"@type":"Organization","@id":"https:\/\/www.meine-tcm.com\/#organization","name":"mon-TCM.com - La m\u00e9decine traditionnelle chinoise expliqu\u00e9e simplement","url":"https:\/\/www.meine-tcm.com\/","logo":{"@type":"ImageObject","inLanguage":"fr-FR","@id":"https:\/\/www.meine-tcm.com\/#\/schema\/logo\/image\/","url":"https:\/\/www.meine-tcm.com\/wp-content\/uploads\/2022\/08\/meine-tcm-traditionelle-chinesische-medizin-einfach-erklaert.png","contentUrl":"https:\/\/www.meine-tcm.com\/wp-content\/uploads\/2022\/08\/meine-tcm-traditionelle-chinesische-medizin-einfach-erklaert.png","width":559,"height":479,"caption":"meine-TCM.com \u2014 Traditionelle chinesische Medizin einfach erkl\u00e4rt"},"image":{"@id":"https:\/\/www.meine-tcm.com\/#\/schema\/logo\/image\/"},"sameAs":["https:\/\/www.instagram.com\/meinetcm\/","https:\/\/www.youtube.com\/@EinfachbesserLeben"]}]}},"wps_subtitle":"","_links":{"self":[{"href":"https:\/\/www.meine-tcm.com\/fr\/wp-json\/wp\/v2\/pages\/11","targetHints":{"allow":["GET"]}}],"collection":[{"href":"https:\/\/www.meine-tcm.com\/fr\/wp-json\/wp\/v2\/pages"}],"about":[{"href":"https:\/\/www.meine-tcm.com\/fr\/wp-json\/wp\/v2\/types\/page"}],"author":[{"embeddable":true,"href":"https:\/\/www.meine-tcm.com\/fr\/wp-json\/wp\/v2\/users\/1"}],"replies":[{"embeddable":true,"href":"https:\/\/www.meine-tcm.com\/fr\/wp-json\/wp\/v2\/comments?post=11"}],"version-history":[{"count":14,"href":"https:\/\/www.meine-tcm.com\/fr\/wp-json\/wp\/v2\/pages\/11\/revisions"}],"predecessor-version":[{"id":21944,"href":"https:\/\/www.meine-tcm.com\/fr\/wp-json\/wp\/v2\/pages\/11\/revisions\/21944"}],"wp:attachment":[{"href":"https:\/\/www.meine-tcm.com\/fr\/wp-json\/wp\/v2\/media?parent=11"}],"curies":[{"name":"wp","href":"https:\/\/api.w.org\/{rel}","templated":true}]}}