{"id":10,"date":"2020-03-09T10:53:08","date_gmt":"2020-03-09T09:53:08","guid":{"rendered":"https:\/\/www.tcmapo.de\/impressum\/"},"modified":"2023-05-28T15:19:59","modified_gmt":"2023-05-28T13:19:59","slug":"mentions-legales","status":"publish","type":"page","link":"https:\/\/www.meine-tcm.com\/fr\/impressum\/","title":{"rendered":"Mentions l\u00e9gales"},"content":{"rendered":"<section class=\"section h1-h3\" id=\"section_122850640\">\n\t\t<div class=\"section-bg fill\" >\n\t\t\t\t\t\t\t\t\t\n\t\t\t\n\n\t\t<\/div>\n\n\t\t\n\n\t\t<div class=\"section-content relative\">\n\t\t\t\n\n<div class=\"row row-collapse align-center\"  id=\"row-1322081251\">\n\n\n\t<div id=\"col-433407521\" class=\"col small-12 large-12\"  >\n\t\t\t\t<div class=\"col-inner text-center\"  >\n\t\t\t\n\t\t\t\n\n<h1>Mentions l\u00e9gales<\/h1>\n\n\t\t<\/div>\n\t\t\t\t\n<style>\n#col-433407521 > .col-inner {\n  max-width: 960px;\n}\n<\/style>\n\t<\/div>\n\n\t\n\n<\/div>\n\n\t\t<\/div>\n\n\t\t\n<style>\n#section_122850640 {\n  padding-top: 0px;\n  padding-bottom: 0px;\n}\n<\/style>\n\t<\/section>\n\t\n\t<div id=\"gap-1461387185\" class=\"gap-element clearfix\" style=\"display:block; height:auto;\">\n\t\t\n<style>\n#gap-1461387185 {\n  padding-top: 40px;\n}\n<\/style>\n\t<\/div>\n\t\n\n\n\t<section class=\"section text\" id=\"section_1392847708\">\n\t\t<div class=\"section-bg fill\" >\n\t\t\t\t\t\t\t\t\t\n\t\t\t\n\n\t\t<\/div>\n\n\t\t\n\n\t\t<div class=\"section-content relative\">\n\t\t\t\n\n<div class=\"row row-collapse align-center\"  id=\"row-563915673\">\n\n\n\t<div id=\"col-610028108\" class=\"col small-12 large-12\"  >\n\t\t\t\t<div class=\"col-inner text-left\"  >\n\t\t\t\n\t\t\t\n\n<p><strong>Adresse :<\/strong><\/p>\n<p>EBL Media Production OG<br>29, rue Andreas Hofer<br>6020 Innsbruck, Autriche<\/p>\n<p><strong>T\u00e9l\u00e9phone :<\/strong> +43 (0)650 9107636<\/p>\n<p><strong>E-mail :<\/strong> <a href=\"mailto:office@ebl-24.com\">office@ebl-24.com<\/a><\/p>\n<p><strong>Internet<\/strong>:<br><a href=\"https:\/\/www.meine-tcm.com\/fr\/\">https:\/\/www.meine-tcm.com<\/a>,<br><a href=\"https:\/\/www.ebl-24.com\" target=\"_blank\" rel=\"noopener noreferrer\">https:\/\/www.ebl-24.com<\/a><\/p>\n<p><strong>Ann\u00e9e de fondation :<\/strong> 2016<br><strong>Directeur g\u00e9n\u00e9ral :<\/strong> Johannes Brugger<br><strong>Les associ\u00e9s :<\/strong> Johannes Brugger, Wolfgang Stemer, Marina Mrkonja, Joachim Wolf<\/p>\n<p><strong>Objet de l'entreprise :<\/strong> \u00c9conomie du cin\u00e9ma et de la musique<\/p>\n<p>La boutique en ligne sert \u00e0 promouvoir et \u00e0 vendre des biens et des services que nous distribuons, ainsi qu'\u00e0 pr\u00e9senter notre entreprise.<\/p>\n<p><strong>L\u00e9gislation sur les activit\u00e9s commerciales :<br><\/strong>Le code du commerce s'applique \u00e0 EBL Media Production OG.<\/p>\n<p><strong>Chambre et association professionnelle :<br><\/strong>EBL Media Production OG est membre de la Chambre de Commerce du Tyrol, FV Film- und Musikwirtschaft (\u00e9conomie du film et de la musique)<\/p>\n<p><a href=\"https:\/\/firmen.wko.at\/Web\/DetailsKontakt.aspx?FirmaID=a474e639-9358-4a0e-bed0-8d84ac2e871d&amp;StandortID=0&amp;Suchbegriff=EBL+Media+Production+Og&amp;Page=1\"><img loading=\"lazy\" decoding=\"async\" class=\"alignleft wp-image-947 size-full\" src=\"https:\/\/shop.ebl-24.com\/wp-content\/uploads\/2018\/07\/wko-bild.gif\" alt=\"\" width=\"169\" height=\"23\"><\/a><\/p>\n<p>&nbsp;<\/p>\n<p><strong>Autorit\u00e9 de surveillance :<\/strong> Municipalit\u00e9 de la ville d'Innsbruck<\/p>\n<p><strong>Num\u00e9ro d'enregistrement de la soci\u00e9t\u00e9 :<\/strong> FN 455679 t<\/p>\n<p><strong>Tribunal du registre des entreprises :<\/strong> Tribunal r\u00e9gional d'Innsbruck<\/p>\n<p><strong>N\u00b0 de TVA<\/strong> ATU71290346<\/p>\n<p>\u200b<strong>Coordonn\u00e9es bancaires<\/strong>:<\/p>\n<p><strong>BTV Innsbruck<br><\/strong><strong>CODE BANCAIRE :<\/strong> 16000<br><strong>Compte :<\/strong> 00100613077<\/p>\n<p><strong>IBAN :<\/strong> AT291600000100613077<br><strong>BIC :<\/strong> BTVAAT22XXX<\/p>\n<p><strong>Pr\u00e9sence sur les m\u00e9dias sociaux :<br><\/strong>Ces mentions l\u00e9gales s'appliquent \u00e9galement \u00e0 nos pr\u00e9sences sur Facebook <a href=\"https:\/\/www.facebook.com\/channel.ebl\/\" target=\"_blank\" rel=\"noopener noreferrer\">Vivre mieux, tout simplement<\/a>, ainsi que pour notre <a href=\"https:\/\/www.youtube.com\/channel\/UCmmgF9wkZw4ITeacm_LU7Qw\" target=\"_blank\" rel=\"noopener noreferrer\">Cha\u00eene Youtube<\/a> et notre <a href=\"https:\/\/twitter.com\/channelEBL\" target=\"_blank\" rel=\"noopener noreferrer\">Profil Twitter<\/a>.<\/p>\n<div class=\"woocommerce woocommerce-gzd woocommerce-gzd-complaints-shortcode\">\n\t\t\t<h3>Information en vertu de l'article 19 (3) AStG<\/h3>\n\t\t<p>Alternative Dispute Resolution Act - Boutiques en ligne<\/p>\n\t\nNous ne sommes pas tenus de participer \u00e0 une proc\u00e9dure de r\u00e8glement des litiges devant un organisme de conciliation des consommateurs et ne sommes pas dispos\u00e9s \u00e0 le faire.<\/div>\n\n\t\t<\/div>\n\t\t\t\t\n<style>\n#col-610028108 > .col-inner {\n  max-width: 800px;\n}\n<\/style>\n\t<\/div>\n\n\t\n\n<\/div>\n\n\t\t<\/div>\n\n\t\t\n<style>\n#section_1392847708 {\n  padding-top: 0px;\n  padding-bottom: 0px;\n}\n<\/style>\n\t<\/section>","protected":false},"excerpt":{"rendered":"","protected":false},"author":1,"featured_media":285,"parent":0,"menu_order":0,"comment_status":"closed","ping_status":"closed","template":"","meta":{"_acf_changed":false,"footnotes":""},"class_list":["post-10","page","type-page","status-publish","has-post-thumbnail","hentry"],"acf":[],"yoast_head":"<!-- This site is optimized with the Yoast SEO plugin v27.3 - https:\/\/yoast.com\/product\/yoast-seo-wordpress\/ -->\n<title>Impressum | meine-TCM.com<\/title>\n<meta name=\"description\" content=\"Wer steht hinter der Online Platform f\u00fcr traditionelle chinesische Medizin meine-TCM.com erf\u00e4hrst du hier. Alle Angaben.\" \/>\n<meta name=\"robots\" content=\"index, follow, max-snippet:-1, max-image-preview:large, max-video-preview:-1\" \/>\n<link rel=\"canonical\" href=\"https:\/\/www.meine-tcm.com\/fr\/mentions-legales\/\" \/>\n<meta property=\"og:locale\" content=\"fr_FR\" \/>\n<meta property=\"og:type\" content=\"article\" \/>\n<meta property=\"og:title\" content=\"Impressum | meine-TCM.com\" \/>\n<meta property=\"og:description\" content=\"Wer steht hinter der Online Platform f\u00fcr traditionelle chinesische Medizin meine-TCM.com erf\u00e4hrst du hier. Alle Angaben.\" \/>\n<meta property=\"og:url\" content=\"https:\/\/www.meine-tcm.com\/fr\/mentions-legales\/\" \/>\n<meta property=\"og:site_name\" content=\"meine TCM | Traditionelle Chinesische Medizin einfach erkl\u00e4rt\" \/>\n<meta property=\"article:modified_time\" content=\"2023-05-28T13:19:59+00:00\" \/>\n<meta property=\"og:image\" content=\"https:\/\/www.meine-tcm.com\/wp-content\/uploads\/2020\/08\/meine-tcm-traditionelle-chinesische-medizin.png\" \/>\n\t<meta property=\"og:image:width\" content=\"348\" \/>\n\t<meta property=\"og:image:height\" content=\"332\" \/>\n\t<meta property=\"og:image:type\" content=\"image\/png\" \/>\n<meta name=\"twitter:card\" content=\"summary_large_image\" \/>\n<meta name=\"twitter:label1\" content=\"Dur\u00e9e de lecture estim\u00e9e\" \/>\n\t<meta name=\"twitter:data1\" content=\"1 minute\" \/>\n<script type=\"application\/ld+json\" class=\"yoast-schema-graph\">{\"@context\":\"https:\\\/\\\/schema.org\",\"@graph\":[{\"@type\":\"WebPage\",\"@id\":\"https:\\\/\\\/www.meine-tcm.com\\\/impressum\\\/\",\"url\":\"https:\\\/\\\/www.meine-tcm.com\\\/impressum\\\/\",\"name\":\"Impressum | meine-TCM.com\",\"isPartOf\":{\"@id\":\"https:\\\/\\\/www.meine-tcm.com\\\/#website\"},\"primaryImageOfPage\":{\"@id\":\"https:\\\/\\\/www.meine-tcm.com\\\/impressum\\\/#primaryimage\"},\"image\":{\"@id\":\"https:\\\/\\\/www.meine-tcm.com\\\/impressum\\\/#primaryimage\"},\"thumbnailUrl\":\"https:\\\/\\\/www.meine-tcm.com\\\/wp-content\\\/uploads\\\/2020\\\/08\\\/meine-tcm-traditionelle-chinesische-medizin.png\",\"datePublished\":\"2020-03-09T09:53:08+00:00\",\"dateModified\":\"2023-05-28T13:19:59+00:00\",\"description\":\"Wer steht hinter der Online Platform f\u00fcr traditionelle chinesische Medizin meine-TCM.com erf\u00e4hrst du hier. Alle Angaben.\",\"breadcrumb\":{\"@id\":\"https:\\\/\\\/www.meine-tcm.com\\\/impressum\\\/#breadcrumb\"},\"inLanguage\":\"fr-FR\",\"potentialAction\":[{\"@type\":\"ReadAction\",\"target\":[\"https:\\\/\\\/www.meine-tcm.com\\\/impressum\\\/\"]}]},{\"@type\":\"ImageObject\",\"inLanguage\":\"fr-FR\",\"@id\":\"https:\\\/\\\/www.meine-tcm.com\\\/impressum\\\/#primaryimage\",\"url\":\"https:\\\/\\\/www.meine-tcm.com\\\/wp-content\\\/uploads\\\/2020\\\/08\\\/meine-tcm-traditionelle-chinesische-medizin.png\",\"contentUrl\":\"https:\\\/\\\/www.meine-tcm.com\\\/wp-content\\\/uploads\\\/2020\\\/08\\\/meine-tcm-traditionelle-chinesische-medizin.png\",\"width\":348,\"height\":332,\"caption\":\"meine TCM \u2014 Traditionelle Chinesische Medizin einfach erkl\u00e4rt\"},{\"@type\":\"BreadcrumbList\",\"@id\":\"https:\\\/\\\/www.meine-tcm.com\\\/impressum\\\/#breadcrumb\",\"itemListElement\":[{\"@type\":\"ListItem\",\"position\":1,\"name\":\"Home\",\"item\":\"https:\\\/\\\/www.meine-tcm.com\\\/\"},{\"@type\":\"ListItem\",\"position\":2,\"name\":\"Impressum\"}]},{\"@type\":\"WebSite\",\"@id\":\"https:\\\/\\\/www.meine-tcm.com\\\/#website\",\"url\":\"https:\\\/\\\/www.meine-tcm.com\\\/\",\"name\":\"meine TCM | Traditionelle Chinesische Medizin einfach erkl\u00e4rt\",\"description\":\"Einfach gesund bleiben\",\"publisher\":{\"@id\":\"https:\\\/\\\/www.meine-tcm.com\\\/#organization\"},\"potentialAction\":[{\"@type\":\"SearchAction\",\"target\":{\"@type\":\"EntryPoint\",\"urlTemplate\":\"https:\\\/\\\/www.meine-tcm.com\\\/?s={search_term_string}\"},\"query-input\":{\"@type\":\"PropertyValueSpecification\",\"valueRequired\":true,\"valueName\":\"search_term_string\"}}],\"inLanguage\":\"fr-FR\"},{\"@type\":\"Organization\",\"@id\":\"https:\\\/\\\/www.meine-tcm.com\\\/#organization\",\"name\":\"meine-TCM.com \u2014 Traditionelle chinesische Medizin einfach erkl\u00e4rt\",\"url\":\"https:\\\/\\\/www.meine-tcm.com\\\/\",\"logo\":{\"@type\":\"ImageObject\",\"inLanguage\":\"fr-FR\",\"@id\":\"https:\\\/\\\/www.meine-tcm.com\\\/#\\\/schema\\\/logo\\\/image\\\/\",\"url\":\"https:\\\/\\\/www.meine-tcm.com\\\/wp-content\\\/uploads\\\/2022\\\/08\\\/meine-tcm-traditionelle-chinesische-medizin-einfach-erklaert.png\",\"contentUrl\":\"https:\\\/\\\/www.meine-tcm.com\\\/wp-content\\\/uploads\\\/2022\\\/08\\\/meine-tcm-traditionelle-chinesische-medizin-einfach-erklaert.png\",\"width\":559,\"height\":479,\"caption\":\"meine-TCM.com \u2014 Traditionelle chinesische Medizin einfach erkl\u00e4rt\"},\"image\":{\"@id\":\"https:\\\/\\\/www.meine-tcm.com\\\/#\\\/schema\\\/logo\\\/image\\\/\"},\"sameAs\":[\"https:\\\/\\\/www.instagram.com\\\/meinetcm\\\/\",\"https:\\\/\\\/www.youtube.com\\\/@EinfachbesserLeben\"]}]}<\/script>\n<!-- \/ Yoast SEO plugin. -->","yoast_head_json":{"title":"Mentions l\u00e9gales | mon-TCM.com","description":"Qui se cache derri\u00e8re la plateforme en ligne de m\u00e9decine traditionnelle chinoise mon-TCM.com, tu peux le d\u00e9couvrir ici. Toutes les donn\u00e9es.","robots":{"index":"index","follow":"follow","max-snippet":"max-snippet:-1","max-image-preview":"max-image-preview:large","max-video-preview":"max-video-preview:-1"},"canonical":"https:\/\/www.meine-tcm.com\/fr\/mentions-legales\/","og_locale":"fr_FR","og_type":"article","og_title":"Impressum | meine-TCM.com","og_description":"Wer steht hinter der Online Platform f\u00fcr traditionelle chinesische Medizin meine-TCM.com erf\u00e4hrst du hier. Alle Angaben.","og_url":"https:\/\/www.meine-tcm.com\/fr\/mentions-legales\/","og_site_name":"meine TCM | Traditionelle Chinesische Medizin einfach erkl\u00e4rt","article_modified_time":"2023-05-28T13:19:59+00:00","og_image":[{"width":348,"height":332,"url":"https:\/\/www.meine-tcm.com\/wp-content\/uploads\/2020\/08\/meine-tcm-traditionelle-chinesische-medizin.png","type":"image\/png"}],"twitter_card":"summary_large_image","twitter_misc":{"Dur\u00e9e de lecture estim\u00e9e":"1 minute"},"schema":{"@context":"https:\/\/schema.org","@graph":[{"@type":"WebPage","@id":"https:\/\/www.meine-tcm.com\/impressum\/","url":"https:\/\/www.meine-tcm.com\/impressum\/","name":"Mentions l\u00e9gales | mon-TCM.com","isPartOf":{"@id":"https:\/\/www.meine-tcm.com\/#website"},"primaryImageOfPage":{"@id":"https:\/\/www.meine-tcm.com\/impressum\/#primaryimage"},"image":{"@id":"https:\/\/www.meine-tcm.com\/impressum\/#primaryimage"},"thumbnailUrl":"https:\/\/www.meine-tcm.com\/wp-content\/uploads\/2020\/08\/meine-tcm-traditionelle-chinesische-medizin.png","datePublished":"2020-03-09T09:53:08+00:00","dateModified":"2023-05-28T13:19:59+00:00","description":"Qui se cache derri\u00e8re la plateforme en ligne de m\u00e9decine traditionnelle chinoise mon-TCM.com, tu peux le d\u00e9couvrir ici. Toutes les donn\u00e9es.","breadcrumb":{"@id":"https:\/\/www.meine-tcm.com\/impressum\/#breadcrumb"},"inLanguage":"fr-FR","potentialAction":[{"@type":"ReadAction","target":["https:\/\/www.meine-tcm.com\/impressum\/"]}]},{"@type":"ImageObject","inLanguage":"fr-FR","@id":"https:\/\/www.meine-tcm.com\/impressum\/#primaryimage","url":"https:\/\/www.meine-tcm.com\/wp-content\/uploads\/2020\/08\/meine-tcm-traditionelle-chinesische-medizin.png","contentUrl":"https:\/\/www.meine-tcm.com\/wp-content\/uploads\/2020\/08\/meine-tcm-traditionelle-chinesische-medizin.png","width":348,"height":332,"caption":"meine TCM \u2014 Traditionelle Chinesische Medizin einfach erkl\u00e4rt"},{"@type":"BreadcrumbList","@id":"https:\/\/www.meine-tcm.com\/impressum\/#breadcrumb","itemListElement":[{"@type":"ListItem","position":1,"name":"Home","item":"https:\/\/www.meine-tcm.com\/"},{"@type":"ListItem","position":2,"name":"Impressum"}]},{"@type":"WebSite","@id":"https:\/\/www.meine-tcm.com\/#website","url":"https:\/\/www.meine-tcm.com\/","name":"meine MTC | La m\u00e9decine traditionnelle chinoise expliqu\u00e9e simplement","description":"Rester en bonne sant\u00e9, tout simplement","publisher":{"@id":"https:\/\/www.meine-tcm.com\/#organization"},"potentialAction":[{"@type":"SearchAction","target":{"@type":"EntryPoint","urlTemplate":"https:\/\/www.meine-tcm.com\/?s={search_term_string}"},"query-input":{"@type":"PropertyValueSpecification","valueRequired":true,"valueName":"search_term_string"}}],"inLanguage":"fr-FR"},{"@type":"Organization","@id":"https:\/\/www.meine-tcm.com\/#organization","name":"mon-TCM.com - La m\u00e9decine traditionnelle chinoise expliqu\u00e9e simplement","url":"https:\/\/www.meine-tcm.com\/","logo":{"@type":"ImageObject","inLanguage":"fr-FR","@id":"https:\/\/www.meine-tcm.com\/#\/schema\/logo\/image\/","url":"https:\/\/www.meine-tcm.com\/wp-content\/uploads\/2022\/08\/meine-tcm-traditionelle-chinesische-medizin-einfach-erklaert.png","contentUrl":"https:\/\/www.meine-tcm.com\/wp-content\/uploads\/2022\/08\/meine-tcm-traditionelle-chinesische-medizin-einfach-erklaert.png","width":559,"height":479,"caption":"meine-TCM.com \u2014 Traditionelle chinesische Medizin einfach erkl\u00e4rt"},"image":{"@id":"https:\/\/www.meine-tcm.com\/#\/schema\/logo\/image\/"},"sameAs":["https:\/\/www.instagram.com\/meinetcm\/","https:\/\/www.youtube.com\/@EinfachbesserLeben"]}]}},"wps_subtitle":"","_links":{"self":[{"href":"https:\/\/www.meine-tcm.com\/fr\/wp-json\/wp\/v2\/pages\/10","targetHints":{"allow":["GET"]}}],"collection":[{"href":"https:\/\/www.meine-tcm.com\/fr\/wp-json\/wp\/v2\/pages"}],"about":[{"href":"https:\/\/www.meine-tcm.com\/fr\/wp-json\/wp\/v2\/types\/page"}],"author":[{"embeddable":true,"href":"https:\/\/www.meine-tcm.com\/fr\/wp-json\/wp\/v2\/users\/1"}],"replies":[{"embeddable":true,"href":"https:\/\/www.meine-tcm.com\/fr\/wp-json\/wp\/v2\/comments?post=10"}],"version-history":[{"count":0,"href":"https:\/\/www.meine-tcm.com\/fr\/wp-json\/wp\/v2\/pages\/10\/revisions"}],"wp:featuredmedia":[{"embeddable":true,"href":"https:\/\/www.meine-tcm.com\/fr\/wp-json\/wp\/v2\/media\/285"}],"wp:attachment":[{"href":"https:\/\/www.meine-tcm.com\/fr\/wp-json\/wp\/v2\/media?parent=10"}],"curies":[{"name":"wp","href":"https:\/\/api.w.org\/{rel}","templated":true}]}}