{"id":20456,"date":"2025-07-17T07:55:27","date_gmt":"2025-07-17T05:55:27","guid":{"rendered":"https:\/\/www.meine-tcm.com\/?post_type=product&#038;p=20456"},"modified":"2026-04-10T09:58:17","modified_gmt":"2026-04-10T07:58:17","slug":"xocola","status":"publish","type":"product","link":"https:\/\/www.meine-tcm.com\/es\/producto\/xocola\/","title":{"rendered":"XOCOL\u00c1"},"content":{"rendered":"<h1><strong>El mejor chocolate, sin az\u00facar convencional<\/strong><\/h1>\n<p>Este chocolate especial es una invitaci\u00f3n a todo aquel que quiera prescindir del az\u00facar, pero no del verdadero sabor. Est\u00e1 endulzado con <strong>D-tagatosis<\/strong>un az\u00facar innovador que se acerca asombrosamente al sabor del az\u00facar dom\u00e9stico, pero con un solo <strong>\u00edndice gluc\u00e9mico de 3<\/strong> tiene. Es decir: <strong>El nivel de az\u00facar en sangre se mantiene estable<\/strong>y tambi\u00e9n el <strong>La secreci\u00f3n de insulina es significativamente menor<\/strong> que el az\u00facar convencional.<\/p>\n<ul class=\"cyan\">\n<li>El punto de acupuntura <strong>Contenido de cacao de 72 %<\/strong> proporciona un sabor intenso y de m\u00faltiples capas, fuerte pero no amargo.<\/li>\n<li>La coherencia: <strong>se derrite en la boca<\/strong>suave en la lengua.<\/li>\n<li>Las jud\u00edas proceden de cultivos sostenibles y se cultivan en los llamados <strong>Proceso Bean-to-bar<\/strong> directamente al chocolate, sin rodeos ni compromisos.<\/li>\n<\/ul>\n<p>Detr\u00e1s de esta creaci\u00f3n hay aut\u00e9ntica artesan\u00eda. Cada tableta es elaborada en una peque\u00f1a f\u00e1brica por el maestro chocolatero Martin Mayer.<strong> Hecho a mano<\/strong> - con dedicaci\u00f3n, experiencia y las mejores materias primas. El resultado es un <strong>composici\u00f3n del chocolate fino<\/strong>exclusivamente para <strong>\"Simplemente vive mejor\"<\/strong> se desarroll\u00f3.<\/p>\n<p>Gracias a su alto contenido en cacao, este chocolate tambi\u00e9n contiene <strong>Excepcionalmente rico en fibra natural<\/strong> - m\u00e1s de 25 g por 100 g - y apoya as\u00ed su dieta consciente de forma deliciosa.<\/p>\n<h3><strong>Recomendaci\u00f3n de consumo:<\/strong><\/h3>\n<p>Ya <strong>23 g (10 trozos de chocolate) al d\u00eda<\/strong>\u00a0cubrir sobre <strong>20 % de las necesidades recomendadas de fibra alimentaria<\/strong> - esto corresponde a unos <strong>6 g de fibra alimentaria<\/strong>. Una peque\u00f1a porci\u00f3n que puede marcar una gran diferencia.<\/p>\n<hr \/>\n<p><strong>Resumiendo:<\/strong><br \/>Una golosina de alta calidad para todos los que viven conscientemente - con un efecto bajo en az\u00facar, mucho cacao y la conciencia tranquila.<\/p>","protected":false},"excerpt":{"rendered":"<p><strong>Arte en chocolate que se deshace en la boca, sin az\u00facar convencional<\/strong><\/p>\n<p>Esta deliciosa creaci\u00f3n \"bean-to-bar\" no se endulza con az\u00facar tradicional, sino con la especial D-Tagatose, para disfrutar de verdad sin compromisos.<\/p>\n<p>Hecho a mano por el galardonado maestro chocolatero <strong>Martin Mayer<\/strong>el mejor cacao se transforma en un chocolate con <strong>sabor potente<\/strong> y <strong>esmalte fino<\/strong> - exclusivamente para <i>\"Simplemente vive mejor\"<\/i>.<\/p>","protected":false},"featured_media":20460,"comment_status":"open","ping_status":"closed","template":"","meta":{"_acf_changed":false},"product_brand":[],"product_cat":[301],"product_tag":[],"class_list":{"0":"post-20456","1":"product","2":"type-product","3":"status-publish","4":"has-post-thumbnail","6":"product_cat-ballaststoffe-plus","7":"product_shipping_class-tcm-kraeuter","9":"first","10":"instock","11":"sale","12":"taxable","13":"shipping-taxable","14":"purchasable","15":"product-type-variable"},"acf":[],"yoast_head":"<!-- This site is optimized with the Yoast SEO plugin v27.1.1 - https:\/\/yoast.com\/product\/yoast-seo-wordpress\/ -->\n<title>XOCOL\u00c1 zuckerfreie Schokolade 72% Kakao | Meine TCM<\/title>\n<meta name=\"description\" content=\"Gesunde, feinste zuckerfreie Schokolade mit 72% Kakao und D\u2013Tagatose. Handgefertigt, Bean\u2013to\u2013Bar, 25 g Ballaststoffe pro 100 g. Genuss ohne Blutzuckerspitzen.\" \/>\n<meta name=\"robots\" content=\"index, follow, max-snippet:-1, max-image-preview:large, max-video-preview:-1\" \/>\n<link rel=\"canonical\" href=\"https:\/\/www.meine-tcm.com\/es\/producto\/xocola\/\" \/>\n<meta property=\"og:locale\" content=\"es_ES\" \/>\n<meta property=\"og:type\" content=\"article\" \/>\n<meta property=\"og:title\" content=\"XOCOL\u00c1 zuckerfreie Schokolade 72% Kakao | Meine TCM\" \/>\n<meta property=\"og:description\" content=\"Gesunde, feinste zuckerfreie Schokolade mit 72% Kakao und D\u2013Tagatose. Handgefertigt, Bean\u2013to\u2013Bar, 25 g Ballaststoffe pro 100 g. Genuss ohne Blutzuckerspitzen.\" \/>\n<meta property=\"og:url\" content=\"https:\/\/www.meine-tcm.com\/es\/producto\/xocola\/\" \/>\n<meta property=\"og:site_name\" content=\"meine TCM | Traditionelle Chinesische Medizin einfach erkl\u00e4rt\" \/>\n<meta property=\"article:modified_time\" content=\"2026-04-10T07:58:17+00:00\" \/>\n<meta property=\"og:image\" content=\"https:\/\/www.meine-tcm.com\/wp-content\/uploads\/2025\/07\/xocola-gesunde-schokolade-vorne-02.webp\" \/>\n\t<meta property=\"og:image:width\" content=\"1500\" \/>\n\t<meta property=\"og:image:height\" content=\"1500\" \/>\n\t<meta property=\"og:image:type\" content=\"image\/webp\" \/>\n<meta name=\"twitter:card\" content=\"summary_large_image\" \/>\n<meta name=\"twitter:label1\" content=\"Tiempo de lectura\" \/>\n\t<meta name=\"twitter:data1\" content=\"1 minuto\" \/>\n<script type=\"application\/ld+json\" class=\"yoast-schema-graph\">{\"@context\":\"https:\/\/schema.org\",\"@graph\":[{\"@type\":\"WebPage\",\"@id\":\"https:\/\/www.meine-tcm.com\/produkt\/xocola\/\",\"url\":\"https:\/\/www.meine-tcm.com\/produkt\/xocola\/\",\"name\":\"XOCOL\u00c1 zuckerfreie Schokolade 72% Kakao | Meine TCM\",\"isPartOf\":{\"@id\":\"https:\/\/www.meine-tcm.com\/#website\"},\"primaryImageOfPage\":{\"@id\":\"https:\/\/www.meine-tcm.com\/produkt\/xocola\/#primaryimage\"},\"image\":{\"@id\":\"https:\/\/www.meine-tcm.com\/produkt\/xocola\/#primaryimage\"},\"thumbnailUrl\":\"https:\/\/www.meine-tcm.com\/wp-content\/uploads\/2025\/07\/xocola-gesunde-schokolade-vorne-02.webp\",\"datePublished\":\"2025-07-17T05:55:27+00:00\",\"dateModified\":\"2026-04-10T07:58:17+00:00\",\"description\":\"Gesunde, feinste zuckerfreie Schokolade mit 72% Kakao und D\u2013Tagatose. Handgefertigt, Bean\u2013to\u2013Bar, 25 g Ballaststoffe pro 100 g. Genuss ohne Blutzuckerspitzen.\",\"breadcrumb\":{\"@id\":\"https:\/\/www.meine-tcm.com\/produkt\/xocola\/#breadcrumb\"},\"inLanguage\":\"es\",\"potentialAction\":[{\"@type\":\"ReadAction\",\"target\":[\"https:\/\/www.meine-tcm.com\/produkt\/xocola\/\"]}]},{\"@type\":\"ImageObject\",\"inLanguage\":\"es\",\"@id\":\"https:\/\/www.meine-tcm.com\/produkt\/xocola\/#primaryimage\",\"url\":\"https:\/\/www.meine-tcm.com\/wp-content\/uploads\/2025\/07\/xocola-gesunde-schokolade-vorne-02.webp\",\"contentUrl\":\"https:\/\/www.meine-tcm.com\/wp-content\/uploads\/2025\/07\/xocola-gesunde-schokolade-vorne-02.webp\",\"width\":1500,\"height\":1500,\"caption\":\"XOCOL\u00c1 \u2014 die gesunde Schokolade\"},{\"@type\":\"BreadcrumbList\",\"@id\":\"https:\/\/www.meine-tcm.com\/produkt\/xocola\/#breadcrumb\",\"itemListElement\":[{\"@type\":\"ListItem\",\"position\":1,\"name\":\"Home\",\"item\":\"https:\/\/www.meine-tcm.com\/\"},{\"@type\":\"ListItem\",\"position\":2,\"name\":\"Shop\",\"item\":\"https:\/\/www.meine-tcm.com\/shop\/\"},{\"@type\":\"ListItem\",\"position\":3,\"name\":\"Ballaststoffe plus\",\"item\":\"https:\/\/www.meine-tcm.com\/produkte\/ballaststoffe-plus\/\"},{\"@type\":\"ListItem\",\"position\":4,\"name\":\"XOCOL\u00c1\"}]},{\"@type\":\"WebSite\",\"@id\":\"https:\/\/www.meine-tcm.com\/#website\",\"url\":\"https:\/\/www.meine-tcm.com\/\",\"name\":\"meine TCM | Traditionelle Chinesische Medizin einfach erkl\u00e4rt\",\"description\":\"Einfach gesund bleiben\",\"publisher\":{\"@id\":\"https:\/\/www.meine-tcm.com\/#organization\"},\"potentialAction\":[{\"@type\":\"SearchAction\",\"target\":{\"@type\":\"EntryPoint\",\"urlTemplate\":\"https:\/\/www.meine-tcm.com\/?s={search_term_string}\"},\"query-input\":{\"@type\":\"PropertyValueSpecification\",\"valueRequired\":true,\"valueName\":\"search_term_string\"}}],\"inLanguage\":\"es\"},{\"@type\":\"Organization\",\"@id\":\"https:\/\/www.meine-tcm.com\/#organization\",\"name\":\"meine-TCM.com \u2014 Traditionelle chinesische Medizin einfach erkl\u00e4rt\",\"url\":\"https:\/\/www.meine-tcm.com\/\",\"logo\":{\"@type\":\"ImageObject\",\"inLanguage\":\"es\",\"@id\":\"https:\/\/www.meine-tcm.com\/#\/schema\/logo\/image\/\",\"url\":\"https:\/\/www.meine-tcm.com\/wp-content\/uploads\/2022\/08\/meine-tcm-traditionelle-chinesische-medizin-einfach-erklaert.png\",\"contentUrl\":\"https:\/\/www.meine-tcm.com\/wp-content\/uploads\/2022\/08\/meine-tcm-traditionelle-chinesische-medizin-einfach-erklaert.png\",\"width\":559,\"height\":479,\"caption\":\"meine-TCM.com \u2014 Traditionelle chinesische Medizin einfach erkl\u00e4rt\"},\"image\":{\"@id\":\"https:\/\/www.meine-tcm.com\/#\/schema\/logo\/image\/\"},\"sameAs\":[\"https:\/\/www.instagram.com\/meinetcm\/\",\"https:\/\/www.youtube.com\/@EinfachbesserLeben\"]}]}<\/script>\n<!-- \/ Yoast SEO plugin. -->","yoast_head_json":{"title":"XOCOL\u00c1 chocolate sin az\u00facar 72% Cacao | Mi TCM","description":"El mejor y m\u00e1s sano chocolate sin az\u00facar con cacao 72% y D-tagatosa. Hecho a mano, de grano a tableta, 25 g de fibra por 100 g. Un capricho sin subidas de az\u00facar.","robots":{"index":"index","follow":"follow","max-snippet":"max-snippet:-1","max-image-preview":"max-image-preview:large","max-video-preview":"max-video-preview:-1"},"canonical":"https:\/\/www.meine-tcm.com\/es\/producto\/xocola\/","og_locale":"es_ES","og_type":"article","og_title":"XOCOL\u00c1 zuckerfreie Schokolade 72% Kakao | Meine TCM","og_description":"Gesunde, feinste zuckerfreie Schokolade mit 72% Kakao und D\u2013Tagatose. Handgefertigt, Bean\u2013to\u2013Bar, 25 g Ballaststoffe pro 100 g. Genuss ohne Blutzuckerspitzen.","og_url":"https:\/\/www.meine-tcm.com\/es\/producto\/xocola\/","og_site_name":"meine TCM | Traditionelle Chinesische Medizin einfach erkl\u00e4rt","article_modified_time":"2026-04-10T07:58:17+00:00","og_image":[{"width":1500,"height":1500,"url":"https:\/\/www.meine-tcm.com\/wp-content\/uploads\/2025\/07\/xocola-gesunde-schokolade-vorne-02.webp","type":"image\/webp"}],"twitter_card":"summary_large_image","twitter_misc":{"Tiempo de lectura":"1 minuto"},"schema":{"@context":"https:\/\/schema.org","@graph":[{"@type":"WebPage","@id":"https:\/\/www.meine-tcm.com\/produkt\/xocola\/","url":"https:\/\/www.meine-tcm.com\/produkt\/xocola\/","name":"XOCOL\u00c1 chocolate sin az\u00facar 72% Cacao | Mi TCM","isPartOf":{"@id":"https:\/\/www.meine-tcm.com\/#website"},"primaryImageOfPage":{"@id":"https:\/\/www.meine-tcm.com\/produkt\/xocola\/#primaryimage"},"image":{"@id":"https:\/\/www.meine-tcm.com\/produkt\/xocola\/#primaryimage"},"thumbnailUrl":"https:\/\/www.meine-tcm.com\/wp-content\/uploads\/2025\/07\/xocola-gesunde-schokolade-vorne-02.webp","datePublished":"2025-07-17T05:55:27+00:00","dateModified":"2026-04-10T07:58:17+00:00","description":"El mejor y m\u00e1s sano chocolate sin az\u00facar con cacao 72% y D-tagatosa. Hecho a mano, de grano a tableta, 25 g de fibra por 100 g. Un capricho sin subidas de az\u00facar.","breadcrumb":{"@id":"https:\/\/www.meine-tcm.com\/produkt\/xocola\/#breadcrumb"},"inLanguage":"es","potentialAction":[{"@type":"ReadAction","target":["https:\/\/www.meine-tcm.com\/produkt\/xocola\/"]}]},{"@type":"ImageObject","inLanguage":"es","@id":"https:\/\/www.meine-tcm.com\/produkt\/xocola\/#primaryimage","url":"https:\/\/www.meine-tcm.com\/wp-content\/uploads\/2025\/07\/xocola-gesunde-schokolade-vorne-02.webp","contentUrl":"https:\/\/www.meine-tcm.com\/wp-content\/uploads\/2025\/07\/xocola-gesunde-schokolade-vorne-02.webp","width":1500,"height":1500,"caption":"XOCOL\u00c1 \u2014 die gesunde Schokolade"},{"@type":"BreadcrumbList","@id":"https:\/\/www.meine-tcm.com\/produkt\/xocola\/#breadcrumb","itemListElement":[{"@type":"ListItem","position":1,"name":"Home","item":"https:\/\/www.meine-tcm.com\/"},{"@type":"ListItem","position":2,"name":"Shop","item":"https:\/\/www.meine-tcm.com\/shop\/"},{"@type":"ListItem","position":3,"name":"Ballaststoffe plus","item":"https:\/\/www.meine-tcm.com\/produkte\/ballaststoffe-plus\/"},{"@type":"ListItem","position":4,"name":"XOCOL\u00c1"}]},{"@type":"WebSite","@id":"https:\/\/www.meine-tcm.com\/#website","url":"https:\/\/www.meine-tcm.com\/","name":"mi MTC | Medicina Tradicional China explicada de forma sencilla","description":"Mant\u00e9ngase sano","publisher":{"@id":"https:\/\/www.meine-tcm.com\/#organization"},"potentialAction":[{"@type":"SearchAction","target":{"@type":"EntryPoint","urlTemplate":"https:\/\/www.meine-tcm.com\/?s={search_term_string}"},"query-input":{"@type":"PropertyValueSpecification","valueRequired":true,"valueName":"search_term_string"}}],"inLanguage":"es"},{"@type":"Organization","@id":"https:\/\/www.meine-tcm.com\/#organization","name":"meine-TCM.com - La Medicina Tradicional China explicada de forma sencilla","url":"https:\/\/www.meine-tcm.com\/","logo":{"@type":"ImageObject","inLanguage":"es","@id":"https:\/\/www.meine-tcm.com\/#\/schema\/logo\/image\/","url":"https:\/\/www.meine-tcm.com\/wp-content\/uploads\/2022\/08\/meine-tcm-traditionelle-chinesische-medizin-einfach-erklaert.png","contentUrl":"https:\/\/www.meine-tcm.com\/wp-content\/uploads\/2022\/08\/meine-tcm-traditionelle-chinesische-medizin-einfach-erklaert.png","width":559,"height":479,"caption":"meine-TCM.com \u2014 Traditionelle chinesische Medizin einfach erkl\u00e4rt"},"image":{"@id":"https:\/\/www.meine-tcm.com\/#\/schema\/logo\/image\/"},"sameAs":["https:\/\/www.instagram.com\/meinetcm\/","https:\/\/www.youtube.com\/@EinfachbesserLeben"]}]}},"wps_subtitle":"Feiner Kakao mit D\u2013Tagatose","_links":{"self":[{"href":"https:\/\/www.meine-tcm.com\/es\/wp-json\/wp\/v2\/product\/20456","targetHints":{"allow":["GET"]}}],"collection":[{"href":"https:\/\/www.meine-tcm.com\/es\/wp-json\/wp\/v2\/product"}],"about":[{"href":"https:\/\/www.meine-tcm.com\/es\/wp-json\/wp\/v2\/types\/product"}],"replies":[{"embeddable":true,"href":"https:\/\/www.meine-tcm.com\/es\/wp-json\/wp\/v2\/comments?post=20456"}],"wp:featuredmedia":[{"embeddable":true,"href":"https:\/\/www.meine-tcm.com\/es\/wp-json\/wp\/v2\/media\/20460"}],"wp:attachment":[{"href":"https:\/\/www.meine-tcm.com\/es\/wp-json\/wp\/v2\/media?parent=20456"}],"wp:term":[{"taxonomy":"product_brand","embeddable":true,"href":"https:\/\/www.meine-tcm.com\/es\/wp-json\/wp\/v2\/product_brand?post=20456"},{"taxonomy":"product_cat","embeddable":true,"href":"https:\/\/www.meine-tcm.com\/es\/wp-json\/wp\/v2\/product_cat?post=20456"},{"taxonomy":"product_tag","embeddable":true,"href":"https:\/\/www.meine-tcm.com\/es\/wp-json\/wp\/v2\/product_tag?post=20456"}],"curies":[{"name":"wp","href":"https:\/\/api.w.org\/{rel}","templated":true}]}}