{"id":17332,"date":"2025-02-03T19:00:53","date_gmt":"2025-02-03T18:00:53","guid":{"rendered":"https:\/\/www.meine-tcm.com\/?post_type=product&#038;p=17332"},"modified":"2026-04-10T15:14:39","modified_gmt":"2026-04-10T13:14:39","slug":"fibra-dietetica-bs-plus","status":"publish","type":"product","link":"https:\/\/www.meine-tcm.com\/es\/producto\/fibra-dietetica-bs-plus\/","title":{"rendered":"BS+ Fibra alimentaria Plus"},"content":{"rendered":"<section class=\"section\" id=\"section_996869727\">\n\t\t<div class=\"section-bg fill\" >\n\t\t\t<img loading=\"lazy\" decoding=\"async\" width=\"2240\" height=\"900\" src=\"https:\/\/www.meine-tcm.com\/wp-content\/uploads\/2025\/02\/darmgesundheit-01-1.webp\" class=\"bg attachment- size-\" alt=\"\" title=\"salud intestinal-01-1\" \/>\t\t\t\t\t\t\n\t\t\t\n\n\t\t<\/div>\n\n\t\t\n\n\t\t<div class=\"section-content relative\">\n\t\t\t\n<div class=\"row align-center\"  id=\"row-33252272\">\n\n\t<div id=\"col-1407302386\" class=\"col medium-4 small-12 large-4\"  >\n\t\t\t\t<div class=\"col-inner text-center\"  >\n\t\t\t\n\t\t\t\n\t<div id=\"text-3296588974\" class=\"text\">\n\t\t\n<h2>La revolucionaria f\u00f3rmula de las fibras<\/h2>\n<p style=\"text-align: left;\">Para un microbioma intestinal pr\u00f3spero, mayor bienestar y m\u00e1s vitalidad<\/p>\n\t\t\n<style>\n#text-3296588974 {\n  color: rgb(255, 255, 255);\n}\n#text-3296588974 > * {\n  color: rgb(255, 255, 255);\n}\n<\/style>\n\t<\/div>\n\t\n\t\t<\/div>\n\t\t\t\t\t<\/div>\n\n\t\n\n\t<div id=\"col-962676306\" class=\"col medium-7 small-12 large-7\"  >\n\t\t\t\t<div class=\"col-inner\"  >\n\t\t\t\n\t\t\t\n\t\t<\/div>\n\t\t\t\t\t<\/div>\n\n\t\n<\/div>\n\t\t<\/div>\n\n\t\t\n<style>\n#section_996869727 {\n  padding-top: 80px;\n  padding-bottom: 80px;\n  min-height: 300px;\n}\n#section_996869727 .section-bg img {\n  object-position: 0% 45%;\n}\n<\/style>\n\t<\/section>\n\t\n<p>Descubra c\u00f3mo BS+ Fibra Plus transforma su vida diaria. Nuestra revolucionaria f\u00f3rmula de fibra ha sido desarrollada por expertos y combina 11 ingredientes naturales 100 % de alta calidad que act\u00faan sin\u00e9rgicamente para nutrir, fortalecer y equilibrar tu intestino.<\/p>\n<h3>Tu camino hacia m\u00e1s energ\u00eda y vitalidad<\/h3>\n<p>En nuestro acelerado mundo, el cansancio, los problemas digestivos y un organismo desequilibrado pueden convertirse r\u00e1pidamente en parte de la vida cotidiana. BS+ Fibra plus le ofrece el apoyo que necesita para empezar el d\u00eda con plena energ\u00eda de nuevo. Con una dosis diaria de 40 g, nuestra mezcla \u00fanica aporta:<\/p>\n<ul>\n<li><strong>Digesti\u00f3n optimizada:<\/strong> Experimente movimientos intestinales regulares y suaves y diga adi\u00f3s a las flatulencias.<\/li>\n<li><strong>M\u00e1s vitalidad:<\/strong> Estabilice su nivel de az\u00facar en sangre y benef\u00edciese de una mejor absorci\u00f3n de nutrientes.<\/li>\n<li><strong>Claridad mental:<\/strong> Aumente su capacidad de concentraci\u00f3n y refuerce su equilibrio mental.<\/li>\n<li><strong>Sistema inmunitario fuerte:<\/strong> Ayuda a las defensas inmunitarias asociadas al intestino: \u00a1alrededor del 70 % de su sistema inmunitario se encuentra en el intestino!<\/li>\n<\/ul>\n<h3>El poder de la naturaleza en cada porci\u00f3n<\/h3>\n<p>BS+ Fibra Diet\u00e9tica Plus combina ingredientes cuidadosamente seleccionados y basados en descubrimientos cient\u00edficos:<\/p>\n<ul>\n<li><strong>Fibra de acacia y almid\u00f3n resistente:<\/strong> Estas fibras prebi\u00f3ticas nutren espec\u00edficamente las bacterias intestinales \"buenas\" y favorecen la producci\u00f3n de \u00e1cidos grasos de cadena corta, que favorecen la mucosa intestinal.<\/li>\n<li><strong>Col\u00e1geno:<\/strong> Fortalece y regenera el tejido intestinal - para un intestino sano y una piel radiante.<\/li>\n<li><strong>D-Tagatosa:<\/strong> Un az\u00facar natural que mantiene estables los niveles de az\u00facar en sangre y favorece a\u00fan m\u00e1s su microbioma.<\/li>\n<li><strong>C\u00e1scaras de psyllium, mango, ar\u00e1ndano, baobab, betaglucano, remolacha y hierba de cebada:<\/strong> Estos ingredientes naturales aportan una gran cantidad de antioxidantes, vitaminas y minerales que no s\u00f3lo benefician a su intestino, sino tambi\u00e9n a su salud en general.<\/li>\n<\/ul>\n<h3>M\u00e1s que un suplemento diet\u00e9tico<\/h3>\n<p>BS+ Fibra Diet\u00e9tica Plus proporciona un apoyo hol\u00edstico para una mayor vitalidad en la vida diaria. La receta natural tiene un efecto positivo sobre:<\/p>\n<ul>\n<li><strong>Su digesti\u00f3n y su sistema inmunitario:<\/strong> La fibra refuerza el sistema inmunitario y ayuda a reducir la inflamaci\u00f3n.<\/li>\n<li><strong>Su aptitud mental:<\/strong> La conexi\u00f3n entre el intestino y el cerebro favorece el rendimiento mental y el equilibrio interior.<\/li>\n<li><strong>Tu metabolismo:<\/strong> Sus ingredientes contribuyen a mantener niveles saludables de colesterol y az\u00facar en sangre. Esto ayuda a regular mejor el peso.<\/li>\n<li><strong>Tu piel:<\/strong> Una digesti\u00f3n sana tambi\u00e9n favorece su aspecto exterior, para un brillo natural.<\/li>\n<\/ul>\n<h3>F\u00e1cil de integrar en la vida cotidiana<\/h3>\n<p>BS+ Fibra Plus ha sido dise\u00f1ado para adaptarse sin esfuerzo a su rutina diaria. Simplemente a\u00f1ada su raci\u00f3n habitual y disfrute de los m\u00faltiples beneficios de un microbioma intestinal fortalecido, desde dentro hacia fuera.<\/p>\n<hr \/>\n<p><strong>\u00bfEst\u00e1 preparado para desarrollar todo su potencial?<\/strong><br \/>\nCon BS+ Fibra Plus est\u00e1 invirtiendo en una persona m\u00e1s sana y vital, y dando a su cuerpo el apoyo que se merece. Experimenta c\u00f3mo un microbioma intestinal pr\u00f3spero puede marcar una diferencia duradera en tu vida: \u00a1empieza ahora un nuevo cap\u00edtulo lleno de energ\u00eda, equilibrio y bienestar!<\/p>","protected":false},"excerpt":{"rendered":"<p><strong>La revolucionaria f\u00f3rmula de las fibras<\/strong><br \/>\nPara un microbioma intestinal pr\u00f3spero, mayor bienestar y m\u00e1s vitalidad<\/p>\n<ul>\n<li>Aumenta la ingesta de fibra hasta 20 g al d\u00eda<\/li>\n<li>Favorece el crecimiento de bacterias beneficiosas<\/li>\n<li>Con valiosos polifenoles y flavonoides<\/li>\n<li>Con D-tagatosa, un az\u00facar especial para las bacterias intestinales<\/li>\n<li>100% ingredientes naturales<\/li>\n<li>Favorece la mucosa intestinal<\/li>\n<\/ul>","protected":false},"featured_media":17351,"comment_status":"open","ping_status":"closed","template":"","meta":{"_acf_changed":false},"product_brand":[],"product_cat":[301],"product_tag":[],"class_list":{"0":"post-17332","1":"product","2":"type-product","3":"status-publish","4":"has-post-thumbnail","6":"product_cat-ballaststoffe-plus","8":"first","9":"instock","10":"taxable","11":"shipping-taxable","12":"purchasable","13":"product-type-simple"},"acf":[],"yoast_head":"<!-- This site is optimized with the Yoast SEO plugin v27.1.1 - https:\/\/yoast.com\/product\/yoast-seo-wordpress\/ -->\n<title>BS+ Ballaststoffe Plus online kaufen<\/title>\n<meta name=\"robots\" content=\"index, follow, max-snippet:-1, max-image-preview:large, max-video-preview:-1\" \/>\n<link rel=\"canonical\" href=\"https:\/\/www.meine-tcm.com\/es\/producto\/fibra-dietetica-bs-plus\/\" \/>\n<meta property=\"og:locale\" content=\"es_ES\" \/>\n<meta property=\"og:type\" content=\"article\" \/>\n<meta property=\"og:title\" content=\"BS+ Ballaststoffe Plus online kaufen\" \/>\n<meta property=\"og:description\" content=\"Die revolution\u00e4re Ballaststoff\u2013Formel F\u00fcr ein bl\u00fchendes Darmmikrobiom, besseres Wohlbefinden und mehr Lebensenergie   Erh\u00f6ht deine Ballaststoffaufnahme um bis zu 20 g pro Tag  F\u00f6rdert das Wachstum n\u00fctzlicher Bakterien  Mit wertvollen Polyphenolen und Flavonoiden  Mit D\u2013Tagatose \u2014 ein besonderer Zucker f\u00fcr deine Darmbakterien  100% nat\u00fcrliche Zutaten  Unterst\u00fctzt deine Darmschleimhaut\" \/>\n<meta property=\"og:url\" content=\"https:\/\/www.meine-tcm.com\/es\/producto\/fibra-dietetica-bs-plus\/\" \/>\n<meta property=\"og:site_name\" content=\"meine TCM | Traditionelle Chinesische Medizin einfach erkl\u00e4rt\" \/>\n<meta property=\"article:modified_time\" content=\"2026-04-10T13:14:39+00:00\" \/>\n<meta property=\"og:image\" content=\"https:\/\/www.meine-tcm.com\/wp-content\/uploads\/2025\/02\/ballaststoffe-bs-plus-1600-light-01.jpg\" \/>\n\t<meta property=\"og:image:width\" content=\"1600\" \/>\n\t<meta property=\"og:image:height\" content=\"1600\" \/>\n\t<meta property=\"og:image:type\" content=\"image\/jpeg\" \/>\n<meta name=\"twitter:card\" content=\"summary_large_image\" \/>\n<meta name=\"twitter:label1\" content=\"Tiempo de lectura\" \/>\n\t<meta name=\"twitter:data1\" content=\"3 minutos\" \/>\n<script type=\"application\/ld+json\" class=\"yoast-schema-graph\">{\"@context\":\"https:\/\/schema.org\",\"@graph\":[{\"@type\":\"WebPage\",\"@id\":\"https:\/\/www.meine-tcm.com\/produkt\/bs-ballaststoffe-plus\/\",\"url\":\"https:\/\/www.meine-tcm.com\/produkt\/bs-ballaststoffe-plus\/\",\"name\":\"BS+ Ballaststoffe Plus online kaufen\",\"isPartOf\":{\"@id\":\"https:\/\/www.meine-tcm.com\/#website\"},\"primaryImageOfPage\":{\"@id\":\"https:\/\/www.meine-tcm.com\/produkt\/bs-ballaststoffe-plus\/#primaryimage\"},\"image\":{\"@id\":\"https:\/\/www.meine-tcm.com\/produkt\/bs-ballaststoffe-plus\/#primaryimage\"},\"thumbnailUrl\":\"https:\/\/www.meine-tcm.com\/wp-content\/uploads\/2025\/02\/ballaststoffe-bs-plus-1600-light-01.jpg\",\"datePublished\":\"2025-02-03T18:00:53+00:00\",\"dateModified\":\"2026-04-10T13:14:39+00:00\",\"breadcrumb\":{\"@id\":\"https:\/\/www.meine-tcm.com\/produkt\/bs-ballaststoffe-plus\/#breadcrumb\"},\"inLanguage\":\"es\",\"potentialAction\":[{\"@type\":\"ReadAction\",\"target\":[\"https:\/\/www.meine-tcm.com\/produkt\/bs-ballaststoffe-plus\/\"]}]},{\"@type\":\"ImageObject\",\"inLanguage\":\"es\",\"@id\":\"https:\/\/www.meine-tcm.com\/produkt\/bs-ballaststoffe-plus\/#primaryimage\",\"url\":\"https:\/\/www.meine-tcm.com\/wp-content\/uploads\/2025\/02\/ballaststoffe-bs-plus-1600-light-01.jpg\",\"contentUrl\":\"https:\/\/www.meine-tcm.com\/wp-content\/uploads\/2025\/02\/ballaststoffe-bs-plus-1600-light-01.jpg\",\"width\":1600,\"height\":1600,\"caption\":\"Ballaststoffe Plus \u2014 BS+\"},{\"@type\":\"BreadcrumbList\",\"@id\":\"https:\/\/www.meine-tcm.com\/produkt\/bs-ballaststoffe-plus\/#breadcrumb\",\"itemListElement\":[{\"@type\":\"ListItem\",\"position\":1,\"name\":\"Home\",\"item\":\"https:\/\/www.meine-tcm.com\/\"},{\"@type\":\"ListItem\",\"position\":2,\"name\":\"Shop\",\"item\":\"https:\/\/www.meine-tcm.com\/shop\/\"},{\"@type\":\"ListItem\",\"position\":3,\"name\":\"Ballaststoffe plus\",\"item\":\"https:\/\/www.meine-tcm.com\/produkte\/ballaststoffe-plus\/\"},{\"@type\":\"ListItem\",\"position\":4,\"name\":\"BS+ Ballaststoffe Plus\"}]},{\"@type\":\"WebSite\",\"@id\":\"https:\/\/www.meine-tcm.com\/#website\",\"url\":\"https:\/\/www.meine-tcm.com\/\",\"name\":\"meine TCM | Traditionelle Chinesische Medizin einfach erkl\u00e4rt\",\"description\":\"Einfach gesund bleiben\",\"publisher\":{\"@id\":\"https:\/\/www.meine-tcm.com\/#organization\"},\"potentialAction\":[{\"@type\":\"SearchAction\",\"target\":{\"@type\":\"EntryPoint\",\"urlTemplate\":\"https:\/\/www.meine-tcm.com\/?s={search_term_string}\"},\"query-input\":{\"@type\":\"PropertyValueSpecification\",\"valueRequired\":true,\"valueName\":\"search_term_string\"}}],\"inLanguage\":\"es\"},{\"@type\":\"Organization\",\"@id\":\"https:\/\/www.meine-tcm.com\/#organization\",\"name\":\"meine-TCM.com \u2014 Traditionelle chinesische Medizin einfach erkl\u00e4rt\",\"url\":\"https:\/\/www.meine-tcm.com\/\",\"logo\":{\"@type\":\"ImageObject\",\"inLanguage\":\"es\",\"@id\":\"https:\/\/www.meine-tcm.com\/#\/schema\/logo\/image\/\",\"url\":\"https:\/\/www.meine-tcm.com\/wp-content\/uploads\/2022\/08\/meine-tcm-traditionelle-chinesische-medizin-einfach-erklaert.png\",\"contentUrl\":\"https:\/\/www.meine-tcm.com\/wp-content\/uploads\/2022\/08\/meine-tcm-traditionelle-chinesische-medizin-einfach-erklaert.png\",\"width\":559,\"height\":479,\"caption\":\"meine-TCM.com \u2014 Traditionelle chinesische Medizin einfach erkl\u00e4rt\"},\"image\":{\"@id\":\"https:\/\/www.meine-tcm.com\/#\/schema\/logo\/image\/\"},\"sameAs\":[\"https:\/\/www.instagram.com\/meinetcm\/\",\"https:\/\/www.youtube.com\/@EinfachbesserLeben\"]}]}<\/script>\n<!-- \/ Yoast SEO plugin. -->","yoast_head_json":{"title":"Comprar BS+ Fibre Plus en l\u00ednea","robots":{"index":"index","follow":"follow","max-snippet":"max-snippet:-1","max-image-preview":"max-image-preview:large","max-video-preview":"max-video-preview:-1"},"canonical":"https:\/\/www.meine-tcm.com\/es\/producto\/fibra-dietetica-bs-plus\/","og_locale":"es_ES","og_type":"article","og_title":"BS+ Ballaststoffe Plus online kaufen","og_description":"Die revolution\u00e4re Ballaststoff\u2013Formel F\u00fcr ein bl\u00fchendes Darmmikrobiom, besseres Wohlbefinden und mehr Lebensenergie   Erh\u00f6ht deine Ballaststoffaufnahme um bis zu 20 g pro Tag  F\u00f6rdert das Wachstum n\u00fctzlicher Bakterien  Mit wertvollen Polyphenolen und Flavonoiden  Mit D\u2013Tagatose \u2014 ein besonderer Zucker f\u00fcr deine Darmbakterien  100% nat\u00fcrliche Zutaten  Unterst\u00fctzt deine Darmschleimhaut","og_url":"https:\/\/www.meine-tcm.com\/es\/producto\/fibra-dietetica-bs-plus\/","og_site_name":"meine TCM | Traditionelle Chinesische Medizin einfach erkl\u00e4rt","article_modified_time":"2026-04-10T13:14:39+00:00","og_image":[{"width":1600,"height":1600,"url":"https:\/\/www.meine-tcm.com\/wp-content\/uploads\/2025\/02\/ballaststoffe-bs-plus-1600-light-01.jpg","type":"image\/jpeg"}],"twitter_card":"summary_large_image","twitter_misc":{"Tiempo de lectura":"3 minutos"},"schema":{"@context":"https:\/\/schema.org","@graph":[{"@type":"WebPage","@id":"https:\/\/www.meine-tcm.com\/produkt\/bs-ballaststoffe-plus\/","url":"https:\/\/www.meine-tcm.com\/produkt\/bs-ballaststoffe-plus\/","name":"Comprar BS+ Fibre Plus en l\u00ednea","isPartOf":{"@id":"https:\/\/www.meine-tcm.com\/#website"},"primaryImageOfPage":{"@id":"https:\/\/www.meine-tcm.com\/produkt\/bs-ballaststoffe-plus\/#primaryimage"},"image":{"@id":"https:\/\/www.meine-tcm.com\/produkt\/bs-ballaststoffe-plus\/#primaryimage"},"thumbnailUrl":"https:\/\/www.meine-tcm.com\/wp-content\/uploads\/2025\/02\/ballaststoffe-bs-plus-1600-light-01.jpg","datePublished":"2025-02-03T18:00:53+00:00","dateModified":"2026-04-10T13:14:39+00:00","breadcrumb":{"@id":"https:\/\/www.meine-tcm.com\/produkt\/bs-ballaststoffe-plus\/#breadcrumb"},"inLanguage":"es","potentialAction":[{"@type":"ReadAction","target":["https:\/\/www.meine-tcm.com\/produkt\/bs-ballaststoffe-plus\/"]}]},{"@type":"ImageObject","inLanguage":"es","@id":"https:\/\/www.meine-tcm.com\/produkt\/bs-ballaststoffe-plus\/#primaryimage","url":"https:\/\/www.meine-tcm.com\/wp-content\/uploads\/2025\/02\/ballaststoffe-bs-plus-1600-light-01.jpg","contentUrl":"https:\/\/www.meine-tcm.com\/wp-content\/uploads\/2025\/02\/ballaststoffe-bs-plus-1600-light-01.jpg","width":1600,"height":1600,"caption":"Ballaststoffe Plus \u2014 BS+"},{"@type":"BreadcrumbList","@id":"https:\/\/www.meine-tcm.com\/produkt\/bs-ballaststoffe-plus\/#breadcrumb","itemListElement":[{"@type":"ListItem","position":1,"name":"Home","item":"https:\/\/www.meine-tcm.com\/"},{"@type":"ListItem","position":2,"name":"Shop","item":"https:\/\/www.meine-tcm.com\/shop\/"},{"@type":"ListItem","position":3,"name":"Ballaststoffe plus","item":"https:\/\/www.meine-tcm.com\/produkte\/ballaststoffe-plus\/"},{"@type":"ListItem","position":4,"name":"BS+ Ballaststoffe Plus"}]},{"@type":"WebSite","@id":"https:\/\/www.meine-tcm.com\/#website","url":"https:\/\/www.meine-tcm.com\/","name":"mi MTC | Medicina Tradicional China explicada de forma sencilla","description":"Mant\u00e9ngase sano","publisher":{"@id":"https:\/\/www.meine-tcm.com\/#organization"},"potentialAction":[{"@type":"SearchAction","target":{"@type":"EntryPoint","urlTemplate":"https:\/\/www.meine-tcm.com\/?s={search_term_string}"},"query-input":{"@type":"PropertyValueSpecification","valueRequired":true,"valueName":"search_term_string"}}],"inLanguage":"es"},{"@type":"Organization","@id":"https:\/\/www.meine-tcm.com\/#organization","name":"meine-TCM.com - La Medicina Tradicional China explicada de forma sencilla","url":"https:\/\/www.meine-tcm.com\/","logo":{"@type":"ImageObject","inLanguage":"es","@id":"https:\/\/www.meine-tcm.com\/#\/schema\/logo\/image\/","url":"https:\/\/www.meine-tcm.com\/wp-content\/uploads\/2022\/08\/meine-tcm-traditionelle-chinesische-medizin-einfach-erklaert.png","contentUrl":"https:\/\/www.meine-tcm.com\/wp-content\/uploads\/2022\/08\/meine-tcm-traditionelle-chinesische-medizin-einfach-erklaert.png","width":559,"height":479,"caption":"meine-TCM.com \u2014 Traditionelle chinesische Medizin einfach erkl\u00e4rt"},"image":{"@id":"https:\/\/www.meine-tcm.com\/#\/schema\/logo\/image\/"},"sameAs":["https:\/\/www.instagram.com\/meinetcm\/","https:\/\/www.youtube.com\/@EinfachbesserLeben"]}]}},"wps_subtitle":"","_links":{"self":[{"href":"https:\/\/www.meine-tcm.com\/es\/wp-json\/wp\/v2\/product\/17332","targetHints":{"allow":["GET"]}}],"collection":[{"href":"https:\/\/www.meine-tcm.com\/es\/wp-json\/wp\/v2\/product"}],"about":[{"href":"https:\/\/www.meine-tcm.com\/es\/wp-json\/wp\/v2\/types\/product"}],"replies":[{"embeddable":true,"href":"https:\/\/www.meine-tcm.com\/es\/wp-json\/wp\/v2\/comments?post=17332"}],"wp:featuredmedia":[{"embeddable":true,"href":"https:\/\/www.meine-tcm.com\/es\/wp-json\/wp\/v2\/media\/17351"}],"wp:attachment":[{"href":"https:\/\/www.meine-tcm.com\/es\/wp-json\/wp\/v2\/media?parent=17332"}],"wp:term":[{"taxonomy":"product_brand","embeddable":true,"href":"https:\/\/www.meine-tcm.com\/es\/wp-json\/wp\/v2\/product_brand?post=17332"},{"taxonomy":"product_cat","embeddable":true,"href":"https:\/\/www.meine-tcm.com\/es\/wp-json\/wp\/v2\/product_cat?post=17332"},{"taxonomy":"product_tag","embeddable":true,"href":"https:\/\/www.meine-tcm.com\/es\/wp-json\/wp\/v2\/product_tag?post=17332"}],"curies":[{"name":"wp","href":"https:\/\/api.w.org\/{rel}","templated":true}]}}