{"id":16199,"date":"2024-09-11T10:47:53","date_gmt":"2024-09-11T08:47:53","guid":{"rendered":"https:\/\/www.meine-tcm.com\/?post_type=product&#038;p=16199"},"modified":"2024-10-14T11:53:25","modified_gmt":"2024-10-14T09:53:25","slug":"shaolin-greeting-camiseta-sin-mangas-bio-mujer","status":"publish","type":"product","link":"https:\/\/www.meine-tcm.com\/es\/produkt\/shaolin-gruss-organisches-tank-top-damen\/","title":{"rendered":"Shaolin Greeting | Camiseta de tirantes org\u00e1nica | Mujer"},"content":{"rendered":"","protected":false},"excerpt":{"rendered":"<p>\u00bfQuieres llevar una camiseta de tirantes que no s\u00f3lo sea elegante, sino que tambi\u00e9n transmita un mensaje de respeto y fuerza interior?<\/p>\n<p>Nuestra camiseta de tirantes org\u00e1nica para mujer, inspirada en el saludo Shaolin, encarna la filosof\u00eda de este saludo y te recuerda la fuerza interior que hay en ti. El saludo Shaolin simboliza el respeto, la reverencia y la paz, y encierra la esencia de la centenaria tradici\u00f3n Shaolin de armonizar cuerpo y mente.<\/p>\n<p><strong>Esta camiseta de tirantes se convertir\u00e1 en tu compa\u00f1era diaria, record\u00e1ndote que debes traer respeto y paz a tu vida.<\/strong><br \/>\n&nbsp;<\/p>\n<div class=\"term-description\">\n<h2 class=\"font-600 text-xl font-bold\">Oferta exclusiva<\/h2>\n<p class=\"whitespace-pre-wrap break-words\"><span style=\"font-size: 110%;\"><strong>\u00a1Repuesto 10%!<\/strong><\/span> Utilice el c\u00f3digo del vale\u00a0<span style=\"font-size: 110%; background-color: #ed1c24; color: #ffffff;\"> <strong>EBL10<\/strong>\u00a0<\/span> en la caja y reciba <span style=\"font-size: 110%;\"><strong>10% Descuento<\/strong><\/span> \u00a1en tu compra en Deivi!<\/p>\n<\/div>","protected":false},"featured_media":16202,"comment_status":"open","ping_status":"closed","template":"","meta":{"_acf_changed":false},"product_brand":[],"product_cat":[297],"product_tag":[],"class_list":{"0":"post-16199","1":"product","2":"type-product","3":"status-publish","4":"has-post-thumbnail","6":"product_cat-bekleidung","8":"first","9":"instock","10":"taxable","11":"shipping-taxable","12":"product-type-external"},"acf":[],"yoast_head":"<!-- This site is optimized with the Yoast SEO plugin v27.3 - https:\/\/yoast.com\/product\/yoast-seo-wordpress\/ -->\n<title>Shaolin Gru\u00df | Organisches Tank-Top | Damen online kaufen<\/title>\n<meta name=\"robots\" content=\"index, follow, max-snippet:-1, max-image-preview:large, max-video-preview:-1\" \/>\n<link rel=\"canonical\" href=\"https:\/\/www.meine-tcm.com\/es\/producto\/shaolin-greeting-camiseta-sin-mangas-bio-mujer\/\" \/>\n<meta property=\"og:locale\" content=\"es_ES\" \/>\n<meta property=\"og:type\" content=\"article\" \/>\n<meta property=\"og:title\" content=\"Shaolin Gru\u00df | Organisches Tank-Top | Damen online kaufen\" \/>\n<meta property=\"og:description\" content=\"M\u00f6chtest du ein Tank-Top tragen, das nicht nur stilvoll ist, sondern auch die Botschaft des Respekts und der inneren St\u00e4rke vermittelt?  Unser Organisches Tank-Top f\u00fcr Damen, inspiriert vom Shaolin Gru\u00df, verk\u00f6rpert die Philosophie dieses Gru\u00dfes und erinnert dich an die innere St\u00e4rke, die in dir steckt. Der Shaolin Gru\u00df symbolisiert Respekt, Ehrerbietung und Frieden und tr\u00e4gt die Essenz der jahrhundertealten Shaolin-Tradition in sich, die K\u00f6rper und Geist in Einklang bringt.  Dieses Tank-Top wird zu deinem t\u00e4glichen Begleiter, der dich daran erinnert, Respekt und Frieden in dein Leben zu bringen. &nbsp;  Exklusives Angebot Spare 10%! Verwende den Gutscheincode\u00a0 EBL10\u00a0 beim Checkout und erhalte 10% Rabatt auf deinen Einkauf bei Deivi!\" \/>\n<meta property=\"og:url\" content=\"https:\/\/www.meine-tcm.com\/es\/producto\/shaolin-greeting-camiseta-sin-mangas-bio-mujer\/\" \/>\n<meta property=\"og:site_name\" content=\"meine TCM | Traditionelle Chinesische Medizin einfach erkl\u00e4rt\" \/>\n<meta property=\"article:modified_time\" content=\"2024-10-14T09:53:25+00:00\" \/>\n<meta property=\"og:image\" content=\"https:\/\/www.meine-tcm.com\/wp-content\/uploads\/2024\/09\/shaolin-gruss-organisches-tank-top-damen-444968.webp\" \/>\n\t<meta property=\"og:image:width\" content=\"990\" \/>\n\t<meta property=\"og:image:height\" content=\"1050\" \/>\n\t<meta property=\"og:image:type\" content=\"image\/webp\" \/>\n<meta name=\"twitter:card\" content=\"summary_large_image\" \/>\n<script type=\"application\/ld+json\" class=\"yoast-schema-graph\">{\"@context\":\"https:\\\/\\\/schema.org\",\"@graph\":[{\"@type\":\"WebPage\",\"@id\":\"https:\\\/\\\/www.meine-tcm.com\\\/produkt\\\/shaolin-gruss-organisches-tank-top-damen\\\/\",\"url\":\"https:\\\/\\\/www.meine-tcm.com\\\/produkt\\\/shaolin-gruss-organisches-tank-top-damen\\\/\",\"name\":\"Shaolin Gru\u00df | Organisches Tank-Top | Damen online kaufen\",\"isPartOf\":{\"@id\":\"https:\\\/\\\/www.meine-tcm.com\\\/#website\"},\"primaryImageOfPage\":{\"@id\":\"https:\\\/\\\/www.meine-tcm.com\\\/produkt\\\/shaolin-gruss-organisches-tank-top-damen\\\/#primaryimage\"},\"image\":{\"@id\":\"https:\\\/\\\/www.meine-tcm.com\\\/produkt\\\/shaolin-gruss-organisches-tank-top-damen\\\/#primaryimage\"},\"thumbnailUrl\":\"https:\\\/\\\/www.meine-tcm.com\\\/wp-content\\\/uploads\\\/2024\\\/09\\\/shaolin-gruss-organisches-tank-top-damen-444968.webp\",\"datePublished\":\"2024-09-11T08:47:53+00:00\",\"dateModified\":\"2024-10-14T09:53:25+00:00\",\"breadcrumb\":{\"@id\":\"https:\\\/\\\/www.meine-tcm.com\\\/produkt\\\/shaolin-gruss-organisches-tank-top-damen\\\/#breadcrumb\"},\"inLanguage\":\"es\",\"potentialAction\":[{\"@type\":\"ReadAction\",\"target\":[\"https:\\\/\\\/www.meine-tcm.com\\\/produkt\\\/shaolin-gruss-organisches-tank-top-damen\\\/\"]}]},{\"@type\":\"ImageObject\",\"inLanguage\":\"es\",\"@id\":\"https:\\\/\\\/www.meine-tcm.com\\\/produkt\\\/shaolin-gruss-organisches-tank-top-damen\\\/#primaryimage\",\"url\":\"https:\\\/\\\/www.meine-tcm.com\\\/wp-content\\\/uploads\\\/2024\\\/09\\\/shaolin-gruss-organisches-tank-top-damen-444968.webp\",\"contentUrl\":\"https:\\\/\\\/www.meine-tcm.com\\\/wp-content\\\/uploads\\\/2024\\\/09\\\/shaolin-gruss-organisches-tank-top-damen-444968.webp\",\"width\":990,\"height\":1050},{\"@type\":\"BreadcrumbList\",\"@id\":\"https:\\\/\\\/www.meine-tcm.com\\\/produkt\\\/shaolin-gruss-organisches-tank-top-damen\\\/#breadcrumb\",\"itemListElement\":[{\"@type\":\"ListItem\",\"position\":1,\"name\":\"Home\",\"item\":\"https:\\\/\\\/www.meine-tcm.com\\\/\"},{\"@type\":\"ListItem\",\"position\":2,\"name\":\"Shop\",\"item\":\"https:\\\/\\\/www.meine-tcm.com\\\/shop\\\/\"},{\"@type\":\"ListItem\",\"position\":3,\"name\":\"Bekleidung\",\"item\":\"https:\\\/\\\/www.meine-tcm.com\\\/produkte\\\/bekleidung\\\/\"},{\"@type\":\"ListItem\",\"position\":4,\"name\":\"Shaolin Gru\u00df | Organisches Tank-Top | Damen\"}]},{\"@type\":\"WebSite\",\"@id\":\"https:\\\/\\\/www.meine-tcm.com\\\/#website\",\"url\":\"https:\\\/\\\/www.meine-tcm.com\\\/\",\"name\":\"meine TCM | Traditionelle Chinesische Medizin einfach erkl\u00e4rt\",\"description\":\"Einfach gesund bleiben\",\"publisher\":{\"@id\":\"https:\\\/\\\/www.meine-tcm.com\\\/#organization\"},\"potentialAction\":[{\"@type\":\"SearchAction\",\"target\":{\"@type\":\"EntryPoint\",\"urlTemplate\":\"https:\\\/\\\/www.meine-tcm.com\\\/?s={search_term_string}\"},\"query-input\":{\"@type\":\"PropertyValueSpecification\",\"valueRequired\":true,\"valueName\":\"search_term_string\"}}],\"inLanguage\":\"es\"},{\"@type\":\"Organization\",\"@id\":\"https:\\\/\\\/www.meine-tcm.com\\\/#organization\",\"name\":\"meine-TCM.com \u2014 Traditionelle chinesische Medizin einfach erkl\u00e4rt\",\"url\":\"https:\\\/\\\/www.meine-tcm.com\\\/\",\"logo\":{\"@type\":\"ImageObject\",\"inLanguage\":\"es\",\"@id\":\"https:\\\/\\\/www.meine-tcm.com\\\/#\\\/schema\\\/logo\\\/image\\\/\",\"url\":\"https:\\\/\\\/www.meine-tcm.com\\\/wp-content\\\/uploads\\\/2022\\\/08\\\/meine-tcm-traditionelle-chinesische-medizin-einfach-erklaert.png\",\"contentUrl\":\"https:\\\/\\\/www.meine-tcm.com\\\/wp-content\\\/uploads\\\/2022\\\/08\\\/meine-tcm-traditionelle-chinesische-medizin-einfach-erklaert.png\",\"width\":559,\"height\":479,\"caption\":\"meine-TCM.com \u2014 Traditionelle chinesische Medizin einfach erkl\u00e4rt\"},\"image\":{\"@id\":\"https:\\\/\\\/www.meine-tcm.com\\\/#\\\/schema\\\/logo\\\/image\\\/\"},\"sameAs\":[\"https:\\\/\\\/www.instagram.com\\\/meinetcm\\\/\",\"https:\\\/\\\/www.youtube.com\\\/@EinfachbesserLeben\"]}]}<\/script>\n<!-- \/ Yoast SEO plugin. -->","yoast_head_json":{"title":"Shaolin Greeting | Camiseta de tirantes org\u00e1nica | Mujer comprar en l\u00ednea","robots":{"index":"index","follow":"follow","max-snippet":"max-snippet:-1","max-image-preview":"max-image-preview:large","max-video-preview":"max-video-preview:-1"},"canonical":"https:\/\/www.meine-tcm.com\/es\/producto\/shaolin-greeting-camiseta-sin-mangas-bio-mujer\/","og_locale":"es_ES","og_type":"article","og_title":"Shaolin Gru\u00df | Organisches Tank-Top | Damen online kaufen","og_description":"M\u00f6chtest du ein Tank-Top tragen, das nicht nur stilvoll ist, sondern auch die Botschaft des Respekts und der inneren St\u00e4rke vermittelt?  Unser Organisches Tank-Top f\u00fcr Damen, inspiriert vom Shaolin Gru\u00df, verk\u00f6rpert die Philosophie dieses Gru\u00dfes und erinnert dich an die innere St\u00e4rke, die in dir steckt. Der Shaolin Gru\u00df symbolisiert Respekt, Ehrerbietung und Frieden und tr\u00e4gt die Essenz der jahrhundertealten Shaolin-Tradition in sich, die K\u00f6rper und Geist in Einklang bringt.  Dieses Tank-Top wird zu deinem t\u00e4glichen Begleiter, der dich daran erinnert, Respekt und Frieden in dein Leben zu bringen. &nbsp;  Exklusives Angebot Spare 10%! Verwende den Gutscheincode\u00a0 EBL10\u00a0 beim Checkout und erhalte 10% Rabatt auf deinen Einkauf bei Deivi!","og_url":"https:\/\/www.meine-tcm.com\/es\/producto\/shaolin-greeting-camiseta-sin-mangas-bio-mujer\/","og_site_name":"meine TCM | Traditionelle Chinesische Medizin einfach erkl\u00e4rt","article_modified_time":"2024-10-14T09:53:25+00:00","og_image":[{"width":990,"height":1050,"url":"https:\/\/www.meine-tcm.com\/wp-content\/uploads\/2024\/09\/shaolin-gruss-organisches-tank-top-damen-444968.webp","type":"image\/webp"}],"twitter_card":"summary_large_image","schema":{"@context":"https:\/\/schema.org","@graph":[{"@type":"WebPage","@id":"https:\/\/www.meine-tcm.com\/produkt\/shaolin-gruss-organisches-tank-top-damen\/","url":"https:\/\/www.meine-tcm.com\/produkt\/shaolin-gruss-organisches-tank-top-damen\/","name":"Shaolin Greeting | Camiseta de tirantes org\u00e1nica | Mujer comprar en l\u00ednea","isPartOf":{"@id":"https:\/\/www.meine-tcm.com\/#website"},"primaryImageOfPage":{"@id":"https:\/\/www.meine-tcm.com\/produkt\/shaolin-gruss-organisches-tank-top-damen\/#primaryimage"},"image":{"@id":"https:\/\/www.meine-tcm.com\/produkt\/shaolin-gruss-organisches-tank-top-damen\/#primaryimage"},"thumbnailUrl":"https:\/\/www.meine-tcm.com\/wp-content\/uploads\/2024\/09\/shaolin-gruss-organisches-tank-top-damen-444968.webp","datePublished":"2024-09-11T08:47:53+00:00","dateModified":"2024-10-14T09:53:25+00:00","breadcrumb":{"@id":"https:\/\/www.meine-tcm.com\/produkt\/shaolin-gruss-organisches-tank-top-damen\/#breadcrumb"},"inLanguage":"es","potentialAction":[{"@type":"ReadAction","target":["https:\/\/www.meine-tcm.com\/produkt\/shaolin-gruss-organisches-tank-top-damen\/"]}]},{"@type":"ImageObject","inLanguage":"es","@id":"https:\/\/www.meine-tcm.com\/produkt\/shaolin-gruss-organisches-tank-top-damen\/#primaryimage","url":"https:\/\/www.meine-tcm.com\/wp-content\/uploads\/2024\/09\/shaolin-gruss-organisches-tank-top-damen-444968.webp","contentUrl":"https:\/\/www.meine-tcm.com\/wp-content\/uploads\/2024\/09\/shaolin-gruss-organisches-tank-top-damen-444968.webp","width":990,"height":1050},{"@type":"BreadcrumbList","@id":"https:\/\/www.meine-tcm.com\/produkt\/shaolin-gruss-organisches-tank-top-damen\/#breadcrumb","itemListElement":[{"@type":"ListItem","position":1,"name":"Home","item":"https:\/\/www.meine-tcm.com\/"},{"@type":"ListItem","position":2,"name":"Shop","item":"https:\/\/www.meine-tcm.com\/shop\/"},{"@type":"ListItem","position":3,"name":"Bekleidung","item":"https:\/\/www.meine-tcm.com\/produkte\/bekleidung\/"},{"@type":"ListItem","position":4,"name":"Shaolin Gru\u00df | Organisches Tank-Top | Damen"}]},{"@type":"WebSite","@id":"https:\/\/www.meine-tcm.com\/#website","url":"https:\/\/www.meine-tcm.com\/","name":"mi MTC | Medicina Tradicional China explicada de forma sencilla","description":"Mant\u00e9ngase sano","publisher":{"@id":"https:\/\/www.meine-tcm.com\/#organization"},"potentialAction":[{"@type":"SearchAction","target":{"@type":"EntryPoint","urlTemplate":"https:\/\/www.meine-tcm.com\/?s={search_term_string}"},"query-input":{"@type":"PropertyValueSpecification","valueRequired":true,"valueName":"search_term_string"}}],"inLanguage":"es"},{"@type":"Organization","@id":"https:\/\/www.meine-tcm.com\/#organization","name":"meine-TCM.com - La Medicina Tradicional China explicada de forma sencilla","url":"https:\/\/www.meine-tcm.com\/","logo":{"@type":"ImageObject","inLanguage":"es","@id":"https:\/\/www.meine-tcm.com\/#\/schema\/logo\/image\/","url":"https:\/\/www.meine-tcm.com\/wp-content\/uploads\/2022\/08\/meine-tcm-traditionelle-chinesische-medizin-einfach-erklaert.png","contentUrl":"https:\/\/www.meine-tcm.com\/wp-content\/uploads\/2022\/08\/meine-tcm-traditionelle-chinesische-medizin-einfach-erklaert.png","width":559,"height":479,"caption":"meine-TCM.com \u2014 Traditionelle chinesische Medizin einfach erkl\u00e4rt"},"image":{"@id":"https:\/\/www.meine-tcm.com\/#\/schema\/logo\/image\/"},"sameAs":["https:\/\/www.instagram.com\/meinetcm\/","https:\/\/www.youtube.com\/@EinfachbesserLeben"]}]}},"wps_subtitle":"","_links":{"self":[{"href":"https:\/\/www.meine-tcm.com\/es\/wp-json\/wp\/v2\/product\/16199","targetHints":{"allow":["GET"]}}],"collection":[{"href":"https:\/\/www.meine-tcm.com\/es\/wp-json\/wp\/v2\/product"}],"about":[{"href":"https:\/\/www.meine-tcm.com\/es\/wp-json\/wp\/v2\/types\/product"}],"replies":[{"embeddable":true,"href":"https:\/\/www.meine-tcm.com\/es\/wp-json\/wp\/v2\/comments?post=16199"}],"wp:featuredmedia":[{"embeddable":true,"href":"https:\/\/www.meine-tcm.com\/es\/wp-json\/wp\/v2\/media\/16202"}],"wp:attachment":[{"href":"https:\/\/www.meine-tcm.com\/es\/wp-json\/wp\/v2\/media?parent=16199"}],"wp:term":[{"taxonomy":"product_brand","embeddable":true,"href":"https:\/\/www.meine-tcm.com\/es\/wp-json\/wp\/v2\/product_brand?post=16199"},{"taxonomy":"product_cat","embeddable":true,"href":"https:\/\/www.meine-tcm.com\/es\/wp-json\/wp\/v2\/product_cat?post=16199"},{"taxonomy":"product_tag","embeddable":true,"href":"https:\/\/www.meine-tcm.com\/es\/wp-json\/wp\/v2\/product_tag?post=16199"}],"curies":[{"name":"wp","href":"https:\/\/api.w.org\/{rel}","templated":true}]}}