{"id":16186,"date":"2024-09-11T10:33:24","date_gmt":"2024-09-11T08:33:24","guid":{"rendered":"https:\/\/www.meine-tcm.com\/?post_type=product&#038;p=16186"},"modified":"2024-10-14T11:54:08","modified_gmt":"2024-10-14T09:54:08","slug":"camiseta-qi-gong-camiseta-organica-mujer","status":"publish","type":"product","link":"https:\/\/www.meine-tcm.com\/es\/producto\/camiseta-qi-gong-camiseta-organica-mujer\/","title":{"rendered":"Camiseta Qi Gong | Camiseta org\u00e1nica | Se\u00f1oras"},"content":{"rendered":"","protected":false},"excerpt":{"rendered":"<p>Esta camiseta representa la esencia de las artes marciales internas, como el Tai Chi y el Qi Gong, y su conexi\u00f3n con la naturaleza y la energ\u00eda vital conocida como Chi.<\/p>\n<p><strong>Esta camiseta no es s\u00f3lo una prenda de vestir, sino que simboliza la armon\u00eda entre cuerpo, mente y naturaleza. D\u00e9jate inspirar por el profundo significado del chi y las artes marciales internas. Lleva contigo el mensaje de la conexi\u00f3n entre el hombre y la naturaleza.<\/strong><br \/>\n&nbsp;<\/p>\n<div class=\"term-description\">\n<h2 class=\"font-600 text-xl font-bold\">Oferta exclusiva<\/h2>\n<p class=\"whitespace-pre-wrap break-words\"><span style=\"font-size: 110%;\"><strong>\u00a1Repuesto 10%!<\/strong><\/span> Utilice el c\u00f3digo del vale\u00a0<span style=\"font-size: 110%; background-color: #ed1c24; color: #ffffff;\"> <strong>EBL10<\/strong>\u00a0<\/span> en la caja y reciba <span style=\"font-size: 110%;\"><strong>10% Descuento<\/strong><\/span> \u00a1en tu compra en Deivi!<\/p>\n<\/div>","protected":false},"featured_media":16187,"comment_status":"open","ping_status":"closed","template":"","meta":{"_acf_changed":false},"product_brand":[],"product_cat":[297],"product_tag":[],"class_list":{"0":"post-16186","1":"product","2":"type-product","3":"status-publish","4":"has-post-thumbnail","6":"product_cat-bekleidung","8":"first","9":"instock","10":"taxable","11":"shipping-taxable","12":"product-type-external"},"acf":[],"yoast_head":"<!-- This site is optimized with the Yoast SEO plugin v27.1.1 - https:\/\/yoast.com\/product\/yoast-seo-wordpress\/ -->\n<title>Qi Gong T-SHirt | Organisches T-Shirt | Damen online kaufen<\/title>\n<meta name=\"robots\" content=\"index, follow, max-snippet:-1, max-image-preview:large, max-video-preview:-1\" \/>\n<link rel=\"canonical\" href=\"https:\/\/www.meine-tcm.com\/es\/producto\/camiseta-qi-gong-camiseta-organica-mujer\/\" \/>\n<meta property=\"og:locale\" content=\"es_ES\" \/>\n<meta property=\"og:type\" content=\"article\" \/>\n<meta property=\"og:title\" content=\"Qi Gong T-SHirt | Organisches T-Shirt | Damen online kaufen\" \/>\n<meta property=\"og:description\" content=\"Dieses T-Shirt repr\u00e4sentiert die Essenz der Inneren Kampfk\u00fcnste, wie Tai Chi und Qi Gong, und deren Zusammenhang mit der Natur und der Lebensenergie, bekannt als Chi.  Dieses T-Shirt ist nicht nur ein Kleidungsst\u00fcck, sondern steht f\u00fcr die Harmonie zwischen K\u00f6rper, Geist und Natur. Lass dich von der tiefgr\u00fcndigen Bedeutung des Chi und den Inneren Kampfk\u00fcnsten inspirieren. Trage die Botschaft der Verbindung zwischen Mensch und Natur bei dir! &nbsp;  Exklusives Angebot Spare 10%! Verwende den Gutscheincode\u00a0 EBL10\u00a0 beim Checkout und erhalte 10% Rabatt auf deinen Einkauf bei Deivi!\" \/>\n<meta property=\"og:url\" content=\"https:\/\/www.meine-tcm.com\/es\/producto\/camiseta-qi-gong-camiseta-organica-mujer\/\" \/>\n<meta property=\"og:site_name\" content=\"meine TCM | Traditionelle Chinesische Medizin einfach erkl\u00e4rt\" \/>\n<meta property=\"article:modified_time\" content=\"2024-10-14T09:54:08+00:00\" \/>\n<meta property=\"og:image\" content=\"https:\/\/www.meine-tcm.com\/wp-content\/uploads\/2024\/09\/qi-gong-ladies-organic-shirt-829356.webp\" \/>\n\t<meta property=\"og:image:width\" content=\"990\" \/>\n\t<meta property=\"og:image:height\" content=\"1050\" \/>\n\t<meta property=\"og:image:type\" content=\"image\/webp\" \/>\n<meta name=\"twitter:card\" content=\"summary_large_image\" \/>\n<script type=\"application\/ld+json\" class=\"yoast-schema-graph\">{\"@context\":\"https:\/\/schema.org\",\"@graph\":[{\"@type\":\"WebPage\",\"@id\":\"https:\/\/www.meine-tcm.com\/produkt\/qi-gong-t-shirt-organisches-t-shirt-damen\/\",\"url\":\"https:\/\/www.meine-tcm.com\/produkt\/qi-gong-t-shirt-organisches-t-shirt-damen\/\",\"name\":\"Qi Gong T-SHirt | Organisches T-Shirt | Damen online kaufen\",\"isPartOf\":{\"@id\":\"https:\/\/www.meine-tcm.com\/#website\"},\"primaryImageOfPage\":{\"@id\":\"https:\/\/www.meine-tcm.com\/produkt\/qi-gong-t-shirt-organisches-t-shirt-damen\/#primaryimage\"},\"image\":{\"@id\":\"https:\/\/www.meine-tcm.com\/produkt\/qi-gong-t-shirt-organisches-t-shirt-damen\/#primaryimage\"},\"thumbnailUrl\":\"https:\/\/www.meine-tcm.com\/wp-content\/uploads\/2024\/09\/qi-gong-ladies-organic-shirt-829356.webp\",\"datePublished\":\"2024-09-11T08:33:24+00:00\",\"dateModified\":\"2024-10-14T09:54:08+00:00\",\"breadcrumb\":{\"@id\":\"https:\/\/www.meine-tcm.com\/produkt\/qi-gong-t-shirt-organisches-t-shirt-damen\/#breadcrumb\"},\"inLanguage\":\"es\",\"potentialAction\":[{\"@type\":\"ReadAction\",\"target\":[\"https:\/\/www.meine-tcm.com\/produkt\/qi-gong-t-shirt-organisches-t-shirt-damen\/\"]}]},{\"@type\":\"ImageObject\",\"inLanguage\":\"es\",\"@id\":\"https:\/\/www.meine-tcm.com\/produkt\/qi-gong-t-shirt-organisches-t-shirt-damen\/#primaryimage\",\"url\":\"https:\/\/www.meine-tcm.com\/wp-content\/uploads\/2024\/09\/qi-gong-ladies-organic-shirt-829356.webp\",\"contentUrl\":\"https:\/\/www.meine-tcm.com\/wp-content\/uploads\/2024\/09\/qi-gong-ladies-organic-shirt-829356.webp\",\"width\":990,\"height\":1050},{\"@type\":\"BreadcrumbList\",\"@id\":\"https:\/\/www.meine-tcm.com\/produkt\/qi-gong-t-shirt-organisches-t-shirt-damen\/#breadcrumb\",\"itemListElement\":[{\"@type\":\"ListItem\",\"position\":1,\"name\":\"Home\",\"item\":\"https:\/\/www.meine-tcm.com\/\"},{\"@type\":\"ListItem\",\"position\":2,\"name\":\"Shop\",\"item\":\"https:\/\/www.meine-tcm.com\/shop\/\"},{\"@type\":\"ListItem\",\"position\":3,\"name\":\"Bekleidung\",\"item\":\"https:\/\/www.meine-tcm.com\/produkte\/bekleidung\/\"},{\"@type\":\"ListItem\",\"position\":4,\"name\":\"Qi Gong T-SHirt | Organisches T-Shirt | Damen\"}]},{\"@type\":\"WebSite\",\"@id\":\"https:\/\/www.meine-tcm.com\/#website\",\"url\":\"https:\/\/www.meine-tcm.com\/\",\"name\":\"meine TCM | Traditionelle Chinesische Medizin einfach erkl\u00e4rt\",\"description\":\"Einfach gesund bleiben\",\"publisher\":{\"@id\":\"https:\/\/www.meine-tcm.com\/#organization\"},\"potentialAction\":[{\"@type\":\"SearchAction\",\"target\":{\"@type\":\"EntryPoint\",\"urlTemplate\":\"https:\/\/www.meine-tcm.com\/?s={search_term_string}\"},\"query-input\":{\"@type\":\"PropertyValueSpecification\",\"valueRequired\":true,\"valueName\":\"search_term_string\"}}],\"inLanguage\":\"es\"},{\"@type\":\"Organization\",\"@id\":\"https:\/\/www.meine-tcm.com\/#organization\",\"name\":\"meine-TCM.com \u2014 Traditionelle chinesische Medizin einfach erkl\u00e4rt\",\"url\":\"https:\/\/www.meine-tcm.com\/\",\"logo\":{\"@type\":\"ImageObject\",\"inLanguage\":\"es\",\"@id\":\"https:\/\/www.meine-tcm.com\/#\/schema\/logo\/image\/\",\"url\":\"https:\/\/www.meine-tcm.com\/wp-content\/uploads\/2022\/08\/meine-tcm-traditionelle-chinesische-medizin-einfach-erklaert.png\",\"contentUrl\":\"https:\/\/www.meine-tcm.com\/wp-content\/uploads\/2022\/08\/meine-tcm-traditionelle-chinesische-medizin-einfach-erklaert.png\",\"width\":559,\"height\":479,\"caption\":\"meine-TCM.com \u2014 Traditionelle chinesische Medizin einfach erkl\u00e4rt\"},\"image\":{\"@id\":\"https:\/\/www.meine-tcm.com\/#\/schema\/logo\/image\/\"},\"sameAs\":[\"https:\/\/www.instagram.com\/meinetcm\/\",\"https:\/\/www.youtube.com\/@EinfachbesserLeben\"]}]}<\/script>\n<!-- \/ Yoast SEO plugin. -->","yoast_head_json":{"title":"Comprar Camiseta Qi Gong | Camiseta org\u00e1nica | Mujer online","robots":{"index":"index","follow":"follow","max-snippet":"max-snippet:-1","max-image-preview":"max-image-preview:large","max-video-preview":"max-video-preview:-1"},"canonical":"https:\/\/www.meine-tcm.com\/es\/producto\/camiseta-qi-gong-camiseta-organica-mujer\/","og_locale":"es_ES","og_type":"article","og_title":"Qi Gong T-SHirt | Organisches T-Shirt | Damen online kaufen","og_description":"Dieses T-Shirt repr\u00e4sentiert die Essenz der Inneren Kampfk\u00fcnste, wie Tai Chi und Qi Gong, und deren Zusammenhang mit der Natur und der Lebensenergie, bekannt als Chi.  Dieses T-Shirt ist nicht nur ein Kleidungsst\u00fcck, sondern steht f\u00fcr die Harmonie zwischen K\u00f6rper, Geist und Natur. Lass dich von der tiefgr\u00fcndigen Bedeutung des Chi und den Inneren Kampfk\u00fcnsten inspirieren. Trage die Botschaft der Verbindung zwischen Mensch und Natur bei dir! &nbsp;  Exklusives Angebot Spare 10%! Verwende den Gutscheincode\u00a0 EBL10\u00a0 beim Checkout und erhalte 10% Rabatt auf deinen Einkauf bei Deivi!","og_url":"https:\/\/www.meine-tcm.com\/es\/producto\/camiseta-qi-gong-camiseta-organica-mujer\/","og_site_name":"meine TCM | Traditionelle Chinesische Medizin einfach erkl\u00e4rt","article_modified_time":"2024-10-14T09:54:08+00:00","og_image":[{"width":990,"height":1050,"url":"https:\/\/www.meine-tcm.com\/wp-content\/uploads\/2024\/09\/qi-gong-ladies-organic-shirt-829356.webp","type":"image\/webp"}],"twitter_card":"summary_large_image","schema":{"@context":"https:\/\/schema.org","@graph":[{"@type":"WebPage","@id":"https:\/\/www.meine-tcm.com\/produkt\/qi-gong-t-shirt-organisches-t-shirt-damen\/","url":"https:\/\/www.meine-tcm.com\/produkt\/qi-gong-t-shirt-organisches-t-shirt-damen\/","name":"Comprar Camiseta Qi Gong | Camiseta org\u00e1nica | Mujer online","isPartOf":{"@id":"https:\/\/www.meine-tcm.com\/#website"},"primaryImageOfPage":{"@id":"https:\/\/www.meine-tcm.com\/produkt\/qi-gong-t-shirt-organisches-t-shirt-damen\/#primaryimage"},"image":{"@id":"https:\/\/www.meine-tcm.com\/produkt\/qi-gong-t-shirt-organisches-t-shirt-damen\/#primaryimage"},"thumbnailUrl":"https:\/\/www.meine-tcm.com\/wp-content\/uploads\/2024\/09\/qi-gong-ladies-organic-shirt-829356.webp","datePublished":"2024-09-11T08:33:24+00:00","dateModified":"2024-10-14T09:54:08+00:00","breadcrumb":{"@id":"https:\/\/www.meine-tcm.com\/produkt\/qi-gong-t-shirt-organisches-t-shirt-damen\/#breadcrumb"},"inLanguage":"es","potentialAction":[{"@type":"ReadAction","target":["https:\/\/www.meine-tcm.com\/produkt\/qi-gong-t-shirt-organisches-t-shirt-damen\/"]}]},{"@type":"ImageObject","inLanguage":"es","@id":"https:\/\/www.meine-tcm.com\/produkt\/qi-gong-t-shirt-organisches-t-shirt-damen\/#primaryimage","url":"https:\/\/www.meine-tcm.com\/wp-content\/uploads\/2024\/09\/qi-gong-ladies-organic-shirt-829356.webp","contentUrl":"https:\/\/www.meine-tcm.com\/wp-content\/uploads\/2024\/09\/qi-gong-ladies-organic-shirt-829356.webp","width":990,"height":1050},{"@type":"BreadcrumbList","@id":"https:\/\/www.meine-tcm.com\/produkt\/qi-gong-t-shirt-organisches-t-shirt-damen\/#breadcrumb","itemListElement":[{"@type":"ListItem","position":1,"name":"Home","item":"https:\/\/www.meine-tcm.com\/"},{"@type":"ListItem","position":2,"name":"Shop","item":"https:\/\/www.meine-tcm.com\/shop\/"},{"@type":"ListItem","position":3,"name":"Bekleidung","item":"https:\/\/www.meine-tcm.com\/produkte\/bekleidung\/"},{"@type":"ListItem","position":4,"name":"Qi Gong T-SHirt | Organisches T-Shirt | Damen"}]},{"@type":"WebSite","@id":"https:\/\/www.meine-tcm.com\/#website","url":"https:\/\/www.meine-tcm.com\/","name":"mi MTC | Medicina Tradicional China explicada de forma sencilla","description":"Mant\u00e9ngase sano","publisher":{"@id":"https:\/\/www.meine-tcm.com\/#organization"},"potentialAction":[{"@type":"SearchAction","target":{"@type":"EntryPoint","urlTemplate":"https:\/\/www.meine-tcm.com\/?s={search_term_string}"},"query-input":{"@type":"PropertyValueSpecification","valueRequired":true,"valueName":"search_term_string"}}],"inLanguage":"es"},{"@type":"Organization","@id":"https:\/\/www.meine-tcm.com\/#organization","name":"meine-TCM.com - La Medicina Tradicional China explicada de forma sencilla","url":"https:\/\/www.meine-tcm.com\/","logo":{"@type":"ImageObject","inLanguage":"es","@id":"https:\/\/www.meine-tcm.com\/#\/schema\/logo\/image\/","url":"https:\/\/www.meine-tcm.com\/wp-content\/uploads\/2022\/08\/meine-tcm-traditionelle-chinesische-medizin-einfach-erklaert.png","contentUrl":"https:\/\/www.meine-tcm.com\/wp-content\/uploads\/2022\/08\/meine-tcm-traditionelle-chinesische-medizin-einfach-erklaert.png","width":559,"height":479,"caption":"meine-TCM.com \u2014 Traditionelle chinesische Medizin einfach erkl\u00e4rt"},"image":{"@id":"https:\/\/www.meine-tcm.com\/#\/schema\/logo\/image\/"},"sameAs":["https:\/\/www.instagram.com\/meinetcm\/","https:\/\/www.youtube.com\/@EinfachbesserLeben"]}]}},"wps_subtitle":"","_links":{"self":[{"href":"https:\/\/www.meine-tcm.com\/es\/wp-json\/wp\/v2\/product\/16186","targetHints":{"allow":["GET"]}}],"collection":[{"href":"https:\/\/www.meine-tcm.com\/es\/wp-json\/wp\/v2\/product"}],"about":[{"href":"https:\/\/www.meine-tcm.com\/es\/wp-json\/wp\/v2\/types\/product"}],"replies":[{"embeddable":true,"href":"https:\/\/www.meine-tcm.com\/es\/wp-json\/wp\/v2\/comments?post=16186"}],"wp:featuredmedia":[{"embeddable":true,"href":"https:\/\/www.meine-tcm.com\/es\/wp-json\/wp\/v2\/media\/16187"}],"wp:attachment":[{"href":"https:\/\/www.meine-tcm.com\/es\/wp-json\/wp\/v2\/media?parent=16186"}],"wp:term":[{"taxonomy":"product_brand","embeddable":true,"href":"https:\/\/www.meine-tcm.com\/es\/wp-json\/wp\/v2\/product_brand?post=16186"},{"taxonomy":"product_cat","embeddable":true,"href":"https:\/\/www.meine-tcm.com\/es\/wp-json\/wp\/v2\/product_cat?post=16186"},{"taxonomy":"product_tag","embeddable":true,"href":"https:\/\/www.meine-tcm.com\/es\/wp-json\/wp\/v2\/product_tag?post=16186"}],"curies":[{"name":"wp","href":"https:\/\/api.w.org\/{rel}","templated":true}]}}