{"id":16145,"date":"2024-09-10T09:48:41","date_gmt":"2024-09-10T07:48:41","guid":{"rendered":"https:\/\/www.meine-tcm.com\/?post_type=product&#038;p=16145"},"modified":"2024-10-14T11:55:28","modified_gmt":"2024-10-14T09:55:28","slug":"sudadera-ecologica-yin-yang-unisex","status":"publish","type":"product","link":"https:\/\/www.meine-tcm.com\/es\/produkt\/yin-yang-organischer-hoodie-unisex\/","title":{"rendered":"Yin &amp; Yang | Sudadera con capucha ecol\u00f3gica | Unisex"},"content":{"rendered":"","protected":false},"excerpt":{"rendered":"<p>Experimente la profunda filosof\u00eda de la <strong>Yin y Yang<\/strong> en nuestra sudadera org\u00e1nica unisex. El s\u00edmbolo del Yin y el Yang es un reflejo de la vida misma, y nos recuerda que en medio de la dualidad se encuentra la verdadera esencia del equilibrio y la armon\u00eda.<\/p>\n<p>Este simbolismo intemporal nos ense\u00f1a a aceptar las polaridades de la vida y a armonizarlas, como la luz y la sombra, que se complementan y perfeccionan mutuamente.<\/p>\n<div class=\"term-description\">\n<h2 class=\"font-600 text-xl font-bold\">Oferta exclusiva<\/h2>\n<p class=\"whitespace-pre-wrap break-words\"><span style=\"font-size: 110%;\"><strong>\u00a1Repuesto 10%!<\/strong><\/span> Utilice el c\u00f3digo del vale\u00a0<span style=\"font-size: 110%; background-color: #ed1c24; color: #ffffff;\"> <strong>EBL10<\/strong>\u00a0<\/span> en la caja y reciba <span style=\"font-size: 110%;\"><strong>10% Descuento<\/strong><\/span> \u00a1en tu compra en Deivi!<\/p>\n<\/div>","protected":false},"featured_media":16148,"comment_status":"open","ping_status":"closed","template":"","meta":{"_acf_changed":false},"product_brand":[],"product_cat":[297],"product_tag":[],"class_list":{"0":"post-16145","1":"product","2":"type-product","3":"status-publish","4":"has-post-thumbnail","6":"product_cat-bekleidung","8":"first","9":"instock","10":"taxable","11":"shipping-taxable","12":"product-type-external"},"acf":[],"yoast_head":"<!-- This site is optimized with the Yoast SEO plugin v27.3 - https:\/\/yoast.com\/product\/yoast-seo-wordpress\/ -->\n<title>Yin &amp; Yang | Organischer Hoodie | Unisex online kaufen<\/title>\n<meta name=\"robots\" content=\"index, follow, max-snippet:-1, max-image-preview:large, max-video-preview:-1\" \/>\n<link rel=\"canonical\" href=\"https:\/\/www.meine-tcm.com\/es\/producto\/sudadera-ecologica-yin-yang-unisex\/\" \/>\n<meta property=\"og:locale\" content=\"es_ES\" \/>\n<meta property=\"og:type\" content=\"article\" \/>\n<meta property=\"og:title\" content=\"Yin &amp; Yang | Organischer Hoodie | Unisex online kaufen\" \/>\n<meta property=\"og:description\" content=\"Erlebe die tiefgreifende Philosophie des Yin &amp; Yang in unserem organischen Unisex Hoodie. Das Yin &amp; Yang Symbol ist ein Spiegelbild des Lebens selbst, und es erinnert uns daran, dass inmitten der Dualit\u00e4t die wahre Essenz von Balance und Harmonie liegt.  Diese zeitlose Symbolik lehrt uns, die Polarit\u00e4ten des Lebens zu akzeptieren und sie in Einklang zu bringen, \u00e4hnlich wie das Licht und der Schatten, die sich gegenseitig erg\u00e4nzen und vervollkommnen.  Exklusives Angebot Spare 10%! Verwende den Gutscheincode\u00a0 EBL10\u00a0 beim Checkout und erhalte 10% Rabatt auf deinen Einkauf bei Deivi!\" \/>\n<meta property=\"og:url\" content=\"https:\/\/www.meine-tcm.com\/es\/producto\/sudadera-ecologica-yin-yang-unisex\/\" \/>\n<meta property=\"og:site_name\" content=\"meine TCM | Traditionelle Chinesische Medizin einfach erkl\u00e4rt\" \/>\n<meta property=\"article:modified_time\" content=\"2024-10-14T09:55:28+00:00\" \/>\n<meta property=\"og:image\" content=\"https:\/\/www.meine-tcm.com\/wp-content\/uploads\/2024\/09\/yin-yang-organischer-hoodie-290136.webp\" \/>\n\t<meta property=\"og:image:width\" content=\"990\" \/>\n\t<meta property=\"og:image:height\" content=\"1050\" \/>\n\t<meta property=\"og:image:type\" content=\"image\/webp\" \/>\n<meta name=\"twitter:card\" content=\"summary_large_image\" \/>\n<script type=\"application\/ld+json\" class=\"yoast-schema-graph\">{\"@context\":\"https:\\\/\\\/schema.org\",\"@graph\":[{\"@type\":\"WebPage\",\"@id\":\"https:\\\/\\\/www.meine-tcm.com\\\/produkt\\\/yin-yang-organischer-hoodie-unisex\\\/\",\"url\":\"https:\\\/\\\/www.meine-tcm.com\\\/produkt\\\/yin-yang-organischer-hoodie-unisex\\\/\",\"name\":\"Yin & Yang | Organischer Hoodie | Unisex online kaufen\",\"isPartOf\":{\"@id\":\"https:\\\/\\\/www.meine-tcm.com\\\/#website\"},\"primaryImageOfPage\":{\"@id\":\"https:\\\/\\\/www.meine-tcm.com\\\/produkt\\\/yin-yang-organischer-hoodie-unisex\\\/#primaryimage\"},\"image\":{\"@id\":\"https:\\\/\\\/www.meine-tcm.com\\\/produkt\\\/yin-yang-organischer-hoodie-unisex\\\/#primaryimage\"},\"thumbnailUrl\":\"https:\\\/\\\/www.meine-tcm.com\\\/wp-content\\\/uploads\\\/2024\\\/09\\\/yin-yang-organischer-hoodie-290136.webp\",\"datePublished\":\"2024-09-10T07:48:41+00:00\",\"dateModified\":\"2024-10-14T09:55:28+00:00\",\"breadcrumb\":{\"@id\":\"https:\\\/\\\/www.meine-tcm.com\\\/produkt\\\/yin-yang-organischer-hoodie-unisex\\\/#breadcrumb\"},\"inLanguage\":\"es\",\"potentialAction\":[{\"@type\":\"ReadAction\",\"target\":[\"https:\\\/\\\/www.meine-tcm.com\\\/produkt\\\/yin-yang-organischer-hoodie-unisex\\\/\"]}]},{\"@type\":\"ImageObject\",\"inLanguage\":\"es\",\"@id\":\"https:\\\/\\\/www.meine-tcm.com\\\/produkt\\\/yin-yang-organischer-hoodie-unisex\\\/#primaryimage\",\"url\":\"https:\\\/\\\/www.meine-tcm.com\\\/wp-content\\\/uploads\\\/2024\\\/09\\\/yin-yang-organischer-hoodie-290136.webp\",\"contentUrl\":\"https:\\\/\\\/www.meine-tcm.com\\\/wp-content\\\/uploads\\\/2024\\\/09\\\/yin-yang-organischer-hoodie-290136.webp\",\"width\":990,\"height\":1050},{\"@type\":\"BreadcrumbList\",\"@id\":\"https:\\\/\\\/www.meine-tcm.com\\\/produkt\\\/yin-yang-organischer-hoodie-unisex\\\/#breadcrumb\",\"itemListElement\":[{\"@type\":\"ListItem\",\"position\":1,\"name\":\"Home\",\"item\":\"https:\\\/\\\/www.meine-tcm.com\\\/\"},{\"@type\":\"ListItem\",\"position\":2,\"name\":\"Shop\",\"item\":\"https:\\\/\\\/www.meine-tcm.com\\\/shop\\\/\"},{\"@type\":\"ListItem\",\"position\":3,\"name\":\"Bekleidung\",\"item\":\"https:\\\/\\\/www.meine-tcm.com\\\/produkte\\\/bekleidung\\\/\"},{\"@type\":\"ListItem\",\"position\":4,\"name\":\"Yin &#038; Yang | Organischer Hoodie | Unisex\"}]},{\"@type\":\"WebSite\",\"@id\":\"https:\\\/\\\/www.meine-tcm.com\\\/#website\",\"url\":\"https:\\\/\\\/www.meine-tcm.com\\\/\",\"name\":\"meine TCM | Traditionelle Chinesische Medizin einfach erkl\u00e4rt\",\"description\":\"Einfach gesund bleiben\",\"publisher\":{\"@id\":\"https:\\\/\\\/www.meine-tcm.com\\\/#organization\"},\"potentialAction\":[{\"@type\":\"SearchAction\",\"target\":{\"@type\":\"EntryPoint\",\"urlTemplate\":\"https:\\\/\\\/www.meine-tcm.com\\\/?s={search_term_string}\"},\"query-input\":{\"@type\":\"PropertyValueSpecification\",\"valueRequired\":true,\"valueName\":\"search_term_string\"}}],\"inLanguage\":\"es\"},{\"@type\":\"Organization\",\"@id\":\"https:\\\/\\\/www.meine-tcm.com\\\/#organization\",\"name\":\"meine-TCM.com \u2014 Traditionelle chinesische Medizin einfach erkl\u00e4rt\",\"url\":\"https:\\\/\\\/www.meine-tcm.com\\\/\",\"logo\":{\"@type\":\"ImageObject\",\"inLanguage\":\"es\",\"@id\":\"https:\\\/\\\/www.meine-tcm.com\\\/#\\\/schema\\\/logo\\\/image\\\/\",\"url\":\"https:\\\/\\\/www.meine-tcm.com\\\/wp-content\\\/uploads\\\/2022\\\/08\\\/meine-tcm-traditionelle-chinesische-medizin-einfach-erklaert.png\",\"contentUrl\":\"https:\\\/\\\/www.meine-tcm.com\\\/wp-content\\\/uploads\\\/2022\\\/08\\\/meine-tcm-traditionelle-chinesische-medizin-einfach-erklaert.png\",\"width\":559,\"height\":479,\"caption\":\"meine-TCM.com \u2014 Traditionelle chinesische Medizin einfach erkl\u00e4rt\"},\"image\":{\"@id\":\"https:\\\/\\\/www.meine-tcm.com\\\/#\\\/schema\\\/logo\\\/image\\\/\"},\"sameAs\":[\"https:\\\/\\\/www.instagram.com\\\/meinetcm\\\/\",\"https:\\\/\\\/www.youtube.com\\\/@EinfachbesserLeben\"]}]}<\/script>\n<!-- \/ Yoast SEO plugin. -->","yoast_head_json":{"title":"Comprar Yin &amp; Yang | Sudadera con capucha org\u00e1nica | Unisex online","robots":{"index":"index","follow":"follow","max-snippet":"max-snippet:-1","max-image-preview":"max-image-preview:large","max-video-preview":"max-video-preview:-1"},"canonical":"https:\/\/www.meine-tcm.com\/es\/producto\/sudadera-ecologica-yin-yang-unisex\/","og_locale":"es_ES","og_type":"article","og_title":"Yin & Yang | Organischer Hoodie | Unisex online kaufen","og_description":"Erlebe die tiefgreifende Philosophie des Yin &amp; Yang in unserem organischen Unisex Hoodie. Das Yin &amp; Yang Symbol ist ein Spiegelbild des Lebens selbst, und es erinnert uns daran, dass inmitten der Dualit\u00e4t die wahre Essenz von Balance und Harmonie liegt.  Diese zeitlose Symbolik lehrt uns, die Polarit\u00e4ten des Lebens zu akzeptieren und sie in Einklang zu bringen, \u00e4hnlich wie das Licht und der Schatten, die sich gegenseitig erg\u00e4nzen und vervollkommnen.  Exklusives Angebot Spare 10%! Verwende den Gutscheincode\u00a0 EBL10\u00a0 beim Checkout und erhalte 10% Rabatt auf deinen Einkauf bei Deivi!","og_url":"https:\/\/www.meine-tcm.com\/es\/producto\/sudadera-ecologica-yin-yang-unisex\/","og_site_name":"meine TCM | Traditionelle Chinesische Medizin einfach erkl\u00e4rt","article_modified_time":"2024-10-14T09:55:28+00:00","og_image":[{"width":990,"height":1050,"url":"https:\/\/www.meine-tcm.com\/wp-content\/uploads\/2024\/09\/yin-yang-organischer-hoodie-290136.webp","type":"image\/webp"}],"twitter_card":"summary_large_image","schema":{"@context":"https:\/\/schema.org","@graph":[{"@type":"WebPage","@id":"https:\/\/www.meine-tcm.com\/produkt\/yin-yang-organischer-hoodie-unisex\/","url":"https:\/\/www.meine-tcm.com\/produkt\/yin-yang-organischer-hoodie-unisex\/","name":"Comprar Yin &amp; Yang | Sudadera con capucha org\u00e1nica | Unisex online","isPartOf":{"@id":"https:\/\/www.meine-tcm.com\/#website"},"primaryImageOfPage":{"@id":"https:\/\/www.meine-tcm.com\/produkt\/yin-yang-organischer-hoodie-unisex\/#primaryimage"},"image":{"@id":"https:\/\/www.meine-tcm.com\/produkt\/yin-yang-organischer-hoodie-unisex\/#primaryimage"},"thumbnailUrl":"https:\/\/www.meine-tcm.com\/wp-content\/uploads\/2024\/09\/yin-yang-organischer-hoodie-290136.webp","datePublished":"2024-09-10T07:48:41+00:00","dateModified":"2024-10-14T09:55:28+00:00","breadcrumb":{"@id":"https:\/\/www.meine-tcm.com\/produkt\/yin-yang-organischer-hoodie-unisex\/#breadcrumb"},"inLanguage":"es","potentialAction":[{"@type":"ReadAction","target":["https:\/\/www.meine-tcm.com\/produkt\/yin-yang-organischer-hoodie-unisex\/"]}]},{"@type":"ImageObject","inLanguage":"es","@id":"https:\/\/www.meine-tcm.com\/produkt\/yin-yang-organischer-hoodie-unisex\/#primaryimage","url":"https:\/\/www.meine-tcm.com\/wp-content\/uploads\/2024\/09\/yin-yang-organischer-hoodie-290136.webp","contentUrl":"https:\/\/www.meine-tcm.com\/wp-content\/uploads\/2024\/09\/yin-yang-organischer-hoodie-290136.webp","width":990,"height":1050},{"@type":"BreadcrumbList","@id":"https:\/\/www.meine-tcm.com\/produkt\/yin-yang-organischer-hoodie-unisex\/#breadcrumb","itemListElement":[{"@type":"ListItem","position":1,"name":"Home","item":"https:\/\/www.meine-tcm.com\/"},{"@type":"ListItem","position":2,"name":"Shop","item":"https:\/\/www.meine-tcm.com\/shop\/"},{"@type":"ListItem","position":3,"name":"Bekleidung","item":"https:\/\/www.meine-tcm.com\/produkte\/bekleidung\/"},{"@type":"ListItem","position":4,"name":"Yin &#038; Yang | Organischer Hoodie | Unisex"}]},{"@type":"WebSite","@id":"https:\/\/www.meine-tcm.com\/#website","url":"https:\/\/www.meine-tcm.com\/","name":"mi MTC | Medicina Tradicional China explicada de forma sencilla","description":"Mant\u00e9ngase sano","publisher":{"@id":"https:\/\/www.meine-tcm.com\/#organization"},"potentialAction":[{"@type":"SearchAction","target":{"@type":"EntryPoint","urlTemplate":"https:\/\/www.meine-tcm.com\/?s={search_term_string}"},"query-input":{"@type":"PropertyValueSpecification","valueRequired":true,"valueName":"search_term_string"}}],"inLanguage":"es"},{"@type":"Organization","@id":"https:\/\/www.meine-tcm.com\/#organization","name":"meine-TCM.com - La Medicina Tradicional China explicada de forma sencilla","url":"https:\/\/www.meine-tcm.com\/","logo":{"@type":"ImageObject","inLanguage":"es","@id":"https:\/\/www.meine-tcm.com\/#\/schema\/logo\/image\/","url":"https:\/\/www.meine-tcm.com\/wp-content\/uploads\/2022\/08\/meine-tcm-traditionelle-chinesische-medizin-einfach-erklaert.png","contentUrl":"https:\/\/www.meine-tcm.com\/wp-content\/uploads\/2022\/08\/meine-tcm-traditionelle-chinesische-medizin-einfach-erklaert.png","width":559,"height":479,"caption":"meine-TCM.com \u2014 Traditionelle chinesische Medizin einfach erkl\u00e4rt"},"image":{"@id":"https:\/\/www.meine-tcm.com\/#\/schema\/logo\/image\/"},"sameAs":["https:\/\/www.instagram.com\/meinetcm\/","https:\/\/www.youtube.com\/@EinfachbesserLeben"]}]}},"wps_subtitle":"","_links":{"self":[{"href":"https:\/\/www.meine-tcm.com\/es\/wp-json\/wp\/v2\/product\/16145","targetHints":{"allow":["GET"]}}],"collection":[{"href":"https:\/\/www.meine-tcm.com\/es\/wp-json\/wp\/v2\/product"}],"about":[{"href":"https:\/\/www.meine-tcm.com\/es\/wp-json\/wp\/v2\/types\/product"}],"replies":[{"embeddable":true,"href":"https:\/\/www.meine-tcm.com\/es\/wp-json\/wp\/v2\/comments?post=16145"}],"wp:featuredmedia":[{"embeddable":true,"href":"https:\/\/www.meine-tcm.com\/es\/wp-json\/wp\/v2\/media\/16148"}],"wp:attachment":[{"href":"https:\/\/www.meine-tcm.com\/es\/wp-json\/wp\/v2\/media?parent=16145"}],"wp:term":[{"taxonomy":"product_brand","embeddable":true,"href":"https:\/\/www.meine-tcm.com\/es\/wp-json\/wp\/v2\/product_brand?post=16145"},{"taxonomy":"product_cat","embeddable":true,"href":"https:\/\/www.meine-tcm.com\/es\/wp-json\/wp\/v2\/product_cat?post=16145"},{"taxonomy":"product_tag","embeddable":true,"href":"https:\/\/www.meine-tcm.com\/es\/wp-json\/wp\/v2\/product_tag?post=16145"}],"curies":[{"name":"wp","href":"https:\/\/api.w.org\/{rel}","templated":true}]}}