{"id":1583,"date":"2020-09-22T12:17:41","date_gmt":"2020-09-22T10:17:41","guid":{"rendered":"https:\/\/www.meine-tcm.com\/?post_type=product&#038;p=1583"},"modified":"2025-03-10T09:04:06","modified_gmt":"2025-03-10T08:04:06","slug":"paquete-de-qi-gong-con-los-3-mejores-cursos-de-qi-gong","status":"publish","type":"product","link":"https:\/\/www.meine-tcm.com\/es\/producto\/paquete-de-qi-gong-con-los-3-mejores-cursos-de-qi-gong\/","title":{"rendered":"Qi Gong - Paquete con los 3 mejores cursos de Qi Gong"},"content":{"rendered":"<div class=\"row\"  id=\"row-170056625\">\n\n\t<div id=\"col-945136779\" class=\"col medium-9 small-12 large-9\"  >\n\t\t\t\t<div class=\"col-inner\"  >\n\t\t\t\n\t\t\t\n<h2>Curso de Qi Gong para principiantes<\/h2>\n<h3>Tabla de contenidos:<\/h3>\n<ul>\n<li><strong>INTRODUCCI\u00d3N<\/strong>...qu\u00e9 es el Qi Gong y la MTC (Medicina Tradicional China)<\/li>\n<li><strong>VISI\u00d3N GENERAL<\/strong>...lo que le espera en este videocurso<\/li>\n<li><strong>NEI GONG<\/strong>...Qi Gong silencioso explicado brevemente<\/li>\n<li><strong>POR QU\u00c9 QI GONG <\/strong>...el efecto de los ejercicios de Qi Gong<\/li>\n<li><strong>PRINCIPIOS DEL QI GONG <\/strong>...respiraci\u00f3n, postura y concentraci\u00f3n<\/li>\n<li><strong>ENTRENAMIENTO CORTO<\/strong> (17 minutos)<\/li>\n<li><strong>ENTRENAMIENTO LARGO<\/strong> (25 minutos)<\/li>\n<li><strong>NEI GONG <\/strong>...el Qi Gong silencioso para unirse<\/li>\n<li><strong>MOTIVACI\u00d3N <\/strong>...instrucciones para hacer ejercicio y motivaci\u00f3n<strong><br \/>\n<\/strong><\/li>\n<li><strong>DECLARACI\u00d3N DE EJERCICIO <\/strong>...los 8 ejercicios explicados en detalle<strong><br \/>\n<\/strong><\/li>\n<li>Duraci\u00f3n aproximada: 120 minutos<\/li>\n<\/ul>\n\t\t<\/div>\n\t\t\t\t\t<\/div>\n\n\t\n\n\t<div id=\"col-1384068635\" class=\"col medium-3 small-12 large-3\"  >\n\t\t\t\t<div class=\"col-inner\"  >\n\t\t\t\n\t\t\t\n\t<div class=\"img has-hover x md-x lg-x y md-y lg-y\" id=\"image_112092631\">\n\t\t\t\t\t\t\t\t<div class=\"img-inner dark\" >\n\t\t\t<img loading=\"lazy\" decoding=\"async\" width=\"283\" height=\"400\" src=\"https:\/\/www.meine-tcm.com\/wp-content\/uploads\/2014\/08\/1cover-qi-gong-fuer-anfaenger-283x400.jpg\" class=\"attachment-medium size-medium\" alt=\"Foto de portada del curso de Qi Gong para principiantes con Wolfgang en la foto\" srcset=\"https:\/\/www.meine-tcm.com\/wp-content\/uploads\/2014\/08\/1cover-qi-gong-fuer-anfaenger-283x400.jpg 283w, https:\/\/www.meine-tcm.com\/wp-content\/uploads\/2014\/08\/1cover-qi-gong-fuer-anfaenger-510x721.jpg 510w, https:\/\/www.meine-tcm.com\/wp-content\/uploads\/2014\/08\/1cover-qi-gong-fuer-anfaenger-566x800.jpg 566w, https:\/\/www.meine-tcm.com\/wp-content\/uploads\/2014\/08\/1cover-qi-gong-fuer-anfaenger-600x848.jpg 600w, https:\/\/www.meine-tcm.com\/wp-content\/uploads\/2014\/08\/1cover-qi-gong-fuer-anfaenger.jpg 764w\" sizes=\"auto, (max-width: 283px) 100vw, 283px\" title=\"Curso de Qi Gong para principiantes de Einfach besser leben\" \/>\t\t\t\t\t\t\n\t\t\t\t\t<\/div>\n\t\t\t\t\t\t\t\t\n<style>\n#image_112092631 {\n  width: 100%;\n}\n<\/style>\n\t<\/div>\n\t\n\t\t<\/div>\n\t\t\t\t\t<\/div>\n\n\t\n<\/div>\n<div class=\"row\"  id=\"row-733095599\">\n\n\t<div id=\"col-2083950703\" class=\"col medium-9 small-12 large-9\"  >\n\t\t\t\t<div class=\"col-inner\"  >\n\t\t\t\n\t\t\t\n<h2>Los 8 Brocados - El Curso Moderno de Qi Gong I<\/h2>\n<h3>Tabla de contenidos:<\/h3>\n<ul>\n<li><strong>INTRODUCCI\u00d3N<\/strong>...cu\u00e1les son los 8 brocados<\/li>\n<li><strong>POR QU\u00c9 QI GONG <\/strong>...el efecto de los ejercicios de Qi Gong<\/li>\n<li><strong>PRINCIPIOS DEL QI GONG <\/strong>...respiraci\u00f3n, postura y concentraci\u00f3n<\/li>\n<li><strong>TCM<\/strong>...\u00bfqu\u00e9 es la MTC (Medicina Tradicional China)?<\/li>\n<li><strong>DECLARACI\u00d3N DE EJERCICIO <\/strong>...los 8 ejercicios explicados en detalle<\/li>\n<li><strong>SECUENCIA COMPLETA<\/strong> (20 minutos)...los 8 brocados en una secuencia<\/li>\n<li><strong>QI &amp; MERIDIANE<\/strong>...\u00bfqu\u00e9 es el Qi desde la perspectiva de la MTC?<\/li>\n<li><strong>MOTIVACI\u00d3N <\/strong>...instrucciones para hacer ejercicio y motivaci\u00f3n<strong><br \/>\n<\/strong><\/li>\n<li>Duraci\u00f3n aproximada: 138 minutos<\/li>\n<\/ul>\n\t\t<\/div>\n\t\t\t\t\t<\/div>\n\n\t\n\n\t<div id=\"col-1298510657\" class=\"col medium-3 small-12 large-3\"  >\n\t\t\t\t<div class=\"col-inner\"  >\n\t\t\t\n\t\t\t\n\t<div class=\"img has-hover x md-x lg-x y md-y lg-y\" id=\"image_195132790\">\n\t\t\t\t\t\t\t\t<div class=\"img-inner dark\" >\n\t\t\t<img loading=\"lazy\" decoding=\"async\" width=\"283\" height=\"400\" src=\"https:\/\/www.meine-tcm.com\/wp-content\/uploads\/2014\/06\/1qi-gong-i-283x400.jpg\" class=\"attachment-medium size-medium\" alt=\"Foto de portada del curso de Qi Gong moderno 8 brocados con Wolfgang\" srcset=\"https:\/\/www.meine-tcm.com\/wp-content\/uploads\/2014\/06\/1qi-gong-i-283x400.jpg 283w, https:\/\/www.meine-tcm.com\/wp-content\/uploads\/2014\/06\/1qi-gong-i-510x720.jpg 510w, https:\/\/www.meine-tcm.com\/wp-content\/uploads\/2014\/06\/1qi-gong-i-566x800.jpg 566w, https:\/\/www.meine-tcm.com\/wp-content\/uploads\/2014\/06\/1qi-gong-i-768x1085.jpg 768w, https:\/\/www.meine-tcm.com\/wp-content\/uploads\/2014\/06\/1qi-gong-i-600x847.jpg 600w, https:\/\/www.meine-tcm.com\/wp-content\/uploads\/2014\/06\/1qi-gong-i.jpg 1062w\" sizes=\"auto, (max-width: 283px) 100vw, 283px\" title=\"El curso moderno de Qi Gong 8 Brocados de Simplemente Vivir Mejor\" \/>\t\t\t\t\t\t\n\t\t\t\t\t<\/div>\n\t\t\t\t\t\t\t\t\n<style>\n#image_195132790 {\n  width: 100%;\n}\n<\/style>\n\t<\/div>\n\t\n\t\t<\/div>\n\t\t\t\t\t<\/div>\n\n\t\n<\/div>\n<div class=\"row\"  id=\"row-419722294\">\n\n\t<div id=\"col-1831643023\" class=\"col medium-9 small-12 large-9\"  >\n\t\t\t\t<div class=\"col-inner\"  >\n\t\t\t\n\t\t\t\n<h2>Las 18 figuras de la armon\u00eda - El curso moderno de Qi Gong II<\/h2>\n<h3>Tabla de contenidos:<\/h3>\n<ul>\n<li><strong>INTRODUCCI\u00d3N<\/strong>...Shibashi - las 18 figuras de la armon\u00eda brevemente explicadas<\/li>\n<li><strong>VISI\u00d3N GENERAL<\/strong>...breve introducci\u00f3n al curso de Qi Gong<\/li>\n<li><strong>TCM<\/strong>...qu\u00e9 es la Medicina Tradicional China<\/li>\n<li><strong>PRINCIPIOS DEL QI GONG<\/strong>...respiraci\u00f3n, postura y concentraci\u00f3n<\/li>\n<li><strong>DECLARACI\u00d3N DE EJERCICIO <\/strong>...los 8 ejercicios explicados en detalle<\/li>\n<li><strong>ENTRENAMIENTO I<\/strong> (40 minutos)...secuencia completa en 40 minutos<\/li>\n<li><strong>ENTRENAMIENTO II<\/strong> (27 minutos)...secuencia completa en 27 minutos<\/li>\n<li><strong>MOTIVACI\u00d3N <\/strong>...instrucciones para hacer ejercicio y motivaci\u00f3n<strong><br \/>\n<\/strong><\/li>\n<li>Duraci\u00f3n aproximada: 238 minutos<\/li>\n<\/ul>\n\t\t<\/div>\n\t\t\t\t\t<\/div>\n\n\t\n\n\t<div id=\"col-1739470526\" class=\"col medium-3 small-12 large-3\"  >\n\t\t\t\t<div class=\"col-inner\"  >\n\t\t\t\n\t\t\t\n\t<div class=\"img has-hover x md-x lg-x y md-y lg-y\" id=\"image_1431695749\">\n\t\t\t\t\t\t\t\t<div class=\"img-inner dark\" >\n\t\t\t<img loading=\"lazy\" decoding=\"async\" width=\"283\" height=\"400\" src=\"https:\/\/www.meine-tcm.com\/wp-content\/uploads\/2014\/08\/qi-gong-kurs-18-figuren-der-harmonie-01-283x400.jpg\" class=\"attachment-medium size-medium\" alt=\"Portada del curso de Qi Qong moderno - Las 18 figuras de la armon\u00eda\" srcset=\"https:\/\/www.meine-tcm.com\/wp-content\/uploads\/2014\/08\/qi-gong-kurs-18-figuren-der-harmonie-01-283x400.jpg 283w, https:\/\/www.meine-tcm.com\/wp-content\/uploads\/2014\/08\/qi-gong-kurs-18-figuren-der-harmonie-01-510x721.jpg 510w, https:\/\/www.meine-tcm.com\/wp-content\/uploads\/2014\/08\/qi-gong-kurs-18-figuren-der-harmonie-01-566x800.jpg 566w, https:\/\/www.meine-tcm.com\/wp-content\/uploads\/2014\/08\/qi-gong-kurs-18-figuren-der-harmonie-01-600x848.jpg 600w, https:\/\/www.meine-tcm.com\/wp-content\/uploads\/2014\/08\/qi-gong-kurs-18-figuren-der-harmonie-01.jpg 764w\" sizes=\"auto, (max-width: 283px) 100vw, 283px\" title=\"Curso de Qi Qong - Las 18 figuras de la armon\u00eda\" \/>\t\t\t\t\t\t\n\t\t\t\t\t<\/div>\n\t\t\t\t\t\t\t\t\n<style>\n#image_1431695749 {\n  width: 100%;\n}\n<\/style>\n\t<\/div>\n\t\n\t\t<\/div>\n\t\t\t\t\t<\/div>\n\n\t\n<\/div>","protected":false},"excerpt":{"rendered":"<p>Este paquete contiene nuestros 3 cl\u00e1sicos <strong>Qi Gong para principiantes<\/strong>, <strong>Qi Gong - Los 8 Brocados<\/strong> y <strong>Qi Gong - Las 18 figuras de la armon\u00eda<\/strong> incluido.<br \/>\nAl comprar este producto, recibir\u00e1<strong> 15 % Descuento<\/strong> en el precio de venta.<\/p>\n<p><strong>Nota: Este producto s\u00f3lo est\u00e1 disponible para su visualizaci\u00f3n en l\u00ednea. No se enviar\u00e1 una caja de DVD.<\/strong><\/p>","protected":false},"featured_media":1586,"comment_status":"open","ping_status":"closed","template":"","meta":{"_acf_changed":false},"product_brand":[],"product_cat":[103],"product_tag":[],"class_list":{"0":"post-1583","1":"product","2":"type-product","3":"status-publish","4":"has-post-thumbnail","6":"product_cat-qi-gong","8":"first","9":"instock","10":"sale","11":"virtual","12":"taxable","13":"purchasable","14":"product-type-woosb"},"acf":[],"yoast_head":"<!-- This site is optimized with the Yoast SEO plugin v27.1.1 - https:\/\/yoast.com\/product\/yoast-seo-wordpress\/ -->\n<title>Qi Gong \u2014 Bundle mit den 3 besten Qi Gong Kursen online kaufen<\/title>\n<meta name=\"robots\" content=\"index, follow, max-snippet:-1, max-image-preview:large, max-video-preview:-1\" \/>\n<link rel=\"canonical\" href=\"https:\/\/www.meine-tcm.com\/es\/producto\/paquete-de-qi-gong-con-los-3-mejores-cursos-de-qi-gong\/\" \/>\n<meta property=\"og:locale\" content=\"es_ES\" \/>\n<meta property=\"og:type\" content=\"article\" \/>\n<meta property=\"og:title\" content=\"Qi Gong \u2014 Bundle mit den 3 besten Qi Gong Kursen online kaufen\" \/>\n<meta property=\"og:description\" content=\"In diesem Paket sind unsere 3 Klassiker Qi Gong f\u00fcr Anf\u00e4nger, Qi Gong \u2014 Die 8 Brokate und Qi Gong \u2014 Die 18 Figuren der Harmonie enthalten. Beim Kauf dieses Produktes erh\u00e4ltst du 15 % Erm\u00e4ssigung auf den Verkaufspreis.  Hinweis: Dieses Produkt ist derzeit ausschlie\u00dflich zum Online-Ansehen verf\u00fcgbar. Der Versand einer DVD-Box erfolgt nicht.\" \/>\n<meta property=\"og:url\" content=\"https:\/\/www.meine-tcm.com\/es\/producto\/paquete-de-qi-gong-con-los-3-mejores-cursos-de-qi-gong\/\" \/>\n<meta property=\"og:site_name\" content=\"meine TCM | Traditionelle Chinesische Medizin einfach erkl\u00e4rt\" \/>\n<meta property=\"article:modified_time\" content=\"2025-03-10T08:04:06+00:00\" \/>\n<meta property=\"og:image\" content=\"https:\/\/www.meine-tcm.com\/wp-content\/uploads\/2020\/09\/qi-gong-kurse-bundle.jpg\" \/>\n\t<meta property=\"og:image:width\" content=\"600\" \/>\n\t<meta property=\"og:image:height\" content=\"848\" \/>\n\t<meta property=\"og:image:type\" content=\"image\/jpeg\" \/>\n<meta name=\"twitter:card\" content=\"summary_large_image\" \/>\n<meta name=\"twitter:label1\" content=\"Tiempo de lectura\" \/>\n\t<meta name=\"twitter:data1\" content=\"2 minutos\" \/>\n<script type=\"application\/ld+json\" class=\"yoast-schema-graph\">{\"@context\":\"https:\/\/schema.org\",\"@graph\":[{\"@type\":\"WebPage\",\"@id\":\"https:\/\/www.meine-tcm.com\/produkt\/qi-gong-bundle-mit-den-besten-3-qi-gong-kursen\/\",\"url\":\"https:\/\/www.meine-tcm.com\/produkt\/qi-gong-bundle-mit-den-besten-3-qi-gong-kursen\/\",\"name\":\"Qi Gong \u2014 Bundle mit den 3 besten Qi Gong Kursen online kaufen\",\"isPartOf\":{\"@id\":\"https:\/\/www.meine-tcm.com\/#website\"},\"primaryImageOfPage\":{\"@id\":\"https:\/\/www.meine-tcm.com\/produkt\/qi-gong-bundle-mit-den-besten-3-qi-gong-kursen\/#primaryimage\"},\"image\":{\"@id\":\"https:\/\/www.meine-tcm.com\/produkt\/qi-gong-bundle-mit-den-besten-3-qi-gong-kursen\/#primaryimage\"},\"thumbnailUrl\":\"https:\/\/www.meine-tcm.com\/wp-content\/uploads\/2020\/09\/qi-gong-kurse-bundle.jpg\",\"datePublished\":\"2020-09-22T10:17:41+00:00\",\"dateModified\":\"2025-03-10T08:04:06+00:00\",\"breadcrumb\":{\"@id\":\"https:\/\/www.meine-tcm.com\/produkt\/qi-gong-bundle-mit-den-besten-3-qi-gong-kursen\/#breadcrumb\"},\"inLanguage\":\"es\",\"potentialAction\":[{\"@type\":\"ReadAction\",\"target\":[\"https:\/\/www.meine-tcm.com\/produkt\/qi-gong-bundle-mit-den-besten-3-qi-gong-kursen\/\"]}]},{\"@type\":\"ImageObject\",\"inLanguage\":\"es\",\"@id\":\"https:\/\/www.meine-tcm.com\/produkt\/qi-gong-bundle-mit-den-besten-3-qi-gong-kursen\/#primaryimage\",\"url\":\"https:\/\/www.meine-tcm.com\/wp-content\/uploads\/2020\/09\/qi-gong-kurse-bundle.jpg\",\"contentUrl\":\"https:\/\/www.meine-tcm.com\/wp-content\/uploads\/2020\/09\/qi-gong-kurse-bundle.jpg\",\"width\":600,\"height\":848,\"caption\":\"Online Qi Gong Kurse Bundle\"},{\"@type\":\"BreadcrumbList\",\"@id\":\"https:\/\/www.meine-tcm.com\/produkt\/qi-gong-bundle-mit-den-besten-3-qi-gong-kursen\/#breadcrumb\",\"itemListElement\":[{\"@type\":\"ListItem\",\"position\":1,\"name\":\"Home\",\"item\":\"https:\/\/www.meine-tcm.com\/\"},{\"@type\":\"ListItem\",\"position\":2,\"name\":\"Shop\",\"item\":\"https:\/\/www.meine-tcm.com\/shop\/\"},{\"@type\":\"ListItem\",\"position\":3,\"name\":\"Qi Gong\",\"item\":\"https:\/\/www.meine-tcm.com\/produkte\/qi-gong\/\"},{\"@type\":\"ListItem\",\"position\":4,\"name\":\"Qi Gong \u2014 Bundle mit den 3 besten Qi Gong Kursen\"}]},{\"@type\":\"WebSite\",\"@id\":\"https:\/\/www.meine-tcm.com\/#website\",\"url\":\"https:\/\/www.meine-tcm.com\/\",\"name\":\"meine TCM | Traditionelle Chinesische Medizin einfach erkl\u00e4rt\",\"description\":\"Einfach gesund bleiben\",\"publisher\":{\"@id\":\"https:\/\/www.meine-tcm.com\/#organization\"},\"potentialAction\":[{\"@type\":\"SearchAction\",\"target\":{\"@type\":\"EntryPoint\",\"urlTemplate\":\"https:\/\/www.meine-tcm.com\/?s={search_term_string}\"},\"query-input\":{\"@type\":\"PropertyValueSpecification\",\"valueRequired\":true,\"valueName\":\"search_term_string\"}}],\"inLanguage\":\"es\"},{\"@type\":\"Organization\",\"@id\":\"https:\/\/www.meine-tcm.com\/#organization\",\"name\":\"meine-TCM.com \u2014 Traditionelle chinesische Medizin einfach erkl\u00e4rt\",\"url\":\"https:\/\/www.meine-tcm.com\/\",\"logo\":{\"@type\":\"ImageObject\",\"inLanguage\":\"es\",\"@id\":\"https:\/\/www.meine-tcm.com\/#\/schema\/logo\/image\/\",\"url\":\"https:\/\/www.meine-tcm.com\/wp-content\/uploads\/2022\/08\/meine-tcm-traditionelle-chinesische-medizin-einfach-erklaert.png\",\"contentUrl\":\"https:\/\/www.meine-tcm.com\/wp-content\/uploads\/2022\/08\/meine-tcm-traditionelle-chinesische-medizin-einfach-erklaert.png\",\"width\":559,\"height\":479,\"caption\":\"meine-TCM.com \u2014 Traditionelle chinesische Medizin einfach erkl\u00e4rt\"},\"image\":{\"@id\":\"https:\/\/www.meine-tcm.com\/#\/schema\/logo\/image\/\"},\"sameAs\":[\"https:\/\/www.instagram.com\/meinetcm\/\",\"https:\/\/www.youtube.com\/@EinfachbesserLeben\"]}]}<\/script>\n<!-- \/ Yoast SEO plugin. -->","yoast_head_json":{"title":"Qi Gong - Comprar paquete con los 3 mejores cursos de Qi Gong en l\u00ednea","robots":{"index":"index","follow":"follow","max-snippet":"max-snippet:-1","max-image-preview":"max-image-preview:large","max-video-preview":"max-video-preview:-1"},"canonical":"https:\/\/www.meine-tcm.com\/es\/producto\/paquete-de-qi-gong-con-los-3-mejores-cursos-de-qi-gong\/","og_locale":"es_ES","og_type":"article","og_title":"Qi Gong \u2014 Bundle mit den 3 besten Qi Gong Kursen online kaufen","og_description":"In diesem Paket sind unsere 3 Klassiker Qi Gong f\u00fcr Anf\u00e4nger, Qi Gong \u2014 Die 8 Brokate und Qi Gong \u2014 Die 18 Figuren der Harmonie enthalten. Beim Kauf dieses Produktes erh\u00e4ltst du 15 % Erm\u00e4ssigung auf den Verkaufspreis.  Hinweis: Dieses Produkt ist derzeit ausschlie\u00dflich zum Online-Ansehen verf\u00fcgbar. Der Versand einer DVD-Box erfolgt nicht.","og_url":"https:\/\/www.meine-tcm.com\/es\/producto\/paquete-de-qi-gong-con-los-3-mejores-cursos-de-qi-gong\/","og_site_name":"meine TCM | Traditionelle Chinesische Medizin einfach erkl\u00e4rt","article_modified_time":"2025-03-10T08:04:06+00:00","og_image":[{"width":600,"height":848,"url":"https:\/\/www.meine-tcm.com\/wp-content\/uploads\/2020\/09\/qi-gong-kurse-bundle.jpg","type":"image\/jpeg"}],"twitter_card":"summary_large_image","twitter_misc":{"Tiempo de lectura":"2 minutos"},"schema":{"@context":"https:\/\/schema.org","@graph":[{"@type":"WebPage","@id":"https:\/\/www.meine-tcm.com\/produkt\/qi-gong-bundle-mit-den-besten-3-qi-gong-kursen\/","url":"https:\/\/www.meine-tcm.com\/produkt\/qi-gong-bundle-mit-den-besten-3-qi-gong-kursen\/","name":"Qi Gong - Comprar paquete con los 3 mejores cursos de Qi Gong en l\u00ednea","isPartOf":{"@id":"https:\/\/www.meine-tcm.com\/#website"},"primaryImageOfPage":{"@id":"https:\/\/www.meine-tcm.com\/produkt\/qi-gong-bundle-mit-den-besten-3-qi-gong-kursen\/#primaryimage"},"image":{"@id":"https:\/\/www.meine-tcm.com\/produkt\/qi-gong-bundle-mit-den-besten-3-qi-gong-kursen\/#primaryimage"},"thumbnailUrl":"https:\/\/www.meine-tcm.com\/wp-content\/uploads\/2020\/09\/qi-gong-kurse-bundle.jpg","datePublished":"2020-09-22T10:17:41+00:00","dateModified":"2025-03-10T08:04:06+00:00","breadcrumb":{"@id":"https:\/\/www.meine-tcm.com\/produkt\/qi-gong-bundle-mit-den-besten-3-qi-gong-kursen\/#breadcrumb"},"inLanguage":"es","potentialAction":[{"@type":"ReadAction","target":["https:\/\/www.meine-tcm.com\/produkt\/qi-gong-bundle-mit-den-besten-3-qi-gong-kursen\/"]}]},{"@type":"ImageObject","inLanguage":"es","@id":"https:\/\/www.meine-tcm.com\/produkt\/qi-gong-bundle-mit-den-besten-3-qi-gong-kursen\/#primaryimage","url":"https:\/\/www.meine-tcm.com\/wp-content\/uploads\/2020\/09\/qi-gong-kurse-bundle.jpg","contentUrl":"https:\/\/www.meine-tcm.com\/wp-content\/uploads\/2020\/09\/qi-gong-kurse-bundle.jpg","width":600,"height":848,"caption":"Online Qi Gong Kurse Bundle"},{"@type":"BreadcrumbList","@id":"https:\/\/www.meine-tcm.com\/produkt\/qi-gong-bundle-mit-den-besten-3-qi-gong-kursen\/#breadcrumb","itemListElement":[{"@type":"ListItem","position":1,"name":"Home","item":"https:\/\/www.meine-tcm.com\/"},{"@type":"ListItem","position":2,"name":"Shop","item":"https:\/\/www.meine-tcm.com\/shop\/"},{"@type":"ListItem","position":3,"name":"Qi Gong","item":"https:\/\/www.meine-tcm.com\/produkte\/qi-gong\/"},{"@type":"ListItem","position":4,"name":"Qi Gong \u2014 Bundle mit den 3 besten Qi Gong Kursen"}]},{"@type":"WebSite","@id":"https:\/\/www.meine-tcm.com\/#website","url":"https:\/\/www.meine-tcm.com\/","name":"mi MTC | Medicina Tradicional China explicada de forma sencilla","description":"Mant\u00e9ngase sano","publisher":{"@id":"https:\/\/www.meine-tcm.com\/#organization"},"potentialAction":[{"@type":"SearchAction","target":{"@type":"EntryPoint","urlTemplate":"https:\/\/www.meine-tcm.com\/?s={search_term_string}"},"query-input":{"@type":"PropertyValueSpecification","valueRequired":true,"valueName":"search_term_string"}}],"inLanguage":"es"},{"@type":"Organization","@id":"https:\/\/www.meine-tcm.com\/#organization","name":"meine-TCM.com - La Medicina Tradicional China explicada de forma sencilla","url":"https:\/\/www.meine-tcm.com\/","logo":{"@type":"ImageObject","inLanguage":"es","@id":"https:\/\/www.meine-tcm.com\/#\/schema\/logo\/image\/","url":"https:\/\/www.meine-tcm.com\/wp-content\/uploads\/2022\/08\/meine-tcm-traditionelle-chinesische-medizin-einfach-erklaert.png","contentUrl":"https:\/\/www.meine-tcm.com\/wp-content\/uploads\/2022\/08\/meine-tcm-traditionelle-chinesische-medizin-einfach-erklaert.png","width":559,"height":479,"caption":"meine-TCM.com \u2014 Traditionelle chinesische Medizin einfach erkl\u00e4rt"},"image":{"@id":"https:\/\/www.meine-tcm.com\/#\/schema\/logo\/image\/"},"sameAs":["https:\/\/www.instagram.com\/meinetcm\/","https:\/\/www.youtube.com\/@EinfachbesserLeben"]}]}},"wps_subtitle":"","_links":{"self":[{"href":"https:\/\/www.meine-tcm.com\/es\/wp-json\/wp\/v2\/product\/1583","targetHints":{"allow":["GET"]}}],"collection":[{"href":"https:\/\/www.meine-tcm.com\/es\/wp-json\/wp\/v2\/product"}],"about":[{"href":"https:\/\/www.meine-tcm.com\/es\/wp-json\/wp\/v2\/types\/product"}],"replies":[{"embeddable":true,"href":"https:\/\/www.meine-tcm.com\/es\/wp-json\/wp\/v2\/comments?post=1583"}],"wp:featuredmedia":[{"embeddable":true,"href":"https:\/\/www.meine-tcm.com\/es\/wp-json\/wp\/v2\/media\/1586"}],"wp:attachment":[{"href":"https:\/\/www.meine-tcm.com\/es\/wp-json\/wp\/v2\/media?parent=1583"}],"wp:term":[{"taxonomy":"product_brand","embeddable":true,"href":"https:\/\/www.meine-tcm.com\/es\/wp-json\/wp\/v2\/product_brand?post=1583"},{"taxonomy":"product_cat","embeddable":true,"href":"https:\/\/www.meine-tcm.com\/es\/wp-json\/wp\/v2\/product_cat?post=1583"},{"taxonomy":"product_tag","embeddable":true,"href":"https:\/\/www.meine-tcm.com\/es\/wp-json\/wp\/v2\/product_tag?post=1583"}],"curies":[{"name":"wp","href":"https:\/\/api.w.org\/{rel}","templated":true}]}}