{"id":1416,"date":"2014-06-09T21:48:15","date_gmt":"2014-06-09T19:48:15","guid":{"rendered":"https:\/\/www.meine-tcm.com\/produkt\/qi-gong-kurs-8-brokate\/"},"modified":"2026-04-07T13:02:15","modified_gmt":"2026-04-07T11:02:15","slug":"curso-de-qi-gong-8-brocados","status":"publish","type":"product","link":"https:\/\/www.meine-tcm.com\/es\/producto\/curso-de-qi-gong-8-brocados\/","title":{"rendered":"Los 8 Brocados - El Curso Moderno de Qi Gong I"},"content":{"rendered":"<h2>Qi Gong-Los 8 Brocados<\/h2>\n<p>El arte milenario de la curaci\u00f3n y el movimiento de los <strong>Qi Gong<\/strong> le muestra el camino hacia m\u00e1s <strong>Energ\u00eda <\/strong>y <strong>Motivaci\u00f3n<\/strong>. Los curanderos de Oriente siempre han sabido que una persona s\u00f3lo est\u00e1 sana f\u00edsica y mentalmente cuando su energ\u00eda vital puede circular libremente y sin obst\u00e1culos por el cuerpo. Esta energ\u00eda vital sutil se denomina <strong>Medicina tradicional china<\/strong> (MTC) \"Qi\". La palabra Qi Gong se traduce aproximadamente como \"trabajo con la propia energ\u00eda vital\".<\/p>\n<p>Con este videocurso aprender\u00e1s\u00a0<strong>8 ejercicios de Qi Gong<\/strong> que fueron secretos hasta hace 100 a\u00f1os, aunque existen desde el siglo XII. En su d\u00eda, los soldados los utilizaban con gran \u00e9xito para entrenarse f\u00edsicamente. S\u00f3lo m\u00e1s tarde se hicieron de dominio p\u00fablico en China. Hoy, los 8 brocados se consideran los m\u00e1s <strong>la forma de Qi Gong m\u00e1s practicada<\/strong> en todo el mundo. Millones de personas practican a diario esta bella y sencilla forma. La sencillez, pero al mismo tiempo la eficacia de los 8 ejercicios no tiene rival.<\/p>\n<p>El curso de Qi Gong est\u00e1 estructurado como un entrenamiento individual. Cada uno de los <strong>8 Brocados<\/strong> se mostrar\u00e1 en el <strong>Explicaci\u00f3n detallada<\/strong>para que quede muy claro qu\u00e9 hay que tener en cuenta durante la ejecuci\u00f3n. Y qu\u00e9 errores hay que evitar. Las secciones pr\u00e1cticas se complementan siempre con interesante informaci\u00f3n de fondo.<\/p>\n<ul>\n<li><strong>Actores:<\/strong> Wolfgang Stemer, Ivana Besker Mrkonja<\/li>\n<li><strong>Productores:<\/strong> EBL Media Production OG<\/li>\n<li><strong>Formato:<\/strong> DVD-V\u00eddeo, PAL o v\u00eddeo en l\u00ednea<\/li>\n<li><strong>Idioma:<\/strong> Alem\u00e1n (Dolby Digital 2.0 est\u00e9reo)<\/li>\n<li><strong>Regi\u00f3n:\u00a0<\/strong>Regi\u00f3n 2<\/li>\n<li><strong>N\u00famero de discos:<\/strong>\u00a01<\/li>\n<li><strong>FSC:<\/strong>\u00a0Programa informativo<\/li>\n<li><strong>Estudio:<\/strong> EBL Media Production OG<\/li>\n<li><strong>A\u00f1o de producci\u00f3n:<\/strong>\u00a02016<\/li>\n<li><strong>Tiempo de juego:<\/strong>\u00a0138,00 minutos<\/li>\n<li><strong>V\u00eddeos:<\/strong> 22<\/li>\n<\/ul>\n<p>En <strong>Curso de v\u00eddeo Qi Gong - Los 8 Brocados<\/strong> puede utilizar como <strong>DVD<\/strong> o a la <strong>Transmisi\u00f3n en l\u00ednea<\/strong> comprar. En 22 cap\u00edtulos aprender\u00e1s a realizar cada uno de los ejercicios con todo detalle. Podr\u00e1 practicar junto con la explicaci\u00f3n. Wolfgang e Ivana muestran cada ejercicio paso a paso. Informaci\u00f3n de fondo sobre la medicina tradicional china, Qi Gong y los 8 brocados completan el curso de v\u00eddeo.<\/p>\n<p>La secuencia completa de ejercicios dura unos 20 minutos. Esto significa que puedes completar tu pr\u00e1ctica de Qigong con Ivana y Wolfgang todos los d\u00edas. Y si tienes alguna duda sobre los ejercicios individuales, puedes volver a las explicaciones de los ejercicios en cualquier momento y mejorar continuamente tu secuencia de ejercicios, tal vez incluso perfeccion\u00e1ndola con el tiempo.<strong> Divi\u00e9rtete con ello.<\/strong><\/p>\n<div class=\"video video-fit mb\" style=\"padding-top:56.25%;\"><p><iframe loading=\"lazy\" title=\"El curso moderno de Qi Gong - Los 8 Brocados (pel\u00edcula teaser para el DVD)\" width=\"1020\" height=\"574\" src=\"https:\/\/www.youtube.com\/embed\/JE9rozuzSx0?feature=oembed\" frameborder=\"0\" allow=\"accelerometer; autoplay; clipboard-write; encrypted-media; gyroscope; picture-in-picture\" allowfullscreen><\/iframe><\/p>\n<\/div>\n\t<div id=\"gap-202817084\" class=\"gap-element clearfix\" style=\"display:block; height:auto;\">\n\t\t\n<style>\n#gap-202817084 {\n  padding-top: 30px;\n}\n<\/style>\n\t<\/div>\n\t\n<h2>Los 8 Brocados - El Curso Moderno de Qi Gong I<\/h2>\n<h3>Tabla de contenidos:<\/h3>\n<ul>\n<li><strong>INTRODUCCI\u00d3N<\/strong>...cu\u00e1les son los 8 brocados<\/li>\n<li><strong>POR QU\u00c9 QI GONG <\/strong>...el efecto de los ejercicios de Qi Gong<\/li>\n<li><strong>PRINCIPIOS DEL QI GONG <\/strong>...respiraci\u00f3n, postura y concentraci\u00f3n<\/li>\n<li><strong>TCM<\/strong>...\u00bfqu\u00e9 es la MTC (Medicina Tradicional China)?<\/li>\n<li><strong>DECLARACI\u00d3N DE EJERCICIO <\/strong>...los 8 ejercicios explicados en detalle<\/li>\n<li><strong>SECUENCIA COMPLETA<\/strong> (20 minutos)...los 8 brocados en una secuencia<\/li>\n<li><strong>QI &amp; MERIDIANE<\/strong>...\u00bfqu\u00e9 es el Qi desde la perspectiva de la MTC?<\/li>\n<li><strong>MOTIVACI\u00d3N <\/strong>...instrucciones para hacer ejercicio y motivaci\u00f3n<strong><br \/>\n<\/strong><\/li>\n<li>Duraci\u00f3n aproximada: 138 minutos<\/li>\n<\/ul>","protected":false},"excerpt":{"rendered":"<p>En nuestro acelerado mundo, cada vez son m\u00e1s las personas que sufren una falta cr\u00f3nica de energ\u00eda. El cansancio, la falta de motivaci\u00f3n y la sensaci\u00f3n de agobio son cosas familiares para muchos. Pero tambi\u00e9n sufrimos una serie de dolencias f\u00edsicas que nos van quitando poco a poco las ganas de vivir.<\/p>\n<p>Con este<strong> Curso de v\u00eddeo Qigong - Los 8 Brocados<\/strong> encontrar\u00e1 una forma sencilla y, sobre todo, pr\u00e1ctica de salir de este dilema. Con s\u00f3lo <strong>20 minutos de pr\u00e1ctica diaria<\/strong>\u00a0\u00a1es posible renovar su energ\u00eda personal y su salud desde la base!<\/p>","protected":false},"featured_media":1419,"comment_status":"open","ping_status":"closed","template":"","meta":{"_acf_changed":false},"product_brand":[],"product_cat":[103],"product_tag":[123,124,152,166,167,168],"class_list":{"0":"post-1416","1":"product","2":"type-product","3":"status-publish","4":"has-post-thumbnail","6":"product_cat-qi-gong","7":"product_tag-erkaeltung","8":"product_tag-verdauung","9":"product_tag-impotenz","10":"product_tag-haeufiger-harndrang","11":"product_tag-burn-out","12":"product_tag-samenverlust","14":"first","15":"instock","16":"featured","17":"taxable","18":"shipping-taxable","19":"purchasable","20":"product-type-variable"},"acf":[],"yoast_head":"<!-- This site is optimized with the Yoast SEO plugin v27.1.1 - https:\/\/yoast.com\/product\/yoast-seo-wordpress\/ -->\n<title>Qi Gong Kurs: Die 8 Brokate<\/title>\n<meta name=\"description\" content=\"Mit diesem Videokurs lernst du die Qi Gong \u00dcbungen der 8 Brokate. Alle \u00dcbungen werden sehr detailliert erkl\u00e4rt. Plus: viele TCM Hintergrundinfos.\" \/>\n<meta name=\"robots\" content=\"index, follow, max-snippet:-1, max-image-preview:large, max-video-preview:-1\" \/>\n<link rel=\"canonical\" href=\"https:\/\/www.meine-tcm.com\/es\/producto\/curso-de-qi-gong-8-brocados\/\" \/>\n<meta property=\"og:locale\" content=\"es_ES\" \/>\n<meta property=\"og:type\" content=\"article\" \/>\n<meta property=\"og:title\" content=\"Qi Gong Kurs: Die 8 Brokate\" \/>\n<meta property=\"og:description\" content=\"Mit diesem Videokurs lernst du die Qi Gong \u00dcbungen der 8 Brokate. Alle \u00dcbungen werden sehr detailliert erkl\u00e4rt. Plus: viele TCM Hintergrundinfos. Der Kurs ist als DVD, zum Online Ansehen oder als App im Apple App Store und Google Play Store erh\u00e4ltlich.\" \/>\n<meta property=\"og:url\" content=\"https:\/\/www.meine-tcm.com\/es\/producto\/curso-de-qi-gong-8-brocados\/\" \/>\n<meta property=\"og:site_name\" content=\"meine TCM | Traditionelle Chinesische Medizin einfach erkl\u00e4rt\" \/>\n<meta property=\"article:modified_time\" content=\"2026-04-07T11:02:15+00:00\" \/>\n<meta property=\"og:image\" content=\"https:\/\/www.meine-tcm.com\/wp-content\/uploads\/2014\/06\/qi-gong-kurs-8-brokate-04.jpg\" \/>\n\t<meta property=\"og:image:width\" content=\"764\" \/>\n\t<meta property=\"og:image:height\" content=\"1080\" \/>\n\t<meta property=\"og:image:type\" content=\"image\/jpeg\" \/>\n<meta name=\"twitter:card\" content=\"summary_large_image\" \/>\n<meta name=\"twitter:title\" content=\"Qi Gong Kurs: Die 8 Brokate\" \/>\n<meta name=\"twitter:description\" content=\"Mit diesem Videokurs lernst du die Qi Gong \u00dcbungen der 8 Brokate. Alle \u00dcbungen werden sehr detailliert erkl\u00e4rt. Plus: viele TCM Hintergrundinfos. Der Kurs ist als DVD, zum Online Ansehen oder als App im Apple App Store und Google Play Store erh\u00e4ltlich.\" \/>\n<meta name=\"twitter:image\" content=\"https:\/\/www.meine-tcm.com\/wp-content\/uploads\/2014\/06\/qi-gong-kurs-8-brokate-04.jpg\" \/>\n<meta name=\"twitter:label1\" content=\"Tiempo de lectura\" \/>\n\t<meta name=\"twitter:data1\" content=\"2 minutos\" \/>\n<script type=\"application\/ld+json\" class=\"yoast-schema-graph\">{\"@context\":\"https:\/\/schema.org\",\"@graph\":[{\"@type\":\"WebPage\",\"@id\":\"https:\/\/www.meine-tcm.com\/produkt\/qi-gong-kurs-8-brokate\/\",\"url\":\"https:\/\/www.meine-tcm.com\/produkt\/qi-gong-kurs-8-brokate\/\",\"name\":\"Qi Gong Kurs: Die 8 Brokate\",\"isPartOf\":{\"@id\":\"https:\/\/www.meine-tcm.com\/#website\"},\"primaryImageOfPage\":{\"@id\":\"https:\/\/www.meine-tcm.com\/produkt\/qi-gong-kurs-8-brokate\/#primaryimage\"},\"image\":{\"@id\":\"https:\/\/www.meine-tcm.com\/produkt\/qi-gong-kurs-8-brokate\/#primaryimage\"},\"thumbnailUrl\":\"https:\/\/www.meine-tcm.com\/wp-content\/uploads\/2014\/06\/1qi-gong-i.jpg\",\"datePublished\":\"2014-06-09T19:48:15+00:00\",\"dateModified\":\"2026-04-07T11:02:15+00:00\",\"description\":\"Mit diesem Videokurs lernst du die Qi Gong \u00dcbungen der 8 Brokate. Alle \u00dcbungen werden sehr detailliert erkl\u00e4rt. Plus: viele TCM Hintergrundinfos.\",\"breadcrumb\":{\"@id\":\"https:\/\/www.meine-tcm.com\/produkt\/qi-gong-kurs-8-brokate\/#breadcrumb\"},\"inLanguage\":\"es\",\"potentialAction\":[{\"@type\":\"ReadAction\",\"target\":[\"https:\/\/www.meine-tcm.com\/produkt\/qi-gong-kurs-8-brokate\/\"]}]},{\"@type\":\"ImageObject\",\"inLanguage\":\"es\",\"@id\":\"https:\/\/www.meine-tcm.com\/produkt\/qi-gong-kurs-8-brokate\/#primaryimage\",\"url\":\"https:\/\/www.meine-tcm.com\/wp-content\/uploads\/2014\/06\/1qi-gong-i.jpg\",\"contentUrl\":\"https:\/\/www.meine-tcm.com\/wp-content\/uploads\/2014\/06\/1qi-gong-i.jpg\",\"width\":1062,\"height\":1500,\"caption\":\"Der moderne Qi Gong Kurs 8 Brokate von Einfach besser leben\"},{\"@type\":\"BreadcrumbList\",\"@id\":\"https:\/\/www.meine-tcm.com\/produkt\/qi-gong-kurs-8-brokate\/#breadcrumb\",\"itemListElement\":[{\"@type\":\"ListItem\",\"position\":1,\"name\":\"Home\",\"item\":\"https:\/\/www.meine-tcm.com\/\"},{\"@type\":\"ListItem\",\"position\":2,\"name\":\"Shop\",\"item\":\"https:\/\/www.meine-tcm.com\/shop\/\"},{\"@type\":\"ListItem\",\"position\":3,\"name\":\"Qi Gong\",\"item\":\"https:\/\/www.meine-tcm.com\/produkte\/qi-gong\/\"},{\"@type\":\"ListItem\",\"position\":4,\"name\":\"Die 8 Brokate \u2014 Der moderne Qi Gong Kurs I\"}]},{\"@type\":\"WebSite\",\"@id\":\"https:\/\/www.meine-tcm.com\/#website\",\"url\":\"https:\/\/www.meine-tcm.com\/\",\"name\":\"meine TCM | Traditionelle Chinesische Medizin einfach erkl\u00e4rt\",\"description\":\"Einfach gesund bleiben\",\"publisher\":{\"@id\":\"https:\/\/www.meine-tcm.com\/#organization\"},\"potentialAction\":[{\"@type\":\"SearchAction\",\"target\":{\"@type\":\"EntryPoint\",\"urlTemplate\":\"https:\/\/www.meine-tcm.com\/?s={search_term_string}\"},\"query-input\":{\"@type\":\"PropertyValueSpecification\",\"valueRequired\":true,\"valueName\":\"search_term_string\"}}],\"inLanguage\":\"es\"},{\"@type\":\"Organization\",\"@id\":\"https:\/\/www.meine-tcm.com\/#organization\",\"name\":\"meine-TCM.com \u2014 Traditionelle chinesische Medizin einfach erkl\u00e4rt\",\"url\":\"https:\/\/www.meine-tcm.com\/\",\"logo\":{\"@type\":\"ImageObject\",\"inLanguage\":\"es\",\"@id\":\"https:\/\/www.meine-tcm.com\/#\/schema\/logo\/image\/\",\"url\":\"https:\/\/www.meine-tcm.com\/wp-content\/uploads\/2022\/08\/meine-tcm-traditionelle-chinesische-medizin-einfach-erklaert.png\",\"contentUrl\":\"https:\/\/www.meine-tcm.com\/wp-content\/uploads\/2022\/08\/meine-tcm-traditionelle-chinesische-medizin-einfach-erklaert.png\",\"width\":559,\"height\":479,\"caption\":\"meine-TCM.com \u2014 Traditionelle chinesische Medizin einfach erkl\u00e4rt\"},\"image\":{\"@id\":\"https:\/\/www.meine-tcm.com\/#\/schema\/logo\/image\/\"},\"sameAs\":[\"https:\/\/www.instagram.com\/meinetcm\/\",\"https:\/\/www.youtube.com\/@EinfachbesserLeben\"]}]}<\/script>\n<!-- \/ Yoast SEO plugin. -->","yoast_head_json":{"title":"Curso de Qi Gong: Los 8 Brocados","description":"Con este curso de v\u00eddeo aprender\u00e1s los ejercicios de Qi Gong de los 8 Brocados. Todos los ejercicios se explican con gran detalle. Adem\u00e1s: mucha informaci\u00f3n de fondo sobre MTC.","robots":{"index":"index","follow":"follow","max-snippet":"max-snippet:-1","max-image-preview":"max-image-preview:large","max-video-preview":"max-video-preview:-1"},"canonical":"https:\/\/www.meine-tcm.com\/es\/producto\/curso-de-qi-gong-8-brocados\/","og_locale":"es_ES","og_type":"article","og_title":"Qi Gong Kurs: Die 8 Brokate","og_description":"Mit diesem Videokurs lernst du die Qi Gong \u00dcbungen der 8 Brokate. Alle \u00dcbungen werden sehr detailliert erkl\u00e4rt. Plus: viele TCM Hintergrundinfos. Der Kurs ist als DVD, zum Online Ansehen oder als App im Apple App Store und Google Play Store erh\u00e4ltlich.","og_url":"https:\/\/www.meine-tcm.com\/es\/producto\/curso-de-qi-gong-8-brocados\/","og_site_name":"meine TCM | Traditionelle Chinesische Medizin einfach erkl\u00e4rt","article_modified_time":"2026-04-07T11:02:15+00:00","og_image":[{"width":764,"height":1080,"url":"https:\/\/www.meine-tcm.com\/wp-content\/uploads\/2014\/06\/qi-gong-kurs-8-brokate-04.jpg","type":"image\/jpeg"}],"twitter_card":"summary_large_image","twitter_title":"Qi Gong Kurs: Die 8 Brokate","twitter_description":"Mit diesem Videokurs lernst du die Qi Gong \u00dcbungen der 8 Brokate. Alle \u00dcbungen werden sehr detailliert erkl\u00e4rt. Plus: viele TCM Hintergrundinfos. Der Kurs ist als DVD, zum Online Ansehen oder als App im Apple App Store und Google Play Store erh\u00e4ltlich.","twitter_image":"https:\/\/www.meine-tcm.com\/wp-content\/uploads\/2014\/06\/qi-gong-kurs-8-brokate-04.jpg","twitter_misc":{"Tiempo de lectura":"2 minutos"},"schema":{"@context":"https:\/\/schema.org","@graph":[{"@type":"WebPage","@id":"https:\/\/www.meine-tcm.com\/produkt\/qi-gong-kurs-8-brokate\/","url":"https:\/\/www.meine-tcm.com\/produkt\/qi-gong-kurs-8-brokate\/","name":"Curso de Qi Gong: Los 8 Brocados","isPartOf":{"@id":"https:\/\/www.meine-tcm.com\/#website"},"primaryImageOfPage":{"@id":"https:\/\/www.meine-tcm.com\/produkt\/qi-gong-kurs-8-brokate\/#primaryimage"},"image":{"@id":"https:\/\/www.meine-tcm.com\/produkt\/qi-gong-kurs-8-brokate\/#primaryimage"},"thumbnailUrl":"https:\/\/www.meine-tcm.com\/wp-content\/uploads\/2014\/06\/1qi-gong-i.jpg","datePublished":"2014-06-09T19:48:15+00:00","dateModified":"2026-04-07T11:02:15+00:00","description":"Con este curso de v\u00eddeo aprender\u00e1s los ejercicios de Qi Gong de los 8 Brocados. Todos los ejercicios se explican con gran detalle. Adem\u00e1s: mucha informaci\u00f3n de fondo sobre MTC.","breadcrumb":{"@id":"https:\/\/www.meine-tcm.com\/produkt\/qi-gong-kurs-8-brokate\/#breadcrumb"},"inLanguage":"es","potentialAction":[{"@type":"ReadAction","target":["https:\/\/www.meine-tcm.com\/produkt\/qi-gong-kurs-8-brokate\/"]}]},{"@type":"ImageObject","inLanguage":"es","@id":"https:\/\/www.meine-tcm.com\/produkt\/qi-gong-kurs-8-brokate\/#primaryimage","url":"https:\/\/www.meine-tcm.com\/wp-content\/uploads\/2014\/06\/1qi-gong-i.jpg","contentUrl":"https:\/\/www.meine-tcm.com\/wp-content\/uploads\/2014\/06\/1qi-gong-i.jpg","width":1062,"height":1500,"caption":"Der moderne Qi Gong Kurs 8 Brokate von Einfach besser leben"},{"@type":"BreadcrumbList","@id":"https:\/\/www.meine-tcm.com\/produkt\/qi-gong-kurs-8-brokate\/#breadcrumb","itemListElement":[{"@type":"ListItem","position":1,"name":"Home","item":"https:\/\/www.meine-tcm.com\/"},{"@type":"ListItem","position":2,"name":"Shop","item":"https:\/\/www.meine-tcm.com\/shop\/"},{"@type":"ListItem","position":3,"name":"Qi Gong","item":"https:\/\/www.meine-tcm.com\/produkte\/qi-gong\/"},{"@type":"ListItem","position":4,"name":"Die 8 Brokate \u2014 Der moderne Qi Gong Kurs I"}]},{"@type":"WebSite","@id":"https:\/\/www.meine-tcm.com\/#website","url":"https:\/\/www.meine-tcm.com\/","name":"mi MTC | Medicina Tradicional China explicada de forma sencilla","description":"Mant\u00e9ngase sano","publisher":{"@id":"https:\/\/www.meine-tcm.com\/#organization"},"potentialAction":[{"@type":"SearchAction","target":{"@type":"EntryPoint","urlTemplate":"https:\/\/www.meine-tcm.com\/?s={search_term_string}"},"query-input":{"@type":"PropertyValueSpecification","valueRequired":true,"valueName":"search_term_string"}}],"inLanguage":"es"},{"@type":"Organization","@id":"https:\/\/www.meine-tcm.com\/#organization","name":"meine-TCM.com - La Medicina Tradicional China explicada de forma sencilla","url":"https:\/\/www.meine-tcm.com\/","logo":{"@type":"ImageObject","inLanguage":"es","@id":"https:\/\/www.meine-tcm.com\/#\/schema\/logo\/image\/","url":"https:\/\/www.meine-tcm.com\/wp-content\/uploads\/2022\/08\/meine-tcm-traditionelle-chinesische-medizin-einfach-erklaert.png","contentUrl":"https:\/\/www.meine-tcm.com\/wp-content\/uploads\/2022\/08\/meine-tcm-traditionelle-chinesische-medizin-einfach-erklaert.png","width":559,"height":479,"caption":"meine-TCM.com \u2014 Traditionelle chinesische Medizin einfach erkl\u00e4rt"},"image":{"@id":"https:\/\/www.meine-tcm.com\/#\/schema\/logo\/image\/"},"sameAs":["https:\/\/www.instagram.com\/meinetcm\/","https:\/\/www.youtube.com\/@EinfachbesserLeben"]}]}},"wps_subtitle":"","_links":{"self":[{"href":"https:\/\/www.meine-tcm.com\/es\/wp-json\/wp\/v2\/product\/1416","targetHints":{"allow":["GET"]}}],"collection":[{"href":"https:\/\/www.meine-tcm.com\/es\/wp-json\/wp\/v2\/product"}],"about":[{"href":"https:\/\/www.meine-tcm.com\/es\/wp-json\/wp\/v2\/types\/product"}],"replies":[{"embeddable":true,"href":"https:\/\/www.meine-tcm.com\/es\/wp-json\/wp\/v2\/comments?post=1416"}],"wp:featuredmedia":[{"embeddable":true,"href":"https:\/\/www.meine-tcm.com\/es\/wp-json\/wp\/v2\/media\/1419"}],"wp:attachment":[{"href":"https:\/\/www.meine-tcm.com\/es\/wp-json\/wp\/v2\/media?parent=1416"}],"wp:term":[{"taxonomy":"product_brand","embeddable":true,"href":"https:\/\/www.meine-tcm.com\/es\/wp-json\/wp\/v2\/product_brand?post=1416"},{"taxonomy":"product_cat","embeddable":true,"href":"https:\/\/www.meine-tcm.com\/es\/wp-json\/wp\/v2\/product_cat?post=1416"},{"taxonomy":"product_tag","embeddable":true,"href":"https:\/\/www.meine-tcm.com\/es\/wp-json\/wp\/v2\/product_tag?post=1416"}],"curies":[{"name":"wp","href":"https:\/\/api.w.org\/{rel}","templated":true}]}}