{"id":1406,"date":"2014-07-06T10:43:57","date_gmt":"2014-07-06T08:43:57","guid":{"rendered":"https:\/\/www.meine-tcm.com\/produkt\/dein-ganzheitliches-rueckentraining-1\/"},"modified":"2026-04-13T10:34:57","modified_gmt":"2026-04-13T08:34:57","slug":"su-entrenamiento-holistico-de-la-espalda-1","status":"publish","type":"product","link":"https:\/\/www.meine-tcm.com\/es\/produkt\/dein-ganzheitliches-rueckentraining-1\/","title":{"rendered":"Su entrenamiento integral de la espalda"},"content":{"rendered":"<h2><strong>\u00a1Por fin sin dolor de espalda!<\/strong><\/h2>\n<p>A <strong>Dolor de espalda<\/strong> de una vez por todas requiere un programa de entrenamiento hol\u00edstico que aborde tanto el cuerpo como la mente. El estr\u00e9s se considera uno de los mayores desencadenantes de <strong>Dolor de espalda<\/strong> y es precisamente aqu\u00ed donde la medicina oriental tiene una gran experiencia que ofrecer.<\/p>\n<p>Porque est\u00e1 en el <strong>Medicina tradicional china (MTC)<\/strong> Est\u00e1 claro que el cuerpo y la mente no pueden considerarse por separado. Los ejercicios de Qi Gong y acupresi\u00f3n, en particular, se dirigen al sistema energ\u00e9tico humano. Esto no s\u00f3lo estimula el cuerpo, sino tambi\u00e9n la mente. <strong>bienestar emocional<\/strong> influido positivamente. Esto, a su vez, es un requisito importante para que el cuerpo libere mejor la tensi\u00f3n en la columna vertebral. Esto no s\u00f3lo la endereza internamente, sino que tambi\u00e9n mejora su postura externa.<\/p>\n<p>Es posible con s\u00f3lo unos minutos al d\u00eda, <strong>Sin dolor permanente<\/strong> llegar a ser. Sin embargo, esto tambi\u00e9n requiere un poco de resistencia. Porque los mejores resultados se consiguen cuando se entrena con regularidad, es decir, al menos 3 veces por semana. En este v\u00eddeo <strong>3 diferentes\u00a0<\/strong>se muestran programas largos. En funci\u00f3n de la duraci\u00f3n del entrenamiento, puedes elegir entre 3 programas de entrenamiento.<\/p>\n<h3><strong>CONTENIDO<\/strong><\/h3>\n<p>En <strong>Formaci\u00f3n de espalda<\/strong> est\u00e1 estructurado como un programa de formaci\u00f3n individual. Cada uno de los <strong>25 ejercicios para la espalda<\/strong> se explica detalladamente para que quede claro qu\u00e9 hay que tener en cuenta y qu\u00e9 errores hay que evitar.<\/p>\n<ul>\n<li>3 entrenamientos con 7 minutos, 20 minutos o 33 minutos de tiempo de entrenamiento,<\/li>\n<li>25 ejercicios para la espalda explicados de forma exhaustiva y detallada,<\/li>\n<li>El entrenamiento de la espalda es f\u00e1cil de aprender,<\/li>\n<li>Apto para todas las edades y niveles de forma f\u00edsica,<\/li>\n<li>Ejecutables en cualquier lugar y en cualquier momento, simplemente visual\u00edzalos en tu smartphone o tableta.<\/li>\n<\/ul>\n<div class=\"row\"  id=\"row-634715668\">\n\n\t<div id=\"col-2114696409\" class=\"col medium-6 small-12 large-6\"  >\n\t\t\t\t<div class=\"col-inner\" style=\"background-color:rgba(218, 221, 222, 0.35);\" >\n\t\t\t\n\t\t\t\n<div class=\"video video-fit mb\" style=\"padding-top:56.25%;\"><p><iframe loading=\"lazy\" title=\"Los mejores ejercicios para el dolor de espalda (parte 4 de 5) - Cinco ejercicios en detalle\" width=\"1020\" height=\"574\" src=\"https:\/\/www.youtube.com\/embed\/RYIQAW-wO38?feature=oembed\" frameborder=\"0\" allow=\"accelerometer; autoplay; clipboard-write; encrypted-media; gyroscope; picture-in-picture\" allowfullscreen><\/iframe><\/p>\n<\/div>\n<h3>5 ejercicios de muestra de nuestro curso<\/h3>\n<p>Para que se haga una idea de c\u00f3mo est\u00e1 estructurado nuestro curso en v\u00eddeo, Wolfgang le muestra un extracto de los 25 ejercicios para la espalda que Wolfgang explica detalladamente en nuestro curso en v\u00eddeo.<\/p>\n\t\t<\/div>\n\t\t\t\t\n<style>\n#col-2114696409 > .col-inner {\n  padding: 10px 10px 1px 10px;\n}\n<\/style>\n\t<\/div>\n\n\t\n\n\t<div id=\"col-1410262836\" class=\"col medium-6 small-12 large-6\"  >\n\t\t\t\t<div class=\"col-inner text-left\" style=\"background-color:rgba(218, 221, 222, 0.35);\" >\n\t\t\t\n\t\t\t\n<div class=\"video video-fit mb\" style=\"padding-top:56.25%;\"><p><iframe loading=\"lazy\" title=\"Su entrenamiento hol\u00edstico de la espalda - Los 25 mejores ejercicios contra el dolor de espalda (DVD teaser)\" width=\"1020\" height=\"574\" src=\"https:\/\/www.youtube.com\/embed\/VKVa4iBV2_8?feature=oembed\" frameborder=\"0\" allow=\"accelerometer; autoplay; clipboard-write; encrypted-media; gyroscope; picture-in-picture\" allowfullscreen><\/iframe><\/p>\n<\/div>\n<h3>Trailer de nuestro curso en v\u00eddeo<\/h3>\n<p>Su entrenamiento hol\u00edstico de la espalda - Los mejores ejercicios de la medicina occidental y oriental.<\/p>\n\t\t<\/div>\n\t\t\t\t\n<style>\n#col-1410262836 > .col-inner {\n  padding: 10px 10px 69px 10px;\n}\n<\/style>\n\t<\/div>\n\n\t\n<\/div>\n<h3><strong>HECHOS<\/strong><\/h3>\n<p>Wolfgang Stemer es practicante de Shiatsu, preparador f\u00edsico, entrenador de Pilates y profesor de Qi Gong, as\u00ed como terapeuta de MTC, con 20 a\u00f1os de experiencia pr\u00e1ctica en el trabajo con personas y la ense\u00f1anza.<\/p>\n<ul>\n<li><strong>Formato:<\/strong>\u00a0PAL<\/li>\n<li><strong>Idioma:<\/strong>\u00a0Alem\u00e1n (Dolby Digital 2.0 est\u00e9reo)<\/li>\n<li><strong>Regi\u00f3n:<\/strong>\u00a0Regi\u00f3n 2<\/li>\n<li><strong>N\u00famero de discos:<\/strong>\u00a01<\/li>\n<li><strong>FSC:<\/strong>\u00a0Programa de ense\u00f1anza<\/li>\n<li><strong>Estudio:<\/strong>\u00a0EBL Media Production<\/li>\n<li><strong>A\u00f1o de producci\u00f3n:<\/strong>\u00a02016<\/li>\n<li><strong>Tiempo de juego:<\/strong>\u00a0143 minutos<\/li>\n<\/ul>","protected":false},"excerpt":{"rendered":"<p>Con este <strong>entrenamiento hol\u00edstico de la espalda<\/strong> se le mostrar\u00e1 una forma eficaz y f\u00e1cilmente comprensible, <strong>Dolor de espalda<\/strong> por fin deshacerse de ellos. Los mejores ejercicios de <strong>ejercicios cl\u00e1sicos para la espalda<\/strong>, <strong>medicina tradicional china<\/strong>, <strong>Pilates<\/strong> y<strong> Acupresi\u00f3n<\/strong> constituyen la base del entrenamiento. Es posible deshacerse del dolor de espalda de forma permanente con una peque\u00f1a cantidad de tiempo todos los d\u00edas.<\/p>","protected":false},"featured_media":1410,"comment_status":"open","ping_status":"closed","template":"","meta":{"_acf_changed":false},"product_brand":[],"product_cat":[116],"product_tag":[114,155,181],"class_list":{"0":"post-1406","1":"product","2":"type-product","3":"status-publish","4":"has-post-thumbnail","6":"product_cat-rueckenschmerzen","7":"product_tag-rueckenschmerzen","8":"product_tag-nackenverspannungen","9":"product_tag-osteoporose","11":"first","12":"instock","13":"featured","14":"taxable","15":"shipping-taxable","16":"purchasable","17":"product-type-variable"},"acf":[],"yoast_head":"<!-- This site is optimized with the Yoast SEO plugin v27.3 - https:\/\/yoast.com\/product\/yoast-seo-wordpress\/ -->\n<title>Dein ganzheitliches R\u00fcckentraining Online Kaufen<\/title>\n<meta name=\"description\" content=\"Werde deine l\u00e4stigen R\u00fcckenschmerzen endlich dauerhaft los mit diesem Video Kurs. Im R\u00fcckentraining lernst du die 25 besten \u00dcbungen.\" \/>\n<meta name=\"robots\" content=\"index, follow, max-snippet:-1, max-image-preview:large, max-video-preview:-1\" \/>\n<link rel=\"canonical\" href=\"https:\/\/www.meine-tcm.com\/es\/producto\/su-entrenamiento-holistico-de-la-espalda-1\/\" \/>\n<meta property=\"og:locale\" content=\"es_ES\" \/>\n<meta property=\"og:type\" content=\"article\" \/>\n<meta property=\"og:title\" content=\"Dein ganzheitliches R\u00fcckentraining Online Kaufen\" \/>\n<meta property=\"og:description\" content=\"Werde deine l\u00e4stigen R\u00fcckenschmerzen endlich dauerhaft los mit diesem Video Kurs. Im R\u00fcckentraining lernst du die 25 besten \u00dcbungen.\" \/>\n<meta property=\"og:url\" content=\"https:\/\/www.meine-tcm.com\/es\/producto\/su-entrenamiento-holistico-de-la-espalda-1\/\" \/>\n<meta property=\"og:site_name\" content=\"meine TCM | Traditionelle Chinesische Medizin einfach erkl\u00e4rt\" \/>\n<meta property=\"article:modified_time\" content=\"2026-04-13T08:34:57+00:00\" \/>\n<meta property=\"og:image\" content=\"https:\/\/www.meine-tcm.com\/wp-content\/uploads\/2014\/07\/ganzheitliches-rueckentraining-kurs-01.jpg\" \/>\n\t<meta property=\"og:image:width\" content=\"764\" \/>\n\t<meta property=\"og:image:height\" content=\"1080\" \/>\n\t<meta property=\"og:image:type\" content=\"image\/jpeg\" \/>\n<meta name=\"twitter:card\" content=\"summary_large_image\" \/>\n<meta name=\"twitter:label1\" content=\"Tiempo de lectura\" \/>\n\t<meta name=\"twitter:data1\" content=\"3 minutos\" \/>\n<script type=\"application\/ld+json\" class=\"yoast-schema-graph\">{\"@context\":\"https:\\\/\\\/schema.org\",\"@graph\":[{\"@type\":\"WebPage\",\"@id\":\"https:\\\/\\\/www.meine-tcm.com\\\/produkt\\\/dein-ganzheitliches-rueckentraining-1\\\/\",\"url\":\"https:\\\/\\\/www.meine-tcm.com\\\/produkt\\\/dein-ganzheitliches-rueckentraining-1\\\/\",\"name\":\"Dein ganzheitliches R\u00fcckentraining Online Kaufen\",\"isPartOf\":{\"@id\":\"https:\\\/\\\/www.meine-tcm.com\\\/#website\"},\"primaryImageOfPage\":{\"@id\":\"https:\\\/\\\/www.meine-tcm.com\\\/produkt\\\/dein-ganzheitliches-rueckentraining-1\\\/#primaryimage\"},\"image\":{\"@id\":\"https:\\\/\\\/www.meine-tcm.com\\\/produkt\\\/dein-ganzheitliches-rueckentraining-1\\\/#primaryimage\"},\"thumbnailUrl\":\"https:\\\/\\\/www.meine-tcm.com\\\/wp-content\\\/uploads\\\/2014\\\/07\\\/ganzheitliches-rueckentraining-kurs-01.jpg\",\"datePublished\":\"2014-07-06T08:43:57+00:00\",\"dateModified\":\"2026-04-13T08:34:57+00:00\",\"description\":\"Werde deine l\u00e4stigen R\u00fcckenschmerzen endlich dauerhaft los mit diesem Video Kurs. Im R\u00fcckentraining lernst du die 25 besten \u00dcbungen.\",\"breadcrumb\":{\"@id\":\"https:\\\/\\\/www.meine-tcm.com\\\/produkt\\\/dein-ganzheitliches-rueckentraining-1\\\/#breadcrumb\"},\"inLanguage\":\"es\",\"potentialAction\":[{\"@type\":\"ReadAction\",\"target\":[\"https:\\\/\\\/www.meine-tcm.com\\\/produkt\\\/dein-ganzheitliches-rueckentraining-1\\\/\"]}]},{\"@type\":\"ImageObject\",\"inLanguage\":\"es\",\"@id\":\"https:\\\/\\\/www.meine-tcm.com\\\/produkt\\\/dein-ganzheitliches-rueckentraining-1\\\/#primaryimage\",\"url\":\"https:\\\/\\\/www.meine-tcm.com\\\/wp-content\\\/uploads\\\/2014\\\/07\\\/ganzheitliches-rueckentraining-kurs-01.jpg\",\"contentUrl\":\"https:\\\/\\\/www.meine-tcm.com\\\/wp-content\\\/uploads\\\/2014\\\/07\\\/ganzheitliches-rueckentraining-kurs-01.jpg\",\"width\":764,\"height\":1080,\"caption\":\"Dein ganzheitliches R\u00fcckentraining DVD Kurs\"},{\"@type\":\"BreadcrumbList\",\"@id\":\"https:\\\/\\\/www.meine-tcm.com\\\/produkt\\\/dein-ganzheitliches-rueckentraining-1\\\/#breadcrumb\",\"itemListElement\":[{\"@type\":\"ListItem\",\"position\":1,\"name\":\"Home\",\"item\":\"https:\\\/\\\/www.meine-tcm.com\\\/\"},{\"@type\":\"ListItem\",\"position\":2,\"name\":\"Shop\",\"item\":\"https:\\\/\\\/www.meine-tcm.com\\\/shop\\\/\"},{\"@type\":\"ListItem\",\"position\":3,\"name\":\"R\u00fcckenschmerzen\",\"item\":\"https:\\\/\\\/www.meine-tcm.com\\\/produkte\\\/rueckenschmerzen\\\/\"},{\"@type\":\"ListItem\",\"position\":4,\"name\":\"Dein ganzheitliches R\u00fcckentraining\"}]},{\"@type\":\"WebSite\",\"@id\":\"https:\\\/\\\/www.meine-tcm.com\\\/#website\",\"url\":\"https:\\\/\\\/www.meine-tcm.com\\\/\",\"name\":\"meine TCM | Traditionelle Chinesische Medizin einfach erkl\u00e4rt\",\"description\":\"Einfach gesund bleiben\",\"publisher\":{\"@id\":\"https:\\\/\\\/www.meine-tcm.com\\\/#organization\"},\"potentialAction\":[{\"@type\":\"SearchAction\",\"target\":{\"@type\":\"EntryPoint\",\"urlTemplate\":\"https:\\\/\\\/www.meine-tcm.com\\\/?s={search_term_string}\"},\"query-input\":{\"@type\":\"PropertyValueSpecification\",\"valueRequired\":true,\"valueName\":\"search_term_string\"}}],\"inLanguage\":\"es\"},{\"@type\":\"Organization\",\"@id\":\"https:\\\/\\\/www.meine-tcm.com\\\/#organization\",\"name\":\"meine-TCM.com \u2014 Traditionelle chinesische Medizin einfach erkl\u00e4rt\",\"url\":\"https:\\\/\\\/www.meine-tcm.com\\\/\",\"logo\":{\"@type\":\"ImageObject\",\"inLanguage\":\"es\",\"@id\":\"https:\\\/\\\/www.meine-tcm.com\\\/#\\\/schema\\\/logo\\\/image\\\/\",\"url\":\"https:\\\/\\\/www.meine-tcm.com\\\/wp-content\\\/uploads\\\/2022\\\/08\\\/meine-tcm-traditionelle-chinesische-medizin-einfach-erklaert.png\",\"contentUrl\":\"https:\\\/\\\/www.meine-tcm.com\\\/wp-content\\\/uploads\\\/2022\\\/08\\\/meine-tcm-traditionelle-chinesische-medizin-einfach-erklaert.png\",\"width\":559,\"height\":479,\"caption\":\"meine-TCM.com \u2014 Traditionelle chinesische Medizin einfach erkl\u00e4rt\"},\"image\":{\"@id\":\"https:\\\/\\\/www.meine-tcm.com\\\/#\\\/schema\\\/logo\\\/image\\\/\"},\"sameAs\":[\"https:\\\/\\\/www.instagram.com\\\/meinetcm\\\/\",\"https:\\\/\\\/www.youtube.com\\\/@EinfachbesserLeben\"]}]}<\/script>\n<!-- \/ Yoast SEO plugin. -->","yoast_head_json":{"title":"Compre en l\u00ednea su entrenamiento hol\u00edstico de la espalda","description":"Desh\u00e1gase por fin de sus molestos dolores de espalda de forma permanente con este curso en v\u00eddeo. Aprender\u00e1s los 25 mejores ejercicios de entrenamiento de espalda.","robots":{"index":"index","follow":"follow","max-snippet":"max-snippet:-1","max-image-preview":"max-image-preview:large","max-video-preview":"max-video-preview:-1"},"canonical":"https:\/\/www.meine-tcm.com\/es\/producto\/su-entrenamiento-holistico-de-la-espalda-1\/","og_locale":"es_ES","og_type":"article","og_title":"Dein ganzheitliches R\u00fcckentraining Online Kaufen","og_description":"Werde deine l\u00e4stigen R\u00fcckenschmerzen endlich dauerhaft los mit diesem Video Kurs. Im R\u00fcckentraining lernst du die 25 besten \u00dcbungen.","og_url":"https:\/\/www.meine-tcm.com\/es\/producto\/su-entrenamiento-holistico-de-la-espalda-1\/","og_site_name":"meine TCM | Traditionelle Chinesische Medizin einfach erkl\u00e4rt","article_modified_time":"2026-04-13T08:34:57+00:00","og_image":[{"width":764,"height":1080,"url":"https:\/\/www.meine-tcm.com\/wp-content\/uploads\/2014\/07\/ganzheitliches-rueckentraining-kurs-01.jpg","type":"image\/jpeg"}],"twitter_card":"summary_large_image","twitter_misc":{"Tiempo de lectura":"3 minutos"},"schema":{"@context":"https:\/\/schema.org","@graph":[{"@type":"WebPage","@id":"https:\/\/www.meine-tcm.com\/produkt\/dein-ganzheitliches-rueckentraining-1\/","url":"https:\/\/www.meine-tcm.com\/produkt\/dein-ganzheitliches-rueckentraining-1\/","name":"Compre en l\u00ednea su entrenamiento hol\u00edstico de la espalda","isPartOf":{"@id":"https:\/\/www.meine-tcm.com\/#website"},"primaryImageOfPage":{"@id":"https:\/\/www.meine-tcm.com\/produkt\/dein-ganzheitliches-rueckentraining-1\/#primaryimage"},"image":{"@id":"https:\/\/www.meine-tcm.com\/produkt\/dein-ganzheitliches-rueckentraining-1\/#primaryimage"},"thumbnailUrl":"https:\/\/www.meine-tcm.com\/wp-content\/uploads\/2014\/07\/ganzheitliches-rueckentraining-kurs-01.jpg","datePublished":"2014-07-06T08:43:57+00:00","dateModified":"2026-04-13T08:34:57+00:00","description":"Desh\u00e1gase por fin de sus molestos dolores de espalda de forma permanente con este curso en v\u00eddeo. Aprender\u00e1s los 25 mejores ejercicios de entrenamiento de espalda.","breadcrumb":{"@id":"https:\/\/www.meine-tcm.com\/produkt\/dein-ganzheitliches-rueckentraining-1\/#breadcrumb"},"inLanguage":"es","potentialAction":[{"@type":"ReadAction","target":["https:\/\/www.meine-tcm.com\/produkt\/dein-ganzheitliches-rueckentraining-1\/"]}]},{"@type":"ImageObject","inLanguage":"es","@id":"https:\/\/www.meine-tcm.com\/produkt\/dein-ganzheitliches-rueckentraining-1\/#primaryimage","url":"https:\/\/www.meine-tcm.com\/wp-content\/uploads\/2014\/07\/ganzheitliches-rueckentraining-kurs-01.jpg","contentUrl":"https:\/\/www.meine-tcm.com\/wp-content\/uploads\/2014\/07\/ganzheitliches-rueckentraining-kurs-01.jpg","width":764,"height":1080,"caption":"Dein ganzheitliches R\u00fcckentraining DVD Kurs"},{"@type":"BreadcrumbList","@id":"https:\/\/www.meine-tcm.com\/produkt\/dein-ganzheitliches-rueckentraining-1\/#breadcrumb","itemListElement":[{"@type":"ListItem","position":1,"name":"Home","item":"https:\/\/www.meine-tcm.com\/"},{"@type":"ListItem","position":2,"name":"Shop","item":"https:\/\/www.meine-tcm.com\/shop\/"},{"@type":"ListItem","position":3,"name":"R\u00fcckenschmerzen","item":"https:\/\/www.meine-tcm.com\/produkte\/rueckenschmerzen\/"},{"@type":"ListItem","position":4,"name":"Dein ganzheitliches R\u00fcckentraining"}]},{"@type":"WebSite","@id":"https:\/\/www.meine-tcm.com\/#website","url":"https:\/\/www.meine-tcm.com\/","name":"mi MTC | Medicina Tradicional China explicada de forma sencilla","description":"Mant\u00e9ngase sano","publisher":{"@id":"https:\/\/www.meine-tcm.com\/#organization"},"potentialAction":[{"@type":"SearchAction","target":{"@type":"EntryPoint","urlTemplate":"https:\/\/www.meine-tcm.com\/?s={search_term_string}"},"query-input":{"@type":"PropertyValueSpecification","valueRequired":true,"valueName":"search_term_string"}}],"inLanguage":"es"},{"@type":"Organization","@id":"https:\/\/www.meine-tcm.com\/#organization","name":"meine-TCM.com - La Medicina Tradicional China explicada de forma sencilla","url":"https:\/\/www.meine-tcm.com\/","logo":{"@type":"ImageObject","inLanguage":"es","@id":"https:\/\/www.meine-tcm.com\/#\/schema\/logo\/image\/","url":"https:\/\/www.meine-tcm.com\/wp-content\/uploads\/2022\/08\/meine-tcm-traditionelle-chinesische-medizin-einfach-erklaert.png","contentUrl":"https:\/\/www.meine-tcm.com\/wp-content\/uploads\/2022\/08\/meine-tcm-traditionelle-chinesische-medizin-einfach-erklaert.png","width":559,"height":479,"caption":"meine-TCM.com \u2014 Traditionelle chinesische Medizin einfach erkl\u00e4rt"},"image":{"@id":"https:\/\/www.meine-tcm.com\/#\/schema\/logo\/image\/"},"sameAs":["https:\/\/www.instagram.com\/meinetcm\/","https:\/\/www.youtube.com\/@EinfachbesserLeben"]}]}},"wps_subtitle":"","_links":{"self":[{"href":"https:\/\/www.meine-tcm.com\/es\/wp-json\/wp\/v2\/product\/1406","targetHints":{"allow":["GET"]}}],"collection":[{"href":"https:\/\/www.meine-tcm.com\/es\/wp-json\/wp\/v2\/product"}],"about":[{"href":"https:\/\/www.meine-tcm.com\/es\/wp-json\/wp\/v2\/types\/product"}],"replies":[{"embeddable":true,"href":"https:\/\/www.meine-tcm.com\/es\/wp-json\/wp\/v2\/comments?post=1406"}],"wp:featuredmedia":[{"embeddable":true,"href":"https:\/\/www.meine-tcm.com\/es\/wp-json\/wp\/v2\/media\/1410"}],"wp:attachment":[{"href":"https:\/\/www.meine-tcm.com\/es\/wp-json\/wp\/v2\/media?parent=1406"}],"wp:term":[{"taxonomy":"product_brand","embeddable":true,"href":"https:\/\/www.meine-tcm.com\/es\/wp-json\/wp\/v2\/product_brand?post=1406"},{"taxonomy":"product_cat","embeddable":true,"href":"https:\/\/www.meine-tcm.com\/es\/wp-json\/wp\/v2\/product_cat?post=1406"},{"taxonomy":"product_tag","embeddable":true,"href":"https:\/\/www.meine-tcm.com\/es\/wp-json\/wp\/v2\/product_tag?post=1406"}],"curies":[{"name":"wp","href":"https:\/\/api.w.org\/{rel}","templated":true}]}}