{"id":1376,"date":"2014-08-09T21:11:51","date_gmt":"2014-08-09T19:11:51","guid":{"rendered":"https:\/\/www.meine-tcm.com\/produkt\/qi-gong-kurs-18-figuren-der-harmonie\/"},"modified":"2026-04-11T17:42:50","modified_gmt":"2026-04-11T15:42:50","slug":"curso-de-qi-gong-18-figuras-de-armonia","status":"publish","type":"product","link":"https:\/\/www.meine-tcm.com\/es\/producto\/curso-de-qi-gong-18-figuras-de-armonia\/","title":{"rendered":"Curso de Qi Gong II - Las 18 figuras de la armon\u00eda"},"content":{"rendered":"<p><strong>Las 18 figuras de la armon\u00eda (<b>Shibashi<\/b>)<\/strong><\/p>\n<p>Las 18 Figuras de la Armon\u00eda, tambi\u00e9n conocidas como Shibashi, son una combinaci\u00f3n especialmente bella de 18 ejercicios de Qi Gong y Tai Chi. La combinaci\u00f3n de ejercicios se caracteriza por ser muy r\u00edtmica y est\u00e9tica.<\/p>\n<p><strong>El Qi Gong es un arte del movimiento originario de China.<\/strong> Puedes aumentar tu vitalidad a trav\u00e9s del movimiento consciente, la respiraci\u00f3n y la concentraci\u00f3n mental. En este curso de v\u00eddeo encontrar\u00e1s<\/p>\n<ul>\n<li><strong>2 ejercicios<\/strong>\u00a0con 27 minutos o 41 minutos de tiempo de entrenamiento,<\/li>\n<li><strong>muy detallado<\/strong>\u00a0Instrucciones para el ejercicio,<\/li>\n<li><strong>Informaci\u00f3n general<\/strong>\u00a0Medicina Tradicional China, y mucho m\u00e1s.<\/li>\n<li><strong>Los ejercicios<\/strong>\u00a0son adecuados para todas las edades y niveles de forma f\u00edsica.<\/li>\n<\/ul>\n<p><strong>Contenido:<\/strong><\/p>\n<p>La secci\u00f3n de informaci\u00f3n, muy interesante, proporciona los antecedentes de la MTC, el Qi Gong y las 18 figuras de la armon\u00eda. Los 18 ejercicios se explican con todo detalle. Hay dos programas de ejercicios de distinta duraci\u00f3n para el entrenamiento diario.<\/p>\n<p><strong>Los hechos:<\/strong><\/p>\n<p>Wolfgang Stemer es practicante de Shiatsu, preparador f\u00edsico, instructor de Pilates, profesor de Qi Gong y terapeuta de MTC con 20 a\u00f1os de experiencia pr\u00e1ctica en el trabajo con personas y la ense\u00f1anza.<\/p>\n<p>Este curso de v\u00eddeo tambi\u00e9n puede completarse sin el \"Curso 1 de Qi Gong Moderno\". Las dos partes no se basan la una en la otra, sino que se complementan.<\/p>\n<ul>\n<li><strong>Actores<\/strong>Wolfgang Stemer<\/li>\n<li><strong>Productores<\/strong>EBL Media Production OG<\/li>\n<li><strong>Idioma:<\/strong>\u00a0Alem\u00e1n (Dolby Digital 2.0 est\u00e9reo)<\/li>\n<li><strong>Regi\u00f3n:<\/strong>\u00a0Regi\u00f3n 2<\/li>\n<li><strong>FSC:<\/strong>\u00a0Programa informativo<\/li>\n<li><strong>A\u00f1o de producci\u00f3n:<\/strong>\u00a02017<\/li>\n<li><strong>Tiempo de juego:<\/strong>\u00a0240,00 minutos<\/li>\n<\/ul>\n<div class=\"video video-fit mb\" style=\"padding-top:56.25%;\"><p><iframe loading=\"lazy\" title=\"El Curso Moderno de Qigong 2 - Las 18 Figuras de la Armon\u00eda - Taiji Qigong - Shibashi (Trailer)\" width=\"1020\" height=\"574\" src=\"https:\/\/www.youtube.com\/embed\/xVNWMe4jfCc?feature=oembed\" frameborder=\"0\" allow=\"accelerometer; autoplay; clipboard-write; encrypted-media; gyroscope; picture-in-picture\" allowfullscreen><\/iframe><\/p>\n<\/div>\n\t<div id=\"gap-1032061333\" class=\"gap-element clearfix\" style=\"display:block; height:auto;\">\n\t\t\n<style>\n#gap-1032061333 {\n  padding-top: 30px;\n}\n<\/style>\n\t<\/div>\n\t\n<h2>Las 18 figuras de la armon\u00eda - El curso moderno de Qi Gong II<\/h2>\n<h3>Tabla de contenidos:<\/h3>\n<ul>\n<li><strong>INTRODUCCI\u00d3N<\/strong>...Shibashi - las 18 figuras de la armon\u00eda brevemente explicadas<\/li>\n<li><strong>VISI\u00d3N GENERAL<\/strong>...breve introducci\u00f3n al curso de Qi Gong<\/li>\n<li><strong>TCM<\/strong>...qu\u00e9 es la Medicina Tradicional China<\/li>\n<li><strong>PRINCIPIOS DEL QI GONG<\/strong>...respiraci\u00f3n, postura y concentraci\u00f3n<\/li>\n<li><strong>DECLARACI\u00d3N DE EJERCICIO <\/strong>...los 8 ejercicios explicados en detalle<\/li>\n<li><strong>ENTRENAMIENTO I<\/strong> (40 minutos)...secuencia completa en 40 minutos<\/li>\n<li><strong>ENTRENAMIENTO II<\/strong> (27 minutos)...secuencia completa en 27 minutos<\/li>\n<li><strong>MOTIVACI\u00d3N <\/strong>...instrucciones para hacer ejercicio y motivaci\u00f3n<strong><br \/>\n<\/strong><\/li>\n<li>Duraci\u00f3n aproximada: 238 minutos<\/li>\n<\/ul>","protected":false},"excerpt":{"rendered":"<p>Las 18 Figuras de la Armon\u00eda es una compilaci\u00f3n especialmente bella de 18 ejercicios de Qi Gong y Tai Chi. La combinaci\u00f3n de ejercicios se caracteriza por ser muy r\u00edtmica y est\u00e9tica. <strong>El Qi Gong es un arte del movimiento originario de China.<\/strong>\u00a0Puedes aumentar tu vitalidad mediante el movimiento consciente, la respiraci\u00f3n y la concentraci\u00f3n mental.<\/p>\n<p>En nuestro curso online encontrar\u00e1s, entre otras cosas:<\/p>\n<ul>\n<li><strong>2 ejercicios<\/strong>\u00a0con 27 minutos o 41 minutos de tiempo de entrenamiento,<\/li>\n<li><strong>muy detallado<\/strong>\u00a0Instrucciones para el ejercicio,<\/li>\n<li><strong>Informaci\u00f3n general<\/strong>\u00a0Medicina Tradicional China, y mucho m\u00e1s.<\/li>\n<li><strong>Los ejercicios<\/strong>\u00a0son adecuados para todas las edades y niveles de forma f\u00edsica.<\/li>\n<\/ul>","protected":false},"featured_media":1379,"comment_status":"open","ping_status":"closed","template":"","meta":{"_acf_changed":false},"product_brand":[],"product_cat":[103],"product_tag":[134,143,149,169,170],"class_list":{"0":"post-1376","1":"product","2":"type-product","3":"status-publish","4":"has-post-thumbnail","6":"product_cat-qi-gong","7":"product_tag-immunsystem","8":"product_tag-stressabbau-und-entspannung","9":"product_tag-energieaufbau","10":"product_tag-gesund-bleiben","11":"product_tag-rastlosigkeit","13":"first","14":"instock","15":"featured","16":"taxable","17":"shipping-taxable","18":"purchasable","19":"product-type-variable"},"acf":[],"yoast_head":"<!-- This site is optimized with the Yoast SEO plugin v27.1.1 - https:\/\/yoast.com\/product\/yoast-seo-wordpress\/ -->\n<title>Qi Gong Kurs: Die 18 Figuren der Harmonie \u2014 Shibashi<\/title>\n<meta name=\"description\" content=\"Der Qi Gong Kurs ist komplett in Videoform aufgebaut. Alle 18 \u00dcbungen werden sehr detailliert vorgezeigt (auch als App verf\u00fcgbar).\" \/>\n<meta name=\"robots\" content=\"index, follow, max-snippet:-1, max-image-preview:large, max-video-preview:-1\" \/>\n<link rel=\"canonical\" href=\"https:\/\/www.meine-tcm.com\/es\/producto\/curso-de-qi-gong-18-figuras-de-armonia\/\" \/>\n<meta property=\"og:locale\" content=\"es_ES\" \/>\n<meta property=\"og:type\" content=\"article\" \/>\n<meta property=\"og:title\" content=\"Qi Gong Kurs: Die 18 Figuren der Harmonie \u2014 Shibashi\" \/>\n<meta property=\"og:description\" content=\"Mit diesem Qi Gong Kurs lernst du die 18 Figuren der Harmonie (Shibashi). Alle 18 \u00dcbungen werden sehr detailliert vorgezeigt. Der Kurs ist komplett in Videoform aufgebaut. Verf\u00fcgbar als DVD, zum Online ansehen oder als App.\" \/>\n<meta property=\"og:url\" content=\"https:\/\/www.meine-tcm.com\/es\/producto\/curso-de-qi-gong-18-figuras-de-armonia\/\" \/>\n<meta property=\"og:site_name\" content=\"meine TCM | Traditionelle Chinesische Medizin einfach erkl\u00e4rt\" \/>\n<meta property=\"article:modified_time\" content=\"2026-04-11T15:42:50+00:00\" \/>\n<meta property=\"og:image\" content=\"https:\/\/www.meine-tcm.com\/wp-content\/uploads\/2014\/08\/qi-gong-kurs-18-figuren-der-harmonie-03.jpg\" \/>\n\t<meta property=\"og:image:width\" content=\"764\" \/>\n\t<meta property=\"og:image:height\" content=\"1080\" \/>\n\t<meta property=\"og:image:type\" content=\"image\/jpeg\" \/>\n<meta name=\"twitter:card\" content=\"summary_large_image\" \/>\n<meta name=\"twitter:title\" content=\"Qi Gong Kurs: Die 18 Figuren der Harmonie \u2014 Shibashi\" \/>\n<meta name=\"twitter:description\" content=\"Mit diesem Qi Gong Kurs lernst du die 18 Figuren der Harmonie (Shibashi). Alle 18 \u00dcbungen werden sehr detailliert vorgezeigt. Der Kurs ist komplett in Videoform aufgebaut. Verf\u00fcgbar als DVD, zum Online ansehen oder als App.\" \/>\n<meta name=\"twitter:image\" content=\"https:\/\/www.meine-tcm.com\/wp-content\/uploads\/2014\/08\/qi-gong-kurs-18-figuren-der-harmonie-03.jpg\" \/>\n<meta name=\"twitter:label1\" content=\"Tiempo de lectura\" \/>\n\t<meta name=\"twitter:data1\" content=\"2 minutos\" \/>\n<script type=\"application\/ld+json\" class=\"yoast-schema-graph\">{\"@context\":\"https:\/\/schema.org\",\"@graph\":[{\"@type\":\"WebPage\",\"@id\":\"https:\/\/www.meine-tcm.com\/produkt\/qi-gong-kurs-18-figuren-der-harmonie\/\",\"url\":\"https:\/\/www.meine-tcm.com\/produkt\/qi-gong-kurs-18-figuren-der-harmonie\/\",\"name\":\"Qi Gong Kurs: Die 18 Figuren der Harmonie \u2014 Shibashi\",\"isPartOf\":{\"@id\":\"https:\/\/www.meine-tcm.com\/#website\"},\"primaryImageOfPage\":{\"@id\":\"https:\/\/www.meine-tcm.com\/produkt\/qi-gong-kurs-18-figuren-der-harmonie\/#primaryimage\"},\"image\":{\"@id\":\"https:\/\/www.meine-tcm.com\/produkt\/qi-gong-kurs-18-figuren-der-harmonie\/#primaryimage\"},\"thumbnailUrl\":\"https:\/\/www.meine-tcm.com\/wp-content\/uploads\/2014\/08\/qi-gong-kurs-18-figuren-der-harmonie-01.jpg\",\"datePublished\":\"2014-08-09T19:11:51+00:00\",\"dateModified\":\"2026-04-11T15:42:50+00:00\",\"description\":\"Der Qi Gong Kurs ist komplett in Videoform aufgebaut. Alle 18 \u00dcbungen werden sehr detailliert vorgezeigt (auch als App verf\u00fcgbar).\",\"breadcrumb\":{\"@id\":\"https:\/\/www.meine-tcm.com\/produkt\/qi-gong-kurs-18-figuren-der-harmonie\/#breadcrumb\"},\"inLanguage\":\"es\",\"potentialAction\":[{\"@type\":\"ReadAction\",\"target\":[\"https:\/\/www.meine-tcm.com\/produkt\/qi-gong-kurs-18-figuren-der-harmonie\/\"]}]},{\"@type\":\"ImageObject\",\"inLanguage\":\"es\",\"@id\":\"https:\/\/www.meine-tcm.com\/produkt\/qi-gong-kurs-18-figuren-der-harmonie\/#primaryimage\",\"url\":\"https:\/\/www.meine-tcm.com\/wp-content\/uploads\/2014\/08\/qi-gong-kurs-18-figuren-der-harmonie-01.jpg\",\"contentUrl\":\"https:\/\/www.meine-tcm.com\/wp-content\/uploads\/2014\/08\/qi-gong-kurs-18-figuren-der-harmonie-01.jpg\",\"width\":764,\"height\":1080,\"caption\":\"Qi Qong Kurs - Die 18 Figuren der Harmonie\"},{\"@type\":\"BreadcrumbList\",\"@id\":\"https:\/\/www.meine-tcm.com\/produkt\/qi-gong-kurs-18-figuren-der-harmonie\/#breadcrumb\",\"itemListElement\":[{\"@type\":\"ListItem\",\"position\":1,\"name\":\"Home\",\"item\":\"https:\/\/www.meine-tcm.com\/\"},{\"@type\":\"ListItem\",\"position\":2,\"name\":\"Shop\",\"item\":\"https:\/\/www.meine-tcm.com\/shop\/\"},{\"@type\":\"ListItem\",\"position\":3,\"name\":\"Qi Gong\",\"item\":\"https:\/\/www.meine-tcm.com\/produkte\/qi-gong\/\"},{\"@type\":\"ListItem\",\"position\":4,\"name\":\"Qi Gong Kurs II \u2014 Die 18 Figuren der Harmonie\"}]},{\"@type\":\"WebSite\",\"@id\":\"https:\/\/www.meine-tcm.com\/#website\",\"url\":\"https:\/\/www.meine-tcm.com\/\",\"name\":\"meine TCM | Traditionelle Chinesische Medizin einfach erkl\u00e4rt\",\"description\":\"Einfach gesund bleiben\",\"publisher\":{\"@id\":\"https:\/\/www.meine-tcm.com\/#organization\"},\"potentialAction\":[{\"@type\":\"SearchAction\",\"target\":{\"@type\":\"EntryPoint\",\"urlTemplate\":\"https:\/\/www.meine-tcm.com\/?s={search_term_string}\"},\"query-input\":{\"@type\":\"PropertyValueSpecification\",\"valueRequired\":true,\"valueName\":\"search_term_string\"}}],\"inLanguage\":\"es\"},{\"@type\":\"Organization\",\"@id\":\"https:\/\/www.meine-tcm.com\/#organization\",\"name\":\"meine-TCM.com \u2014 Traditionelle chinesische Medizin einfach erkl\u00e4rt\",\"url\":\"https:\/\/www.meine-tcm.com\/\",\"logo\":{\"@type\":\"ImageObject\",\"inLanguage\":\"es\",\"@id\":\"https:\/\/www.meine-tcm.com\/#\/schema\/logo\/image\/\",\"url\":\"https:\/\/www.meine-tcm.com\/wp-content\/uploads\/2022\/08\/meine-tcm-traditionelle-chinesische-medizin-einfach-erklaert.png\",\"contentUrl\":\"https:\/\/www.meine-tcm.com\/wp-content\/uploads\/2022\/08\/meine-tcm-traditionelle-chinesische-medizin-einfach-erklaert.png\",\"width\":559,\"height\":479,\"caption\":\"meine-TCM.com \u2014 Traditionelle chinesische Medizin einfach erkl\u00e4rt\"},\"image\":{\"@id\":\"https:\/\/www.meine-tcm.com\/#\/schema\/logo\/image\/\"},\"sameAs\":[\"https:\/\/www.instagram.com\/meinetcm\/\",\"https:\/\/www.youtube.com\/@EinfachbesserLeben\"]}]}<\/script>\n<!-- \/ Yoast SEO plugin. -->","yoast_head_json":{"title":"Curso de Qi Gong: Las 18 Figuras de la Armon\u00eda - Shibashi","description":"El curso de Qi Gong est\u00e1 completamente organizado en forma de v\u00eddeo. Los 18 ejercicios se muestran con gran detalle (tambi\u00e9n disponible como aplicaci\u00f3n).","robots":{"index":"index","follow":"follow","max-snippet":"max-snippet:-1","max-image-preview":"max-image-preview:large","max-video-preview":"max-video-preview:-1"},"canonical":"https:\/\/www.meine-tcm.com\/es\/producto\/curso-de-qi-gong-18-figuras-de-armonia\/","og_locale":"es_ES","og_type":"article","og_title":"Qi Gong Kurs: Die 18 Figuren der Harmonie \u2014 Shibashi","og_description":"Mit diesem Qi Gong Kurs lernst du die 18 Figuren der Harmonie (Shibashi). Alle 18 \u00dcbungen werden sehr detailliert vorgezeigt. Der Kurs ist komplett in Videoform aufgebaut. Verf\u00fcgbar als DVD, zum Online ansehen oder als App.","og_url":"https:\/\/www.meine-tcm.com\/es\/producto\/curso-de-qi-gong-18-figuras-de-armonia\/","og_site_name":"meine TCM | Traditionelle Chinesische Medizin einfach erkl\u00e4rt","article_modified_time":"2026-04-11T15:42:50+00:00","og_image":[{"width":764,"height":1080,"url":"https:\/\/www.meine-tcm.com\/wp-content\/uploads\/2014\/08\/qi-gong-kurs-18-figuren-der-harmonie-03.jpg","type":"image\/jpeg"}],"twitter_card":"summary_large_image","twitter_title":"Qi Gong Kurs: Die 18 Figuren der Harmonie \u2014 Shibashi","twitter_description":"Mit diesem Qi Gong Kurs lernst du die 18 Figuren der Harmonie (Shibashi). Alle 18 \u00dcbungen werden sehr detailliert vorgezeigt. Der Kurs ist komplett in Videoform aufgebaut. Verf\u00fcgbar als DVD, zum Online ansehen oder als App.","twitter_image":"https:\/\/www.meine-tcm.com\/wp-content\/uploads\/2014\/08\/qi-gong-kurs-18-figuren-der-harmonie-03.jpg","twitter_misc":{"Tiempo de lectura":"2 minutos"},"schema":{"@context":"https:\/\/schema.org","@graph":[{"@type":"WebPage","@id":"https:\/\/www.meine-tcm.com\/produkt\/qi-gong-kurs-18-figuren-der-harmonie\/","url":"https:\/\/www.meine-tcm.com\/produkt\/qi-gong-kurs-18-figuren-der-harmonie\/","name":"Curso de Qi Gong: Las 18 Figuras de la Armon\u00eda - Shibashi","isPartOf":{"@id":"https:\/\/www.meine-tcm.com\/#website"},"primaryImageOfPage":{"@id":"https:\/\/www.meine-tcm.com\/produkt\/qi-gong-kurs-18-figuren-der-harmonie\/#primaryimage"},"image":{"@id":"https:\/\/www.meine-tcm.com\/produkt\/qi-gong-kurs-18-figuren-der-harmonie\/#primaryimage"},"thumbnailUrl":"https:\/\/www.meine-tcm.com\/wp-content\/uploads\/2014\/08\/qi-gong-kurs-18-figuren-der-harmonie-01.jpg","datePublished":"2014-08-09T19:11:51+00:00","dateModified":"2026-04-11T15:42:50+00:00","description":"El curso de Qi Gong est\u00e1 completamente organizado en forma de v\u00eddeo. Los 18 ejercicios se muestran con gran detalle (tambi\u00e9n disponible como aplicaci\u00f3n).","breadcrumb":{"@id":"https:\/\/www.meine-tcm.com\/produkt\/qi-gong-kurs-18-figuren-der-harmonie\/#breadcrumb"},"inLanguage":"es","potentialAction":[{"@type":"ReadAction","target":["https:\/\/www.meine-tcm.com\/produkt\/qi-gong-kurs-18-figuren-der-harmonie\/"]}]},{"@type":"ImageObject","inLanguage":"es","@id":"https:\/\/www.meine-tcm.com\/produkt\/qi-gong-kurs-18-figuren-der-harmonie\/#primaryimage","url":"https:\/\/www.meine-tcm.com\/wp-content\/uploads\/2014\/08\/qi-gong-kurs-18-figuren-der-harmonie-01.jpg","contentUrl":"https:\/\/www.meine-tcm.com\/wp-content\/uploads\/2014\/08\/qi-gong-kurs-18-figuren-der-harmonie-01.jpg","width":764,"height":1080,"caption":"Qi Qong Kurs - Die 18 Figuren der Harmonie"},{"@type":"BreadcrumbList","@id":"https:\/\/www.meine-tcm.com\/produkt\/qi-gong-kurs-18-figuren-der-harmonie\/#breadcrumb","itemListElement":[{"@type":"ListItem","position":1,"name":"Home","item":"https:\/\/www.meine-tcm.com\/"},{"@type":"ListItem","position":2,"name":"Shop","item":"https:\/\/www.meine-tcm.com\/shop\/"},{"@type":"ListItem","position":3,"name":"Qi Gong","item":"https:\/\/www.meine-tcm.com\/produkte\/qi-gong\/"},{"@type":"ListItem","position":4,"name":"Qi Gong Kurs II \u2014 Die 18 Figuren der Harmonie"}]},{"@type":"WebSite","@id":"https:\/\/www.meine-tcm.com\/#website","url":"https:\/\/www.meine-tcm.com\/","name":"mi MTC | Medicina Tradicional China explicada de forma sencilla","description":"Mant\u00e9ngase sano","publisher":{"@id":"https:\/\/www.meine-tcm.com\/#organization"},"potentialAction":[{"@type":"SearchAction","target":{"@type":"EntryPoint","urlTemplate":"https:\/\/www.meine-tcm.com\/?s={search_term_string}"},"query-input":{"@type":"PropertyValueSpecification","valueRequired":true,"valueName":"search_term_string"}}],"inLanguage":"es"},{"@type":"Organization","@id":"https:\/\/www.meine-tcm.com\/#organization","name":"meine-TCM.com - La Medicina Tradicional China explicada de forma sencilla","url":"https:\/\/www.meine-tcm.com\/","logo":{"@type":"ImageObject","inLanguage":"es","@id":"https:\/\/www.meine-tcm.com\/#\/schema\/logo\/image\/","url":"https:\/\/www.meine-tcm.com\/wp-content\/uploads\/2022\/08\/meine-tcm-traditionelle-chinesische-medizin-einfach-erklaert.png","contentUrl":"https:\/\/www.meine-tcm.com\/wp-content\/uploads\/2022\/08\/meine-tcm-traditionelle-chinesische-medizin-einfach-erklaert.png","width":559,"height":479,"caption":"meine-TCM.com \u2014 Traditionelle chinesische Medizin einfach erkl\u00e4rt"},"image":{"@id":"https:\/\/www.meine-tcm.com\/#\/schema\/logo\/image\/"},"sameAs":["https:\/\/www.instagram.com\/meinetcm\/","https:\/\/www.youtube.com\/@EinfachbesserLeben"]}]}},"wps_subtitle":"","_links":{"self":[{"href":"https:\/\/www.meine-tcm.com\/es\/wp-json\/wp\/v2\/product\/1376","targetHints":{"allow":["GET"]}}],"collection":[{"href":"https:\/\/www.meine-tcm.com\/es\/wp-json\/wp\/v2\/product"}],"about":[{"href":"https:\/\/www.meine-tcm.com\/es\/wp-json\/wp\/v2\/types\/product"}],"replies":[{"embeddable":true,"href":"https:\/\/www.meine-tcm.com\/es\/wp-json\/wp\/v2\/comments?post=1376"}],"wp:featuredmedia":[{"embeddable":true,"href":"https:\/\/www.meine-tcm.com\/es\/wp-json\/wp\/v2\/media\/1379"}],"wp:attachment":[{"href":"https:\/\/www.meine-tcm.com\/es\/wp-json\/wp\/v2\/media?parent=1376"}],"wp:term":[{"taxonomy":"product_brand","embeddable":true,"href":"https:\/\/www.meine-tcm.com\/es\/wp-json\/wp\/v2\/product_brand?post=1376"},{"taxonomy":"product_cat","embeddable":true,"href":"https:\/\/www.meine-tcm.com\/es\/wp-json\/wp\/v2\/product_cat?post=1376"},{"taxonomy":"product_tag","embeddable":true,"href":"https:\/\/www.meine-tcm.com\/es\/wp-json\/wp\/v2\/product_tag?post=1376"}],"curies":[{"name":"wp","href":"https:\/\/api.w.org\/{rel}","templated":true}]}}