{"id":1231,"date":"2020-09-11T16:05:55","date_gmt":"2020-09-11T14:05:55","guid":{"rendered":"https:\/\/www.meine-tcm.com\/produkt\/w24-entspannter-bauch\/"},"modified":"2026-04-03T09:10:11","modified_gmt":"2026-04-03T07:10:11","slug":"weidinger-w24-vientre-relajado","status":"publish","type":"product","link":"https:\/\/www.meine-tcm.com\/es\/producto\/weidinger-w24-vientre-relajado\/","title":{"rendered":"Weidinger W24 - Est\u00f3mago relajado"},"content":{"rendered":"<h2>Mezcla de hierbas chinas: Weidinger W24 - Vientre relajado<\/h2>\n<p>Mezcla seg\u00fan el Dr. Georg Weidinger en su libro \"Die Chinesische Hausapotheke\" (publicado por Goldmann Verlag), p\u00e1gina 547 (<a href=\"https:\/\/amzn.to\/3bChkp7\" target=\"_blank\" rel=\"noopener noreferrer\"><u>Pida el libro en l\u00ednea en Amazon<\/u><\/a>).<\/p>\n<p><strong>Aplicaci\u00f3n:<\/strong><br \/>\nDolor abdominal tipo calambre, diarrea de esfuerzo, intolerancia alimentaria, inflamaci\u00f3n de todo el tracto gastrointestinal, dolor que mejora despu\u00e9s de defecar.<\/p>\n<p><strong>Recomendaci\u00f3n de consumo:<\/strong><br \/>\n2 veces al d\u00eda 4-6 comprimidos<\/p>\n<p><strong>TCM:<\/strong> El h\u00edgado ataca al bazo, distribuye el qi del h\u00edgado, tonifica el qi del bazo<\/p>\n<p><strong>Contenido:<\/strong><br \/>\n240 comprimidos<\/p>\n<p>Nombre chino de la mezcla de hierbas:<br \/>\n<strong>Tong Xie Yao Fang<\/strong><\/p>\n<p><strong>Ingredientes:<\/strong><\/p>\n<table>\n<thead>\n<tr>\n<td>Pinyin<\/td>\n<td>Nombre latino<\/td>\n<td>Denominaci\u00f3n alemana<\/td>\n<td>Porcentaje %<\/td>\n<td>6 pastillas (3 g)<\/td>\n<\/tr>\n<\/thead>\n<tbody>\n<tr>\n<td>Chao Bai Shao Yao<\/td>\n<td>Radix Paeoniae Lactiflorae Praep.<\/td>\n<td>Ra\u00edz de peon\u00eda<\/td>\n<td>26,5<\/td>\n<td>0,795<\/td>\n<\/tr>\n<tr>\n<td>Chao Bai Zhu<\/td>\n<td>Rhizoma Atractylodis Macrocephalae Praep.<\/td>\n<td>Ra\u00edz de saliva<\/td>\n<td>40,0<\/td>\n<td>1,2<\/td>\n<\/tr>\n<tr>\n<td>Chao Chen Pi<\/td>\n<td>Pericarpium Citri Reticulatae Praep.<\/td>\n<td>C\u00e1scara de mandarina<\/td>\n<td>20,0<\/td>\n<td>0,6<\/td>\n<\/tr>\n<tr>\n<td>Fang Feng<\/td>\n<td>Radix Ledebouriellae Divaricatae<\/td>\n<td>Ra\u00edz de saposhnikovia<\/td>\n<td>13,5<\/td>\n<td>0,405<\/td>\n<\/tr>\n<\/tbody>\n<\/table>\n\t<div id=\"gap-321513303\" class=\"gap-element clearfix\" style=\"display:block; height:auto;\">\n\t\t\n<style>\n#gap-321513303 {\n  padding-top: 20px;\n}\n<\/style>\n\t<\/div>\n\t\n\n<div class=\"row row-collapse row-full-width row-solid nem-hinweis-row\"  id=\"row-1435597337\">\n\n\n\t<div id=\"col-1756276088\" class=\"col nem-hinweis-column small-12 large-12\"  >\n\t\t\t\t<div class=\"col-inner\"  >\n\t\t\t\n\t<div class=\"is-border\"\n\t\tstyle=\"border-color:rgb(23, 126, 137);border-radius:10px;border-width:1px 1px 1px 1px;\">\n\t<\/div>\n\t\t\t\n\n\t<div id=\"text-1192268492\" class=\"text nem-hinweis-paragraph\">\n\t\t\n\n<h2>\ud83d\udc8a TCM\u2013Kr\u00e4uter richtig einnehmen \u2014 warum mehr Tabletten und mehr Zeit?<\/h2>\n<p><strong><br \/>Westliche Medikamente<\/strong>\u00a0sind isolierte Einzelmolek\u00fcle in hoher Konzentration \u2014 ein Wirkstoff, ein Ziel. Wie ein Pfeil: schnell und pr\u00e4zise. Deswegen gen\u00fcgt oft eine einzige Tablette.<\/p>\n<p><strong>TCM\u2013Kr\u00e4utermischungen<\/strong> arbeiten anders. Jede Rezeptur enth\u00e4lt mehrere Pflanzen mit hunderten Verbindungen, die in Synergie wirken \u2014 wie ein Orchester, nicht wie ein Solist. Die Einzeldosis pro Verbindung ist geringer, aber die Summe entfaltet eine breite, tiefgreifende Wirkung. Deswegen braucht es mehr Tabletten pro Einnahme \u2014 und deswegen sind die Nebenwirkungen in der Regel milder.<\/p>\n<p><strong>Und warum so lange?<\/strong>\u00a0Westliche Schmerzmittel unterdr\u00fccken Symptome in einer Stunde \u2014 aber die Ursache bleibt. TCM\u2013Kr\u00e4uter ver\u00e4ndern das Muster, das die Beschwerden erzeugt. Der Unterschied ist wie zwischen einer Schmerztablette und einer Physiotherapie: Die Tablette wirkt sofort, aber die Physiotherapie heilt. Und Heilung braucht Zeit.<\/p>\n<p><strong>Allgemeine Einnahmeempfehlung:<br \/><\/strong><em>(sofern auf der jeweiligen Produktseite oder von deinem TCM\u2013Therapeuten nicht anders angegeben)<\/em><br \/>\u2713\u00a0<strong>Dosificaci\u00f3n:<\/strong>\u00a02x t\u00e4glich 4\u20136 Tabletten (je nach Rezeptur)<br \/>\u2713\u00a0<strong>Duraci\u00f3n:<\/strong>\u00a06\u201312 Wochen, damit der K\u00f6rper sein Muster wirklich ver\u00e4ndern kann<br \/>\u2713\u00a0<strong>Einnahme:<\/strong>\u00a0Am besten mit warmem Wasser, 30 Minuten vor oder nach dem Essen<\/p>\n\t\t\t<\/div>\n\t\n\n\t\t<\/div>\n\t\t\t\t\t<\/div>\n\n\t\n\n\n<style>\n#row-1435597337 > .col > .col-inner {\n  padding: 20px 20px 20px 20px;\n  background-color: rgba(23, 126, 137, 0.1);\n  border-radius: 10px;\n}\n<\/style>\n<\/div>\n\t<div id=\"gap-1265538259\" class=\"gap-element clearfix\" style=\"display:block; height:auto;\">\n\t\t\n<style>\n#gap-1265538259 {\n  padding-top: 40px;\n}\n<\/style>\n\t<\/div>\n\t\n\n<div class=\"row row-collapse row-full-width nem-hinweis-row\"  id=\"row-1842939943\">\n\n\n\t<div id=\"col-2049398750\" class=\"col nem-hinweis-column small-12 large-12\"  >\n\t\t\t\t<div class=\"col-inner\"  >\n\t\t\t\n\t\t\t\n\n\t<div id=\"text-3650313722\" class=\"text nem-hinweis-paragraph\">\n\t\t\n\n<p><strong>Notas:<\/strong><br \/>Para las f\u00f3rmulas de estos complementos alimenticios s\u00f3lo se han seleccionado las hierbas de mayor calidad de la medicina china, a fin de garantizar los m\u00e1ximos beneficios para la salud. S\u00f3lo contienen hierbas de venta libre y se utilizan como complemento alimenticio.<\/p>\r\n<p>Los complementos alimenticios no pretenden sustituir una dieta equilibrada y variada y un estilo de vida saludable. No superar la ingesta diaria recomendada. Mantener fuera del alcance de los ni\u00f1os peque\u00f1os. Conservar al abrigo de la luz y a temperatura ambiente. Para un diagn\u00f3stico preciso, y especialmente en el caso de mujeres embarazadas o en per\u00edodo de lactancia, se recomienda consultar a un terapeuta especializado en medicina china o a su m\u00e9dico de cabecera.<\/p>\n\t\t\t<\/div>\n\t\n\n\t\t<\/div>\n\t\t\t\t\t<\/div>\n\n\t\n\n<\/div>\n<p><strong>Tema de salud:<\/strong><br \/>\nDigesti\u00f3n<br \/>\n<style>\r\nh4 {\r\n  font-size: 22px;\r\n  margin-bottom: 0;\r\n}\r\n\r\n#tab-description p, #tab-reviews p {\r\n    padding: 0 0 18px 0;\r\n}\r\n\r\nstrong.tcm-kraut {\r\n  background-color: rgb(252 180 61 \/ 40%);\r\n  padding: 4px;\r\n  border-radius: 6px;\r\n}\r\n\r\nmain .padding-bottom-4 {\r\n    padding-bottom: 4px;\r\n}\r\n\r\nspan.checkmark {\r\n  display: inline-block;\r\n  width: 24px;\r\n  height: 24px;\r\n  background-color: #28a745;\r\n  border-radius: 50%;\r\n  position: relative;\r\n  top: 5px;\r\n}\r\n\r\nspan.checkmark::after {\r\n  content: \"\";\r\n  position: absolute;\r\n  left: 8px;\r\n  top: 3px;\r\n  width: 8px;\r\n  height: 16px;\r\n  border: solid white;\r\n  transform: rotate(45deg);\r\n  border-width: 0 3px 3px 0;\r\n  border-radius: 1px;\r\n}\r\n\r\nspan.checkmark.color-black {\r\n  background-color: unset;\r\n}\r\n\r\nspan.checkmark.color-black::after {\r\n  border: solid #000a0d;\r\n}\r\n\r\nmain ul.checklist {\r\n  position: relative;\r\n  list-style: none;\r\n  padding-left: 0;\r\n}\r\n\r\nmain ul.checklist li {\r\n  position: relative;\r\n  padding-left: 30px;\r\n  margin-bottom: 4px;\r\n  margin-left: 0;\r\n}\r\n\r\nmain ul.checklist li::before {\r\n  content: \"\";\r\n  position: absolute;\r\n  width: 24px;\r\n  height: 24px;\r\n  background-color: #28a745;\r\n  border-radius: 50%;\r\n  top: 2px;\r\n  left: 0;\r\n}\r\n\r\nmain ul.checklist li::after {\r\n  content: \"\";\r\n  position: absolute;\r\n  left: 8px;\r\n  top: 5px;\r\n  width: 8px;\r\n  height: 16px;\r\n  border: solid white;\r\n  transform: rotate(45deg);\r\n  border-width: 0 3px 3px 0;\r\n  border-radius: 1px;\r\n}\r\n\r\n.woocommerce-tabs #tab-description td:nth-child(5), .woocommerce-tabs #tab-description td:nth-child(4) {\r\n    text-align: center !important;\r\n}\r\n.woocommerce-tabs #tab-description thead td {\r\n    text-transform: uppercase;\r\n    font-size: 14px;\r\n    font-weight: 500;\r\n    color: #000a0d;\r\n    padding-top: 4px;\r\n    padding-bottom: 4px;\r\n    line-height: 1.1;\r\n    vertical-align: bottom;\r\n    background-color: #f2f2f2;\r\n    border-bottom: 4px solid #007f8b !important;\r\n}\r\n.woocommerce-tabs #tab-description tr:hover {\r\n    background-color: rgba(255, 182, 39, .1);\r\n}\r\n.woocommerce-tabs #tab-description tr:hover td {\r\n    color: #000a0d;\r\n}\r\n.woocommerce-tabs #tab-description tr:hover td:nth-child(1),\r\n.woocommerce-tabs #tab-description tr:hover td:nth-child(3),\r\n.woocommerce-tabs #tab-description tr:hover td:nth-child(5) {\r\n    font-weight: 600;\r\n    font-weight: 600;\r\n    letter-spacing: -.1px;\r\n}\r\n.woocommerce-tabs #tab-description td a {\r\n    text-decoration: underline;\r\n}\r\n.woocommerce-tabs #tab-description ul,\r\n.woocommerce-tabs #tab-description ul li {\r\n    margin-bottom: 0;\r\n}\r\n.woocommerce-tabs #tab-description ul li a {\r\n    text-decoration: underline;\r\n}\r\n.woocommerce-tabs #tab-description ul:before{\r\n    content:attr(aria-label);\r\n     font-weight:bold;\r\n}\r\n\r\n\/* Setze die Breite der Zellen basierend auf der ersten Zeile *\/\r\n.woocommerce .woocommerce-tabs table thead tr td:nth-child(1),\r\n.woocommerce .woocommerce-tabs table tbody tr td:nth-child(1) {\r\n    width: 16%;\r\n}\r\n\r\n.woocommerce .woocommerce-tabs table thead tr td:nth-child(2),\r\n.woocommerce .woocommerce-tabs table tbody tr td:nth-child(2) {\r\n    width: 30%;\r\n}\r\n\r\n.woocommerce .woocommerce-tabs table thead tr td:nth-child(3),\r\n.woocommerce .woocommerce-tabs table tbody tr td:nth-child(3) {\r\n    width: 30%;\r\n}\r\n\r\n.woocommerce .woocommerce-tabs table thead tr td:nth-child(4),\r\n.woocommerce .woocommerce-tabs table tbody tr td:nth-child(4) {\r\n    width: 12%;\r\n}\r\n\r\n.woocommerce .woocommerce-tabs table thead tr td:nth-child(5),\r\n.woocommerce .woocommerce-tabs table tbody tr td:nth-child(5) {\r\n    width: 12%;\r\n}\r\n\r\n@media screen and (max-width: 767px) {\r\n  .woocommerce .woocommerce-tabs .woocommerce-Tabs-panel--description table {\r\n    position: relative;\r\n    display: block;\r\n    overflow-x: auto;\r\n    \/\/ white-space: nowrap;\r\n  }\r\n\r\n  .woocommerce .woocommerce-tabs table thead tr,\r\n  .woocommerce .woocommerce-tabs table tbody tr {\r\n    display: flex;\r\n    flex-direction: row;\r\n  }\r\n\r\n  .woocommerce .woocommerce-tabs table thead td,\r\n  .woocommerce .woocommerce-tabs table tbody td {\r\n    display: block;\r\n    text-align: left;\r\n    padding: 10px;\r\n    box-sizing: border-box;\r\n    flex-grow: 1;\r\n  }\r\n\r\n  .woocommerce .woocommerce-tabs table thead td:first-child,\r\n  .woocommerce .woocommerce-tabs table tbody td:first-child {\r\n    position: sticky;\r\n    left: 0;\r\n    z-index: 1;\r\n    background-color: #fff;\r\n    box-shadow: 2px 0 5px rgba(0, 0, 0, 0.1);\r\n  }\r\n\r\n  .woocommerce .woocommerce-tabs table thead tr {\r\n    position: sticky;\r\n    top: 0;\r\n    z-index: 2;\r\n  }\r\n\r\n  .woocommerce .woocommerce-tabs table thead td {\r\n    background-color: #f8f8f8;\r\n  }\r\n\r\n  \/* Setze die Breite der Zellen basierend auf der ersten Zeile *\/\r\n  .woocommerce .woocommerce-tabs table thead tr td:nth-child(1),\r\n  .woocommerce .woocommerce-tabs table tbody tr td:nth-child(1) {\r\n    width: 140px;\r\n  }\r\n\r\n  .woocommerce .woocommerce-tabs table thead tr td:nth-child(2),\r\n  .woocommerce .woocommerce-tabs table tbody tr td:nth-child(2) {\r\n    width: 250px;\r\n  }\r\n\r\n  .woocommerce .woocommerce-tabs table thead tr td:nth-child(3),\r\n  .woocommerce .woocommerce-tabs table tbody tr td:nth-child(3) {\r\n    width: 250px;\r\n  }\r\n\r\n  .woocommerce .woocommerce-tabs table thead tr td:nth-child(4),\r\n  .woocommerce .woocommerce-tabs table tbody tr td:nth-child(4) {\r\n    width: 120px;\r\n  }\r\n\r\n  .woocommerce .woocommerce-tabs table thead tr td:nth-child(5),\r\n  .woocommerce .woocommerce-tabs table tbody tr td:nth-child(5) {\r\n    width: 120px;\r\n  }\r\n\r\n.woocommerce .woocommerce-tabs .woocommerce-Tabs-panel--description table {\r\n  overflow-x: scroll;\r\n}\r\n\r\n.woocommerce .woocommerce-tabs .woocommerce-Tabs-panel--description table {\r\n  display: block;\r\n  overflow-x: auto;\r\n  \/\/ white-space: nowrap;\r\n  -webkit-overflow-scrolling: touch;\r\n}\r\n\r\n.woocommerce .woocommerce-tabs .woocommerce-Tabs-panel--description table::-webkit-scrollbar {\r\n  height: 12px;\r\n  background-color: #f2f2f2;\r\n}\r\n\r\n.woocommerce .woocommerce-tabs.woocommerce-Tabs-panel--description table::-webkit-scrollbar-thumb {\r\n  background-color: var(--fs-color-secondary);\r\n  border-radius: 6px;\r\n  border: 2px solid #f2f2f2;\r\n}\r\n\r\n.woocommerce .woocommerce-tabs.woocommerce-Tabs-panel--description table::-webkit-scrollbar-thumb:hover {\r\n  background-color: #007f8b;\r\n}\r\n\r\n.woocommerce .woocommerce-tabs .woocommerce-Tabs-panel--description table tbody tr td:last-child {\r\n  background: linear-gradient(to right, rgba(255, 255, 255, 0), rgba(255, 255, 255, 1) 70%);\r\n}\r\n\r\n  \/* F\u00fcge den \">\" Pfeil in der ersten Zelle des Tabellenkopfes ein *\/\r\n  .woocommerce .woocommerce-tabs .woocommerce-Tabs-panel--description table thead td:first-child::after {\r\n    content: '\u2192';\r\n    position: absolute;\r\n    right: -2px;\r\n    top: 50%;\r\n    transform: translateY(-50%);\r\n    font-size: 32px;\r\n    color: var(--fs-color-secondary);\r\n  }\r\n\r\n  \/* F\u00fcge den Hinweistext am Ende der Tabelle ein *\/\r\n  .woocommerce .woocommerce-tabs .woocommerce-Tabs-panel--description table::after {\r\n    content: 'Scroll nach rechts, um mehr zu sehen \u2192';\r\n    display: block;\r\n    text-align: left;\r\n    padding: 10px 0 10px 10px;\r\n    font-size: 15px;\r\n    font-weight: 600;\r\n    text-transform: uppercase;\r\n    color: var(--fs-color-secondary);\r\n    background-color: #f2f2f2;\r\n    position: sticky;\r\n    left: 0;\r\n  }\r\n\r\n}\r\n\r\n<\/style>","protected":false},"excerpt":{"rendered":"<p>Mezcla de hierbas chinas W24 (Tong Xie Yao Fang) seg\u00fan el Dr. Georg med. <a href=\"https:\/\/www.meine-tcm.com\/es\/productos-mtc\/hierbas-tcm\/weidinger\/\">Weidinger<\/a>.<\/p>\n<p><strong>Solicitud de:<\/strong><br \/>\nDolor abdominal tipo calambre, diarrea de esfuerzo, intolerancia alimentaria, inflamaci\u00f3n de todo el tracto gastrointestinal, dolor que mejora despu\u00e9s de defecar.<\/p>\n<p><strong>240 comprimidos<\/strong><\/p>","protected":false},"featured_media":15016,"comment_status":"open","ping_status":"closed","template":"","meta":{"_acf_changed":false},"product_brand":[],"product_cat":[90,91],"product_tag":[124],"class_list":{"0":"post-1231","1":"product","2":"type-product","3":"status-publish","4":"has-post-thumbnail","6":"product_cat-tcm-kraeuter","7":"product_cat-weidinger","8":"product_tag-verdauung","9":"product_shipping_class-tcm-kraeuter","11":"first","12":"instock","13":"taxable","14":"shipping-taxable","15":"purchasable","16":"product-type-simple"},"acf":[],"yoast_head":"<!-- This site is optimized with the Yoast SEO plugin v27.1.1 - https:\/\/yoast.com\/product\/yoast-seo-wordpress\/ -->\n<title>Weidinger W24 \u2014 Entspannter Bauch | Online kaufen<\/title>\n<meta name=\"description\" content=\"W24 Mischung nach Dr. med. Georg Weidinger. F\u00fcr die TCM Rezeptur wurden nur die hochwertigsten Kr\u00e4uter der chinesischen Heilkunde ausgew\u00e4hlt.\" \/>\n<meta name=\"robots\" content=\"index, follow, max-snippet:-1, max-image-preview:large, max-video-preview:-1\" \/>\n<link rel=\"canonical\" href=\"https:\/\/www.meine-tcm.com\/es\/producto\/weidinger-w24-vientre-relajado\/\" \/>\n<meta property=\"og:locale\" content=\"es_ES\" \/>\n<meta property=\"og:type\" content=\"article\" \/>\n<meta property=\"og:title\" content=\"Weidinger W24 \u2014 Entspannter Bauch | Online kaufen\" \/>\n<meta property=\"og:description\" content=\"W24 Mischung nach Dr. med. Georg Weidinger. F\u00fcr die TCM Rezeptur wurden nur die hochwertigsten Kr\u00e4uter der chinesischen Heilkunde ausgew\u00e4hlt.\" \/>\n<meta property=\"og:url\" content=\"https:\/\/www.meine-tcm.com\/es\/producto\/weidinger-w24-vientre-relajado\/\" \/>\n<meta property=\"og:site_name\" content=\"meine TCM | Traditionelle Chinesische Medizin einfach erkl\u00e4rt\" \/>\n<meta property=\"article:modified_time\" content=\"2026-04-03T07:10:11+00:00\" \/>\n<meta property=\"og:image\" content=\"https:\/\/www.meine-tcm.com\/wp-content\/uploads\/2024\/04\/weidinger-w24-entspannter-bauch-240-tabletten.jpg\" \/>\n\t<meta property=\"og:image:width\" content=\"1200\" \/>\n\t<meta property=\"og:image:height\" content=\"1200\" \/>\n\t<meta property=\"og:image:type\" content=\"image\/jpeg\" \/>\n<meta name=\"twitter:card\" content=\"summary_large_image\" \/>\n<meta name=\"twitter:label1\" content=\"Tiempo de lectura\" \/>\n\t<meta name=\"twitter:data1\" content=\"2 minutos\" \/>\n<script type=\"application\/ld+json\" class=\"yoast-schema-graph\">{\"@context\":\"https:\/\/schema.org\",\"@graph\":[{\"@type\":\"WebPage\",\"@id\":\"https:\/\/www.meine-tcm.com\/produkt\/weidinger-w24-entspannter-bauch\/\",\"url\":\"https:\/\/www.meine-tcm.com\/produkt\/weidinger-w24-entspannter-bauch\/\",\"name\":\"Weidinger W24 \u2014 Entspannter Bauch | Online kaufen\",\"isPartOf\":{\"@id\":\"https:\/\/www.meine-tcm.com\/#website\"},\"primaryImageOfPage\":{\"@id\":\"https:\/\/www.meine-tcm.com\/produkt\/weidinger-w24-entspannter-bauch\/#primaryimage\"},\"image\":{\"@id\":\"https:\/\/www.meine-tcm.com\/produkt\/weidinger-w24-entspannter-bauch\/#primaryimage\"},\"thumbnailUrl\":\"https:\/\/www.meine-tcm.com\/wp-content\/uploads\/2024\/04\/weidinger-w24-entspannter-bauch-240-tabletten.jpg\",\"datePublished\":\"2020-09-11T14:05:55+00:00\",\"dateModified\":\"2026-04-03T07:10:11+00:00\",\"description\":\"W24 Mischung nach Dr. med. Georg Weidinger. F\u00fcr die TCM Rezeptur wurden nur die hochwertigsten Kr\u00e4uter der chinesischen Heilkunde ausgew\u00e4hlt.\",\"breadcrumb\":{\"@id\":\"https:\/\/www.meine-tcm.com\/produkt\/weidinger-w24-entspannter-bauch\/#breadcrumb\"},\"inLanguage\":\"es\",\"potentialAction\":[{\"@type\":\"ReadAction\",\"target\":[\"https:\/\/www.meine-tcm.com\/produkt\/weidinger-w24-entspannter-bauch\/\"]}]},{\"@type\":\"ImageObject\",\"inLanguage\":\"es\",\"@id\":\"https:\/\/www.meine-tcm.com\/produkt\/weidinger-w24-entspannter-bauch\/#primaryimage\",\"url\":\"https:\/\/www.meine-tcm.com\/wp-content\/uploads\/2024\/04\/weidinger-w24-entspannter-bauch-240-tabletten.jpg\",\"contentUrl\":\"https:\/\/www.meine-tcm.com\/wp-content\/uploads\/2024\/04\/weidinger-w24-entspannter-bauch-240-tabletten.jpg\",\"width\":1200,\"height\":1200,\"caption\":\"TCM Kr\u00e4utermischung W24 \u2014 Entspannter Bauch von Dr. Weidinger\"},{\"@type\":\"BreadcrumbList\",\"@id\":\"https:\/\/www.meine-tcm.com\/produkt\/weidinger-w24-entspannter-bauch\/#breadcrumb\",\"itemListElement\":[{\"@type\":\"ListItem\",\"position\":1,\"name\":\"Home\",\"item\":\"https:\/\/www.meine-tcm.com\/\"},{\"@type\":\"ListItem\",\"position\":2,\"name\":\"Shop\",\"item\":\"https:\/\/www.meine-tcm.com\/shop\/\"},{\"@type\":\"ListItem\",\"position\":3,\"name\":\"TCM Kr\u00e4uter\",\"item\":\"https:\/\/www.meine-tcm.com\/produkte\/tcm-kraeuter\/\"},{\"@type\":\"ListItem\",\"position\":4,\"name\":\"Weidinger\",\"item\":\"https:\/\/www.meine-tcm.com\/produkte\/tcm-kraeuter\/weidinger\/\"},{\"@type\":\"ListItem\",\"position\":5,\"name\":\"Weidinger W24 \u2014 Entspannter Bauch\"}]},{\"@type\":\"WebSite\",\"@id\":\"https:\/\/www.meine-tcm.com\/#website\",\"url\":\"https:\/\/www.meine-tcm.com\/\",\"name\":\"meine TCM | Traditionelle Chinesische Medizin einfach erkl\u00e4rt\",\"description\":\"Einfach gesund bleiben\",\"publisher\":{\"@id\":\"https:\/\/www.meine-tcm.com\/#organization\"},\"potentialAction\":[{\"@type\":\"SearchAction\",\"target\":{\"@type\":\"EntryPoint\",\"urlTemplate\":\"https:\/\/www.meine-tcm.com\/?s={search_term_string}\"},\"query-input\":{\"@type\":\"PropertyValueSpecification\",\"valueRequired\":true,\"valueName\":\"search_term_string\"}}],\"inLanguage\":\"es\"},{\"@type\":\"Organization\",\"@id\":\"https:\/\/www.meine-tcm.com\/#organization\",\"name\":\"meine-TCM.com \u2014 Traditionelle chinesische Medizin einfach erkl\u00e4rt\",\"url\":\"https:\/\/www.meine-tcm.com\/\",\"logo\":{\"@type\":\"ImageObject\",\"inLanguage\":\"es\",\"@id\":\"https:\/\/www.meine-tcm.com\/#\/schema\/logo\/image\/\",\"url\":\"https:\/\/www.meine-tcm.com\/wp-content\/uploads\/2022\/08\/meine-tcm-traditionelle-chinesische-medizin-einfach-erklaert.png\",\"contentUrl\":\"https:\/\/www.meine-tcm.com\/wp-content\/uploads\/2022\/08\/meine-tcm-traditionelle-chinesische-medizin-einfach-erklaert.png\",\"width\":559,\"height\":479,\"caption\":\"meine-TCM.com \u2014 Traditionelle chinesische Medizin einfach erkl\u00e4rt\"},\"image\":{\"@id\":\"https:\/\/www.meine-tcm.com\/#\/schema\/logo\/image\/\"},\"sameAs\":[\"https:\/\/www.instagram.com\/meinetcm\/\",\"https:\/\/www.youtube.com\/@EinfachbesserLeben\"]}]}<\/script>\n<!-- \/ Yoast SEO plugin. -->","yoast_head_json":{"title":"Weidinger W24 - Vientre relajado | Comprar online","description":"Mezcla W24 seg\u00fan el Dr. Georg Weidinger. Para la receta de MTC s\u00f3lo se seleccionaron hierbas de la m\u00e1s alta calidad de la medicina china.","robots":{"index":"index","follow":"follow","max-snippet":"max-snippet:-1","max-image-preview":"max-image-preview:large","max-video-preview":"max-video-preview:-1"},"canonical":"https:\/\/www.meine-tcm.com\/es\/producto\/weidinger-w24-vientre-relajado\/","og_locale":"es_ES","og_type":"article","og_title":"Weidinger W24 \u2014 Entspannter Bauch | Online kaufen","og_description":"W24 Mischung nach Dr. med. Georg Weidinger. F\u00fcr die TCM Rezeptur wurden nur die hochwertigsten Kr\u00e4uter der chinesischen Heilkunde ausgew\u00e4hlt.","og_url":"https:\/\/www.meine-tcm.com\/es\/producto\/weidinger-w24-vientre-relajado\/","og_site_name":"meine TCM | Traditionelle Chinesische Medizin einfach erkl\u00e4rt","article_modified_time":"2026-04-03T07:10:11+00:00","og_image":[{"width":1200,"height":1200,"url":"https:\/\/www.meine-tcm.com\/wp-content\/uploads\/2024\/04\/weidinger-w24-entspannter-bauch-240-tabletten.jpg","type":"image\/jpeg"}],"twitter_card":"summary_large_image","twitter_misc":{"Tiempo de lectura":"2 minutos"},"schema":{"@context":"https:\/\/schema.org","@graph":[{"@type":"WebPage","@id":"https:\/\/www.meine-tcm.com\/produkt\/weidinger-w24-entspannter-bauch\/","url":"https:\/\/www.meine-tcm.com\/produkt\/weidinger-w24-entspannter-bauch\/","name":"Weidinger W24 - Vientre relajado | Comprar online","isPartOf":{"@id":"https:\/\/www.meine-tcm.com\/#website"},"primaryImageOfPage":{"@id":"https:\/\/www.meine-tcm.com\/produkt\/weidinger-w24-entspannter-bauch\/#primaryimage"},"image":{"@id":"https:\/\/www.meine-tcm.com\/produkt\/weidinger-w24-entspannter-bauch\/#primaryimage"},"thumbnailUrl":"https:\/\/www.meine-tcm.com\/wp-content\/uploads\/2024\/04\/weidinger-w24-entspannter-bauch-240-tabletten.jpg","datePublished":"2020-09-11T14:05:55+00:00","dateModified":"2026-04-03T07:10:11+00:00","description":"Mezcla W24 seg\u00fan el Dr. Georg Weidinger. Para la receta de MTC s\u00f3lo se seleccionaron hierbas de la m\u00e1s alta calidad de la medicina china.","breadcrumb":{"@id":"https:\/\/www.meine-tcm.com\/produkt\/weidinger-w24-entspannter-bauch\/#breadcrumb"},"inLanguage":"es","potentialAction":[{"@type":"ReadAction","target":["https:\/\/www.meine-tcm.com\/produkt\/weidinger-w24-entspannter-bauch\/"]}]},{"@type":"ImageObject","inLanguage":"es","@id":"https:\/\/www.meine-tcm.com\/produkt\/weidinger-w24-entspannter-bauch\/#primaryimage","url":"https:\/\/www.meine-tcm.com\/wp-content\/uploads\/2024\/04\/weidinger-w24-entspannter-bauch-240-tabletten.jpg","contentUrl":"https:\/\/www.meine-tcm.com\/wp-content\/uploads\/2024\/04\/weidinger-w24-entspannter-bauch-240-tabletten.jpg","width":1200,"height":1200,"caption":"TCM Kr\u00e4utermischung W24 \u2014 Entspannter Bauch von Dr. Weidinger"},{"@type":"BreadcrumbList","@id":"https:\/\/www.meine-tcm.com\/produkt\/weidinger-w24-entspannter-bauch\/#breadcrumb","itemListElement":[{"@type":"ListItem","position":1,"name":"Home","item":"https:\/\/www.meine-tcm.com\/"},{"@type":"ListItem","position":2,"name":"Shop","item":"https:\/\/www.meine-tcm.com\/shop\/"},{"@type":"ListItem","position":3,"name":"TCM Kr\u00e4uter","item":"https:\/\/www.meine-tcm.com\/produkte\/tcm-kraeuter\/"},{"@type":"ListItem","position":4,"name":"Weidinger","item":"https:\/\/www.meine-tcm.com\/produkte\/tcm-kraeuter\/weidinger\/"},{"@type":"ListItem","position":5,"name":"Weidinger W24 \u2014 Entspannter Bauch"}]},{"@type":"WebSite","@id":"https:\/\/www.meine-tcm.com\/#website","url":"https:\/\/www.meine-tcm.com\/","name":"mi MTC | Medicina Tradicional China explicada de forma sencilla","description":"Mant\u00e9ngase sano","publisher":{"@id":"https:\/\/www.meine-tcm.com\/#organization"},"potentialAction":[{"@type":"SearchAction","target":{"@type":"EntryPoint","urlTemplate":"https:\/\/www.meine-tcm.com\/?s={search_term_string}"},"query-input":{"@type":"PropertyValueSpecification","valueRequired":true,"valueName":"search_term_string"}}],"inLanguage":"es"},{"@type":"Organization","@id":"https:\/\/www.meine-tcm.com\/#organization","name":"meine-TCM.com - La Medicina Tradicional China explicada de forma sencilla","url":"https:\/\/www.meine-tcm.com\/","logo":{"@type":"ImageObject","inLanguage":"es","@id":"https:\/\/www.meine-tcm.com\/#\/schema\/logo\/image\/","url":"https:\/\/www.meine-tcm.com\/wp-content\/uploads\/2022\/08\/meine-tcm-traditionelle-chinesische-medizin-einfach-erklaert.png","contentUrl":"https:\/\/www.meine-tcm.com\/wp-content\/uploads\/2022\/08\/meine-tcm-traditionelle-chinesische-medizin-einfach-erklaert.png","width":559,"height":479,"caption":"meine-TCM.com \u2014 Traditionelle chinesische Medizin einfach erkl\u00e4rt"},"image":{"@id":"https:\/\/www.meine-tcm.com\/#\/schema\/logo\/image\/"},"sameAs":["https:\/\/www.instagram.com\/meinetcm\/","https:\/\/www.youtube.com\/@EinfachbesserLeben"]}]}},"wps_subtitle":"TCM Kr\u00e4utermischung","_links":{"self":[{"href":"https:\/\/www.meine-tcm.com\/es\/wp-json\/wp\/v2\/product\/1231","targetHints":{"allow":["GET"]}}],"collection":[{"href":"https:\/\/www.meine-tcm.com\/es\/wp-json\/wp\/v2\/product"}],"about":[{"href":"https:\/\/www.meine-tcm.com\/es\/wp-json\/wp\/v2\/types\/product"}],"replies":[{"embeddable":true,"href":"https:\/\/www.meine-tcm.com\/es\/wp-json\/wp\/v2\/comments?post=1231"}],"wp:featuredmedia":[{"embeddable":true,"href":"https:\/\/www.meine-tcm.com\/es\/wp-json\/wp\/v2\/media\/15016"}],"wp:attachment":[{"href":"https:\/\/www.meine-tcm.com\/es\/wp-json\/wp\/v2\/media?parent=1231"}],"wp:term":[{"taxonomy":"product_brand","embeddable":true,"href":"https:\/\/www.meine-tcm.com\/es\/wp-json\/wp\/v2\/product_brand?post=1231"},{"taxonomy":"product_cat","embeddable":true,"href":"https:\/\/www.meine-tcm.com\/es\/wp-json\/wp\/v2\/product_cat?post=1231"},{"taxonomy":"product_tag","embeddable":true,"href":"https:\/\/www.meine-tcm.com\/es\/wp-json\/wp\/v2\/product_tag?post=1231"}],"curies":[{"name":"wp","href":"https:\/\/api.w.org\/{rel}","templated":true}]}}