{"id":73,"date":"2015-11-19T10:40:52","date_gmt":"2015-11-19T09:40:52","guid":{"rendered":"http:\/\/flatsome.dev\/cart\/"},"modified":"2025-06-24T14:56:36","modified_gmt":"2025-06-24T12:56:36","slug":"cesta-de-la-compra","status":"publish","type":"page","link":"https:\/\/www.meine-tcm.com\/es\/cesta-de-la-compra\/","title":{"rendered":"Cesta de la compra"},"content":{"rendered":"<p class=\"kaufinfo\"><span class=\"checkmark green\">\u2713<\/span> <strong>Cancelaci\u00f3n gratuita<\/strong> en un plazo de 14 d\u00edas.<br><span class=\"checkmark green\">\u2713<\/span> <strong>Sin tarjeta de cr\u00e9dito<\/strong> necesario.<\/p>\n\n<h1 class=\"wp-block-heading\">Su cesta de la compra<\/h1>\n\n\n\n<div style=\"height:40px\" aria-hidden=\"true\" class=\"wp-block-spacer spacer40\"><\/div>\n\n\n\n\n\n\n\n<style>\n.woocommerce {\n    max-width: 1200px;\n    margin: auto;\n}\n\n.kaufinfo {\n  max-width: 1140px;\n  margin: 40px auto 0;\n}\np .checkmark.green {\n    color: #00b400;\n    font-size: 24px;\n}\n\n.page-title-inner .flex-col.medium-text-center:last-child {\n    max-width: 100%!important;\n    text-align: right;\n    position: relative;\n    top: -30px;\n    font-size: 16px;\n}\n\nh1 {\n    padding: 0.2em!important;\n    text-align: center;\n}\n\n.cart_totals th.product-name {\n    border-width: 0 0 2px 0!important;\n    border-bottom: 2px solid #000A0D;\n}\n\np.return-to-shop {\n    padding-top: 20px;\n}\n\n@media only screen and (max-width: 1200px) {\n\n.row-large>.col {\n    min-width: 90%;\n    margin: auto;\n}\n\n}\n\n@media only screen and (max-width: 950px) {\n.breadcrumbs {\n    font-size: 15px;\n}\n\n.page-wrapper {\n    padding-top: 0;\n}\n}\n\n@media only screen and (max-width: 849px) {\nmain#main {\n    padding: 0 10px;\n}\n}\n\n<\/style>","protected":false},"excerpt":{"rendered":"<p>\u2713 Cancelaci\u00f3n gratuita en un plazo de 14 d\u00edas.\u2713 No es necesario tener tarjeta de cr\u00e9dito. Tu cesta de la compra<\/p>","protected":false},"author":1,"featured_media":0,"parent":0,"menu_order":0,"comment_status":"closed","ping_status":"closed","template":"page-blank.php","meta":{"_acf_changed":false,"footnotes":""},"class_list":["post-73","page","type-page","status-publish","hentry"],"acf":[],"yoast_head":"<!-- This site is optimized with the Yoast SEO plugin v27.1.1 - https:\/\/yoast.com\/product\/yoast-seo-wordpress\/ -->\n<title>Dein Warenkorb bei meine-TCM.com<\/title>\n<meta name=\"description\" content=\"Warenkorb Seite f\u00fcr den Online Shop von meine-TCM.com. Bei uns bekommst du viele TCM Kr\u00e4utermischungen, Qi Gong Kurse und noch einiges mehr.\" \/>\n<meta name=\"robots\" content=\"noindex, follow\" \/>\n<meta property=\"og:locale\" content=\"es_ES\" \/>\n<meta property=\"og:type\" content=\"article\" \/>\n<meta property=\"og:title\" content=\"Dein Warenkorb bei meine-TCM.com\" \/>\n<meta property=\"og:description\" content=\"Warenkorb Seite f\u00fcr den Online Shop von meine-TCM.com. Bei uns bekommst du viele TCM Kr\u00e4utermischungen, Qi Gong Kurse und noch einiges mehr.\" \/>\n<meta property=\"og:url\" content=\"https:\/\/www.meine-tcm.com\/es\/cesta-de-la-compra\/\" \/>\n<meta property=\"og:site_name\" content=\"meine TCM | Traditionelle Chinesische Medizin einfach erkl\u00e4rt\" \/>\n<meta property=\"article:modified_time\" content=\"2025-06-24T12:56:36+00:00\" \/>\n<meta name=\"twitter:card\" content=\"summary_large_image\" \/>\n<meta name=\"twitter:label1\" content=\"Tiempo de lectura\" \/>\n\t<meta name=\"twitter:data1\" content=\"1 minuto\" \/>\n<script type=\"application\/ld+json\" class=\"yoast-schema-graph\">{\"@context\":\"https:\/\/schema.org\",\"@graph\":[{\"@type\":\"WebPage\",\"@id\":\"https:\/\/www.meine-tcm.com\/warenkorb\/\",\"url\":\"https:\/\/www.meine-tcm.com\/warenkorb\/\",\"name\":\"Dein Warenkorb bei meine-TCM.com\",\"isPartOf\":{\"@id\":\"https:\/\/www.meine-tcm.com\/#website\"},\"datePublished\":\"2015-11-19T09:40:52+00:00\",\"dateModified\":\"2025-06-24T12:56:36+00:00\",\"description\":\"Warenkorb Seite f\u00fcr den Online Shop von meine-TCM.com. Bei uns bekommst du viele TCM Kr\u00e4utermischungen, Qi Gong Kurse und noch einiges mehr.\",\"breadcrumb\":{\"@id\":\"https:\/\/www.meine-tcm.com\/warenkorb\/#breadcrumb\"},\"inLanguage\":\"es\",\"potentialAction\":[{\"@type\":\"ReadAction\",\"target\":[\"https:\/\/www.meine-tcm.com\/warenkorb\/\"]}]},{\"@type\":\"BreadcrumbList\",\"@id\":\"https:\/\/www.meine-tcm.com\/warenkorb\/#breadcrumb\",\"itemListElement\":[{\"@type\":\"ListItem\",\"position\":1,\"name\":\"Home\",\"item\":\"https:\/\/www.meine-tcm.com\/\"},{\"@type\":\"ListItem\",\"position\":2,\"name\":\"Warenkorb\"}]},{\"@type\":\"WebSite\",\"@id\":\"https:\/\/www.meine-tcm.com\/#website\",\"url\":\"https:\/\/www.meine-tcm.com\/\",\"name\":\"meine TCM | Traditionelle Chinesische Medizin einfach erkl\u00e4rt\",\"description\":\"Einfach gesund bleiben\",\"publisher\":{\"@id\":\"https:\/\/www.meine-tcm.com\/#organization\"},\"potentialAction\":[{\"@type\":\"SearchAction\",\"target\":{\"@type\":\"EntryPoint\",\"urlTemplate\":\"https:\/\/www.meine-tcm.com\/?s={search_term_string}\"},\"query-input\":{\"@type\":\"PropertyValueSpecification\",\"valueRequired\":true,\"valueName\":\"search_term_string\"}}],\"inLanguage\":\"es\"},{\"@type\":\"Organization\",\"@id\":\"https:\/\/www.meine-tcm.com\/#organization\",\"name\":\"meine-TCM.com \u2014 Traditionelle chinesische Medizin einfach erkl\u00e4rt\",\"url\":\"https:\/\/www.meine-tcm.com\/\",\"logo\":{\"@type\":\"ImageObject\",\"inLanguage\":\"es\",\"@id\":\"https:\/\/www.meine-tcm.com\/#\/schema\/logo\/image\/\",\"url\":\"https:\/\/www.meine-tcm.com\/wp-content\/uploads\/2022\/08\/meine-tcm-traditionelle-chinesische-medizin-einfach-erklaert.png\",\"contentUrl\":\"https:\/\/www.meine-tcm.com\/wp-content\/uploads\/2022\/08\/meine-tcm-traditionelle-chinesische-medizin-einfach-erklaert.png\",\"width\":559,\"height\":479,\"caption\":\"meine-TCM.com \u2014 Traditionelle chinesische Medizin einfach erkl\u00e4rt\"},\"image\":{\"@id\":\"https:\/\/www.meine-tcm.com\/#\/schema\/logo\/image\/\"},\"sameAs\":[\"https:\/\/www.instagram.com\/meinetcm\/\",\"https:\/\/www.youtube.com\/@EinfachbesserLeben\"]}]}<\/script>\n<!-- \/ Yoast SEO plugin. -->","yoast_head_json":{"title":"Su cesta de la compra en my-TCM.com","description":"P\u00e1gina de la cesta de la compra para la tienda en l\u00ednea de meine-TCM.com. Aqu\u00ed usted puede conseguir muchas mezclas de hierbas TCM, cursos de Qi Gong y mucho m\u00e1s.","robots":{"index":"noindex","follow":"follow"},"og_locale":"es_ES","og_type":"article","og_title":"Dein Warenkorb bei meine-TCM.com","og_description":"Warenkorb Seite f\u00fcr den Online Shop von meine-TCM.com. Bei uns bekommst du viele TCM Kr\u00e4utermischungen, Qi Gong Kurse und noch einiges mehr.","og_url":"https:\/\/www.meine-tcm.com\/es\/cesta-de-la-compra\/","og_site_name":"meine TCM | Traditionelle Chinesische Medizin einfach erkl\u00e4rt","article_modified_time":"2025-06-24T12:56:36+00:00","twitter_card":"summary_large_image","twitter_misc":{"Tiempo de lectura":"1 minuto"},"schema":{"@context":"https:\/\/schema.org","@graph":[{"@type":"WebPage","@id":"https:\/\/www.meine-tcm.com\/warenkorb\/","url":"https:\/\/www.meine-tcm.com\/warenkorb\/","name":"Su cesta de la compra en my-TCM.com","isPartOf":{"@id":"https:\/\/www.meine-tcm.com\/#website"},"datePublished":"2015-11-19T09:40:52+00:00","dateModified":"2025-06-24T12:56:36+00:00","description":"P\u00e1gina de la cesta de la compra para la tienda en l\u00ednea de meine-TCM.com. Aqu\u00ed usted puede conseguir muchas mezclas de hierbas TCM, cursos de Qi Gong y mucho m\u00e1s.","breadcrumb":{"@id":"https:\/\/www.meine-tcm.com\/warenkorb\/#breadcrumb"},"inLanguage":"es","potentialAction":[{"@type":"ReadAction","target":["https:\/\/www.meine-tcm.com\/warenkorb\/"]}]},{"@type":"BreadcrumbList","@id":"https:\/\/www.meine-tcm.com\/warenkorb\/#breadcrumb","itemListElement":[{"@type":"ListItem","position":1,"name":"Home","item":"https:\/\/www.meine-tcm.com\/"},{"@type":"ListItem","position":2,"name":"Warenkorb"}]},{"@type":"WebSite","@id":"https:\/\/www.meine-tcm.com\/#website","url":"https:\/\/www.meine-tcm.com\/","name":"mi MTC | Medicina Tradicional China explicada de forma sencilla","description":"Mant\u00e9ngase sano","publisher":{"@id":"https:\/\/www.meine-tcm.com\/#organization"},"potentialAction":[{"@type":"SearchAction","target":{"@type":"EntryPoint","urlTemplate":"https:\/\/www.meine-tcm.com\/?s={search_term_string}"},"query-input":{"@type":"PropertyValueSpecification","valueRequired":true,"valueName":"search_term_string"}}],"inLanguage":"es"},{"@type":"Organization","@id":"https:\/\/www.meine-tcm.com\/#organization","name":"meine-TCM.com - La Medicina Tradicional China explicada de forma sencilla","url":"https:\/\/www.meine-tcm.com\/","logo":{"@type":"ImageObject","inLanguage":"es","@id":"https:\/\/www.meine-tcm.com\/#\/schema\/logo\/image\/","url":"https:\/\/www.meine-tcm.com\/wp-content\/uploads\/2022\/08\/meine-tcm-traditionelle-chinesische-medizin-einfach-erklaert.png","contentUrl":"https:\/\/www.meine-tcm.com\/wp-content\/uploads\/2022\/08\/meine-tcm-traditionelle-chinesische-medizin-einfach-erklaert.png","width":559,"height":479,"caption":"meine-TCM.com \u2014 Traditionelle chinesische Medizin einfach erkl\u00e4rt"},"image":{"@id":"https:\/\/www.meine-tcm.com\/#\/schema\/logo\/image\/"},"sameAs":["https:\/\/www.instagram.com\/meinetcm\/","https:\/\/www.youtube.com\/@EinfachbesserLeben"]}]}},"wps_subtitle":"","_links":{"self":[{"href":"https:\/\/www.meine-tcm.com\/es\/wp-json\/wp\/v2\/pages\/73","targetHints":{"allow":["GET"]}}],"collection":[{"href":"https:\/\/www.meine-tcm.com\/es\/wp-json\/wp\/v2\/pages"}],"about":[{"href":"https:\/\/www.meine-tcm.com\/es\/wp-json\/wp\/v2\/types\/page"}],"author":[{"embeddable":true,"href":"https:\/\/www.meine-tcm.com\/es\/wp-json\/wp\/v2\/users\/1"}],"replies":[{"embeddable":true,"href":"https:\/\/www.meine-tcm.com\/es\/wp-json\/wp\/v2\/comments?post=73"}],"version-history":[{"count":0,"href":"https:\/\/www.meine-tcm.com\/es\/wp-json\/wp\/v2\/pages\/73\/revisions"}],"wp:attachment":[{"href":"https:\/\/www.meine-tcm.com\/es\/wp-json\/wp\/v2\/media?parent=73"}],"curies":[{"name":"wp","href":"https:\/\/api.w.org\/{rel}","templated":true}]}}