{"id":6677,"date":"2022-06-07T14:31:21","date_gmt":"2022-06-07T12:31:21","guid":{"rendered":"https:\/\/www.meine-tcm.com\/echtheit-von-bewertungen\/"},"modified":"2022-07-24T02:00:58","modified_gmt":"2022-07-24T00:00:58","slug":"autenticidad-de-las-calificaciones","status":"publish","type":"page","link":"https:\/\/www.meine-tcm.com\/es\/autenticidad-de-las-calificaciones\/","title":{"rendered":"Autenticidad de las calificaciones"},"content":{"rendered":"<section class=\"section h1-h3\" id=\"section_228257809\">\n\t\t<div class=\"section-bg fill\" >\n\t\t\t\t\t\t\t\t\t\n\t\t\t\n\n\t\t<\/div>\n\n\t\t\n\n\t\t<div class=\"section-content relative\">\n\t\t\t\n\n<div class=\"row row-collapse align-center\"  id=\"row-1250320694\">\n\n\n\t<div id=\"col-954547166\" class=\"col small-12 large-12\"  >\n\t\t\t\t<div class=\"col-inner text-center\"  >\n\t\t\t\n\t\t\t\n\n<h1>Valoraciones sobre<br \/>mi-tcm.com<\/h1>\n<h3 class=\"width-h1\">...y la autenticidad de nuestras valoraciones<\/h3>\n\n\t\t<\/div>\n\t\t\t\t\n<style>\n#col-954547166 > .col-inner {\n  max-width: 960px;\n}\n<\/style>\n\t<\/div>\n\n\t\n\n<\/div>\n\n\t\t<\/div>\n\n\t\t\n<style>\n#section_228257809 {\n  padding-top: 0px;\n  padding-bottom: 0px;\n}\n<\/style>\n\t<\/section>\n\t\n\t<div id=\"gap-580676333\" class=\"gap-element clearfix\" style=\"display:block; height:auto;\">\n\t\t\n<style>\n#gap-580676333 {\n  padding-top: 40px;\n}\n<\/style>\n\t<\/div>\n\t\n\n\n\t<section class=\"section main-teaser\" id=\"section_1418808282\">\n\t\t<div class=\"section-bg fill\" >\n\t\t\t\t\t\t\t\t\t\n\t\t\t\n\n\t\t<\/div>\n\n\t\t\n\n\t\t<div class=\"section-content relative\">\n\t\t\t\n\n<div class=\"row row-collapse align-center\"  id=\"row-1927136758\">\n\n\n\t<div id=\"col-698883133\" class=\"col small-12 large-12\"  >\n\t\t\t\t<div class=\"col-inner text-center\"  >\n\t\t\t\n\t\t\t\n\n<p class=\"teaser\">El intento de persuadir a los clientes para que realicen una compra con \"rese\u00f1as fraudulentas\" es casi tan antiguo como amazon.<\/p>\n<p class=\"teaser\">A partir del 28 de mayo de 2022 se aplicar\u00e1 en Alemania una nueva obligaci\u00f3n de informaci\u00f3n para evitar que los clientes sean enga\u00f1ados por opiniones falsas, escritas por ellos mismos o compradas. Las tiendas online que muestren rese\u00f1as de productos deber\u00e1n explicar exactamente c\u00f3mo se aseguran de que no son falsas. Y eso es exactamente lo que intentamos hacer en esta p\u00e1gina.<\/p>\n\n\n\t\t<\/div>\n\t\t\t\t\n<style>\n#col-698883133 > .col-inner {\n  max-width: 800px;\n}\n<\/style>\n\t<\/div>\n\n\t\n\n<\/div>\n\n\t\t<\/div>\n\n\t\t\n<style>\n#section_1418808282 {\n  padding-top: 0px;\n  padding-bottom: 0px;\n}\n<\/style>\n\t<\/section>\n\t\n\t<div id=\"gap-1436285771\" class=\"gap-element clearfix\" style=\"display:block; height:auto;\">\n\t\t\n<style>\n#gap-1436285771 {\n  padding-top: 40px;\n}\n<\/style>\n\t<\/div>\n\t\n\n\n\t<section class=\"section one-image\" id=\"section_1350183657\">\n\t\t<div class=\"section-bg fill\" >\n\t\t\t\t\t\t\t\t\t\n\t\t\t\n\n\t\t<\/div>\n\n\t\t\n\n\t\t<div class=\"section-content relative\">\n\t\t\t\n\n<div class=\"row row-collapse align-center\"  id=\"row-1658909965\">\n\n\n\t<div id=\"col-638012597\" class=\"col small-12 large-12\"  >\n\t\t\t\t<div class=\"col-inner text-center\"  >\n\t\t\t\n\t\t\t\n\n\n  <div class=\"banner has-hover rounded-corner has-parallax\" id=\"banner-857368037\">\n          <div class=\"banner-inner fill\">\n        <div class=\"banner-bg fill\" data-parallax=\"-1\" data-parallax-container=\".banner\" data-parallax-background>\n            <img loading=\"lazy\" decoding=\"async\" width=\"920\" height=\"728\" src=\"https:\/\/www.meine-tcm.com\/wp-content\/uploads\/2020\/09\/die-5-elemente-ernaehrung.jpg\" class=\"bg attachment-large size-large\" alt=\"Varios platos con fruta, desde arriba\" title=\"Nutrici\u00f3n seg\u00fan los 5 elementos de la MTC\" \/>                                    \n                    <\/div>\n\t\t\n        <div class=\"banner-layers container\">\n            <div class=\"fill banner-link\"><\/div>            \n\n   <div id=\"text-box-1619033417\" class=\"text-box banner-layer hidden x50 md-x50 lg-x50 y50 md-y50 lg-y50 res-text\">\n                                <div class=\"text-box-content text dark\">\n              \n              <div class=\"text-inner text-center\">\n                  \n\n<h3 class=\"uppercase\"><strong>Se trata de una pancarta sencilla<\/strong><\/h3>\n<p>Lorem ipsum dolor sit amet, consectetuer adipiscing elit, sed diam nonummy nibh euismod tincidunt ut laoreet dolore magna aliquam erat volutpat.<\/p>\n\n              <\/div>\n           <\/div>\n                            \n<style>\n#text-box-1619033417 {\n  width: 60%;\n}\n#text-box-1619033417 .text-box-content {\n  font-size: 100%;\n}\n<\/style>\n    <\/div>\n \n\n        <\/div>\n      <\/div>\n\n            \n<style>\n#banner-857368037 {\n  padding-top: 286px;\n}\n<\/style>\n  <\/div>\n\n\n<p class=\"caption\">Opiniones sobre my-TCM.com<\/p>\n\n\t\t<\/div>\n\t\t\t\t\n<style>\n#col-638012597 > .col-inner {\n  max-width: 960px;\n}\n<\/style>\n\t<\/div>\n\n\t\n\n<\/div>\n\n\t\t<\/div>\n\n\t\t\n<style>\n#section_1350183657 {\n  padding-top: 0px;\n  padding-bottom: 0px;\n}\n<\/style>\n\t<\/section>\n\t\n\t<div id=\"gap-84284187\" class=\"gap-element clearfix\" style=\"display:block; height:auto;\">\n\t\t\n<style>\n#gap-84284187 {\n  padding-top: 60px;\n}\n<\/style>\n\t<\/div>\n\t\n\n\n\t<section class=\"section text\" id=\"section_793383779\">\n\t\t<div class=\"section-bg fill\" >\n\t\t\t\t\t\t\t\t\t\n\t\t\t\n\n\t\t<\/div>\n\n\t\t\n\n\t\t<div class=\"section-content relative\">\n\t\t\t\n\n<div class=\"row row-collapse align-center\"  id=\"row-140901963\">\n\n\n\t<div id=\"col-1383016672\" class=\"col small-12 large-12\"  >\n\t\t\t\t<div class=\"col-inner text-left\"  >\n\t\t\t\n\t\t\t\n\n<p>Utilizamos el servicio en l\u00ednea de pago para nuestras rese\u00f1as de productos:<br \/><strong>CUSREV - Opiniones de clientes<\/strong><br \/><a href=\"https:\/\/www.cusrev.com\/de\" target=\"_blank\" rel=\"noreferrer noopener\">www.cusrev.com\/de<\/a><\/p>\n<p>Los compradores de nuestros productos pueden elegir durante el proceso de pedido si est\u00e1n dispuestos a proporcionar una rese\u00f1a del producto adquirido.<\/p>\n<p>S\u00f3lo los clientes que den su consentimiento recibir\u00e1n un correo electr\u00f3nico 10 d\u00edas despu\u00e9s de realizar el pedido en el que se les pedir\u00e1 que valoren el producto que han comprado.<\/p>\n<p>El correo electr\u00f3nico contiene un enlace a la p\u00e1gina de inicio de CUSREV. All\u00ed se puede enviar la rese\u00f1a del producto adquirido.<\/p>\n<p>Los clientes pueden elegir entre un smiley y 5 smileys:<br \/>1 smiley significa: \"Estoy completamente insatisfecho\",<br \/>5 smileys significa \"estoy completamente satisfecho\".<\/p>\n<p><strong>Este es el aspecto del formulario de evaluaci\u00f3n:<\/strong><\/p>\n\n\t\t<\/div>\n\t\t\t\t\n<style>\n#col-1383016672 > .col-inner {\n  max-width: 800px;\n}\n<\/style>\n\t<\/div>\n\n\t\n\n<\/div>\n\n\t\t<\/div>\n\n\t\t\n<style>\n#section_793383779 {\n  padding-top: 0px;\n  padding-bottom: 0px;\n}\n<\/style>\n\t<\/section>\n\t\n\n\t<section class=\"section\" id=\"section_999340245\">\n\t\t<div class=\"section-bg fill\" >\n\t\t\t\t\t\t\t\t\t\n\t\t\t\n\n\t\t<\/div>\n\n\t\t\n\n\t\t<div class=\"section-content relative\">\n\t\t\t\n\n<div class=\"row\"  id=\"row-162813937\">\n\n\n\t<div id=\"col-2678532\" class=\"col medium-3 small-12 large-3\"  >\n\t\t\t\t<div class=\"col-inner\"  >\n\t\t\t\n\t\t\t\n\n\n\t\t<\/div>\n\t\t\t\t\t<\/div>\n\n\t\n\n\t<div id=\"col-1244295907\" class=\"col medium-6 small-12 large-6\"  >\n\t\t\t\t<div class=\"col-inner\"  >\n\t\t\t\n\t\t\t\n\n\t<div class=\"img has-hover x md-x lg-x y md-y lg-y\" id=\"image_1411112007\">\n\t\t\t\t\t\t\t\t<div class=\"img-inner dark\" >\n\t\t\t<img loading=\"lazy\" decoding=\"async\" width=\"530\" height=\"312\" src=\"https:\/\/www.meine-tcm.com\/wp-content\/uploads\/2022\/07\/pilatesclub-bewertungsformular-cusrev.png\" class=\"attachment-large size-large\" alt=\"Formulario de evaluaci\u00f3n del CUSREV\" srcset=\"https:\/\/www.meine-tcm.com\/wp-content\/uploads\/2022\/07\/pilatesclub-bewertungsformular-cusrev.png 530w, https:\/\/www.meine-tcm.com\/wp-content\/uploads\/2022\/07\/pilatesclub-bewertungsformular-cusrev-510x300.png 510w\" sizes=\"auto, (max-width: 530px) 100vw, 530px\" title=\"Formulario de evaluaci\u00f3n del CUSREV\" \/>\t\t\t\t\t\t\n\t\t\t\t\t<\/div>\n\t\t\t\t\t\t\t\t\n<style>\n#image_1411112007 {\n  width: 100%;\n}\n<\/style>\n\t<\/div>\n\t\n\n<p class=\"caption\">Formulario de evaluaci\u00f3n del producto CUSREV<\/p>\n\n\t\t<\/div>\n\t\t\t\t\t<\/div>\n\n\t\n\n\t<div id=\"col-247644697\" class=\"col medium-3 small-12 large-3\"  >\n\t\t\t\t<div class=\"col-inner\"  >\n\t\t\t\n\t\t\t\n\n\n\t\t<\/div>\n\t\t\t\t\t<\/div>\n\n\t\n\n<\/div>\n\n\t\t<\/div>\n\n\t\t\n<style>\n#section_999340245 {\n  padding-top: 30px;\n  padding-bottom: 30px;\n}\n<\/style>\n\t<\/section>\n\t\n\n\t<section class=\"section text\" id=\"section_488977534\">\n\t\t<div class=\"section-bg fill\" >\n\t\t\t\t\t\t\t\t\t\n\t\t\t\n\n\t\t<\/div>\n\n\t\t\n\n\t\t<div class=\"section-content relative\">\n\t\t\t\n\n<div class=\"row row-collapse align-center\"  id=\"row-538417739\">\n\n\n\t<div id=\"col-1968023607\" class=\"col small-12 large-12\"  >\n\t\t\t\t<div class=\"col-inner text-left\"  >\n\t\t\t\n\t\t\t\n\n<p>Nuestros clientes no tienen que proporcionar una descripci\u00f3n como parte de la evaluaci\u00f3n. El hecho de que, a pesar de todo, casi todos ellos faciliten una descripci\u00f3n tambi\u00e9n dice algo. Divi\u00e9rtase leyendo.<\/p>\n<p>Aqu\u00ed puede encontrar nuestras rese\u00f1as en el sitio web de CUSREV:<br \/><a href=\"https:\/\/www.cusrev.com\/reviews\/chinesische-medizin\" target=\"_blank\" rel=\"noreferrer noopener\">www.cusrev.com\/de\/reviews\/chinesische-medizin<\/a>.<\/p>\n<p>Nos reservamos el derecho de aprobar las opiniones manualmente. Esto significa que nuestro equipo lee todas las opiniones antes de que aparezcan en nuestra p\u00e1gina de inicio. Las opiniones inapropiadas o enga\u00f1osas ser\u00e1n eliminadas.\u00a0<strong>no inmediatamente<\/strong>\u00a0gratis. S\u00f3lo activamos estas rese\u00f1as despu\u00e9s de haberlas contestado. (Tambi\u00e9n ocurre que los competidores compran productos... y luego dan rese\u00f1as enga\u00f1osas).<\/p>\n<p>Independientemente de ello, nos esforzamos por responder a todas las opiniones. Tambi\u00e9n nos gustar\u00eda aprender de las opiniones c\u00f3mo podemos optimizar nuestra p\u00e1gina web en el futuro. <a href=\"https:\/\/www.meine-tcm.com\/es\/\">Medicina china<\/a>\u00a0puede seguir mejorando.<\/p>\n<p>Si ha comprado y valorado uno de nuestros productos, queremos darle las gracias, independientemente del n\u00famero de smileys que le haya dado a nuestro producto.<\/p>\n\n\t\t<\/div>\n\t\t\t\t\n<style>\n#col-1968023607 > .col-inner {\n  max-width: 800px;\n}\n<\/style>\n\t<\/div>\n\n\t\n\n<\/div>\n\n\t\t<\/div>\n\n\t\t\n<style>\n#section_488977534 {\n  padding-top: 0px;\n  padding-bottom: 0px;\n}\n<\/style>\n\t<\/section>\n\t\n\t<div id=\"gap-1491941399\" class=\"gap-element clearfix\" style=\"display:block; height:auto;\">\n\t\t\n<style>\n#gap-1491941399 {\n  padding-top: 40px;\n}\n<\/style>\n\t<\/div>\n\t\n\n\n\t<section class=\"section text\" id=\"section_97770158\">\n\t\t<div class=\"section-bg fill\" >\n\t\t\t\t\t\t\t\t\t\n\t\t\t\n\n\t\t<\/div>\n\n\t\t\n\n\t\t<div class=\"section-content relative\">\n\t\t\t\n\n<div class=\"row row-collapse align-center\"  id=\"row-1562549873\">\n\n\n\t<div id=\"col-449807098\" class=\"col small-12 large-12\"  >\n\t\t\t\t<div class=\"col-inner text-left\"  >\n\t\t\t\n\t\t\t\n\n\t<div id=\"text-1979860324\" class=\"text hidden\">\n\t\t\n\n<p class=\"p1\"><strong>PS:<\/strong>\u00a0Habr\u00e1 notado que en nuestro\u00a0<a href=\"https:\/\/www.pilatesclub.de\/pilateskurs-kaufen\/\">Tienda<\/a> En la p\u00e1gina 0 se muestran las valoraciones de\u00a0<a href=\"http:\/\/www.cusrev.com\/de\/reviews\/pilates.\" target=\"_blank\" rel=\"noreferrer noopener\">CUSREV<\/a>\u00a0Esto se debe a que tambi\u00e9n ofrecemos los cursos de Pilates en nuestra segunda tienda online.\u00a0<a href=\"https:\/\/www.ebl-24.com\/\" target=\"_blank\" rel=\"noreferrer noopener\">www.ebl-24.com<\/a>\u00a0vender. Las calificaciones,\u00a0<a href=\"https:\/\/www.cusrev.com\/de\/reviews\/www.ebl-24.com\/p\/p-10543\/\" target=\"_blank\" rel=\"noreferrer noopener\">que recibimos all\u00ed<\/a>Tambi\u00e9n las mostramos en pilatesclub.de. Estas opiniones tambi\u00e9n son aut\u00e9nticas.<\/p>\n\t\t\t<\/div>\n\t\n\n\t\t<\/div>\n\t\t\t\t\n<style>\n#col-449807098 > .col-inner {\n  max-width: 800px;\n}\n<\/style>\n\t<\/div>\n\n\t\n\n<\/div>\n\n\t\t<\/div>\n\n\t\t\n<style>\n#section_97770158 {\n  padding-top: 0px;\n  padding-bottom: 0px;\n}\n<\/style>\n\t<\/section>\n\t\n\t<div id=\"gap-1103537413\" class=\"gap-element clearfix hidden\" style=\"display:block; height:auto;\">\n\t\t\n<style>\n#gap-1103537413 {\n  padding-top: 60px;\n}\n<\/style>\n\t<\/div>\n\t\n\n\n\t<section class=\"section blogpostlist\" id=\"section_991822864\">\n\t\t<div class=\"section-bg fill\" >\n\t\t\t\t\t\t\t\t\t\n\t\t\t\n\n\t\t<\/div>\n\n\t\t\n\n\t\t<div class=\"section-content relative\">\n\t\t\t\n\n<div class=\"row row-collapse align-center\"  id=\"row-1856774624\">\n\n\n\t<div id=\"col-241556396\" class=\"col blogpostscarousel small-12 large-12\"  >\n\t\t\t\t<div class=\"col-inner text-left\"  >\n\t\t\t\n\t\t\t\n\n<h2>Otros art\u00edculos de inter\u00e9s<\/h2>\n\n  \n    <div class=\"row large-columns-5 medium-columns-3 small-columns-1 slider row-slider slider-nav-simple slider-nav-outside slider-nav-push\"  data-flickity-options='{&quot;imagesLoaded&quot;: true, &quot;groupCells&quot;: &quot;100%&quot;, &quot;dragThreshold&quot; : 5, &quot;cellAlign&quot;: &quot;left&quot;,&quot;wrapAround&quot;: true,&quot;prevNextButtons&quot;: true,&quot;percentPosition&quot;: true,&quot;pageDots&quot;: false, &quot;rightToLeft&quot;: false, &quot;autoPlay&quot; : false}' >\n\n  <div class=\"col post-item\" >\n\t\t\t<div class=\"col-inner\">\n\t\t\t\t<div class=\"box box-default box-text-bottom box-blog-post has-hover\">\n            \t\t\t\t\t<div class=\"box-image\" >\n  \t\t\t\t\t\t<div class=\"image-cover\" style=\"padding-top:56%;\">\n\t\t\t\t\t\t\t<a href=\"https:\/\/www.meine-tcm.com\/es\/meridianos-el-sistema-de-informacion-del-cuerpo\/\" class=\"plain\" aria-label=\"Explicaci\u00f3n de los meridianos de la MTC\">\n\t\t\t\t\t\t\t\t<img loading=\"lazy\" decoding=\"async\" width=\"479\" height=\"400\" src=\"https:\/\/www.meine-tcm.com\/wp-content\/uploads\/2020\/09\/tcm-akupunkturpunkte-920x768-1-479x400.jpg\" class=\"attachment-medium size-medium wp-post-image\" alt=\"Cara y parte superior del cuerpo de una mu\u00f1eca de pl\u00e1stico con puntos de acupuntura marcados y etiquetados con caracteres chinos\" srcset=\"https:\/\/www.meine-tcm.com\/wp-content\/uploads\/2020\/09\/tcm-akupunkturpunkte-920x768-1-479x400.jpg 479w, https:\/\/www.meine-tcm.com\/wp-content\/uploads\/2020\/09\/tcm-akupunkturpunkte-920x768-1-510x426.jpg 510w, https:\/\/www.meine-tcm.com\/wp-content\/uploads\/2020\/09\/tcm-akupunkturpunkte-920x768-1-768x641.jpg 768w, https:\/\/www.meine-tcm.com\/wp-content\/uploads\/2020\/09\/tcm-akupunkturpunkte-920x768-1-600x501.jpg 600w, https:\/\/www.meine-tcm.com\/wp-content\/uploads\/2020\/09\/tcm-akupunkturpunkte-920x768-1.jpg 920w\" sizes=\"auto, (max-width: 479px) 100vw, 479px\" title=\"Puntos de acupuntura en la cara y la parte superior del cuerpo\" \/>\t\t\t\t\t\t\t<\/a>\n  \t\t\t\t\t\t\t<div class=\"overlay\" style=\"background-color: rgba(0, 0, 0, 0.09)\"><\/div>  \t\t\t\t\t\t\t  \t\t\t\t\t\t<\/div>\n  \t\t\t\t\t\t  \t\t\t\t\t<\/div>\n          \t\t\t\t\t<div class=\"box-text text-center\" style=\"padding:0 0px 0px 0px;\">\n\t\t\t\t\t<div class=\"box-text-inner blog-post-inner\">\n\n\t\t\t\t\t\n\t\t\t\t\t\t\t\t\t\t<h5 class=\"post-title is-large\">\n\t\t\t\t\t\t<a href=\"https:\/\/www.meine-tcm.com\/es\/meridianos-el-sistema-de-informacion-del-cuerpo\/\" class=\"plain\">Explicaci\u00f3n de los meridianos de la MTC<\/a>\n\t\t\t\t\t<\/h5>\n\t\t\t\t\t\t\t\t\t\t<div class=\"is-divider\"><\/div>\n\t\t\t\t\t                    \n\t\t\t\t\t\n\t\t\t\t\t\n\t\t\t\t\t<\/div>\n\t\t\t\t\t<\/div>\n\t\t\t\t\t\t\t\t\t<\/div>\n\t\t\t<\/div>\n\t\t<\/div><\/div>\n\n\n\t\t<\/div>\n\t\t\t\t\n<style>\n#col-241556396 > .col-inner {\n  max-width: 1200px;\n}\n<\/style>\n\t<\/div>\n\n\t\n\n<\/div>\n\n\t\t<\/div>\n\n\t\t\n<style>\n#section_991822864 {\n  padding-top: 0px;\n  padding-bottom: 0px;\n}\n<\/style>\n\t<\/section>","protected":false},"excerpt":{"rendered":"","protected":false},"author":1,"featured_media":0,"parent":0,"menu_order":0,"comment_status":"closed","ping_status":"closed","template":"","meta":{"_acf_changed":false,"footnotes":""},"class_list":["post-6677","page","type-page","status-publish","hentry"],"acf":[],"yoast_head":"<!-- This site is optimized with the Yoast SEO plugin v27.1.1 - https:\/\/yoast.com\/product\/yoast-seo-wordpress\/ -->\n<title>Echtheit von Bewertungen | meine-TCM.com<\/title>\n<meta name=\"robots\" content=\"index, follow, max-snippet:-1, max-image-preview:large, max-video-preview:-1\" \/>\n<link rel=\"canonical\" href=\"https:\/\/www.meine-tcm.com\/es\/autenticidad-de-las-calificaciones\/\" \/>\n<meta property=\"og:locale\" content=\"es_ES\" \/>\n<meta property=\"og:type\" content=\"article\" \/>\n<meta property=\"og:title\" content=\"Echtheit von Bewertungen | meine-TCM.com\" \/>\n<meta property=\"og:url\" content=\"https:\/\/www.meine-tcm.com\/es\/autenticidad-de-las-calificaciones\/\" \/>\n<meta property=\"og:site_name\" content=\"meine TCM | Traditionelle Chinesische Medizin einfach erkl\u00e4rt\" \/>\n<meta property=\"article:modified_time\" content=\"2022-07-24T00:00:58+00:00\" \/>\n<meta name=\"twitter:card\" content=\"summary_large_image\" \/>\n<script type=\"application\/ld+json\" class=\"yoast-schema-graph\">{\"@context\":\"https:\/\/schema.org\",\"@graph\":[{\"@type\":\"WebPage\",\"@id\":\"https:\/\/www.meine-tcm.com\/echtheit-von-bewertungen\/\",\"url\":\"https:\/\/www.meine-tcm.com\/echtheit-von-bewertungen\/\",\"name\":\"Echtheit von Bewertungen | meine-TCM.com\",\"isPartOf\":{\"@id\":\"https:\/\/www.meine-tcm.com\/#website\"},\"datePublished\":\"2022-06-07T12:31:21+00:00\",\"dateModified\":\"2022-07-24T00:00:58+00:00\",\"breadcrumb\":{\"@id\":\"https:\/\/www.meine-tcm.com\/echtheit-von-bewertungen\/#breadcrumb\"},\"inLanguage\":\"es\",\"potentialAction\":[{\"@type\":\"ReadAction\",\"target\":[\"https:\/\/www.meine-tcm.com\/echtheit-von-bewertungen\/\"]}]},{\"@type\":\"BreadcrumbList\",\"@id\":\"https:\/\/www.meine-tcm.com\/echtheit-von-bewertungen\/#breadcrumb\",\"itemListElement\":[{\"@type\":\"ListItem\",\"position\":1,\"name\":\"Home\",\"item\":\"https:\/\/www.meine-tcm.com\/\"},{\"@type\":\"ListItem\",\"position\":2,\"name\":\"Echtheit von Bewertungen\"}]},{\"@type\":\"WebSite\",\"@id\":\"https:\/\/www.meine-tcm.com\/#website\",\"url\":\"https:\/\/www.meine-tcm.com\/\",\"name\":\"meine TCM | Traditionelle Chinesische Medizin einfach erkl\u00e4rt\",\"description\":\"Einfach gesund bleiben\",\"publisher\":{\"@id\":\"https:\/\/www.meine-tcm.com\/#organization\"},\"potentialAction\":[{\"@type\":\"SearchAction\",\"target\":{\"@type\":\"EntryPoint\",\"urlTemplate\":\"https:\/\/www.meine-tcm.com\/?s={search_term_string}\"},\"query-input\":{\"@type\":\"PropertyValueSpecification\",\"valueRequired\":true,\"valueName\":\"search_term_string\"}}],\"inLanguage\":\"es\"},{\"@type\":\"Organization\",\"@id\":\"https:\/\/www.meine-tcm.com\/#organization\",\"name\":\"meine-TCM.com \u2014 Traditionelle chinesische Medizin einfach erkl\u00e4rt\",\"url\":\"https:\/\/www.meine-tcm.com\/\",\"logo\":{\"@type\":\"ImageObject\",\"inLanguage\":\"es\",\"@id\":\"https:\/\/www.meine-tcm.com\/#\/schema\/logo\/image\/\",\"url\":\"https:\/\/www.meine-tcm.com\/wp-content\/uploads\/2022\/08\/meine-tcm-traditionelle-chinesische-medizin-einfach-erklaert.png\",\"contentUrl\":\"https:\/\/www.meine-tcm.com\/wp-content\/uploads\/2022\/08\/meine-tcm-traditionelle-chinesische-medizin-einfach-erklaert.png\",\"width\":559,\"height\":479,\"caption\":\"meine-TCM.com \u2014 Traditionelle chinesische Medizin einfach erkl\u00e4rt\"},\"image\":{\"@id\":\"https:\/\/www.meine-tcm.com\/#\/schema\/logo\/image\/\"},\"sameAs\":[\"https:\/\/www.instagram.com\/meinetcm\/\",\"https:\/\/www.youtube.com\/@EinfachbesserLeben\"]}]}<\/script>\n<!-- \/ Yoast SEO plugin. -->","yoast_head_json":{"title":"Autenticidad de las opiniones | my-TCM.com","robots":{"index":"index","follow":"follow","max-snippet":"max-snippet:-1","max-image-preview":"max-image-preview:large","max-video-preview":"max-video-preview:-1"},"canonical":"https:\/\/www.meine-tcm.com\/es\/autenticidad-de-las-calificaciones\/","og_locale":"es_ES","og_type":"article","og_title":"Echtheit von Bewertungen | meine-TCM.com","og_url":"https:\/\/www.meine-tcm.com\/es\/autenticidad-de-las-calificaciones\/","og_site_name":"meine TCM | Traditionelle Chinesische Medizin einfach erkl\u00e4rt","article_modified_time":"2022-07-24T00:00:58+00:00","twitter_card":"summary_large_image","schema":{"@context":"https:\/\/schema.org","@graph":[{"@type":"WebPage","@id":"https:\/\/www.meine-tcm.com\/echtheit-von-bewertungen\/","url":"https:\/\/www.meine-tcm.com\/echtheit-von-bewertungen\/","name":"Autenticidad de las opiniones | my-TCM.com","isPartOf":{"@id":"https:\/\/www.meine-tcm.com\/#website"},"datePublished":"2022-06-07T12:31:21+00:00","dateModified":"2022-07-24T00:00:58+00:00","breadcrumb":{"@id":"https:\/\/www.meine-tcm.com\/echtheit-von-bewertungen\/#breadcrumb"},"inLanguage":"es","potentialAction":[{"@type":"ReadAction","target":["https:\/\/www.meine-tcm.com\/echtheit-von-bewertungen\/"]}]},{"@type":"BreadcrumbList","@id":"https:\/\/www.meine-tcm.com\/echtheit-von-bewertungen\/#breadcrumb","itemListElement":[{"@type":"ListItem","position":1,"name":"Home","item":"https:\/\/www.meine-tcm.com\/"},{"@type":"ListItem","position":2,"name":"Echtheit von Bewertungen"}]},{"@type":"WebSite","@id":"https:\/\/www.meine-tcm.com\/#website","url":"https:\/\/www.meine-tcm.com\/","name":"mi MTC | Medicina Tradicional China explicada de forma sencilla","description":"Mant\u00e9ngase sano","publisher":{"@id":"https:\/\/www.meine-tcm.com\/#organization"},"potentialAction":[{"@type":"SearchAction","target":{"@type":"EntryPoint","urlTemplate":"https:\/\/www.meine-tcm.com\/?s={search_term_string}"},"query-input":{"@type":"PropertyValueSpecification","valueRequired":true,"valueName":"search_term_string"}}],"inLanguage":"es"},{"@type":"Organization","@id":"https:\/\/www.meine-tcm.com\/#organization","name":"meine-TCM.com - La Medicina Tradicional China explicada de forma sencilla","url":"https:\/\/www.meine-tcm.com\/","logo":{"@type":"ImageObject","inLanguage":"es","@id":"https:\/\/www.meine-tcm.com\/#\/schema\/logo\/image\/","url":"https:\/\/www.meine-tcm.com\/wp-content\/uploads\/2022\/08\/meine-tcm-traditionelle-chinesische-medizin-einfach-erklaert.png","contentUrl":"https:\/\/www.meine-tcm.com\/wp-content\/uploads\/2022\/08\/meine-tcm-traditionelle-chinesische-medizin-einfach-erklaert.png","width":559,"height":479,"caption":"meine-TCM.com \u2014 Traditionelle chinesische Medizin einfach erkl\u00e4rt"},"image":{"@id":"https:\/\/www.meine-tcm.com\/#\/schema\/logo\/image\/"},"sameAs":["https:\/\/www.instagram.com\/meinetcm\/","https:\/\/www.youtube.com\/@EinfachbesserLeben"]}]}},"wps_subtitle":"","_links":{"self":[{"href":"https:\/\/www.meine-tcm.com\/es\/wp-json\/wp\/v2\/pages\/6677","targetHints":{"allow":["GET"]}}],"collection":[{"href":"https:\/\/www.meine-tcm.com\/es\/wp-json\/wp\/v2\/pages"}],"about":[{"href":"https:\/\/www.meine-tcm.com\/es\/wp-json\/wp\/v2\/types\/page"}],"author":[{"embeddable":true,"href":"https:\/\/www.meine-tcm.com\/es\/wp-json\/wp\/v2\/users\/1"}],"replies":[{"embeddable":true,"href":"https:\/\/www.meine-tcm.com\/es\/wp-json\/wp\/v2\/comments?post=6677"}],"version-history":[{"count":0,"href":"https:\/\/www.meine-tcm.com\/es\/wp-json\/wp\/v2\/pages\/6677\/revisions"}],"wp:attachment":[{"href":"https:\/\/www.meine-tcm.com\/es\/wp-json\/wp\/v2\/media?parent=6677"}],"curies":[{"name":"wp","href":"https:\/\/api.w.org\/{rel}","templated":true}]}}