{"id":318,"date":"2020-08-22T22:45:27","date_gmt":"2020-08-22T20:45:27","guid":{"rendered":"https:\/\/www.meine-tcm.com\/?page_id=318"},"modified":"2024-02-17T14:45:36","modified_gmt":"2024-02-17T13:45:36","slug":"cuadros-de-quejas","status":"publish","type":"page","link":"https:\/\/www.meine-tcm.com\/es\/cuadros-de-quejas\/","title":{"rendered":"Quejas"},"content":{"rendered":"<section class=\"section h1-h3\" id=\"section_1944014545\">\n\t\t<div class=\"section-bg fill\" >\n\t\t\t\t\t\t\t\t\t\n\t\t\t\n\n\t\t<\/div>\n\n\t\t\n\n\t\t<div class=\"section-content relative\">\n\t\t\t\n\n<div class=\"row row-collapse align-center\"  id=\"row-1325845595\">\n\n\n\t<div id=\"col-325978616\" class=\"col small-12 large-12\"  >\n\t\t\t\t<div class=\"col-inner text-center\"  >\n\t\t\t\n\t\t\t\n\n<h1>Lista de s\u00edntomas<\/h1>\n<h3 class=\"width-h1\">Con explicaciones en v\u00eddeo para encontrar f\u00e1cilmente los puntos de acupuntura<\/h3>\n\n\t\t<\/div>\n\t\t\t\t\n<style>\n#col-325978616 > .col-inner {\n  max-width: 960px;\n}\n<\/style>\n\t<\/div>\n\n\t\n\n<\/div>\n\n\t\t<\/div>\n\n\t\t\n<style>\n#section_1944014545 {\n  padding-top: 0px;\n  padding-bottom: 0px;\n}\n<\/style>\n\t<\/section>\n\t\n\t<div id=\"gap-1822528860\" class=\"gap-element clearfix\" style=\"display:block; height:auto;\">\n\t\t\n<style>\n#gap-1822528860 {\n  padding-top: 40px;\n}\n<\/style>\n\t<\/div>\n\t\n\n\n\t<section class=\"section two-columns\" id=\"section_1088076783\">\n\t\t<div class=\"section-bg fill\" >\n\t\t\t\t\t\t\t\t\t\n\t\t\t\n\n\t\t<\/div>\n\n\t\t\n\n\t\t<div class=\"section-content relative\">\n\t\t\t\n\n<div class=\"row row-collapse align-center\"  id=\"row-693908978\">\n\n\n\t<div id=\"col-389783243\" class=\"col small-12 large-12\"  >\n\t\t\t\t<div class=\"col-inner text-center\"  >\n\t\t\t\n\t\t\t\n\n<div class=\"row row-collapse align-center\"  id=\"row-1614234486\">\n\n\n\t<div id=\"col-1718101428\" class=\"col medium-6 small-12 large-6\"  >\n\t\t\t\t<div class=\"col-inner text-left\"  >\n\t\t\t\n\t\t\t\n\n<p>En nuestra colecci\u00f3n encontrar\u00e1 una lista de dolencias que pueden tratarse eficazmente con nuestro AkuPen. Los v\u00eddeos que lo acompa\u00f1an le ofrecen instrucciones claras sobre c\u00f3mo encontrar y estimular los puntos de acupuntura pertinentes. El AkuPen es una versi\u00f3n moderna de la acupresi\u00f3n tradicional para una aplicaci\u00f3n precisa y c\u00f3moda. Adem\u00e1s, el AkuPen favorece el autotratamiento regular, lo que puede contribuir a una mejora duradera de su bienestar general.<\/p>\n\n\t\t<\/div>\n\t\t\t\t\n<style>\n#col-1718101428 > .col-inner {\n  max-width: 460px;\n}\n<\/style>\n\t<\/div>\n\n\t\n\n\t<div id=\"col-2006558023\" class=\"col medium-6 small-12 large-6\"  >\n\t\t\t\t<div class=\"col-inner text-left\"  >\n\t\t\t\n\t\t\t\n\n<div>Los v\u00eddeos de instrucciones le muestran paso a paso c\u00f3mo puede utilizar el AkuPen para diversos problemas de salud, desde dolores de cabeza hasta dolores de espalda. Adem\u00e1s de tratar dolencias agudas, el AkuPen tambi\u00e9n ofrece oportunidades para la prevenci\u00f3n y la promoci\u00f3n de la salud en general. Descubra c\u00f3mo puede utilizar este enfoque innovador para su bienestar y benef\u00edciese de la facilidad de uso del AkuPen para mejorar su calidad de vida.<\/div>\n\n\t\t<\/div>\n\t\t\t\t\n<style>\n#col-2006558023 > .col-inner {\n  max-width: 460px;\n}\n<\/style>\n\t<\/div>\n\n\t\n\n<\/div>\n\n\t\t<\/div>\n\t\t\t\t\n<style>\n#col-389783243 > .col-inner {\n  max-width: 960px;\n}\n<\/style>\n\t<\/div>\n\n\t\n\n<\/div>\n\n\t\t<\/div>\n\n\t\t\n<style>\n#section_1088076783 {\n  padding-top: 0px;\n  padding-bottom: 0px;\n}\n<\/style>\n\t<\/section>\n\t\n\t<div id=\"gap-1396288372\" class=\"gap-element clearfix\" style=\"display:block; height:auto;\">\n\t\t\n<style>\n#gap-1396288372 {\n  padding-top: 60px;\n}\n<\/style>\n\t<\/div>\n\t\n\n\n\t<section class=\"section image-text\" id=\"section_1762785497\">\n\t\t<div class=\"section-bg fill\" >\n\t\t\t\t\t\t\t\t\t\n\t\t\t\n\n\t\t<\/div>\n\n\t\t\n\n\t\t<div class=\"section-content relative\">\n\t\t\t\n\n<div class=\"row align-middle align-center\"  id=\"row-1108357115\">\n\n\n\t<div id=\"col-1216625903\" class=\"col medium-6 small-12 large-6\"  >\n\t\t\t\t<div class=\"col-inner text-right\"  >\n\t\t\t\n\t\t\t\n\n\t<div class=\"img has-hover x md-x lg-x y md-y lg-y\" id=\"image_1207174479\">\n\t\t<a class=\"\" href=\"\/es\/pluma-de-acupuntura-acupen\/\" >\t\t\t\t\t\t<div class=\"img-inner image-cover dark\" style=\"padding-top:100%;\">\n\t\t\t<img loading=\"lazy\" decoding=\"async\" width=\"920\" height=\"518\" src=\"https:\/\/www.meine-tcm.com\/wp-content\/uploads\/2020\/09\/akupen-anwendung-920x518-o.jpg\" class=\"attachment-large size-large\" alt=\"Presionar un acupunto de la mano con el acupen\" srcset=\"https:\/\/www.meine-tcm.com\/wp-content\/uploads\/2020\/09\/akupen-anwendung-920x518-o.jpg 920w, https:\/\/www.meine-tcm.com\/wp-content\/uploads\/2020\/09\/akupen-anwendung-920x518-o-510x287.jpg 510w, https:\/\/www.meine-tcm.com\/wp-content\/uploads\/2020\/09\/akupen-anwendung-920x518-o-710x400.jpg 710w, https:\/\/www.meine-tcm.com\/wp-content\/uploads\/2020\/09\/akupen-anwendung-920x518-o-768x432.jpg 768w, https:\/\/www.meine-tcm.com\/wp-content\/uploads\/2020\/09\/akupen-anwendung-920x518-o-600x338.jpg 600w\" sizes=\"auto, (max-width: 920px) 100vw, 920px\" title=\"Aplicaci\u00f3n de la acupuntura\" \/>\t\t\t\t\t\t\n\t\t\t\t\t<\/div>\n\t\t\t\t\t\t<\/a>\t\t\n<style>\n#image_1207174479 {\n  width: 100%;\n}\n<\/style>\n\t<\/div>\n\t\n\n\n\t\t<\/div>\n\t\t\t\t\n<style>\n#col-1216625903 > .col-inner {\n  max-width: 480px;\n}\n<\/style>\n\t<\/div>\n\n\t\n\n\t<div id=\"col-1408436529\" class=\"col medium-6 small-12 large-6\"  >\n\t\t\t\t<div class=\"col-inner text-left\"  >\n\t\t\t\n\t\t\t\n\n<h3>F\u00e1cil de usar<\/h3>\n<h2>Acupresi\u00f3n con el AkuPen<\/h2>\n<div class=\"flex-1 overflow-hidden\">\n<div class=\"react-scroll-to-bottom--css-rzjlz-79elbk h-full\">\n<div class=\"react-scroll-to-bottom--css-rzjlz-1n7m0yu\">\n<div class=\"flex flex-col pb-9 text-sm\">\n<div class=\"w-full text-token-text-primary\" data-testid=\"conversation-turn-35\">\n<div class=\"px-4 py-2 justify-center text-base md:gap-6 m-auto\">\n<div class=\"flex flex-1 text-base mx-auto gap-3 md:px-5 lg:px-1 xl:px-5 md:max-w-3xl lg:max-w-&#091;40rem&#093; xl:max-w-&#091;48rem&#093; group final-completion\">\n<div class=\"relative flex w-full flex-col agent-turn\">\n<div class=\"flex-col gap-1 md:gap-3\">\n<div class=\"flex flex-grow flex-col max-w-full\">\n<div class=\"min-h-&#091;20px&#093; text-message flex flex-col items-start gap-3 whitespace-pre-wrap break-words &#091;.text-message+&amp;&#093;:mt-5 overflow-x-auto\" data-message-author-role=\"assistant\" data-message-id=\"a3dfe3fc-02b5-442e-9554-d2b314ef9ec7\">\n<div class=\"markdown prose w-full break-words dark:prose-invert light\">\n<p>En el v\u00eddeo le mostramos c\u00f3mo utilizar correctamente nuestro AkuPen. En s\u00f3lo unos minutos, aprender\u00e1 a utilizar este innovador dispositivo para tratar eficazmente diversas dolencias. Le guiamos en cada paso, desde la elecci\u00f3n del punto de acupuntura adecuado hasta la t\u00e9cnica de aplicaci\u00f3n correcta. Como resultado, comprender\u00e1 r\u00e1pidamente c\u00f3mo funciona el AkuPen y c\u00f3mo puede utilizarlo para sus necesidades espec\u00edficas.<br \/><br \/><\/p>\n<\/div>\n<\/div>\n<\/div>\n<\/div>\n<\/div>\n<\/div>\n<\/div>\n<\/div>\n<\/div>\n<\/div>\n<\/div>\n<\/div>\n<p><a href=\"\/es\/pluma-de-acupuntura-acupen\/\">V\u00eddeo explicativo<\/a><\/p>\n\n\t\t<\/div>\n\t\t\t\t\n<style>\n#col-1408436529 > .col-inner {\n  max-width: 480px;\n}\n<\/style>\n\t<\/div>\n\n\t\n\n<\/div>\n\n\t\t<\/div>\n\n\t\t\n<style>\n#section_1762785497 {\n  padding-top: 0px;\n  padding-bottom: 0px;\n}\n<\/style>\n\t<\/section>\n\t\n\t<div id=\"gap-1284559533\" class=\"gap-element clearfix\" style=\"display:block; height:auto;\">\n\t\t\n<style>\n#gap-1284559533 {\n  padding-top: 60px;\n}\n<\/style>\n\t<\/div>\n\t\n\n\n\t<section class=\"section h2\" id=\"section_214045893\">\n\t\t<div class=\"section-bg fill\" >\n\t\t\t\t\t\t\t\t\t\n\t\t\t\n\n\t\t<\/div>\n\n\t\t\n\n\t\t<div class=\"section-content relative\">\n\t\t\t\n\n<div class=\"row row-collapse align-center\"  id=\"row-964449338\">\n\n\n\t<div id=\"col-828739229\" class=\"col small-12 large-12\"  >\n\t\t\t\t<div class=\"col-inner text-center\"  >\n\t\t\t\n\t\t\t\n\n<h1>Quejas<\/h1>\n\n\t\t<\/div>\n\t\t\t\t\n<style>\n#col-828739229 > .col-inner {\n  max-width: 960px;\n}\n<\/style>\n\t<\/div>\n\n\t\n\n<\/div>\n\n\t\t<\/div>\n\n\t\t\n<style>\n#section_214045893 {\n  padding-top: 0px;\n  padding-bottom: 0px;\n}\n<\/style>\n\t<\/section>\n\t\n\n\t<section class=\"section longline\" id=\"section_383172358\">\n\t\t<div class=\"section-bg fill\" >\n\t\t\t\t\t\t\t\t\t\n\t\t\t\n\n\t\t<\/div>\n\n\t\t\n\n\t\t<div class=\"section-content relative\">\n\t\t\t\n\n<div class=\"row row-collapse align-center\"  id=\"row-842933906\">\n\n\n\t<div id=\"col-322062621\" class=\"col small-12 large-12\"  >\n\t\t\t\t<div class=\"col-inner text-left\"  >\n\t\t\t\n\t\t\t\n\n<hr>\n\n\t\t<\/div>\n\t\t\t\t\n<style>\n#col-322062621 > .col-inner {\n  max-width: 1000px;\n}\n<\/style>\n\t<\/div>\n\n\t\n\n<\/div>\n\n\t\t<\/div>\n\n\t\t\n<style>\n#section_383172358 {\n  padding-top: 0px;\n  padding-bottom: 0px;\n}\n<\/style>\n\t<\/section>","protected":false},"excerpt":{"rendered":"","protected":false},"author":1,"featured_media":1715,"parent":0,"menu_order":0,"comment_status":"closed","ping_status":"closed","template":"page-beschwerdebilder.php","meta":{"_acf_changed":false,"footnotes":""},"class_list":["post-318","page","type-page","status-publish","has-post-thumbnail","hentry"],"acf":[],"yoast_head":"<!-- This site is optimized with the Yoast SEO plugin v27.1.1 - https:\/\/yoast.com\/product\/yoast-seo-wordpress\/ -->\n<title>Beschwerdebilder zur Behandlung mit Akupressur<\/title>\n<meta name=\"description\" content=\"Liste von Beschwerdebildern, die du mit Akupressur oder unserem AkuPen einfach und schnell behandeln kannst.\" \/>\n<meta name=\"robots\" content=\"index, follow, max-snippet:-1, max-image-preview:large, max-video-preview:-1\" \/>\n<link rel=\"canonical\" href=\"https:\/\/www.meine-tcm.com\/es\/cuadros-de-quejas\/\" \/>\n<meta property=\"og:locale\" content=\"es_ES\" \/>\n<meta property=\"og:type\" content=\"article\" \/>\n<meta property=\"og:title\" content=\"Beschwerden selber mit Akupressur behandeln\" \/>\n<meta property=\"og:description\" content=\"Liste von Beschwerdebildern, die du mit Akupressur oder unserem AkuPen einfach und schnell behandeln kannst.\" \/>\n<meta property=\"og:url\" content=\"https:\/\/www.meine-tcm.com\/es\/cuadros-de-quejas\/\" \/>\n<meta property=\"og:site_name\" content=\"meine TCM | Traditionelle Chinesische Medizin einfach erkl\u00e4rt\" \/>\n<meta property=\"article:modified_time\" content=\"2024-02-17T13:45:36+00:00\" \/>\n<meta property=\"og:image\" content=\"https:\/\/www.meine-tcm.com\/wp-content\/uploads\/2020\/09\/Lage-des-Akupunkturpunktes-HK-06-2x.jpg\" \/>\n\t<meta property=\"og:image:width\" content=\"568\" \/>\n\t<meta property=\"og:image:height\" content=\"320\" \/>\n\t<meta property=\"og:image:type\" content=\"image\/jpeg\" \/>\n<meta name=\"twitter:card\" content=\"summary_large_image\" \/>\n<meta name=\"twitter:title\" content=\"Beschwerden selber mit Akupressur behandeln\" \/>\n<meta name=\"twitter:description\" content=\"Liste von Beschwerdebildern, die du mit Akupressur oder unserem AkuPen einfach und schnell behandeln kannst.\" \/>\n<meta name=\"twitter:image\" content=\"https:\/\/www.meine-tcm.com\/wp-content\/uploads\/2020\/09\/Lage-des-Akupunkturpunktes-HK-06-2x.jpg\" \/>\n<meta name=\"twitter:label1\" content=\"Tiempo de lectura\" \/>\n\t<meta name=\"twitter:data1\" content=\"1 minuto\" \/>\n<script type=\"application\/ld+json\" class=\"yoast-schema-graph\">{\"@context\":\"https:\/\/schema.org\",\"@graph\":[{\"@type\":\"WebPage\",\"@id\":\"https:\/\/www.meine-tcm.com\/beschwerdebilder\/\",\"url\":\"https:\/\/www.meine-tcm.com\/beschwerdebilder\/\",\"name\":\"Beschwerdebilder zur Behandlung mit Akupressur\",\"isPartOf\":{\"@id\":\"https:\/\/www.meine-tcm.com\/#website\"},\"primaryImageOfPage\":{\"@id\":\"https:\/\/www.meine-tcm.com\/beschwerdebilder\/#primaryimage\"},\"image\":{\"@id\":\"https:\/\/www.meine-tcm.com\/beschwerdebilder\/#primaryimage\"},\"thumbnailUrl\":\"https:\/\/www.meine-tcm.com\/wp-content\/uploads\/2020\/09\/Lage-des-Akupunkturpunktes-HK-06-2x.jpg\",\"datePublished\":\"2020-08-22T20:45:27+00:00\",\"dateModified\":\"2024-02-17T13:45:36+00:00\",\"description\":\"Liste von Beschwerdebildern, die du mit Akupressur oder unserem AkuPen einfach und schnell behandeln kannst.\",\"breadcrumb\":{\"@id\":\"https:\/\/www.meine-tcm.com\/beschwerdebilder\/#breadcrumb\"},\"inLanguage\":\"es\",\"potentialAction\":[{\"@type\":\"ReadAction\",\"target\":[\"https:\/\/www.meine-tcm.com\/beschwerdebilder\/\"]}]},{\"@type\":\"ImageObject\",\"inLanguage\":\"es\",\"@id\":\"https:\/\/www.meine-tcm.com\/beschwerdebilder\/#primaryimage\",\"url\":\"https:\/\/www.meine-tcm.com\/wp-content\/uploads\/2020\/09\/Lage-des-Akupunkturpunktes-HK-06-2x.jpg\",\"contentUrl\":\"https:\/\/www.meine-tcm.com\/wp-content\/uploads\/2020\/09\/Lage-des-Akupunkturpunktes-HK-06-2x.jpg\",\"width\":568,\"height\":320,\"caption\":\"Lage des Akupunkturpunktes HK 06\"},{\"@type\":\"BreadcrumbList\",\"@id\":\"https:\/\/www.meine-tcm.com\/beschwerdebilder\/#breadcrumb\",\"itemListElement\":[{\"@type\":\"ListItem\",\"position\":1,\"name\":\"Home\",\"item\":\"https:\/\/www.meine-tcm.com\/\"},{\"@type\":\"ListItem\",\"position\":2,\"name\":\"Beschwerdebilder\"}]},{\"@type\":\"WebSite\",\"@id\":\"https:\/\/www.meine-tcm.com\/#website\",\"url\":\"https:\/\/www.meine-tcm.com\/\",\"name\":\"meine TCM | Traditionelle Chinesische Medizin einfach erkl\u00e4rt\",\"description\":\"Einfach gesund bleiben\",\"publisher\":{\"@id\":\"https:\/\/www.meine-tcm.com\/#organization\"},\"potentialAction\":[{\"@type\":\"SearchAction\",\"target\":{\"@type\":\"EntryPoint\",\"urlTemplate\":\"https:\/\/www.meine-tcm.com\/?s={search_term_string}\"},\"query-input\":{\"@type\":\"PropertyValueSpecification\",\"valueRequired\":true,\"valueName\":\"search_term_string\"}}],\"inLanguage\":\"es\"},{\"@type\":\"Organization\",\"@id\":\"https:\/\/www.meine-tcm.com\/#organization\",\"name\":\"meine-TCM.com \u2014 Traditionelle chinesische Medizin einfach erkl\u00e4rt\",\"url\":\"https:\/\/www.meine-tcm.com\/\",\"logo\":{\"@type\":\"ImageObject\",\"inLanguage\":\"es\",\"@id\":\"https:\/\/www.meine-tcm.com\/#\/schema\/logo\/image\/\",\"url\":\"https:\/\/www.meine-tcm.com\/wp-content\/uploads\/2022\/08\/meine-tcm-traditionelle-chinesische-medizin-einfach-erklaert.png\",\"contentUrl\":\"https:\/\/www.meine-tcm.com\/wp-content\/uploads\/2022\/08\/meine-tcm-traditionelle-chinesische-medizin-einfach-erklaert.png\",\"width\":559,\"height\":479,\"caption\":\"meine-TCM.com \u2014 Traditionelle chinesische Medizin einfach erkl\u00e4rt\"},\"image\":{\"@id\":\"https:\/\/www.meine-tcm.com\/#\/schema\/logo\/image\/\"},\"sameAs\":[\"https:\/\/www.instagram.com\/meinetcm\/\",\"https:\/\/www.youtube.com\/@EinfachbesserLeben\"]}]}<\/script>\n<!-- \/ Yoast SEO plugin. -->","yoast_head_json":{"title":"Quejas por el tratamiento con acupresi\u00f3n","description":"Lista de dolencias que puede tratar r\u00e1pida y f\u00e1cilmente con acupresi\u00f3n o con nuestro AkuPen.","robots":{"index":"index","follow":"follow","max-snippet":"max-snippet:-1","max-image-preview":"max-image-preview:large","max-video-preview":"max-video-preview:-1"},"canonical":"https:\/\/www.meine-tcm.com\/es\/cuadros-de-quejas\/","og_locale":"es_ES","og_type":"article","og_title":"Beschwerden selber mit Akupressur behandeln","og_description":"Liste von Beschwerdebildern, die du mit Akupressur oder unserem AkuPen einfach und schnell behandeln kannst.","og_url":"https:\/\/www.meine-tcm.com\/es\/cuadros-de-quejas\/","og_site_name":"meine TCM | Traditionelle Chinesische Medizin einfach erkl\u00e4rt","article_modified_time":"2024-02-17T13:45:36+00:00","og_image":[{"width":568,"height":320,"url":"https:\/\/www.meine-tcm.com\/wp-content\/uploads\/2020\/09\/Lage-des-Akupunkturpunktes-HK-06-2x.jpg","type":"image\/jpeg"}],"twitter_card":"summary_large_image","twitter_title":"Beschwerden selber mit Akupressur behandeln","twitter_description":"Liste von Beschwerdebildern, die du mit Akupressur oder unserem AkuPen einfach und schnell behandeln kannst.","twitter_image":"https:\/\/www.meine-tcm.com\/wp-content\/uploads\/2020\/09\/Lage-des-Akupunkturpunktes-HK-06-2x.jpg","twitter_misc":{"Tiempo de lectura":"1 minuto"},"schema":{"@context":"https:\/\/schema.org","@graph":[{"@type":"WebPage","@id":"https:\/\/www.meine-tcm.com\/beschwerdebilder\/","url":"https:\/\/www.meine-tcm.com\/beschwerdebilder\/","name":"Quejas por el tratamiento con acupresi\u00f3n","isPartOf":{"@id":"https:\/\/www.meine-tcm.com\/#website"},"primaryImageOfPage":{"@id":"https:\/\/www.meine-tcm.com\/beschwerdebilder\/#primaryimage"},"image":{"@id":"https:\/\/www.meine-tcm.com\/beschwerdebilder\/#primaryimage"},"thumbnailUrl":"https:\/\/www.meine-tcm.com\/wp-content\/uploads\/2020\/09\/Lage-des-Akupunkturpunktes-HK-06-2x.jpg","datePublished":"2020-08-22T20:45:27+00:00","dateModified":"2024-02-17T13:45:36+00:00","description":"Lista de dolencias que puede tratar r\u00e1pida y f\u00e1cilmente con acupresi\u00f3n o con nuestro AkuPen.","breadcrumb":{"@id":"https:\/\/www.meine-tcm.com\/beschwerdebilder\/#breadcrumb"},"inLanguage":"es","potentialAction":[{"@type":"ReadAction","target":["https:\/\/www.meine-tcm.com\/beschwerdebilder\/"]}]},{"@type":"ImageObject","inLanguage":"es","@id":"https:\/\/www.meine-tcm.com\/beschwerdebilder\/#primaryimage","url":"https:\/\/www.meine-tcm.com\/wp-content\/uploads\/2020\/09\/Lage-des-Akupunkturpunktes-HK-06-2x.jpg","contentUrl":"https:\/\/www.meine-tcm.com\/wp-content\/uploads\/2020\/09\/Lage-des-Akupunkturpunktes-HK-06-2x.jpg","width":568,"height":320,"caption":"Lage des Akupunkturpunktes HK 06"},{"@type":"BreadcrumbList","@id":"https:\/\/www.meine-tcm.com\/beschwerdebilder\/#breadcrumb","itemListElement":[{"@type":"ListItem","position":1,"name":"Home","item":"https:\/\/www.meine-tcm.com\/"},{"@type":"ListItem","position":2,"name":"Beschwerdebilder"}]},{"@type":"WebSite","@id":"https:\/\/www.meine-tcm.com\/#website","url":"https:\/\/www.meine-tcm.com\/","name":"mi MTC | Medicina Tradicional China explicada de forma sencilla","description":"Mant\u00e9ngase sano","publisher":{"@id":"https:\/\/www.meine-tcm.com\/#organization"},"potentialAction":[{"@type":"SearchAction","target":{"@type":"EntryPoint","urlTemplate":"https:\/\/www.meine-tcm.com\/?s={search_term_string}"},"query-input":{"@type":"PropertyValueSpecification","valueRequired":true,"valueName":"search_term_string"}}],"inLanguage":"es"},{"@type":"Organization","@id":"https:\/\/www.meine-tcm.com\/#organization","name":"meine-TCM.com - La Medicina Tradicional China explicada de forma sencilla","url":"https:\/\/www.meine-tcm.com\/","logo":{"@type":"ImageObject","inLanguage":"es","@id":"https:\/\/www.meine-tcm.com\/#\/schema\/logo\/image\/","url":"https:\/\/www.meine-tcm.com\/wp-content\/uploads\/2022\/08\/meine-tcm-traditionelle-chinesische-medizin-einfach-erklaert.png","contentUrl":"https:\/\/www.meine-tcm.com\/wp-content\/uploads\/2022\/08\/meine-tcm-traditionelle-chinesische-medizin-einfach-erklaert.png","width":559,"height":479,"caption":"meine-TCM.com \u2014 Traditionelle chinesische Medizin einfach erkl\u00e4rt"},"image":{"@id":"https:\/\/www.meine-tcm.com\/#\/schema\/logo\/image\/"},"sameAs":["https:\/\/www.instagram.com\/meinetcm\/","https:\/\/www.youtube.com\/@EinfachbesserLeben"]}]}},"wps_subtitle":"","_links":{"self":[{"href":"https:\/\/www.meine-tcm.com\/es\/wp-json\/wp\/v2\/pages\/318","targetHints":{"allow":["GET"]}}],"collection":[{"href":"https:\/\/www.meine-tcm.com\/es\/wp-json\/wp\/v2\/pages"}],"about":[{"href":"https:\/\/www.meine-tcm.com\/es\/wp-json\/wp\/v2\/types\/page"}],"author":[{"embeddable":true,"href":"https:\/\/www.meine-tcm.com\/es\/wp-json\/wp\/v2\/users\/1"}],"replies":[{"embeddable":true,"href":"https:\/\/www.meine-tcm.com\/es\/wp-json\/wp\/v2\/comments?post=318"}],"version-history":[{"count":0,"href":"https:\/\/www.meine-tcm.com\/es\/wp-json\/wp\/v2\/pages\/318\/revisions"}],"wp:featuredmedia":[{"embeddable":true,"href":"https:\/\/www.meine-tcm.com\/es\/wp-json\/wp\/v2\/media\/1715"}],"wp:attachment":[{"href":"https:\/\/www.meine-tcm.com\/es\/wp-json\/wp\/v2\/media?parent=318"}],"curies":[{"name":"wp","href":"https:\/\/api.w.org\/{rel}","templated":true}]}}