{"id":18250,"date":"2025-04-17T17:44:51","date_gmt":"2025-04-17T15:44:51","guid":{"rendered":"https:\/\/www.meine-tcm.com\/?page_id=18250"},"modified":"2025-07-30T14:57:56","modified_gmt":"2025-07-30T12:57:56","slug":"analisis-tcm","status":"publish","type":"page","link":"https:\/\/www.meine-tcm.com\/es\/analisis-tcm\/","title":{"rendered":"Su an\u00e1lisis MTC"},"content":{"rendered":"<section class=\"section h1-h3\" id=\"section_377333714\">\n\t\t<div class=\"section-bg fill\" >\n\t\t\t\t\t\t\t\t\t\n\t\t\t\n\n\t\t<\/div>\n\n\t\t\n\n\t\t<div class=\"section-content relative\">\n\t\t\t\n\n<div class=\"row row-collapse align-center\"  id=\"row-126150017\">\n\n\n\t<div id=\"col-1244877432\" class=\"col small-12 large-12\"  >\n\t\t\t\t<div class=\"col-inner text-center\"  >\n\t\t\t\n\t\t\t\n\n<div class=\"row row-collapse align-middle opening-question\"  id=\"row-330944236\">\n\n\n\t<div id=\"col-1366943991\" class=\"col medium-1 small-12 large-1\"  >\n\t\t\t\t<div class=\"col-inner\"  >\n\t\t\t\n\t\t\t\n\n\t<div class=\"img has-hover question x md-x lg-x y md-y lg-y\" id=\"image_1387486840\">\n\t\t\t\t\t\t\t\t<div class=\"img-inner dark\" >\n\t\t\t<img decoding=\"async\" src=\"https:\/\/www.meine-tcm.com\/wp-content\/uploads\/2025\/04\/question-mark-icon-dark-red.svg\" class=\"attachment-original size-original\" alt=\"Icono de interrogaci\u00f3n en rojo\" title=\"Icono de interrogaci\u00f3n en rojo\" \/>\t\t\t\t\t\t\n\t\t\t\t\t<\/div>\n\t\t\t\t\t\t\t\t\n<style>\n#image_1387486840 {\n  width: 100%;\n}\n<\/style>\n\t<\/div>\n\t\n\n\n\t\t<\/div>\n\t\t\t\t\t<\/div>\n\n\t\n\n\t<div id=\"col-1506726720\" class=\"col medium-11 small-12 large-11\"  >\n\t\t\t\t<div class=\"col-inner\"  >\n\t\t\t\n\t\t\t\n\n\t<div id=\"text-1944625895\" class=\"text question-text\">\n\t\t\n\n<p style=\"text-align: center;\"><strong>\u00bfSientes una y otra vez<\/strong>que su energ\u00eda est\u00e1 desequilibrada, por ejemplo, cuando se levanta agotado por la ma\u00f1ana, cae en un baj\u00f3n de energ\u00eda por la tarde, le cuesta desconectar por la noche o sufre tensiones y dolores de cabeza?<\/p>\n\t\t\t<\/div>\n\t\n\n\t\t<\/div>\n\t\t\t\t\t<\/div>\n\n\t\n\n<\/div>\n\t<div id=\"gap-244967961\" class=\"gap-element clearfix\" style=\"display:block; height:auto;\">\n\t\t\n<style>\n#gap-244967961 {\n  padding-top: 30px;\n}\n<\/style>\n\t<\/div>\n\t\n\n<h1>Su an\u00e1lisis MTC gratuito<\/h1>\n<h3 class=\"width-h1\">F\u00d3RMULAS INDIVIDUALES A BASE DE HIERBAS, PUNTOS DE ACUPUNTURA Y EJERCICIOS DE QI GONG<\/h3>\n\n\t\t<\/div>\n\t\t\t\t\n<style>\n#col-1244877432 > .col-inner {\n  max-width: 960px;\n}\n<\/style>\n\t<\/div>\n\n\t\n\n<\/div>\n\n\t\t<\/div>\n\n\t\t\n<style>\n#section_377333714 {\n  padding-top: 0px;\n  padding-bottom: 0px;\n}\n<\/style>\n\t<\/section>\n\t\n\t<div id=\"gap-1175739380\" class=\"gap-element clearfix\" style=\"display:block; height:auto;\">\n\t\t\n<style>\n#gap-1175739380 {\n  padding-top: 40px;\n}\n<\/style>\n\t<\/div>\n\t\n\n\n\t<section class=\"section main-teaser\" id=\"section_2043147113\">\n\t\t<div class=\"section-bg fill\" >\n\t\t\t\t\t\t\t\t\t\n\t\t\t\n\n\t\t<\/div>\n\n\t\t\n\n\t\t<div class=\"section-content relative\">\n\t\t\t\n\n<div class=\"row row-collapse align-center\"  id=\"row-356016502\">\n\n\n\t<div id=\"col-1901186224\" class=\"col small-12 large-12\"  >\n\t\t\t\t<div class=\"col-inner text-center\"  >\n\t\t\t\n\t\t\t\n\n<p class=\"teaser\">Con el an\u00e1lisis de MTC gratuito, recibir\u00e1 una evaluaci\u00f3n precisa de su equilibrio energ\u00e9tico actual en s\u00f3lo unos minutos. Descubrir\u00e1s qu\u00e9 mezclas de hierbas, puntos de acupuntura y ejercicios de Qi Gong te fortalecer\u00e1n exactamente donde lo necesitas ahora mismo.<\/p>\n\n\t\t<\/div>\n\t\t\t\t\n<style>\n#col-1901186224 > .col-inner {\n  max-width: 800px;\n}\n<\/style>\n\t<\/div>\n\n\t\n\n<\/div>\n\n\t\t<\/div>\n\n\t\t\n<style>\n#section_2043147113 {\n  padding-top: 0px;\n  padding-bottom: 0px;\n}\n<\/style>\n\t<\/section>\n\t\n\t<div id=\"gap-699826705\" class=\"gap-element clearfix\" style=\"display:block; height:auto;\">\n\t\t\n<style>\n#gap-699826705 {\n  padding-top: 40px;\n}\n<\/style>\n\t<\/div>\n\t\n\n\n\t<section class=\"section single-button\" id=\"section_992795086\">\n\t\t<div class=\"section-bg fill\" >\n\t\t\t\t\t\t\t\t\t\n\t\t\t\n\n\t\t<\/div>\n\n\t\t\n\n\t\t<div class=\"section-content relative\">\n\t\t\t\n\n<div class=\"row row-collapse align-center\"  id=\"row-1440820743\">\n\n\n\t<div id=\"col-1148552694\" class=\"col small-12 large-12\"  >\n\t\t\t\t<div class=\"col-inner text-center\"  >\n\t\t\t\n\t\t\t\n\n<a href=\"\/es\/cuestionario-tcm\/\" class=\"button primary box-shadow-1 button-with-arrow\" style=\"border-radius:6px;\">\n\t\t<span>Iniciar el an\u00e1lisis TCM<\/span>\n\t<\/a>\n\n\n\n\t\t<\/div>\n\t\t\t\t\n<style>\n#col-1148552694 > .col-inner {\n  max-width: 800px;\n}\n<\/style>\n\t<\/div>\n\n\t\n\n<\/div>\n\n\t\t<\/div>\n\n\t\t\n<style>\n#section_992795086 {\n  padding-top: 0px;\n  padding-bottom: 0px;\n}\n<\/style>\n\t<\/section>\n\t\n\t<div id=\"gap-117767620\" class=\"gap-element clearfix\" style=\"display:block; height:auto;\">\n\t\t\n<style>\n#gap-117767620 {\n  padding-top: 20px;\n}\n<\/style>\n\t<\/div>\n\t\n\n\n\t<section class=\"section text\" id=\"section_952267968\">\n\t\t<div class=\"section-bg fill\" >\n\t\t\t\t\t\t\t\t\t\n\t\t\t\n\n\t\t<\/div>\n\n\t\t\n\n\t\t<div class=\"section-content relative\">\n\t\t\t\n\n<div class=\"row row-collapse align-center\"  id=\"row-172799255\">\n\n\n\t<div id=\"col-60849824\" class=\"col small-12 large-12\"  >\n\t\t\t\t<div class=\"col-inner text-center\"  >\n\t\t\t\n\t\t\t\n\n<h2>\u00bfPor qu\u00e9 un an\u00e1lisis MTC?<\/h2>\n<p>El \u00e9xito de cualquier tratamiento de MTC comienza con un diagn\u00f3stico preciso. <strong>An\u00e1lisis en l\u00ednea<\/strong> una imagen clara de tus patrones energ\u00e9ticos en s\u00f3lo unos minutos.<\/p>\n<p>Descubrir\u00e1 desequilibrios estresantes y bloqueos ocultos, averiguar\u00e1 qu\u00e9 pasos iniciales le fortalecer\u00e1n de inmediato y sentar\u00e1 usted mismo las bases de una mayor vitalidad. De este modo, tomar\u00e1 activamente las riendas de su bienestar y empezar\u00e1 su vida cotidiana con nuevas ganas de actuar.<\/p>\n\n\t\t<\/div>\n\t\t\t\t\n<style>\n#col-60849824 > .col-inner {\n  max-width: 800px;\n}\n<\/style>\n\t<\/div>\n\n\t\n\n<\/div>\n<div class=\"row row-collapse align-center\"  id=\"row-785700896\">\n\n\n\t<div id=\"col-1167873508\" class=\"col small-12 large-12\"  >\n\t\t\t\t<div class=\"col-inner text-left\"  >\n\t\t\t\n\t\t\t\n\n<h2>C\u00f3mo funciona el an\u00e1lisis TCM<\/h2>\n<ol>\n<li><strong>Respuestas sinceras para una visi\u00f3n real<\/strong><br \/>Responda a nuestras preguntas sobre su salud y estilo de vida.<\/li>\n<li><strong>Evaluaci\u00f3n inteligente<\/strong><br \/>Creamos un diagn\u00f3stico energ\u00e9tico personalizado basado en la informaci\u00f3n que nos facilites.<\/li>\n<li><strong>Recomendaciones espec\u00edficas<\/strong><br \/>Recibir\u00e1 un correo electr\u00f3nico:\n<ul class=\"square yellow\">\n<li>Preparados a base de plantas a medida<\/li>\n<li>Puntos de acupuntura adecuados para el autotratamiento<\/li>\n<li>Un breve programa de Qi Gong para probar de inmediato<\/li>\n<li>Otros consejos interesantes, por ejemplo en el \u00e1mbito de la nutrici\u00f3n<\/li>\n<\/ul>\n<\/li>\n<li><strong>Equilibrio sostenible<\/strong><br \/>Repita el an\u00e1lisis en 4-6 meses para seguir sus progresos y ajustar sus recomendaciones.<\/li>\n<\/ol>\n\n\t\t<\/div>\n\t\t\t\t\n<style>\n#col-1167873508 > .col-inner {\n  max-width: 800px;\n}\n<\/style>\n\t<\/div>\n\n\t\n\n<\/div>\n<div class=\"row row-collapse align-center\"  id=\"row-2119453957\">\n\n\n\t<div id=\"col-1371024720\" class=\"col small-12 large-12\"  >\n\t\t\t\t<div class=\"col-inner text-center\"  >\n\t\t\t\n\t\t\t\n\n<div class=\"row row-collapse align-center\"  id=\"row-1591399400\">\n\n\n\t<div id=\"col-1330155503\" class=\"col small-12 large-12\"  >\n\t\t\t\t<div class=\"col-inner text-left\"  >\n\t\t\t\n\t\t\t\n\n<h3>Sus ventajas<\/h3>\n<ul class=\"check\">\n<li>M\u00e1s energ\u00eda en la vida cotidiana<\/li>\n<li>Una sensaci\u00f3n corporal m\u00e1s consciente<\/li>\n<li>Bienestar sostenible<\/li>\n<\/ul>\n<h3>Su opini\u00f3n<\/h3>\n<ul class=\"check\">\n<li>Una visi\u00f3n clara de su situaci\u00f3n energ\u00e9tica<\/li>\n<li>Consejos concretos que puede poner en pr\u00e1ctica inmediatamente<\/li>\n<\/ul>\n<h3>A toda m\u00e1quina<\/h3>\n<p>Con su an\u00e1lisis de MTC, iniciar\u00e1 un nuevo ciclo energ\u00e9tico, lleno de claridad, fuerza y nuevas ganas de actuar.<\/p>\n\n\t\t<\/div>\n\t\t\t\t\n<style>\n#col-1330155503 > .col-inner {\n  max-width: 800px;\n}\n<\/style>\n\t<\/div>\n\n\t\n\n<\/div>\n\t<div id=\"gap-137326675\" class=\"gap-element clearfix\" style=\"display:block; height:auto;\">\n\t\t\n<style>\n#gap-137326675 {\n  padding-top: 20px;\n}\n<\/style>\n\t<\/div>\n\t\n\n\n\t\t<\/div>\n\t\t\t\t\n<style>\n#col-1371024720 > .col-inner {\n  padding: 0px 0px 16px 0px;\n  max-width: 960px;\n}\n<\/style>\n\t<\/div>\n\n\t\n\n<\/div>\n<div class=\"row row-collapse align-center\"  id=\"row-169085694\">\n\n\n\n<\/div>\n<div class=\"row row-collapse align-center\"  id=\"row-676227424\">\n\n\n\t<div id=\"col-95289776\" class=\"col small-12 large-12\"  >\n\t\t\t\t<div class=\"col-inner text-center\"  >\n\t\t\t\n\t\t\t\n\n<h2>Qu\u00e9 m\u00e1s debe saber...<\/h2>\n\n\t\t<\/div>\n\t\t\t\t\n<style>\n#col-95289776 > .col-inner {\n  max-width: 960px;\n}\n<\/style>\n\t<\/div>\n\n\t\n\n<\/div>\n<div class=\"row row-collapse align-center\"  id=\"row-187171680\">\n\n\n\t<div id=\"col-250815328\" class=\"col small-12 large-12\"  >\n\t\t\t\t<div class=\"col-inner text-left\"  >\n\t\t\t\n\t\t\t\n\n<p>Su an\u00e1lisis de MTC no sustituye una visita al m\u00e9dico de MTC con un diagn\u00f3stico del pulso, la lengua y la cara.<\/p>\n<p><strong>IMPORTANTE:<\/strong> Sus datos s\u00f3lo se utilizar\u00e1n para la evaluaci\u00f3n \u00fanica y luego se eliminar\u00e1n de conformidad con el GDPR - damos gran importancia a la protecci\u00f3n de datos.<\/p>\n\n\t\t<\/div>\n\t\t\t\t\n<style>\n#col-250815328 > .col-inner {\n  max-width: 800px;\n}\n<\/style>\n\t<\/div>\n\n\t\n\n<\/div>\n\n\t\t<\/div>\n\n\t\t\n<style>\n#section_952267968 {\n  padding-top: 0px;\n  padding-bottom: 0px;\n}\n<\/style>\n\t<\/section>\n\t\n\t<div id=\"gap-1027443183\" class=\"gap-element clearfix\" style=\"display:block; height:auto;\">\n\t\t\n<style>\n#gap-1027443183 {\n  padding-top: 40px;\n}\n<\/style>\n\t<\/div>\n\t\n\n\n\t<section class=\"section single-button\" id=\"section_52451308\">\n\t\t<div class=\"section-bg fill\" >\n\t\t\t\t\t\t\t\t\t\n\t\t\t\n\n\t\t<\/div>\n\n\t\t\n\n\t\t<div class=\"section-content relative\">\n\t\t\t\n\n<div class=\"row row-collapse align-center\"  id=\"row-1937538979\">\n\n\n\t<div id=\"col-675318257\" class=\"col small-12 large-12\"  >\n\t\t\t\t<div class=\"col-inner text-center\"  >\n\t\t\t\n\t\t\t\n\n<a href=\"\/es\/cuestionario-tcm\/\" class=\"button primary box-shadow-1 expand button-with-arrow\" style=\"border-radius:6px;\">\n\t\t<span>An\u00e1lisis TCM Empiece ahora<\/span>\n\t<\/a>\n\n\n\t<div id=\"gap-1101296954\" class=\"gap-element clearfix\" style=\"display:block; height:auto;\">\n\t\t\n<style>\n#gap-1101296954 {\n  padding-top: 20px;\n}\n<\/style>\n\t<\/div>\n\t\n\n<p style=\"text-align: center;\"><strong>Inicie ahora su an\u00e1lisis de MTC para obtener m\u00e1s claridad, fuerza y equilibrio.<\/strong><\/p>\n\n\t\t<\/div>\n\t\t\t\t\n<style>\n#col-675318257 > .col-inner {\n  max-width: 800px;\n}\n<\/style>\n\t<\/div>\n\n\t\n\n<\/div>\n\n\t\t<\/div>\n\n\t\t\n<style>\n#section_52451308 {\n  padding-top: 0px;\n  padding-bottom: 0px;\n}\n<\/style>\n\t<\/section>\n\t\n\n\n\n<style>\nul.check { padding: 8px 0 0 0; }\n.question-text p { margin-left: 20px; }\nul.square {\n    list-style: none;\n    padding: 10px 0 0 0;\n    margin: 0;\n}\nul.square li {\n    padding-left: 2px;\n    text-indent: -26px;\n    margin-left: 20px;\n}\nul.yellow li:before {\n    color: #ffb600;\n}\nul.square li:before {\n    content: \"\u25a0\";\n    font-size: 30px;\n    font-family: Arial, Helvetica, sans-serif;\n    line-height: 0;\n    margin-right: 4px;\n    position: relative;\n}\n.row.opening-question {\n    background-color: #fff;\n    padding: 10px;\n    border-radius: 10px;\n    border: 1px solid #000a0d;\n}\n@media only screen and (max-width: 799px) {\n.opening-question .medium-1 {\n    flex-basis: 100%;\n    max-width: 100%;\n}\n.opening-question .medium-1  img {\n    max-height: 70px;\n    margin-bottom: 20px;\n}\n@media only screen and (max-width: 480px) {\n\t.button span {\n\t\tline-height: 1.3;\n\t}\n}\n<\/style>","protected":false},"excerpt":{"rendered":"","protected":false},"author":3,"featured_media":0,"parent":0,"menu_order":0,"comment_status":"closed","ping_status":"closed","template":"page-blank.php","meta":{"_acf_changed":false,"footnotes":""},"class_list":["post-18250","page","type-page","status-publish","hentry"],"acf":[],"yoast_head":"<!-- This site is optimized with the Yoast SEO plugin v27.1.1 - https:\/\/yoast.com\/product\/yoast-seo-wordpress\/ -->\n<title>Deine TCM\u2013Analyse | meine-TCM.com<\/title>\n<meta name=\"description\" content=\"Erhalte in wenigen Minuten Dein pers\u00f6nliches Energieprofil mit der TCM\u2013Analyse\u00a0\u2014 ma\u00dfgeschneiderte Kr\u00e4uter\u2013, Akupunktur\u2013 und Qi\u00a0Gong\u2013Tipps f\u00fcr mehr Balance und Vitalit\u00e4t.\" \/>\n<meta name=\"robots\" content=\"index, follow, max-snippet:-1, max-image-preview:large, max-video-preview:-1\" \/>\n<link rel=\"canonical\" href=\"https:\/\/www.meine-tcm.com\/es\/analisis-tcm\/\" \/>\n<meta property=\"og:locale\" content=\"es_ES\" \/>\n<meta property=\"og:type\" content=\"article\" \/>\n<meta property=\"og:title\" content=\"Deine TCM\u2013Analyse | meine-TCM.com\" \/>\n<meta property=\"og:description\" content=\"Erhalte in wenigen Minuten Dein pers\u00f6nliches Energieprofil mit der TCM\u2013Analyse\u00a0\u2014 ma\u00dfgeschneiderte Kr\u00e4uter\u2013, Akupunktur\u2013 und Qi\u00a0Gong\u2013Tipps f\u00fcr mehr Balance und Vitalit\u00e4t.\" \/>\n<meta property=\"og:url\" content=\"https:\/\/www.meine-tcm.com\/es\/analisis-tcm\/\" \/>\n<meta property=\"og:site_name\" content=\"meine TCM | Traditionelle Chinesische Medizin einfach erkl\u00e4rt\" \/>\n<meta property=\"article:modified_time\" content=\"2025-07-30T12:57:56+00:00\" \/>\n<meta name=\"twitter:card\" content=\"summary_large_image\" \/>\n<meta name=\"twitter:label1\" content=\"Tiempo de lectura\" \/>\n\t<meta name=\"twitter:data1\" content=\"4 minutos\" \/>\n<script type=\"application\/ld+json\" class=\"yoast-schema-graph\">{\"@context\":\"https:\/\/schema.org\",\"@graph\":[{\"@type\":\"WebPage\",\"@id\":\"https:\/\/www.meine-tcm.com\/tcm-analyse\/\",\"url\":\"https:\/\/www.meine-tcm.com\/tcm-analyse\/\",\"name\":\"Deine TCM\u2013Analyse | meine-TCM.com\",\"isPartOf\":{\"@id\":\"https:\/\/www.meine-tcm.com\/#website\"},\"datePublished\":\"2025-04-17T15:44:51+00:00\",\"dateModified\":\"2025-07-30T12:57:56+00:00\",\"description\":\"Erhalte in wenigen Minuten Dein pers\u00f6nliches Energieprofil mit der TCM\u2013Analyse\u00a0\u2014 ma\u00dfgeschneiderte Kr\u00e4uter\u2013, Akupunktur\u2013 und Qi\u00a0Gong\u2013Tipps f\u00fcr mehr Balance und Vitalit\u00e4t.\",\"breadcrumb\":{\"@id\":\"https:\/\/www.meine-tcm.com\/tcm-analyse\/#breadcrumb\"},\"inLanguage\":\"es\",\"potentialAction\":[{\"@type\":\"ReadAction\",\"target\":[\"https:\/\/www.meine-tcm.com\/tcm-analyse\/\"]}]},{\"@type\":\"BreadcrumbList\",\"@id\":\"https:\/\/www.meine-tcm.com\/tcm-analyse\/#breadcrumb\",\"itemListElement\":[{\"@type\":\"ListItem\",\"position\":1,\"name\":\"Home\",\"item\":\"https:\/\/www.meine-tcm.com\/\"},{\"@type\":\"ListItem\",\"position\":2,\"name\":\"Deine TCM\u2013Analyse\"}]},{\"@type\":\"WebSite\",\"@id\":\"https:\/\/www.meine-tcm.com\/#website\",\"url\":\"https:\/\/www.meine-tcm.com\/\",\"name\":\"meine TCM | Traditionelle Chinesische Medizin einfach erkl\u00e4rt\",\"description\":\"Einfach gesund bleiben\",\"publisher\":{\"@id\":\"https:\/\/www.meine-tcm.com\/#organization\"},\"potentialAction\":[{\"@type\":\"SearchAction\",\"target\":{\"@type\":\"EntryPoint\",\"urlTemplate\":\"https:\/\/www.meine-tcm.com\/?s={search_term_string}\"},\"query-input\":{\"@type\":\"PropertyValueSpecification\",\"valueRequired\":true,\"valueName\":\"search_term_string\"}}],\"inLanguage\":\"es\"},{\"@type\":\"Organization\",\"@id\":\"https:\/\/www.meine-tcm.com\/#organization\",\"name\":\"meine-TCM.com \u2014 Traditionelle chinesische Medizin einfach erkl\u00e4rt\",\"url\":\"https:\/\/www.meine-tcm.com\/\",\"logo\":{\"@type\":\"ImageObject\",\"inLanguage\":\"es\",\"@id\":\"https:\/\/www.meine-tcm.com\/#\/schema\/logo\/image\/\",\"url\":\"https:\/\/www.meine-tcm.com\/wp-content\/uploads\/2022\/08\/meine-tcm-traditionelle-chinesische-medizin-einfach-erklaert.png\",\"contentUrl\":\"https:\/\/www.meine-tcm.com\/wp-content\/uploads\/2022\/08\/meine-tcm-traditionelle-chinesische-medizin-einfach-erklaert.png\",\"width\":559,\"height\":479,\"caption\":\"meine-TCM.com \u2014 Traditionelle chinesische Medizin einfach erkl\u00e4rt\"},\"image\":{\"@id\":\"https:\/\/www.meine-tcm.com\/#\/schema\/logo\/image\/\"},\"sameAs\":[\"https:\/\/www.instagram.com\/meinetcm\/\",\"https:\/\/www.youtube.com\/@EinfachbesserLeben\"]}]}<\/script>\n<!-- \/ Yoast SEO plugin. -->","yoast_head_json":{"title":"Su an\u00e1lisis TCM | my-TCM.com","description":"Reciba su perfil energ\u00e9tico personal en s\u00f3lo unos minutos con el an\u00e1lisis de MTC: consejos personalizados de fitoterapia, acupuntura y Qi Gong para un mayor equilibrio y vitalidad.","robots":{"index":"index","follow":"follow","max-snippet":"max-snippet:-1","max-image-preview":"max-image-preview:large","max-video-preview":"max-video-preview:-1"},"canonical":"https:\/\/www.meine-tcm.com\/es\/analisis-tcm\/","og_locale":"es_ES","og_type":"article","og_title":"Deine TCM\u2013Analyse | meine-TCM.com","og_description":"Erhalte in wenigen Minuten Dein pers\u00f6nliches Energieprofil mit der TCM\u2013Analyse\u00a0\u2014 ma\u00dfgeschneiderte Kr\u00e4uter\u2013, Akupunktur\u2013 und Qi\u00a0Gong\u2013Tipps f\u00fcr mehr Balance und Vitalit\u00e4t.","og_url":"https:\/\/www.meine-tcm.com\/es\/analisis-tcm\/","og_site_name":"meine TCM | Traditionelle Chinesische Medizin einfach erkl\u00e4rt","article_modified_time":"2025-07-30T12:57:56+00:00","twitter_card":"summary_large_image","twitter_misc":{"Tiempo de lectura":"4 minutos"},"schema":{"@context":"https:\/\/schema.org","@graph":[{"@type":"WebPage","@id":"https:\/\/www.meine-tcm.com\/tcm-analyse\/","url":"https:\/\/www.meine-tcm.com\/tcm-analyse\/","name":"Su an\u00e1lisis TCM | my-TCM.com","isPartOf":{"@id":"https:\/\/www.meine-tcm.com\/#website"},"datePublished":"2025-04-17T15:44:51+00:00","dateModified":"2025-07-30T12:57:56+00:00","description":"Reciba su perfil energ\u00e9tico personal en s\u00f3lo unos minutos con el an\u00e1lisis de MTC: consejos personalizados de fitoterapia, acupuntura y Qi Gong para un mayor equilibrio y vitalidad.","breadcrumb":{"@id":"https:\/\/www.meine-tcm.com\/tcm-analyse\/#breadcrumb"},"inLanguage":"es","potentialAction":[{"@type":"ReadAction","target":["https:\/\/www.meine-tcm.com\/tcm-analyse\/"]}]},{"@type":"BreadcrumbList","@id":"https:\/\/www.meine-tcm.com\/tcm-analyse\/#breadcrumb","itemListElement":[{"@type":"ListItem","position":1,"name":"Home","item":"https:\/\/www.meine-tcm.com\/"},{"@type":"ListItem","position":2,"name":"Deine TCM\u2013Analyse"}]},{"@type":"WebSite","@id":"https:\/\/www.meine-tcm.com\/#website","url":"https:\/\/www.meine-tcm.com\/","name":"mi MTC | Medicina Tradicional China explicada de forma sencilla","description":"Mant\u00e9ngase sano","publisher":{"@id":"https:\/\/www.meine-tcm.com\/#organization"},"potentialAction":[{"@type":"SearchAction","target":{"@type":"EntryPoint","urlTemplate":"https:\/\/www.meine-tcm.com\/?s={search_term_string}"},"query-input":{"@type":"PropertyValueSpecification","valueRequired":true,"valueName":"search_term_string"}}],"inLanguage":"es"},{"@type":"Organization","@id":"https:\/\/www.meine-tcm.com\/#organization","name":"meine-TCM.com - La Medicina Tradicional China explicada de forma sencilla","url":"https:\/\/www.meine-tcm.com\/","logo":{"@type":"ImageObject","inLanguage":"es","@id":"https:\/\/www.meine-tcm.com\/#\/schema\/logo\/image\/","url":"https:\/\/www.meine-tcm.com\/wp-content\/uploads\/2022\/08\/meine-tcm-traditionelle-chinesische-medizin-einfach-erklaert.png","contentUrl":"https:\/\/www.meine-tcm.com\/wp-content\/uploads\/2022\/08\/meine-tcm-traditionelle-chinesische-medizin-einfach-erklaert.png","width":559,"height":479,"caption":"meine-TCM.com \u2014 Traditionelle chinesische Medizin einfach erkl\u00e4rt"},"image":{"@id":"https:\/\/www.meine-tcm.com\/#\/schema\/logo\/image\/"},"sameAs":["https:\/\/www.instagram.com\/meinetcm\/","https:\/\/www.youtube.com\/@EinfachbesserLeben"]}]}},"wps_subtitle":"","_links":{"self":[{"href":"https:\/\/www.meine-tcm.com\/es\/wp-json\/wp\/v2\/pages\/18250","targetHints":{"allow":["GET"]}}],"collection":[{"href":"https:\/\/www.meine-tcm.com\/es\/wp-json\/wp\/v2\/pages"}],"about":[{"href":"https:\/\/www.meine-tcm.com\/es\/wp-json\/wp\/v2\/types\/page"}],"author":[{"embeddable":true,"href":"https:\/\/www.meine-tcm.com\/es\/wp-json\/wp\/v2\/users\/3"}],"replies":[{"embeddable":true,"href":"https:\/\/www.meine-tcm.com\/es\/wp-json\/wp\/v2\/comments?post=18250"}],"version-history":[{"count":0,"href":"https:\/\/www.meine-tcm.com\/es\/wp-json\/wp\/v2\/pages\/18250\/revisions"}],"wp:attachment":[{"href":"https:\/\/www.meine-tcm.com\/es\/wp-json\/wp\/v2\/media?parent=18250"}],"curies":[{"name":"wp","href":"https:\/\/api.w.org\/{rel}","templated":true}]}}