{"id":11,"date":"2020-03-09T10:53:08","date_gmt":"2020-03-09T09:53:08","guid":{"rendered":"https:\/\/www.tcmapo.de\/agb\/"},"modified":"2025-09-28T14:16:46","modified_gmt":"2025-09-28T12:16:46","slug":"agb","status":"publish","type":"page","link":"https:\/\/www.meine-tcm.com\/es\/agb\/","title":{"rendered":"GTC"},"content":{"rendered":"<section class=\"section h1-h3\" id=\"section_602862396\">\n\t\t<div class=\"section-bg fill\" >\n\t\t\t\t\t\t\t\t\t\n\t\t\t\n\n\t\t<\/div>\n\n\t\t\n\n\t\t<div class=\"section-content relative\">\n\t\t\t\n\n<div class=\"row row-collapse align-center\"  id=\"row-1376128674\">\n\n\n\t<div id=\"col-13057501\" class=\"col small-12 large-12\"  >\n\t\t\t\t<div class=\"col-inner text-center\"  >\n\t\t\t\n\t\t\t\n\n<h1>Condiciones generales<\/h1>\n\n\t\t<\/div>\n\t\t\t\t\n<style>\n#col-13057501 > .col-inner {\n  max-width: 960px;\n}\n<\/style>\n\t<\/div>\n\n\t\n\n<\/div>\n\n\t\t<\/div>\n\n\t\t\n<style>\n#section_602862396 {\n  padding-top: 0px;\n  padding-bottom: 0px;\n}\n<\/style>\n\t<\/section>\n\t\n\t<div id=\"gap-471815128\" class=\"gap-element clearfix\" style=\"display:block; height:auto;\">\n\t\t\n<style>\n#gap-471815128 {\n  padding-top: 40px;\n}\n<\/style>\n\t<\/div>\n\t\n\n\n\t<section class=\"section text\" id=\"section_1114346093\">\n\t\t<div class=\"section-bg fill\" >\n\t\t\t\t\t\t\t\t\t\n\t\t\t\n\n\t\t<\/div>\n\n\t\t\n\n\t\t<div class=\"section-content relative\">\n\t\t\t\n\n<div class=\"row row-collapse align-center max-width-800\"  id=\"row-1996388779\">\n\n\n\t<div id=\"col-265510282\" class=\"col small-12 large-12\"  >\n\t\t\t\t<div class=\"col-inner text-left\"  >\n\t\t\t\n\t\t\t\n\n<p>Condiciones contractuales en el contexto de los contratos de compra celebrados a trav\u00e9s de la plataforma <a href=\"https:\/\/www.meine-tcm.com\/es\/\">www.meine-tcm.com<\/a><\/p>\n<p>entre<\/p>\n\n\t\t<\/div>\n\t\t\t\t\n<style>\n#col-265510282 > .col-inner {\n  max-width: 800px;\n}\n<\/style>\n\t<\/div>\n\n\t\n\n\t<div id=\"col-680056750\" class=\"col margin-auto medium-8 small-12 large-8\"  >\n\t\t\t\t<div class=\"col-inner text-left\"  >\n\t\t\t\n\t\t\t\n\n<p><em><strong><a href=\"https:\/\/www.youtube.com\/@Einfachbesserleben\" target=\"_blank\" rel=\"noopener\">Simplemente vive mejor<\/a> (YouTube)<\/strong><\/em><br \/>EBL Media Production OG<br \/>Andreas-Hofer-Strasse 29<br \/>6020 Innsbruck<br \/>Austria<\/p>\n<p>- en lo sucesivo \"Proveedor\" -.<\/p>\n<p><\/p>\n\n\t\t<\/div>\n\t\t\t\t\t<\/div>\n\n\t\n\n\t<div id=\"col-2075881172\" class=\"col margin-auto medium-4 small-12 large-4\"  >\n\t\t\t\t<div class=\"col-inner text-left\"  >\n\t\t\t\n\t\t\t\n\n\t<div class=\"img has-hover x md-x lg-x y md-y lg-y\" id=\"image_2089557642\">\n\t\t\t\t\t\t\t\t<div class=\"img-inner dark\" >\n\t\t\t<img loading=\"lazy\" decoding=\"async\" width=\"360\" height=\"360\" src=\"https:\/\/www.meine-tcm.com\/wp-content\/uploads\/2020\/08\/wolfgang-von-ebl.png\" class=\"attachment-large size-large\" alt=\"Retrato de Wolfgang\" srcset=\"https:\/\/www.meine-tcm.com\/wp-content\/uploads\/2020\/08\/wolfgang-von-ebl.png 360w, https:\/\/www.meine-tcm.com\/wp-content\/uploads\/2020\/08\/wolfgang-von-ebl-100x100.png 100w, https:\/\/www.meine-tcm.com\/wp-content\/uploads\/2020\/08\/wolfgang-von-ebl-280x280.png 280w\" sizes=\"auto, (max-width: 360px) 100vw, 360px\" title=\"Wolfgang de EBL - mi TCM\" \/>\t\t\t\t\t\t\n\t\t\t\t\t<\/div>\n\t\t\t\t\t\t\t\t\n<style>\n#image_2089557642 {\n  width: 100%;\n}\n<\/style>\n\t<\/div>\n\t\n\n\t<div id=\"text-1765582200\" class=\"text\">\n\t\t\n\n<p style=\"font-size: 18px; text-align: center; line-height: 1.4;\"><em>Wolfgang de \"Simplemente vivir mejor\"<\/em><\/p>\n\t\t\n<style>\n#text-1765582200 {\n  text-align: center;\n}\n<\/style>\n\t<\/div>\n\t\n\n\t\t<\/div>\n\t\t\t\t\n<style>\n#col-2075881172 > .col-inner {\n  max-width: 800px;\n}\n<\/style>\n\t<\/div>\n\n\t\n\n\t<div id=\"col-1878980144\" class=\"col margin-auto small-12 large-12\"  >\n\t\t\t\t<div class=\"col-inner text-center\"  >\n\t\t\t\n\t\t\t\n\n<p>y<\/p>\n<p>los usuarios de esta plataforma designados en el \u00a7 2 de estas CGC - en lo sucesivo denominados \"Cliente\/Clientes\".<\/p>\n<h3>\u00a7 1 \u00c1mbito de aplicaci\u00f3n, definiciones<\/h3>\n<p>(1) La relaci\u00f3n comercial entre el proveedor y el cliente se regir\u00e1 exclusivamente por las siguientes Condiciones Generales en la versi\u00f3n vigente en el momento del pedido. No se reconocer\u00e1n condiciones divergentes del cliente a menos que el proveedor acepte expresamente su validez por escrito.<\/p>\n<p>(2) La venta de productos digitales estar\u00e1 sujeta a las restricciones que se desprendan de la descripci\u00f3n del producto o que resulten de las circunstancias, en particular los acuerdos de licencia adjuntos a los productos digitales. En caso de duda, s\u00f3lo se concede el uso privado y comercial sin derecho a reventa o sublicencia.<\/p>\n<h3>\u00a7 2 Celebraci\u00f3n del contrato<\/h3>\n<p>(1) El cliente puede seleccionar productos de la gama del proveedor y reunirlos en una denominada cesta de la compra mediante el bot\u00f3n \"A\u00f1adir a la cesta\". Al hacer clic en el bot\u00f3n \"Comprar ahora\", el cliente env\u00eda una solicitud vinculante de compra de los productos de la cesta de la compra. Antes de enviar el pedido, el cliente puede modificar y consultar los datos en cualquier momento.<\/p>\n<p>(2) A continuaci\u00f3n, el proveedor enviar\u00e1 al cliente un acuse de recibo autom\u00e1tico con el asunto \"Confirmaci\u00f3n de su pedido en Einfach besser leben\" por correo electr\u00f3nico, en el que se volver\u00e1 a enumerar el pedido del cliente y que \u00e9ste podr\u00e1 imprimir mediante la funci\u00f3n \"Imprimir\". El pedido del cliente (1) representa la oferta de celebrar un contrato con el respectivo contenido de la cesta de la compra. El acuse de recibo (confirmaci\u00f3n del pedido) representa la aceptaci\u00f3n de la oferta por parte del proveedor. En ella se resume el contenido del pedido. En este correo electr\u00f3nico o en otro, pero a m\u00e1s tardar en el momento de la entrega de la mercanc\u00eda, enviamos al cliente el texto del contrato (compuesto por el pedido, las CGC y la confirmaci\u00f3n del pedido) en un soporte de datos permanente (correo electr\u00f3nico o impresi\u00f3n en papel). El texto del contrato se almacena de conformidad con la normativa sobre protecci\u00f3n de datos.<\/p>\n<p>(3) El contrato se celebrar\u00e1 en las siguientes lenguas: Alem\u00e1n.<\/p>\n<h3>\u00a7 3 Entrega, disponibilidad de las mercanc\u00edas, condiciones de pago<\/h3>\n<p>(1) Los plazos de entrega indicados por nosotros se calculan a partir de la fecha de nuestra confirmaci\u00f3n de pedido (\u00a7 2 (2) de estas CGC), previo pago del precio de compra.<\/p>\n<p>(2) Si el producto especificado por el cliente en el pedido s\u00f3lo no est\u00e1 disponible temporalmente, el proveedor tambi\u00e9n informar\u00e1 de ello al cliente inmediatamente. En caso de un retraso en la entrega de m\u00e1s de dos semanas, el cliente tendr\u00e1 derecho a rescindir el contrato. En este caso, el proveedor tambi\u00e9n tendr\u00e1 derecho a rescindir el contrato. En este caso, reembolsar\u00e1 inmediatamente los pagos ya efectuados por el cliente.<\/p>\n<p>(3) El cliente puede hacer el pago por adelantado, PayPal, PayPal Checkout, tarjeta de cr\u00e9dito (Stripe), SOFORT.<\/p>\n<p>(4) El pago del precio de compra vence inmediatamente despu\u00e9s de la celebraci\u00f3n del contrato. Si la fecha de vencimiento del pago viene determinada por el calendario, el cliente ya incurre en mora al incumplir el plazo.<\/p>\n<h3>\u00a7 4 Reserva de dominio<\/h3>\n<p>Los bienes entregados seguir\u00e1n siendo propiedad del proveedor hasta que se haya abonado \u00edntegramente el precio de compra.<\/p>\n<h3>\u00a7 5 Precios y gastos de env\u00edo<\/h3>\n<p>(1) Todos los precios indicados en el sitio web del proveedor incluyen el impuesto sobre el valor a\u00f1adido legal aplicable.<\/p>\n<p>(2) Los gastos de env\u00edo correspondientes se indican al cliente en el formulario de pedido y corren a su cargo, a menos que el cliente haga uso de alg\u00fan derecho de cancelaci\u00f3n.<\/p>\n<p>(3) En caso de cancelaci\u00f3n, el cliente correr\u00e1 con los gastos directos del env\u00edo de vuelta.<\/p>\n<h3>\u00a7 6 Garant\u00eda por defectos materiales<\/h3>\n<p>(1) El proveedor es responsable de los defectos materiales de acuerdo con las disposiciones legales aplicables, en particular \u00a7\u00a7 434 ss. BGB. El periodo de garant\u00eda para los bienes entregados por el proveedor a los empresarios es de 12 meses.<\/p>\n<h3>\u00a7 7 Responsabilidad<\/h3>\n<p>(1) Quedan excluidas las reclamaciones del cliente por da\u00f1os y perjuicios. Quedan excluidas las reclamaciones por da\u00f1os y perjuicios del cliente derivadas de lesiones a la vida, la integridad f\u00edsica o la salud o del incumplimiento de obligaciones contractuales esenciales (obligaciones cardinales), as\u00ed como la responsabilidad por otros da\u00f1os y perjuicios basada en un incumplimiento intencionado o por negligencia grave de las obligaciones por parte del proveedor, sus representantes legales o auxiliares ejecutivos. Las obligaciones contractuales esenciales son aquellas cuyo cumplimiento es necesario para alcanzar el objetivo del contrato.<\/p>\n<p>(2) En caso de incumplimiento de las obligaciones contractuales esenciales, el proveedor s\u00f3lo ser\u00e1 responsable de los da\u00f1os previsibles t\u00edpicos del contrato si \u00e9stos han sido causados por negligencia simple, a menos que las reclamaciones del cliente por da\u00f1os se basen en lesiones a la vida, la integridad f\u00edsica o la salud.<\/p>\n<p>(3) Las restricciones de los apartados 1 y 2 tambi\u00e9n se aplican en favor de los representantes legales y auxiliares ejecutivos del prestador si las reclamaciones se hacen valer directamente contra ellos.<\/p>\n<p>(4) Las disposiciones de la Ley de responsabilidad por productos defectuosos no se ver\u00e1n afectadas.<\/p>\n<h3>8. retirada \/ anulaci\u00f3n de retiros<\/h3>\n<h4>8.1 Anulaci\u00f3n por parte de los participantes:<\/h4>\n<p>La cancelaci\u00f3n del retiro es posible en cualquier momento, pero debe hacerse por escrito (basta con enviar un correo electr\u00f3nico). Se aplicar\u00e1n las siguientes condiciones de cancelaci\u00f3n:<\/p>\n<p>Cancelaci\u00f3n hasta 45 d\u00edas antes del inicio del retiro: gratuita.<\/p>\n<p>Cancelaci\u00f3n entre 45 y 30 d\u00edas antes del inicio del retiro: se retendr\u00e1 el 50 % del precio del curso.<\/p>\n<p>Cancelaci\u00f3n menos de 30 d\u00edas antes del inicio del retiro: se retendr\u00e1 el 100 % del precio del curso.<\/p>\n<h4>8.2 Recomendaci\u00f3n de seguro de viaje:<\/h4>\n<p>Le recomendamos que contrate un seguro de viaje y anulaci\u00f3n, por ejemplo con Europ\u00e4ische Reiseversicherung AG(www.europaeische.at), para protegerse en caso de enfermedad u otros imprevistos.<\/p>\n<h4>8.3 Retirada por parte del Organizador:<\/h4>\n<p>El organizador se reserva el derecho de cancelar el retiro si no se alcanza el n\u00famero m\u00ednimo de participantes, en caso de enfermedad del animador o de fuerza mayor. En este caso, se reembolsar\u00e1 el precio \u00edntegro del curso. No se admitir\u00e1n m\u00e1s reclamaciones.<\/p>\n<h3>\u00a7 9 Disposiciones finales<\/h3>\n<p>(1) Para los contratos entre el proveedor y el cliente se aplicar\u00e1 el derecho de la Rep\u00fablica Federal de Alemania, excluyendo la Convenci\u00f3n de las Naciones Unidas sobre los Contratos de Compraventa Internacional de Mercader\u00edas y el derecho internacional privado.<\/p>\n<p>(2) Si el cliente es un comerciante, una persona jur\u00eddica de derecho p\u00fablico o un patrimonio especial de derecho p\u00fablico, el fuero competente para todos los litigios derivados de las relaciones contractuales entre el cliente y el prestador es el domicilio social del prestador.<\/p>\n<p>(3) El contrato seguir\u00e1 siendo vinculante en sus partes restantes incluso si algunos puntos individuales son legalmente inv\u00e1lidos. Los puntos ineficaces ser\u00e1n sustituidos por las disposiciones legales, si las hubiere. No obstante, si esto supusiera una carga excesiva para una de las partes contratantes, el contrato en su conjunto quedar\u00e1 invalidado.<div class=\"woocommerce woocommerce-gzd woocommerce-gzd-complaints-shortcode\">\n\t\t\t<h3>Informaci\u00f3n con arreglo al art\u00edculo 19, apartado 3, de la AStG<\/h3>\n\t\t<p>Ley de resoluci\u00f3n alternativa de litigios - Tiendas en l\u00ednea<\/p>\n\t\nNo estamos obligados ni dispuestos a participar en un procedimiento de resoluci\u00f3n de litigios ante una junta arbitral de consumo.<\/div>\n\n\t\t<\/div>\n\t\t\t\t\n<style>\n#col-1878980144 > .col-inner {\n  max-width: 800px;\n}\n<\/style>\n\t<\/div>\n\n\t\n\n<\/div>\n\n\n<style>\n\n.margin-auto,\n.margin-auto .col-inner {\n  margin: auto !important;\n}\n\n.max-width-800 {\n  max-width: 800px !important;\n}\n\n<\/style>\n\n\n\t\t<\/div>\n\n\t\t\n<style>\n#section_1114346093 {\n  padding-top: 0px;\n  padding-bottom: 0px;\n}\n<\/style>\n\t<\/section>","protected":false},"excerpt":{"rendered":"","protected":false},"author":1,"featured_media":0,"parent":0,"menu_order":0,"comment_status":"closed","ping_status":"closed","template":"","meta":{"_acf_changed":false,"footnotes":""},"class_list":["post-11","page","type-page","status-publish","hentry"],"acf":[],"yoast_head":"<!-- This site is optimized with the Yoast SEO plugin v27.1.1 - https:\/\/yoast.com\/product\/yoast-seo-wordpress\/ -->\n<title>AGB | meine-TCM.com<\/title>\n<meta name=\"description\" content=\"Hier findest du die allgemeinen Gesch\u00e4ftsbedingungen (AGB) von meine-TCM.com. Erl\u00e4utert werden unsere Vertragsbedingungen.\" \/>\n<meta name=\"robots\" content=\"index, follow, max-snippet:-1, max-image-preview:large, max-video-preview:-1\" \/>\n<link rel=\"canonical\" href=\"https:\/\/www.meine-tcm.com\/es\/agb\/\" \/>\n<meta property=\"og:locale\" content=\"es_ES\" \/>\n<meta property=\"og:type\" content=\"article\" \/>\n<meta property=\"og:title\" content=\"AGB | meine-TCM.com\" \/>\n<meta property=\"og:description\" content=\"Hier findest du die allgemeinen Gesch\u00e4ftsbedingungen (AGB) von meine-TCM.com. Erl\u00e4utert werden unsere Vertragsbedingungen.\" \/>\n<meta property=\"og:url\" content=\"https:\/\/www.meine-tcm.com\/es\/agb\/\" \/>\n<meta property=\"og:site_name\" content=\"meine TCM | Traditionelle Chinesische Medizin einfach erkl\u00e4rt\" \/>\n<meta property=\"article:modified_time\" content=\"2025-09-28T12:16:46+00:00\" \/>\n<meta name=\"twitter:card\" content=\"summary_large_image\" \/>\n<meta name=\"twitter:label1\" content=\"Tiempo de lectura\" \/>\n\t<meta name=\"twitter:data1\" content=\"5 minutos\" \/>\n<script type=\"application\/ld+json\" class=\"yoast-schema-graph\">{\"@context\":\"https:\/\/schema.org\",\"@graph\":[{\"@type\":\"WebPage\",\"@id\":\"https:\/\/www.meine-tcm.com\/agb\/\",\"url\":\"https:\/\/www.meine-tcm.com\/agb\/\",\"name\":\"AGB | meine-TCM.com\",\"isPartOf\":{\"@id\":\"https:\/\/www.meine-tcm.com\/#website\"},\"datePublished\":\"2020-03-09T09:53:08+00:00\",\"dateModified\":\"2025-09-28T12:16:46+00:00\",\"description\":\"Hier findest du die allgemeinen Gesch\u00e4ftsbedingungen (AGB) von meine-TCM.com. Erl\u00e4utert werden unsere Vertragsbedingungen.\",\"breadcrumb\":{\"@id\":\"https:\/\/www.meine-tcm.com\/agb\/#breadcrumb\"},\"inLanguage\":\"es\",\"potentialAction\":[{\"@type\":\"ReadAction\",\"target\":[\"https:\/\/www.meine-tcm.com\/agb\/\"]}]},{\"@type\":\"BreadcrumbList\",\"@id\":\"https:\/\/www.meine-tcm.com\/agb\/#breadcrumb\",\"itemListElement\":[{\"@type\":\"ListItem\",\"position\":1,\"name\":\"Home\",\"item\":\"https:\/\/www.meine-tcm.com\/\"},{\"@type\":\"ListItem\",\"position\":2,\"name\":\"AGB\"}]},{\"@type\":\"WebSite\",\"@id\":\"https:\/\/www.meine-tcm.com\/#website\",\"url\":\"https:\/\/www.meine-tcm.com\/\",\"name\":\"meine TCM | Traditionelle Chinesische Medizin einfach erkl\u00e4rt\",\"description\":\"Einfach gesund bleiben\",\"publisher\":{\"@id\":\"https:\/\/www.meine-tcm.com\/#organization\"},\"potentialAction\":[{\"@type\":\"SearchAction\",\"target\":{\"@type\":\"EntryPoint\",\"urlTemplate\":\"https:\/\/www.meine-tcm.com\/?s={search_term_string}\"},\"query-input\":{\"@type\":\"PropertyValueSpecification\",\"valueRequired\":true,\"valueName\":\"search_term_string\"}}],\"inLanguage\":\"es\"},{\"@type\":\"Organization\",\"@id\":\"https:\/\/www.meine-tcm.com\/#organization\",\"name\":\"meine-TCM.com \u2014 Traditionelle chinesische Medizin einfach erkl\u00e4rt\",\"url\":\"https:\/\/www.meine-tcm.com\/\",\"logo\":{\"@type\":\"ImageObject\",\"inLanguage\":\"es\",\"@id\":\"https:\/\/www.meine-tcm.com\/#\/schema\/logo\/image\/\",\"url\":\"https:\/\/www.meine-tcm.com\/wp-content\/uploads\/2022\/08\/meine-tcm-traditionelle-chinesische-medizin-einfach-erklaert.png\",\"contentUrl\":\"https:\/\/www.meine-tcm.com\/wp-content\/uploads\/2022\/08\/meine-tcm-traditionelle-chinesische-medizin-einfach-erklaert.png\",\"width\":559,\"height\":479,\"caption\":\"meine-TCM.com \u2014 Traditionelle chinesische Medizin einfach erkl\u00e4rt\"},\"image\":{\"@id\":\"https:\/\/www.meine-tcm.com\/#\/schema\/logo\/image\/\"},\"sameAs\":[\"https:\/\/www.instagram.com\/meinetcm\/\",\"https:\/\/www.youtube.com\/@EinfachbesserLeben\"]}]}<\/script>\n<!-- \/ Yoast SEO plugin. -->","yoast_head_json":{"title":"AGB | my-TCM.com","description":"Aqu\u00ed encontrar\u00e1 las condiciones generales de contrataci\u00f3n (CGC) de my-TCM.com. Se explican nuestras condiciones contractuales.","robots":{"index":"index","follow":"follow","max-snippet":"max-snippet:-1","max-image-preview":"max-image-preview:large","max-video-preview":"max-video-preview:-1"},"canonical":"https:\/\/www.meine-tcm.com\/es\/agb\/","og_locale":"es_ES","og_type":"article","og_title":"AGB | meine-TCM.com","og_description":"Hier findest du die allgemeinen Gesch\u00e4ftsbedingungen (AGB) von meine-TCM.com. Erl\u00e4utert werden unsere Vertragsbedingungen.","og_url":"https:\/\/www.meine-tcm.com\/es\/agb\/","og_site_name":"meine TCM | Traditionelle Chinesische Medizin einfach erkl\u00e4rt","article_modified_time":"2025-09-28T12:16:46+00:00","twitter_card":"summary_large_image","twitter_misc":{"Tiempo de lectura":"5 minutos"},"schema":{"@context":"https:\/\/schema.org","@graph":[{"@type":"WebPage","@id":"https:\/\/www.meine-tcm.com\/agb\/","url":"https:\/\/www.meine-tcm.com\/agb\/","name":"AGB | my-TCM.com","isPartOf":{"@id":"https:\/\/www.meine-tcm.com\/#website"},"datePublished":"2020-03-09T09:53:08+00:00","dateModified":"2025-09-28T12:16:46+00:00","description":"Aqu\u00ed encontrar\u00e1 las condiciones generales de contrataci\u00f3n (CGC) de my-TCM.com. Se explican nuestras condiciones contractuales.","breadcrumb":{"@id":"https:\/\/www.meine-tcm.com\/agb\/#breadcrumb"},"inLanguage":"es","potentialAction":[{"@type":"ReadAction","target":["https:\/\/www.meine-tcm.com\/agb\/"]}]},{"@type":"BreadcrumbList","@id":"https:\/\/www.meine-tcm.com\/agb\/#breadcrumb","itemListElement":[{"@type":"ListItem","position":1,"name":"Home","item":"https:\/\/www.meine-tcm.com\/"},{"@type":"ListItem","position":2,"name":"AGB"}]},{"@type":"WebSite","@id":"https:\/\/www.meine-tcm.com\/#website","url":"https:\/\/www.meine-tcm.com\/","name":"mi MTC | Medicina Tradicional China explicada de forma sencilla","description":"Mant\u00e9ngase sano","publisher":{"@id":"https:\/\/www.meine-tcm.com\/#organization"},"potentialAction":[{"@type":"SearchAction","target":{"@type":"EntryPoint","urlTemplate":"https:\/\/www.meine-tcm.com\/?s={search_term_string}"},"query-input":{"@type":"PropertyValueSpecification","valueRequired":true,"valueName":"search_term_string"}}],"inLanguage":"es"},{"@type":"Organization","@id":"https:\/\/www.meine-tcm.com\/#organization","name":"meine-TCM.com - La Medicina Tradicional China explicada de forma sencilla","url":"https:\/\/www.meine-tcm.com\/","logo":{"@type":"ImageObject","inLanguage":"es","@id":"https:\/\/www.meine-tcm.com\/#\/schema\/logo\/image\/","url":"https:\/\/www.meine-tcm.com\/wp-content\/uploads\/2022\/08\/meine-tcm-traditionelle-chinesische-medizin-einfach-erklaert.png","contentUrl":"https:\/\/www.meine-tcm.com\/wp-content\/uploads\/2022\/08\/meine-tcm-traditionelle-chinesische-medizin-einfach-erklaert.png","width":559,"height":479,"caption":"meine-TCM.com \u2014 Traditionelle chinesische Medizin einfach erkl\u00e4rt"},"image":{"@id":"https:\/\/www.meine-tcm.com\/#\/schema\/logo\/image\/"},"sameAs":["https:\/\/www.instagram.com\/meinetcm\/","https:\/\/www.youtube.com\/@EinfachbesserLeben"]}]}},"wps_subtitle":"","_links":{"self":[{"href":"https:\/\/www.meine-tcm.com\/es\/wp-json\/wp\/v2\/pages\/11","targetHints":{"allow":["GET"]}}],"collection":[{"href":"https:\/\/www.meine-tcm.com\/es\/wp-json\/wp\/v2\/pages"}],"about":[{"href":"https:\/\/www.meine-tcm.com\/es\/wp-json\/wp\/v2\/types\/page"}],"author":[{"embeddable":true,"href":"https:\/\/www.meine-tcm.com\/es\/wp-json\/wp\/v2\/users\/1"}],"replies":[{"embeddable":true,"href":"https:\/\/www.meine-tcm.com\/es\/wp-json\/wp\/v2\/comments?post=11"}],"version-history":[{"count":14,"href":"https:\/\/www.meine-tcm.com\/es\/wp-json\/wp\/v2\/pages\/11\/revisions"}],"predecessor-version":[{"id":21944,"href":"https:\/\/www.meine-tcm.com\/es\/wp-json\/wp\/v2\/pages\/11\/revisions\/21944"}],"wp:attachment":[{"href":"https:\/\/www.meine-tcm.com\/es\/wp-json\/wp\/v2\/media?parent=11"}],"curies":[{"name":"wp","href":"https:\/\/api.w.org\/{rel}","templated":true}]}}