{"id":17332,"date":"2025-02-03T19:00:53","date_gmt":"2025-02-03T18:00:53","guid":{"rendered":"https:\/\/www.meine-tcm.com\/?post_type=product&#038;p=17332"},"modified":"2026-04-10T15:14:39","modified_gmt":"2026-04-10T13:14:39","slug":"bs-fiber-plus","status":"publish","type":"product","link":"https:\/\/www.meine-tcm.com\/en\/prod\/bs-fiber-plus\/","title":{"rendered":"BS+ Dietary Fiber Plus"},"content":{"rendered":"<section class=\"section\" id=\"section_819848193\">\n\t\t<div class=\"section-bg fill\" >\n\t\t\t<img loading=\"lazy\" decoding=\"async\" width=\"2240\" height=\"900\" src=\"https:\/\/www.meine-tcm.com\/wp-content\/uploads\/2025\/02\/darmgesundheit-01-1.webp\" class=\"bg attachment- size-\" alt=\"\" title=\"intestinal health-01-1\" \/>\t\t\t\t\t\t\n\t\t\t\n\n\t\t<\/div>\n\n\t\t\n\n\t\t<div class=\"section-content relative\">\n\t\t\t\n<div class=\"row align-center\"  id=\"row-588426426\">\n\n\t<div id=\"col-1835238101\" class=\"col medium-4 small-12 large-4\"  >\n\t\t\t\t<div class=\"col-inner text-center\"  >\n\t\t\t\n\t\t\t\n\t<div id=\"text-43794520\" class=\"text\">\n\t\t\n<h2>The revolutionary dietary fiber formula<\/h2>\n<p style=\"text-align: left;\">For a thriving gut microbiome, improved well-being and more vital energy<\/p>\n\t\t\n<style>\n#text-43794520 {\n  color: rgb(255, 255, 255);\n}\n#text-43794520 > * {\n  color: rgb(255, 255, 255);\n}\n<\/style>\n\t<\/div>\n\t\n\t\t<\/div>\n\t\t\t\t\t<\/div>\n\n\t\n\n\t<div id=\"col-931924657\" class=\"col medium-7 small-12 large-7\"  >\n\t\t\t\t<div class=\"col-inner\"  >\n\t\t\t\n\t\t\t\n\t\t<\/div>\n\t\t\t\t\t<\/div>\n\n\t\n<\/div>\n\t\t<\/div>\n\n\t\t\n<style>\n#section_819848193 {\n  padding-top: 80px;\n  padding-bottom: 80px;\n  min-height: 300px;\n}\n#section_819848193 .section-bg img {\n  object-position: 0% 45%;\n}\n<\/style>\n\t<\/section>\n\t\n<p>Experience how BS+ Fiber Plus transforms your everyday life! Our revolutionary fiber formula was developed by experts and combines 11 high-quality, 100 % natural ingredients that work synergistically to nourish, strengthen and balance your gut.<\/p>\n<h3>Your path to more energy and vitality<\/h3>\n<p>In our fast-paced world, tiredness, digestive problems and an unbalanced body can quickly become part of everyday life. BS+ Fiber plus gives you the support you need to start the day with full energy again. With a daily dose of 40 g, our unique blend delivers:<\/p>\n<ul>\n<li><strong>Optimized digestion:<\/strong> Experience regular, soft bowel movements and say goodbye to flatulence.<\/li>\n<li><strong>More vitality:<\/strong> Stabilize your blood sugar level and benefit from improved nutrient absorption.<\/li>\n<li><strong>Mental clarity:<\/strong> Boost your ability to concentrate and strengthen your mental balance.<\/li>\n<li><strong>Strong immune system:<\/strong> Support your gut-associated immune defense - around 70 % of your immune system are located in the gut!<\/li>\n<\/ul>\n<h3>The power of nature in every portion<\/h3>\n<p>BS+ Dietary Fiber Plus combines carefully selected ingredients based on scientific findings:<\/p>\n<ul>\n<li><strong>Acacia fiber &amp; resistant starch:<\/strong> These prebiotic fibers specifically nourish the \"good\" intestinal bacteria and promote the production of short-chain fatty acids that support your intestinal mucosa.<\/li>\n<li><strong>Collagen:<\/strong> Strengthens and regenerates the intestinal tissue - for a healthy intestine and radiant skin.<\/li>\n<li><strong>D-Tagatose:<\/strong> A natural sugar that keeps blood sugar levels stable and further supports your microbiome.<\/li>\n<li><strong>Psyllium husks, mango, blueberry, baobab, beta-glucan, beet &amp; barley grass:<\/strong> These natural ingredients provide a wealth of antioxidants, vitamins and minerals that not only benefit your gut, but also your overall health.<\/li>\n<\/ul>\n<h3>More than just a dietary supplement<\/h3>\n<p>BS+ Dietary Fiber Plus supports you holistically for more vitality in everyday life. The natural recipe has a positive effect on:<\/p>\n<ul>\n<li><strong>Your digestion and your immune system:<\/strong> The fiber strengthens your immune system and helps to reduce inflammation.<\/li>\n<li><strong>Your mental fitness:<\/strong> The connection between your gut and brain promotes your mental performance and inner balance.<\/li>\n<li><strong>Your metabolism:<\/strong> The ingredients contribute to healthy cholesterol and blood sugar levels. This helps you to better regulate your weight.<\/li>\n<li><strong>Your skin:<\/strong> Healthy digestion also supports your external appearance - for a natural glow.<\/li>\n<\/ul>\n<h3>Easy to integrate into everyday life<\/h3>\n<p>BS+ Fiber Plus is designed to fit effortlessly into your daily routine. Simply add your usual portion and enjoy the multiple benefits of a strengthened gut microbiome - from the inside out.<\/p>\n<hr \/>\n<p><strong>Are you ready to unleash your full potential?<\/strong><br \/>\nWith BS+ Dietary Fibre Plus, you are investing in a healthier, more vital you and giving your body the support it deserves. Experience how a thriving gut microbiome can make a lasting difference to your life - start a new chapter full of energy, balance and well-being now!<\/p>","protected":false},"excerpt":{"rendered":"<p><strong>The revolutionary dietary fiber formula<\/strong><br \/>\nFor a thriving gut microbiome, improved well-being and more vital energy<\/p>\n<ul>\n<li>Increases your fiber intake by up to 20 g per day<\/li>\n<li>Promotes the growth of beneficial bacteria<\/li>\n<li>With valuable polyphenols and flavonoids<\/li>\n<li>With D-tagatose - a special sugar for your intestinal bacteria<\/li>\n<li>100% natural ingredients<\/li>\n<li>Supports your intestinal mucosa<\/li>\n<\/ul>","protected":false},"featured_media":17351,"comment_status":"open","ping_status":"closed","template":"","meta":{"_acf_changed":false},"product_brand":[],"product_cat":[301],"product_tag":[],"class_list":{"0":"post-17332","1":"product","2":"type-product","3":"status-publish","4":"has-post-thumbnail","6":"product_cat-ballaststoffe-plus","8":"first","9":"instock","10":"taxable","11":"shipping-taxable","12":"purchasable","13":"product-type-simple"},"acf":[],"yoast_head":"<!-- This site is optimized with the Yoast SEO plugin v27.1.1 - https:\/\/yoast.com\/product\/yoast-seo-wordpress\/ -->\n<title>BS+ Ballaststoffe Plus online kaufen<\/title>\n<meta name=\"robots\" content=\"index, follow, max-snippet:-1, max-image-preview:large, max-video-preview:-1\" \/>\n<link rel=\"canonical\" href=\"https:\/\/www.meine-tcm.com\/en\/prod\/bs-fiber-plus\/\" \/>\n<meta property=\"og:locale\" content=\"en_US\" \/>\n<meta property=\"og:type\" content=\"article\" \/>\n<meta property=\"og:title\" content=\"BS+ Ballaststoffe Plus online kaufen\" \/>\n<meta property=\"og:description\" content=\"Die revolution\u00e4re Ballaststoff\u2013Formel F\u00fcr ein bl\u00fchendes Darmmikrobiom, besseres Wohlbefinden und mehr Lebensenergie   Erh\u00f6ht deine Ballaststoffaufnahme um bis zu 20 g pro Tag  F\u00f6rdert das Wachstum n\u00fctzlicher Bakterien  Mit wertvollen Polyphenolen und Flavonoiden  Mit D\u2013Tagatose \u2014 ein besonderer Zucker f\u00fcr deine Darmbakterien  100% nat\u00fcrliche Zutaten  Unterst\u00fctzt deine Darmschleimhaut\" \/>\n<meta property=\"og:url\" content=\"https:\/\/www.meine-tcm.com\/en\/prod\/bs-fiber-plus\/\" \/>\n<meta property=\"og:site_name\" content=\"meine TCM | Traditionelle Chinesische Medizin einfach erkl\u00e4rt\" \/>\n<meta property=\"article:modified_time\" content=\"2026-04-10T13:14:39+00:00\" \/>\n<meta property=\"og:image\" content=\"https:\/\/www.meine-tcm.com\/wp-content\/uploads\/2025\/02\/ballaststoffe-bs-plus-1600-light-01.jpg\" \/>\n\t<meta property=\"og:image:width\" content=\"1600\" \/>\n\t<meta property=\"og:image:height\" content=\"1600\" \/>\n\t<meta property=\"og:image:type\" content=\"image\/jpeg\" \/>\n<meta name=\"twitter:card\" content=\"summary_large_image\" \/>\n<meta name=\"twitter:label1\" content=\"Est. reading time\" \/>\n\t<meta name=\"twitter:data1\" content=\"3 minutes\" \/>\n<script type=\"application\/ld+json\" class=\"yoast-schema-graph\">{\"@context\":\"https:\/\/schema.org\",\"@graph\":[{\"@type\":\"WebPage\",\"@id\":\"https:\/\/www.meine-tcm.com\/produkt\/bs-ballaststoffe-plus\/\",\"url\":\"https:\/\/www.meine-tcm.com\/produkt\/bs-ballaststoffe-plus\/\",\"name\":\"BS+ Ballaststoffe Plus online kaufen\",\"isPartOf\":{\"@id\":\"https:\/\/www.meine-tcm.com\/#website\"},\"primaryImageOfPage\":{\"@id\":\"https:\/\/www.meine-tcm.com\/produkt\/bs-ballaststoffe-plus\/#primaryimage\"},\"image\":{\"@id\":\"https:\/\/www.meine-tcm.com\/produkt\/bs-ballaststoffe-plus\/#primaryimage\"},\"thumbnailUrl\":\"https:\/\/www.meine-tcm.com\/wp-content\/uploads\/2025\/02\/ballaststoffe-bs-plus-1600-light-01.jpg\",\"datePublished\":\"2025-02-03T18:00:53+00:00\",\"dateModified\":\"2026-04-10T13:14:39+00:00\",\"breadcrumb\":{\"@id\":\"https:\/\/www.meine-tcm.com\/produkt\/bs-ballaststoffe-plus\/#breadcrumb\"},\"inLanguage\":\"en-US\",\"potentialAction\":[{\"@type\":\"ReadAction\",\"target\":[\"https:\/\/www.meine-tcm.com\/produkt\/bs-ballaststoffe-plus\/\"]}]},{\"@type\":\"ImageObject\",\"inLanguage\":\"en-US\",\"@id\":\"https:\/\/www.meine-tcm.com\/produkt\/bs-ballaststoffe-plus\/#primaryimage\",\"url\":\"https:\/\/www.meine-tcm.com\/wp-content\/uploads\/2025\/02\/ballaststoffe-bs-plus-1600-light-01.jpg\",\"contentUrl\":\"https:\/\/www.meine-tcm.com\/wp-content\/uploads\/2025\/02\/ballaststoffe-bs-plus-1600-light-01.jpg\",\"width\":1600,\"height\":1600,\"caption\":\"Ballaststoffe Plus \u2014 BS+\"},{\"@type\":\"BreadcrumbList\",\"@id\":\"https:\/\/www.meine-tcm.com\/produkt\/bs-ballaststoffe-plus\/#breadcrumb\",\"itemListElement\":[{\"@type\":\"ListItem\",\"position\":1,\"name\":\"Home\",\"item\":\"https:\/\/www.meine-tcm.com\/\"},{\"@type\":\"ListItem\",\"position\":2,\"name\":\"Shop\",\"item\":\"https:\/\/www.meine-tcm.com\/shop\/\"},{\"@type\":\"ListItem\",\"position\":3,\"name\":\"Ballaststoffe plus\",\"item\":\"https:\/\/www.meine-tcm.com\/produkte\/ballaststoffe-plus\/\"},{\"@type\":\"ListItem\",\"position\":4,\"name\":\"BS+ Ballaststoffe Plus\"}]},{\"@type\":\"WebSite\",\"@id\":\"https:\/\/www.meine-tcm.com\/#website\",\"url\":\"https:\/\/www.meine-tcm.com\/\",\"name\":\"meine TCM | Traditionelle Chinesische Medizin einfach erkl\u00e4rt\",\"description\":\"Einfach gesund bleiben\",\"publisher\":{\"@id\":\"https:\/\/www.meine-tcm.com\/#organization\"},\"potentialAction\":[{\"@type\":\"SearchAction\",\"target\":{\"@type\":\"EntryPoint\",\"urlTemplate\":\"https:\/\/www.meine-tcm.com\/?s={search_term_string}\"},\"query-input\":{\"@type\":\"PropertyValueSpecification\",\"valueRequired\":true,\"valueName\":\"search_term_string\"}}],\"inLanguage\":\"en-US\"},{\"@type\":\"Organization\",\"@id\":\"https:\/\/www.meine-tcm.com\/#organization\",\"name\":\"meine-TCM.com \u2014 Traditionelle chinesische Medizin einfach erkl\u00e4rt\",\"url\":\"https:\/\/www.meine-tcm.com\/\",\"logo\":{\"@type\":\"ImageObject\",\"inLanguage\":\"en-US\",\"@id\":\"https:\/\/www.meine-tcm.com\/#\/schema\/logo\/image\/\",\"url\":\"https:\/\/www.meine-tcm.com\/wp-content\/uploads\/2022\/08\/meine-tcm-traditionelle-chinesische-medizin-einfach-erklaert.png\",\"contentUrl\":\"https:\/\/www.meine-tcm.com\/wp-content\/uploads\/2022\/08\/meine-tcm-traditionelle-chinesische-medizin-einfach-erklaert.png\",\"width\":559,\"height\":479,\"caption\":\"meine-TCM.com \u2014 Traditionelle chinesische Medizin einfach erkl\u00e4rt\"},\"image\":{\"@id\":\"https:\/\/www.meine-tcm.com\/#\/schema\/logo\/image\/\"},\"sameAs\":[\"https:\/\/www.instagram.com\/meinetcm\/\",\"https:\/\/www.youtube.com\/@EinfachbesserLeben\"]}]}<\/script>\n<!-- \/ Yoast SEO plugin. -->","yoast_head_json":{"title":"Buy BS+ Dietary Fiber Plus online","robots":{"index":"index","follow":"follow","max-snippet":"max-snippet:-1","max-image-preview":"max-image-preview:large","max-video-preview":"max-video-preview:-1"},"canonical":"https:\/\/www.meine-tcm.com\/en\/prod\/bs-fiber-plus\/","og_locale":"en_US","og_type":"article","og_title":"BS+ Ballaststoffe Plus online kaufen","og_description":"Die revolution\u00e4re Ballaststoff\u2013Formel F\u00fcr ein bl\u00fchendes Darmmikrobiom, besseres Wohlbefinden und mehr Lebensenergie   Erh\u00f6ht deine Ballaststoffaufnahme um bis zu 20 g pro Tag  F\u00f6rdert das Wachstum n\u00fctzlicher Bakterien  Mit wertvollen Polyphenolen und Flavonoiden  Mit D\u2013Tagatose \u2014 ein besonderer Zucker f\u00fcr deine Darmbakterien  100% nat\u00fcrliche Zutaten  Unterst\u00fctzt deine Darmschleimhaut","og_url":"https:\/\/www.meine-tcm.com\/en\/prod\/bs-fiber-plus\/","og_site_name":"meine TCM | Traditionelle Chinesische Medizin einfach erkl\u00e4rt","article_modified_time":"2026-04-10T13:14:39+00:00","og_image":[{"width":1600,"height":1600,"url":"https:\/\/www.meine-tcm.com\/wp-content\/uploads\/2025\/02\/ballaststoffe-bs-plus-1600-light-01.jpg","type":"image\/jpeg"}],"twitter_card":"summary_large_image","twitter_misc":{"Est. reading time":"3 minutes"},"schema":{"@context":"https:\/\/schema.org","@graph":[{"@type":"WebPage","@id":"https:\/\/www.meine-tcm.com\/produkt\/bs-ballaststoffe-plus\/","url":"https:\/\/www.meine-tcm.com\/produkt\/bs-ballaststoffe-plus\/","name":"Buy BS+ Dietary Fiber Plus online","isPartOf":{"@id":"https:\/\/www.meine-tcm.com\/#website"},"primaryImageOfPage":{"@id":"https:\/\/www.meine-tcm.com\/produkt\/bs-ballaststoffe-plus\/#primaryimage"},"image":{"@id":"https:\/\/www.meine-tcm.com\/produkt\/bs-ballaststoffe-plus\/#primaryimage"},"thumbnailUrl":"https:\/\/www.meine-tcm.com\/wp-content\/uploads\/2025\/02\/ballaststoffe-bs-plus-1600-light-01.jpg","datePublished":"2025-02-03T18:00:53+00:00","dateModified":"2026-04-10T13:14:39+00:00","breadcrumb":{"@id":"https:\/\/www.meine-tcm.com\/produkt\/bs-ballaststoffe-plus\/#breadcrumb"},"inLanguage":"en-US","potentialAction":[{"@type":"ReadAction","target":["https:\/\/www.meine-tcm.com\/produkt\/bs-ballaststoffe-plus\/"]}]},{"@type":"ImageObject","inLanguage":"en-US","@id":"https:\/\/www.meine-tcm.com\/produkt\/bs-ballaststoffe-plus\/#primaryimage","url":"https:\/\/www.meine-tcm.com\/wp-content\/uploads\/2025\/02\/ballaststoffe-bs-plus-1600-light-01.jpg","contentUrl":"https:\/\/www.meine-tcm.com\/wp-content\/uploads\/2025\/02\/ballaststoffe-bs-plus-1600-light-01.jpg","width":1600,"height":1600,"caption":"Ballaststoffe Plus \u2014 BS+"},{"@type":"BreadcrumbList","@id":"https:\/\/www.meine-tcm.com\/produkt\/bs-ballaststoffe-plus\/#breadcrumb","itemListElement":[{"@type":"ListItem","position":1,"name":"Home","item":"https:\/\/www.meine-tcm.com\/"},{"@type":"ListItem","position":2,"name":"Shop","item":"https:\/\/www.meine-tcm.com\/shop\/"},{"@type":"ListItem","position":3,"name":"Ballaststoffe plus","item":"https:\/\/www.meine-tcm.com\/produkte\/ballaststoffe-plus\/"},{"@type":"ListItem","position":4,"name":"BS+ Ballaststoffe Plus"}]},{"@type":"WebSite","@id":"https:\/\/www.meine-tcm.com\/#website","url":"https:\/\/www.meine-tcm.com\/","name":"my TCM | Traditional Chinese Medicine simply explained","description":"Simply stay healthy","publisher":{"@id":"https:\/\/www.meine-tcm.com\/#organization"},"potentialAction":[{"@type":"SearchAction","target":{"@type":"EntryPoint","urlTemplate":"https:\/\/www.meine-tcm.com\/?s={search_term_string}"},"query-input":{"@type":"PropertyValueSpecification","valueRequired":true,"valueName":"search_term_string"}}],"inLanguage":"en-US"},{"@type":"Organization","@id":"https:\/\/www.meine-tcm.com\/#organization","name":"my-TCM.com - Traditional Chinese Medicine simply explained","url":"https:\/\/www.meine-tcm.com\/","logo":{"@type":"ImageObject","inLanguage":"en-US","@id":"https:\/\/www.meine-tcm.com\/#\/schema\/logo\/image\/","url":"https:\/\/www.meine-tcm.com\/wp-content\/uploads\/2022\/08\/meine-tcm-traditionelle-chinesische-medizin-einfach-erklaert.png","contentUrl":"https:\/\/www.meine-tcm.com\/wp-content\/uploads\/2022\/08\/meine-tcm-traditionelle-chinesische-medizin-einfach-erklaert.png","width":559,"height":479,"caption":"meine-TCM.com \u2014 Traditionelle chinesische Medizin einfach erkl\u00e4rt"},"image":{"@id":"https:\/\/www.meine-tcm.com\/#\/schema\/logo\/image\/"},"sameAs":["https:\/\/www.instagram.com\/meinetcm\/","https:\/\/www.youtube.com\/@EinfachbesserLeben"]}]}},"wps_subtitle":"","_links":{"self":[{"href":"https:\/\/www.meine-tcm.com\/en\/wp-json\/wp\/v2\/product\/17332","targetHints":{"allow":["GET"]}}],"collection":[{"href":"https:\/\/www.meine-tcm.com\/en\/wp-json\/wp\/v2\/product"}],"about":[{"href":"https:\/\/www.meine-tcm.com\/en\/wp-json\/wp\/v2\/types\/product"}],"replies":[{"embeddable":true,"href":"https:\/\/www.meine-tcm.com\/en\/wp-json\/wp\/v2\/comments?post=17332"}],"wp:featuredmedia":[{"embeddable":true,"href":"https:\/\/www.meine-tcm.com\/en\/wp-json\/wp\/v2\/media\/17351"}],"wp:attachment":[{"href":"https:\/\/www.meine-tcm.com\/en\/wp-json\/wp\/v2\/media?parent=17332"}],"wp:term":[{"taxonomy":"product_brand","embeddable":true,"href":"https:\/\/www.meine-tcm.com\/en\/wp-json\/wp\/v2\/product_brand?post=17332"},{"taxonomy":"product_cat","embeddable":true,"href":"https:\/\/www.meine-tcm.com\/en\/wp-json\/wp\/v2\/product_cat?post=17332"},{"taxonomy":"product_tag","embeddable":true,"href":"https:\/\/www.meine-tcm.com\/en\/wp-json\/wp\/v2\/product_tag?post=17332"}],"curies":[{"name":"wp","href":"https:\/\/api.w.org\/{rel}","templated":true}]}}