{"id":16117,"date":"2024-09-09T15:44:45","date_gmt":"2024-09-09T13:44:45","guid":{"rendered":"https:\/\/www.meine-tcm.com\/?post_type=product&#038;p=16117"},"modified":"2024-10-14T11:56:30","modified_gmt":"2024-10-14T09:56:30","slug":"5-elements-qi-gong-colored-organic-t-shirt-men","status":"publish","type":"product","link":"https:\/\/www.meine-tcm.com\/en\/prod\/5-elements-qi-gong-colored-organic-t-shirt-men\/","title":{"rendered":"5 Elements Qi Gong | Colored | Organic T-Shirt | Men"},"content":{"rendered":"","protected":false},"excerpt":{"rendered":"<div class=\"term-description\">\n<p>This shirt embodies the transformative power of the five elements - <strong>Water, wood, fire, earth<\/strong> and <strong>Metal<\/strong>. These elements interact dynamically with each other and are essential components of the life cycle and our life energy, chi.<\/p>\n<p>Through the practice of Qi Gong, our awareness of these elements is heightened and we can experience their presence within ourselves.<\/p>\n<p><strong>Wear your new white 5 Elements Qi Gong shirt as a sign of harmony and as an expression of your deep connection with the natural forces that enrich your life.<\/strong><\/p>\n<h2 class=\"font-600 text-xl font-bold\">Exclusive offer<\/h2>\n<p class=\"whitespace-pre-wrap break-words\"><span style=\"font-size: 110%;\"><strong>Spare 10%!<\/strong><\/span> Use the voucher code\u00a0<span style=\"font-size: 110%; background-color: #ed1c24; color: #ffffff;\"> <strong>EBL10<\/strong>\u00a0<\/span> at checkout and receive <span style=\"font-size: 110%;\"><strong>10% Discount<\/strong><\/span> on your purchase at Deivi!<\/p>\n<\/div>","protected":false},"featured_media":16125,"comment_status":"open","ping_status":"closed","template":"","meta":{"_acf_changed":false},"product_brand":[],"product_cat":[297],"product_tag":[],"class_list":{"0":"post-16117","1":"product","2":"type-product","3":"status-publish","4":"has-post-thumbnail","6":"product_cat-bekleidung","8":"first","9":"instock","10":"taxable","11":"shipping-taxable","12":"product-type-external"},"acf":[],"yoast_head":"<!-- This site is optimized with the Yoast SEO plugin v27.1.1 - https:\/\/yoast.com\/product\/yoast-seo-wordpress\/ -->\n<title>5 Elemente Qi Gong | Farbig | Organisches T-Shirt | Herren online kaufen<\/title>\n<meta name=\"robots\" content=\"index, follow, max-snippet:-1, max-image-preview:large, max-video-preview:-1\" \/>\n<link rel=\"canonical\" href=\"https:\/\/www.meine-tcm.com\/en\/prod\/5-elements-qi-gong-colored-organic-t-shirt-men\/\" \/>\n<meta property=\"og:locale\" content=\"en_US\" \/>\n<meta property=\"og:type\" content=\"article\" \/>\n<meta property=\"og:title\" content=\"5 Elemente Qi Gong | Farbig | Organisches T-Shirt | Herren online kaufen\" \/>\n<meta property=\"og:description\" content=\"Dieses Shirt verk\u00f6rpert die transformative Kraft der f\u00fcnf Elemente \u2013 Wasser, Holz, Feuer, Erde und Metall. Diese Elemente stehen in einer dynamischen Wechselwirkung zueinander und sind essenzielle Bestandteile des Lebenszyklus sowie unserer Lebensenergie, Chi.  Durch die Praxis von Qi Gong wird das Bewusstsein f\u00fcr diese Elemente gesch\u00e4rft, und ihre Pr\u00e4senz in uns selbst wird erlebbar.  Trage dein neues wei\u00dfes 5 Elemente Qi Gong Shirt als Zeichen der Harmonie und als Ausdruck deiner tiefen Verbindung mit den nat\u00fcrlichen Kr\u00e4ften, die dein Leben bereichern. Exklusives Angebot Spare 10%! Verwende den Gutscheincode\u00a0 EBL10\u00a0 beim Checkout und erhalte 10% Rabatt auf deinen Einkauf bei Deivi!\" \/>\n<meta property=\"og:url\" content=\"https:\/\/www.meine-tcm.com\/en\/prod\/5-elements-qi-gong-colored-organic-t-shirt-men\/\" \/>\n<meta property=\"og:site_name\" content=\"meine TCM | Traditionelle Chinesische Medizin einfach erkl\u00e4rt\" \/>\n<meta property=\"article:modified_time\" content=\"2024-10-14T09:56:30+00:00\" \/>\n<meta property=\"og:image\" content=\"https:\/\/www.meine-tcm.com\/wp-content\/uploads\/2024\/09\/5-elemente-qi-gong-farbig-organisches-t-shirt-herren-359045.webp\" \/>\n\t<meta property=\"og:image:width\" content=\"990\" \/>\n\t<meta property=\"og:image:height\" content=\"1050\" \/>\n\t<meta property=\"og:image:type\" content=\"image\/webp\" \/>\n<meta name=\"twitter:card\" content=\"summary_large_image\" \/>\n<script type=\"application\/ld+json\" class=\"yoast-schema-graph\">{\"@context\":\"https:\/\/schema.org\",\"@graph\":[{\"@type\":\"WebPage\",\"@id\":\"https:\/\/www.meine-tcm.com\/produkt\/5-elemente-qi-gong-farbig-organisches-t-shirt-herren\/\",\"url\":\"https:\/\/www.meine-tcm.com\/produkt\/5-elemente-qi-gong-farbig-organisches-t-shirt-herren\/\",\"name\":\"5 Elemente Qi Gong | Farbig | Organisches T-Shirt | Herren online kaufen\",\"isPartOf\":{\"@id\":\"https:\/\/www.meine-tcm.com\/#website\"},\"primaryImageOfPage\":{\"@id\":\"https:\/\/www.meine-tcm.com\/produkt\/5-elemente-qi-gong-farbig-organisches-t-shirt-herren\/#primaryimage\"},\"image\":{\"@id\":\"https:\/\/www.meine-tcm.com\/produkt\/5-elemente-qi-gong-farbig-organisches-t-shirt-herren\/#primaryimage\"},\"thumbnailUrl\":\"https:\/\/www.meine-tcm.com\/wp-content\/uploads\/2024\/09\/5-elemente-qi-gong-farbig-organisches-t-shirt-herren-359045.webp\",\"datePublished\":\"2024-09-09T13:44:45+00:00\",\"dateModified\":\"2024-10-14T09:56:30+00:00\",\"breadcrumb\":{\"@id\":\"https:\/\/www.meine-tcm.com\/produkt\/5-elemente-qi-gong-farbig-organisches-t-shirt-herren\/#breadcrumb\"},\"inLanguage\":\"en-US\",\"potentialAction\":[{\"@type\":\"ReadAction\",\"target\":[\"https:\/\/www.meine-tcm.com\/produkt\/5-elemente-qi-gong-farbig-organisches-t-shirt-herren\/\"]}]},{\"@type\":\"ImageObject\",\"inLanguage\":\"en-US\",\"@id\":\"https:\/\/www.meine-tcm.com\/produkt\/5-elemente-qi-gong-farbig-organisches-t-shirt-herren\/#primaryimage\",\"url\":\"https:\/\/www.meine-tcm.com\/wp-content\/uploads\/2024\/09\/5-elemente-qi-gong-farbig-organisches-t-shirt-herren-359045.webp\",\"contentUrl\":\"https:\/\/www.meine-tcm.com\/wp-content\/uploads\/2024\/09\/5-elemente-qi-gong-farbig-organisches-t-shirt-herren-359045.webp\",\"width\":990,\"height\":1050},{\"@type\":\"BreadcrumbList\",\"@id\":\"https:\/\/www.meine-tcm.com\/produkt\/5-elemente-qi-gong-farbig-organisches-t-shirt-herren\/#breadcrumb\",\"itemListElement\":[{\"@type\":\"ListItem\",\"position\":1,\"name\":\"Home\",\"item\":\"https:\/\/www.meine-tcm.com\/\"},{\"@type\":\"ListItem\",\"position\":2,\"name\":\"Shop\",\"item\":\"https:\/\/www.meine-tcm.com\/shop\/\"},{\"@type\":\"ListItem\",\"position\":3,\"name\":\"Bekleidung\",\"item\":\"https:\/\/www.meine-tcm.com\/produkte\/bekleidung\/\"},{\"@type\":\"ListItem\",\"position\":4,\"name\":\"5 Elemente Qi Gong | Farbig | Organisches T-Shirt | Herren\"}]},{\"@type\":\"WebSite\",\"@id\":\"https:\/\/www.meine-tcm.com\/#website\",\"url\":\"https:\/\/www.meine-tcm.com\/\",\"name\":\"meine TCM | Traditionelle Chinesische Medizin einfach erkl\u00e4rt\",\"description\":\"Einfach gesund bleiben\",\"publisher\":{\"@id\":\"https:\/\/www.meine-tcm.com\/#organization\"},\"potentialAction\":[{\"@type\":\"SearchAction\",\"target\":{\"@type\":\"EntryPoint\",\"urlTemplate\":\"https:\/\/www.meine-tcm.com\/?s={search_term_string}\"},\"query-input\":{\"@type\":\"PropertyValueSpecification\",\"valueRequired\":true,\"valueName\":\"search_term_string\"}}],\"inLanguage\":\"en-US\"},{\"@type\":\"Organization\",\"@id\":\"https:\/\/www.meine-tcm.com\/#organization\",\"name\":\"meine-TCM.com \u2014 Traditionelle chinesische Medizin einfach erkl\u00e4rt\",\"url\":\"https:\/\/www.meine-tcm.com\/\",\"logo\":{\"@type\":\"ImageObject\",\"inLanguage\":\"en-US\",\"@id\":\"https:\/\/www.meine-tcm.com\/#\/schema\/logo\/image\/\",\"url\":\"https:\/\/www.meine-tcm.com\/wp-content\/uploads\/2022\/08\/meine-tcm-traditionelle-chinesische-medizin-einfach-erklaert.png\",\"contentUrl\":\"https:\/\/www.meine-tcm.com\/wp-content\/uploads\/2022\/08\/meine-tcm-traditionelle-chinesische-medizin-einfach-erklaert.png\",\"width\":559,\"height\":479,\"caption\":\"meine-TCM.com \u2014 Traditionelle chinesische Medizin einfach erkl\u00e4rt\"},\"image\":{\"@id\":\"https:\/\/www.meine-tcm.com\/#\/schema\/logo\/image\/\"},\"sameAs\":[\"https:\/\/www.instagram.com\/meinetcm\/\",\"https:\/\/www.youtube.com\/@EinfachbesserLeben\"]}]}<\/script>\n<!-- \/ Yoast SEO plugin. -->","yoast_head_json":{"title":"5 Elements Qi Gong | Colored | Organic T-Shirt | Men buy online","robots":{"index":"index","follow":"follow","max-snippet":"max-snippet:-1","max-image-preview":"max-image-preview:large","max-video-preview":"max-video-preview:-1"},"canonical":"https:\/\/www.meine-tcm.com\/en\/prod\/5-elements-qi-gong-colored-organic-t-shirt-men\/","og_locale":"en_US","og_type":"article","og_title":"5 Elemente Qi Gong | Farbig | Organisches T-Shirt | Herren online kaufen","og_description":"Dieses Shirt verk\u00f6rpert die transformative Kraft der f\u00fcnf Elemente \u2013 Wasser, Holz, Feuer, Erde und Metall. Diese Elemente stehen in einer dynamischen Wechselwirkung zueinander und sind essenzielle Bestandteile des Lebenszyklus sowie unserer Lebensenergie, Chi.  Durch die Praxis von Qi Gong wird das Bewusstsein f\u00fcr diese Elemente gesch\u00e4rft, und ihre Pr\u00e4senz in uns selbst wird erlebbar.  Trage dein neues wei\u00dfes 5 Elemente Qi Gong Shirt als Zeichen der Harmonie und als Ausdruck deiner tiefen Verbindung mit den nat\u00fcrlichen Kr\u00e4ften, die dein Leben bereichern. Exklusives Angebot Spare 10%! Verwende den Gutscheincode\u00a0 EBL10\u00a0 beim Checkout und erhalte 10% Rabatt auf deinen Einkauf bei Deivi!","og_url":"https:\/\/www.meine-tcm.com\/en\/prod\/5-elements-qi-gong-colored-organic-t-shirt-men\/","og_site_name":"meine TCM | Traditionelle Chinesische Medizin einfach erkl\u00e4rt","article_modified_time":"2024-10-14T09:56:30+00:00","og_image":[{"width":990,"height":1050,"url":"https:\/\/www.meine-tcm.com\/wp-content\/uploads\/2024\/09\/5-elemente-qi-gong-farbig-organisches-t-shirt-herren-359045.webp","type":"image\/webp"}],"twitter_card":"summary_large_image","schema":{"@context":"https:\/\/schema.org","@graph":[{"@type":"WebPage","@id":"https:\/\/www.meine-tcm.com\/produkt\/5-elemente-qi-gong-farbig-organisches-t-shirt-herren\/","url":"https:\/\/www.meine-tcm.com\/produkt\/5-elemente-qi-gong-farbig-organisches-t-shirt-herren\/","name":"5 Elements Qi Gong | Colored | Organic T-Shirt | Men buy online","isPartOf":{"@id":"https:\/\/www.meine-tcm.com\/#website"},"primaryImageOfPage":{"@id":"https:\/\/www.meine-tcm.com\/produkt\/5-elemente-qi-gong-farbig-organisches-t-shirt-herren\/#primaryimage"},"image":{"@id":"https:\/\/www.meine-tcm.com\/produkt\/5-elemente-qi-gong-farbig-organisches-t-shirt-herren\/#primaryimage"},"thumbnailUrl":"https:\/\/www.meine-tcm.com\/wp-content\/uploads\/2024\/09\/5-elemente-qi-gong-farbig-organisches-t-shirt-herren-359045.webp","datePublished":"2024-09-09T13:44:45+00:00","dateModified":"2024-10-14T09:56:30+00:00","breadcrumb":{"@id":"https:\/\/www.meine-tcm.com\/produkt\/5-elemente-qi-gong-farbig-organisches-t-shirt-herren\/#breadcrumb"},"inLanguage":"en-US","potentialAction":[{"@type":"ReadAction","target":["https:\/\/www.meine-tcm.com\/produkt\/5-elemente-qi-gong-farbig-organisches-t-shirt-herren\/"]}]},{"@type":"ImageObject","inLanguage":"en-US","@id":"https:\/\/www.meine-tcm.com\/produkt\/5-elemente-qi-gong-farbig-organisches-t-shirt-herren\/#primaryimage","url":"https:\/\/www.meine-tcm.com\/wp-content\/uploads\/2024\/09\/5-elemente-qi-gong-farbig-organisches-t-shirt-herren-359045.webp","contentUrl":"https:\/\/www.meine-tcm.com\/wp-content\/uploads\/2024\/09\/5-elemente-qi-gong-farbig-organisches-t-shirt-herren-359045.webp","width":990,"height":1050},{"@type":"BreadcrumbList","@id":"https:\/\/www.meine-tcm.com\/produkt\/5-elemente-qi-gong-farbig-organisches-t-shirt-herren\/#breadcrumb","itemListElement":[{"@type":"ListItem","position":1,"name":"Home","item":"https:\/\/www.meine-tcm.com\/"},{"@type":"ListItem","position":2,"name":"Shop","item":"https:\/\/www.meine-tcm.com\/shop\/"},{"@type":"ListItem","position":3,"name":"Bekleidung","item":"https:\/\/www.meine-tcm.com\/produkte\/bekleidung\/"},{"@type":"ListItem","position":4,"name":"5 Elemente Qi Gong | Farbig | Organisches T-Shirt | Herren"}]},{"@type":"WebSite","@id":"https:\/\/www.meine-tcm.com\/#website","url":"https:\/\/www.meine-tcm.com\/","name":"my TCM | Traditional Chinese Medicine simply explained","description":"Simply stay healthy","publisher":{"@id":"https:\/\/www.meine-tcm.com\/#organization"},"potentialAction":[{"@type":"SearchAction","target":{"@type":"EntryPoint","urlTemplate":"https:\/\/www.meine-tcm.com\/?s={search_term_string}"},"query-input":{"@type":"PropertyValueSpecification","valueRequired":true,"valueName":"search_term_string"}}],"inLanguage":"en-US"},{"@type":"Organization","@id":"https:\/\/www.meine-tcm.com\/#organization","name":"my-TCM.com - Traditional Chinese Medicine simply explained","url":"https:\/\/www.meine-tcm.com\/","logo":{"@type":"ImageObject","inLanguage":"en-US","@id":"https:\/\/www.meine-tcm.com\/#\/schema\/logo\/image\/","url":"https:\/\/www.meine-tcm.com\/wp-content\/uploads\/2022\/08\/meine-tcm-traditionelle-chinesische-medizin-einfach-erklaert.png","contentUrl":"https:\/\/www.meine-tcm.com\/wp-content\/uploads\/2022\/08\/meine-tcm-traditionelle-chinesische-medizin-einfach-erklaert.png","width":559,"height":479,"caption":"meine-TCM.com \u2014 Traditionelle chinesische Medizin einfach erkl\u00e4rt"},"image":{"@id":"https:\/\/www.meine-tcm.com\/#\/schema\/logo\/image\/"},"sameAs":["https:\/\/www.instagram.com\/meinetcm\/","https:\/\/www.youtube.com\/@EinfachbesserLeben"]}]}},"wps_subtitle":"","_links":{"self":[{"href":"https:\/\/www.meine-tcm.com\/en\/wp-json\/wp\/v2\/product\/16117","targetHints":{"allow":["GET"]}}],"collection":[{"href":"https:\/\/www.meine-tcm.com\/en\/wp-json\/wp\/v2\/product"}],"about":[{"href":"https:\/\/www.meine-tcm.com\/en\/wp-json\/wp\/v2\/types\/product"}],"replies":[{"embeddable":true,"href":"https:\/\/www.meine-tcm.com\/en\/wp-json\/wp\/v2\/comments?post=16117"}],"wp:featuredmedia":[{"embeddable":true,"href":"https:\/\/www.meine-tcm.com\/en\/wp-json\/wp\/v2\/media\/16125"}],"wp:attachment":[{"href":"https:\/\/www.meine-tcm.com\/en\/wp-json\/wp\/v2\/media?parent=16117"}],"wp:term":[{"taxonomy":"product_brand","embeddable":true,"href":"https:\/\/www.meine-tcm.com\/en\/wp-json\/wp\/v2\/product_brand?post=16117"},{"taxonomy":"product_cat","embeddable":true,"href":"https:\/\/www.meine-tcm.com\/en\/wp-json\/wp\/v2\/product_cat?post=16117"},{"taxonomy":"product_tag","embeddable":true,"href":"https:\/\/www.meine-tcm.com\/en\/wp-json\/wp\/v2\/product_tag?post=16117"}],"curies":[{"name":"wp","href":"https:\/\/api.w.org\/{rel}","templated":true}]}}