{"id":1583,"date":"2020-09-22T12:17:41","date_gmt":"2020-09-22T10:17:41","guid":{"rendered":"https:\/\/www.meine-tcm.com\/?post_type=product&#038;p=1583"},"modified":"2025-03-10T09:04:06","modified_gmt":"2025-03-10T08:04:06","slug":"qi-gong-bundle-with-the-best-3-qigong-courses-2","status":"publish","type":"product","link":"https:\/\/www.meine-tcm.com\/en\/prod\/qi-gong-bundle-with-the-best-3-qigong-courses-2\/","title":{"rendered":"Qi Gong - Bundle with the 3 best Qi Gong courses"},"content":{"rendered":"<div class=\"row\"  id=\"row-1142626652\">\n\n\t<div id=\"col-134769704\" class=\"col medium-9 small-12 large-9\"  >\n\t\t\t\t<div class=\"col-inner\"  >\n\t\t\t\n\t\t\t\n<h2>Qi Gong course for beginners<\/h2>\n<h3>Table of Contents:<\/h3>\n<ul>\n<li><strong>INTRODUCTION<\/strong>...what is Qi Gong and TCM (Traditional Chinese Medicine)<\/li>\n<li><strong>OVERVIEW<\/strong>...what awaits you in this video course<\/li>\n<li><strong>NEI GONG<\/strong>...the Silent Qi Gong briefly explained<\/li>\n<li><strong>WHY QI GONG <\/strong>...the effect of Qi Gong exercises<\/li>\n<li><strong>QI GONG PRINCIPLES <\/strong>...Breathing, posture and concentration<\/li>\n<li><strong>SHORT WORKOUT<\/strong> (17 minutes)<\/li>\n<li><strong>LONG WORKOUT<\/strong> (25 minutes)<\/li>\n<li><strong>NEI GONG <\/strong>...the Silent Qi Gong to participate in<\/li>\n<li><strong>MOTIVATION <\/strong>...Exercise instruction and motivation<strong><br \/>\n<\/strong><\/li>\n<li><strong>EXERCISE STATEMENT <\/strong>...all 8 exercises explained in detail<strong><br \/>\n<\/strong><\/li>\n<li>Running time ca 120 minutes<\/li>\n<\/ul>\n\t\t<\/div>\n\t\t\t\t\t<\/div>\n\n\t\n\n\t<div id=\"col-1012745954\" class=\"col medium-3 small-12 large-3\"  >\n\t\t\t\t<div class=\"col-inner\"  >\n\t\t\t\n\t\t\t\n\t<div class=\"img has-hover x md-x lg-x y md-y lg-y\" id=\"image_521969358\">\n\t\t\t\t\t\t\t\t<div class=\"img-inner dark\" >\n\t\t\t<img loading=\"lazy\" decoding=\"async\" width=\"283\" height=\"400\" src=\"https:\/\/www.meine-tcm.com\/wp-content\/uploads\/2014\/08\/1cover-qi-gong-fuer-anfaenger-283x400.jpg\" class=\"attachment-medium size-medium\" alt=\"Cover picture for Qi Gong course for beginners with Wolfgang in picture\" srcset=\"https:\/\/www.meine-tcm.com\/wp-content\/uploads\/2014\/08\/1cover-qi-gong-fuer-anfaenger-283x400.jpg 283w, https:\/\/www.meine-tcm.com\/wp-content\/uploads\/2014\/08\/1cover-qi-gong-fuer-anfaenger-510x721.jpg 510w, https:\/\/www.meine-tcm.com\/wp-content\/uploads\/2014\/08\/1cover-qi-gong-fuer-anfaenger-566x800.jpg 566w, https:\/\/www.meine-tcm.com\/wp-content\/uploads\/2014\/08\/1cover-qi-gong-fuer-anfaenger-600x848.jpg 600w, https:\/\/www.meine-tcm.com\/wp-content\/uploads\/2014\/08\/1cover-qi-gong-fuer-anfaenger.jpg 764w\" sizes=\"auto, (max-width: 283px) 100vw, 283px\" title=\"Qi Gong course for beginners from Simply Live Better\" \/>\t\t\t\t\t\t\n\t\t\t\t\t<\/div>\n\t\t\t\t\t\t\t\t\n<style>\n#image_521969358 {\n  width: 100%;\n}\n<\/style>\n\t<\/div>\n\t\n\t\t<\/div>\n\t\t\t\t\t<\/div>\n\n\t\n<\/div>\n<div class=\"row\"  id=\"row-906279228\">\n\n\t<div id=\"col-1056790202\" class=\"col medium-9 small-12 large-9\"  >\n\t\t\t\t<div class=\"col-inner\"  >\n\t\t\t\n\t\t\t\n<h2>The 8 Brocades - The Modern Qi Gong Course I<\/h2>\n<h3>Table of Contents:<\/h3>\n<ul>\n<li><strong>INTRODUCTION<\/strong>...what are the 8 brocades<\/li>\n<li><strong>WHY QI GONG <\/strong>...the effect of Qi Gong exercises<\/li>\n<li><strong>QI GONG PRINCIPLES <\/strong>...Breathing, posture and concentration<\/li>\n<li><strong>TCM<\/strong>...what is TCM (Traditional Chinese Medicine)<\/li>\n<li><strong>EXERCISE STATEMENT <\/strong>...all 8 exercises explained in detail<\/li>\n<li><strong>COMPLETE SEQUENCE<\/strong> (20 minutes)...all 8 brocades in a sequence<\/li>\n<li><strong>QI &amp; MERIDIANE<\/strong>...what is Qi from the point of view of TCM?<\/li>\n<li><strong>MOTIVATION <\/strong>...Exercise instruction and motivation<strong><br \/>\n<\/strong><\/li>\n<li>Running time ca 138 minutes<\/li>\n<\/ul>\n\t\t<\/div>\n\t\t\t\t\t<\/div>\n\n\t\n\n\t<div id=\"col-1726830642\" class=\"col medium-3 small-12 large-3\"  >\n\t\t\t\t<div class=\"col-inner\"  >\n\t\t\t\n\t\t\t\n\t<div class=\"img has-hover x md-x lg-x y md-y lg-y\" id=\"image_590705531\">\n\t\t\t\t\t\t\t\t<div class=\"img-inner dark\" >\n\t\t\t<img loading=\"lazy\" decoding=\"async\" width=\"283\" height=\"400\" src=\"https:\/\/www.meine-tcm.com\/wp-content\/uploads\/2014\/06\/1qi-gong-i-283x400.jpg\" class=\"attachment-medium size-medium\" alt=\"Cover image of the modern Qi Gong course 8 brocades with Wolfgang\" srcset=\"https:\/\/www.meine-tcm.com\/wp-content\/uploads\/2014\/06\/1qi-gong-i-283x400.jpg 283w, https:\/\/www.meine-tcm.com\/wp-content\/uploads\/2014\/06\/1qi-gong-i-510x720.jpg 510w, https:\/\/www.meine-tcm.com\/wp-content\/uploads\/2014\/06\/1qi-gong-i-566x800.jpg 566w, https:\/\/www.meine-tcm.com\/wp-content\/uploads\/2014\/06\/1qi-gong-i-768x1085.jpg 768w, https:\/\/www.meine-tcm.com\/wp-content\/uploads\/2014\/06\/1qi-gong-i-600x847.jpg 600w, https:\/\/www.meine-tcm.com\/wp-content\/uploads\/2014\/06\/1qi-gong-i.jpg 1062w\" sizes=\"auto, (max-width: 283px) 100vw, 283px\" title=\"The Modern Qi Gong Course 8 Brocades of Just Live Better\" \/>\t\t\t\t\t\t\n\t\t\t\t\t<\/div>\n\t\t\t\t\t\t\t\t\n<style>\n#image_590705531 {\n  width: 100%;\n}\n<\/style>\n\t<\/div>\n\t\n\t\t<\/div>\n\t\t\t\t\t<\/div>\n\n\t\n<\/div>\n<div class=\"row\"  id=\"row-1530893564\">\n\n\t<div id=\"col-1301975349\" class=\"col medium-9 small-12 large-9\"  >\n\t\t\t\t<div class=\"col-inner\"  >\n\t\t\t\n\t\t\t\n<h2>The 18 Figures of Harmony - The Modern Qi Gong Course II<\/h2>\n<h3>Table of Contents:<\/h3>\n<ul>\n<li><strong>INTRODUCTION<\/strong>...Shibashi - the 18 figures of harmony briefly explained<\/li>\n<li><strong>OVERVIEW<\/strong>...short introduction to the Qi Gong course<\/li>\n<li><strong>TCM<\/strong>...what is Traditional Chinese Medicine<\/li>\n<li><strong>QI GONG PRINCIPLES<\/strong>...Breathing, posture and concentration<\/li>\n<li><strong>EXERCISE STATEMENT <\/strong>...all 8 exercises explained in detail<\/li>\n<li><strong>WORKOUT I<\/strong> (40 minutes)...complete sequence in 40 minutes<\/li>\n<li><strong>WORKOUT II<\/strong> (27 minutes)...complete sequence in 27 minutes<\/li>\n<li><strong>MOTIVATION <\/strong>...Exercise instruction and motivation<strong><br \/>\n<\/strong><\/li>\n<li>Running time ca 238 minutes<\/li>\n<\/ul>\n\t\t<\/div>\n\t\t\t\t\t<\/div>\n\n\t\n\n\t<div id=\"col-915445762\" class=\"col medium-3 small-12 large-3\"  >\n\t\t\t\t<div class=\"col-inner\"  >\n\t\t\t\n\t\t\t\n\t<div class=\"img has-hover x md-x lg-x y md-y lg-y\" id=\"image_811011593\">\n\t\t\t\t\t\t\t\t<div class=\"img-inner dark\" >\n\t\t\t<img loading=\"lazy\" decoding=\"async\" width=\"283\" height=\"400\" src=\"https:\/\/www.meine-tcm.com\/wp-content\/uploads\/2014\/08\/qi-gong-kurs-18-figuren-der-harmonie-01-283x400.jpg\" class=\"attachment-medium size-medium\" alt=\"Cover image for the modern Qi Qong course - The 18 figures of harmony\" srcset=\"https:\/\/www.meine-tcm.com\/wp-content\/uploads\/2014\/08\/qi-gong-kurs-18-figuren-der-harmonie-01-283x400.jpg 283w, https:\/\/www.meine-tcm.com\/wp-content\/uploads\/2014\/08\/qi-gong-kurs-18-figuren-der-harmonie-01-510x721.jpg 510w, https:\/\/www.meine-tcm.com\/wp-content\/uploads\/2014\/08\/qi-gong-kurs-18-figuren-der-harmonie-01-566x800.jpg 566w, https:\/\/www.meine-tcm.com\/wp-content\/uploads\/2014\/08\/qi-gong-kurs-18-figuren-der-harmonie-01-600x848.jpg 600w, https:\/\/www.meine-tcm.com\/wp-content\/uploads\/2014\/08\/qi-gong-kurs-18-figuren-der-harmonie-01.jpg 764w\" sizes=\"auto, (max-width: 283px) 100vw, 283px\" title=\"Qi Qong Course - The 18 Figures of Harmony\" \/>\t\t\t\t\t\t\n\t\t\t\t\t<\/div>\n\t\t\t\t\t\t\t\t\n<style>\n#image_811011593 {\n  width: 100%;\n}\n<\/style>\n\t<\/div>\n\t\n\t\t<\/div>\n\t\t\t\t\t<\/div>\n\n\t\n<\/div>","protected":false},"excerpt":{"rendered":"<p>In this package are our 3 classics <strong>Qi Gong for beginners<\/strong>, <strong>Qi Gong - The 8 Brocades<\/strong> and <strong>Qi Gong - The 18 Figures of Harmony<\/strong> contain<br \/>\nWhen you buy this product you get<strong> 15 % Discount<\/strong> on the selling price.<\/p>\n<p><strong>Note: This product is currently available for online viewing only. There will be no shipping of a DVD box set.<\/strong><\/p>","protected":false},"featured_media":1586,"comment_status":"open","ping_status":"closed","template":"","meta":{"_acf_changed":false},"product_brand":[],"product_cat":[103],"product_tag":[],"class_list":{"0":"post-1583","1":"product","2":"type-product","3":"status-publish","4":"has-post-thumbnail","6":"product_cat-qi-gong","8":"first","9":"instock","10":"sale","11":"virtual","12":"taxable","13":"purchasable","14":"product-type-woosb"},"acf":[],"yoast_head":"<!-- This site is optimized with the Yoast SEO plugin v27.1.1 - https:\/\/yoast.com\/product\/yoast-seo-wordpress\/ -->\n<title>Qi Gong \u2014 Bundle mit den 3 besten Qi Gong Kursen online kaufen<\/title>\n<meta name=\"robots\" content=\"index, follow, max-snippet:-1, max-image-preview:large, max-video-preview:-1\" \/>\n<link rel=\"canonical\" href=\"https:\/\/www.meine-tcm.com\/en\/prod\/qi-gong-bundle-with-the-best-3-qigong-courses-2\/\" \/>\n<meta property=\"og:locale\" content=\"en_US\" \/>\n<meta property=\"og:type\" content=\"article\" \/>\n<meta property=\"og:title\" content=\"Qi Gong \u2014 Bundle mit den 3 besten Qi Gong Kursen online kaufen\" \/>\n<meta property=\"og:description\" content=\"In diesem Paket sind unsere 3 Klassiker Qi Gong f\u00fcr Anf\u00e4nger, Qi Gong \u2014 Die 8 Brokate und Qi Gong \u2014 Die 18 Figuren der Harmonie enthalten. Beim Kauf dieses Produktes erh\u00e4ltst du 15 % Erm\u00e4ssigung auf den Verkaufspreis.  Hinweis: Dieses Produkt ist derzeit ausschlie\u00dflich zum Online-Ansehen verf\u00fcgbar. Der Versand einer DVD-Box erfolgt nicht.\" \/>\n<meta property=\"og:url\" content=\"https:\/\/www.meine-tcm.com\/en\/prod\/qi-gong-bundle-with-the-best-3-qigong-courses-2\/\" \/>\n<meta property=\"og:site_name\" content=\"meine TCM | Traditionelle Chinesische Medizin einfach erkl\u00e4rt\" \/>\n<meta property=\"article:modified_time\" content=\"2025-03-10T08:04:06+00:00\" \/>\n<meta property=\"og:image\" content=\"https:\/\/www.meine-tcm.com\/wp-content\/uploads\/2020\/09\/qi-gong-kurse-bundle.jpg\" \/>\n\t<meta property=\"og:image:width\" content=\"600\" \/>\n\t<meta property=\"og:image:height\" content=\"848\" \/>\n\t<meta property=\"og:image:type\" content=\"image\/jpeg\" \/>\n<meta name=\"twitter:card\" content=\"summary_large_image\" \/>\n<meta name=\"twitter:label1\" content=\"Est. reading time\" \/>\n\t<meta name=\"twitter:data1\" content=\"2 minutes\" \/>\n<script type=\"application\/ld+json\" class=\"yoast-schema-graph\">{\"@context\":\"https:\/\/schema.org\",\"@graph\":[{\"@type\":\"WebPage\",\"@id\":\"https:\/\/www.meine-tcm.com\/produkt\/qi-gong-bundle-mit-den-besten-3-qi-gong-kursen\/\",\"url\":\"https:\/\/www.meine-tcm.com\/produkt\/qi-gong-bundle-mit-den-besten-3-qi-gong-kursen\/\",\"name\":\"Qi Gong \u2014 Bundle mit den 3 besten Qi Gong Kursen online kaufen\",\"isPartOf\":{\"@id\":\"https:\/\/www.meine-tcm.com\/#website\"},\"primaryImageOfPage\":{\"@id\":\"https:\/\/www.meine-tcm.com\/produkt\/qi-gong-bundle-mit-den-besten-3-qi-gong-kursen\/#primaryimage\"},\"image\":{\"@id\":\"https:\/\/www.meine-tcm.com\/produkt\/qi-gong-bundle-mit-den-besten-3-qi-gong-kursen\/#primaryimage\"},\"thumbnailUrl\":\"https:\/\/www.meine-tcm.com\/wp-content\/uploads\/2020\/09\/qi-gong-kurse-bundle.jpg\",\"datePublished\":\"2020-09-22T10:17:41+00:00\",\"dateModified\":\"2025-03-10T08:04:06+00:00\",\"breadcrumb\":{\"@id\":\"https:\/\/www.meine-tcm.com\/produkt\/qi-gong-bundle-mit-den-besten-3-qi-gong-kursen\/#breadcrumb\"},\"inLanguage\":\"en-US\",\"potentialAction\":[{\"@type\":\"ReadAction\",\"target\":[\"https:\/\/www.meine-tcm.com\/produkt\/qi-gong-bundle-mit-den-besten-3-qi-gong-kursen\/\"]}]},{\"@type\":\"ImageObject\",\"inLanguage\":\"en-US\",\"@id\":\"https:\/\/www.meine-tcm.com\/produkt\/qi-gong-bundle-mit-den-besten-3-qi-gong-kursen\/#primaryimage\",\"url\":\"https:\/\/www.meine-tcm.com\/wp-content\/uploads\/2020\/09\/qi-gong-kurse-bundle.jpg\",\"contentUrl\":\"https:\/\/www.meine-tcm.com\/wp-content\/uploads\/2020\/09\/qi-gong-kurse-bundle.jpg\",\"width\":600,\"height\":848,\"caption\":\"Online Qi Gong Kurse Bundle\"},{\"@type\":\"BreadcrumbList\",\"@id\":\"https:\/\/www.meine-tcm.com\/produkt\/qi-gong-bundle-mit-den-besten-3-qi-gong-kursen\/#breadcrumb\",\"itemListElement\":[{\"@type\":\"ListItem\",\"position\":1,\"name\":\"Home\",\"item\":\"https:\/\/www.meine-tcm.com\/\"},{\"@type\":\"ListItem\",\"position\":2,\"name\":\"Shop\",\"item\":\"https:\/\/www.meine-tcm.com\/shop\/\"},{\"@type\":\"ListItem\",\"position\":3,\"name\":\"Qi Gong\",\"item\":\"https:\/\/www.meine-tcm.com\/produkte\/qi-gong\/\"},{\"@type\":\"ListItem\",\"position\":4,\"name\":\"Qi Gong \u2014 Bundle mit den 3 besten Qi Gong Kursen\"}]},{\"@type\":\"WebSite\",\"@id\":\"https:\/\/www.meine-tcm.com\/#website\",\"url\":\"https:\/\/www.meine-tcm.com\/\",\"name\":\"meine TCM | Traditionelle Chinesische Medizin einfach erkl\u00e4rt\",\"description\":\"Einfach gesund bleiben\",\"publisher\":{\"@id\":\"https:\/\/www.meine-tcm.com\/#organization\"},\"potentialAction\":[{\"@type\":\"SearchAction\",\"target\":{\"@type\":\"EntryPoint\",\"urlTemplate\":\"https:\/\/www.meine-tcm.com\/?s={search_term_string}\"},\"query-input\":{\"@type\":\"PropertyValueSpecification\",\"valueRequired\":true,\"valueName\":\"search_term_string\"}}],\"inLanguage\":\"en-US\"},{\"@type\":\"Organization\",\"@id\":\"https:\/\/www.meine-tcm.com\/#organization\",\"name\":\"meine-TCM.com \u2014 Traditionelle chinesische Medizin einfach erkl\u00e4rt\",\"url\":\"https:\/\/www.meine-tcm.com\/\",\"logo\":{\"@type\":\"ImageObject\",\"inLanguage\":\"en-US\",\"@id\":\"https:\/\/www.meine-tcm.com\/#\/schema\/logo\/image\/\",\"url\":\"https:\/\/www.meine-tcm.com\/wp-content\/uploads\/2022\/08\/meine-tcm-traditionelle-chinesische-medizin-einfach-erklaert.png\",\"contentUrl\":\"https:\/\/www.meine-tcm.com\/wp-content\/uploads\/2022\/08\/meine-tcm-traditionelle-chinesische-medizin-einfach-erklaert.png\",\"width\":559,\"height\":479,\"caption\":\"meine-TCM.com \u2014 Traditionelle chinesische Medizin einfach erkl\u00e4rt\"},\"image\":{\"@id\":\"https:\/\/www.meine-tcm.com\/#\/schema\/logo\/image\/\"},\"sameAs\":[\"https:\/\/www.instagram.com\/meinetcm\/\",\"https:\/\/www.youtube.com\/@EinfachbesserLeben\"]}]}<\/script>\n<!-- \/ Yoast SEO plugin. -->","yoast_head_json":{"title":"Buy Qi Gong - Bundle with the 3 best Qi Gong courses online","robots":{"index":"index","follow":"follow","max-snippet":"max-snippet:-1","max-image-preview":"max-image-preview:large","max-video-preview":"max-video-preview:-1"},"canonical":"https:\/\/www.meine-tcm.com\/en\/prod\/qi-gong-bundle-with-the-best-3-qigong-courses-2\/","og_locale":"en_US","og_type":"article","og_title":"Qi Gong \u2014 Bundle mit den 3 besten Qi Gong Kursen online kaufen","og_description":"In diesem Paket sind unsere 3 Klassiker Qi Gong f\u00fcr Anf\u00e4nger, Qi Gong \u2014 Die 8 Brokate und Qi Gong \u2014 Die 18 Figuren der Harmonie enthalten. Beim Kauf dieses Produktes erh\u00e4ltst du 15 % Erm\u00e4ssigung auf den Verkaufspreis.  Hinweis: Dieses Produkt ist derzeit ausschlie\u00dflich zum Online-Ansehen verf\u00fcgbar. Der Versand einer DVD-Box erfolgt nicht.","og_url":"https:\/\/www.meine-tcm.com\/en\/prod\/qi-gong-bundle-with-the-best-3-qigong-courses-2\/","og_site_name":"meine TCM | Traditionelle Chinesische Medizin einfach erkl\u00e4rt","article_modified_time":"2025-03-10T08:04:06+00:00","og_image":[{"width":600,"height":848,"url":"https:\/\/www.meine-tcm.com\/wp-content\/uploads\/2020\/09\/qi-gong-kurse-bundle.jpg","type":"image\/jpeg"}],"twitter_card":"summary_large_image","twitter_misc":{"Est. reading time":"2 minutes"},"schema":{"@context":"https:\/\/schema.org","@graph":[{"@type":"WebPage","@id":"https:\/\/www.meine-tcm.com\/produkt\/qi-gong-bundle-mit-den-besten-3-qi-gong-kursen\/","url":"https:\/\/www.meine-tcm.com\/produkt\/qi-gong-bundle-mit-den-besten-3-qi-gong-kursen\/","name":"Buy Qi Gong - Bundle with the 3 best Qi Gong courses online","isPartOf":{"@id":"https:\/\/www.meine-tcm.com\/#website"},"primaryImageOfPage":{"@id":"https:\/\/www.meine-tcm.com\/produkt\/qi-gong-bundle-mit-den-besten-3-qi-gong-kursen\/#primaryimage"},"image":{"@id":"https:\/\/www.meine-tcm.com\/produkt\/qi-gong-bundle-mit-den-besten-3-qi-gong-kursen\/#primaryimage"},"thumbnailUrl":"https:\/\/www.meine-tcm.com\/wp-content\/uploads\/2020\/09\/qi-gong-kurse-bundle.jpg","datePublished":"2020-09-22T10:17:41+00:00","dateModified":"2025-03-10T08:04:06+00:00","breadcrumb":{"@id":"https:\/\/www.meine-tcm.com\/produkt\/qi-gong-bundle-mit-den-besten-3-qi-gong-kursen\/#breadcrumb"},"inLanguage":"en-US","potentialAction":[{"@type":"ReadAction","target":["https:\/\/www.meine-tcm.com\/produkt\/qi-gong-bundle-mit-den-besten-3-qi-gong-kursen\/"]}]},{"@type":"ImageObject","inLanguage":"en-US","@id":"https:\/\/www.meine-tcm.com\/produkt\/qi-gong-bundle-mit-den-besten-3-qi-gong-kursen\/#primaryimage","url":"https:\/\/www.meine-tcm.com\/wp-content\/uploads\/2020\/09\/qi-gong-kurse-bundle.jpg","contentUrl":"https:\/\/www.meine-tcm.com\/wp-content\/uploads\/2020\/09\/qi-gong-kurse-bundle.jpg","width":600,"height":848,"caption":"Online Qi Gong Kurse Bundle"},{"@type":"BreadcrumbList","@id":"https:\/\/www.meine-tcm.com\/produkt\/qi-gong-bundle-mit-den-besten-3-qi-gong-kursen\/#breadcrumb","itemListElement":[{"@type":"ListItem","position":1,"name":"Home","item":"https:\/\/www.meine-tcm.com\/"},{"@type":"ListItem","position":2,"name":"Shop","item":"https:\/\/www.meine-tcm.com\/shop\/"},{"@type":"ListItem","position":3,"name":"Qi Gong","item":"https:\/\/www.meine-tcm.com\/produkte\/qi-gong\/"},{"@type":"ListItem","position":4,"name":"Qi Gong \u2014 Bundle mit den 3 besten Qi Gong Kursen"}]},{"@type":"WebSite","@id":"https:\/\/www.meine-tcm.com\/#website","url":"https:\/\/www.meine-tcm.com\/","name":"my TCM | Traditional Chinese Medicine simply explained","description":"Simply stay healthy","publisher":{"@id":"https:\/\/www.meine-tcm.com\/#organization"},"potentialAction":[{"@type":"SearchAction","target":{"@type":"EntryPoint","urlTemplate":"https:\/\/www.meine-tcm.com\/?s={search_term_string}"},"query-input":{"@type":"PropertyValueSpecification","valueRequired":true,"valueName":"search_term_string"}}],"inLanguage":"en-US"},{"@type":"Organization","@id":"https:\/\/www.meine-tcm.com\/#organization","name":"my-TCM.com - Traditional Chinese Medicine simply explained","url":"https:\/\/www.meine-tcm.com\/","logo":{"@type":"ImageObject","inLanguage":"en-US","@id":"https:\/\/www.meine-tcm.com\/#\/schema\/logo\/image\/","url":"https:\/\/www.meine-tcm.com\/wp-content\/uploads\/2022\/08\/meine-tcm-traditionelle-chinesische-medizin-einfach-erklaert.png","contentUrl":"https:\/\/www.meine-tcm.com\/wp-content\/uploads\/2022\/08\/meine-tcm-traditionelle-chinesische-medizin-einfach-erklaert.png","width":559,"height":479,"caption":"meine-TCM.com \u2014 Traditionelle chinesische Medizin einfach erkl\u00e4rt"},"image":{"@id":"https:\/\/www.meine-tcm.com\/#\/schema\/logo\/image\/"},"sameAs":["https:\/\/www.instagram.com\/meinetcm\/","https:\/\/www.youtube.com\/@EinfachbesserLeben"]}]}},"wps_subtitle":"","_links":{"self":[{"href":"https:\/\/www.meine-tcm.com\/en\/wp-json\/wp\/v2\/product\/1583","targetHints":{"allow":["GET"]}}],"collection":[{"href":"https:\/\/www.meine-tcm.com\/en\/wp-json\/wp\/v2\/product"}],"about":[{"href":"https:\/\/www.meine-tcm.com\/en\/wp-json\/wp\/v2\/types\/product"}],"replies":[{"embeddable":true,"href":"https:\/\/www.meine-tcm.com\/en\/wp-json\/wp\/v2\/comments?post=1583"}],"wp:featuredmedia":[{"embeddable":true,"href":"https:\/\/www.meine-tcm.com\/en\/wp-json\/wp\/v2\/media\/1586"}],"wp:attachment":[{"href":"https:\/\/www.meine-tcm.com\/en\/wp-json\/wp\/v2\/media?parent=1583"}],"wp:term":[{"taxonomy":"product_brand","embeddable":true,"href":"https:\/\/www.meine-tcm.com\/en\/wp-json\/wp\/v2\/product_brand?post=1583"},{"taxonomy":"product_cat","embeddable":true,"href":"https:\/\/www.meine-tcm.com\/en\/wp-json\/wp\/v2\/product_cat?post=1583"},{"taxonomy":"product_tag","embeddable":true,"href":"https:\/\/www.meine-tcm.com\/en\/wp-json\/wp\/v2\/product_tag?post=1583"}],"curies":[{"name":"wp","href":"https:\/\/api.w.org\/{rel}","templated":true}]}}