{"id":1416,"date":"2014-06-09T21:48:15","date_gmt":"2014-06-09T19:48:15","guid":{"rendered":"https:\/\/www.meine-tcm.com\/produkt\/qi-gong-kurs-8-brokate\/"},"modified":"2026-04-07T13:02:15","modified_gmt":"2026-04-07T11:02:15","slug":"qi-gong-course-8-brocades","status":"publish","type":"product","link":"https:\/\/www.meine-tcm.com\/en\/prod\/qi-gong-course-8-brocades\/","title":{"rendered":"The 8 Brocades - The Modern Qi Gong Course I"},"content":{"rendered":"<h2>Qi Gong-The 8 Brocades<\/h2>\n<p>The millennia-old healing and movement art of the <strong>Qi Gong<\/strong> shows you the way to more <strong>Energy <\/strong>and <strong>Motivation<\/strong>. The healers of the East have always known that a person is only physically and mentally healthy when his life energy can circulate freely and unhindered through the body. This fine life energy is called in the <strong>Traditional Chinese Medicine<\/strong> (TCM) \"Qi\". The word Qi Gong translates roughly as \"working with one's own life energy\".<\/p>\n<p>With this video course you will learn\u00a0<strong>8 Qi Gong exercises<\/strong> know, which were secret until 100 years ago, although they have existed since the 12th century. The exercises were once used by soldiers with great success for physical training. Only later did they become common folk knowledge in China. Today, the 8 brocades are considered the most <strong>most commonly practiced Qi Gong form<\/strong> worldwide. Millions of people practice this beautiful and simple form every day. The simplicity, but at the same time the effectiveness of the 8 exercises can not be compared with anything.<\/p>\n<p>The Qi Gong course is structured like an individual training. Each of the <strong>8 Brocades<\/strong> will give you in the <strong>Detail explained<\/strong>so that it is quite clear what to look out for during execution. And which mistakes are to be avoided. The practical parts are always supplemented by interesting background information.<\/p>\n<ul>\n<li><strong>Performers:<\/strong> Wolfgang Stemer, Ivana Besker Mrkonja<\/li>\n<li><strong>Producers:<\/strong> EBL Media Production OG<\/li>\n<li><strong>Format:<\/strong> DVD-Video, PAL or Online Video<\/li>\n<li><strong>Language:<\/strong> German (Dolby Digital 2.0 Stereo)<\/li>\n<li><strong>Region:\u00a0<\/strong>Region 2<\/li>\n<li><strong>Number of discs:<\/strong>\u00a01<\/li>\n<li><strong>FSC:<\/strong>\u00a0Info program<\/li>\n<li><strong>Studio:<\/strong> EBL Media Production OG<\/li>\n<li><strong>Production year:<\/strong>\u00a02016<\/li>\n<li><strong>Playing time:<\/strong>\u00a0138.00 minutes<\/li>\n<li><strong>Videos:<\/strong> 22<\/li>\n<\/ul>\n<p>The <strong>Video Course Qi Gong - The 8 Brocades<\/strong> you can use as <strong>DVD<\/strong> or to the <strong>Online stream<\/strong> buy. In 22 chapters you will learn the execution of each exercise in detail. During the explanation you can already practice with. Wolfgang and Ivana show each brocade exercise step by step. Background information about Traditional Chinese Medicine, Qi Gong and the 8 Brocades complete the video course.<\/p>\n<p>The complete practice sequence takes about 20 minutes. So you can complete your Qigong practice with Ivana and Wolfgang every day. And if you have questions about the individual exercises, you can always go back to the exercise explanations and continuously improve your exercise sequence, perhaps even perfect it over time.<strong> Have fun with it!<\/strong><\/p>\n<div class=\"video video-fit mb\" style=\"padding-top:56.25%;\"><p><iframe loading=\"lazy\" title=\"The Modern Qi Gong Course - The 8 Brocades (Teaser Film for DVD)\" width=\"1020\" height=\"574\" src=\"https:\/\/www.youtube.com\/embed\/JE9rozuzSx0?feature=oembed\" frameborder=\"0\" allow=\"accelerometer; autoplay; clipboard-write; encrypted-media; gyroscope; picture-in-picture\" allowfullscreen><\/iframe><\/p>\n<\/div>\n\t<div id=\"gap-951172045\" class=\"gap-element clearfix\" style=\"display:block; height:auto;\">\n\t\t\n<style>\n#gap-951172045 {\n  padding-top: 30px;\n}\n<\/style>\n\t<\/div>\n\t\n<h2>The 8 Brocades - The Modern Qi Gong Course I<\/h2>\n<h3>Table of Contents:<\/h3>\n<ul>\n<li><strong>INTRODUCTION<\/strong>...what are the 8 brocades<\/li>\n<li><strong>WHY QI GONG <\/strong>...the effect of Qi Gong exercises<\/li>\n<li><strong>QI GONG PRINCIPLES <\/strong>...Breathing, posture and concentration<\/li>\n<li><strong>TCM<\/strong>...what is TCM (Traditional Chinese Medicine)<\/li>\n<li><strong>EXERCISE STATEMENT <\/strong>...all 8 exercises explained in detail<\/li>\n<li><strong>COMPLETE SEQUENCE<\/strong> (20 minutes)...all 8 brocades in a sequence<\/li>\n<li><strong>QI &amp; MERIDIANE<\/strong>...what is Qi from the point of view of TCM?<\/li>\n<li><strong>MOTIVATION <\/strong>...Exercise instruction and motivation<strong><br \/>\n<\/strong><\/li>\n<li>Running time ca 138 minutes<\/li>\n<\/ul>","protected":false},"excerpt":{"rendered":"<p>In our fast-paced times, more and more people suffer from a chronic lack of energy. Fatigue, lack of motivation and a feeling of being overwhelmed are familiar to many people. But a variety of physical ailments also give us a hard time and gradually rob us of our zest for life.<\/p>\n<p>With this<strong> Video course Qigong - The 8 Brocades<\/strong> you get a simple and above all in the everyday life realizable way to get out of this dilemma. With only <strong>20 minutes of daily practice<\/strong>\u00a0it is possible to renew your personal energy and health from scratch!<\/p>","protected":false},"featured_media":1419,"comment_status":"open","ping_status":"closed","template":"","meta":{"_acf_changed":false},"product_brand":[],"product_cat":[103],"product_tag":[123,124,152,166,167,168],"class_list":{"0":"post-1416","1":"product","2":"type-product","3":"status-publish","4":"has-post-thumbnail","6":"product_cat-qi-gong","7":"product_tag-erkaeltung","8":"product_tag-verdauung","9":"product_tag-impotenz","10":"product_tag-haeufiger-harndrang","11":"product_tag-burn-out","12":"product_tag-samenverlust","14":"first","15":"instock","16":"featured","17":"taxable","18":"shipping-taxable","19":"purchasable","20":"product-type-variable"},"acf":[],"yoast_head":"<!-- This site is optimized with the Yoast SEO plugin v27.1.1 - https:\/\/yoast.com\/product\/yoast-seo-wordpress\/ -->\n<title>Qi Gong Kurs: Die 8 Brokate<\/title>\n<meta name=\"description\" content=\"Mit diesem Videokurs lernst du die Qi Gong \u00dcbungen der 8 Brokate. Alle \u00dcbungen werden sehr detailliert erkl\u00e4rt. Plus: viele TCM Hintergrundinfos.\" \/>\n<meta name=\"robots\" content=\"index, follow, max-snippet:-1, max-image-preview:large, max-video-preview:-1\" \/>\n<link rel=\"canonical\" href=\"https:\/\/www.meine-tcm.com\/en\/prod\/qi-gong-course-8-brocades\/\" \/>\n<meta property=\"og:locale\" content=\"en_US\" \/>\n<meta property=\"og:type\" content=\"article\" \/>\n<meta property=\"og:title\" content=\"Qi Gong Kurs: Die 8 Brokate\" \/>\n<meta property=\"og:description\" content=\"Mit diesem Videokurs lernst du die Qi Gong \u00dcbungen der 8 Brokate. Alle \u00dcbungen werden sehr detailliert erkl\u00e4rt. Plus: viele TCM Hintergrundinfos. Der Kurs ist als DVD, zum Online Ansehen oder als App im Apple App Store und Google Play Store erh\u00e4ltlich.\" \/>\n<meta property=\"og:url\" content=\"https:\/\/www.meine-tcm.com\/en\/prod\/qi-gong-course-8-brocades\/\" \/>\n<meta property=\"og:site_name\" content=\"meine TCM | Traditionelle Chinesische Medizin einfach erkl\u00e4rt\" \/>\n<meta property=\"article:modified_time\" content=\"2026-04-07T11:02:15+00:00\" \/>\n<meta property=\"og:image\" content=\"https:\/\/www.meine-tcm.com\/wp-content\/uploads\/2014\/06\/qi-gong-kurs-8-brokate-04.jpg\" \/>\n\t<meta property=\"og:image:width\" content=\"764\" \/>\n\t<meta property=\"og:image:height\" content=\"1080\" \/>\n\t<meta property=\"og:image:type\" content=\"image\/jpeg\" \/>\n<meta name=\"twitter:card\" content=\"summary_large_image\" \/>\n<meta name=\"twitter:title\" content=\"Qi Gong Kurs: Die 8 Brokate\" \/>\n<meta name=\"twitter:description\" content=\"Mit diesem Videokurs lernst du die Qi Gong \u00dcbungen der 8 Brokate. Alle \u00dcbungen werden sehr detailliert erkl\u00e4rt. Plus: viele TCM Hintergrundinfos. Der Kurs ist als DVD, zum Online Ansehen oder als App im Apple App Store und Google Play Store erh\u00e4ltlich.\" \/>\n<meta name=\"twitter:image\" content=\"https:\/\/www.meine-tcm.com\/wp-content\/uploads\/2014\/06\/qi-gong-kurs-8-brokate-04.jpg\" \/>\n<meta name=\"twitter:label1\" content=\"Est. reading time\" \/>\n\t<meta name=\"twitter:data1\" content=\"2 minutes\" \/>\n<script type=\"application\/ld+json\" class=\"yoast-schema-graph\">{\"@context\":\"https:\/\/schema.org\",\"@graph\":[{\"@type\":\"WebPage\",\"@id\":\"https:\/\/www.meine-tcm.com\/produkt\/qi-gong-kurs-8-brokate\/\",\"url\":\"https:\/\/www.meine-tcm.com\/produkt\/qi-gong-kurs-8-brokate\/\",\"name\":\"Qi Gong Kurs: Die 8 Brokate\",\"isPartOf\":{\"@id\":\"https:\/\/www.meine-tcm.com\/#website\"},\"primaryImageOfPage\":{\"@id\":\"https:\/\/www.meine-tcm.com\/produkt\/qi-gong-kurs-8-brokate\/#primaryimage\"},\"image\":{\"@id\":\"https:\/\/www.meine-tcm.com\/produkt\/qi-gong-kurs-8-brokate\/#primaryimage\"},\"thumbnailUrl\":\"https:\/\/www.meine-tcm.com\/wp-content\/uploads\/2014\/06\/1qi-gong-i.jpg\",\"datePublished\":\"2014-06-09T19:48:15+00:00\",\"dateModified\":\"2026-04-07T11:02:15+00:00\",\"description\":\"Mit diesem Videokurs lernst du die Qi Gong \u00dcbungen der 8 Brokate. Alle \u00dcbungen werden sehr detailliert erkl\u00e4rt. Plus: viele TCM Hintergrundinfos.\",\"breadcrumb\":{\"@id\":\"https:\/\/www.meine-tcm.com\/produkt\/qi-gong-kurs-8-brokate\/#breadcrumb\"},\"inLanguage\":\"en-US\",\"potentialAction\":[{\"@type\":\"ReadAction\",\"target\":[\"https:\/\/www.meine-tcm.com\/produkt\/qi-gong-kurs-8-brokate\/\"]}]},{\"@type\":\"ImageObject\",\"inLanguage\":\"en-US\",\"@id\":\"https:\/\/www.meine-tcm.com\/produkt\/qi-gong-kurs-8-brokate\/#primaryimage\",\"url\":\"https:\/\/www.meine-tcm.com\/wp-content\/uploads\/2014\/06\/1qi-gong-i.jpg\",\"contentUrl\":\"https:\/\/www.meine-tcm.com\/wp-content\/uploads\/2014\/06\/1qi-gong-i.jpg\",\"width\":1062,\"height\":1500,\"caption\":\"Der moderne Qi Gong Kurs 8 Brokate von Einfach besser leben\"},{\"@type\":\"BreadcrumbList\",\"@id\":\"https:\/\/www.meine-tcm.com\/produkt\/qi-gong-kurs-8-brokate\/#breadcrumb\",\"itemListElement\":[{\"@type\":\"ListItem\",\"position\":1,\"name\":\"Home\",\"item\":\"https:\/\/www.meine-tcm.com\/\"},{\"@type\":\"ListItem\",\"position\":2,\"name\":\"Shop\",\"item\":\"https:\/\/www.meine-tcm.com\/shop\/\"},{\"@type\":\"ListItem\",\"position\":3,\"name\":\"Qi Gong\",\"item\":\"https:\/\/www.meine-tcm.com\/produkte\/qi-gong\/\"},{\"@type\":\"ListItem\",\"position\":4,\"name\":\"Die 8 Brokate \u2014 Der moderne Qi Gong Kurs I\"}]},{\"@type\":\"WebSite\",\"@id\":\"https:\/\/www.meine-tcm.com\/#website\",\"url\":\"https:\/\/www.meine-tcm.com\/\",\"name\":\"meine TCM | Traditionelle Chinesische Medizin einfach erkl\u00e4rt\",\"description\":\"Einfach gesund bleiben\",\"publisher\":{\"@id\":\"https:\/\/www.meine-tcm.com\/#organization\"},\"potentialAction\":[{\"@type\":\"SearchAction\",\"target\":{\"@type\":\"EntryPoint\",\"urlTemplate\":\"https:\/\/www.meine-tcm.com\/?s={search_term_string}\"},\"query-input\":{\"@type\":\"PropertyValueSpecification\",\"valueRequired\":true,\"valueName\":\"search_term_string\"}}],\"inLanguage\":\"en-US\"},{\"@type\":\"Organization\",\"@id\":\"https:\/\/www.meine-tcm.com\/#organization\",\"name\":\"meine-TCM.com \u2014 Traditionelle chinesische Medizin einfach erkl\u00e4rt\",\"url\":\"https:\/\/www.meine-tcm.com\/\",\"logo\":{\"@type\":\"ImageObject\",\"inLanguage\":\"en-US\",\"@id\":\"https:\/\/www.meine-tcm.com\/#\/schema\/logo\/image\/\",\"url\":\"https:\/\/www.meine-tcm.com\/wp-content\/uploads\/2022\/08\/meine-tcm-traditionelle-chinesische-medizin-einfach-erklaert.png\",\"contentUrl\":\"https:\/\/www.meine-tcm.com\/wp-content\/uploads\/2022\/08\/meine-tcm-traditionelle-chinesische-medizin-einfach-erklaert.png\",\"width\":559,\"height\":479,\"caption\":\"meine-TCM.com \u2014 Traditionelle chinesische Medizin einfach erkl\u00e4rt\"},\"image\":{\"@id\":\"https:\/\/www.meine-tcm.com\/#\/schema\/logo\/image\/\"},\"sameAs\":[\"https:\/\/www.instagram.com\/meinetcm\/\",\"https:\/\/www.youtube.com\/@EinfachbesserLeben\"]}]}<\/script>\n<!-- \/ Yoast SEO plugin. -->","yoast_head_json":{"title":"Qi Gong Course: The 8 Brocades","description":"With this video course you will learn the Qi Gong exercises of the 8 Brocades. All exercises are explained in great detail. Plus: a lot of TCM background information.","robots":{"index":"index","follow":"follow","max-snippet":"max-snippet:-1","max-image-preview":"max-image-preview:large","max-video-preview":"max-video-preview:-1"},"canonical":"https:\/\/www.meine-tcm.com\/en\/prod\/qi-gong-course-8-brocades\/","og_locale":"en_US","og_type":"article","og_title":"Qi Gong Kurs: Die 8 Brokate","og_description":"Mit diesem Videokurs lernst du die Qi Gong \u00dcbungen der 8 Brokate. Alle \u00dcbungen werden sehr detailliert erkl\u00e4rt. Plus: viele TCM Hintergrundinfos. Der Kurs ist als DVD, zum Online Ansehen oder als App im Apple App Store und Google Play Store erh\u00e4ltlich.","og_url":"https:\/\/www.meine-tcm.com\/en\/prod\/qi-gong-course-8-brocades\/","og_site_name":"meine TCM | Traditionelle Chinesische Medizin einfach erkl\u00e4rt","article_modified_time":"2026-04-07T11:02:15+00:00","og_image":[{"width":764,"height":1080,"url":"https:\/\/www.meine-tcm.com\/wp-content\/uploads\/2014\/06\/qi-gong-kurs-8-brokate-04.jpg","type":"image\/jpeg"}],"twitter_card":"summary_large_image","twitter_title":"Qi Gong Kurs: Die 8 Brokate","twitter_description":"Mit diesem Videokurs lernst du die Qi Gong \u00dcbungen der 8 Brokate. Alle \u00dcbungen werden sehr detailliert erkl\u00e4rt. Plus: viele TCM Hintergrundinfos. Der Kurs ist als DVD, zum Online Ansehen oder als App im Apple App Store und Google Play Store erh\u00e4ltlich.","twitter_image":"https:\/\/www.meine-tcm.com\/wp-content\/uploads\/2014\/06\/qi-gong-kurs-8-brokate-04.jpg","twitter_misc":{"Est. reading time":"2 minutes"},"schema":{"@context":"https:\/\/schema.org","@graph":[{"@type":"WebPage","@id":"https:\/\/www.meine-tcm.com\/produkt\/qi-gong-kurs-8-brokate\/","url":"https:\/\/www.meine-tcm.com\/produkt\/qi-gong-kurs-8-brokate\/","name":"Qi Gong Course: The 8 Brocades","isPartOf":{"@id":"https:\/\/www.meine-tcm.com\/#website"},"primaryImageOfPage":{"@id":"https:\/\/www.meine-tcm.com\/produkt\/qi-gong-kurs-8-brokate\/#primaryimage"},"image":{"@id":"https:\/\/www.meine-tcm.com\/produkt\/qi-gong-kurs-8-brokate\/#primaryimage"},"thumbnailUrl":"https:\/\/www.meine-tcm.com\/wp-content\/uploads\/2014\/06\/1qi-gong-i.jpg","datePublished":"2014-06-09T19:48:15+00:00","dateModified":"2026-04-07T11:02:15+00:00","description":"With this video course you will learn the Qi Gong exercises of the 8 Brocades. All exercises are explained in great detail. Plus: a lot of TCM background information.","breadcrumb":{"@id":"https:\/\/www.meine-tcm.com\/produkt\/qi-gong-kurs-8-brokate\/#breadcrumb"},"inLanguage":"en-US","potentialAction":[{"@type":"ReadAction","target":["https:\/\/www.meine-tcm.com\/produkt\/qi-gong-kurs-8-brokate\/"]}]},{"@type":"ImageObject","inLanguage":"en-US","@id":"https:\/\/www.meine-tcm.com\/produkt\/qi-gong-kurs-8-brokate\/#primaryimage","url":"https:\/\/www.meine-tcm.com\/wp-content\/uploads\/2014\/06\/1qi-gong-i.jpg","contentUrl":"https:\/\/www.meine-tcm.com\/wp-content\/uploads\/2014\/06\/1qi-gong-i.jpg","width":1062,"height":1500,"caption":"Der moderne Qi Gong Kurs 8 Brokate von Einfach besser leben"},{"@type":"BreadcrumbList","@id":"https:\/\/www.meine-tcm.com\/produkt\/qi-gong-kurs-8-brokate\/#breadcrumb","itemListElement":[{"@type":"ListItem","position":1,"name":"Home","item":"https:\/\/www.meine-tcm.com\/"},{"@type":"ListItem","position":2,"name":"Shop","item":"https:\/\/www.meine-tcm.com\/shop\/"},{"@type":"ListItem","position":3,"name":"Qi Gong","item":"https:\/\/www.meine-tcm.com\/produkte\/qi-gong\/"},{"@type":"ListItem","position":4,"name":"Die 8 Brokate \u2014 Der moderne Qi Gong Kurs I"}]},{"@type":"WebSite","@id":"https:\/\/www.meine-tcm.com\/#website","url":"https:\/\/www.meine-tcm.com\/","name":"my TCM | Traditional Chinese Medicine simply explained","description":"Simply stay healthy","publisher":{"@id":"https:\/\/www.meine-tcm.com\/#organization"},"potentialAction":[{"@type":"SearchAction","target":{"@type":"EntryPoint","urlTemplate":"https:\/\/www.meine-tcm.com\/?s={search_term_string}"},"query-input":{"@type":"PropertyValueSpecification","valueRequired":true,"valueName":"search_term_string"}}],"inLanguage":"en-US"},{"@type":"Organization","@id":"https:\/\/www.meine-tcm.com\/#organization","name":"my-TCM.com - Traditional Chinese Medicine simply explained","url":"https:\/\/www.meine-tcm.com\/","logo":{"@type":"ImageObject","inLanguage":"en-US","@id":"https:\/\/www.meine-tcm.com\/#\/schema\/logo\/image\/","url":"https:\/\/www.meine-tcm.com\/wp-content\/uploads\/2022\/08\/meine-tcm-traditionelle-chinesische-medizin-einfach-erklaert.png","contentUrl":"https:\/\/www.meine-tcm.com\/wp-content\/uploads\/2022\/08\/meine-tcm-traditionelle-chinesische-medizin-einfach-erklaert.png","width":559,"height":479,"caption":"meine-TCM.com \u2014 Traditionelle chinesische Medizin einfach erkl\u00e4rt"},"image":{"@id":"https:\/\/www.meine-tcm.com\/#\/schema\/logo\/image\/"},"sameAs":["https:\/\/www.instagram.com\/meinetcm\/","https:\/\/www.youtube.com\/@EinfachbesserLeben"]}]}},"wps_subtitle":"","_links":{"self":[{"href":"https:\/\/www.meine-tcm.com\/en\/wp-json\/wp\/v2\/product\/1416","targetHints":{"allow":["GET"]}}],"collection":[{"href":"https:\/\/www.meine-tcm.com\/en\/wp-json\/wp\/v2\/product"}],"about":[{"href":"https:\/\/www.meine-tcm.com\/en\/wp-json\/wp\/v2\/types\/product"}],"replies":[{"embeddable":true,"href":"https:\/\/www.meine-tcm.com\/en\/wp-json\/wp\/v2\/comments?post=1416"}],"wp:featuredmedia":[{"embeddable":true,"href":"https:\/\/www.meine-tcm.com\/en\/wp-json\/wp\/v2\/media\/1419"}],"wp:attachment":[{"href":"https:\/\/www.meine-tcm.com\/en\/wp-json\/wp\/v2\/media?parent=1416"}],"wp:term":[{"taxonomy":"product_brand","embeddable":true,"href":"https:\/\/www.meine-tcm.com\/en\/wp-json\/wp\/v2\/product_brand?post=1416"},{"taxonomy":"product_cat","embeddable":true,"href":"https:\/\/www.meine-tcm.com\/en\/wp-json\/wp\/v2\/product_cat?post=1416"},{"taxonomy":"product_tag","embeddable":true,"href":"https:\/\/www.meine-tcm.com\/en\/wp-json\/wp\/v2\/product_tag?post=1416"}],"curies":[{"name":"wp","href":"https:\/\/api.w.org\/{rel}","templated":true}]}}