{"id":1406,"date":"2014-07-06T10:43:57","date_gmt":"2014-07-06T08:43:57","guid":{"rendered":"https:\/\/www.meine-tcm.com\/produkt\/dein-ganzheitliches-rueckentraining-1\/"},"modified":"2026-04-09T10:32:01","modified_gmt":"2026-04-09T08:32:01","slug":"your-holistic-back-training-1","status":"publish","type":"product","link":"https:\/\/www.meine-tcm.com\/en\/prod\/your-holistic-back-training-1\/","title":{"rendered":"Your holistic back training"},"content":{"rendered":"<h2><strong>Finally free from back pain!<\/strong><\/h2>\n<p>To <strong>Back pain<\/strong> To dissolve stress once and for all, a holistic training program is needed, which addresses the body but also the psyche of the person. Stress is considered one of the biggest triggers for <strong>Back pain<\/strong> and it is here that Eastern medicine has a wealth of experience to offer.<\/p>\n<p>Because it is in the <strong>Traditional Chinese Medicine (TCM)<\/strong> very clear that body and mind cannot be considered separately. Especially the exercises from Qi Gong and acupressure address the energy system of the person. This not only improves the body, but also the <strong>emotional well-being<\/strong> positively influenced. This in turn is an important prerequisite for the body to better release tension in the area of the spine. This will not only straighten you up internally, but also improve your external posture.<\/p>\n<p>With a small daily time investment of a few minutes it is possible, <strong>permanently pain free<\/strong> to become. However, this also requires a bit of stamina. Because the best results come when you train regularly, at least 3 times a week. In this video <strong>3 different\u00a0<\/strong>long programs shown. So, depending on how long you want to train, you can choose between 3 workouts.<\/p>\n<h3><strong>CONTENTS<\/strong><\/h3>\n<p>The <strong>Back training<\/strong> is structured like a one-on-one training. Each of the <strong>25 back exercises<\/strong> is explained in detail so that it is clear what to look out for and what mistakes to avoid.<\/p>\n<ul>\n<li>3 workouts with 7 minutes, 20 minutes or 33 minutes of training time,<\/li>\n<li>25 back exercises explained comprehensively and in detail,<\/li>\n<li>Back training is easy to learn,<\/li>\n<li>suitable for all ages and fitness levels,<\/li>\n<li>Executable anywhere and anytime, just watch on your smartphone or tablet.<\/li>\n<\/ul>\n<div class=\"row\"  id=\"row-1421917846\">\n\n\t<div id=\"col-231765006\" class=\"col medium-6 small-12 large-6\"  >\n\t\t\t\t<div class=\"col-inner\" style=\"background-color:rgba(218, 221, 222, 0.35);\" >\n\t\t\t\n\t\t\t\n<div class=\"video video-fit mb\" style=\"padding-top:56.25%;\"><p><iframe loading=\"lazy\" title=\"The best exercises against back pain (part 4 of 5) - Five exercises in detail\" width=\"1020\" height=\"574\" src=\"https:\/\/www.youtube.com\/embed\/RYIQAW-wO38?feature=oembed\" frameborder=\"0\" allow=\"accelerometer; autoplay; clipboard-write; encrypted-media; gyroscope; picture-in-picture\" allowfullscreen><\/iframe><\/p>\n<\/div>\n<h3>5 sample exercises from our course<\/h3>\n<p>To get an idea of how our video course is structured, Wolfgang shows you an excerpt of the 25 back exercises that Wolfgang explains to you in detail in our video course.<\/p>\n\t\t<\/div>\n\t\t\t\t\n<style>\n#col-231765006 > .col-inner {\n  padding: 10px 10px 1px 10px;\n}\n<\/style>\n\t<\/div>\n\n\t\n\n\t<div id=\"col-333278349\" class=\"col medium-6 small-12 large-6\"  >\n\t\t\t\t<div class=\"col-inner text-left\" style=\"background-color:rgba(218, 221, 222, 0.35);\" >\n\t\t\t\n\t\t\t\n<div class=\"video video-fit mb\" style=\"padding-top:56.25%;\"><p><iframe loading=\"lazy\" title=\"Your holistic back training - The 25 best exercises against back pain (teaser movie DVD)\" width=\"1020\" height=\"574\" src=\"https:\/\/www.youtube.com\/embed\/VKVa4iBV2_8?feature=oembed\" frameborder=\"0\" allow=\"accelerometer; autoplay; clipboard-write; encrypted-media; gyroscope; picture-in-picture\" allowfullscreen><\/iframe><\/p>\n<\/div>\n<h3>Trailer from our video course<\/h3>\n<p>Your holistic back training - The best exercises from Western &amp; Eastern Medicine.<\/p>\n\t\t<\/div>\n\t\t\t\t\n<style>\n#col-333278349 > .col-inner {\n  padding: 10px 10px 69px 10px;\n}\n<\/style>\n\t<\/div>\n\n\t\n<\/div>\n<h3><strong>FACTS<\/strong><\/h3>\n<p>Wolfgang Stemer is a Shiatsu practitioner, fitness instructor, Pilates trainer and Qi Gong teacher as well as a TCM therapist with 20 years of practical experience working with people and teaching.<\/p>\n<ul>\n<li><strong>Format:<\/strong>\u00a0PAL<\/li>\n<li><strong>Language:<\/strong>\u00a0German (Dolby Digital 2.0 Stereo)<\/li>\n<li><strong>Region:<\/strong>\u00a0Region 2<\/li>\n<li><strong>Number of discs:<\/strong>\u00a01<\/li>\n<li><strong>FSC:<\/strong>\u00a0Teaching program<\/li>\n<li><strong>Studio:<\/strong>\u00a0EBL Media Production<\/li>\n<li><strong>Production year:<\/strong>\u00a02016<\/li>\n<li><strong>Playing time:<\/strong>\u00a0143 minutes<\/li>\n<\/ul>","protected":false},"excerpt":{"rendered":"<p>With this <strong>holistic back training<\/strong> you will be shown an effective and easy to follow way, <strong>Back pain<\/strong> finally get rid of. The best exercises from <strong>classical back gymnastics<\/strong>, <strong>traditional chinese medicine<\/strong>, <strong>Pilates<\/strong> and<strong> Acupressure<\/strong> form the basis of the training. With a small daily time investment, it is possible to be permanently freed from your back pain.<\/p>","protected":false},"featured_media":1410,"comment_status":"open","ping_status":"closed","template":"","meta":{"_acf_changed":false},"product_brand":[],"product_cat":[116],"product_tag":[114,155,181],"class_list":{"0":"post-1406","1":"product","2":"type-product","3":"status-publish","4":"has-post-thumbnail","6":"product_cat-rueckenschmerzen","7":"product_tag-rueckenschmerzen","8":"product_tag-nackenverspannungen","9":"product_tag-osteoporose","11":"first","12":"instock","13":"featured","14":"taxable","15":"shipping-taxable","16":"purchasable","17":"product-type-variable"},"acf":[],"yoast_head":"<!-- This site is optimized with the Yoast SEO plugin v27.1.1 - https:\/\/yoast.com\/product\/yoast-seo-wordpress\/ -->\n<title>Dein ganzheitliches R\u00fcckentraining Online Kaufen<\/title>\n<meta name=\"description\" content=\"Werde deine l\u00e4stigen R\u00fcckenschmerzen endlich dauerhaft los mit diesem Video Kurs. Im R\u00fcckentraining lernst du die 25 besten \u00dcbungen.\" \/>\n<meta name=\"robots\" content=\"index, follow, max-snippet:-1, max-image-preview:large, max-video-preview:-1\" \/>\n<link rel=\"canonical\" href=\"https:\/\/www.meine-tcm.com\/en\/prod\/your-holistic-back-training-1\/\" \/>\n<meta property=\"og:locale\" content=\"en_US\" \/>\n<meta property=\"og:type\" content=\"article\" \/>\n<meta property=\"og:title\" content=\"Dein ganzheitliches R\u00fcckentraining Online Kaufen\" \/>\n<meta property=\"og:description\" content=\"Werde deine l\u00e4stigen R\u00fcckenschmerzen endlich dauerhaft los mit diesem Video Kurs. Im R\u00fcckentraining lernst du die 25 besten \u00dcbungen.\" \/>\n<meta property=\"og:url\" content=\"https:\/\/www.meine-tcm.com\/en\/prod\/your-holistic-back-training-1\/\" \/>\n<meta property=\"og:site_name\" content=\"meine TCM | Traditionelle Chinesische Medizin einfach erkl\u00e4rt\" \/>\n<meta property=\"article:modified_time\" content=\"2026-04-09T08:32:01+00:00\" \/>\n<meta property=\"og:image\" content=\"https:\/\/www.meine-tcm.com\/wp-content\/uploads\/2014\/07\/ganzheitliches-rueckentraining-kurs-01.jpg\" \/>\n\t<meta property=\"og:image:width\" content=\"764\" \/>\n\t<meta property=\"og:image:height\" content=\"1080\" \/>\n\t<meta property=\"og:image:type\" content=\"image\/jpeg\" \/>\n<meta name=\"twitter:card\" content=\"summary_large_image\" \/>\n<meta name=\"twitter:label1\" content=\"Est. reading time\" \/>\n\t<meta name=\"twitter:data1\" content=\"3 minutes\" \/>\n<script type=\"application\/ld+json\" class=\"yoast-schema-graph\">{\"@context\":\"https:\/\/schema.org\",\"@graph\":[{\"@type\":\"WebPage\",\"@id\":\"https:\/\/www.meine-tcm.com\/produkt\/dein-ganzheitliches-rueckentraining-1\/\",\"url\":\"https:\/\/www.meine-tcm.com\/produkt\/dein-ganzheitliches-rueckentraining-1\/\",\"name\":\"Dein ganzheitliches R\u00fcckentraining Online Kaufen\",\"isPartOf\":{\"@id\":\"https:\/\/www.meine-tcm.com\/#website\"},\"primaryImageOfPage\":{\"@id\":\"https:\/\/www.meine-tcm.com\/produkt\/dein-ganzheitliches-rueckentraining-1\/#primaryimage\"},\"image\":{\"@id\":\"https:\/\/www.meine-tcm.com\/produkt\/dein-ganzheitliches-rueckentraining-1\/#primaryimage\"},\"thumbnailUrl\":\"https:\/\/www.meine-tcm.com\/wp-content\/uploads\/2014\/07\/ganzheitliches-rueckentraining-kurs-01.jpg\",\"datePublished\":\"2014-07-06T08:43:57+00:00\",\"dateModified\":\"2026-04-09T08:32:01+00:00\",\"description\":\"Werde deine l\u00e4stigen R\u00fcckenschmerzen endlich dauerhaft los mit diesem Video Kurs. Im R\u00fcckentraining lernst du die 25 besten \u00dcbungen.\",\"breadcrumb\":{\"@id\":\"https:\/\/www.meine-tcm.com\/produkt\/dein-ganzheitliches-rueckentraining-1\/#breadcrumb\"},\"inLanguage\":\"en-US\",\"potentialAction\":[{\"@type\":\"ReadAction\",\"target\":[\"https:\/\/www.meine-tcm.com\/produkt\/dein-ganzheitliches-rueckentraining-1\/\"]}]},{\"@type\":\"ImageObject\",\"inLanguage\":\"en-US\",\"@id\":\"https:\/\/www.meine-tcm.com\/produkt\/dein-ganzheitliches-rueckentraining-1\/#primaryimage\",\"url\":\"https:\/\/www.meine-tcm.com\/wp-content\/uploads\/2014\/07\/ganzheitliches-rueckentraining-kurs-01.jpg\",\"contentUrl\":\"https:\/\/www.meine-tcm.com\/wp-content\/uploads\/2014\/07\/ganzheitliches-rueckentraining-kurs-01.jpg\",\"width\":764,\"height\":1080,\"caption\":\"Dein ganzheitliches R\u00fcckentraining DVD Kurs\"},{\"@type\":\"BreadcrumbList\",\"@id\":\"https:\/\/www.meine-tcm.com\/produkt\/dein-ganzheitliches-rueckentraining-1\/#breadcrumb\",\"itemListElement\":[{\"@type\":\"ListItem\",\"position\":1,\"name\":\"Home\",\"item\":\"https:\/\/www.meine-tcm.com\/\"},{\"@type\":\"ListItem\",\"position\":2,\"name\":\"Shop\",\"item\":\"https:\/\/www.meine-tcm.com\/shop\/\"},{\"@type\":\"ListItem\",\"position\":3,\"name\":\"R\u00fcckenschmerzen\",\"item\":\"https:\/\/www.meine-tcm.com\/produkte\/rueckenschmerzen\/\"},{\"@type\":\"ListItem\",\"position\":4,\"name\":\"Dein ganzheitliches R\u00fcckentraining\"}]},{\"@type\":\"WebSite\",\"@id\":\"https:\/\/www.meine-tcm.com\/#website\",\"url\":\"https:\/\/www.meine-tcm.com\/\",\"name\":\"meine TCM | Traditionelle Chinesische Medizin einfach erkl\u00e4rt\",\"description\":\"Einfach gesund bleiben\",\"publisher\":{\"@id\":\"https:\/\/www.meine-tcm.com\/#organization\"},\"potentialAction\":[{\"@type\":\"SearchAction\",\"target\":{\"@type\":\"EntryPoint\",\"urlTemplate\":\"https:\/\/www.meine-tcm.com\/?s={search_term_string}\"},\"query-input\":{\"@type\":\"PropertyValueSpecification\",\"valueRequired\":true,\"valueName\":\"search_term_string\"}}],\"inLanguage\":\"en-US\"},{\"@type\":\"Organization\",\"@id\":\"https:\/\/www.meine-tcm.com\/#organization\",\"name\":\"meine-TCM.com \u2014 Traditionelle chinesische Medizin einfach erkl\u00e4rt\",\"url\":\"https:\/\/www.meine-tcm.com\/\",\"logo\":{\"@type\":\"ImageObject\",\"inLanguage\":\"en-US\",\"@id\":\"https:\/\/www.meine-tcm.com\/#\/schema\/logo\/image\/\",\"url\":\"https:\/\/www.meine-tcm.com\/wp-content\/uploads\/2022\/08\/meine-tcm-traditionelle-chinesische-medizin-einfach-erklaert.png\",\"contentUrl\":\"https:\/\/www.meine-tcm.com\/wp-content\/uploads\/2022\/08\/meine-tcm-traditionelle-chinesische-medizin-einfach-erklaert.png\",\"width\":559,\"height\":479,\"caption\":\"meine-TCM.com \u2014 Traditionelle chinesische Medizin einfach erkl\u00e4rt\"},\"image\":{\"@id\":\"https:\/\/www.meine-tcm.com\/#\/schema\/logo\/image\/\"},\"sameAs\":[\"https:\/\/www.instagram.com\/meinetcm\/\",\"https:\/\/www.youtube.com\/@EinfachbesserLeben\"]}]}<\/script>\n<!-- \/ Yoast SEO plugin. -->","yoast_head_json":{"title":"Your Holistic Back Training Buy Online","description":"Finally get rid of your annoying back pain permanently with this video course. In the back training you will learn the 25 best exercises.","robots":{"index":"index","follow":"follow","max-snippet":"max-snippet:-1","max-image-preview":"max-image-preview:large","max-video-preview":"max-video-preview:-1"},"canonical":"https:\/\/www.meine-tcm.com\/en\/prod\/your-holistic-back-training-1\/","og_locale":"en_US","og_type":"article","og_title":"Dein ganzheitliches R\u00fcckentraining Online Kaufen","og_description":"Werde deine l\u00e4stigen R\u00fcckenschmerzen endlich dauerhaft los mit diesem Video Kurs. Im R\u00fcckentraining lernst du die 25 besten \u00dcbungen.","og_url":"https:\/\/www.meine-tcm.com\/en\/prod\/your-holistic-back-training-1\/","og_site_name":"meine TCM | Traditionelle Chinesische Medizin einfach erkl\u00e4rt","article_modified_time":"2026-04-09T08:32:01+00:00","og_image":[{"width":764,"height":1080,"url":"https:\/\/www.meine-tcm.com\/wp-content\/uploads\/2014\/07\/ganzheitliches-rueckentraining-kurs-01.jpg","type":"image\/jpeg"}],"twitter_card":"summary_large_image","twitter_misc":{"Est. reading time":"3 minutes"},"schema":{"@context":"https:\/\/schema.org","@graph":[{"@type":"WebPage","@id":"https:\/\/www.meine-tcm.com\/produkt\/dein-ganzheitliches-rueckentraining-1\/","url":"https:\/\/www.meine-tcm.com\/produkt\/dein-ganzheitliches-rueckentraining-1\/","name":"Your Holistic Back Training Buy Online","isPartOf":{"@id":"https:\/\/www.meine-tcm.com\/#website"},"primaryImageOfPage":{"@id":"https:\/\/www.meine-tcm.com\/produkt\/dein-ganzheitliches-rueckentraining-1\/#primaryimage"},"image":{"@id":"https:\/\/www.meine-tcm.com\/produkt\/dein-ganzheitliches-rueckentraining-1\/#primaryimage"},"thumbnailUrl":"https:\/\/www.meine-tcm.com\/wp-content\/uploads\/2014\/07\/ganzheitliches-rueckentraining-kurs-01.jpg","datePublished":"2014-07-06T08:43:57+00:00","dateModified":"2026-04-09T08:32:01+00:00","description":"Finally get rid of your annoying back pain permanently with this video course. In the back training you will learn the 25 best exercises.","breadcrumb":{"@id":"https:\/\/www.meine-tcm.com\/produkt\/dein-ganzheitliches-rueckentraining-1\/#breadcrumb"},"inLanguage":"en-US","potentialAction":[{"@type":"ReadAction","target":["https:\/\/www.meine-tcm.com\/produkt\/dein-ganzheitliches-rueckentraining-1\/"]}]},{"@type":"ImageObject","inLanguage":"en-US","@id":"https:\/\/www.meine-tcm.com\/produkt\/dein-ganzheitliches-rueckentraining-1\/#primaryimage","url":"https:\/\/www.meine-tcm.com\/wp-content\/uploads\/2014\/07\/ganzheitliches-rueckentraining-kurs-01.jpg","contentUrl":"https:\/\/www.meine-tcm.com\/wp-content\/uploads\/2014\/07\/ganzheitliches-rueckentraining-kurs-01.jpg","width":764,"height":1080,"caption":"Dein ganzheitliches R\u00fcckentraining DVD Kurs"},{"@type":"BreadcrumbList","@id":"https:\/\/www.meine-tcm.com\/produkt\/dein-ganzheitliches-rueckentraining-1\/#breadcrumb","itemListElement":[{"@type":"ListItem","position":1,"name":"Home","item":"https:\/\/www.meine-tcm.com\/"},{"@type":"ListItem","position":2,"name":"Shop","item":"https:\/\/www.meine-tcm.com\/shop\/"},{"@type":"ListItem","position":3,"name":"R\u00fcckenschmerzen","item":"https:\/\/www.meine-tcm.com\/produkte\/rueckenschmerzen\/"},{"@type":"ListItem","position":4,"name":"Dein ganzheitliches R\u00fcckentraining"}]},{"@type":"WebSite","@id":"https:\/\/www.meine-tcm.com\/#website","url":"https:\/\/www.meine-tcm.com\/","name":"my TCM | Traditional Chinese Medicine simply explained","description":"Simply stay healthy","publisher":{"@id":"https:\/\/www.meine-tcm.com\/#organization"},"potentialAction":[{"@type":"SearchAction","target":{"@type":"EntryPoint","urlTemplate":"https:\/\/www.meine-tcm.com\/?s={search_term_string}"},"query-input":{"@type":"PropertyValueSpecification","valueRequired":true,"valueName":"search_term_string"}}],"inLanguage":"en-US"},{"@type":"Organization","@id":"https:\/\/www.meine-tcm.com\/#organization","name":"my-TCM.com - Traditional Chinese Medicine simply explained","url":"https:\/\/www.meine-tcm.com\/","logo":{"@type":"ImageObject","inLanguage":"en-US","@id":"https:\/\/www.meine-tcm.com\/#\/schema\/logo\/image\/","url":"https:\/\/www.meine-tcm.com\/wp-content\/uploads\/2022\/08\/meine-tcm-traditionelle-chinesische-medizin-einfach-erklaert.png","contentUrl":"https:\/\/www.meine-tcm.com\/wp-content\/uploads\/2022\/08\/meine-tcm-traditionelle-chinesische-medizin-einfach-erklaert.png","width":559,"height":479,"caption":"meine-TCM.com \u2014 Traditionelle chinesische Medizin einfach erkl\u00e4rt"},"image":{"@id":"https:\/\/www.meine-tcm.com\/#\/schema\/logo\/image\/"},"sameAs":["https:\/\/www.instagram.com\/meinetcm\/","https:\/\/www.youtube.com\/@EinfachbesserLeben"]}]}},"wps_subtitle":"","_links":{"self":[{"href":"https:\/\/www.meine-tcm.com\/en\/wp-json\/wp\/v2\/product\/1406","targetHints":{"allow":["GET"]}}],"collection":[{"href":"https:\/\/www.meine-tcm.com\/en\/wp-json\/wp\/v2\/product"}],"about":[{"href":"https:\/\/www.meine-tcm.com\/en\/wp-json\/wp\/v2\/types\/product"}],"replies":[{"embeddable":true,"href":"https:\/\/www.meine-tcm.com\/en\/wp-json\/wp\/v2\/comments?post=1406"}],"wp:featuredmedia":[{"embeddable":true,"href":"https:\/\/www.meine-tcm.com\/en\/wp-json\/wp\/v2\/media\/1410"}],"wp:attachment":[{"href":"https:\/\/www.meine-tcm.com\/en\/wp-json\/wp\/v2\/media?parent=1406"}],"wp:term":[{"taxonomy":"product_brand","embeddable":true,"href":"https:\/\/www.meine-tcm.com\/en\/wp-json\/wp\/v2\/product_brand?post=1406"},{"taxonomy":"product_cat","embeddable":true,"href":"https:\/\/www.meine-tcm.com\/en\/wp-json\/wp\/v2\/product_cat?post=1406"},{"taxonomy":"product_tag","embeddable":true,"href":"https:\/\/www.meine-tcm.com\/en\/wp-json\/wp\/v2\/product_tag?post=1406"}],"curies":[{"name":"wp","href":"https:\/\/api.w.org\/{rel}","templated":true}]}}