{"id":1325,"date":"2020-07-08T10:00:13","date_gmt":"2020-07-08T08:00:13","guid":{"rendered":"https:\/\/www.meine-tcm.com\/produkt\/skin\/"},"modified":"2026-01-27T08:07:46","modified_gmt":"2026-01-27T07:07:46","slug":"skin","status":"publish","type":"product","link":"https:\/\/www.meine-tcm.com\/en\/prod\/skin\/","title":{"rendered":"Skin"},"content":{"rendered":"<h2 style=\"padding-bottom: 0 !important;\">Skin<\/h2>\n<p style=\"padding-top: 10px;\"><strong>Blend according to alternative practitioner Vivian Ansuhenne from Hamburg.<\/strong><\/p>\n<p><strong>Special feature:<\/strong><br \/>\nThis formula contains 4 coordinated vital mushrooms to support the whole organism and regulate the acid mantle of the skin.<\/p>\n<p><strong>Content:<\/strong><br \/>\n42 capsules<\/p>\n<p><strong>Effect west:<\/strong><br \/>\nAllergic reaction of the skin, itching, burning, scaling, weeping skin.<\/p>\n<p><strong>Effect TCM:<\/strong><br \/>\nMoisture draining.<br \/>\nWetness and heat from Wei to Xue plain.<\/p>\n<p><strong>Notes:<\/strong><br \/>\nDo not use if you wish to have children or are pregnant!<\/p>\n<p><strong>Recommended intake:<\/strong><br \/>\nDepending on the complaint, take 1\u00d72 Kps. to 3\u00d72 Kps. with plenty of liquid.<\/p>\n<p><strong>Duration of intake:<\/strong><br \/>\nUntil the symptoms are gone.<\/p>\n<ul class=\"kkombi\" aria-label=\"Combination recommendation:\">\n<li><a href=\"https:\/\/www.meine-tcm.com\/en\/prod\/allergit\/\">Allergit<\/a><\/li>\n<\/ul>\n<p><strong>Nutrition tips:<\/strong><br \/>\nAvoid animal dairy products, industrial sugar and too much pasta.<\/p>\n<p><strong>Ingredients:<\/strong><\/p>\n<table>\n<thead>\n<tr>\n<td>Pinyin<\/td>\n<td>Latin name<\/td>\n<td>German designation<\/td>\n<td>Percent %<\/td>\n<td>6 tabs (3 g)<\/td>\n<\/tr>\n<\/thead>\n<tbody>\n<tr>\n<td>Dong Chong Xia Cao<\/td>\n<td>Cordyceps<\/td>\n<td>Chinese caterpillar fungus<\/td>\n<td>25,0<\/td>\n<td>0,75<\/td>\n<\/tr>\n<tr>\n<td>Ling Zhi<\/td>\n<td>Ganoderma Luc.<\/td>\n<td>Glossy lacquer mushroom<\/td>\n<td>25,0<\/td>\n<td>0,75<\/td>\n<\/tr>\n<tr>\n<td>Mu He<\/td>\n<td>Auricularia<\/td>\n<td>Mu Err mushroom<\/td>\n<td>25,0<\/td>\n<td>0,75<\/td>\n<\/tr>\n<tr>\n<td>Zhu Ling<\/td>\n<td>Polyporus umbellatus<\/td>\n<td>A branchy tufted mushroom<\/td>\n<td>25,0<\/td>\n<td>0,75<\/td>\n<\/tr>\n<\/tbody>\n<\/table>\n\t<div id=\"gap-2110014316\" class=\"gap-element clearfix\" style=\"display:block; height:auto;\">\n\t\t\n<style>\n#gap-2110014316 {\n  padding-top: 20px;\n}\n<\/style>\n\t<\/div>\n\t\n\n<div class=\"row row-collapse row-full-width row-solid nem-hinweis-row\"  id=\"row-1181505356\">\n\n\n\t<div id=\"col-1062825504\" class=\"col nem-hinweis-column small-12 large-12\"  >\n\t\t\t\t<div class=\"col-inner\"  >\n\t\t\t\n\t<div class=\"is-border\"\n\t\tstyle=\"border-color:rgb(23, 126, 137);border-radius:10px;border-width:1px 1px 1px 1px;\">\n\t<\/div>\n\t\t\t\n\n\t<div id=\"text-3207350580\" class=\"text nem-hinweis-paragraph\">\n\t\t\n\n<h2>\ud83d\udc8a TCM\u2013Kr\u00e4uter richtig einnehmen \u2014 warum mehr Tabletten und mehr Zeit?<\/h2>\n<p><strong><br \/>Westliche Medikamente<\/strong>\u00a0sind isolierte Einzelmolek\u00fcle in hoher Konzentration \u2014 ein Wirkstoff, ein Ziel. Wie ein Pfeil: schnell und pr\u00e4zise. Deswegen gen\u00fcgt oft eine einzige Tablette.<\/p>\n<p><strong>TCM\u2013Kr\u00e4utermischungen<\/strong> arbeiten anders. Jede Rezeptur enth\u00e4lt mehrere Pflanzen mit hunderten Verbindungen, die in Synergie wirken \u2014 wie ein Orchester, nicht wie ein Solist. Die Einzeldosis pro Verbindung ist geringer, aber die Summe entfaltet eine breite, tiefgreifende Wirkung. Deswegen braucht es mehr Tabletten pro Einnahme \u2014 und deswegen sind die Nebenwirkungen in der Regel milder.<\/p>\n<p><strong>Und warum so lange?<\/strong>\u00a0Westliche Schmerzmittel unterdr\u00fccken Symptome in einer Stunde \u2014 aber die Ursache bleibt. TCM\u2013Kr\u00e4uter ver\u00e4ndern das Muster, das die Beschwerden erzeugt. Der Unterschied ist wie zwischen einer Schmerztablette und einer Physiotherapie: Die Tablette wirkt sofort, aber die Physiotherapie heilt. Und Heilung braucht Zeit.<\/p>\n<p><strong>Allgemeine Einnahmeempfehlung:<br \/><\/strong><em>(sofern auf der jeweiligen Produktseite oder von deinem TCM\u2013Therapeuten nicht anders angegeben)<\/em><br \/>\u2713\u00a0<strong>Dosage:<\/strong>\u00a02x t\u00e4glich 4\u20136 Tabletten (je nach Rezeptur)<br \/>\u2713\u00a0<strong>Duration:<\/strong>\u00a06\u201312 Wochen, damit der K\u00f6rper sein Muster wirklich ver\u00e4ndern kann<br \/>\u2713\u00a0<strong>Einnahme:<\/strong>\u00a0Am besten mit warmem Wasser, 30 Minuten vor oder nach dem Essen<\/p>\n\t\t\t<\/div>\n\t\n\n\t\t<\/div>\n\t\t\t\t\t<\/div>\n\n\t\n\n\n<style>\n#row-1181505356 > .col > .col-inner {\n  padding: 20px 20px 20px 20px;\n  background-color: rgba(23, 126, 137, 0.1);\n  border-radius: 10px;\n}\n<\/style>\n<\/div>\n\t<div id=\"gap-521119168\" class=\"gap-element clearfix\" style=\"display:block; height:auto;\">\n\t\t\n<style>\n#gap-521119168 {\n  padding-top: 40px;\n}\n<\/style>\n\t<\/div>\n\t\n\n<div class=\"row row-collapse row-full-width nem-hinweis-row\"  id=\"row-900357780\">\n\n\n\t<div id=\"col-1410614062\" class=\"col nem-hinweis-column small-12 large-12\"  >\n\t\t\t\t<div class=\"col-inner\"  >\n\t\t\t\n\t\t\t\n\n\t<div id=\"text-2143995697\" class=\"text nem-hinweis-paragraph\">\n\t\t\n\n<p><strong>Notes:<\/strong><br \/>Only the highest quality herbs from Chinese medicine have been selected for the formulations of these food supplements to ensure maximum health benefits. They contain only over-the-counter herbs and are used as a dietary supplement.<\/p>\r\n<p>Food supplements are not intended as a substitute for a balanced and varied diet and a healthy lifestyle. Do not exceed the recommended daily intake. Keep out of the reach of small children. Store away from light and at room temperature. For an accurate diagnosis, and especially for pregnant and breastfeeding women, we recommend consulting a therapist specializing in Chinese medicine or your family doctor.<\/p>\n\t\t\t<\/div>\n\t\n\n\t\t<\/div>\n\t\t\t\t\t<\/div>\n\n\t\n\n<\/div>\n<style>\r\nh4 {\r\n  font-size: 22px;\r\n  margin-bottom: 0;\r\n}\r\n\r\n#tab-description p, #tab-reviews p {\r\n    padding: 0 0 18px 0;\r\n}\r\n\r\nstrong.tcm-kraut {\r\n  background-color: rgb(252 180 61 \/ 40%);\r\n  padding: 4px;\r\n  border-radius: 6px;\r\n}\r\n\r\nmain .padding-bottom-4 {\r\n    padding-bottom: 4px;\r\n}\r\n\r\nspan.checkmark {\r\n  display: inline-block;\r\n  width: 24px;\r\n  height: 24px;\r\n  background-color: #28a745;\r\n  border-radius: 50%;\r\n  position: relative;\r\n  top: 5px;\r\n}\r\n\r\nspan.checkmark::after {\r\n  content: \"\";\r\n  position: absolute;\r\n  left: 8px;\r\n  top: 3px;\r\n  width: 8px;\r\n  height: 16px;\r\n  border: solid white;\r\n  transform: rotate(45deg);\r\n  border-width: 0 3px 3px 0;\r\n  border-radius: 1px;\r\n}\r\n\r\nspan.checkmark.color-black {\r\n  background-color: unset;\r\n}\r\n\r\nspan.checkmark.color-black::after {\r\n  border: solid #000a0d;\r\n}\r\n\r\nmain ul.checklist {\r\n  position: relative;\r\n  list-style: none;\r\n  padding-left: 0;\r\n}\r\n\r\nmain ul.checklist li {\r\n  position: relative;\r\n  padding-left: 30px;\r\n  margin-bottom: 4px;\r\n  margin-left: 0;\r\n}\r\n\r\nmain ul.checklist li::before {\r\n  content: \"\";\r\n  position: absolute;\r\n  width: 24px;\r\n  height: 24px;\r\n  background-color: #28a745;\r\n  border-radius: 50%;\r\n  top: 2px;\r\n  left: 0;\r\n}\r\n\r\nmain ul.checklist li::after {\r\n  content: \"\";\r\n  position: absolute;\r\n  left: 8px;\r\n  top: 5px;\r\n  width: 8px;\r\n  height: 16px;\r\n  border: solid white;\r\n  transform: rotate(45deg);\r\n  border-width: 0 3px 3px 0;\r\n  border-radius: 1px;\r\n}\r\n\r\n.woocommerce-tabs #tab-description td:nth-child(5), .woocommerce-tabs #tab-description td:nth-child(4) {\r\n    text-align: center !important;\r\n}\r\n.woocommerce-tabs #tab-description thead td {\r\n    text-transform: uppercase;\r\n    font-size: 14px;\r\n    font-weight: 500;\r\n    color: #000a0d;\r\n    padding-top: 4px;\r\n    padding-bottom: 4px;\r\n    line-height: 1.1;\r\n    vertical-align: bottom;\r\n    background-color: #f2f2f2;\r\n    border-bottom: 4px solid #007f8b !important;\r\n}\r\n.woocommerce-tabs #tab-description tr:hover {\r\n    background-color: rgba(255, 182, 39, .1);\r\n}\r\n.woocommerce-tabs #tab-description tr:hover td {\r\n    color: #000a0d;\r\n}\r\n.woocommerce-tabs #tab-description tr:hover td:nth-child(1),\r\n.woocommerce-tabs #tab-description tr:hover td:nth-child(3),\r\n.woocommerce-tabs #tab-description tr:hover td:nth-child(5) {\r\n    font-weight: 600;\r\n    font-weight: 600;\r\n    letter-spacing: -.1px;\r\n}\r\n.woocommerce-tabs #tab-description td a {\r\n    text-decoration: underline;\r\n}\r\n.woocommerce-tabs #tab-description ul,\r\n.woocommerce-tabs #tab-description ul li {\r\n    margin-bottom: 0;\r\n}\r\n.woocommerce-tabs #tab-description ul li a {\r\n    text-decoration: underline;\r\n}\r\n.woocommerce-tabs #tab-description ul:before{\r\n    content:attr(aria-label);\r\n     font-weight:bold;\r\n}\r\n\r\n\/* Setze die Breite der Zellen basierend auf der ersten Zeile *\/\r\n.woocommerce .woocommerce-tabs table thead tr td:nth-child(1),\r\n.woocommerce .woocommerce-tabs table tbody tr td:nth-child(1) {\r\n    width: 16%;\r\n}\r\n\r\n.woocommerce .woocommerce-tabs table thead tr td:nth-child(2),\r\n.woocommerce .woocommerce-tabs table tbody tr td:nth-child(2) {\r\n    width: 30%;\r\n}\r\n\r\n.woocommerce .woocommerce-tabs table thead tr td:nth-child(3),\r\n.woocommerce .woocommerce-tabs table tbody tr td:nth-child(3) {\r\n    width: 30%;\r\n}\r\n\r\n.woocommerce .woocommerce-tabs table thead tr td:nth-child(4),\r\n.woocommerce .woocommerce-tabs table tbody tr td:nth-child(4) {\r\n    width: 12%;\r\n}\r\n\r\n.woocommerce .woocommerce-tabs table thead tr td:nth-child(5),\r\n.woocommerce .woocommerce-tabs table tbody tr td:nth-child(5) {\r\n    width: 12%;\r\n}\r\n\r\n@media screen and (max-width: 767px) {\r\n  .woocommerce .woocommerce-tabs .woocommerce-Tabs-panel--description table {\r\n    position: relative;\r\n    display: block;\r\n    overflow-x: auto;\r\n    \/\/ white-space: nowrap;\r\n  }\r\n\r\n  .woocommerce .woocommerce-tabs table thead tr,\r\n  .woocommerce .woocommerce-tabs table tbody tr {\r\n    display: flex;\r\n    flex-direction: row;\r\n  }\r\n\r\n  .woocommerce .woocommerce-tabs table thead td,\r\n  .woocommerce .woocommerce-tabs table tbody td {\r\n    display: block;\r\n    text-align: left;\r\n    padding: 10px;\r\n    box-sizing: border-box;\r\n    flex-grow: 1;\r\n  }\r\n\r\n  .woocommerce .woocommerce-tabs table thead td:first-child,\r\n  .woocommerce .woocommerce-tabs table tbody td:first-child {\r\n    position: sticky;\r\n    left: 0;\r\n    z-index: 1;\r\n    background-color: #fff;\r\n    box-shadow: 2px 0 5px rgba(0, 0, 0, 0.1);\r\n  }\r\n\r\n  .woocommerce .woocommerce-tabs table thead tr {\r\n    position: sticky;\r\n    top: 0;\r\n    z-index: 2;\r\n  }\r\n\r\n  .woocommerce .woocommerce-tabs table thead td {\r\n    background-color: #f8f8f8;\r\n  }\r\n\r\n  \/* Setze die Breite der Zellen basierend auf der ersten Zeile *\/\r\n  .woocommerce .woocommerce-tabs table thead tr td:nth-child(1),\r\n  .woocommerce .woocommerce-tabs table tbody tr td:nth-child(1) {\r\n    width: 140px;\r\n  }\r\n\r\n  .woocommerce .woocommerce-tabs table thead tr td:nth-child(2),\r\n  .woocommerce .woocommerce-tabs table tbody tr td:nth-child(2) {\r\n    width: 250px;\r\n  }\r\n\r\n  .woocommerce .woocommerce-tabs table thead tr td:nth-child(3),\r\n  .woocommerce .woocommerce-tabs table tbody tr td:nth-child(3) {\r\n    width: 250px;\r\n  }\r\n\r\n  .woocommerce .woocommerce-tabs table thead tr td:nth-child(4),\r\n  .woocommerce .woocommerce-tabs table tbody tr td:nth-child(4) {\r\n    width: 120px;\r\n  }\r\n\r\n  .woocommerce .woocommerce-tabs table thead tr td:nth-child(5),\r\n  .woocommerce .woocommerce-tabs table tbody tr td:nth-child(5) {\r\n    width: 120px;\r\n  }\r\n\r\n.woocommerce .woocommerce-tabs .woocommerce-Tabs-panel--description table {\r\n  overflow-x: scroll;\r\n}\r\n\r\n.woocommerce .woocommerce-tabs .woocommerce-Tabs-panel--description table {\r\n  display: block;\r\n  overflow-x: auto;\r\n  \/\/ white-space: nowrap;\r\n  -webkit-overflow-scrolling: touch;\r\n}\r\n\r\n.woocommerce .woocommerce-tabs .woocommerce-Tabs-panel--description table::-webkit-scrollbar {\r\n  height: 12px;\r\n  background-color: #f2f2f2;\r\n}\r\n\r\n.woocommerce .woocommerce-tabs.woocommerce-Tabs-panel--description table::-webkit-scrollbar-thumb {\r\n  background-color: var(--fs-color-secondary);\r\n  border-radius: 6px;\r\n  border: 2px solid #f2f2f2;\r\n}\r\n\r\n.woocommerce .woocommerce-tabs.woocommerce-Tabs-panel--description table::-webkit-scrollbar-thumb:hover {\r\n  background-color: #007f8b;\r\n}\r\n\r\n.woocommerce .woocommerce-tabs .woocommerce-Tabs-panel--description table tbody tr td:last-child {\r\n  background: linear-gradient(to right, rgba(255, 255, 255, 0), rgba(255, 255, 255, 1) 70%);\r\n}\r\n\r\n  \/* F\u00fcge den \">\" Pfeil in der ersten Zelle des Tabellenkopfes ein *\/\r\n  .woocommerce .woocommerce-tabs .woocommerce-Tabs-panel--description table thead td:first-child::after {\r\n    content: '\u2192';\r\n    position: absolute;\r\n    right: -2px;\r\n    top: 50%;\r\n    transform: translateY(-50%);\r\n    font-size: 32px;\r\n    color: var(--fs-color-secondary);\r\n  }\r\n\r\n  \/* F\u00fcge den Hinweistext am Ende der Tabelle ein *\/\r\n  .woocommerce .woocommerce-tabs .woocommerce-Tabs-panel--description table::after {\r\n    content: 'Scroll nach rechts, um mehr zu sehen \u2192';\r\n    display: block;\r\n    text-align: left;\r\n    padding: 10px 0 10px 10px;\r\n    font-size: 15px;\r\n    font-weight: 600;\r\n    text-transform: uppercase;\r\n    color: var(--fs-color-secondary);\r\n    background-color: #f2f2f2;\r\n    position: sticky;\r\n    left: 0;\r\n  }\r\n\r\n}\r\n\r\n<\/style>","protected":false},"excerpt":{"rendered":"<p class=\"translation-block\">Chinese herbal mixture of <a href=\"https:\/\/www.meine-tcm.com\/en\/products\/tcm-herbs\/ansuhenne\/\" title=\"All TCM herbs from Ansuhenne\" target=\"_self\">Ansuhenne<\/a>.<\/p>\n<p><strong>Helps with:<\/strong><br \/>\nAllergic reactions of the skin, itchy skin, burning skin, scaly skin.<\/p>\n<p><strong>The special thing about Ansuhenne's recipes:<\/strong><br \/>\nVital mushrooms of TCM are also used in the mixtures.<\/p>\n<p>Dietary supplement according to Traditional Chinese Medicine. Contains only herbs available without prescription.<\/p>\n<p><strong>42 capsules<\/strong><\/p>","protected":false},"featured_media":11705,"comment_status":"open","ping_status":"closed","template":"","meta":{"_acf_changed":false},"product_brand":[],"product_cat":[90,95],"product_tag":[133],"class_list":{"0":"post-1325","1":"product","2":"type-product","3":"status-publish","4":"has-post-thumbnail","6":"product_cat-tcm-kraeuter","7":"product_cat-ansuhenne","8":"product_tag-haut-und-haare","9":"product_shipping_class-tcm-kraeuter","11":"first","12":"instock","13":"taxable","14":"shipping-taxable","15":"purchasable","16":"product-type-simple"},"acf":[],"yoast_head":"<!-- This site is optimized with the Yoast SEO plugin v27.1.1 - https:\/\/yoast.com\/product\/yoast-seo-wordpress\/ -->\n<title>Ansuhenne: Skin | Online kaufen<\/title>\n<meta name=\"description\" content=\"Gegen Hautjucken: Ansuhenne TCM Kr\u00e4utermischung mit Vitalpilzen. F\u00fcr die Rezeptur wurden nur die hochwertigsten Kr\u00e4uter ausgew\u00e4hlt.\" \/>\n<meta name=\"robots\" content=\"index, follow, max-snippet:-1, max-image-preview:large, max-video-preview:-1\" \/>\n<link rel=\"canonical\" href=\"https:\/\/www.meine-tcm.com\/en\/prod\/skin\/\" \/>\n<meta property=\"og:locale\" content=\"en_US\" \/>\n<meta property=\"og:type\" content=\"article\" \/>\n<meta property=\"og:title\" content=\"Ansuhenne: Skin | Online kaufen\" \/>\n<meta property=\"og:description\" content=\"Gegen Hautjucken: Ansuhenne TCM Kr\u00e4utermischung mit Vitalpilzen. F\u00fcr die Rezeptur wurden nur die hochwertigsten Kr\u00e4uter ausgew\u00e4hlt.\" \/>\n<meta property=\"og:url\" content=\"https:\/\/www.meine-tcm.com\/en\/prod\/skin\/\" \/>\n<meta property=\"og:site_name\" content=\"meine TCM | Traditionelle Chinesische Medizin einfach erkl\u00e4rt\" \/>\n<meta property=\"article:modified_time\" content=\"2026-01-27T07:07:46+00:00\" \/>\n<meta property=\"og:image\" content=\"https:\/\/www.meine-tcm.com\/wp-content\/uploads\/2020\/07\/F086-v-ansuhenne-skin-vitalpilze-2.jpg\" \/>\n\t<meta property=\"og:image:width\" content=\"1200\" \/>\n\t<meta property=\"og:image:height\" content=\"1200\" \/>\n\t<meta property=\"og:image:type\" content=\"image\/jpeg\" \/>\n<meta name=\"twitter:card\" content=\"summary_large_image\" \/>\n<meta name=\"twitter:label1\" content=\"Est. reading time\" \/>\n\t<meta name=\"twitter:data1\" content=\"2 minutes\" \/>\n<script type=\"application\/ld+json\" class=\"yoast-schema-graph\">{\"@context\":\"https:\/\/schema.org\",\"@graph\":[{\"@type\":\"WebPage\",\"@id\":\"https:\/\/www.meine-tcm.com\/produkt\/skin\/\",\"url\":\"https:\/\/www.meine-tcm.com\/produkt\/skin\/\",\"name\":\"Ansuhenne: Skin | Online kaufen\",\"isPartOf\":{\"@id\":\"https:\/\/www.meine-tcm.com\/#website\"},\"primaryImageOfPage\":{\"@id\":\"https:\/\/www.meine-tcm.com\/produkt\/skin\/#primaryimage\"},\"image\":{\"@id\":\"https:\/\/www.meine-tcm.com\/produkt\/skin\/#primaryimage\"},\"thumbnailUrl\":\"https:\/\/www.meine-tcm.com\/wp-content\/uploads\/2020\/07\/F086-v-ansuhenne-skin-vitalpilze-2.jpg\",\"datePublished\":\"2020-07-08T08:00:13+00:00\",\"dateModified\":\"2026-01-27T07:07:46+00:00\",\"description\":\"Gegen Hautjucken: Ansuhenne TCM Kr\u00e4utermischung mit Vitalpilzen. F\u00fcr die Rezeptur wurden nur die hochwertigsten Kr\u00e4uter ausgew\u00e4hlt.\",\"breadcrumb\":{\"@id\":\"https:\/\/www.meine-tcm.com\/produkt\/skin\/#breadcrumb\"},\"inLanguage\":\"en-US\",\"potentialAction\":[{\"@type\":\"ReadAction\",\"target\":[\"https:\/\/www.meine-tcm.com\/produkt\/skin\/\"]}]},{\"@type\":\"ImageObject\",\"inLanguage\":\"en-US\",\"@id\":\"https:\/\/www.meine-tcm.com\/produkt\/skin\/#primaryimage\",\"url\":\"https:\/\/www.meine-tcm.com\/wp-content\/uploads\/2020\/07\/F086-v-ansuhenne-skin-vitalpilze-2.jpg\",\"contentUrl\":\"https:\/\/www.meine-tcm.com\/wp-content\/uploads\/2020\/07\/F086-v-ansuhenne-skin-vitalpilze-2.jpg\",\"width\":1200,\"height\":1200,\"caption\":\"TCM Kr\u00e4utermischung \u2014 Skin von Vivian Ansuhenne\"},{\"@type\":\"BreadcrumbList\",\"@id\":\"https:\/\/www.meine-tcm.com\/produkt\/skin\/#breadcrumb\",\"itemListElement\":[{\"@type\":\"ListItem\",\"position\":1,\"name\":\"Home\",\"item\":\"https:\/\/www.meine-tcm.com\/\"},{\"@type\":\"ListItem\",\"position\":2,\"name\":\"Shop\",\"item\":\"https:\/\/www.meine-tcm.com\/shop\/\"},{\"@type\":\"ListItem\",\"position\":3,\"name\":\"TCM Kr\u00e4uter\",\"item\":\"https:\/\/www.meine-tcm.com\/produkte\/tcm-kraeuter\/\"},{\"@type\":\"ListItem\",\"position\":4,\"name\":\"Ansuhenne\",\"item\":\"https:\/\/www.meine-tcm.com\/produkte\/tcm-kraeuter\/ansuhenne\/\"},{\"@type\":\"ListItem\",\"position\":5,\"name\":\"Skin\"}]},{\"@type\":\"WebSite\",\"@id\":\"https:\/\/www.meine-tcm.com\/#website\",\"url\":\"https:\/\/www.meine-tcm.com\/\",\"name\":\"meine TCM | Traditionelle Chinesische Medizin einfach erkl\u00e4rt\",\"description\":\"Einfach gesund bleiben\",\"publisher\":{\"@id\":\"https:\/\/www.meine-tcm.com\/#organization\"},\"potentialAction\":[{\"@type\":\"SearchAction\",\"target\":{\"@type\":\"EntryPoint\",\"urlTemplate\":\"https:\/\/www.meine-tcm.com\/?s={search_term_string}\"},\"query-input\":{\"@type\":\"PropertyValueSpecification\",\"valueRequired\":true,\"valueName\":\"search_term_string\"}}],\"inLanguage\":\"en-US\"},{\"@type\":\"Organization\",\"@id\":\"https:\/\/www.meine-tcm.com\/#organization\",\"name\":\"meine-TCM.com \u2014 Traditionelle chinesische Medizin einfach erkl\u00e4rt\",\"url\":\"https:\/\/www.meine-tcm.com\/\",\"logo\":{\"@type\":\"ImageObject\",\"inLanguage\":\"en-US\",\"@id\":\"https:\/\/www.meine-tcm.com\/#\/schema\/logo\/image\/\",\"url\":\"https:\/\/www.meine-tcm.com\/wp-content\/uploads\/2022\/08\/meine-tcm-traditionelle-chinesische-medizin-einfach-erklaert.png\",\"contentUrl\":\"https:\/\/www.meine-tcm.com\/wp-content\/uploads\/2022\/08\/meine-tcm-traditionelle-chinesische-medizin-einfach-erklaert.png\",\"width\":559,\"height\":479,\"caption\":\"meine-TCM.com \u2014 Traditionelle chinesische Medizin einfach erkl\u00e4rt\"},\"image\":{\"@id\":\"https:\/\/www.meine-tcm.com\/#\/schema\/logo\/image\/\"},\"sameAs\":[\"https:\/\/www.instagram.com\/meinetcm\/\",\"https:\/\/www.youtube.com\/@EinfachbesserLeben\"]}]}<\/script>\n<!-- \/ Yoast SEO plugin. -->","yoast_head_json":{"title":"Ansuhenne: Skin | Buy Online","description":"Against skin itching: Ansuhenne TCM herbal mixture with vital mushrooms. Only the highest quality herbs were selected for the recipe.","robots":{"index":"index","follow":"follow","max-snippet":"max-snippet:-1","max-image-preview":"max-image-preview:large","max-video-preview":"max-video-preview:-1"},"canonical":"https:\/\/www.meine-tcm.com\/en\/prod\/skin\/","og_locale":"en_US","og_type":"article","og_title":"Ansuhenne: Skin | Online kaufen","og_description":"Gegen Hautjucken: Ansuhenne TCM Kr\u00e4utermischung mit Vitalpilzen. F\u00fcr die Rezeptur wurden nur die hochwertigsten Kr\u00e4uter ausgew\u00e4hlt.","og_url":"https:\/\/www.meine-tcm.com\/en\/prod\/skin\/","og_site_name":"meine TCM | Traditionelle Chinesische Medizin einfach erkl\u00e4rt","article_modified_time":"2026-01-27T07:07:46+00:00","og_image":[{"width":1200,"height":1200,"url":"https:\/\/www.meine-tcm.com\/wp-content\/uploads\/2020\/07\/F086-v-ansuhenne-skin-vitalpilze-2.jpg","type":"image\/jpeg"}],"twitter_card":"summary_large_image","twitter_misc":{"Est. reading time":"2 minutes"},"schema":{"@context":"https:\/\/schema.org","@graph":[{"@type":"WebPage","@id":"https:\/\/www.meine-tcm.com\/produkt\/skin\/","url":"https:\/\/www.meine-tcm.com\/produkt\/skin\/","name":"Ansuhenne: Skin | Buy Online","isPartOf":{"@id":"https:\/\/www.meine-tcm.com\/#website"},"primaryImageOfPage":{"@id":"https:\/\/www.meine-tcm.com\/produkt\/skin\/#primaryimage"},"image":{"@id":"https:\/\/www.meine-tcm.com\/produkt\/skin\/#primaryimage"},"thumbnailUrl":"https:\/\/www.meine-tcm.com\/wp-content\/uploads\/2020\/07\/F086-v-ansuhenne-skin-vitalpilze-2.jpg","datePublished":"2020-07-08T08:00:13+00:00","dateModified":"2026-01-27T07:07:46+00:00","description":"Against skin itching: Ansuhenne TCM herbal mixture with vital mushrooms. Only the highest quality herbs were selected for the recipe.","breadcrumb":{"@id":"https:\/\/www.meine-tcm.com\/produkt\/skin\/#breadcrumb"},"inLanguage":"en-US","potentialAction":[{"@type":"ReadAction","target":["https:\/\/www.meine-tcm.com\/produkt\/skin\/"]}]},{"@type":"ImageObject","inLanguage":"en-US","@id":"https:\/\/www.meine-tcm.com\/produkt\/skin\/#primaryimage","url":"https:\/\/www.meine-tcm.com\/wp-content\/uploads\/2020\/07\/F086-v-ansuhenne-skin-vitalpilze-2.jpg","contentUrl":"https:\/\/www.meine-tcm.com\/wp-content\/uploads\/2020\/07\/F086-v-ansuhenne-skin-vitalpilze-2.jpg","width":1200,"height":1200,"caption":"TCM Kr\u00e4utermischung \u2014 Skin von Vivian Ansuhenne"},{"@type":"BreadcrumbList","@id":"https:\/\/www.meine-tcm.com\/produkt\/skin\/#breadcrumb","itemListElement":[{"@type":"ListItem","position":1,"name":"Home","item":"https:\/\/www.meine-tcm.com\/"},{"@type":"ListItem","position":2,"name":"Shop","item":"https:\/\/www.meine-tcm.com\/shop\/"},{"@type":"ListItem","position":3,"name":"TCM Kr\u00e4uter","item":"https:\/\/www.meine-tcm.com\/produkte\/tcm-kraeuter\/"},{"@type":"ListItem","position":4,"name":"Ansuhenne","item":"https:\/\/www.meine-tcm.com\/produkte\/tcm-kraeuter\/ansuhenne\/"},{"@type":"ListItem","position":5,"name":"Skin"}]},{"@type":"WebSite","@id":"https:\/\/www.meine-tcm.com\/#website","url":"https:\/\/www.meine-tcm.com\/","name":"my TCM | Traditional Chinese Medicine simply explained","description":"Simply stay healthy","publisher":{"@id":"https:\/\/www.meine-tcm.com\/#organization"},"potentialAction":[{"@type":"SearchAction","target":{"@type":"EntryPoint","urlTemplate":"https:\/\/www.meine-tcm.com\/?s={search_term_string}"},"query-input":{"@type":"PropertyValueSpecification","valueRequired":true,"valueName":"search_term_string"}}],"inLanguage":"en-US"},{"@type":"Organization","@id":"https:\/\/www.meine-tcm.com\/#organization","name":"my-TCM.com - Traditional Chinese Medicine simply explained","url":"https:\/\/www.meine-tcm.com\/","logo":{"@type":"ImageObject","inLanguage":"en-US","@id":"https:\/\/www.meine-tcm.com\/#\/schema\/logo\/image\/","url":"https:\/\/www.meine-tcm.com\/wp-content\/uploads\/2022\/08\/meine-tcm-traditionelle-chinesische-medizin-einfach-erklaert.png","contentUrl":"https:\/\/www.meine-tcm.com\/wp-content\/uploads\/2022\/08\/meine-tcm-traditionelle-chinesische-medizin-einfach-erklaert.png","width":559,"height":479,"caption":"meine-TCM.com \u2014 Traditionelle chinesische Medizin einfach erkl\u00e4rt"},"image":{"@id":"https:\/\/www.meine-tcm.com\/#\/schema\/logo\/image\/"},"sameAs":["https:\/\/www.instagram.com\/meinetcm\/","https:\/\/www.youtube.com\/@EinfachbesserLeben"]}]}},"wps_subtitle":"TCM Kr\u00e4utermischung","_links":{"self":[{"href":"https:\/\/www.meine-tcm.com\/en\/wp-json\/wp\/v2\/product\/1325","targetHints":{"allow":["GET"]}}],"collection":[{"href":"https:\/\/www.meine-tcm.com\/en\/wp-json\/wp\/v2\/product"}],"about":[{"href":"https:\/\/www.meine-tcm.com\/en\/wp-json\/wp\/v2\/types\/product"}],"replies":[{"embeddable":true,"href":"https:\/\/www.meine-tcm.com\/en\/wp-json\/wp\/v2\/comments?post=1325"}],"wp:featuredmedia":[{"embeddable":true,"href":"https:\/\/www.meine-tcm.com\/en\/wp-json\/wp\/v2\/media\/11705"}],"wp:attachment":[{"href":"https:\/\/www.meine-tcm.com\/en\/wp-json\/wp\/v2\/media?parent=1325"}],"wp:term":[{"taxonomy":"product_brand","embeddable":true,"href":"https:\/\/www.meine-tcm.com\/en\/wp-json\/wp\/v2\/product_brand?post=1325"},{"taxonomy":"product_cat","embeddable":true,"href":"https:\/\/www.meine-tcm.com\/en\/wp-json\/wp\/v2\/product_cat?post=1325"},{"taxonomy":"product_tag","embeddable":true,"href":"https:\/\/www.meine-tcm.com\/en\/wp-json\/wp\/v2\/product_tag?post=1325"}],"curies":[{"name":"wp","href":"https:\/\/api.w.org\/{rel}","templated":true}]}}