{"id":18698,"date":"2025-04-26T02:09:23","date_gmt":"2025-04-26T00:09:23","guid":{"rendered":"https:\/\/www.meine-tcm.com\/?page_id=18698"},"modified":"2025-04-26T15:50:31","modified_gmt":"2025-04-26T13:50:31","slug":"tcm-analysis-contact-form","status":"publish","type":"page","link":"https:\/\/www.meine-tcm.com\/en\/tcm-analyse-kontaktformular\/","title":{"rendered":"TCM analysis contact form"},"content":{"rendered":"\n\n\t<section class=\"section form\" id=\"section_99652626\">\n\t\t<div class=\"section-bg fill\" >\n\t\t\t\t\t\t\t\t\t\n\t\t\t\n\n\t\t<\/div>\n\n\t\t\n\n\t\t<div class=\"section-content relative\">\n\t\t\t\n\n<div class=\"row row-collapse align-middle align-center\"  id=\"row-1643845054\">\n\n\n\t<div id=\"col-2017955990\" class=\"col medium-9 small-12 large-9\"  >\n\t\t\t\t<div class=\"col-inner\"  >\n\t\t\t\n\t\t\t\n\n<h1>Dein pers\u00f6nliches Ergebnis der TCM\u2013Analyse<\/h1>\n<p><strong>Deine TCM\u2013Analyse hat ein klares energetisches Bild ergeben:<\/strong><br \/>Dieses Ergebnis bietet eine wunderbare Grundlage, um gezielt deine Gesundheit zu st\u00e4rken.<\/p>\n<p>Wenn du m\u00f6chtest, begleiten wir dich ein St\u00fcck auf deinem Weg und beantworten deine offenen Fragen pers\u00f6nlich.<\/p>\n<p>Nutze einfach das folgende Formular, um mit uns in Kontakt zu treten \u2014 wir freuen uns auf deine Nachricht!<\/p>\n\n\n<h3><b>Dein Ergebnis:<\/b>&nbsp;<\/h3>\n\n\n\t\t<\/div>\n\t\t\t\t\n<style>\n#col-2017955990 > .col-inner {\n  padding: 0px 20px 0px 0px;\n}\n<\/style>\n\t<\/div>\n\n\t\n\n\t<div id=\"col-790837162\" class=\"col medium-3 small-12 large-3\"  >\n\t\t\t\t<div class=\"col-inner\"  >\n\t\t\t\n\t\t\t\n\n\t<div class=\"img has-hover x md-x lg-x y md-y lg-y\" id=\"image_1626634006\">\n\t\t\t\t\t\t\t\t<div class=\"img-inner dark\" >\n\t\t\t<img loading=\"lazy\" decoding=\"async\" width=\"465\" height=\"465\" src=\"https:\/\/www.meine-tcm.com\/wp-content\/uploads\/2020\/09\/meine-tcm-kontakt-profilbild-neu.jpg\" class=\"attachment-large size-large\" alt=\"Portrait von Wolfgang von Einfach besser leben\" srcset=\"https:\/\/www.meine-tcm.com\/wp-content\/uploads\/2020\/09\/meine-tcm-kontakt-profilbild-neu.jpg 465w, https:\/\/www.meine-tcm.com\/wp-content\/uploads\/2020\/09\/meine-tcm-kontakt-profilbild-neu-100x100.jpg 100w, https:\/\/www.meine-tcm.com\/wp-content\/uploads\/2020\/09\/meine-tcm-kontakt-profilbild-neu-400x400.jpg 400w, https:\/\/www.meine-tcm.com\/wp-content\/uploads\/2020\/09\/meine-tcm-kontakt-profilbild-neu-280x280.jpg 280w\" sizes=\"auto, (max-width: 465px) 100vw, 465px\" title=\"Wolfgang von EBL - meine TCM\" \/>\t\t\t\t\t\t\n\t\t\t\t\t<\/div>\n\t\t\t\t\t\t\t\t\n<style>\n#image_1626634006 {\n  width: 100%;\n}\n<\/style>\n\t<\/div>\n\t\n\n\n\t\t<\/div>\n\t\t\t\t\t<\/div>\n\n\t\n\n\t<div id=\"col-2118608851\" class=\"col small-12 large-12\"  >\n\t\t\t\t<div class=\"col-inner\"  >\n\t\t\t\n\t\t\t\n\n\n\n<div class=\"everest-forms\"><div class=\"evf-container default\" id=\"evf-18697\"><form id=\"evf-form-18697\" class=\"everest-form\" data-formid=\"18697\" data-ajax_submission=\"1\" data-keyboard_friendly_form=\"0\" data-form_state_type=\"\" method=\"post\" enctype=\"multipart\/form-data\" action=\"\/en\/wp-json\/wp\/v2\/pages\/18698\"><div class=\"evf-field-container\"><input type=\"hidden\" id=\"_wpnonce18697\" name=\"_wpnonce18697\" value=\"c380efcc72\" \/><input type=\"hidden\" name=\"_wp_http_referer\" value=\"\/en\/wp-json\/wp\/v2\/pages\/18698\" \/><div class=\"evf-frontend-row\" data-row=\"row_1\" conditional_rules=\"[]\"><div class=\"evf-frontend-grid evf-grid-1\" data-grid=\"grid_1\"><div id=\"evf-18697-field_ys0GeZISRs-1-container\" class=\"evf-field evf-field-first-name form-row validate-required\" data-required-field-message=\"Dieses Feld muss ausgef\u00fcllt werden\" data-field-id=\"ys0GeZISRs-1\"><label class=\"evf-field-label\" for=\"evf-18697-field_ys0GeZISRs-1\"><span class=\"evf-label\">Vorname &amp; Nachname:<\/span> <abbr class=\"required\" title=\"Required\">*<\/abbr><\/label><input type=\"text\" id=\"evf-18697-field_ys0GeZISRs-1\" class=\"input-text\" name=\"everest_forms[form_fields][ys0GeZISRs-1]\" required><\/div><div id=\"evf-18697-field_LbH5NxasXM-2-container\" class=\"evf-field evf-field-email form-row validate-required validate-email\" data-required-field-message=\"Bitte gib eine g\u00fcltige Email Adresse ein.\" data-field-id=\"LbH5NxasXM-2\"><label class=\"evf-field-label\" for=\"evf-18697-field_LbH5NxasXM-2\"><span class=\"evf-label\">E\u2013Mail Adresse:<\/span> <abbr class=\"required\" title=\"Required\">*<\/abbr><\/label><input type=\"email\" id=\"evf-18697-field_LbH5NxasXM-2\" class=\"input-text\" name=\"everest_forms[form_fields][LbH5NxasXM-2]\" required ><div class=\"evf-field-description\">An diese Adresse erh\u00e4ltst du unsere Antwort.<\/div><\/div><div id=\"evf-18697-field_AZYpfx8tLm-5-container\" class=\"evf-field evf-field-phone form-row validate-phone\" data-field-id=\"AZYpfx8tLm-5\"><label class=\"evf-field-label\" for=\"evf-18697-field_AZYpfx8tLm-5\"><span class=\"evf-label\">Telefonnummer:<\/span> <\/label><input type=\"tel\" id=\"evf-18697-field_AZYpfx8tLm-5\" class=\"input-text evf-smart-phone-field\" data-rule-smart-phone-field=\"true\" name=\"everest_forms[form_fields][AZYpfx8tLm-5]\" ><div class=\"evf-field-description\">Optional \u2014 Wenn du einen telefonischen R\u00fcckruf w\u00fcnschst.<\/div><\/div><div id=\"evf-18697-field_pvtAGSzA49-8-container\" class=\"evf-field evf-field-hidden form-row\" data-field-id=\"pvtAGSzA49-8\"><input type=\"hidden\" id=\"evf-18697-field_pvtAGSzA49-8\" class=\"input-text\" name=\"everest_forms[form_fields][pvtAGSzA49-8]\"><\/div><div id=\"evf-18697-field_2Fwdb0gtnC-10-container\" class=\"evf-field evf-field-checkbox form-row validate-required\" data-required-field-message=\"Dieses Feld muss ausgef\u00fcllt werden\" data-field-id=\"2Fwdb0gtnC-10\"><label class=\"evf-field-label\" for=\"evf-18697-field_2Fwdb0gtnC-10\"><span class=\"evf-label\">Meine Frage betrifft:<\/span> <abbr class=\"required\" title=\"Required\">*<\/abbr><\/label><ul id=\"evf-18697-field_2Fwdb0gtnC-10\" class=\" evf-field-required\"><li class=\"choice-1 depth-1\"><input type=\"checkbox\" id=\"evf-18697-field_2Fwdb0gtnC-10_1\" class=\"input-text\" name=\"everest_forms[form_fields][2Fwdb0gtnC-10][]\" value=\"TCM Kr\u00e4uterprodukte\" required ><label class=\"everest-forms-field-label-inline\" for=\"evf-18697-field_2Fwdb0gtnC-10_1\">TCM Kr\u00e4uterprodukte<\/label><\/li><li class=\"choice-2 depth-1\"><input type=\"checkbox\" id=\"evf-18697-field_2Fwdb0gtnC-10_2\" class=\"input-text\" name=\"everest_forms[form_fields][2Fwdb0gtnC-10][]\" value=\"Akupunkturpunkte \/ Akupressur\" required ><label class=\"everest-forms-field-label-inline\" for=\"evf-18697-field_2Fwdb0gtnC-10_2\">Akupunkturpunkte \/ Akupressur<\/label><\/li><li class=\"choice-3 depth-1\"><input type=\"checkbox\" id=\"evf-18697-field_2Fwdb0gtnC-10_3\" class=\"input-text\" name=\"everest_forms[form_fields][2Fwdb0gtnC-10][]\" value=\"Qi Gong \u00dcbungen\" required ><label class=\"everest-forms-field-label-inline\" for=\"evf-18697-field_2Fwdb0gtnC-10_3\">Qi Gong \u00dcbungen<\/label><\/li><li class=\"choice-5 depth-1\"><input type=\"checkbox\" id=\"evf-18697-field_2Fwdb0gtnC-10_5\" class=\"input-text\" name=\"everest_forms[form_fields][2Fwdb0gtnC-10][]\" value=\"Ern\u00e4hrung nach TCM\" required ><label class=\"everest-forms-field-label-inline\" for=\"evf-18697-field_2Fwdb0gtnC-10_5\">Ern\u00e4hrung nach TCM<\/label><\/li><li class=\"choice-4 depth-1\"><input type=\"checkbox\" id=\"evf-18697-field_2Fwdb0gtnC-10_4\" class=\"input-text\" name=\"everest_forms[form_fields][2Fwdb0gtnC-10][]\" value=\"Allgemeine Fragen zur Auswertung\" required ><label class=\"everest-forms-field-label-inline\" for=\"evf-18697-field_2Fwdb0gtnC-10_4\">Allgemeine Fragen zur Auswertung<\/label><\/li><\/ul><div class=\"evf-field-description\">Mehrfachauswahl m\u00f6glich<\/div><\/div><div id=\"evf-18697-field_yhGx3FOwr2-4-container\" class=\"evf-field evf-field-textarea form-row validate-required\" data-required-field-message=\"Dieses Feld muss ausgef\u00fcllt werden\" data-field-id=\"yhGx3FOwr2-4\"><label class=\"evf-field-label\" for=\"evf-18697-field_yhGx3FOwr2-4\"><span class=\"evf-label\">Deine konkrete Frage:<\/span> <abbr class=\"required\" title=\"Required\">*<\/abbr><\/label><textarea id=\"evf-18697-field_yhGx3FOwr2-4\" class=\"input-text\" name=\"everest_forms[form_fields][yhGx3FOwr2-4]\" required ><\/textarea><\/div><div id=\"evf-18697-field_S2XIhRU2Zi-7-container\" class=\"evf-field evf-field-privacy-policy form-row validate-required\" data-required-field-message=\"Dieses Feld muss ausgef\u00fcllt werden\" data-field-id=\"S2XIhRU2Zi-7\"><label class=\"evf-field-label\" for=\"evf-18697-field_S2XIhRU2Zi-7\"><span class=\"evf-label\">Einwilligungserkl\u00e4rung:<\/span> <abbr class=\"required\" title=\"Required\">*<\/abbr><\/label><input type=\"checkbox\" value=\"Ja, ich stimme zu, dass meine hier angegebenen Daten zur Beantwortung meiner Anfrage verwendet werden d\u00fcrfen. Ich nehme zur Kenntnis, dass meine Daten nach Abschluss der Bearbeitung gem\u00e4\u00df DSGVO gel\u00f6scht werden.\" id=\"evf-18697-field_S2XIhRU2Zi-7\" class=\"input-text\" name=\"everest_forms[form_fields][S2XIhRU2Zi-7]\" required \/><label class=\"evf-privacy-policy-consent-message\" for=\"evf-18697-field_S2XIhRU2Zi-7\">Ja, ich stimme zu, dass meine hier angegebenen Daten zur Beantwortung meiner Anfrage verwendet werden d\u00fcrfen. Ich nehme zur Kenntnis, dass meine Daten nach Abschluss der Bearbeitung gem\u00e4\u00df DSGVO gel\u00f6scht werden.<\/label><div class=\"evf-privacy-policy-local-page-contents\"><\/div><\/div><\/div><\/div><\/div><div class=\"evf-honeypot-container evf-field-hp\"><label for=\"evf-18697-field-hp\" class=\"evf-field-label\">Comment<\/label><input type=\"text\" name=\"everest_forms[hp]\" id=\"evf-18697-field-hp\" class=\"input-text\"><\/div><div class=\"evf-submit-container \" ><input type=\"hidden\" name=\"everest_forms[id]\" value=\"18697\"><input type=\"hidden\" name=\"everest_forms[author]\" value=\"3\"><button type='submit' name='everest_forms[submit]' class='everest-forms-submit-button button evf-submit ' id='evf-submit-18697' value='evf-submit' data-process-text=\"Deine Anfrage wird \u00fcbermittelt\u2026\" conditional_rules='&quot;&quot;' conditional_id='evf-submit-18697'  id=\"evf-submit-18697\" aria-live=\"assertive\">Jetzt Absenden<\/button><\/div><\/form><\/div><!-- .evf-container --><\/div>\n\n<script>\ndocument.addEventListener('DOMContentLoaded', function() {\n    \/\/ URL Parameter auslesen\n    const urlParams = new URLSearchParams(window.location.search);\n    const ergebnis = urlParams.get('ergebnis');\n\n    \/\/ Pr\u00fcfen, ob \"ergebnis\" vorhanden ist\n    if (ergebnis) {\n        \/\/ Hidden Field finden und Wert setzen\n        const hiddenField = document.getElementById('evf-18697-field_pvtAGSzA49-8');\n        if (hiddenField) {\n            hiddenField.value = ergebnis;\n        }\n    }\n});\n<\/script>\n<style>\nh3 {\n  display: block;\n  padding: 0;\n}\n\nh3:before {\n  margin-right: 0;\n}\n.everest-forms {\n    margin-top: 40px;\n    max-width: 800px;\n    margin-inline: auto;\n    background-color: #fff;\n    padding: 30px;\n    border: 1px solid #000a0d;\n    border-radius: 30px;\n}\n\n.everest-forms .evf-field-container .evf-frontend-row .evf-frontend-grid { \n  padding: 0; }\n\nspan.evf-label {\n  font-size: 18px;\n}\n\ninput[type=\"checkbox\"] {\n  appearance: none;\n  -webkit-appearance: none;\n  width: 30px;\n  height: 30px;\n  background-color: white;\n  border: 2px solid #555;\n  border-radius: 3px;\n}\n\ninput[type=\"checkbox\"]:checked {\n  background-color: #2196F3;\n  border-color: #2196F3;\n  position: relative;\n}\n\ninput[type=\"checkbox\"]:checked::after {\n  content: \"\";\n  position: absolute;\n  left: 6px;\n  top: 2px;\n  width: 5px;\n  height: 10px;\n  border: solid white;\n  border-width: 0 3px 3px 0;\n  transform: rotate(45deg);\n}\n\n.everest-forms .evf-field-container .evf-frontend-row .evf-frontend-grid .evf-field ul:not(.select2-selection__rendered) li input[type=checkbox] {\nwidth: 30px;\n}\n\n.everest-forms .evf-field-container .evf-frontend-row .evf-frontend-grid .evf-field.evf-field-checkbox ul li .everest-forms-field-label-inline {\nwidth: calc(100% - 30px);\n}\n\n.everest-forms label, .wp-block-everest-forms-form-selector label {\n  display: block;\n  line-height: 2;\n  margin: 0 0 10px 0;\n  color: #000a0d;\n  font-size: 18px;\n  font-weight: 400;\n  padding: 0 0 0 10px;\n}\n\nlabel.evf-field-label {\n  padding: 0;\n  margin: 0;\n}\n\n.evf-submit-container {\n    padding: 0 !important;\n}\n\n.everest-forms button[type=submit] {\n    width: 90%;\n    max-width: 400px;\n}\n\n.section.form {\n  padding-inline: 15px;\n}\n<\/style>\n\n\t<div id=\"gap-1644849122\" class=\"gap-element clearfix\" style=\"display:block; height:auto;\">\n\t\t\n<style>\n#gap-1644849122 {\n  padding-top: 30px;\n}\n<\/style>\n\t<\/div>\n\t\n\n<p>Vielen Dank f\u00fcr dein Vertrauen!<\/p>\n<p>Wir nehmen uns Zeit f\u00fcr deine Anfrage und melden uns in der Regel innerhalb von 1\u20132 Werktagen bei dir.<\/p>\n<p>Bitte achte darauf, auch deinen Spam\u2013Ordner zu pr\u00fcfen, falls du unsere Antwort nicht gleich findest.<\/p>\n\n\t\t<\/div>\n\t\t\t\t\t<\/div>\n\n\t\n\n<\/div>\n\n\t\t<\/div>\n\n\t\t\n<style>\n#section_99652626 {\n  padding-top: 30px;\n  padding-bottom: 30px;\n}\n<\/style>\n\t<\/section>\n\t\n\n","protected":false},"excerpt":{"rendered":"","protected":false},"author":3,"featured_media":0,"parent":0,"menu_order":0,"comment_status":"closed","ping_status":"closed","template":"","meta":{"_acf_changed":false,"footnotes":""},"class_list":["post-18698","page","type-page","status-publish","hentry"],"acf":[],"yoast_head":"<!-- This site is optimized with the Yoast SEO plugin v27.3 - https:\/\/yoast.com\/product\/yoast-seo-wordpress\/ -->\n<title>TCM-Analyse Kontaktformular | meine-TCM.com<\/title>\n<meta name=\"robots\" content=\"index, follow, max-snippet:-1, max-image-preview:large, max-video-preview:-1\" \/>\n<link rel=\"canonical\" href=\"https:\/\/www.meine-tcm.com\/en\/tcm-analysis-contact-form\/\" \/>\n<meta property=\"og:locale\" content=\"en_US\" \/>\n<meta property=\"og:type\" content=\"article\" \/>\n<meta property=\"og:title\" content=\"TCM-Analyse Kontaktformular | meine-TCM.com\" \/>\n<meta property=\"og:url\" content=\"https:\/\/www.meine-tcm.com\/en\/tcm-analysis-contact-form\/\" \/>\n<meta property=\"og:site_name\" content=\"meine TCM | Traditionelle Chinesische Medizin einfach erkl\u00e4rt\" \/>\n<meta property=\"article:modified_time\" content=\"2025-04-26T13:50:31+00:00\" \/>\n<meta name=\"twitter:card\" content=\"summary_large_image\" \/>\n<meta name=\"twitter:label1\" content=\"Est. reading time\" \/>\n\t<meta name=\"twitter:data1\" content=\"1 minute\" \/>\n<script type=\"application\/ld+json\" class=\"yoast-schema-graph\">{\"@context\":\"https:\\\/\\\/schema.org\",\"@graph\":[{\"@type\":\"WebPage\",\"@id\":\"https:\\\/\\\/www.meine-tcm.com\\\/tcm-analyse-kontaktformular\\\/\",\"url\":\"https:\\\/\\\/www.meine-tcm.com\\\/tcm-analyse-kontaktformular\\\/\",\"name\":\"TCM-Analyse Kontaktformular | meine-TCM.com\",\"isPartOf\":{\"@id\":\"https:\\\/\\\/www.meine-tcm.com\\\/#website\"},\"datePublished\":\"2025-04-26T00:09:23+00:00\",\"dateModified\":\"2025-04-26T13:50:31+00:00\",\"breadcrumb\":{\"@id\":\"https:\\\/\\\/www.meine-tcm.com\\\/tcm-analyse-kontaktformular\\\/#breadcrumb\"},\"inLanguage\":\"en-US\",\"potentialAction\":[{\"@type\":\"ReadAction\",\"target\":[\"https:\\\/\\\/www.meine-tcm.com\\\/tcm-analyse-kontaktformular\\\/\"]}]},{\"@type\":\"BreadcrumbList\",\"@id\":\"https:\\\/\\\/www.meine-tcm.com\\\/tcm-analyse-kontaktformular\\\/#breadcrumb\",\"itemListElement\":[{\"@type\":\"ListItem\",\"position\":1,\"name\":\"Home\",\"item\":\"https:\\\/\\\/www.meine-tcm.com\\\/\"},{\"@type\":\"ListItem\",\"position\":2,\"name\":\"TCM-Analyse Kontaktformular\"}]},{\"@type\":\"WebSite\",\"@id\":\"https:\\\/\\\/www.meine-tcm.com\\\/#website\",\"url\":\"https:\\\/\\\/www.meine-tcm.com\\\/\",\"name\":\"meine TCM | Traditionelle Chinesische Medizin einfach erkl\u00e4rt\",\"description\":\"Einfach gesund bleiben\",\"publisher\":{\"@id\":\"https:\\\/\\\/www.meine-tcm.com\\\/#organization\"},\"potentialAction\":[{\"@type\":\"SearchAction\",\"target\":{\"@type\":\"EntryPoint\",\"urlTemplate\":\"https:\\\/\\\/www.meine-tcm.com\\\/?s={search_term_string}\"},\"query-input\":{\"@type\":\"PropertyValueSpecification\",\"valueRequired\":true,\"valueName\":\"search_term_string\"}}],\"inLanguage\":\"en-US\"},{\"@type\":\"Organization\",\"@id\":\"https:\\\/\\\/www.meine-tcm.com\\\/#organization\",\"name\":\"meine-TCM.com \u2014 Traditionelle chinesische Medizin einfach erkl\u00e4rt\",\"url\":\"https:\\\/\\\/www.meine-tcm.com\\\/\",\"logo\":{\"@type\":\"ImageObject\",\"inLanguage\":\"en-US\",\"@id\":\"https:\\\/\\\/www.meine-tcm.com\\\/#\\\/schema\\\/logo\\\/image\\\/\",\"url\":\"https:\\\/\\\/www.meine-tcm.com\\\/wp-content\\\/uploads\\\/2022\\\/08\\\/meine-tcm-traditionelle-chinesische-medizin-einfach-erklaert.png\",\"contentUrl\":\"https:\\\/\\\/www.meine-tcm.com\\\/wp-content\\\/uploads\\\/2022\\\/08\\\/meine-tcm-traditionelle-chinesische-medizin-einfach-erklaert.png\",\"width\":559,\"height\":479,\"caption\":\"meine-TCM.com \u2014 Traditionelle chinesische Medizin einfach erkl\u00e4rt\"},\"image\":{\"@id\":\"https:\\\/\\\/www.meine-tcm.com\\\/#\\\/schema\\\/logo\\\/image\\\/\"},\"sameAs\":[\"https:\\\/\\\/www.instagram.com\\\/meinetcm\\\/\",\"https:\\\/\\\/www.youtube.com\\\/@EinfachbesserLeben\"]}]}<\/script>\n<!-- \/ Yoast SEO plugin. -->","yoast_head_json":{"title":"TCM analysis contact form | my-TCM.com","robots":{"index":"index","follow":"follow","max-snippet":"max-snippet:-1","max-image-preview":"max-image-preview:large","max-video-preview":"max-video-preview:-1"},"canonical":"https:\/\/www.meine-tcm.com\/en\/tcm-analysis-contact-form\/","og_locale":"en_US","og_type":"article","og_title":"TCM-Analyse Kontaktformular | meine-TCM.com","og_url":"https:\/\/www.meine-tcm.com\/en\/tcm-analysis-contact-form\/","og_site_name":"meine TCM | Traditionelle Chinesische Medizin einfach erkl\u00e4rt","article_modified_time":"2025-04-26T13:50:31+00:00","twitter_card":"summary_large_image","twitter_misc":{"Est. reading time":"1 minute"},"schema":{"@context":"https:\/\/schema.org","@graph":[{"@type":"WebPage","@id":"https:\/\/www.meine-tcm.com\/tcm-analyse-kontaktformular\/","url":"https:\/\/www.meine-tcm.com\/tcm-analyse-kontaktformular\/","name":"TCM analysis contact form | my-TCM.com","isPartOf":{"@id":"https:\/\/www.meine-tcm.com\/#website"},"datePublished":"2025-04-26T00:09:23+00:00","dateModified":"2025-04-26T13:50:31+00:00","breadcrumb":{"@id":"https:\/\/www.meine-tcm.com\/tcm-analyse-kontaktformular\/#breadcrumb"},"inLanguage":"en-US","potentialAction":[{"@type":"ReadAction","target":["https:\/\/www.meine-tcm.com\/tcm-analyse-kontaktformular\/"]}]},{"@type":"BreadcrumbList","@id":"https:\/\/www.meine-tcm.com\/tcm-analyse-kontaktformular\/#breadcrumb","itemListElement":[{"@type":"ListItem","position":1,"name":"Home","item":"https:\/\/www.meine-tcm.com\/"},{"@type":"ListItem","position":2,"name":"TCM-Analyse Kontaktformular"}]},{"@type":"WebSite","@id":"https:\/\/www.meine-tcm.com\/#website","url":"https:\/\/www.meine-tcm.com\/","name":"my TCM | Traditional Chinese Medicine simply explained","description":"Simply stay healthy","publisher":{"@id":"https:\/\/www.meine-tcm.com\/#organization"},"potentialAction":[{"@type":"SearchAction","target":{"@type":"EntryPoint","urlTemplate":"https:\/\/www.meine-tcm.com\/?s={search_term_string}"},"query-input":{"@type":"PropertyValueSpecification","valueRequired":true,"valueName":"search_term_string"}}],"inLanguage":"en-US"},{"@type":"Organization","@id":"https:\/\/www.meine-tcm.com\/#organization","name":"my-TCM.com - Traditional Chinese Medicine simply explained","url":"https:\/\/www.meine-tcm.com\/","logo":{"@type":"ImageObject","inLanguage":"en-US","@id":"https:\/\/www.meine-tcm.com\/#\/schema\/logo\/image\/","url":"https:\/\/www.meine-tcm.com\/wp-content\/uploads\/2022\/08\/meine-tcm-traditionelle-chinesische-medizin-einfach-erklaert.png","contentUrl":"https:\/\/www.meine-tcm.com\/wp-content\/uploads\/2022\/08\/meine-tcm-traditionelle-chinesische-medizin-einfach-erklaert.png","width":559,"height":479,"caption":"meine-TCM.com \u2014 Traditionelle chinesische Medizin einfach erkl\u00e4rt"},"image":{"@id":"https:\/\/www.meine-tcm.com\/#\/schema\/logo\/image\/"},"sameAs":["https:\/\/www.instagram.com\/meinetcm\/","https:\/\/www.youtube.com\/@EinfachbesserLeben"]}]}},"wps_subtitle":"","_links":{"self":[{"href":"https:\/\/www.meine-tcm.com\/en\/wp-json\/wp\/v2\/pages\/18698","targetHints":{"allow":["GET"]}}],"collection":[{"href":"https:\/\/www.meine-tcm.com\/en\/wp-json\/wp\/v2\/pages"}],"about":[{"href":"https:\/\/www.meine-tcm.com\/en\/wp-json\/wp\/v2\/types\/page"}],"author":[{"embeddable":true,"href":"https:\/\/www.meine-tcm.com\/en\/wp-json\/wp\/v2\/users\/3"}],"replies":[{"embeddable":true,"href":"https:\/\/www.meine-tcm.com\/en\/wp-json\/wp\/v2\/comments?post=18698"}],"version-history":[{"count":0,"href":"https:\/\/www.meine-tcm.com\/en\/wp-json\/wp\/v2\/pages\/18698\/revisions"}],"wp:attachment":[{"href":"https:\/\/www.meine-tcm.com\/en\/wp-json\/wp\/v2\/media?parent=18698"}],"curies":[{"name":"wp","href":"https:\/\/api.w.org\/{rel}","templated":true}]}}